{"id":6176,"date":"2018-07-19T09:25:21","date_gmt":"2018-07-19T07:25:21","guid":{"rendered":"http:\/\/2018.consilab.com\/impressum\/"},"modified":"2024-01-08T14:34:25","modified_gmt":"2024-01-08T13:34:25","slug":"imprint","status":"publish","type":"page","link":"https:\/\/consilab.de\/en\/imprint\/","title":{"rendered":"Site Notice"},"content":{"rendered":"<p>[vc_row rt_row_background_width=&#8221;fullwidth&#8221; rt_row_content_width=&#8221;default&#8221; rt_row_style=&#8221;default-style&#8221; rt_row_borders=&#8221;&#8221; rt_row_shadows=&#8221;&#8221; rt_row_paddings=&#8221;true&#8221; rt_bg_effect=&#8221;classic&#8221; rt_bg_image_repeat=&#8221;repeat&#8221; rt_bg_size=&#8221;cover&#8221; rt_bg_position=&#8221;right top&#8221; rt_bg_attachment=&#8221;scroll&#8221; rt_bg_video_format=&#8221;self-hosted&#8221;][vc_column rt_column_shadow=&#8221;&#8221; rt_bg_image_repeat=&#8221;repeat&#8221; rt_bg_size=&#8221;auto auto&#8221; rt_bg_attachment=&#8221;scroll&#8221;][vc_column_text el_class=&#8221;redborderleft&#8221; css=&#8221;.vc_custom_1704720862327{margin-bottom: 2em !important;}&#8221;]<\/p>\n<h1 class=\"csc-firstHeader\">Site Notice<\/h1>\n<h3>Information provided according to Sec. 5 German Telemedia Act (TMG)<\/h3>\n<p class=\"bodytext\">consilab Gesellschaft f\u00fcr Anlagensicherheit mbH<br \/>\nIndustriepark H\u00f6chst, G830<br \/>\n65926 Frankfurt am Main<\/p>\n<h3>Represented by<\/h3>\n<p class=\"bodytext\">Gesch\u00e4ftsf\u00fchrende Gesellschafter<br \/>\nDr. J\u00fcrgen Franke<br \/>\nDr. J\u00f6rg Horn<br \/>\nSebastian Kimpel<\/p>\n<h3>Contact<\/h3>\n<p class=\"bodytext\">Telephone: +49(0)69-305-300 12<br \/>\nTelefax: +49(0)69-305-300 14<br \/>\nEmail: kontakt@consilab.de<\/p>\n<h3>Register entry<\/h3>\n<p class=\"bodytext\">Entry in the Handelsregister.<br \/>\nRegistering court:Frankfurt am Main<br \/>\nRegistration number: HRB 86546<\/p>\n<h3>VAT<\/h3>\n<p class=\"bodytext\">VAT Id number according to Sec. 27 a German Value Added Tax Act:<br \/>\nDE 267185755<\/p>\n<h3>Business identification number<\/h3>\n<p class=\"bodytext\">EORI-Nummer DE 7538189<\/p>\n<h3>D-U-N-S\u00ae (Data Universal Numbering System )<\/h3>\n<p>D-U-N-S\u00ae-Number 341493043<\/p>\n<h3>Responsible for contents acc. to Sec. 55, para. 2 German Federal Broadcasting Agreement (RstV)<\/h3>\n<p class=\"bodytext\">Dr. J\u00fcrgen Franke<br \/>\nDr. J\u00f6rg Horn<br \/>\nSebastian Kimpel<\/p>\n<h3>Dispute resolution<\/h3>\n<p class=\"bodytext\">The European Commission provides a platform for online dispute resolution (OS): <a href=\"https:\/\/ec.europa.eu\/consumers\/odr\" target=\"_blank\" rel=\"noopener noreferrer\">https:\/\/ec.europa.eu\/consumers\/odr<\/a>.<br \/>\nPlease find our email in the impressum\/legal notice.<\/p>\n<p class=\"bodytext\">We do not take part in online dispute resolutions at consumer arbitration boards.<\/p>\n<h3>Liability for Contents<\/h3>\n<p class=\"bodytext\">As service providers, we are liable for own contents of these websites according to Sec. 7, paragraph 1 German Telemedia Act (TMG). However, according to Sec. 8 to 10 German Telemedia Act (TMG), service providers are not obligated to permanently monitor submitted or stored information or to search for evidences that indicate illegal activities.<\/p>\n<p class=\"bodytext\">Legal obligations to removing information or to blocking the use of information remain unchallenged. In this case, liability is only possible at the time of knowledge about a specific violation of law. Illegal contents will be removed immediately at the time we get knowledge of them.<\/p>\n<h3>Liability for Links<\/h3>\n<p class=\"bodytext\">Our offer includes links to external third party websites. We have no influence on the contents of those websites, therefore we cannot guarantee for those contents. Providers or administrators of linked websites are always responsible for their own contents.<\/p>\n<p class=\"bodytext\">The linked websites had been checked for possible violations of law at the time of the establishment of the link. Illegal contents were not detected at the time of the linking. A permanent monitoring of the contents of linked websites cannot be imposed without reasonable indications that there has been a violation of law. Illegal links will be removed immediately at the time we get knowledge of them.<\/p>\n<h3>Copyright<\/h3>\n<p class=\"bodytext\">Contents and compilations published on these websites by the providers are subject to German copyright laws. Reproduction, editing, distribution as well as the use of any kind outside the scope of the copyright law require a written permission of the author or originator. Downloads and copies of these websites are permitted for private use only.<br \/>\nThe commercial use of our contents without permission of the originator is prohibited.<\/p>\n<p class=\"bodytext\">Copyright laws of third parties are respected as long as the contents on these websites do not originate from the provider. Contributions of third parties on this site are indicated as such. However, if you notice any violations of copyright law, please inform us. Such contents will be removed immediately.<\/p>\n<p><b>Design<br \/>\n<\/b>zimmer. b\u00fcro f\u00fcr ehrliche werbung, Saarbr\u00fccken<br \/>\n<a class=\"external-link-new-window\" title=\"Opens external link in new window\" href=\"http:\/\/www.ehrlich-werben.de\/\" target=\"_blank\" rel=\"noopener noreferrer\">www.ehrlich-werben.de<\/a>[\/vc_column_text][\/vc_column][\/vc_row]<\/p>\n","protected":false},"excerpt":{"rendered":"<p>[vc_row rt_row_background_width=&#8221;fullwidth&#8221; rt_row_content_width=&#8221;default&#8221; rt_row_style=&#8221;default-style&#8221; rt_row_borders=&#8221;&#8221; rt_row_shadows=&#8221;&#8221; rt_row_paddings=&#8221;true&#8221; rt_bg_effect=&#8221;classic&#8221; rt_bg_image_repeat=&#8221;repeat&#8221; rt_bg_size=&#8221;cover&#8221; rt_bg_position=&#8221;right top&#8221; rt_bg_attachment=&#8221;scroll&#8221; rt_bg_video_format=&#8221;self-hosted&#8221;][vc_column rt_column_shadow=&#8221;&#8221; rt_bg_image_repeat=&#8221;repeat&#8221; rt_bg_size=&#8221;auto auto&#8221; rt_bg_attachment=&#8221;scroll&#8221;][vc_column_text el_class=&#8221;redborderleft&#8221; css=&#8221;.vc_custom_1704720862327{margin-bottom: 2em !important;}&#8221;] Site Notice Information provided according to Sec. 5 German Telemedia Act (TMG) consilab Gesellschaft f\u00fcr Anlagensicherheit mbH Industriepark H\u00f6chst, G830 65926 Frankfurt am Main Represented by Gesch\u00e4ftsf\u00fchrende Gesellschafter Dr. J\u00fcrgen Franke Dr.  &#8230;<br \/><a class=\"more-link\" href=\"https:\/\/consilab.de\/en\/imprint\/\">more | mehr<\/a><\/p>\n","protected":false},"author":1,"featured_media":0,"parent":0,"menu_order":8,"comment_status":"closed","ping_status":"closed","template":"","meta":{"footnotes":""},"class_list":["post-6176","page","type-page","status-publish","hentry"],"_links":{"self":[{"href":"https:\/\/consilab.de\/en\/wp-json\/wp\/v2\/pages\/6176","targetHints":{"allow":["GET"]}}],"collection":[{"href":"https:\/\/consilab.de\/en\/wp-json\/wp\/v2\/pages"}],"about":[{"href":"https:\/\/consilab.de\/en\/wp-json\/wp\/v2\/types\/page"}],"author":[{"embeddable":true,"href":"https:\/\/consilab.de\/en\/wp-json\/wp\/v2\/users\/1"}],"replies":[{"embeddable":true,"href":"https:\/\/consilab.de\/en\/wp-json\/wp\/v2\/comments?post=6176"}],"version-history":[{"count":3,"href":"https:\/\/consilab.de\/en\/wp-json\/wp\/v2\/pages\/6176\/revisions"}],"predecessor-version":[{"id":12742,"href":"https:\/\/consilab.de\/en\/wp-json\/wp\/v2\/pages\/6176\/revisions\/12742"}],"wp:attachment":[{"href":"https:\/\/consilab.de\/en\/wp-json\/wp\/v2\/media?parent=6176"}],"curies":[{"name":"wp","href":"https:\/\/api.w.org\/{rel}","templated":true}]}}