{"id":13158,"date":"2016-01-22T03:46:42","date_gmt":"2016-01-22T03:46:42","guid":{"rendered":"https:\/\/consilab.de\/start-2\/"},"modified":"2025-02-20T16:16:15","modified_gmt":"2025-02-20T15:16:15","slug":"start-2","status":"publish","type":"page","link":"https:\/\/consilab.de\/es\/","title":{"rendered":"Inicio"},"content":{"rendered":"<p>[vc_row rt_row_background_width=\u00bbfullwidth\u00bb rt_row_content_width=\u00bbfullwidth\u00bb rt_row_style=\u00bbdefault-style\u00bb rt_row_borders=\u00bb\u00bb rt_row_shadows=\u00bb\u00bb rt_row_paddings=\u00bbfalse\u00bb rt_bg_effect=\u00bbclassic\u00bb rt_bg_image_repeat=\u00bbno-repeat\u00bb rt_bg_size=\u00bbcover\u00bb rt_bg_position=\u00bbcenter center\u00bb rt_bg_attachment=\u00bbscroll\u00bb rt_bg_video_format=\u00bbself-hosted\u00bb rt_bg_image=\u00bb2828&#8243; class=\u00bbhome__box\u00bb][vc_column id=\u00bbrisikenerkennen\u00bb rt_column_shadow=\u00bb\u00bb rt_bg_image_repeat=\u00bbrepeat\u00bb rt_bg_size=\u00bbauto auto\u00bb rt_bg_attachment=\u00bbscroll\u00bb rt_bg_color=\u00bb\u00bb rt_bg_overlay_color=\u00bb\u00bb css=\u00bb.vc_custom_1604433641516{background-position: center !important;background-repeat: no-repeat !important;background-size: cover !important;}\u00bb][vc_row_inner rt_row_style=\u00bbglobal-style\u00bb rt_bg_custom_alignment=\u00bbtop\u00bb class=\u00bbhome__header_row\u00bb][vc_column_inner rt_column_shadow=\u00bb\u00bb rt_bg_image_repeat=\u00bbrepeat\u00bb rt_bg_size=\u00bbauto auto\u00bb rt_bg_attachment=\u00bbscroll\u00bb rt_bg_color=\u00bb\u00bb rt_bg_overlay_color=\u00bb\u00bb class=\u00bbhome__header\u00bb][vc_column_text css=\u00bb\u00bb el_class=\u00bbhome__header__text\u00bb]<\/p>\n<h1>Identificar y tratar riesgos<\/h1>\n<h2>Evite paradas costosas: Cuando se trata de la seguridad de sus instalaciones y procesos, nuestros clientes conf\u00edan en un equipo experimentado de especialistas que pone la mira, por supuesto, en el cumplimiento de todas las reglas y normas.<\/h2>\n<p>[\/vc_column_text][\/vc_column_inner][\/vc_row_inner][\/vc_column][\/vc_row][vc_row rt_row_background_width=\u00bbfullwidth\u00bb rt_row_content_width=\u00bbdefault\u00bb rt_row_style=\u00bbdefault-style\u00bb rt_row_borders=\u00bb\u00bb rt_row_shadows=\u00bb\u00bb rt_column_view=\u00bbgrid\u00bb rt_row_paddings=\u00bbtrue\u00bb id=\u00bbhome_contentrow\u00bb rt_bg_effect=\u00bbparallax\u00bb rt_bg_parallax_effect=\u00bb1&#8243; rt_bg_image_repeat=\u00bbrepeat\u00bb rt_bg_size=\u00bbauto auto\u00bb rt_bg_position=\u00bbright top\u00bb rt_bg_video_format=\u00bbself-hosted\u00bb rt_row_width=\u00bbdefault\u00bb rt_row_placement=\u00bbtrue\u00bb rt_grid=\u00bb\u00bb rt_padding_top=\u00bb15px\u00bb rt_padding_bottom=\u00bb6%\u00bb rt_bg_color=\u00bb#ffffff\u00bb class=\u00bbtablet start_rows_ES\u00bb][vc_column width=\u00bb1\/3&#8243; rt_column_shadow=\u00bbtrue\u00bb rt_bg_image_repeat=\u00bbrepeat\u00bb rt_bg_size=\u00bbauto auto\u00bb rt_bg_attachment=\u00bbscroll\u00bb css=\u00bb.vc_custom_1531924701250{margin-top: -10em !important;padding-top: 12px !important;padding-bottom: 12px !important;background-color: #ffffff !important;}\u00bb rt_bg_color=\u00bb\u00bb rt_bg_overlay_color=\u00bb\u00bb class=\u00bbstart_row_1&#8243; rt_padding_top=\u00bb0&#8243;][vc_single_image image=\u00bb11788&#8243; img_size=\u00bbfull\u00bb alignment=\u00bbcenter\u00bb onclick=\u00bbcustom_link\u00bb link=\u00bbhttps:\/\/consilab.de\/es\/sicherheit-fuer-ihre-anlagen\/\u00bb]<div class=\"rt_heading_wrapper style-1\">\n\t\t\t\t\t\t<h4 class=\"rt_heading  style-1\" >La seguridad de sus instalaciones<\/h4>\n\t\t\t\t\t<\/div>[vc_column_text css=\u00bb.vc_custom_1740064089067{padding-left: 14px !important;}\u00bb]Nosotros en consilab sabemos perfectamente que la seguridad de una instalaci\u00f3n depende de numerosos factores. Analizamos el tema desde todos los \u00e1ngulos para que puedan confiar en todo momento en sus instalaciones. <a href=\"https:\/\/consilab.de\/es\/sicherheit-fuer-ihre-anlagen\/\">| Leer m\u00e1s |<\/a>[\/vc_column_text][vc_empty_space height=\u00bb5px\u00bb][\/vc_column][vc_column width=\u00bb1\/3&#8243; rt_column_shadow=\u00bbtrue\u00bb rt_bg_image_repeat=\u00bbrepeat\u00bb rt_bg_size=\u00bbauto auto\u00bb rt_bg_attachment=\u00bbscroll\u00bb css=\u00bb.vc_custom_1531926684723{margin-top: -10em !important;margin-right: 12px !important;margin-left: 15px !important;padding-top: 12px !important;padding-bottom: 15px !important;background-color: #ffffff !important;}\u00bb rt_bg_color=\u00bb\u00bb rt_bg_overlay_color=\u00bb\u00bb class=\u00bbstart_row_2&#8243;][vc_single_image image=\u00bb2793&#8243; img_size=\u00bbfull\u00bb alignment=\u00bbcenter\u00bb onclick=\u00bbcustom_link\u00bb link=\u00bbhttps:\/\/consilab.de\/es\/leistungen\/\u00bb]<div class=\"rt_heading_wrapper style-1\">\n\t\t\t\t\t\t<h4 class=\"rt_heading  style-1\" >Nuestras prestaciones<\/h4>\n\t\t\t\t\t<\/div>[vc_column_text css=\u00bb.vc_custom_1740064199118{padding-left: 14px !important;}\u00bb]En consilab, los ingenieros y los qu\u00edmicos trabajan estrechamente en equipo. Este trabajo interdisciplinario garantiza que todas las prestaciones relevantes de seguridad provienen de una mano. <a href=\"https:\/\/consilab.de\/es\/leistungen\/\">| Leer m\u00e1s |<\/a>[\/vc_column_text][\/vc_column][vc_column width=\u00bb1\/3&#8243; rt_column_shadow=\u00bbtrue\u00bb rt_bg_image_repeat=\u00bbrepeat\u00bb rt_bg_size=\u00bbauto auto\u00bb rt_bg_attachment=\u00bbscroll\u00bb css=\u00bb.vc_custom_1531924712026{margin-top: -10em !important;padding-top: 12px !important;padding-bottom: 15px !important;background-color: #ffffff !important;}\u00bb rt_bg_color=\u00bb\u00bb rt_bg_overlay_color=\u00bb\u00bb class=\u00bbstart_row_3&#8243;][vc_single_image image=\u00bb12395&#8243; img_size=\u00bbfull\u00bb alignment=\u00bbcenter\u00bb]<div class=\"rt_heading_wrapper style-1\">\n\t\t\t\t\t\t<h4 class=\"rt_heading  style-1\" >CONSILAB<\/h4>\n\t\t\t\t\t<\/div>[vc_column_text css=\u00bb.vc_custom_1740064570950{padding-left: 14px !important;}\u00bb]En consilab, los ingenieros y los qu\u00edmicos trabajan estrechamente en equipo. Este trabajo interdisciplinario garantiza que todas las prestaciones relevantes de seguridad provienen de una mano. <a href=\"https:\/\/consilab.de\/es\/consilab\/\">| Leer m\u00e1s |<\/a>[\/vc_column_text][vc_empty_space height=\u00bb10px\u00bb][\/vc_column][\/vc_row][vc_row rt_row_background_width=\u00bbfullwidth\u00bb rt_row_content_width=\u00bbdefault\u00bb rt_row_style=\u00bbdefault-style\u00bb rt_row_borders=\u00bb\u00bb rt_row_shadows=\u00bb\u00bb rt_row_paddings=\u00bbtrue\u00bb rt_bg_effect=\u00bbclassic\u00bb rt_bg_image_repeat=\u00bbrepeat\u00bb rt_bg_size=\u00bbcover\u00bb rt_bg_position=\u00bbright top\u00bb rt_bg_attachment=\u00bbscroll\u00bb rt_bg_video_format=\u00bbself-hosted\u00bb class=\u00bbfullwidthrow\u00bb][vc_column width=\u00bb2\/3&#8243; rt_column_shadow=\u00bb\u00bb rt_bg_image_repeat=\u00bbrepeat\u00bb rt_bg_size=\u00bbauto auto\u00bb rt_bg_attachment=\u00bbscroll\u00bb]<div class=\"rt_heading_wrapper style-1\">\n\t\t\t\t\t\t<h4 class=\"rt_heading  style-1\" >La seguridad necesita calidad.<\/h4>\n\t\t\t\t\t<\/div>[vc_column_text css=\u00bb\u00bb]<\/p>\n<div class=\"page\" title=\"Page 1\">\n<div class=\"section\">\n<div class=\"layoutArea\">\n<div class=\"column\">\n<p>Nuestro sistema de gesti\u00f3n de calidad ISO-9001 ha sido certificado por el T\u00dcV Rheinland.<\/p>\n<\/div>\n<\/div>\n<\/div>\n<\/div>\n<p>[\/vc_column_text][\/vc_column][vc_column width=\u00bb1\/3&#8243; rt_column_shadow=\u00bb\u00bb rt_bg_image_repeat=\u00bbrepeat\u00bb rt_bg_size=\u00bbauto auto\u00bb rt_bg_attachment=\u00bbscroll\u00bb][vc_single_image image=\u00bb11309&#8243; img_size=\u00bbfull\u00bb alignment=\u00bbright\u00bb onclick=\u00bbcustom_link\u00bb img_link_target=\u00bb_blank\u00bb link=\u00bbhttp:\/\/certipedia.com\/quality_marks\/9000013305?locale=de\u00bb][\/vc_column][\/vc_row][vc_row rt_row_background_width=\u00bbfullwidth\u00bb rt_row_content_width=\u00bbdefault\u00bb rt_row_style=\u00bbdefault-style\u00bb rt_row_borders=\u00bb\u00bb rt_row_shadows=\u00bb\u00bb rt_row_paddings=\u00bbtrue\u00bb rt_bg_effect=\u00bbclassic\u00bb rt_bg_image_repeat=\u00bbrepeat\u00bb rt_bg_size=\u00bbauto auto\u00bb rt_bg_position=\u00bbright top\u00bb rt_bg_attachment=\u00bbscroll\u00bb rt_bg_video_format=\u00bbself-hosted\u00bb rt_row_width=\u00bbdefault\u00bb rt_padding_bottom=\u00bb2%\u00bb rt_grid=\u00bb\u00bb rt_bg_color=\u00bb#eeeeee\u00bb rt_padding_top=\u00bb2%\u00bb][vc_column width=\u00bb1\/6&#8243; rt_column_shadow=\u00bb\u00bb rt_bg_image_repeat=\u00bbrepeat\u00bb rt_bg_size=\u00bbauto auto\u00bb rt_bg_attachment=\u00bbscroll\u00bb][\/vc_column][vc_column width=\u00bb2\/3&#8243; rt_column_shadow=\u00bb\u00bb rt_bg_image_repeat=\u00bbrepeat\u00bb rt_bg_size=\u00bbauto auto\u00bb rt_bg_attachment=\u00bbscroll\u00bb rt_bg_color=\u00bb\u00bb rt_bg_overlay_color=\u00bb\u00bb]<div class=\"rt_heading_wrapper style-1\">\n\t\t\t\t\t\t<h4 class=\"rt_heading  style-1\" >Contacto<\/h4>\n\t\t\t\t\t<\/div>[vc_column_text css=\u00bb\u00bb]\u00bfNecesita una actualizaci\u00f3n urgente de seguridad? No vacile en llamarnos:<br \/>\n<a href=\"tel:+496930530012\">+49 (0) 69 30530012<\/a> o bien escr\u00edbanos:<\/p>\n<div class=\"wpforms-container wpforms-container-full\" id=\"wpforms-13177\"><form id=\"wpforms-form-13177\" class=\"wpforms-validate wpforms-form\" data-formid=\"13177\" method=\"post\" enctype=\"multipart\/form-data\" action=\"\/es\/wp-json\/wp\/v2\/pages\/13158\" data-token=\"88978529e32f5f33a01038db15ffeb57\" data-token-time=\"1777815275\"><noscript class=\"wpforms-error-noscript\">Por favor, activa JavaScript en tu navegador para completar este formulario.<\/noscript><div class=\"wpforms-field-container\"><div id=\"wpforms-13177-field_5-container\" class=\"wpforms-field wpforms-field-text\" data-field-id=\"5\"><label class=\"wpforms-field-label wpforms-label-hide\" for=\"wpforms-13177-field_5\">\u2022\tNombre y apellidos<\/label><input type=\"text\" id=\"wpforms-13177-field_5\" class=\"wpforms-field-large\" name=\"wpforms[fields][5]\" placeholder=\"Nombre y apellidos\" ><\/div><div id=\"wpforms-13177-field_1-container\" class=\"wpforms-field wpforms-field-email\" data-field-id=\"1\"><label class=\"wpforms-field-label wpforms-label-hide\" for=\"wpforms-13177-field_1\">E-Mail <span class=\"wpforms-required-label\">*<\/span><\/label><input type=\"email\" id=\"wpforms-13177-field_1\" class=\"wpforms-field-large wpforms-field-required\" name=\"wpforms[fields][1]\" placeholder=\"*E-Mail\" spellcheck=\"false\" required><\/div><div id=\"wpforms-13177-field_4-container\" class=\"wpforms-field wpforms-field-text\" data-field-id=\"4\"><label class=\"wpforms-field-label wpforms-label-hide\" for=\"wpforms-13177-field_4\">Empresa<\/label><input type=\"text\" id=\"wpforms-13177-field_4\" class=\"wpforms-field-large\" name=\"wpforms[fields][4]\" placeholder=\"Empresa\" ><\/div><div id=\"wpforms-13177-field_11-container\" class=\"wpforms-field wpforms-field-phone\" data-field-id=\"11\"><label class=\"wpforms-field-label wpforms-label-hide\" for=\"wpforms-13177-field_11\">Tel\u00e9fono<\/label><input type=\"tel\" id=\"wpforms-13177-field_11\" class=\"wpforms-field-large wpforms-smart-phone-field\" data-rule-smart-phone-field=\"true\" name=\"wpforms[fields][11]\" placeholder=\"Tel\u00e9fono\" aria-label=\"Tel\u00e9fono\" ><\/div><div id=\"wpforms-13177-field_2-container\" class=\"wpforms-field wpforms-field-textarea\" data-field-id=\"2\"><label class=\"wpforms-field-label wpforms-label-hide\" for=\"wpforms-13177-field_2\">Mensaje <span class=\"wpforms-required-label\">*<\/span><\/label><textarea id=\"wpforms-13177-field_2\" class=\"wpforms-field-medium wpforms-field-required\" name=\"wpforms[fields][2]\" placeholder=\"*Mensaje\" required><\/textarea><\/div><div id=\"wpforms-13177-field_16-container\" class=\"wpforms-field wpforms-field-html\" data-field-id=\"16\"><div id=\"wpforms-13177-field_16\"><p>Este formulario recopila y procesa su direcci\u00f3n de correo electr\u00f3nico, en caso de una introducci\u00f3n facultativa tambi\u00e9n sus nombres y su empresa. Con el uso del presente formulario consiente al almacenamiento y procesamiento de sus datos a trav\u00e9s de este sitio web. Para m\u00e1s informaci\u00f3n y avisos relativos a la revocaci\u00f3n consulte la declaraci\u00f3n de privacidad.<\/p><\/div><\/div><div id=\"wpforms-13177-field_15-container\" class=\"wpforms-field wpforms-field-html recaptcha-notice\" data-field-id=\"15\"><div id=\"wpforms-13177-field_15\">Este formulario utiliza preguntas de seguridad para evitar ataques de spam.\r\n<\/div><\/div><div id=\"wpforms-13177-field_17-container\" class=\"wpforms-field wpforms-field-captcha\" data-field-id=\"17\"><label class=\"wpforms-field-label\" for=\"wpforms-13177-field_17\">Protecci\u00f3n anti-spam * <span class=\"wpforms-required-label\">*<\/span><\/label><p id=\"wpforms-13177-field_17-question\" class=\"wpforms-captcha-question\">\u00bfCu\u00e1l es el resultado de 7+4?<\/p>\n\t\t<input type=\"text\" id=\"wpforms-13177-field_17\" class=\"wpforms-field-medium wpforms-field-required a\" data-rule-wpf-captcha=\"qa\" data-is-wrapped-field=\"1\" data-a=\"11\" name=\"wpforms[fields][17][a]\" aria-describedby=\"wpforms-13177-field_17-question\" required>\n\t\t<input type=\"hidden\" name=\"wpforms[fields][17][q]\" value=\"2\">\n\n\t\t<\/div><\/div><!-- .wpforms-field-container --><div class=\"wpforms-submit-container\" ><input type=\"hidden\" name=\"wpforms[id]\" value=\"13177\"><input type=\"hidden\" name=\"page_title\" value=\"\"><input type=\"hidden\" name=\"page_url\" value=\"https:\/\/consilab.de\/es\/wp-json\/wp\/v2\/pages\/13158\"><input type=\"hidden\" name=\"url_referer\" value=\"\"><button type=\"submit\" name=\"wpforms[submit]\" id=\"wpforms-submit-13177\" class=\"wpforms-submit\" data-alt-text=\"Enviar\u2026\" data-submit-text=\"Enviar\" aria-live=\"assertive\" value=\"wpforms-submit\">Enviar<\/button><\/div><\/form><\/div>  <!-- .wpforms-container -->[\/vc_column_text][\/vc_column][vc_column width=\u00bb1\/6&#8243; rt_column_shadow=\u00bb\u00bb rt_bg_image_repeat=\u00bbrepeat\u00bb rt_bg_size=\u00bbauto auto\u00bb rt_bg_attachment=\u00bbscroll\u00bb][\/vc_column][\/vc_row]<\/p>\n","protected":false},"excerpt":{"rendered":"<p>[vc_row rt_row_background_width=\u00bbfullwidth\u00bb rt_row_content_width=\u00bbfullwidth\u00bb rt_row_style=\u00bbdefault-style\u00bb rt_row_borders=\u00bb\u00bb rt_row_shadows=\u00bb\u00bb rt_row_paddings=\u00bbfalse\u00bb rt_bg_effect=\u00bbclassic\u00bb rt_bg_image_repeat=\u00bbno-repeat\u00bb rt_bg_size=\u00bbcover\u00bb rt_bg_position=\u00bbcenter center\u00bb rt_bg_attachment=\u00bbscroll\u00bb rt_bg_video_format=\u00bbself-hosted\u00bb rt_bg_image=\u00bb2828&#8243; class=\u00bbhome__box\u00bb][vc_column id=\u00bbrisikenerkennen\u00bb rt_column_shadow=\u00bb\u00bb rt_bg_image_repeat=\u00bbrepeat\u00bb rt_bg_size=\u00bbauto auto\u00bb rt_bg_attachment=\u00bbscroll\u00bb rt_bg_color=\u00bb\u00bb rt_bg_overlay_color=\u00bb\u00bb css=\u00bb.vc_custom_1604433641516{background-position: center !important;background-repeat: no-repeat !important;background-size: cover !important;}\u00bb][vc_row_inner rt_row_style=\u00bbglobal-style\u00bb rt_bg_custom_alignment=\u00bbtop\u00bb class=\u00bbhome__header_row\u00bb][vc_column_inner rt_column_shadow=\u00bb\u00bb rt_bg_image_repeat=\u00bbrepeat\u00bb rt_bg_size=\u00bbauto auto\u00bb rt_bg_attachment=\u00bbscroll\u00bb rt_bg_color=\u00bb\u00bb rt_bg_overlay_color=\u00bb\u00bb class=\u00bbhome__header\u00bb][vc_column_text css=\u00bb\u00bb el_class=\u00bbhome__header__text\u00bb] Identificar y tratar riesgos Evite paradas costosas: Cuando se trata de  &#8230;<br \/><a class=\"more-link\" href=\"https:\/\/consilab.de\/es\/\">more | mehr<\/a><\/p>\n","protected":false},"author":1,"featured_media":0,"parent":0,"menu_order":0,"comment_status":"closed","ping_status":"closed","template":"","meta":{"footnotes":""},"class_list":["post-13158","page","type-page","status-publish","hentry"],"_links":{"self":[{"href":"https:\/\/consilab.de\/es\/wp-json\/wp\/v2\/pages\/13158","targetHints":{"allow":["GET"]}}],"collection":[{"href":"https:\/\/consilab.de\/es\/wp-json\/wp\/v2\/pages"}],"about":[{"href":"https:\/\/consilab.de\/es\/wp-json\/wp\/v2\/types\/page"}],"author":[{"embeddable":true,"href":"https:\/\/consilab.de\/es\/wp-json\/wp\/v2\/users\/1"}],"replies":[{"embeddable":true,"href":"https:\/\/consilab.de\/es\/wp-json\/wp\/v2\/comments?post=13158"}],"version-history":[{"count":10,"href":"https:\/\/consilab.de\/es\/wp-json\/wp\/v2\/pages\/13158\/revisions"}],"predecessor-version":[{"id":13350,"href":"https:\/\/consilab.de\/es\/wp-json\/wp\/v2\/pages\/13158\/revisions\/13350"}],"wp:attachment":[{"href":"https:\/\/consilab.de\/es\/wp-json\/wp\/v2\/media?parent=13158"}],"curies":[{"name":"wp","href":"https:\/\/api.w.org\/{rel}","templated":true}]}}