{"id":13181,"date":"2016-01-17T04:12:30","date_gmt":"2016-01-17T04:12:30","guid":{"rendered":"https:\/\/consilab.de\/sicherheit-fuer-ihre-anlagen\/"},"modified":"2025-02-20T10:31:25","modified_gmt":"2025-02-20T09:31:25","slug":"sicherheit-fuer-ihre-anlagen","status":"publish","type":"page","link":"https:\/\/consilab.de\/es\/sicherheit-fuer-ihre-anlagen\/","title":{"rendered":"Seguridad para sus instalaciones"},"content":{"rendered":"<p>[vc_row rt_row_background_width=\u00bbfullwidth\u00bb rt_row_content_width=\u00bbdefault\u00bb rt_row_style=\u00bbdefault-style\u00bb rt_row_borders=\u00bb\u00bb rt_row_shadows=\u00bb\u00bb rt_row_paddings=\u00bbtrue\u00bb rt_bg_effect=\u00bbclassic\u00bb rt_bg_image_repeat=\u00bbrepeat\u00bb rt_bg_size=\u00bbcover\u00bb rt_bg_position=\u00bbright top\u00bb rt_bg_attachment=\u00bbscroll\u00bb rt_bg_video_format=\u00bbself-hosted\u00bb rt_padding_bottom=\u00bb2%\u00bb rt_padding_top=\u00bb0&#8243;][vc_column width=\u00bb1\/3&#8243; rt_column_shadow=\u00bb\u00bb rt_bg_image_repeat=\u00bbrepeat\u00bb rt_bg_size=\u00bbauto auto\u00bb rt_bg_attachment=\u00bbscroll\u00bb class=\u00bbdownload\u00bb rt_bg_color=\u00bb\u00bb rt_bg_overlay_color=\u00bb\u00bb offset=\u00bbvc_hidden-sm vc_hidden-xs\u00bb css=\u00bb.vc_custom_1531839290531{padding-top: 1em !important;}\u00bb][vc_widget_sidebar sidebar_id=\u00bbrt-theme-20-sidebar-for-pages\u00bb][\/vc_column][vc_column width=\u00bb2\/3&#8243; rt_column_shadow=\u00bb\u00bb rt_bg_image_repeat=\u00bbrepeat\u00bb rt_bg_size=\u00bbauto auto\u00bb rt_bg_attachment=\u00bbscroll\u00bb class=\u00bbmaincontent\u00bb rt_bg_color=\u00bb\u00bb rt_bg_overlay_color=\u00bb\u00bb css=\u00bb.vc_custom_1531839398611{margin-bottom: 2em !important;padding-top: 1em !important;}\u00bb][vc_column_text css=\u00bb.vc_custom_1740042585140{margin-bottom: 2em !important;}\u00bb el_class=\u00bbredborderleft\u00bb]<\/p>\n<h1>Seguridad para sus instalaciones<\/h1>\n<h2 class=\"bodytext\">Las plantas de procesos deben dise\u00f1arse y operarse de tal manera que no sean origen de peligro para las personas que trabajan con estas, para los habitantes de los alrededores y para el medio ambiente.<\/h2>\n<p>La clasificaci\u00f3n de la seguridad de una instalaci\u00f3n no solo depende de esta sino tambi\u00e9n de muchos otros factores determinantes como las sustancias procesadas, las reacciones qu\u00edmicas, los procesos, los procedimientos, el equipo t\u00e9cnico y al fin y al cabo tambi\u00e9n de las personas que trabajan con la instalaci\u00f3n.<\/p>\n<h3>En consilab ponemos la mira, por lo tanto, en un enfoque global.<\/h3>\n<p>Analizamos el tema de la seguridad desde todos los \u00e1ngulos y tomamos en consideraci\u00f3n asimismo todos los factores de influencia.<\/p>\n<p>As\u00ed es como aumentamos la seguridad para nuestros clientes, reducimos los riesgos de fallas, optimizamos los procesos y preservamos la confianza del p\u00fablico.<\/p>\n<h3>Cuidamos de tener en cuenta todos los aspectos relevantes para usted<\/h3>\n<p>Para m\u00e1s informaci\u00f3n haga clic a la derecha en <span style=\"color: #e50000;\"><span class=\"rt-icon icon-plus \"><\/span>\u00a0<\/span>[\/vc_column_text]<div  class=\"rt-toggle \"><ol><li  class=\"\"><div class=\"toggle-head\"><div class=\"toggle-number\"><span class=\"icon-beaker\"><\/span><\/div><div class=\"toggle-title clean_heading\">Sustancias<\/div><\/div><div class=\"toggle-content\"><p><strong>El peligro emanado de las instalaciones depende de manera decisiva tambi\u00e9n de las sustancias empleadas:<\/strong><\/p>\n<p>Las sustancias pueden ser inflamables, explosivas, t\u00f3xicas o peligrosas para el medio ambiente. Por lo tanto, un aspecto importante de la seguridad de instalaciones es la prevenci\u00f3n de accidentes como incendios, explosiones, reacciones de descomposici\u00f3n o la emisi\u00f3n de sustancias t\u00f3xicas.<\/p>\n<p>Por ello nos dedicamos a las propiedades f\u00edsico-qu\u00edmicas de sustancias y mezclas de sustancias, a par\u00e1metros de seguridad y reacciones qu\u00edmicas.<\/p>\n<p>Las propiedades de las sustancias determinan asimismo la ejecuci\u00f3n t\u00e9cnica y la operaci\u00f3n de instalaciones.<\/p>\n<p>Los conceptos de seguridad que elaboramos tienen en cuenta asimismo este aspecto.<\/p>\n<\/div><\/li><li  class=\"\"><div class=\"toggle-head\"><div class=\"toggle-number\"><span class=\"flam icon-fire-station\"><\/span><\/div><div class=\"toggle-title clean_heading\">Procedimientos<\/div><\/div><div class=\"toggle-content\"><p>En las plantas de procesos se fabrican productos comercializables por medio del tratamiento y\/o la transformaci\u00f3n mec\u00e1nica, t\u00e9rmica y qu\u00edmica de sustancias.<\/p>\n<p>En qu\u00e9 medida las propiedades peligrosas de estas sustancias afectan la seguridad de las instalaciones depende en gran parte de los procedimientos empleados.<\/p>\n<p>Por este motivo, es imprescindible evaluar todos los estados y los escenarios de fallas que pueden surgir durante la operaci\u00f3n. Son medidas de optimizaci\u00f3n posibles a este respecto la reducci\u00f3n de la cantidad empleada de sustancias peligrosas o su sustituci\u00f3n, la reducci\u00f3n de las reactividades de las sustancias implicadas, la simplificaci\u00f3n de procedimientos y la evitaci\u00f3n de procesos qu\u00edmicos o f\u00edsicos, por ejemplo mediante la limitaci\u00f3n de condiciones operativas (p. ej. presi\u00f3n, temperatura).<\/p>\n<p>Poseemos amplios conocimientos relativos a las condiciones marco f\u00edsicas, qu\u00edmicas, y t\u00e9cnicas de las plantas procesadores, lo que nos permite asesorar a nuestros clientes de manera \u00f3ptima.<\/p>\n<\/div><\/li><li  class=\"\"><div class=\"toggle-head\"><div class=\"toggle-number\"><span class=\"flam icon-wind icon-fire-station\"><\/span><\/div><div class=\"toggle-title clean_heading\">Seguridad de las instalaciones<\/div><\/div><div class=\"toggle-content\"><p>Tambi\u00e9n la ejecuci\u00f3n t\u00e9cnica de una instalaci\u00f3n con sus aparatos, m\u00e1quinas, tuber\u00edas y la t\u00e9cnica de control de procesos reviste gran importancia para su seguridad. Es influenciada por el dise\u00f1o de la planta y la selecci\u00f3n y la calidad de sus componentes.<\/p>\n<p>Por lo tanto, debe garantizarse ya en la construcci\u00f3n de una planta que todos los componentes sean ensamblados correctamente. Adem\u00e1s, aumenta la seguridad de una instalaci\u00f3n si se aceleran los procesos de intercambio y estos se realizan en un espacio m\u00ednimo. Asimismo contribuye a la seguridad la realizaci\u00f3n de sistemas cerrados con una contenci\u00f3n herm\u00e9tica de sustancias peligrosas.<\/p>\n<p>La t\u00e9cnica de control de procesos desempe\u00f1a hoy un papel importante en la seguridad de una instalaci\u00f3n ya que realiza tareas complejas de seguridad para las plantas de procesos.<\/p>\n<p>Conocemos muy bien el papel de la ejecuci\u00f3n t\u00e9cnica de instalaciones con vista a la seguridad en la empresa y transmitimos estos conocimientos con gusto a nuestros clientes.<\/p>\n<\/div><\/li><li  class=\"\"><div class=\"toggle-head\"><div class=\"toggle-number\"><span class=\"icon-user\"><\/span><\/div><div class=\"toggle-title clean_heading\">El factor humano<\/div><\/div><div class=\"toggle-content\"><p>En todos los esfuerzos relativos a una optimizaci\u00f3n de procesos y del equipamiento t\u00e9cnico de instalaciones, el hombre que opera estas plantas siempre ejercer\u00e1 una influencia central en la seguridad.<\/p>\n<p>Estas personas deben ser altamente cualificadas, requiriendo cursos de formaci\u00f3n y capacitaci\u00f3n as\u00ed como instrucciones y procesos de trabajo claramente estructurados. Su tarea es controlar la instalaci\u00f3n, mantenerla, vigilarla y reaccionar debidamente en caso de una falla.<\/p>\n<p>Para que realicen su trabajo de manera \u00f3ptima, resulta provechoso contar con la ayuda de especialistas.<\/p>\n<p>\u00a1Con mucho gusto le apoyaremos!<\/p>\n<\/div><\/li><\/ol><\/div>[\/vc_column][\/vc_row]<\/p>\n","protected":false},"excerpt":{"rendered":"<p>[vc_row rt_row_background_width=\u00bbfullwidth\u00bb rt_row_content_width=\u00bbdefault\u00bb rt_row_style=\u00bbdefault-style\u00bb rt_row_borders=\u00bb\u00bb rt_row_shadows=\u00bb\u00bb rt_row_paddings=\u00bbtrue\u00bb rt_bg_effect=\u00bbclassic\u00bb rt_bg_image_repeat=\u00bbrepeat\u00bb rt_bg_size=\u00bbcover\u00bb rt_bg_position=\u00bbright top\u00bb rt_bg_attachment=\u00bbscroll\u00bb rt_bg_video_format=\u00bbself-hosted\u00bb rt_padding_bottom=\u00bb2%\u00bb rt_padding_top=\u00bb0&#8243;][vc_column width=\u00bb1\/3&#8243; rt_column_shadow=\u00bb\u00bb rt_bg_image_repeat=\u00bbrepeat\u00bb rt_bg_size=\u00bbauto auto\u00bb rt_bg_attachment=\u00bbscroll\u00bb class=\u00bbdownload\u00bb rt_bg_color=\u00bb\u00bb rt_bg_overlay_color=\u00bb\u00bb offset=\u00bbvc_hidden-sm vc_hidden-xs\u00bb css=\u00bb.vc_custom_1531839290531{padding-top: 1em !important;}\u00bb][vc_widget_sidebar sidebar_id=\u00bbrt-theme-20-sidebar-for-pages\u00bb][\/vc_column][vc_column width=\u00bb2\/3&#8243; rt_column_shadow=\u00bb\u00bb rt_bg_image_repeat=\u00bbrepeat\u00bb rt_bg_size=\u00bbauto auto\u00bb rt_bg_attachment=\u00bbscroll\u00bb class=\u00bbmaincontent\u00bb rt_bg_color=\u00bb\u00bb rt_bg_overlay_color=\u00bb\u00bb css=\u00bb.vc_custom_1531839398611{margin-bottom: 2em !important;padding-top: 1em !important;}\u00bb][vc_column_text css=\u00bb.vc_custom_1740042585140{margin-bottom: 2em !important;}\u00bb el_class=\u00bbredborderleft\u00bb] Seguridad para sus instalaciones Las plantas  &#8230;<br \/><a class=\"more-link\" href=\"https:\/\/consilab.de\/es\/sicherheit-fuer-ihre-anlagen\/\">more | mehr<\/a><\/p>\n","protected":false},"author":1,"featured_media":0,"parent":0,"menu_order":3,"comment_status":"closed","ping_status":"closed","template":"","meta":{"footnotes":""},"class_list":["post-13181","page","type-page","status-publish","hentry"],"_links":{"self":[{"href":"https:\/\/consilab.de\/es\/wp-json\/wp\/v2\/pages\/13181","targetHints":{"allow":["GET"]}}],"collection":[{"href":"https:\/\/consilab.de\/es\/wp-json\/wp\/v2\/pages"}],"about":[{"href":"https:\/\/consilab.de\/es\/wp-json\/wp\/v2\/types\/page"}],"author":[{"embeddable":true,"href":"https:\/\/consilab.de\/es\/wp-json\/wp\/v2\/users\/1"}],"replies":[{"embeddable":true,"href":"https:\/\/consilab.de\/es\/wp-json\/wp\/v2\/comments?post=13181"}],"version-history":[{"count":3,"href":"https:\/\/consilab.de\/es\/wp-json\/wp\/v2\/pages\/13181\/revisions"}],"predecessor-version":[{"id":13187,"href":"https:\/\/consilab.de\/es\/wp-json\/wp\/v2\/pages\/13181\/revisions\/13187"}],"wp:attachment":[{"href":"https:\/\/consilab.de\/es\/wp-json\/wp\/v2\/media?parent=13181"}],"curies":[{"name":"wp","href":"https:\/\/api.w.org\/{rel}","templated":true}]}}