{"id":13188,"date":"2018-06-18T11:20:01","date_gmt":"2018-06-18T09:20:01","guid":{"rendered":"https:\/\/consilab.de\/leistungen\/"},"modified":"2025-09-11T17:19:34","modified_gmt":"2025-09-11T15:19:34","slug":"leistungen","status":"publish","type":"page","link":"https:\/\/consilab.de\/es\/leistungen\/","title":{"rendered":"Prestaciones"},"content":{"rendered":"<p>[vc_row rt_row_background_width=\u00bbfullwidth\u00bb rt_row_content_width=\u00bbdefault\u00bb rt_row_style=\u00bbdefault-style\u00bb rt_row_borders=\u00bb\u00bb rt_row_shadows=\u00bb\u00bb rt_row_paddings=\u00bbfalse\u00bb id=\u00bbleistungenboxenausblenden\u00bb rt_bg_effect=\u00bbclassic\u00bb rt_bg_image_repeat=\u00bbrepeat\u00bb rt_bg_size=\u00bbcover\u00bb rt_bg_position=\u00bbright top\u00bb rt_bg_attachment=\u00bbscroll\u00bb rt_bg_video_format=\u00bbself-hosted\u00bb][vc_column width=\u00bb1\/3&#8243; rt_column_shadow=\u00bb\u00bb rt_bg_image_repeat=\u00bbrepeat\u00bb rt_bg_size=\u00bbauto auto\u00bb rt_bg_attachment=\u00bbscroll\u00bb class=\u00bbdownload\u00bb rt_bg_color=\u00bb\u00bb rt_bg_overlay_color=\u00bb\u00bb offset=\u00bbvc_hidden-sm vc_hidden-xs\u00bb css=\u00bb.vc_custom_1532424500123{padding-bottom: 0px !important;}\u00bb rt_padding_bottom=\u00bb0&#8243;][vc_column_text css=\u00bb.vc_custom_1757603967724{margin-bottom: 1.5em !important;}\u00bb el_class=\u00bbredborderleft_lv\u00bb]<\/p>\n<h3>De un vistazo<\/h3>\n<ul>\n<li>Caracter\u00edsticas de sustancias<\/li>\n<li>C\u00e1lculos de seguridad<\/li>\n<li>Concepto de seguridad<\/li>\n<li>Dict\u00e1menes periciales<\/li>\n<li>Clasificaci\u00f3n de sustancias<\/li>\n<li>Seguimiento de reglamentos<\/li>\n<li>Instalaci\u00f3n de pruebas BLP<\/li>\n<li>Organismos especializados<\/li>\n<\/ul>\n<p><a href=\"https:\/\/consilab.de\/wp-content\/uploads\/2025\/09\/consilab-Leistungsverzeichnis_2025_ES.pdf\" target=\"_blank\" rel=\"noopener noreferrer\">Relaci\u00f3n completa de prestaciones como archivo PDF<\/a>[\/vc_column_text][\/vc_column][vc_column width=\u00bb2\/3&#8243; rt_column_shadow=\u00bb\u00bb rt_bg_image_repeat=\u00bbrepeat\u00bb rt_bg_size=\u00bbauto auto\u00bb rt_bg_attachment=\u00bbscroll\u00bb class=\u00bbmaincontent\u00bb rt_bg_color=\u00bb\u00bb rt_bg_overlay_color=\u00bb\u00bb css=\u00bb.vc_custom_1532424494045{margin-bottom: 1em !important;padding-bottom: 30px !important;}\u00bb rt_padding_top=\u00bb0&#8243; rt_padding_bottom=\u00bb0&#8243; offset=\u00bbvc_hidden-xs\u00bb][vc_column_text css=\u00bb\u00bb el_class=\u00bbredborderleft\u00bb]<\/p>\n<h1>Prestaciones<\/h1>\n<h2>En consilab, los ingenieros y los qu\u00edmicos trabajan estrechamente en equipo. Este trabajo interdisciplinario garantiza que todas las prestaciones relevantes de seguridad provienen de una mano.<\/h2>\n<p>Analizamos sus instalaciones y procesos, detectamos peligros potenciales y elaboramos conceptos de seguridad. Nuestro laboratorio propio de pruebas nos permite determinar los par\u00e1metros necesarios para los conceptos de seguridad.<\/p>\n<p>Otra ventaja importante: Somos una empresa de consultor\u00eda peque\u00f1a y flexible que trabaja de manera independiente de empresas productoras, autoridades p\u00fablicas y compa\u00f1\u00edas de seguros. Gracias a ello le asesoramos de manera r\u00e1pida y econ\u00f3mica en todas las cuestiones de seguridad, sin conflicto alguno de intereses.<\/p>\n<h3>Gracias a ello somos un socio fuerte para su seguridad.<\/h3>\n<p>Para m\u00e1s informaci\u00f3n haga clic en una casilla[\/vc_column_text][vc_row_inner rt_row_style=\u00bbglobal-style\u00bb rt_bg_custom_alignment=\u00bbtop\u00bb class=\u00bbleistungen_grid\u00bb][vc_column_inner width=\u00bb1\/3&#8243; rt_column_shadow=\u00bbtrue\u00bb rt_bg_image_repeat=\u00bbno-repeat\u00bb rt_bg_size=\u00bbcover\u00bb rt_bg_attachment=\u00bbscroll\u00bb class=\u00bbleistungen_singlebox\u00bb rt_bg_color=\u00bb\u00bb rt_bg_overlay_color=\u00bb\u00bb css=\u00bb.vc_custom_1537266437553{padding-bottom: 54px !important;}\u00bb][vc_single_image image=\u00bb7629&#8243; img_size=\u00bb196&#215;196&#8243; onclick=\u00bbcustom_link\u00bb link=\u00bbhttps:\/\/consilab.de\/it\/leistungen\/kenndaten-von-stoffen\/\u00bb][vc_column_text css=\u00bb\u00bb]<\/p>\n<h3><a href=\"https:\/\/consilab.de\/es\/leistungen\/kenndaten-von-stoffen\/\">Caracter\u00edsticas de<\/a><br \/>\n<a href=\"https:\/\/consilab.de\/es\/leistungen\/kenndaten-von-stoffen\/\">sustancias<\/a><\/h3>\n<p>[\/vc_column_text][\/vc_column_inner][vc_column_inner width=\u00bb1\/3&#8243; rt_column_shadow=\u00bbtrue\u00bb rt_bg_image_repeat=\u00bbrepeat\u00bb rt_bg_size=\u00bbauto auto\u00bb rt_bg_attachment=\u00bbscroll\u00bb class=\u00bbleistungen_singlebox\u00bb rt_bg_color=\u00bb\u00bb rt_bg_overlay_color=\u00bb\u00bb][vc_single_image image=\u00bb3658&#8243; img_size=\u00bb196&#215;196&#8243; onclick=\u00bbcustom_link\u00bb link=\u00bbhttps:\/\/consilab.de\/it\/leistungen\/sicherheitstechnische-berechnungen\/\u00bb][vc_column_text css=\u00bb\u00bb]<\/p>\n<h3><a href=\"https:\/\/consilab.de\/es\/leistungen\/sicherheitstechnische-berechnungen\/\">C\u00e1lculos<br \/>\nde<br \/>\nseguridad<\/a><\/h3>\n<p>[\/vc_column_text][\/vc_column_inner][vc_column_inner width=\u00bb1\/3&#8243; rt_column_shadow=\u00bbtrue\u00bb rt_bg_image_repeat=\u00bbrepeat\u00bb rt_bg_size=\u00bbauto auto\u00bb rt_bg_attachment=\u00bbscroll\u00bb class=\u00bbleistungen_singlebox\u00bb rt_bg_color=\u00bb\u00bb rt_bg_overlay_color=\u00bb\u00bb][vc_single_image image=\u00bb3639&#8243; img_size=\u00bb196&#215;196&#8243; onclick=\u00bbcustom_link\u00bb link=\u00bbhttps:\/\/consilab.de\/it\/leistungen\/sicherheitskonzepte\/\u00bb][vc_column_text css=\u00bb.vc_custom_1740067145871{padding-bottom: 19px !important;}\u00bb]<\/p>\n<h3><a href=\"https:\/\/consilab.de\/es\/leistungen\/sicherheitskonzepte\/\">Concepto<br \/>\nde<br \/>\nseguridad<\/a><\/h3>\n<p>[\/vc_column_text][\/vc_column_inner][\/vc_row_inner][vc_row_inner rt_row_style=\u00bbglobal-style\u00bb rt_bg_custom_alignment=\u00bbtop\u00bb class=\u00bbleistungen_grid\u00bb][vc_column_inner width=\u00bb1\/3&#8243; rt_column_shadow=\u00bbtrue\u00bb rt_bg_image_repeat=\u00bbrepeat\u00bb rt_bg_size=\u00bbauto auto\u00bb rt_bg_attachment=\u00bbscroll\u00bb class=\u00bbleistungen_singlebox\u00bb rt_bg_color=\u00bb\u00bb rt_bg_overlay_color=\u00bb\u00bb css=\u00bb.vc_custom_1531840213590{padding-bottom: 34px !important;}\u00bb][vc_single_image image=\u00bb3660&#8243; img_size=\u00bb196&#215;196&#8243; onclick=\u00bbcustom_link\u00bb link=\u00bbhttps:\/\/consilab.de\/it\/leistungen\/sachverstaendigengutachten\/\u00bb][vc_column_text css=\u00bb.vc_custom_1740067190400{padding-bottom: 19px !important;}\u00bb]<\/p>\n<h3><a href=\"https:\/\/consilab.de\/es\/leistungen\/sachverstaendigengutachten\/\">Dict\u00e1menes<br \/>\npericiales<\/a><\/h3>\n<p>[\/vc_column_text][\/vc_column_inner][vc_column_inner width=\u00bb1\/3&#8243; rt_column_shadow=\u00bbtrue\u00bb rt_bg_image_repeat=\u00bbrepeat\u00bb rt_bg_size=\u00bbauto auto\u00bb rt_bg_attachment=\u00bbscroll\u00bb class=\u00bbleistungen_singlebox\u00bb rt_bg_color=\u00bb\u00bb rt_bg_overlay_color=\u00bb\u00bb][vc_single_image image=\u00bb3659&#8243; img_size=\u00bb196&#215;196&#8243; onclick=\u00bbcustom_link\u00bb link=\u00bbhttps:\/\/consilab.de\/it\/leistungen\/klassifizierung-von-stoffen\/\u00bb][vc_column_text css=\u00bb.vc_custom_1740067325391{padding-bottom: 19px !important;}\u00bb]<\/p>\n<h3><a href=\"https:\/\/consilab.de\/es\/leistungen\/klassifizierung-von-stoffen\/\">Clasificaci\u00f3n<br \/>\nde<br \/>\nsustancias<\/a><\/h3>\n<p>[\/vc_column_text][\/vc_column_inner][vc_column_inner width=\u00bb1\/3&#8243; rt_column_shadow=\u00bbtrue\u00bb rt_bg_image_repeat=\u00bbrepeat\u00bb rt_bg_size=\u00bbauto auto\u00bb rt_bg_attachment=\u00bbscroll\u00bb class=\u00bbleistungen_singlebox\u00bb rt_bg_color=\u00bb\u00bb rt_bg_overlay_color=\u00bb\u00bb css=\u00bb.vc_custom_1531840224131{padding-bottom: 34px !important;}\u00bb][vc_single_image image=\u00bb7663&#8243; img_size=\u00bb196&#215;196&#8243; onclick=\u00bbcustom_link\u00bb link=\u00bbhttps:\/\/consilab.de\/it\/leistungen\/regelwerksverfolgung\/\u00bb][vc_column_text css=\u00bb.vc_custom_1740067398197{padding-bottom: 19px !important;}\u00bb]<\/p>\n<h3><a href=\"https:\/\/consilab.de\/es\/leistungen\/regelwerksverfolgung\/\">Seguimiento<\/a><br \/>\n<a href=\"https:\/\/consilab.de\/es\/leistungen\/regelwerksverfolgung\/\">de<\/a><br \/>\n<a href=\"https:\/\/consilab.de\/es\/leistungen\/regelwerksverfolgung\/\">reglamentos<\/a><\/h3>\n<p>[\/vc_column_text][\/vc_column_inner][\/vc_row_inner][vc_row_inner rt_row_style=\u00bbglobal-style\u00bb rt_bg_custom_alignment=\u00bbtop\u00bb class=\u00bbleistungen_grid\u00bb][vc_column_inner width=\u00bb1\/3&#8243; rt_column_shadow=\u00bbtrue\u00bb rt_bg_image_repeat=\u00bbrepeat\u00bb rt_bg_size=\u00bbauto auto\u00bb rt_bg_attachment=\u00bbscroll\u00bb class=\u00bbleistungen_singlebox\u00bb rt_bg_color=\u00bb\u00bb rt_bg_overlay_color=\u00bb\u00bb css=\u00bb.vc_custom_1537260827362{padding-bottom: 34px !important;}\u00bb][vc_single_image image=\u00bb12808&#8243; img_size=\u00bb196&#215;196&#8243; onclick=\u00bbcustom_link\u00bb link=\u00bbhttps:\/\/consilab.de\/it\/leistungen\/glp-pruefeinrichtung\/\u00bb][vc_column_text css=\u00bb.vc_custom_1740067436093{padding-bottom: 19px !important;}\u00bb]<\/p>\n<h3><a href=\"https:\/\/consilab.de\/es\/leistungen\/glp-pruefeinrichtung\/\">Instalaci\u00f3n de<br \/>\npruebas BLP<\/a><\/h3>\n<p>[\/vc_column_text][\/vc_column_inner][vc_column_inner width=\u00bb1\/3&#8243; rt_column_shadow=\u00bbtrue\u00bb rt_bg_image_repeat=\u00bbrepeat\u00bb rt_bg_size=\u00bbauto auto\u00bb rt_bg_attachment=\u00bbscroll\u00bb class=\u00bbleistungen_singlebox\u00bb rt_bg_color=\u00bb\u00bb rt_bg_overlay_color=\u00bb\u00bb][vc_single_image image=\u00bb12797&#8243; img_size=\u00bb196&#215;196&#8243; onclick=\u00bbcustom_link\u00bb css=\u00bb.vc_custom_1719914416005{padding-bottom: 19px !important;}\u00bb link=\u00bbhttps:\/\/consilab.de\/it\/leistungen\/fachgremien\/\u00bb][vc_column_text css=\u00bb.vc_custom_1747252837542{padding-bottom: 19px !important;}\u00bb]<\/p>\n<h3><a href=\"https:\/\/consilab.de\/es\/leistungen\/fachgremien\/\">Organismos<\/a><br \/>\n<a href=\"https:\/\/consilab.de\/es\/leistungen\/fachgremien\/\">especializados<\/a><\/h3>\n<h3><\/h3>\n<p>[\/vc_column_text][\/vc_column_inner][\/vc_row_inner][\/vc_column][\/vc_row][vc_row rt_row_background_width=\u00bbfullwidth\u00bb rt_row_content_width=\u00bbdefault\u00bb rt_row_style=\u00bbdefault-style\u00bb rt_row_borders=\u00bb\u00bb rt_row_shadows=\u00bb\u00bb rt_row_paddings=\u00bbfalse\u00bb rt_bg_effect=\u00bbclassic\u00bb rt_bg_image_repeat=\u00bbrepeat\u00bb rt_bg_size=\u00bbcover\u00bb rt_bg_position=\u00bbright top\u00bb rt_bg_attachment=\u00bbscroll\u00bb rt_bg_video_format=\u00bbself-hosted\u00bb][vc_column rt_column_shadow=\u00bb\u00bb rt_bg_image_repeat=\u00bbrepeat\u00bb rt_bg_size=\u00bbauto auto\u00bb rt_bg_attachment=\u00bbscroll\u00bb class=\u00bbmaincontent\u00bb rt_bg_color=\u00bb\u00bb rt_bg_overlay_color=\u00bb\u00bb offset=\u00bbvc_hidden-lg vc_hidden-md vc_hidden-sm\u00bb css=\u00bb.vc_custom_1531984332597{margin-top: 0px !important;margin-bottom: 0px !important;padding-bottom: 10px !important;}\u00bb][vc_column_text css=\u00bb.vc_custom_1740050039320{padding-top: 0px !important;}\u00bb el_class=\u00bbredborderleft\u00bb]<\/p>\n<h1>Prestaciones<\/h1>\n<h2>En consilab, los ingenieros y los qu\u00edmicos trabajan estrechamente en equipo. Este trabajo interdisciplinario garantiza que todas las prestaciones relevantes de seguridad provienen de una mano.<\/h2>\n<p>Analizamos sus instalaciones y procesos, detectamos peligros potenciales y elaboramos conceptos de seguridad. Nuestro laboratorio propio de pruebas nos permite determinar los par\u00e1metros necesarios para los conceptos de seguridad.<\/p>\n<p>Otra ventaja importante: Somos una empresa de consultor\u00eda peque\u00f1a y flexible que trabaja de manera independiente de empresas productoras, autoridades p\u00fablicas y compa\u00f1\u00edas de seguros. Gracias a ello le asesoramos de manera r\u00e1pida y econ\u00f3mica en todas las cuestiones de seguridad, sin conflicto alguno de intereses.<\/p>\n<h3>Gracias a ello somos un socio fuerte para su seguridad.<\/h3>\n<p>Para m\u00e1s informaci\u00f3n haga clic en una casilla[\/vc_column_text][\/vc_column][\/vc_row][vc_row rt_row_background_width=\u00bbfullwidth\u00bb rt_row_content_width=\u00bbdefault\u00bb rt_row_style=\u00bbdefault-style\u00bb rt_row_borders=\u00bb\u00bb rt_row_shadows=\u00bb\u00bb rt_row_paddings=\u00bbtrue\u00bb rt_bg_effect=\u00bbclassic\u00bb rt_bg_image_repeat=\u00bbrepeat\u00bb rt_bg_size=\u00bbcover\u00bb rt_bg_position=\u00bbright top\u00bb rt_bg_attachment=\u00bbscroll\u00bb rt_bg_video_format=\u00bbself-hosted\u00bb][vc_column rt_column_shadow=\u00bb\u00bb rt_bg_image_repeat=\u00bbrepeat\u00bb rt_bg_size=\u00bbauto auto\u00bb rt_bg_attachment=\u00bbscroll\u00bb offset=\u00bbvc_hidden-lg vc_hidden-md vc_hidden-sm\u00bb rt_bg_color=\u00bb\u00bb rt_bg_overlay_color=\u00bb\u00bb][vc_row_inner rt_row_style=\u00bbglobal-style\u00bb rt_bg_custom_alignment=\u00bbtop\u00bb class=\u00bbleistungen_grid\u00bb][vc_column_inner width=\u00bb1\/2&#8243; rt_column_shadow=\u00bbtrue\u00bb rt_bg_image_repeat=\u00bbrepeat\u00bb rt_bg_size=\u00bbauto auto\u00bb rt_bg_attachment=\u00bbscroll\u00bb class=\u00bbleistungen_grid\u00bb rt_bg_color=\u00bb\u00bb rt_bg_overlay_color=\u00bb\u00bb][vc_single_image image=\u00bb7629&#8243; img_size=\u00bb282&#215;282&#8243; onclick=\u00bbcustom_link\u00bb link=\u00bbhttps:\/\/consilab.de\/it\/leistungen\/kenndaten-von-stoffen\/\u00bb][vc_column_text css=\u00bb.vc_custom_1740066926549{padding-bottom: 19px !important;}\u00bb]<\/p>\n<h3><a href=\"https:\/\/consilab.de\/es\/leistungen\/kenndaten-von-stoffen\/\">Caracter\u00edsticas de<\/a><br \/>\n<a href=\"https:\/\/consilab.de\/es\/leistungen\/kenndaten-von-stoffen\/\">sustancias<\/a><\/h3>\n<p>[\/vc_column_text][\/vc_column_inner][vc_column_inner width=\u00bb1\/2&#8243; rt_column_shadow=\u00bbtrue\u00bb rt_bg_image_repeat=\u00bbrepeat\u00bb rt_bg_size=\u00bbauto auto\u00bb rt_bg_attachment=\u00bbscroll\u00bb class=\u00bbleistungen_grid\u00bb rt_bg_color=\u00bb\u00bb rt_bg_overlay_color=\u00bb\u00bb css=\u00bb.vc_custom_1530610003871{padding-bottom: 34px !important;}\u00bb][vc_single_image image=\u00bb3658&#8243; img_size=\u00bb282&#215;282&#8243; onclick=\u00bbcustom_link\u00bb link=\u00bbhttps:\/\/consilab.de\/it\/leistungen\/sicherheitstechnische-berechnungen\/\u00bb][vc_column_text css=\u00bb.vc_custom_1740067079232{padding-bottom: 4px !important;}\u00bb]<\/p>\n<h3><a href=\"https:\/\/consilab.de\/es\/leistungen\/sicherheitstechnische-berechnungen\/\">C\u00e1lculos de<\/a><br \/>\n<a href=\"https:\/\/consilab.de\/es\/leistungen\/sicherheitstechnische-berechnungen\/\">seguridad<\/a><\/h3>\n<p>[\/vc_column_text][\/vc_column_inner][\/vc_row_inner][vc_row_inner rt_row_style=\u00bbglobal-style\u00bb rt_bg_custom_alignment=\u00bbtop\u00bb class=\u00bbleistungen_grid\u00bb][vc_column_inner width=\u00bb1\/2&#8243; rt_column_shadow=\u00bbtrue\u00bb rt_bg_image_repeat=\u00bbrepeat\u00bb rt_bg_size=\u00bbauto auto\u00bb rt_bg_attachment=\u00bbscroll\u00bb class=\u00bbleistungen_grid\u00bb rt_bg_color=\u00bb\u00bb rt_bg_overlay_color=\u00bb\u00bb][vc_single_image image=\u00bb3639&#8243; img_size=\u00bb276&#215;276&#8243; onclick=\u00bbcustom_link\u00bb link=\u00bbhttps:\/\/consilab.de\/it\/leistungen\/sicherheitskonzepte\/\u00bb][vc_column_text css=\u00bb.vc_custom_1740067160839{padding-bottom: 19px !important;}\u00bb]<\/p>\n<h3><a href=\"https:\/\/consilab.de\/es\/leistungen\/sicherheitskonzepte\/\">Concepto de<\/a><br \/>\n<a href=\"https:\/\/consilab.de\/es\/leistungen\/sicherheitskonzepte\/\">seguridad<\/a><\/h3>\n<p>[\/vc_column_text][\/vc_column_inner][vc_column_inner width=\u00bb1\/2&#8243; rt_column_shadow=\u00bbtrue\u00bb rt_bg_image_repeat=\u00bbrepeat\u00bb rt_bg_size=\u00bbauto auto\u00bb rt_bg_attachment=\u00bbscroll\u00bb class=\u00bbleistungen_grid\u00bb rt_bg_color=\u00bb\u00bb rt_bg_overlay_color=\u00bb\u00bb css=\u00bb.vc_custom_1530610003871{padding-bottom: 34px !important;}\u00bb][vc_single_image image=\u00bb3660&#8243; img_size=\u00bb276&#215;276&#8243; onclick=\u00bbcustom_link\u00bb link=\u00bbhttps:\/\/consilab.de\/it\/leistungen\/sachverstaendigengutachten\/\u00bb][vc_column_text css=\u00bb.vc_custom_1740067311088{padding-bottom: 19px !important;}\u00bb]<\/p>\n<h3><a href=\"https:\/\/consilab.de\/es\/leistungen\/sachverstaendigengutachten\/\">Dict\u00e1menes<\/a><br \/>\n<a href=\"https:\/\/consilab.de\/es\/leistungen\/sachverstaendigengutachten\/\">periciales<\/a><\/h3>\n<p>[\/vc_column_text][\/vc_column_inner][\/vc_row_inner][vc_row_inner rt_row_style=\u00bbglobal-style\u00bb rt_bg_custom_alignment=\u00bbtop\u00bb class=\u00bbleistungen_grid\u00bb][vc_column_inner width=\u00bb1\/2&#8243; rt_column_shadow=\u00bbtrue\u00bb rt_bg_image_repeat=\u00bbrepeat\u00bb rt_bg_size=\u00bbauto auto\u00bb rt_bg_attachment=\u00bbscroll\u00bb class=\u00bbleistungen_grid\u00bb rt_bg_color=\u00bb\u00bb rt_bg_overlay_color=\u00bb\u00bb][vc_single_image image=\u00bb3659&#8243; img_size=\u00bb276&#215;276&#8243; onclick=\u00bbcustom_link\u00bb link=\u00bbhttps:\/\/consilab.de\/it\/leistungen\/klassifizierung-von-stoffen\/\u00bb][vc_column_text css=\u00bb.vc_custom_1740067335277{padding-bottom: 19px !important;}\u00bb]<\/p>\n<h3><a href=\"https:\/\/consilab.de\/es\/leistungen\/klassifizierung-von-stoffen\/\">Clasificaci\u00f3n de<\/a><br \/>\n<a href=\"https:\/\/consilab.de\/es\/leistungen\/klassifizierung-von-stoffen\/\">sustancias<\/a><\/h3>\n<p>[\/vc_column_text][\/vc_column_inner][vc_column_inner width=\u00bb1\/2&#8243; rt_column_shadow=\u00bbtrue\u00bb rt_bg_image_repeat=\u00bbrepeat\u00bb rt_bg_size=\u00bbauto auto\u00bb rt_bg_attachment=\u00bbscroll\u00bb class=\u00bbleistungen_grid\u00bb rt_bg_color=\u00bb\u00bb rt_bg_overlay_color=\u00bb\u00bb css=\u00bb.vc_custom_1530609252332{padding-bottom: 34px !important;}\u00bb][vc_single_image image=\u00bb7663&#8243; img_size=\u00bb276&#215;276&#8243; onclick=\u00bbcustom_link\u00bb link=\u00bbhttps:\/\/consilab.de\/it\/leistungen\/regelwerksverfolgung\/\u00bb][vc_column_text css=\u00bb.vc_custom_1740067409551{padding-bottom: 19px !important;}\u00bb]<\/p>\n<h3><a href=\"https:\/\/consilab.de\/es\/leistungen\/regelwerksverfolgung\/\">Seguimiento de<\/a><br \/>\n<a href=\"https:\/\/consilab.de\/es\/leistungen\/regelwerksverfolgung\/\">reglamentos<\/a><\/h3>\n<p>[\/vc_column_text][\/vc_column_inner][\/vc_row_inner][vc_row_inner rt_row_style=\u00bbglobal-style\u00bb rt_bg_custom_alignment=\u00bbtop\u00bb class=\u00bbleistungen_grid\u00bb][vc_column_inner width=\u00bb1\/2&#8243; rt_column_shadow=\u00bbtrue\u00bb rt_bg_image_repeat=\u00bbrepeat\u00bb rt_bg_size=\u00bbauto auto\u00bb rt_bg_attachment=\u00bbscroll\u00bb class=\u00bbleistungen_grid\u00bb rt_bg_color=\u00bb\u00bb rt_bg_overlay_color=\u00bb\u00bb css=\u00bb.vc_custom_1530609279849{padding-bottom: 34px !important;}\u00bb][vc_single_image image=\u00bb13203&#8243; img_size=\u00bb276&#215;276&#8243; onclick=\u00bbcustom_link\u00bb css=\u00bb\u00bb link=\u00bbhttps:\/\/consilab.de\/it\/leistungen\/glp-pruefeinrichtung\/\u00bb][vc_column_text css=\u00bb.vc_custom_1740050980802{padding-bottom: 19px !important;}\u00bb]<\/p>\n<h3>Instalaci\u00f3n de<br \/>\npruebas BLP<\/h3>\n<p>[\/vc_column_text][\/vc_column_inner][vc_column_inner width=\u00bb1\/2&#8243; rt_column_shadow=\u00bbtrue\u00bb rt_bg_image_repeat=\u00bbrepeat\u00bb rt_bg_size=\u00bbauto auto\u00bb rt_bg_attachment=\u00bbscroll\u00bb class=\u00bbleistungen_grid\u00bb rt_bg_color=\u00bb\u00bb rt_bg_overlay_color=\u00bb\u00bb][vc_single_image image=\u00bb13202&#8243; img_size=\u00bb276&#215;276&#8243; onclick=\u00bbcustom_link\u00bb css=\u00bb\u00bb link=\u00bbhttps:\/\/consilab.de\/it\/leistungen\/fachgremien\/\u00bb][vc_column_text css=\u00bb.vc_custom_1740051092927{padding-bottom: 34px !important;}\u00bb]<\/p>\n<h3>Organismos especializados<\/h3>\n<p>[\/vc_column_text][\/vc_column_inner][\/vc_row_inner][\/vc_column][\/vc_row]<\/p>\n","protected":false},"excerpt":{"rendered":"<p>[vc_row rt_row_background_width=\u00bbfullwidth\u00bb rt_row_content_width=\u00bbdefault\u00bb rt_row_style=\u00bbdefault-style\u00bb rt_row_borders=\u00bb\u00bb rt_row_shadows=\u00bb\u00bb rt_row_paddings=\u00bbfalse\u00bb id=\u00bbleistungenboxenausblenden\u00bb rt_bg_effect=\u00bbclassic\u00bb rt_bg_image_repeat=\u00bbrepeat\u00bb rt_bg_size=\u00bbcover\u00bb rt_bg_position=\u00bbright top\u00bb rt_bg_attachment=\u00bbscroll\u00bb rt_bg_video_format=\u00bbself-hosted\u00bb][vc_column width=\u00bb1\/3&#8243; rt_column_shadow=\u00bb\u00bb rt_bg_image_repeat=\u00bbrepeat\u00bb rt_bg_size=\u00bbauto auto\u00bb rt_bg_attachment=\u00bbscroll\u00bb class=\u00bbdownload\u00bb rt_bg_color=\u00bb\u00bb rt_bg_overlay_color=\u00bb\u00bb offset=\u00bbvc_hidden-sm vc_hidden-xs\u00bb css=\u00bb.vc_custom_1532424500123{padding-bottom: 0px !important;}\u00bb rt_padding_bottom=\u00bb0&#8243;][vc_column_text css=\u00bb.vc_custom_1757603967724{margin-bottom: 1.5em !important;}\u00bb el_class=\u00bbredborderleft_lv\u00bb] De un vistazo Caracter\u00edsticas de sustancias C\u00e1lculos de seguridad Concepto de seguridad Dict\u00e1menes periciales Clasificaci\u00f3n de sustancias Seguimiento de reglamentos Instalaci\u00f3n  &#8230;<br \/><a class=\"more-link\" href=\"https:\/\/consilab.de\/es\/leistungen\/\">more | mehr<\/a><\/p>\n","protected":false},"author":1,"featured_media":0,"parent":0,"menu_order":3,"comment_status":"closed","ping_status":"closed","template":"","meta":{"footnotes":""},"class_list":["post-13188","page","type-page","status-publish","hentry"],"_links":{"self":[{"href":"https:\/\/consilab.de\/es\/wp-json\/wp\/v2\/pages\/13188","targetHints":{"allow":["GET"]}}],"collection":[{"href":"https:\/\/consilab.de\/es\/wp-json\/wp\/v2\/pages"}],"about":[{"href":"https:\/\/consilab.de\/es\/wp-json\/wp\/v2\/types\/page"}],"author":[{"embeddable":true,"href":"https:\/\/consilab.de\/es\/wp-json\/wp\/v2\/users\/1"}],"replies":[{"embeddable":true,"href":"https:\/\/consilab.de\/es\/wp-json\/wp\/v2\/comments?post=13188"}],"version-history":[{"count":10,"href":"https:\/\/consilab.de\/es\/wp-json\/wp\/v2\/pages\/13188\/revisions"}],"predecessor-version":[{"id":15138,"href":"https:\/\/consilab.de\/es\/wp-json\/wp\/v2\/pages\/13188\/revisions\/15138"}],"wp:attachment":[{"href":"https:\/\/consilab.de\/es\/wp-json\/wp\/v2\/media?parent=13188"}],"curies":[{"name":"wp","href":"https:\/\/api.w.org\/{rel}","templated":true}]}}