{"id":13251,"date":"2018-07-12T12:46:31","date_gmt":"2018-07-12T10:46:31","guid":{"rendered":"https:\/\/consilab.de\/telechargement\/"},"modified":"2026-03-19T16:55:38","modified_gmt":"2026-03-19T15:55:38","slug":"telechargement","status":"publish","type":"page","link":"https:\/\/consilab.de\/es\/telechargement\/","title":{"rendered":"Descargas"},"content":{"rendered":"<p>[vc_row rt_row_background_width=\u00bbfullwidth\u00bb rt_row_content_width=\u00bbdefault\u00bb rt_row_style=\u00bbdefault-style\u00bb rt_row_borders=\u00bb\u00bb rt_row_shadows=\u00bb\u00bb rt_row_paddings=\u00bbtrue\u00bb rt_bg_effect=\u00bbclassic\u00bb rt_bg_image_repeat=\u00bbrepeat\u00bb rt_bg_size=\u00bbcover\u00bb rt_bg_position=\u00bbright top\u00bb rt_bg_attachment=\u00bbscroll\u00bb rt_bg_video_format=\u00bbself-hosted\u00bb][vc_column rt_column_shadow=\u00bb\u00bb rt_bg_image_repeat=\u00bbrepeat\u00bb rt_bg_size=\u00bbauto auto\u00bb rt_bg_attachment=\u00bbscroll\u00bb][vc_column_text css=\u00bb\u00bb el_class=\u00bbredborderleft\u00bb]<\/p>\n<h1>Descargas<\/h1>\n<p>[\/vc_column_text][\/vc_column][\/vc_row][vc_row rt_row_background_width=\u00bbfullwidth\u00bb rt_row_content_width=\u00bbdefault\u00bb rt_row_style=\u00bbdefault-style\u00bb rt_row_borders=\u00bb\u00bb rt_row_shadows=\u00bb\u00bb rt_row_paddings=\u00bbtrue\u00bb rt_bg_effect=\u00bbclassic\u00bb rt_bg_image_repeat=\u00bbrepeat\u00bb rt_bg_size=\u00bbcover\u00bb rt_bg_position=\u00bbright top\u00bb rt_bg_attachment=\u00bbscroll\u00bb rt_bg_video_format=\u00bbself-hosted\u00bb][vc_column width=\u00bb1\/2&#8243; rt_column_shadow=\u00bb\u00bb rt_bg_image_repeat=\u00bbrepeat\u00bb rt_bg_size=\u00bbauto auto\u00bb rt_bg_attachment=\u00bbscroll\u00bb class=\u00bbcolumn-left\u00bb rt_bg_color=\u00bb\u00bb rt_bg_overlay_color=\u00bb\u00bb][vc_column_text css=\u00bb\u00bb el_class=\u00bbredborderleft\u00bb]<\/p>\n<div id=\"downloads-all\">\n<h2>General<\/h2>\n<p><a href=\"https:\/\/consilab.de\/wp-content\/uploads\/2025\/09\/consilab-Imagebroschure-2021-DE-ES.pdf\">Folleto consilab \u00bbUnternehmensdarstellung\u00ab [Presentaci\u00f3n de la empresa]<\/a><\/p>\n<p><a href=\"https:\/\/consilab.de\/wp-content\/uploads\/2025\/09\/consilab-Leistungsverzeichnis_2025_ES.pdf\">Relaci\u00f3n de prestaciones de consilab<\/a><\/p>\n<p><a href=\"https:\/\/consilab.de\/wp-content\/uploads\/2025\/07\/Uebersicht-CIPAC-MT_ES.pdf\">M\u00e9todos CIPAC de consilab<\/a><\/p>\n<div  class=\"rt_divider style-4 download-divider\" ><\/div>\n<h2>Calidad e identidad de la empresa<\/h2>\n<p><a href=\"https:\/\/consilab.de\/wp-content\/uploads\/2025\/09\/A-QM-001-Qualitaetspolitik-9001_02_es-1.pdf\">Pol\u00edtica de calidad<\/a><\/p>\n<p><a href=\"https:\/\/consilab.de\/wp-content\/uploads\/2026\/03\/GLP-Bescheinigung_20260217.pdf\">Certificado BPL<\/a> (DE | EN)<\/p>\n<p><a href=\"https:\/\/consilab.de\/wp-content\/uploads\/2021\/06\/2000799-100-HZ-Anlage-EN.pdf\">Certificaci\u00f3n seg\u00fan ISO 9001:2015<\/a> (EN)<br \/>\n<a href=\"https:\/\/consilab.de\/wp-content\/uploads\/2021\/06\/2000799-100-HZ-Anlage-DE.pdf\">Certificaci\u00f3n seg\u00fan ISO 9001:2015<\/a> (DE)<\/p>\n<p><a href=\"https:\/\/consilab.de\/wp-content\/uploads\/2025\/07\/PB-7.9-01_01-spanisch.pdf\">Descripci\u00f3n del proceso &#8211; Gesti\u00f3n de reclamaciones<\/a><\/p>\n<p><a href=\"https:\/\/consilab.de\/wp-content\/uploads\/2025\/07\/Code-of-conduct-ES.pdf\">C\u00f3digo de conducta<\/a><\/p>\n<p><a href=\"\/wp-content\/uploads\/2021\/09\/F-QM-007_02_Kundenzufriedenheitsfragebogen_englisch.pdf\">Satisfacci\u00f3n del cliente<\/a>\u00a0(EN)<\/p>\n<div  class=\"rt_divider style-4 download-divider\" ><\/div>\n<h2>Descripci\u00f3n de ruta<\/h2>\n<p><a href=\"https:\/\/consilab.de\/wp-content\/uploads\/2025\/07\/Wegbeschreibung-FFM-ES.pdf\">Frankfurt H\u00f6chst<\/a><\/p>\n<p><a href=\"https:\/\/consilab.de\/wp-content\/uploads\/2025\/07\/Wegbeschreibung-LEV-ES.pdf\">Leverkusen Chempark<\/a><\/p>\n<div  class=\"rt_divider style-4 download-divider\" ><\/div>\n<h2>Formulario de pedidos de laboratorio<\/h2>\n<p><a href=\"https:\/\/consilab.de\/wp-content\/uploads\/2025\/07\/Ebene_4-6Laborauftrag-fuer-physikalisch-Chemischen-Eigenschaften_20240123_es.docx\">Determinaci\u00f3n de propiedades f\u00edsico-qu\u00edmicas (documenton Word)<\/a><\/p>\n<p><a href=\"https:\/\/consilab.de\/wp-content\/uploads\/2025\/07\/Ebene_4-6Laborauftrag-zur-Bestimmung-sicherheitstechnischer-Kenndaten_2024-01-23_es.docx\">Determinaci\u00f3n de par\u00e1metros de seguridad (documento Word)<\/a><\/p>\n<p><a href=\"https:\/\/consilab.de\/wp-content\/uploads\/2025\/07\/Ebene_4-6Laborauftrag-zur-UN-Transporteinstufung-oder-GHS_20240123_es.docx\">An\u00e1lisis para la clasificaci\u00f3n de transporte seg\u00fan ONU o GHS (documento Word)<\/a><\/p>\n<div  class=\"rt_divider style-4 download-divider\" ><\/div>\n<div  class=\"rt_divider style-4 download-divider\" ><\/div>\n<\/div>\n<p>[\/vc_column_text][\/vc_column][vc_column width=\u00bb1\/2&#8243; rt_column_shadow=\u00bb\u00bb rt_bg_image_repeat=\u00bbrepeat\u00bb rt_bg_size=\u00bbauto auto\u00bb rt_bg_attachment=\u00bbscroll\u00bb class=\u00bbcolumn-right\u00bb rt_bg_color=\u00bb\u00bb rt_bg_overlay_color=\u00bb\u00bb css=\u00bb.vc_custom_1537257580032{margin-bottom: 2em !important;padding-left: 2em !important;}\u00bb][vc_column_text css=\u00bb.vc_custom_1753883316262{margin-bottom: 1em !important;}\u00bb el_class=\u00bbredborderleft\u00bb]<\/p>\n<h2>consiLetter<\/h2>\n<p><a href=\"https:\/\/consilab.de\/wp-content\/uploads\/2025\/07\/consiLetter-Nr-19_es.pdf\" target=\"_blank\" rel=\"noopener\">consiletter Nr. 19 : \u00bfCu\u00e1ndo realmente comienza una descomposici\u00f3n?<\/a><\/p>\n<p><a href=\"https:\/\/consilab.de\/wp-content\/uploads\/2025\/07\/consiLetter-Nr-18-Statischer-Dampfdruck_es.pdf\" target=\"_blank\" rel=\"noopener\">consiletter Nr. 18: Determinaci\u00f3n de la presi\u00f3n de vapor de sustancias de ensayo l\u00edquidas y s\u00f3lidas mediante el m\u00e9todo de medici\u00f3n est\u00e1tico (OECD 104)<\/a><\/p>\n<p><a href=\"https:\/\/consilab.de\/wp-content\/uploads\/2025\/07\/consiletter-Nr-17-UN-Klasse-1_Prue-freihe1u2_es.pdf\" target=\"_blank\" rel=\"noopener\">consiLetter Nr. 17: Clasificaci\u00f3n de transportes de materiales peligrosos: M\u00e9todos de ensayo para sustancias potencialmente explosivas (Explosives)<\/a><\/p>\n<p><a href=\"https:\/\/consilab.de\/wp-content\/uploads\/2025\/07\/consiletter-Nr-16-UN-Klasse-1_es.pdf\" target=\"_blank\" rel=\"noopener\">consiLetter Nr. 16: Clasificaci\u00f3n de transportes de materiales peligrosos: Sustancias explosivas conforme al Reglamento CLP y al Derecho de transportes de la ONU (Explosives)<\/a><\/p>\n<p><a href=\"https:\/\/consilab.de\/wp-content\/uploads\/2025\/07\/consiletter-Nr-15-Zuendenergien-vo-n-Gasen-und-Dampfen_es.pdf\" target=\"_blank\" rel=\"noopener\">consiLetter Nr. 15: Determinaci\u00f3n de las energ\u00edas de ignici\u00f3n de gases y vapores<\/a><\/p>\n<div  class=\"rt_divider style-4 download-divider\" ><\/div>[\/vc_column_text]<div  class=\"rt-toggle \"><ol><li  class=\"\"><div class=\"toggle-head\"><div class=\"toggle-number\"><span class=\"icon-doc-text\"><\/span><\/div><div class=\"toggle-title clean_heading\">older consiLetter<\/div><\/div><div class=\"toggle-content\"><div id=\"downloads-all\">\n<p><a href=\"https:\/\/consilab.de\/wp-content\/uploads\/2017\/08\/consiletter_Nr_14_flash_point_and_the_lower_explosion_point.pdf\" target=\"_blank\" rel=\"noopener noreferrer\">consiLetter No. 14: Flash point and lower explosion point<\/a> (EN)<br \/>\n<a href=\"https:\/\/consilab.de\/wp-content\/uploads\/2015\/02\/consiletter_Nr_14_Unterer_Explosionspunkt_-_Flammpunkt.pdf\" target=\"_blank\" rel=\"noopener noreferrer\">consiLetter Nr. 14: Flammpunkt und unterer Explosionspunkt<\/a> (DE)<\/p>\n<p><a href=\"https:\/\/consilab.de\/wp-content\/uploads\/2017\/02\/consiletter_Nr_13_Upper_and_lower_explosion_limit.pdf\" target=\"_blank\" rel=\"noopener noreferrer\">consiLetter No. 13: Upper and lower explosion limit<\/a> (EN)<br \/>\n<a href=\"https:\/\/consilab.de\/wp-content\/uploads\/2018\/06\/consiletter_Nr_13.pdf\" target=\"_blank\" rel=\"noopener noreferrer\">consiLetter Nr. 13: Obere und untere Explosionsgrenze<\/a> (DE)<\/p>\n<p><a href=\"https:\/\/consilab.de\/wp-content\/uploads\/2018\/07\/consiletter_Nr_12_flash_point_en.pdf\" target=\"_blank\" rel=\"noopener noreferrer\">consiLetter No. 12: Flash point<\/a> (EN)<br \/>\n<a href=\"https:\/\/consilab.de\/wp-content\/uploads\/2015\/02\/consiletter_Nr_12.pdf\" target=\"_blank\" rel=\"noopener noreferrer\">consiletter Nr. 12: Flammpunkt<\/a> (DE)<\/p>\n<p><a href=\"https:\/\/consilab.de\/wp-content\/uploads\/2018\/07\/consiletter_Nr_11_CLP_GHS\u2013flammability_flash_point_en.pdf\" target=\"_blank\" rel=\"noopener noreferrer\">consiLetter No. 11: Classification according to REACH ans CLP\/ GHS \u2013 flammability (flash point)<\/a> (EN)<br \/>\n<a href=\"https:\/\/consilab.de\/wp-content\/uploads\/2018\/06\/consiletter_Nr_11.pdf\" target=\"_blank\" rel=\"noopener noreferrer\">consiLetter Nr. 11: Entz\u00fcndlichkeit (Flammpunkt) \u2013 Einstufung und Klassifizierung nach REACH und CLP\/GHS<\/a> (DE)<\/p>\n<p><a href=\"https:\/\/consilab.de\/wp-content\/uploads\/2018\/07\/consiletter_Nr_10_Determining_combustion_factor_en.pdf\" target=\"_blank\" rel=\"noopener noreferrer\">consiLetter No. 10: Determining the combustion factor: Why is it important?<\/a> (EN)<br \/>\n<a href=\"https:\/\/consilab.de\/wp-content\/uploads\/2018\/07\/consiletter_Nr_10.pdf\" target=\"_blank\" rel=\"noopener noreferrer\">consiLetter Nr. 10: Bestimmung der Brennzahl<\/a> (DE)<\/p>\n<p><a href=\"https:\/\/consilab.de\/wp-content\/uploads\/2018\/07\/consiletter_Nr_9_en.pdf\" target=\"_blank\" rel=\"noopener noreferrer\">consiLetter No. 9: Christmas tree safety hazard \u2013 supply line pressure loss before safety valves<\/a> (EN)<br \/>\n<a href=\"https:\/\/consilab.de\/wp-content\/uploads\/2018\/07\/consiletter_Nr_10.pdf\" target=\"_blank\" rel=\"noopener noreferrer\">consiLetter Nr. 9: Sicherheitsrisiko Geweih<\/a> (DE)<\/p>\n<p><a href=\"https:\/\/consilab.de\/wp-content\/uploads\/2018\/07\/consiletter_Nr_8-_Two-phase_flow_en.pdf\" target=\"_blank\" rel=\"noopener noreferrer\">consiLetter No. 8: Two-phase flow through safety valves \u2013 What needs to be done?<\/a> (EN)<br \/>\n<a href=\"https:\/\/consilab.de\/wp-content\/uploads\/2018\/07\/consiletter_Nr_8.pdf\" target=\"_blank\" rel=\"noopener noreferrer\">consiLetter Nr. 8: Zweiphasenstr\u00f6mung durch Sicherheitsventile<\/a> (DE)<\/p>\n<p><a href=\"https:\/\/consilab.de\/wp-content\/uploads\/2025\/07\/consiletter-Nr-7-VSP_es.pdf\" target=\"_blank\" rel=\"noopener\">consiLetter Nr. 7: Riesgos t\u00e9rmicos: identificar, valorar, controlar &#8230; Parte III<\/a><\/p>\n<p><a href=\"https:\/\/consilab.de\/wp-content\/uploads\/2025\/07\/consiletter-Nr-6_es.pdf\" target=\"_blank\" rel=\"noopener\">consiLetter Nr. 6: Riesgos t\u00e9rmicos: identificar, valorar, controlar &#8230; Parte II<\/a><\/p>\n<p><a href=\"https:\/\/consilab.de\/wp-content\/uploads\/2025\/07\/consiletter-Nr-5_es.pdf\" target=\"_blank\" rel=\"noopener\">consiLetter Nr. 5: Riesgos t\u00e9rmicos: identificar, valorar, controlar &#8230; Parte I<\/a><\/p>\n<p><a href=\"https:\/\/consilab.de\/wp-content\/uploads\/2018\/07\/consiletter_Nr_4_en.pdf\" target=\"_blank\" rel=\"noopener noreferrer\">consiLetter No. 4: Identifying very low vapor pressure (e. g. of solids)<\/a> (EN)<br \/>\n<a href=\"https:\/\/consilab.de\/wp-content\/uploads\/2018\/07\/consiletter_Nr_4.pdf\" target=\"_blank\" rel=\"noopener noreferrer\">consiLetter Nr. 4: Bestimmung sehr niedriger Dampfdr\u00fccke (z.B. von Feststoffen)<\/a> (DE)<\/p>\n<p><a href=\"https:\/\/consilab.de\/wp-content\/uploads\/2018\/07\/consiletter_Nr_3_Designing_Safety_Valves_en.pdf\" target=\"_blank\" rel=\"noopener noreferrer\">consiLetter No. 3: Designing Safety Valves for the fire case<\/a> (EN)<br \/>\n<a href=\"https:\/\/consilab.de\/wp-content\/uploads\/2018\/07\/consiletter_Nr_3.pdf\" target=\"_blank\" rel=\"noopener noreferrer\">consiLetter Nr. 3: Auslegung von Sicherheitsventilen f\u00fcr den Feuerfall?<\/a> (DE)<\/p>\n<p><a href=\"https:\/\/consilab.de\/wp-content\/uploads\/2018\/07\/consiletter_Nr_2_01.pdf\" target=\"_blank\" rel=\"noopener noreferrer\">consiLetter No. 2: Determining the self-ignition temperature of dust deposits<\/a> (EN)<br \/>\n<a href=\"https:\/\/consilab.de\/wp-content\/uploads\/2018\/07\/consiletter_Nr_2_01.pdf\" target=\"_blank\" rel=\"noopener noreferrer\">consiLetter Nr. 2: Ermittlung von Selbstentz\u00fcndungstemperaturen<\/a> (DE)<\/p>\n<p><a href=\"https:\/\/consilab.de\/wp-content\/uploads\/2018\/07\/consiletter_Nr_1_englisch.pdf\" target=\"_blank\" rel=\"noopener noreferrer\">consiLetter No. 1: Safeguarding of a supply line for pressurized air<\/a> (EN)<br \/>\n<a href=\"https:\/\/consilab.de\/wp-content\/uploads\/2018\/07\/consiletter_Nr_1.pdf\" target=\"_blank\" rel=\"noopener noreferrer\">consiLetter Nr. 1: Absicherung von Druckluft-Versorgungsleitungen f\u00fcr Laborger\u00e4te<\/a> (DE)<\/p>\n<\/div>\n<\/div><\/li><\/ol><\/div>[\/vc_column][\/vc_row]<\/p>\n","protected":false},"excerpt":{"rendered":"<p>[vc_row rt_row_background_width=\u00bbfullwidth\u00bb rt_row_content_width=\u00bbdefault\u00bb rt_row_style=\u00bbdefault-style\u00bb rt_row_borders=\u00bb\u00bb rt_row_shadows=\u00bb\u00bb rt_row_paddings=\u00bbtrue\u00bb rt_bg_effect=\u00bbclassic\u00bb rt_bg_image_repeat=\u00bbrepeat\u00bb rt_bg_size=\u00bbcover\u00bb rt_bg_position=\u00bbright top\u00bb rt_bg_attachment=\u00bbscroll\u00bb rt_bg_video_format=\u00bbself-hosted\u00bb][vc_column rt_column_shadow=\u00bb\u00bb rt_bg_image_repeat=\u00bbrepeat\u00bb rt_bg_size=\u00bbauto auto\u00bb rt_bg_attachment=\u00bbscroll\u00bb][vc_column_text css=\u00bb\u00bb el_class=\u00bbredborderleft\u00bb] Descargas [\/vc_column_text][\/vc_column][\/vc_row][vc_row rt_row_background_width=\u00bbfullwidth\u00bb rt_row_content_width=\u00bbdefault\u00bb rt_row_style=\u00bbdefault-style\u00bb rt_row_borders=\u00bb\u00bb rt_row_shadows=\u00bb\u00bb rt_row_paddings=\u00bbtrue\u00bb rt_bg_effect=\u00bbclassic\u00bb rt_bg_image_repeat=\u00bbrepeat\u00bb rt_bg_size=\u00bbcover\u00bb rt_bg_position=\u00bbright top\u00bb rt_bg_attachment=\u00bbscroll\u00bb rt_bg_video_format=\u00bbself-hosted\u00bb][vc_column width=\u00bb1\/2&#8243; rt_column_shadow=\u00bb\u00bb rt_bg_image_repeat=\u00bbrepeat\u00bb rt_bg_size=\u00bbauto auto\u00bb rt_bg_attachment=\u00bbscroll\u00bb class=\u00bbcolumn-left\u00bb rt_bg_color=\u00bb\u00bb rt_bg_overlay_color=\u00bb\u00bb][vc_column_text css=\u00bb\u00bb el_class=\u00bbredborderleft\u00bb] General Folleto consilab \u00bbUnternehmensdarstellung\u00ab [Presentaci\u00f3n de la empresa]  &#8230;<br \/><a class=\"more-link\" href=\"https:\/\/consilab.de\/es\/telechargement\/\">more | mehr<\/a><\/p>\n","protected":false},"author":1,"featured_media":0,"parent":0,"menu_order":10,"comment_status":"closed","ping_status":"closed","template":"","meta":{"footnotes":""},"class_list":["post-13251","page","type-page","status-publish","hentry"],"_links":{"self":[{"href":"https:\/\/consilab.de\/es\/wp-json\/wp\/v2\/pages\/13251","targetHints":{"allow":["GET"]}}],"collection":[{"href":"https:\/\/consilab.de\/es\/wp-json\/wp\/v2\/pages"}],"about":[{"href":"https:\/\/consilab.de\/es\/wp-json\/wp\/v2\/types\/page"}],"author":[{"embeddable":true,"href":"https:\/\/consilab.de\/es\/wp-json\/wp\/v2\/users\/1"}],"replies":[{"embeddable":true,"href":"https:\/\/consilab.de\/es\/wp-json\/wp\/v2\/comments?post=13251"}],"version-history":[{"count":10,"href":"https:\/\/consilab.de\/es\/wp-json\/wp\/v2\/pages\/13251\/revisions"}],"predecessor-version":[{"id":15616,"href":"https:\/\/consilab.de\/es\/wp-json\/wp\/v2\/pages\/13251\/revisions\/15616"}],"wp:attachment":[{"href":"https:\/\/consilab.de\/es\/wp-json\/wp\/v2\/media?parent=13251"}],"curies":[{"name":"wp","href":"https:\/\/api.w.org\/{rel}","templated":true}]}}