{"id":13411,"date":"2018-06-25T16:50:22","date_gmt":"2018-06-25T14:50:22","guid":{"rendered":"https:\/\/consilab.de\/leistungen\/fachgremien\/"},"modified":"2025-03-06T16:01:09","modified_gmt":"2025-03-06T15:01:09","slug":"fachgremien","status":"publish","type":"page","link":"https:\/\/consilab.de\/es\/leistungen\/fachgremien\/","title":{"rendered":"Comisiones especializadas"},"content":{"rendered":"<p>[vc_row rt_row_background_width=\u00bbfullwidth\u00bb rt_row_content_width=\u00bbdefault\u00bb rt_row_style=\u00bbdefault-style\u00bb rt_row_borders=\u00bb\u00bb rt_row_shadows=\u00bb\u00bb rt_row_paddings=\u00bbfalse\u00bb rt_bg_effect=\u00bbclassic\u00bb rt_bg_image_repeat=\u00bbrepeat\u00bb rt_bg_size=\u00bbcover\u00bb rt_bg_position=\u00bbright top\u00bb rt_bg_attachment=\u00bbscroll\u00bb rt_bg_video_format=\u00bbself-hosted\u00bb][vc_column width=\u00bb1\/3&#8243; rt_column_shadow=\u00bb\u00bb rt_bg_image_repeat=\u00bbrepeat\u00bb rt_bg_size=\u00bbauto auto\u00bb rt_bg_attachment=\u00bbscroll\u00bb class=\u00bbdownload\u00bb rt_bg_color=\u00bb\u00bb rt_bg_overlay_color=\u00bb\u00bb offset=\u00bbvc_hidden-sm vc_hidden-xs\u00bb css=\u00bb.vc_custom_1532424458799{margin-bottom: 1em !important;padding-bottom: 0px !important;}\u00bb rt_padding_bottom=\u00bb0&#8243;][vc_widget_sidebar sidebar_id=\u00bbrt-theme-20-common-sidebar\u00bb][\/vc_column][vc_column width=\u00bb2\/3&#8243; rt_column_shadow=\u00bb\u00bb rt_bg_image_repeat=\u00bbrepeat\u00bb rt_bg_size=\u00bbauto auto\u00bb rt_bg_attachment=\u00bbscroll\u00bb class=\u00bbmaincontent\u00bb rt_bg_color=\u00bb\u00bb rt_bg_overlay_color=\u00bb\u00bb css=\u00bb.vc_custom_1532424451161{margin-bottom: 1em !important;padding-bottom: 2em !important;}\u00bb][vc_column_text css=\u00bb\u00bb el_class=\u00bbredborderleft\u00bb]<\/p>\n<h1>Comisiones especializadas<\/h1>\n<h2 class=\"bodytext\">Cooperamos en una red de grupos de trabajo y comit\u00e9s de expertos nacionales e internacionales de numerosas organizaciones estrechamente relacionados entre s\u00ed, por ejemplo:<\/h2>\n<ul>\n<li>Grupos de trabajo de la industria qu\u00edmica en Alemania y en Europa<\/li>\n<li>BG RCI (Asociaci\u00f3n profesional de Materias primas e Industria qu\u00edmica, Berufsgenossenschaft Rohstoffe und chemische Industrie)<\/li>\n<li>DIERS (Design Institute of Emergency Relief Systems)<\/li>\n<li>DIN (Instituto alem\u00e1n de normalizaci\u00f3n, Deutsches Institut f\u00fcr Normung)<\/li>\n<li>DKE (Comisi\u00f3n alemana de electrotecnia, Deutsche Kommission Elektrotechnik)<\/li>\n<li>EDUG (European DIERS Users Group)<\/li>\n<li>IGR (Agrupaci\u00f3n de inter\u00e9s com\u00fan de normas t\u00e9cnicas, Interessengemeinschaft Regelwerke Technik e.V.)<\/li>\n<li>IGUS (International Group of Experts on the Explosion Risks of Unstable Substances)<\/li>\n<li>ISO (International Organization for Standardization)<\/li>\n<li>Process-Net (Iniciativa de DECHEMA y VDI-GVC)<\/li>\n<\/ul>\n<p>Gracias a la cooperaci\u00f3n en estas comisiones especializadas nacionales e internacionales siempre estamos perfectamente informados sobre el desarrollo futuro del estado de la t\u00e9cnica. Nuestros clientes se benefician de esta ventaja relativa a conocimientos. As\u00ed es como nos enteramos de normas y directivas a\u00fan no publicadas, pudiendo incorporarlas en proyectos en curso. Gracias a ello, nuestros clientes pueden prepararse para normas inminentes. Adem\u00e1s, tambi\u00e9n intervenimos en la elaboraci\u00f3n de dichas normas y directivas, garantizando as\u00ed un alto grado de orientaci\u00f3n pr\u00e1ctica.<\/p>\n<p>Al fin y al cabo conocemos todos los detalles de normas de ensayo y otras normativas lo que nos permite atender de manera \u00f3ptima a nuestros clientes internacionales tanto en Alemania como tambi\u00e9n en el extranjero.[\/vc_column_text][vc_btn title=\u00bbPrestaciones\u00bb style=\u00bbclassic\u00bb color=\u00bbpurple\u00bb i_icon_fontawesome=\u00bbfas fa-angle-left\u00bb css=\u00bb\u00bb add_icon=\u00bbtrue\u00bb link=\u00bburl:%2Fes%2Fleistungen%2F|title:Prestaciones\u00bb el_class=\u00bbbtn&#8211;red\u00bb][\/vc_column][\/vc_row]<\/p>\n","protected":false},"excerpt":{"rendered":"<p>[vc_row rt_row_background_width=\u00bbfullwidth\u00bb rt_row_content_width=\u00bbdefault\u00bb rt_row_style=\u00bbdefault-style\u00bb rt_row_borders=\u00bb\u00bb rt_row_shadows=\u00bb\u00bb rt_row_paddings=\u00bbfalse\u00bb rt_bg_effect=\u00bbclassic\u00bb rt_bg_image_repeat=\u00bbrepeat\u00bb rt_bg_size=\u00bbcover\u00bb rt_bg_position=\u00bbright top\u00bb rt_bg_attachment=\u00bbscroll\u00bb rt_bg_video_format=\u00bbself-hosted\u00bb][vc_column width=\u00bb1\/3&#8243; rt_column_shadow=\u00bb\u00bb rt_bg_image_repeat=\u00bbrepeat\u00bb rt_bg_size=\u00bbauto auto\u00bb rt_bg_attachment=\u00bbscroll\u00bb class=\u00bbdownload\u00bb rt_bg_color=\u00bb\u00bb rt_bg_overlay_color=\u00bb\u00bb offset=\u00bbvc_hidden-sm vc_hidden-xs\u00bb css=\u00bb.vc_custom_1532424458799{margin-bottom: 1em !important;padding-bottom: 0px !important;}\u00bb rt_padding_bottom=\u00bb0&#8243;][vc_widget_sidebar sidebar_id=\u00bbrt-theme-20-common-sidebar\u00bb][\/vc_column][vc_column width=\u00bb2\/3&#8243; rt_column_shadow=\u00bb\u00bb rt_bg_image_repeat=\u00bbrepeat\u00bb rt_bg_size=\u00bbauto auto\u00bb rt_bg_attachment=\u00bbscroll\u00bb class=\u00bbmaincontent\u00bb rt_bg_color=\u00bb\u00bb rt_bg_overlay_color=\u00bb\u00bb css=\u00bb.vc_custom_1532424451161{margin-bottom: 1em !important;padding-bottom: 2em !important;}\u00bb][vc_column_text css=\u00bb\u00bb el_class=\u00bbredborderleft\u00bb] Comisiones especializadas Cooperamos en una red de  &#8230;<br \/><a class=\"more-link\" href=\"https:\/\/consilab.de\/es\/leistungen\/fachgremien\/\">more | mehr<\/a><\/p>\n","protected":false},"author":1,"featured_media":0,"parent":13188,"menu_order":7,"comment_status":"closed","ping_status":"closed","template":"","meta":{"footnotes":""},"class_list":["post-13411","page","type-page","status-publish","hentry"],"_links":{"self":[{"href":"https:\/\/consilab.de\/es\/wp-json\/wp\/v2\/pages\/13411","targetHints":{"allow":["GET"]}}],"collection":[{"href":"https:\/\/consilab.de\/es\/wp-json\/wp\/v2\/pages"}],"about":[{"href":"https:\/\/consilab.de\/es\/wp-json\/wp\/v2\/types\/page"}],"author":[{"embeddable":true,"href":"https:\/\/consilab.de\/es\/wp-json\/wp\/v2\/users\/1"}],"replies":[{"embeddable":true,"href":"https:\/\/consilab.de\/es\/wp-json\/wp\/v2\/comments?post=13411"}],"version-history":[{"count":3,"href":"https:\/\/consilab.de\/es\/wp-json\/wp\/v2\/pages\/13411\/revisions"}],"predecessor-version":[{"id":13413,"href":"https:\/\/consilab.de\/es\/wp-json\/wp\/v2\/pages\/13411\/revisions\/13413"}],"up":[{"embeddable":true,"href":"https:\/\/consilab.de\/es\/wp-json\/wp\/v2\/pages\/13188"}],"wp:attachment":[{"href":"https:\/\/consilab.de\/es\/wp-json\/wp\/v2\/media?parent=13411"}],"curies":[{"name":"wp","href":"https:\/\/api.w.org\/{rel}","templated":true}]}}