{"id":13695,"date":"2018-06-19T09:11:33","date_gmt":"2018-06-19T07:11:33","guid":{"rendered":"https:\/\/consilab.de\/leistungen\/kenndaten-von-stoffen\/"},"modified":"2025-05-14T21:54:56","modified_gmt":"2025-05-14T19:54:56","slug":"kenndaten-von-stoffen","status":"publish","type":"page","link":"https:\/\/consilab.de\/es\/leistungen\/kenndaten-von-stoffen\/","title":{"rendered":"Caracter\u00edsticas de sustancias"},"content":{"rendered":"<p>[vc_row rt_row_background_width=\u00bbfullwidth\u00bb rt_row_content_width=\u00bbdefault\u00bb rt_row_style=\u00bbdefault-style\u00bb rt_row_borders=\u00bb\u00bb rt_row_shadows=\u00bb\u00bb rt_row_paddings=\u00bbfalse\u00bb rt_bg_effect=\u00bbclassic\u00bb rt_bg_image_repeat=\u00bbrepeat\u00bb rt_bg_size=\u00bbcover\u00bb rt_bg_position=\u00bbright top\u00bb rt_bg_attachment=\u00bbscroll\u00bb rt_bg_video_format=\u00bbself-hosted\u00bb][vc_column width=\u00bb1\/3&#8243; rt_column_shadow=\u00bb\u00bb rt_bg_image_repeat=\u00bbrepeat\u00bb rt_bg_size=\u00bbauto auto\u00bb rt_bg_attachment=\u00bbscroll\u00bb class=\u00bbdownload\u00bb rt_bg_color=\u00bb\u00bb rt_bg_overlay_color=\u00bb\u00bb offset=\u00bbvc_hidden-sm vc_hidden-xs\u00bb css=\u00bb.vc_custom_1530014764361{padding-top: 1em !important;padding-bottom: 0px !important;}\u00bb rt_padding_bottom=\u00bb0&#8243;][vc_widget_sidebar sidebar_id=\u00bbrt-theme-20-common-sidebar\u00bb][\/vc_column][vc_column width=\u00bb2\/3&#8243; rt_column_shadow=\u00bb\u00bb rt_bg_image_repeat=\u00bbrepeat\u00bb rt_bg_size=\u00bbauto auto\u00bb rt_bg_attachment=\u00bbscroll\u00bb class=\u00bbmaincontent\u00bb rt_bg_color=\u00bb\u00bb rt_bg_overlay_color=\u00bb\u00bb css=\u00bb.vc_custom_1533617291210{padding-top: 1em !important;padding-bottom: 1em !important;}\u00bb][vc_column_text css=\u00bb\u00bb el_class=\u00bbredborderleft\u00bb]<\/p>\n<h1>Caracter\u00edsticas relativas a la seguridad de sustancias<\/h1>\n<p>Sobre la base de tecnolog\u00edas y m\u00e9todos reconocidos determinamos en nuestro laboratorio de pruebas las caracter\u00edsticas que luego incorporamos en nuestros conceptos de seguridad:<\/p>\n<ul>\n<li>Estabilidad t\u00e9rmica de sustancias o bien mezclas de sustancias y de reacci\u00f3n<\/li>\n<li>Comportamiento de combusti\u00f3n y explosi\u00f3n de gases, vapores y l\u00edquidos<\/li>\n<li>Comportamiento de polvos levantados<\/li>\n<li>Comportamiento de polvos depositados<\/li>\n<li>Electrost\u00e1tica<\/li>\n<li>Seguridad de reacciones qu\u00edmicas<\/li>\n<li>Reacciones runaway<\/li>\n<\/ul>\n<p>Para m\u00e1s informaci\u00f3n haga clic a la derecha en <span style=\"color: #e50000;\"><span class=\"rt-icon icon-plus \"><\/span>\u00a0<\/span>[\/vc_column_text]<div  class=\"rt-toggle kenndatenvonstoffen\"><ol><li  class=\"\"><div class=\"toggle-head\"><div class=\"toggle-number\"><span class=\"icon-beaker\"><\/span><\/div><div class=\"toggle-title clean_heading\">Estabilidad t\u00e9rmica de sustancias o bien mezclas de sustancias y de reacci\u00f3n<\/div><\/div><div class=\"toggle-content\"><ul>\n<li>Descomposici\u00f3n t\u00e9rmica con ayuda:<br \/>\n&gt; del an\u00e1lisis t\u00e9rmico diferencial (-80 a + 500\u00b0C), <a href=\"https:\/\/consilab.de\/consiletter-nr-19-zersetzungstemperatur\/\">\u2192 m\u00e1s informaci\u00f3n<\/a><br \/>\n&gt; del intercambio adiab\u00e1tico de presi\u00f3n y calor (temperatura ambiente hasta 300\u00b0C; hasta 500 bar),<br \/>\n<a href=\"https:\/\/consilab.de\/es\/leistungen\/kenndaten-von-stoffen\/adiabater-druckwaermestauversuch\/\">\u2192 m\u00e1s informaci\u00f3n<\/a><br \/>\n&gt; del microcalor\u00edmetro TAM IV (4 a 150 \u00b0C) <a href=\"https:\/\/consilab.de\/es\/leistungen\/kenndaten-von-stoffen\/mikrokalorimeter-tam-iv\/\">\u2192 m\u00e1s informaci\u00f3n<\/a><\/li>\n<li>Capacidad de deflagraci\u00f3n en sistemas abiertos y aislados (a temperaturas hasta 250\u00b0C, presiones hasta 50 bar, inertizaci\u00f3n)<\/li>\n<li>\n<ul>\n<li>Explosividad y riesgo de explosi\u00f3n con ayuda de la prueba de Koenen (prueba t\u00e9rmica), prueba del martinete y del aparato de fricci\u00f3n (prueba mec\u00e1nica) <a href=\"https:\/\/consilab.de\/es\/leistungen\/kenndaten-von-stoffen\/explosionsgefaehrliche-stoffe-nach-sprengg\/\">\u2192 m\u00e1s informaci\u00f3n<\/a><\/li>\n<\/ul>\n<\/li>\n<\/ul>\n<\/div><\/li><li  class=\"\"><div class=\"toggle-head\"><div class=\"toggle-number\"><span class=\"icon-fire-station\"><\/span><\/div><div class=\"toggle-title clean_heading\">Comportamiento de combusti\u00f3n y explosi\u00f3n de gases, vapores y l\u00edquidos<\/div><\/div><div class=\"toggle-content\"><ul>\n<li>Punto de inflamaci\u00f3n (-30 a +370 \u00b0C) <a class=\"internal-link\" title=\"Opens internal link in current window\" href=\"https:\/\/consilab.de\/es\/leistungen\/kenndaten-von-stoffen\/flammpunkt\/\">\u2192 m\u00e1s informaci\u00f3n<\/a><\/li>\n<li>L\u00edmite inferior de explosividad (LIE) (-20 a +200 \u00b0C) <a class=\"internal-link\" title=\"Opens internal link in current window\" href=\"https:\/\/consilab.de\/es\/leistungen\/kenndaten-von-stoffen\/bestimmung-des-unteren-explosionspunktes-uep\/\">\u2192 m\u00e1s informaci\u00f3n<\/a><\/li>\n<li>Temperatura de ignici\u00f3n (temperatura ambiente hasta 650 \u00b0C) <a class=\"internal-link\" title=\"Opens internal link in current window\" href=\"https:\/\/consilab.de\/es\/leistungen\/kenndaten-von-stoffen\/zuendtemperatur\/\">\u2192 m\u00e1s informaci\u00f3n<\/a><\/li>\n<li>Comportamiento de combusti\u00f3n \/ combusti\u00f3n sostenida <a class=\"internal-link\" title=\"Opens internal link in current window\" href=\"https:\/\/consilab.de\/es\/leistungen\/kenndaten-von-stoffen\/weiterbrennbarkeit\/\">\u2192 m\u00e1s informaci\u00f3n<\/a><\/li>\n<li>L\u00edmite inferior y superior de explosividad <a href=\"https:\/\/consilab.de\/es\/leistungen\/kenndaten-von-stoffen\/untere-bzw-obere-explosionsgrenze\/\">\u2192 m\u00e1s informaci\u00f3n<\/a><\/li>\n<li>Concentraci\u00f3n l\u00edmite de ox\u00edgeno <a href=\"https:\/\/consilab.de\/es\/leistungen\/kenndaten-von-stoffen\/untere-bzw-obere-explosionsgrenze\/\">\u2192 m\u00e1s informaci\u00f3n<\/a><\/li>\n<\/ul>\n<\/div><\/li><li  class=\"\"><div class=\"toggle-head\"><div class=\"toggle-number\"><span class=\"icon-air\"><\/span><\/div><div class=\"toggle-title clean_heading\">Comportamiento de polvos levantados<\/div><\/div><div class=\"toggle-content\"><p><img loading=\"lazy\" decoding=\"async\" class=\"alignnone wp-image-3020\" src=\"https:\/\/consilab.de\/wp-content\/uploads\/2015\/02\/consiletter-beispiel-1830-1024x256.jpg\" alt=\"\" width=\"600\" height=\"150\" srcset=\"https:\/\/consilab.de\/wp-content\/uploads\/2015\/02\/consiletter-beispiel-1830-1024x256.jpg 1024w, https:\/\/consilab.de\/wp-content\/uploads\/2015\/02\/consiletter-beispiel-1830-350x88.jpg 350w, https:\/\/consilab.de\/wp-content\/uploads\/2015\/02\/consiletter-beispiel-1830-768x192.jpg 768w, https:\/\/consilab.de\/wp-content\/uploads\/2015\/02\/consiletter-beispiel-1830.jpg 1200w\" sizes=\"auto, (max-width: 600px) 100vw, 600px\" \/><\/p>\n<ul>\n<li>Potencial de explosi\u00f3n de polvo<br \/>\n&gt; Tubo de Hartman <a class=\"internal-link\" title=\"Opens internal link in current window\" href=\"https:\/\/consilab.de\/es\/leistungen\/kenndaten-von-stoffen\/staubexplosionsfaehigkeit-im-hartmannrohr\/\">\u2192 m\u00e1s informaci\u00f3n (Video)<\/a><br \/>\n&gt; Bola de 20 litros<\/li>\n<li>Energ\u00eda m\u00ednima de ignici\u00f3n (aparato MIKE 3) <a href=\"https:\/\/consilab.de\/es\/leistungen\/kenndaten-von-stoffen\/bestimmung-der-mindestzuendenergie-in-der-mike-3-apparatur\/\">\u2192 m\u00e1s informaci\u00f3n<\/a><\/li>\n<li>L\u00edmite inferior de explosividad en la bola de 20 litros<\/li>\n<li>Concentraci\u00f3n l\u00edmite de ox\u00edgeno en la bola de 20 litros<\/li>\n<li>Par\u00e1metros de explosi\u00f3n de polvo valores K<sub>St<\/sub> y p<sub>m\u00e1x<\/sub>, clase de explosividad de polvo<\/li>\n<li>Temperatura m\u00ednima de ignici\u00f3n de la nube de polvo en el horno Godbert-Greenwald<\/li>\n<li>Distribuci\u00f3n granulom\u00e9trica <a href=\"https:\/\/consilab.de\/es\/leistungen\/kenndaten-von-stoffen\/bestimmung-der-korngroessenverteilung-partikelverteilung\/\">\u2192 m\u00e1s informaci\u00f3n<\/a><\/li>\n<\/ul>\n<\/div><\/li><li  class=\"\"><div class=\"toggle-head\"><div class=\"toggle-number\"><span class=\"icon-menu\"><\/span><\/div><div class=\"toggle-title clean_heading\">Comportamiento de polvos depositados<\/div><\/div><div class=\"toggle-content\"><ul>\n<li>\u00cdndice de combusti\u00f3n \/ comportamiento de combusti\u00f3n\u00a0 <a class=\"internal-link\" title=\"Opens internal link in current window\" href=\"https:\/\/consilab.de\/es\/leistungen\/kenndaten-von-stoffen\/brennzahl-brennverhalten-abbrandgeschwindigkeit\/\">\u2192 m\u00e1s informaci\u00f3n<\/a><\/li>\n<li>Velocidad de combusti\u00f3n<\/li>\n<li>Comportamiento de combusti\u00f3n espont\u00e1nea<br \/>\n&gt; An\u00e1lisis t\u00e9rmico diferencial a menos de 20 bar de aire (hasta + 400 \u00b0C)<br \/>\n&gt; Horno de Grewer<br \/>\n&gt; Almacenamiento adiab\u00e1tico o isot\u00e9rmico en una cesta de alambre de 400 ml o 1 litro<\/li>\n<li>Temperatura de incandescencia<\/li>\n<li>Conductividad de calor \/ conductividad t\u00e9rmica \/ capacidad cal\u00f3rica espec\u00edfica<br \/>\n<a href=\"https:\/\/consilab.de\/es\/leistungen\/kenndaten-von-stoffen\/hot-disc-methode-bestimmung-der-waermeleitfaehigkeit-und-kapazitaet\/\">\u2192 m\u00e1s informaci\u00f3n<\/a><\/li>\n<\/ul>\n<\/div><\/li><li  class=\"\"><div class=\"toggle-head\"><div class=\"toggle-number\"><span class=\"icon-flash\"><\/span><\/div><div class=\"toggle-title clean_heading\">Electrost\u00e1tica<\/div><\/div><div class=\"toggle-content\"><ul>\n<li>Resistencia espec\u00edfica del polvo <a href=\"https:\/\/consilab.de\/es\/leistungen\/kenndaten-von-stoffen\/spezifischer-pulverdurchgangswiderstand\/\">\u2192 m\u00e1s informaci\u00f3n<\/a><\/li>\n<li>Conductividad de l\u00edquidos y suspensiones\u00a0 <a href=\"https:\/\/consilab.de\/es\/leistungen\/kenndaten-von-stoffen\/elektrische-leitfaehigkeit-von-fluessigkeiten\/\">\u2192 m\u00e1s informaci\u00f3n<\/a><\/li>\n<li>Resistencia superficial de l\u00e1minas<\/li>\n<li>Resistencia vertical espec\u00edfica y resistencia superficial de materiales textiles<\/li>\n<li>Resistencia vertical espec\u00edfica<\/li>\n<li>Medici\u00f3n de transferencia de carga <a href=\"https:\/\/consilab.de\/es\/leistungen\/kenndaten-von-stoffen\/ladungstransfermessung\/\">\u2192 m\u00e1s informaci\u00f3n<\/a><\/li>\n<li>Conductividad de suelos <a href=\"https:\/\/consilab.de\/es\/leistungen\/kenndaten-von-stoffen\/leitfaehigkeit-von-fussboeden\/\">\u2192 m\u00e1s informaci\u00f3n<\/a><\/li>\n<li>Tensi\u00f3n disruptiva<\/li>\n<li>Permitividad relativa <a href=\"https:\/\/consilab.de\/es\/leistungen\/kenndaten-von-stoffen\/permittivite-relative\/\">\u2192 m\u00e1s informaci\u00f3n<\/a><\/li>\n<\/ul>\n<\/div><\/li><li  class=\"\"><div class=\"toggle-head\"><div class=\"toggle-number\"><span class=\"icon-water\"><\/span><\/div><div class=\"toggle-title clean_heading\">Seguridad de reacciones qu\u00edmicas<\/div><\/div><div class=\"toggle-content\"><ul>\n<li>Prueba de screening con ayuda del an\u00e1lisis t\u00e9rmico diferencial (-80 a + 700 \u00b0C)<\/li>\n<li>Determinaci\u00f3n de la entalp\u00eda de reacci\u00f3n\/del aumento adiab\u00e1tico de temperatura, acumulaci\u00f3n de reactantes, \u00edndices de producci\u00f3n t\u00e9rmica, capacidades t\u00e9rmicas y desarrollo de gas con ayuda de un calor\u00edmetro de reacci\u00f3n RC1 (en presiones de 0 a 350 bar, temperaturas de -50 a +250 \u00b0C)<\/li>\n<\/ul>\n<\/div><\/li><li  class=\"\"><div class=\"toggle-head\"><div class=\"toggle-number\"><span class=\"icon-flow-cascade\"><\/span><\/div><div class=\"toggle-title clean_heading\">Reacciones runaway<\/div><\/div><div class=\"toggle-content\"><ul>\n<li>ARSST (Advanced Reactive System Screening Tool)<\/li>\n<li>Simulaci\u00f3n directa de una falla de funcionamiento con VSP2 (Vent Sizing Package 2):<br \/>\ndeterminaci\u00f3n de los \u00edndices de producci\u00f3n t\u00e9rmica, \u00edndices de producci\u00f3n de gas, tendencia a la formaci\u00f3n de espuma y pruebas de alivio de la presi\u00f3n para la configuraci\u00f3n de v\u00e1lvulas de seguridad <a href=\"https:\/\/consilab.de\/es\/leistungen\/kenndaten-von-stoffen\/direkte-simulation-einer-betriebsstoerung-mit-vsp2-vent-sizing-package-2\/\">\u2192 m\u00e1s informaci\u00f3n<\/a><\/li>\n<\/ul>\n<\/div><\/li><\/ol><\/div>[vc_btn title=\u00bbPrestaciones \u00bb style=\u00bbclassic\u00bb color=\u00bbpurple\u00bb i_icon_fontawesome=\u00bbfas fa-angle-left\u00bb css=\u00bb\u00bb add_icon=\u00bbtrue\u00bb link=\u00bburl:%2Fes%2Fleistungen%2F|title:Prestaciones%20&#8243; el_class=\u00bbbtn&#8211;red\u00bb][\/vc_column][\/vc_row]<\/p>\n","protected":false},"excerpt":{"rendered":"<p>[vc_row rt_row_background_width=\u00bbfullwidth\u00bb rt_row_content_width=\u00bbdefault\u00bb rt_row_style=\u00bbdefault-style\u00bb rt_row_borders=\u00bb\u00bb rt_row_shadows=\u00bb\u00bb rt_row_paddings=\u00bbfalse\u00bb rt_bg_effect=\u00bbclassic\u00bb rt_bg_image_repeat=\u00bbrepeat\u00bb rt_bg_size=\u00bbcover\u00bb rt_bg_position=\u00bbright top\u00bb rt_bg_attachment=\u00bbscroll\u00bb rt_bg_video_format=\u00bbself-hosted\u00bb][vc_column width=\u00bb1\/3&#8243; rt_column_shadow=\u00bb\u00bb rt_bg_image_repeat=\u00bbrepeat\u00bb rt_bg_size=\u00bbauto auto\u00bb rt_bg_attachment=\u00bbscroll\u00bb class=\u00bbdownload\u00bb rt_bg_color=\u00bb\u00bb rt_bg_overlay_color=\u00bb\u00bb offset=\u00bbvc_hidden-sm vc_hidden-xs\u00bb css=\u00bb.vc_custom_1530014764361{padding-top: 1em !important;padding-bottom: 0px !important;}\u00bb rt_padding_bottom=\u00bb0&#8243;][vc_widget_sidebar sidebar_id=\u00bbrt-theme-20-common-sidebar\u00bb][\/vc_column][vc_column width=\u00bb2\/3&#8243; rt_column_shadow=\u00bb\u00bb rt_bg_image_repeat=\u00bbrepeat\u00bb rt_bg_size=\u00bbauto auto\u00bb rt_bg_attachment=\u00bbscroll\u00bb class=\u00bbmaincontent\u00bb rt_bg_color=\u00bb\u00bb rt_bg_overlay_color=\u00bb\u00bb css=\u00bb.vc_custom_1533617291210{padding-top: 1em !important;padding-bottom: 1em !important;}\u00bb][vc_column_text css=\u00bb\u00bb el_class=\u00bbredborderleft\u00bb] Caracter\u00edsticas relativas a la seguridad de sustancias  &#8230;<br \/><a class=\"more-link\" href=\"https:\/\/consilab.de\/es\/leistungen\/kenndaten-von-stoffen\/\">more | mehr<\/a><\/p>\n","protected":false},"author":1,"featured_media":0,"parent":13188,"menu_order":1,"comment_status":"closed","ping_status":"closed","template":"","meta":{"footnotes":""},"class_list":["post-13695","page","type-page","status-publish","hentry"],"_links":{"self":[{"href":"https:\/\/consilab.de\/es\/wp-json\/wp\/v2\/pages\/13695","targetHints":{"allow":["GET"]}}],"collection":[{"href":"https:\/\/consilab.de\/es\/wp-json\/wp\/v2\/pages"}],"about":[{"href":"https:\/\/consilab.de\/es\/wp-json\/wp\/v2\/types\/page"}],"author":[{"embeddable":true,"href":"https:\/\/consilab.de\/es\/wp-json\/wp\/v2\/users\/1"}],"replies":[{"embeddable":true,"href":"https:\/\/consilab.de\/es\/wp-json\/wp\/v2\/comments?post=13695"}],"version-history":[{"count":5,"href":"https:\/\/consilab.de\/es\/wp-json\/wp\/v2\/pages\/13695\/revisions"}],"predecessor-version":[{"id":14292,"href":"https:\/\/consilab.de\/es\/wp-json\/wp\/v2\/pages\/13695\/revisions\/14292"}],"up":[{"embeddable":true,"href":"https:\/\/consilab.de\/es\/wp-json\/wp\/v2\/pages\/13188"}],"wp:attachment":[{"href":"https:\/\/consilab.de\/es\/wp-json\/wp\/v2\/media?parent=13695"}],"curies":[{"name":"wp","href":"https:\/\/api.w.org\/{rel}","templated":true}]}}