{"id":13742,"date":"2018-06-19T09:34:15","date_gmt":"2018-06-19T07:34:15","guid":{"rendered":"https:\/\/consilab.de\/leistungen\/sicherheitstechnische-berechnungen\/"},"modified":"2025-05-15T14:44:54","modified_gmt":"2025-05-15T12:44:54","slug":"sicherheitstechnische-berechnungen","status":"publish","type":"page","link":"https:\/\/consilab.de\/es\/leistungen\/sicherheitstechnische-berechnungen\/","title":{"rendered":"C\u00e1lculos relativos a la seguridad"},"content":{"rendered":"<p>[vc_row rt_row_background_width=\u00bbfullwidth\u00bb rt_row_content_width=\u00bbdefault\u00bb rt_row_style=\u00bbdefault-style\u00bb rt_row_borders=\u00bb\u00bb rt_row_shadows=\u00bb\u00bb rt_row_paddings=\u00bbtrue\u00bb rt_bg_effect=\u00bbclassic\u00bb rt_bg_image_repeat=\u00bbrepeat\u00bb rt_bg_size=\u00bbcover\u00bb rt_bg_position=\u00bbright top\u00bb rt_bg_attachment=\u00bbscroll\u00bb rt_bg_video_format=\u00bbself-hosted\u00bb][vc_column width=\u00bb1\/3&#8243; rt_column_shadow=\u00bb\u00bb rt_bg_image_repeat=\u00bbrepeat\u00bb rt_bg_size=\u00bbauto auto\u00bb rt_bg_attachment=\u00bbscroll\u00bb class=\u00bbdownload\u00bb rt_bg_color=\u00bb\u00bb rt_bg_overlay_color=\u00bb\u00bb offset=\u00bbvc_hidden-sm vc_hidden-xs\u00bb css=\u00bb.vc_custom_1529335398592{padding-bottom: 0px !important;}\u00bb rt_padding_bottom=\u00bb0&#8243;][vc_widget_sidebar sidebar_id=\u00bbrt-theme-20-common-sidebar\u00bb][\/vc_column][vc_column width=\u00bb2\/3&#8243; rt_column_shadow=\u00bb\u00bb rt_bg_image_repeat=\u00bbrepeat\u00bb rt_bg_size=\u00bbauto auto\u00bb rt_bg_attachment=\u00bbscroll\u00bb class=\u00bbmaincontent\u00bb rt_bg_color=\u00bb\u00bb rt_bg_overlay_color=\u00bb\u00bb css=\u00bb.vc_custom_1531839196086{margin-bottom: 2em !important;padding-bottom: 0px !important;}\u00bb][vc_column_text css=\u00bb\u00bb el_class=\u00bbredborderleft\u00bb]<\/p>\n<h1>C\u00e1lculos relativos a la seguridad<\/h1>\n<h2>Realizamos c\u00e1lculos para el dise\u00f1o de componentes de seguridad de instalaciones.<\/h2>\n<p>En caso dado tambi\u00e9n sobre la base de par\u00e1metros de seguridad determinados, seg\u00fan sea necesario, en nuestro laboratorio propio.<\/p>\n<p>Adem\u00e1s llevamos a cabo c\u00e1lculos de propagaci\u00f3n que permiten estimar las consecuencias de escapes de una sustancia. Estos c\u00e1lculos son parte integrante de los documentos de autorizaci\u00f3n que deben ser presentados por los operadores de la instalaci\u00f3n a la autoridad competente.<\/p>\n<p>Para tratar cuestiones relativas a la seguridad, consilab cuenta con expertos de profundos conocimientos y experiencia de largos a\u00f1os as\u00ed como con toda una gama de valiosos programas de simulaci\u00f3n como Flowmaster\u00ae y ChemCAD\u00ae.<\/p>\n<h2>Protecci\u00f3n de equipos a presi\u00f3n<\/h2>\n<p>En la protecci\u00f3n debida de recipientes a presi\u00f3n, los expertos de consilab realizan un an\u00e1lisis detallado de posibles causas de un aumento de la presi\u00f3n. Entonces, el flujo de masa a derivar de una parte de la instalaci\u00f3n depende de manera decisiva de los escenarios identificados. Al calcular el flujo de masa evacuable, tal vez deben tenerse en cuenta flujos bif\u00e1sicos. En casos complejos, como la protecci\u00f3n de reactores, puede ser necesario realizar el dise\u00f1o sobre la base de c\u00e1lculos din\u00e1micos de simulaci\u00f3n. Concretamente, consilab se dedica a las siguientes tareas:<\/p>\n<ul>\n<li>An\u00e1lisis de escenarios de acumulaci\u00f3n de presi\u00f3n <a href=\"https:\/\/consilab.de\/es\/leistungen\/sicherheitstechnische-berechnungen\/analyse-von-druckaufbauszenarien\/\">\u2192 m\u00e1s informaci\u00f3n<\/a><\/li>\n<li>Dise\u00f1o de dispositivos limitadores de presi\u00f3n (v\u00e1lvulas se seguridad \u2009\/ discos de ruptura \/ sistemas de ventilaci\u00f3n) (tambi\u00e9n para flujos bif\u00e1sicos)<\/li>\n<li>Comprobaci\u00f3n aritm\u00e9tica de tuber\u00edas de alimentaci\u00f3n y tuber\u00edas de escape (tambi\u00e9n para el flujo bif\u00e1sico)\u00a0 <a href=\"https:\/\/consilab.de\/es\/leistungen\/sicherheitstechnische-berechnungen\/zuleitungen-und-abblaseleitungen\/\">\u2192 m\u00e1s informaci\u00f3n<\/a><\/li>\n<li>Dise\u00f1o de sistemas de retenci\u00f3n <a href=\"https:\/\/consilab.de\/es\/leistungen\/sicherheitstechnische-berechnungen\/auslegung-von-rueckhaltesystemen\/\">\u2192 m\u00e1s informaci\u00f3n<\/a><\/li>\n<li>Registro y documentaci\u00f3n de dispositivos delimitadores de presi\u00f3n y de retenci\u00f3n durante la operaci\u00f3n<\/li>\n<\/ul>\n<h3>Protecci\u00f3n de reactores qu\u00edmicos<\/h3>\n<p>Por lo general, se conoce muy bien la reacci\u00f3n nominal en la operaci\u00f3n normal. Sin embargo, en caso de una falla del proceso de operaci\u00f3n normal puede cambiar r\u00e1pidamente el estado dentro de un reactor, provocando reacciones indeseables y a menudo inesperadas que luego podr\u00e1n desembocar en un aumento imprevisto y muy r\u00e1pido de la presi\u00f3n m\u00e1s all\u00e1 de la presi\u00f3n de operaci\u00f3n admisible del reactor.<\/p>\n<p>Cada falla posible que no podr\u00e1 ser excluida con medidas suficientes de control del proceso o de organizaci\u00f3n para garantizar la seguridad en la operaci\u00f3n normal, debe ser analizada en un ensayo adiab\u00e1tico de laboratorio con vista a la posible velocidad de aumento de la temperatura y de la presi\u00f3n. Esto no solo supone analizar un conducto de escape bloqueado o una falla en el sistema de control del calentamiento, sino tambi\u00e9n en caso dado una dosificaci\u00f3n indebida, la acumulaci\u00f3n, el intercambio accidental de materiales, etc. Por lo general se llevan a cabo para ello experimentos en un calor\u00edmetro adiab\u00e1tico de reacci\u00f3n, p. ej. VSP2. Conviene discutir junto con nuestros expertos experimentados los ensayos que deben realizarse para registrar datos \u00f3ptimos para la protecci\u00f3n de la instalaci\u00f3n.<\/p>\n<p>El gradiente de presi\u00f3n durante la reacci\u00f3n y la curva de refrigeraci\u00f3n permite deducir si la reacci\u00f3n analizada se refiere a un sistema de reacci\u00f3n que produce gas (gassy system), un sistema de presi\u00f3n de vapor (vapored system, sistema refrigerado por evaporaci\u00f3n) o bien a una mezcla de ambos, es decir un sistema h\u00edbrido.<\/p>\n<p>Los resultados de las pruebas permiten deducir, por lo dem\u00e1s, las temperaturas y las presiones m\u00e1ximas as\u00ed como los gradientes de temperatura (velocidad de aumento de la temperatura) y los gradientes de presi\u00f3n (velocidad de aumento de la presi\u00f3n), requeridos para el dise\u00f1o de una v\u00e1lvula de seguridad o de un disco de ruptura.<\/p>\n<p>Sobre la base de las cantidades iniciales en la operaci\u00f3n, los datos de envases y los resultados de los ensayos adiab\u00e1ticos en el laboratorio no solo es posible calcular las secciones de alivio requeridas sino que tambi\u00e9n puede estimarse la probabilidad de un alivio bif\u00e1sico.<\/p>\n<p>El propio dimensionamiento suele tener lugar con el m\u00e9todo DIERS seg\u00fan Leung o bien conforme a la norma ISO 4126-Parte 10. El comportamiento (homog\u00e9neo, churn-turbulent, bubbly) de la mezcla de reacci\u00f3n en el recipiente depende de la viscosidad, del grado de llenado y de la espumosidad de la mezcla de reacci\u00f3n. La densidad del flujo de masa en la v\u00e1lvula de seguridad y el disco de ruptura depende en gran medida de la forma de la corriente. No solo se distingue entre un flujo puro de gas, un flujo puro de l\u00edquido y un flujo bif\u00e1sico sino que se efect\u00faa asimismo un c\u00e1lculo con el flujo bif\u00e1sico seg\u00fan HEM (modelo homog\u00e9neo de equilibrio) o HNE-DS (modelo homog\u00e9neo de desequilibrio seg\u00fan Diener y Schmidt).<\/p>\n<h3>Valoraci\u00f3n de los efectos de fallas<\/h3>\n<p>Deben describirse los efectos de fallas dentro del marco de informes de seguridad para instalaciones sujetas a las obligaciones del reglamento relativo a fallas. Tambi\u00e9n deben realizarse estimaciones de efectos dentro del marco del Land-Use-Planning, empleadas luego por nuestros peritos designados seg\u00fan el art. 29a sBImSchG en sus informes. A este respecto consilab ofrece:<\/p>\n<ul>\n<li>C\u00e1lculo de emisiones de radiactividad (corrientes de masas de emisi\u00f3n de fugas, charcos, etc.)<\/li>\n<li>C\u00e1lculo de propagaci\u00f3n para gases neutros y pesados (VDI 3783, AUSTAL2000)<\/li>\n<li>C\u00e1lculo de chorro libre (nube explosiva, radiaci\u00f3n t\u00e9rmica, presiones de explosi\u00f3n)<\/li>\n<li>Valoraci\u00f3n de los efectos de incendios y explosiones<\/li>\n<\/ul>\n<h3>C\u00e1lculos relativos al flujo<\/h3>\n<p>Nuestros expertos llevan a cabo c\u00e1lculos estacionarios y din\u00e1micos para los flujos en tuber\u00edas. Ponen la mira no solo en tareas de optimizaci\u00f3n sino tambi\u00e9n en cuestiones de seguridad. Los golpes de presi\u00f3n al cerrar v\u00e1lvulas de aislamiento o los procesos r\u00e1pidos de alivio de presi\u00f3n requieren un an\u00e1lisis minucioso con ayuda de programas din\u00e1micos de simulaci\u00f3n. consilab ofrece concretamente las siguientes prestaciones:<\/p>\n<ul>\n<li>Dise\u00f1o de diafragmas y trayectos de estrangulaci\u00f3n <a href=\"https:\/\/consilab.de\/es\/leistungen\/sicherheitstechnische-berechnungen\/auslegung-von-blenden-und-drosselstrecken\/\">\u2192 m\u00e1s informaci\u00f3n<\/a><span style=\"color: #ff0000;\"><br \/>\n<\/span><\/li>\n<li>C\u00e1lculos de la p\u00e9rdida de presi\u00f3n (tambi\u00e9n para el flujo bif\u00e1sico)<\/li>\n<li>An\u00e1lisis de riesgos de golpes de presi\u00f3n (p. ej. en el cierre r\u00e1pido de v\u00e1lvulas)<\/li>\n<li>Optimizaci\u00f3n de redes de tuber\u00edas<\/li>\n<li>Protecci\u00f3n de tanques de almacenamiento<\/li>\n<li>C\u00e1lculo de cargas inducidas por flujos en tuber\u00edas (fuerzas de reacci\u00f3n)<\/li>\n<li>Dise\u00f1o de salidas de gas y dispositivos de alivio<\/li>\n<\/ul>\n<p>[\/vc_column_text][vc_row_inner rt_row_style=\u00bbglobal-style\u00bb rt_bg_custom_alignment=\u00bbtop\u00bb][vc_column_inner rt_column_shadow=\u00bb\u00bb rt_bg_image_repeat=\u00bbrepeat\u00bb rt_bg_size=\u00bbauto auto\u00bb rt_bg_attachment=\u00bbscroll\u00bb css=\u00bb.vc_custom_1531836711617{margin-bottom: 2em !important;}\u00bb rt_bg_color=\u00bb\u00bb rt_bg_overlay_color=\u00bb\u00bb][vc_btn title=\u00bbPrestaciones\u00bb style=\u00bbclassic\u00bb color=\u00bbpurple\u00bb i_icon_fontawesome=\u00bbfas fa-angle-left\u00bb css=\u00bb\u00bb add_icon=\u00bbtrue\u00bb link=\u00bburl:%2Fes%2Fleistungen%2F|title:Prestaciones\u00bb el_class=\u00bbbtn&#8211;red\u00bb][\/vc_column_inner][\/vc_row_inner][\/vc_column][\/vc_row]<\/p>\n","protected":false},"excerpt":{"rendered":"<p>[vc_row rt_row_background_width=\u00bbfullwidth\u00bb rt_row_content_width=\u00bbdefault\u00bb rt_row_style=\u00bbdefault-style\u00bb rt_row_borders=\u00bb\u00bb rt_row_shadows=\u00bb\u00bb rt_row_paddings=\u00bbtrue\u00bb rt_bg_effect=\u00bbclassic\u00bb rt_bg_image_repeat=\u00bbrepeat\u00bb rt_bg_size=\u00bbcover\u00bb rt_bg_position=\u00bbright top\u00bb rt_bg_attachment=\u00bbscroll\u00bb rt_bg_video_format=\u00bbself-hosted\u00bb][vc_column width=\u00bb1\/3&#8243; rt_column_shadow=\u00bb\u00bb rt_bg_image_repeat=\u00bbrepeat\u00bb rt_bg_size=\u00bbauto auto\u00bb rt_bg_attachment=\u00bbscroll\u00bb class=\u00bbdownload\u00bb rt_bg_color=\u00bb\u00bb rt_bg_overlay_color=\u00bb\u00bb offset=\u00bbvc_hidden-sm vc_hidden-xs\u00bb css=\u00bb.vc_custom_1529335398592{padding-bottom: 0px !important;}\u00bb rt_padding_bottom=\u00bb0&#8243;][vc_widget_sidebar sidebar_id=\u00bbrt-theme-20-common-sidebar\u00bb][\/vc_column][vc_column width=\u00bb2\/3&#8243; rt_column_shadow=\u00bb\u00bb rt_bg_image_repeat=\u00bbrepeat\u00bb rt_bg_size=\u00bbauto auto\u00bb rt_bg_attachment=\u00bbscroll\u00bb class=\u00bbmaincontent\u00bb rt_bg_color=\u00bb\u00bb rt_bg_overlay_color=\u00bb\u00bb css=\u00bb.vc_custom_1531839196086{margin-bottom: 2em !important;padding-bottom: 0px !important;}\u00bb][vc_column_text css=\u00bb\u00bb el_class=\u00bbredborderleft\u00bb] C\u00e1lculos relativos a la seguridad Realizamos c\u00e1lculos para el  &#8230;<br \/><a class=\"more-link\" href=\"https:\/\/consilab.de\/es\/leistungen\/sicherheitstechnische-berechnungen\/\">more | mehr<\/a><\/p>\n","protected":false},"author":3,"featured_media":0,"parent":13188,"menu_order":2,"comment_status":"closed","ping_status":"closed","template":"","meta":{"footnotes":""},"class_list":["post-13742","page","type-page","status-publish","hentry"],"_links":{"self":[{"href":"https:\/\/consilab.de\/es\/wp-json\/wp\/v2\/pages\/13742","targetHints":{"allow":["GET"]}}],"collection":[{"href":"https:\/\/consilab.de\/es\/wp-json\/wp\/v2\/pages"}],"about":[{"href":"https:\/\/consilab.de\/es\/wp-json\/wp\/v2\/types\/page"}],"author":[{"embeddable":true,"href":"https:\/\/consilab.de\/es\/wp-json\/wp\/v2\/users\/3"}],"replies":[{"embeddable":true,"href":"https:\/\/consilab.de\/es\/wp-json\/wp\/v2\/comments?post=13742"}],"version-history":[{"count":4,"href":"https:\/\/consilab.de\/es\/wp-json\/wp\/v2\/pages\/13742\/revisions"}],"predecessor-version":[{"id":13744,"href":"https:\/\/consilab.de\/es\/wp-json\/wp\/v2\/pages\/13742\/revisions\/13744"}],"up":[{"embeddable":true,"href":"https:\/\/consilab.de\/es\/wp-json\/wp\/v2\/pages\/13188"}],"wp:attachment":[{"href":"https:\/\/consilab.de\/es\/wp-json\/wp\/v2\/media?parent=13742"}],"curies":[{"name":"wp","href":"https:\/\/api.w.org\/{rel}","templated":true}]}}