{"id":13752,"date":"2018-06-19T09:39:31","date_gmt":"2018-06-19T07:39:31","guid":{"rendered":"https:\/\/consilab.de\/leistungen\/sicherheitskonzepte\/"},"modified":"2025-05-14T12:41:43","modified_gmt":"2025-05-14T10:41:43","slug":"sicherheitskonzepte","status":"publish","type":"page","link":"https:\/\/consilab.de\/es\/leistungen\/sicherheitskonzepte\/","title":{"rendered":"Conceptos de seguridad"},"content":{"rendered":"<p>[vc_row rt_row_background_width=\u00bbfullwidth\u00bb rt_row_content_width=\u00bbdefault\u00bb rt_row_style=\u00bbdefault-style\u00bb rt_row_borders=\u00bb\u00bb rt_row_shadows=\u00bb\u00bb rt_row_paddings=\u00bbfalse\u00bb rt_bg_effect=\u00bbclassic\u00bb rt_bg_image_repeat=\u00bbrepeat\u00bb rt_bg_size=\u00bbcover\u00bb rt_bg_position=\u00bbright top\u00bb rt_bg_attachment=\u00bbscroll\u00bb rt_bg_video_format=\u00bbself-hosted\u00bb][vc_column width=\u00bb1\/3&#8243; rt_column_shadow=\u00bb\u00bb rt_bg_image_repeat=\u00bbrepeat\u00bb rt_bg_size=\u00bbauto auto\u00bb rt_bg_attachment=\u00bbscroll\u00bb class=\u00bbdownload\u00bb rt_bg_color=\u00bb\u00bb rt_bg_overlay_color=\u00bb\u00bb offset=\u00bbvc_hidden-sm vc_hidden-xs\u00bb css=\u00bb.vc_custom_1532423047342{padding-bottom: 0px !important;}\u00bb rt_padding_bottom=\u00bb0&#8243;][vc_widget_sidebar sidebar_id=\u00bbrt-theme-20-common-sidebar\u00bb][\/vc_column][vc_column width=\u00bb2\/3&#8243; rt_column_shadow=\u00bb\u00bb rt_bg_image_repeat=\u00bbrepeat\u00bb rt_bg_size=\u00bbauto auto\u00bb rt_bg_attachment=\u00bbscroll\u00bb class=\u00bbmaincontent\u00bb rt_bg_color=\u00bb\u00bb rt_bg_overlay_color=\u00bb\u00bb css=\u00bb.vc_custom_1532423042030{margin-bottom: 1em !important;padding-bottom: 2em !important;}\u00bb][vc_column_text css=\u00bb\u00bb el_class=\u00bbredborderleft\u00bb]<\/p>\n<h1>C\u00e1lculos relativos a la seguridad \/ Asesoramiento<\/h1>\n<h2>Sobre la base de los datos de sustancias determinados en el laboratorio y de los c\u00e1lculos relativos a la seguridad elaboramos conceptos de seguridad a medida para instalaciones de proceso.<\/h2>\n<ul>\n<li>Mantenimiento y acompa\u00f1amiento de conversaciones de seguridad<\/li>\n<li>Consideraciones sistem\u00e1ticas de seguridad (p. ej. m\u00e9todo H\u00f6chster, HAZOP, Fault Tree Analysis)<\/li>\n<li>Informes de seguridad para la autorizaci\u00f3n de instalaciones<\/li>\n<li>Conceptos de protecci\u00f3n contra explosiones y documentos relativos a la protecci\u00f3n contra explosiones<\/li>\n<\/ul>\n<p>Nuestros conceptos de seguridad se refieren bien a una etapa individual del proceso o bien al procedimiento entero de una instalaci\u00f3n de producci\u00f3n. Nos dedicamos a aspectos individuales de la seguridad del proceso, como por ejemplo la protecci\u00f3n contra explosiones, o bien elaboramos una consideraci\u00f3n global de la seguridad de la instalaci\u00f3n.<\/p>\n<h3>Nos orientamos hacia las necesidades de nuestros clientes y las exigencias recomendadas.<\/h3>\n<p>Sobre la base de los datos de sustancias determinados en el laboratorio y de los c\u00e1lculos relativos a la seguridad elaboramos conceptos de seguridad a medida para instalaciones de proceso.<\/p>\n<p>Nuestros especialistas experimentados analizan sus instalaciones y sus procesos, revelan potenciales de peligro y encuentran soluciones a la medida para proteger las instalaciones. Lo hacemos, trabajando de manera independiente de empresas de producci\u00f3n, autoridades, asociaciones de inspecci\u00f3n o compa\u00f1\u00edas de seguros. Esto nos permite asesorarle en todas las cuestiones de la seguridad de procesos de manera r\u00e1pida y econ\u00f3mica y sin conflicto alguno de intereses.<\/p>\n<ul>\n<li>Direcci\u00f3n y moderaci\u00f3n de conversaciones relativas a la seguridad, p. ej. HAZOP\/PAAG, Fault Tree Analysis<\/li>\n<li>Protocolizaci\u00f3n de conversaciones de seguridad &#8211; asistencia en la elaboraci\u00f3n de an\u00e1lisis de potenciales de riesgo<\/li>\n<li>Dict\u00e1menes periciales (art.29a de la ley federal sobre prevenci\u00f3n de la contaminaci\u00f3n, BImSchG) &#8211; dict\u00e1menes relativos al Land-Use-Planning<\/li>\n<li>Declaraciones relativas a accidentes<\/li>\n<li>Informes de seguridad para procesos de autorizaci\u00f3n<\/li>\n<li>Asesoramiento relativo a la protecci\u00f3n contra explosiones, elaboraci\u00f3n de documentos relativos a la protecci\u00f3n contra explosiones<\/li>\n<li>Conceptos de seguridad para etapas individuales de procesos, p. ej. procesos con riesgo de explosiones de polvo, como secadores por pulverizaci\u00f3n, silos<\/li>\n<li>Control de reacciones qu\u00edmicas exot\u00e9rmicas<\/li>\n<li>Manipulaci\u00f3n de sustancias autoinflamables en la producci\u00f3n<\/li>\n<li>Protecci\u00f3n de recipientes a presi\u00f3n<\/li>\n<li>Operaci\u00f3n segura de parques de tanques<\/li>\n<li>Valoraci\u00f3n de par\u00e1metros de seguridad<\/li>\n<li>Registro de nuevas sustancias\u2009\/\u2009Elaboraci\u00f3n de dossiers IUCLID5<\/li>\n<li>Seminarios<\/li>\n<\/ul>\n<p>[\/vc_column_text][vc_btn title=\u00bbPrestaciones \u00bb style=\u00bbclassic\u00bb color=\u00bbpurple\u00bb i_icon_fontawesome=\u00bbfas fa-angle-left\u00bb css=\u00bb\u00bb add_icon=\u00bbtrue\u00bb link=\u00bburl:%2Fes%2Fleistungen%2F|title:Prestaciones%20&#8243; el_class=\u00bbbtn&#8211;red\u00bb][\/vc_column][\/vc_row]<\/p>\n","protected":false},"excerpt":{"rendered":"<p>[vc_row rt_row_background_width=\u00bbfullwidth\u00bb rt_row_content_width=\u00bbdefault\u00bb rt_row_style=\u00bbdefault-style\u00bb rt_row_borders=\u00bb\u00bb rt_row_shadows=\u00bb\u00bb rt_row_paddings=\u00bbfalse\u00bb rt_bg_effect=\u00bbclassic\u00bb rt_bg_image_repeat=\u00bbrepeat\u00bb rt_bg_size=\u00bbcover\u00bb rt_bg_position=\u00bbright top\u00bb rt_bg_attachment=\u00bbscroll\u00bb rt_bg_video_format=\u00bbself-hosted\u00bb][vc_column width=\u00bb1\/3&#8243; rt_column_shadow=\u00bb\u00bb rt_bg_image_repeat=\u00bbrepeat\u00bb rt_bg_size=\u00bbauto auto\u00bb rt_bg_attachment=\u00bbscroll\u00bb class=\u00bbdownload\u00bb rt_bg_color=\u00bb\u00bb rt_bg_overlay_color=\u00bb\u00bb offset=\u00bbvc_hidden-sm vc_hidden-xs\u00bb css=\u00bb.vc_custom_1532423047342{padding-bottom: 0px !important;}\u00bb rt_padding_bottom=\u00bb0&#8243;][vc_widget_sidebar sidebar_id=\u00bbrt-theme-20-common-sidebar\u00bb][\/vc_column][vc_column width=\u00bb2\/3&#8243; rt_column_shadow=\u00bb\u00bb rt_bg_image_repeat=\u00bbrepeat\u00bb rt_bg_size=\u00bbauto auto\u00bb rt_bg_attachment=\u00bbscroll\u00bb class=\u00bbmaincontent\u00bb rt_bg_color=\u00bb\u00bb rt_bg_overlay_color=\u00bb\u00bb css=\u00bb.vc_custom_1532423042030{margin-bottom: 1em !important;padding-bottom: 2em !important;}\u00bb][vc_column_text css=\u00bb\u00bb el_class=\u00bbredborderleft\u00bb] C\u00e1lculos relativos a la seguridad \/ Asesoramiento Sobre la  &#8230;<br \/><a class=\"more-link\" href=\"https:\/\/consilab.de\/es\/leistungen\/sicherheitskonzepte\/\">more | mehr<\/a><\/p>\n","protected":false},"author":1,"featured_media":0,"parent":13188,"menu_order":3,"comment_status":"closed","ping_status":"closed","template":"","meta":{"footnotes":""},"class_list":["post-13752","page","type-page","status-publish","hentry"],"_links":{"self":[{"href":"https:\/\/consilab.de\/es\/wp-json\/wp\/v2\/pages\/13752","targetHints":{"allow":["GET"]}}],"collection":[{"href":"https:\/\/consilab.de\/es\/wp-json\/wp\/v2\/pages"}],"about":[{"href":"https:\/\/consilab.de\/es\/wp-json\/wp\/v2\/types\/page"}],"author":[{"embeddable":true,"href":"https:\/\/consilab.de\/es\/wp-json\/wp\/v2\/users\/1"}],"replies":[{"embeddable":true,"href":"https:\/\/consilab.de\/es\/wp-json\/wp\/v2\/comments?post=13752"}],"version-history":[{"count":3,"href":"https:\/\/consilab.de\/es\/wp-json\/wp\/v2\/pages\/13752\/revisions"}],"predecessor-version":[{"id":13758,"href":"https:\/\/consilab.de\/es\/wp-json\/wp\/v2\/pages\/13752\/revisions\/13758"}],"up":[{"embeddable":true,"href":"https:\/\/consilab.de\/es\/wp-json\/wp\/v2\/pages\/13188"}],"wp:attachment":[{"href":"https:\/\/consilab.de\/es\/wp-json\/wp\/v2\/media?parent=13752"}],"curies":[{"name":"wp","href":"https:\/\/api.w.org\/{rel}","templated":true}]}}