{"id":13803,"date":"2018-07-03T16:04:00","date_gmt":"2018-07-03T14:04:00","guid":{"rendered":"https:\/\/consilab.de\/leistungen\/sicherheitstechnische-berechnungen\/auslegung-von-rueckhaltesystemen\/"},"modified":"2025-05-14T13:30:21","modified_gmt":"2025-05-14T11:30:21","slug":"auslegung-von-rueckhaltesystemen","status":"publish","type":"page","link":"https:\/\/consilab.de\/es\/leistungen\/sicherheitstechnische-berechnungen\/auslegung-von-rueckhaltesystemen\/","title":{"rendered":"Configuraci\u00f3n de sistemas de retenci\u00f3n"},"content":{"rendered":"<p>[vc_row rt_row_background_width=\u00bbfullwidth\u00bb rt_row_content_width=\u00bbdefault\u00bb rt_row_style=\u00bbdefault-style\u00bb rt_row_borders=\u00bb\u00bb rt_row_shadows=\u00bb\u00bb rt_row_paddings=\u00bbfalse\u00bb rt_bg_effect=\u00bbclassic\u00bb rt_bg_image_repeat=\u00bbrepeat\u00bb rt_bg_size=\u00bbcover\u00bb rt_bg_position=\u00bbright top\u00bb rt_bg_attachment=\u00bbscroll\u00bb rt_bg_video_format=\u00bbself-hosted\u00bb][vc_column width=\u00bb1\/3&#8243; rt_column_shadow=\u00bb\u00bb rt_bg_image_repeat=\u00bbrepeat\u00bb rt_bg_size=\u00bbauto auto\u00bb rt_bg_attachment=\u00bbscroll\u00bb class=\u00bbdownload\u00bb rt_bg_color=\u00bb\u00bb rt_bg_overlay_color=\u00bb\u00bb offset=\u00bbvc_hidden-sm vc_hidden-xs\u00bb css=\u00bb.vc_custom_1532422938316{padding-bottom: 0px !important;}\u00bb rt_padding_bottom=\u00bb0&#8243;][vc_widget_sidebar sidebar_id=\u00bbrt-theme-20-common-sidebar\u00bb][\/vc_column][vc_column width=\u00bb2\/3&#8243; rt_column_shadow=\u00bb\u00bb rt_bg_image_repeat=\u00bbrepeat\u00bb rt_bg_size=\u00bbauto auto\u00bb rt_bg_attachment=\u00bbscroll\u00bb class=\u00bbmaincontent\u00bb rt_bg_color=\u00bb\u00bb rt_bg_overlay_color=\u00bb\u00bb css=\u00bb.vc_custom_1532422945269{margin-bottom: 1em !important;padding-bottom: 0px !important;}\u00bb][vc_column_text css=\u00bb\u00bb el_class=\u00bbredborderleft\u00bb]<\/p>\n<h1>Configuraci\u00f3n de sistemas de retenci\u00f3n<\/h1>\n<h2 style=\"font-weight: 400;\">En la mayor\u00eda de los casos, las corrientes de materiales que salen en caso de la reacci\u00f3n de una v\u00e1lvula de seguridad o un disco de ruptura, no simplemente deben ser sopladas hacia el entorno, especialmente si contienen medios explosivos, t\u00f3xicos o potencialmente contaminantes del medio ambiente.<\/h2>\n<p>Por lo tanto es necesario prever un sistema de retenci\u00f3n y\/o tratar las corrientes de materiales adecuadamente a fin de reducirlos a un m\u00ednimo y limpiarlos para reducir en la medida posible el potencial de riesgo para que puedan ser soplados hacia el entorno.<\/p>\n<p>En muchas instalaciones hay un sistema de recolecci\u00f3n con un recipiente colector purgado libremente o bien protegido con vista a una presi\u00f3n m\u00e1s baja que permite recolectar la fase l\u00edquida. Es importante que el recipiente colector sea dispuesto en una posici\u00f3n m\u00e1s baja que los aparatos cuyas tuber\u00edas de escape desembocan en dicho recipiente. Cuando se tiende hacia arriba una tuber\u00eda con l\u00edquido, esta puede llenarse, form\u00e1ndose una presi\u00f3n hidrost\u00e1tica a causa de la diferencia geod\u00e9tica de altura que ejerce en las tuber\u00edas de escape con discos de ruptura una presi\u00f3n adicional sobre el aparato protegido. En las tuber\u00edas de escape con v\u00e1lvula de seguridad, esta presi\u00f3n hidrost\u00e1tica eventualmente incluso puede provocar un cierre prematuro de la v\u00e1lvula de seguridad en caso de una presi\u00f3n de reacci\u00f3n mayor en la nueva apertura, impidiendo en todo caso el funcionamiento estable de la v\u00e1lvula de seguridad.<\/p>\n<p>Para el caso de una posible corriente bif\u00e1sica a trav\u00e9s de un disco de ruptura o de una v\u00e1lvula de seguridad, debe emplearse un separador capaz de separar las fases. La forma m\u00e1s sencilla es un separador por gravedad que, no obstante, requiere vol\u00famenes grandes para una separaci\u00f3n efectiva. En los caudales grandes puede emplearse un separador cicl\u00f3nico con entrada tangencial en el que se separan las fases mediante gravedad y fuerza centr\u00edfuga. Luego, las fases individuales pueden ser conducidas en forma separada a un tratamiento posterior, p. ej. un sistema de lavado, un quemador de gas, un recipiente recolector de emergencia o un SAFEBAG\u00ae.<\/p>\n<p>La fase gaseosa puede condensarse, absorberse o neutralizarse previamente por ejemplo en un condensador directo con fumigadora perforada de gas en un fluido adecuado. En la configuraci\u00f3n debe prestarse atenci\u00f3n al volumen, al n\u00famero y al tama\u00f1o de los agujeros y asimismo la cobertura m\u00ednima con respecto a la contrapresi\u00f3n que surge a ra\u00edz de ello. Si se emplean boquillas para la condensaci\u00f3n directa son suficientes, en caso dado, vol\u00famenes m\u00e1s peque\u00f1os y cantidades menores de l\u00edquido.<\/p>\n<p>Nuestros expertos experimentados le apoyan con mucho gusto en la concepci\u00f3n, la configuraci\u00f3n y la optimizaci\u00f3n de un sistema de retenci\u00f3n adaptado a sus necesidades. Podemos calcular para su caso especial el volumen de recolecci\u00f3n necesario as\u00ed como las dimensiones de un cicl\u00f3n o una fumigadora perforada de gas.<\/p>\n<p>[\/vc_column_text][vc_row_inner rt_row_style=\u00bbglobal-style\u00bb rt_bg_custom_alignment=\u00bbtop\u00bb][vc_column_inner width=\u00bb1\/2&#8243; rt_column_shadow=\u00bb\u00bb rt_bg_image_repeat=\u00bbrepeat\u00bb rt_bg_size=\u00bbauto auto\u00bb rt_bg_attachment=\u00bbscroll\u00bb css=\u00bb.vc_custom_1531836503299{margin-bottom: 2em !important;}\u00bb rt_bg_color=\u00bb\u00bb rt_bg_overlay_color=\u00bb\u00bb][vc_btn title=\u00bbC\u00e1lculos con vista a la seguridad\u00bb style=\u00bbclassic\u00bb color=\u00bbpurple\u00bb i_icon_fontawesome=\u00bbfas fa-angle-left\u00bb css=\u00bb\u00bb add_icon=\u00bbtrue\u00bb link=\u00bburl:%2Fes%2Fleistungen%2Fsicherheitstechnische-berechnungen%2F|title:C%C3%A1lculos%20con%20vista%20a%20la%20seguridad\u00bb el_class=\u00bbbtn&#8211;red\u00bb][\/vc_column_inner][vc_column_inner width=\u00bb1\/2&#8243; rt_column_shadow=\u00bb\u00bb rt_bg_image_repeat=\u00bbrepeat\u00bb rt_bg_size=\u00bbauto auto\u00bb rt_bg_attachment=\u00bbscroll\u00bb css=\u00bb.vc_custom_1531836507450{margin-bottom: 2em !important;}\u00bb rt_bg_color=\u00bb\u00bb rt_bg_overlay_color=\u00bb\u00bb][vc_btn title=\u00bbPrestaciones \u00bb style=\u00bbclassic\u00bb color=\u00bbpurple\u00bb i_icon_fontawesome=\u00bbfas fa-angle-left\u00bb css=\u00bb\u00bb add_icon=\u00bbtrue\u00bb link=\u00bburl:%2Fes%2Fleistungen%2F|title:Prestaciones%20&#8243; el_class=\u00bbbtn&#8211;red\u00bb][\/vc_column_inner][\/vc_row_inner][\/vc_column][\/vc_row]<\/p>\n","protected":false},"excerpt":{"rendered":"<p>[vc_row rt_row_background_width=\u00bbfullwidth\u00bb rt_row_content_width=\u00bbdefault\u00bb rt_row_style=\u00bbdefault-style\u00bb rt_row_borders=\u00bb\u00bb rt_row_shadows=\u00bb\u00bb rt_row_paddings=\u00bbfalse\u00bb rt_bg_effect=\u00bbclassic\u00bb rt_bg_image_repeat=\u00bbrepeat\u00bb rt_bg_size=\u00bbcover\u00bb rt_bg_position=\u00bbright top\u00bb rt_bg_attachment=\u00bbscroll\u00bb rt_bg_video_format=\u00bbself-hosted\u00bb][vc_column width=\u00bb1\/3&#8243; rt_column_shadow=\u00bb\u00bb rt_bg_image_repeat=\u00bbrepeat\u00bb rt_bg_size=\u00bbauto auto\u00bb rt_bg_attachment=\u00bbscroll\u00bb class=\u00bbdownload\u00bb rt_bg_color=\u00bb\u00bb rt_bg_overlay_color=\u00bb\u00bb offset=\u00bbvc_hidden-sm vc_hidden-xs\u00bb css=\u00bb.vc_custom_1532422938316{padding-bottom: 0px !important;}\u00bb rt_padding_bottom=\u00bb0&#8243;][vc_widget_sidebar sidebar_id=\u00bbrt-theme-20-common-sidebar\u00bb][\/vc_column][vc_column width=\u00bb2\/3&#8243; rt_column_shadow=\u00bb\u00bb rt_bg_image_repeat=\u00bbrepeat\u00bb rt_bg_size=\u00bbauto auto\u00bb rt_bg_attachment=\u00bbscroll\u00bb class=\u00bbmaincontent\u00bb rt_bg_color=\u00bb\u00bb rt_bg_overlay_color=\u00bb\u00bb css=\u00bb.vc_custom_1532422945269{margin-bottom: 1em !important;padding-bottom: 0px !important;}\u00bb][vc_column_text css=\u00bb\u00bb el_class=\u00bbredborderleft\u00bb] Configuraci\u00f3n de sistemas de retenci\u00f3n En la mayor\u00eda de  &#8230;<br \/><a class=\"more-link\" href=\"https:\/\/consilab.de\/es\/leistungen\/sicherheitstechnische-berechnungen\/auslegung-von-rueckhaltesystemen\/\">more | mehr<\/a><\/p>\n","protected":false},"author":1,"featured_media":0,"parent":13742,"menu_order":3,"comment_status":"closed","ping_status":"closed","template":"","meta":{"footnotes":""},"class_list":["post-13803","page","type-page","status-publish","hentry"],"_links":{"self":[{"href":"https:\/\/consilab.de\/es\/wp-json\/wp\/v2\/pages\/13803","targetHints":{"allow":["GET"]}}],"collection":[{"href":"https:\/\/consilab.de\/es\/wp-json\/wp\/v2\/pages"}],"about":[{"href":"https:\/\/consilab.de\/es\/wp-json\/wp\/v2\/types\/page"}],"author":[{"embeddable":true,"href":"https:\/\/consilab.de\/es\/wp-json\/wp\/v2\/users\/1"}],"replies":[{"embeddable":true,"href":"https:\/\/consilab.de\/es\/wp-json\/wp\/v2\/comments?post=13803"}],"version-history":[{"count":2,"href":"https:\/\/consilab.de\/es\/wp-json\/wp\/v2\/pages\/13803\/revisions"}],"predecessor-version":[{"id":13805,"href":"https:\/\/consilab.de\/es\/wp-json\/wp\/v2\/pages\/13803\/revisions\/13805"}],"up":[{"embeddable":true,"href":"https:\/\/consilab.de\/es\/wp-json\/wp\/v2\/pages\/13742"}],"wp:attachment":[{"href":"https:\/\/consilab.de\/es\/wp-json\/wp\/v2\/media?parent=13803"}],"curies":[{"name":"wp","href":"https:\/\/api.w.org\/{rel}","templated":true}]}}