{"id":13809,"date":"2018-07-03T16:01:32","date_gmt":"2018-07-03T14:01:32","guid":{"rendered":"https:\/\/consilab.de\/leistungen\/sicherheitstechnische-berechnungen\/zuleitungen-und-abblaseleitungen\/"},"modified":"2025-05-14T13:45:06","modified_gmt":"2025-05-14T11:45:06","slug":"zuleitungen-und-abblaseleitungen","status":"publish","type":"page","link":"https:\/\/consilab.de\/es\/leistungen\/sicherheitstechnische-berechnungen\/zuleitungen-und-abblaseleitungen\/","title":{"rendered":"Comprobaci\u00f3n aritm\u00e9tica de tuber\u00edas de alimentaci\u00f3n y tuber\u00edas de escape de v\u00e1lvulas de seguridad"},"content":{"rendered":"<p>[vc_row rt_row_background_width=\u00bbfullwidth\u00bb rt_row_content_width=\u00bbdefault\u00bb rt_row_style=\u00bbdefault-style\u00bb rt_row_borders=\u00bb\u00bb rt_row_shadows=\u00bb\u00bb rt_row_paddings=\u00bbfalse\u00bb rt_bg_effect=\u00bbclassic\u00bb rt_bg_image_repeat=\u00bbrepeat\u00bb rt_bg_size=\u00bbcover\u00bb rt_bg_position=\u00bbright top\u00bb rt_bg_attachment=\u00bbscroll\u00bb rt_bg_video_format=\u00bbself-hosted\u00bb][vc_column width=\u00bb1\/3&#8243; rt_column_shadow=\u00bb\u00bb rt_bg_image_repeat=\u00bbrepeat\u00bb rt_bg_size=\u00bbauto auto\u00bb rt_bg_attachment=\u00bbscroll\u00bb class=\u00bbdownload\u00bb rt_bg_color=\u00bb\u00bb rt_bg_overlay_color=\u00bb\u00bb offset=\u00bbvc_hidden-sm vc_hidden-xs\u00bb css=\u00bb.vc_custom_1532422522738{padding-bottom: 0px !important;}\u00bb rt_padding_bottom=\u00bb0&#8243;][vc_widget_sidebar sidebar_id=\u00bbrt-theme-20-common-sidebar\u00bb][\/vc_column][vc_column width=\u00bb2\/3&#8243; rt_column_shadow=\u00bb\u00bb rt_bg_image_repeat=\u00bbrepeat\u00bb rt_bg_size=\u00bbauto auto\u00bb rt_bg_attachment=\u00bbscroll\u00bb class=\u00bbmaincontent\u00bb rt_bg_color=\u00bb\u00bb rt_bg_overlay_color=\u00bb\u00bb css=\u00bb.vc_custom_1532422530871{margin-bottom: 1em !important;padding-bottom: 0px !important;}\u00bb][vc_column_text css=\u00bb.vc_custom_1747223068294{padding-top: 0px !important;padding-bottom: 2em !important;padding-left: 0px !important;}\u00bb el_class=\u00bbredborderleft\u00bb]<\/p>\n<h1>Comprobaci\u00f3n aritm\u00e9tica de<br \/>\ntuber\u00edas de alimentaci\u00f3n y tuber\u00edas de escape de v\u00e1lvulas de seguridad<\/h1>\n<h2 style=\"font-weight: 400;\">Conforme a AD 2000 Folleto A2 as\u00ed como la norma ISO 4126 Parte 9, las p\u00e9rdidas de presi\u00f3n en la tuber\u00eda de alimentaci\u00f3n a una v\u00e1lvula de seguridad no deben ascender con un flujo m\u00e1ximo de masa no a m\u00e1s del 3% de la sobrepresi\u00f3n de ajuste.<\/h2>\n<p>La contrapresi\u00f3n admisible en la tuber\u00eda de escape de una v\u00e1lvula de seguridad es especificada por el fabricante y no debe exceder por lo general el 10% de la sobrepresi\u00f3n de activaci\u00f3n. Hasta esta presi\u00f3n en la salida de la v\u00e1lvula de seguridad est\u00e1 garantizada conforme al fabricante el funcionamiento impecable y con ello el flujo m\u00e1sico especificado que puede evacuarse.<\/p>\n<p>Unas p\u00e9rdidas excesivas de presi\u00f3n en el tubo de alimentaci\u00f3n o una contrapresi\u00f3n excesiva en la tuber\u00eda de escape pueden provocar un funcionamiento inestable de la v\u00e1lvula de seguridad. Puede provocar un aleteo y un golpeo de la v\u00e1lvula de seguridad, lo que por un lado reduce enormemente el flujo de masa a evacuar, pudiendo surgir un da\u00f1o por las vibraciones tanto en la v\u00e1lvula de seguridad como tambi\u00e9n en las partes conectadas de la instalaci\u00f3n.<\/p>\n<p>Los programas de simulaci\u00f3n de corriente como FLOMASTER\u00ae y SuperChems for DIERS\u00ae permite calcular de manera confiable las p\u00e9rdidas de presi\u00f3n en la tuber\u00eda de alimentaci\u00f3n al igual que la contrapresi\u00f3n en la tuber\u00eda de escape tanto para medios compresibles como tambi\u00e9n incompresibles. Para el caso de que se exceda uno de los dos valores, pueden elaborarse diferentes medidas para la habilitaci\u00f3n del sistema de alivio.<\/p>\n<p>Idealmente, las tuber\u00edas a v\u00e1lvulas de seguridad y detr\u00e1s de las mismas deben concebirse en forma tan corta y recta como fuera posible. En los casos en los que las tuber\u00edas por motivos constructivos o un sistema de recolecci\u00f3n deben ser m\u00e1s largas, puede ser provechoso ejecutarlas con una anchura nominal mayor. Asimismo pueden emplearse equipos adicionales como frenos de fricci\u00f3n o amortiguadores toroidales de vibraci\u00f3n o bien fuelles met\u00e1licos que compensan la contrapresi\u00f3n, que estabilizan el comportamiento de apertura. Juntos, encontraremos una soluci\u00f3n conveniente, econ\u00f3mica y sobre todo segura.<\/p>\n<p>En principio, la contrapresi\u00f3n es formada por contrapresi\u00f3n propia y contrapresi\u00f3n ajena. La delimitaci\u00f3n de la contrapresi\u00f3n detr\u00e1s de una v\u00e1lvula de seguridad suele referirse solo a la contrapresi\u00f3n propia dado que una contrapresi\u00f3n ajena desplazar\u00eda la presi\u00f3n de activaci\u00f3n hacia arriba, sin influenciar la estabilidad del modo de funcionamiento de una v\u00e1lvula de seguridad. Sin embargo, para el caso del uso de un fuelle met\u00e1lico compensador de la contrapresi\u00f3n, esto ya no ser\u00eda el caso dado que tambi\u00e9n compensar\u00eda ampliamente la contrapresi\u00f3n ajena, sin influenciar la presi\u00f3n de activaci\u00f3n hasta un determinado nivel. Con mucho gusto podr\u00e1 beneficiarse en este campo tambi\u00e9n de la competencia y la pericia de nuestros expertos.<\/p>\n<p>En la corriente bif\u00e1sica podemos llevar a cabo los c\u00e1lculos de p\u00e9rdida de presi\u00f3n con el programa de simulaci\u00f3n de procesos ChemCad\u00ae y con SuperChems\u00ae.<\/p>\n<p>Un requisito importante para la determinaci\u00f3n de p\u00e9rdidas de presi\u00f3n de corriente son datos de material fiables e independientes de la temperatura. A este respecto recurrimos a menudo a nuestro extenso banco de datos de materiales basado en el banco de datos DIPPR. Para las mezclas de varias sustancias utilizamos a menudo los par\u00e1metros binarios archivados en ChemCad para la determinaci\u00f3n de datos m\u00e1s realistas de materiales. Asimismo, existe siempre la posibilidad incluir para los c\u00e1lculos en nuestros programas los datos de materiales facilitados por usted o bien que medimos para usted en nuestros laboratorios.<\/p>\n<p>[\/vc_column_text][vc_row_inner rt_row_style=\u00bbglobal-style\u00bb rt_bg_custom_alignment=\u00bbtop\u00bb][vc_column_inner width=\u00bb1\/2&#8243; rt_column_shadow=\u00bb\u00bb rt_bg_image_repeat=\u00bbrepeat\u00bb rt_bg_size=\u00bbauto auto\u00bb rt_bg_attachment=\u00bbscroll\u00bb css=\u00bb.vc_custom_1531836446014{margin-bottom: 2em !important;}\u00bb rt_bg_color=\u00bb\u00bb rt_bg_overlay_color=\u00bb\u00bb][vc_btn title=\u00bbC\u00e1lculos con vista a la seguridad\u00bb style=\u00bbclassic\u00bb color=\u00bbpurple\u00bb i_icon_fontawesome=\u00bbfas fa-angle-left\u00bb css=\u00bb\u00bb add_icon=\u00bbtrue\u00bb link=\u00bburl:%2Fes%2Fleistungen%2Fsicherheitstechnische-berechnungen%2F|title:C%C3%A1lculos%20con%20vista%20a%20la%20seguridad%20&#8243; el_class=\u00bbbtn&#8211;red\u00bb][\/vc_column_inner][vc_column_inner width=\u00bb1\/2&#8243; rt_column_shadow=\u00bb\u00bb rt_bg_image_repeat=\u00bbrepeat\u00bb rt_bg_size=\u00bbauto auto\u00bb rt_bg_attachment=\u00bbscroll\u00bb css=\u00bb.vc_custom_1531836449782{margin-bottom: 2em !important;}\u00bb rt_bg_color=\u00bb\u00bb rt_bg_overlay_color=\u00bb\u00bb][vc_btn title=\u00bbLeistungen\u00bb style=\u00bbclassic\u00bb color=\u00bbpurple\u00bb i_icon_fontawesome=\u00bbfas fa-angle-left\u00bb add_icon=\u00bbtrue\u00bb link=\u00bburl:%2Fleistungen%2F|title:K%C3%B6pfe\u00bb el_class=\u00bbbtn&#8211;red\u00bb][\/vc_column_inner][\/vc_row_inner][\/vc_column][\/vc_row]<\/p>\n","protected":false},"excerpt":{"rendered":"<p>[vc_row rt_row_background_width=\u00bbfullwidth\u00bb rt_row_content_width=\u00bbdefault\u00bb rt_row_style=\u00bbdefault-style\u00bb rt_row_borders=\u00bb\u00bb rt_row_shadows=\u00bb\u00bb rt_row_paddings=\u00bbfalse\u00bb rt_bg_effect=\u00bbclassic\u00bb rt_bg_image_repeat=\u00bbrepeat\u00bb rt_bg_size=\u00bbcover\u00bb rt_bg_position=\u00bbright top\u00bb rt_bg_attachment=\u00bbscroll\u00bb rt_bg_video_format=\u00bbself-hosted\u00bb][vc_column width=\u00bb1\/3&#8243; rt_column_shadow=\u00bb\u00bb rt_bg_image_repeat=\u00bbrepeat\u00bb rt_bg_size=\u00bbauto auto\u00bb rt_bg_attachment=\u00bbscroll\u00bb class=\u00bbdownload\u00bb rt_bg_color=\u00bb\u00bb rt_bg_overlay_color=\u00bb\u00bb offset=\u00bbvc_hidden-sm vc_hidden-xs\u00bb css=\u00bb.vc_custom_1532422522738{padding-bottom: 0px !important;}\u00bb rt_padding_bottom=\u00bb0&#8243;][vc_widget_sidebar sidebar_id=\u00bbrt-theme-20-common-sidebar\u00bb][\/vc_column][vc_column width=\u00bb2\/3&#8243; rt_column_shadow=\u00bb\u00bb rt_bg_image_repeat=\u00bbrepeat\u00bb rt_bg_size=\u00bbauto auto\u00bb rt_bg_attachment=\u00bbscroll\u00bb class=\u00bbmaincontent\u00bb rt_bg_color=\u00bb\u00bb rt_bg_overlay_color=\u00bb\u00bb css=\u00bb.vc_custom_1532422530871{margin-bottom: 1em !important;padding-bottom: 0px !important;}\u00bb][vc_column_text css=\u00bb.vc_custom_1747223068294{padding-top: 0px !important;padding-bottom: 2em !important;padding-left: 0px !important;}\u00bb el_class=\u00bbredborderleft\u00bb] Comprobaci\u00f3n aritm\u00e9tica de  &#8230;<br \/><a class=\"more-link\" href=\"https:\/\/consilab.de\/es\/leistungen\/sicherheitstechnische-berechnungen\/zuleitungen-und-abblaseleitungen\/\">more | mehr<\/a><\/p>\n","protected":false},"author":1,"featured_media":0,"parent":13742,"menu_order":2,"comment_status":"closed","ping_status":"closed","template":"","meta":{"footnotes":""},"class_list":["post-13809","page","type-page","status-publish","hentry"],"_links":{"self":[{"href":"https:\/\/consilab.de\/es\/wp-json\/wp\/v2\/pages\/13809","targetHints":{"allow":["GET"]}}],"collection":[{"href":"https:\/\/consilab.de\/es\/wp-json\/wp\/v2\/pages"}],"about":[{"href":"https:\/\/consilab.de\/es\/wp-json\/wp\/v2\/types\/page"}],"author":[{"embeddable":true,"href":"https:\/\/consilab.de\/es\/wp-json\/wp\/v2\/users\/1"}],"replies":[{"embeddable":true,"href":"https:\/\/consilab.de\/es\/wp-json\/wp\/v2\/comments?post=13809"}],"version-history":[{"count":2,"href":"https:\/\/consilab.de\/es\/wp-json\/wp\/v2\/pages\/13809\/revisions"}],"predecessor-version":[{"id":13813,"href":"https:\/\/consilab.de\/es\/wp-json\/wp\/v2\/pages\/13809\/revisions\/13813"}],"up":[{"embeddable":true,"href":"https:\/\/consilab.de\/es\/wp-json\/wp\/v2\/pages\/13742"}],"wp:attachment":[{"href":"https:\/\/consilab.de\/es\/wp-json\/wp\/v2\/media?parent=13809"}],"curies":[{"name":"wp","href":"https:\/\/api.w.org\/{rel}","templated":true}]}}