{"id":13846,"date":"2021-05-31T10:41:04","date_gmt":"2021-05-31T08:41:04","guid":{"rendered":"https:\/\/consilab.de\/leistungen\/klassifizierung-von-stoffen\/brandfoerdernde-eigenschaften-von-feststoffen-un-test-o-1\/"},"modified":"2025-05-14T14:21:04","modified_gmt":"2025-05-14T12:21:04","slug":"brandfoerdernde-eigenschaften-von-feststoffen-un-test-o-1","status":"publish","type":"page","link":"https:\/\/consilab.de\/es\/leistungen\/klassifizierung-von-stoffen\/brandfoerdernde-eigenschaften-von-feststoffen-un-test-o-1\/","title":{"rendered":"Propiedades comburentes de s\u00f3lidos: prueba ONU O.1"},"content":{"rendered":"<p>[vc_row rt_row_background_width=\u00bbfullwidth\u00bb rt_row_content_width=\u00bbdefault\u00bb rt_row_style=\u00bbdefault-style\u00bb rt_row_borders=\u00bb\u00bb rt_row_shadows=\u00bb\u00bb rt_row_paddings=\u00bbtrue\u00bb rt_bg_effect=\u00bbclassic\u00bb rt_bg_image_repeat=\u00bbrepeat\u00bb rt_bg_size=\u00bbcover\u00bb rt_bg_position=\u00bbright top\u00bb rt_bg_attachment=\u00bbscroll\u00bb rt_bg_video_format=\u00bbself-hosted\u00bb][vc_column width=\u00bb1\/3&#8243; rt_column_shadow=\u00bb\u00bb rt_bg_image_repeat=\u00bbrepeat\u00bb rt_bg_size=\u00bbauto auto\u00bb rt_bg_attachment=\u00bbscroll\u00bb class=\u00bbdownload\u00bb rt_bg_color=\u00bb\u00bb rt_bg_overlay_color=\u00bb\u00bb offset=\u00bbvc_hidden-sm vc_hidden-xs\u00bb css=\u00bb.vc_custom_1529335398592{padding-bottom: 0px !important;}\u00bb rt_padding_bottom=\u00bb0&#8243;][vc_widget_sidebar sidebar_id=\u00bbrt-theme-20-common-sidebar\u00bb][\/vc_column][vc_column width=\u00bb2\/3&#8243; rt_column_shadow=\u00bb\u00bb rt_bg_image_repeat=\u00bbrepeat\u00bb rt_bg_size=\u00bbauto auto\u00bb rt_bg_attachment=\u00bbscroll\u00bb class=\u00bbmaincontent\u00bb rt_bg_color=\u00bb\u00bb rt_bg_overlay_color=\u00bb\u00bb css=\u00bb.vc_custom_1531993670525{padding-bottom: 2em !important;}\u00bb][vc_column_text css=\u00bb\u00bb el_class=\u00bbredborderleft\u00bb]<\/p>\n<h1>Propiedades comburentes de s\u00f3lidos: prueba ONU O.1<\/h1>\n<h2 class=\"bodytext\">Los s\u00f3lidos comburentes \/ oxidantes son sustancias o mezclas s\u00f3lidas las cuales, si bien no necesariamente son inflamables, son capaces por lo general de provocar o apoyar a trav\u00e9s de la aportaci\u00f3n de ox\u00edgeno un incendio de otros materiales.<\/h2>\n<p>Esta prueba sirve para determinar las propiedades comburentes de s\u00f3lidos y preparados s\u00f3lidos como par\u00e1metro para la valoraci\u00f3n seg\u00fan aspectos de seguridad y\/o para la clasificaci\u00f3n seg\u00fan clases de peligro y grupos de embalaje dentro del marco del reglamentos pertinentes, especialmente seg\u00fan el UN Manual of Tests and Criteria, Parte III, Cap\u00edtulo 34: Oxidizing Substances of Class 5, D<strong> Propiedades comburentes de s\u00f3lidos: Prueba ONU O.1<\/strong><\/p>\n<p>El objeto de la prueba y una sustancia inflamable definida se mezclan en diferentes relaciones de peso. Se forma un tronco c\u00f3nico de cada mezcla que luego se enciende. La duraci\u00f3n de combusti\u00f3n determinada se compara con la duraci\u00f3n de combusti\u00f3n de la mezcla de referencia pertinente.<\/p>\n<p>Se compara la duraci\u00f3n promedio de combusti\u00f3n de la mezcla del objeto de prueba \/ celulosa (4:1 y 1:1) con aquella de bromato pot\u00e1sico \/ celulosa (cada vez el valor medio de 5 ensayos). Si una de las mezclas del objeto de prueba tiene la misma duraci\u00f3n de combusti\u00f3n o una duraci\u00f3n menor que la mezcla de referencia de bromato pot\u00e1sico \/ celulosa (3:7), el objeto de la prueba se clasifica como comburente.<br \/>\nClasificaci\u00f3n del objeto de prueba en grupos de embalaje conforme al derecho de transportes de la ONU y categor\u00edas seg\u00fan el sistema globalmente armonizado (GHS)<\/p>\n<ul>\n<li><u>Grupo de embalaje I \/ Categor\u00eda 1:<\/u> La duraci\u00f3n de combusti\u00f3n de una mezcla del objeto de prueba \/ de las mezclas del objeto de prueba es menor a aquella de la mezcla de bromato pot\u00e1sico \/ celulosa = 3:2.<\/li>\n<li><u>Grupo de embalaje II \/ Categor\u00eda 2:<\/u> La duraci\u00f3n de combusti\u00f3n de una mezcla del objeto de prueba \/ de las mezclas del objeto de prueba es igual o menor a aquella de la mezcla de bromato pot\u00e1sico \/ celulosa = 2:3. No satisface los criterios del grupo de embalaje I.<\/li>\n<li><u>Grupo de embalaje III \/ Categor\u00eda 3:<\/u> La duraci\u00f3n de combusti\u00f3n de una mezcla o de las mezclas del objeto de prueba es igual o menor a aquella de la mezcla de bromato pot\u00e1sico \/ celulosa = 3:7. No satisface los criterios del grupo de embalaje I y II.<\/li>\n<li><u>No clasificado seg\u00fan 5.1 \/ no es comburente:<\/u> La duraci\u00f3n de combusti\u00f3n de una mezcla o de las mezclas del objeto de prueba es mayor a aquella de la mezcla de bromato pot\u00e1sico \/ celulosa = 3:7 o bien la mezcla no se enciende.<\/li>\n<\/ul>\n<p>&nbsp;<\/p>\n<div id=\"attachment_10589\" style=\"width: 766px\" class=\"wp-caption aligncenter\"><img loading=\"lazy\" decoding=\"async\" aria-describedby=\"caption-attachment-10589\" class=\"wp-image-10589 size-large\" src=\"https:\/\/consilab.de\/wp-content\/uploads\/2021\/05\/un-test-o1-versuchsanordnung-756x1024.png\" alt=\"UN-Test O.1 Versuchsanordnung\" width=\"756\" height=\"1024\" srcset=\"https:\/\/consilab.de\/wp-content\/uploads\/2021\/05\/un-test-o1-versuchsanordnung-756x1024.png 756w, https:\/\/consilab.de\/wp-content\/uploads\/2021\/05\/un-test-o1-versuchsanordnung-258x350.png 258w, https:\/\/consilab.de\/wp-content\/uploads\/2021\/05\/un-test-o1-versuchsanordnung-768x1040.png 768w, https:\/\/consilab.de\/wp-content\/uploads\/2021\/05\/un-test-o1-versuchsanordnung.png 997w\" sizes=\"auto, (max-width: 756px) 100vw, 756px\" \/><p id=\"caption-attachment-10589\" class=\"wp-caption-text\">Fig. Configuraci\u00f3n del ensayo para la prueba ONU O.1 (Manual de la ONU, p\u00e1gina 385)<\/p><\/div>\n<p>[\/vc_column_text][vc_row_inner rt_row_style=\u00bbglobal-style\u00bb rt_bg_custom_alignment=\u00bbtop\u00bb][vc_column_inner width=\u00bb1\/2&#8243; rt_column_shadow=\u00bb\u00bb rt_bg_image_repeat=\u00bbrepeat\u00bb rt_bg_size=\u00bbauto auto\u00bb rt_bg_attachment=\u00bbscroll\u00bb][vc_btn title=\u00bbClasificaci\u00f3n de sustancias\u00bb style=\u00bbclassic\u00bb color=\u00bbpurple\u00bb i_icon_fontawesome=\u00bbfas fa-angle-left\u00bb css=\u00bb\u00bb add_icon=\u00bbtrue\u00bb link=\u00bburl:%2Fes%2Fleistungen%2Fklassifizierung-von-stoffen%2F|title:Clasificaci%C3%B3n%20de%20sustancias\u00bb el_class=\u00bbbtn&#8211;red\u00bb][\/vc_column_inner][vc_column_inner width=\u00bb1\/2&#8243; rt_column_shadow=\u00bb\u00bb rt_bg_image_repeat=\u00bbrepeat\u00bb rt_bg_size=\u00bbauto auto\u00bb rt_bg_attachment=\u00bbscroll\u00bb][vc_btn title=\u00bbPrestaciones\u00bb style=\u00bbclassic\u00bb color=\u00bbpurple\u00bb i_icon_fontawesome=\u00bbfas fa-angle-left\u00bb css=\u00bb\u00bb add_icon=\u00bbtrue\u00bb link=\u00bburl:%2Fes%2Fleistungen%2F|title:Prestaciones\u00bb el_class=\u00bbbtn&#8211;red\u00bb][\/vc_column_inner][\/vc_row_inner][\/vc_column][\/vc_row]<\/p>\n","protected":false},"excerpt":{"rendered":"<p>[vc_row rt_row_background_width=\u00bbfullwidth\u00bb rt_row_content_width=\u00bbdefault\u00bb rt_row_style=\u00bbdefault-style\u00bb rt_row_borders=\u00bb\u00bb rt_row_shadows=\u00bb\u00bb rt_row_paddings=\u00bbtrue\u00bb rt_bg_effect=\u00bbclassic\u00bb rt_bg_image_repeat=\u00bbrepeat\u00bb rt_bg_size=\u00bbcover\u00bb rt_bg_position=\u00bbright top\u00bb rt_bg_attachment=\u00bbscroll\u00bb rt_bg_video_format=\u00bbself-hosted\u00bb][vc_column width=\u00bb1\/3&#8243; rt_column_shadow=\u00bb\u00bb rt_bg_image_repeat=\u00bbrepeat\u00bb rt_bg_size=\u00bbauto auto\u00bb rt_bg_attachment=\u00bbscroll\u00bb class=\u00bbdownload\u00bb rt_bg_color=\u00bb\u00bb rt_bg_overlay_color=\u00bb\u00bb offset=\u00bbvc_hidden-sm vc_hidden-xs\u00bb css=\u00bb.vc_custom_1529335398592{padding-bottom: 0px !important;}\u00bb rt_padding_bottom=\u00bb0&#8243;][vc_widget_sidebar sidebar_id=\u00bbrt-theme-20-common-sidebar\u00bb][\/vc_column][vc_column width=\u00bb2\/3&#8243; rt_column_shadow=\u00bb\u00bb rt_bg_image_repeat=\u00bbrepeat\u00bb rt_bg_size=\u00bbauto auto\u00bb rt_bg_attachment=\u00bbscroll\u00bb class=\u00bbmaincontent\u00bb rt_bg_color=\u00bb\u00bb rt_bg_overlay_color=\u00bb\u00bb css=\u00bb.vc_custom_1531993670525{padding-bottom: 2em !important;}\u00bb][vc_column_text css=\u00bb\u00bb el_class=\u00bbredborderleft\u00bb] Propiedades comburentes de s\u00f3lidos: prueba ONU O.1 Los s\u00f3lidos comburentes \/  &#8230;<br \/><a class=\"more-link\" href=\"https:\/\/consilab.de\/es\/leistungen\/klassifizierung-von-stoffen\/brandfoerdernde-eigenschaften-von-feststoffen-un-test-o-1\/\">more | mehr<\/a><\/p>\n","protected":false},"author":2,"featured_media":0,"parent":13715,"menu_order":3,"comment_status":"closed","ping_status":"closed","template":"","meta":{"footnotes":""},"class_list":["post-13846","page","type-page","status-publish","hentry"],"_links":{"self":[{"href":"https:\/\/consilab.de\/es\/wp-json\/wp\/v2\/pages\/13846","targetHints":{"allow":["GET"]}}],"collection":[{"href":"https:\/\/consilab.de\/es\/wp-json\/wp\/v2\/pages"}],"about":[{"href":"https:\/\/consilab.de\/es\/wp-json\/wp\/v2\/types\/page"}],"author":[{"embeddable":true,"href":"https:\/\/consilab.de\/es\/wp-json\/wp\/v2\/users\/2"}],"replies":[{"embeddable":true,"href":"https:\/\/consilab.de\/es\/wp-json\/wp\/v2\/comments?post=13846"}],"version-history":[{"count":3,"href":"https:\/\/consilab.de\/es\/wp-json\/wp\/v2\/pages\/13846\/revisions"}],"predecessor-version":[{"id":13852,"href":"https:\/\/consilab.de\/es\/wp-json\/wp\/v2\/pages\/13846\/revisions\/13852"}],"up":[{"embeddable":true,"href":"https:\/\/consilab.de\/es\/wp-json\/wp\/v2\/pages\/13715"}],"wp:attachment":[{"href":"https:\/\/consilab.de\/es\/wp-json\/wp\/v2\/media?parent=13846"}],"curies":[{"name":"wp","href":"https:\/\/api.w.org\/{rel}","templated":true}]}}