{"id":13919,"date":"2021-07-06T11:19:58","date_gmt":"2021-07-06T09:19:58","guid":{"rendered":"https:\/\/consilab.de\/leistungen\/klassifizierung-von-stoffen\/dutch-pressure-vessel-test\/"},"modified":"2025-05-14T14:57:16","modified_gmt":"2025-05-14T12:57:16","slug":"dutch-pressure-vessel-test","status":"publish","type":"page","link":"https:\/\/consilab.de\/es\/leistungen\/klassifizierung-von-stoffen\/dutch-pressure-vessel-test\/","title":{"rendered":"Dutch-Pressure-Vessel-Test"},"content":{"rendered":"<p>[vc_row rt_row_background_width=\u00bbfullwidth\u00bb rt_row_content_width=\u00bbdefault\u00bb rt_row_style=\u00bbdefault-style\u00bb rt_row_borders=\u00bb\u00bb rt_row_shadows=\u00bb\u00bb rt_row_paddings=\u00bbtrue\u00bb rt_bg_effect=\u00bbclassic\u00bb rt_bg_image_repeat=\u00bbrepeat\u00bb rt_bg_size=\u00bbcover\u00bb rt_bg_position=\u00bbright top\u00bb rt_bg_attachment=\u00bbscroll\u00bb rt_bg_video_format=\u00bbself-hosted\u00bb][vc_column width=\u00bb1\/3&#8243; rt_column_shadow=\u00bb\u00bb rt_bg_image_repeat=\u00bbrepeat\u00bb rt_bg_size=\u00bbauto auto\u00bb rt_bg_attachment=\u00bbscroll\u00bb class=\u00bbdownload\u00bb rt_bg_color=\u00bb\u00bb rt_bg_overlay_color=\u00bb\u00bb offset=\u00bbvc_hidden-sm vc_hidden-xs\u00bb css=\u00bb.vc_custom_1529335398592{padding-bottom: 0px !important;}\u00bb rt_padding_bottom=\u00bb0&#8243;][vc_widget_sidebar sidebar_id=\u00bbrt-theme-20-common-sidebar\u00bb][\/vc_column][vc_column width=\u00bb2\/3&#8243; rt_column_shadow=\u00bb\u00bb rt_bg_image_repeat=\u00bbrepeat\u00bb rt_bg_size=\u00bbauto auto\u00bb rt_bg_attachment=\u00bbscroll\u00bb class=\u00bbmaincontent\u00bb rt_bg_color=\u00bb\u00bb rt_bg_overlay_color=\u00bb\u00bb css=\u00bb.vc_custom_1531993670525{padding-bottom: 2em !important;}\u00bb][vc_column_text css=\u00bb\u00bb el_class=\u00bbredborderleft\u00bb]<\/p>\n<h1>Dutch-Pressure-Vessel-Test (efecto del calentamiento intenso vajo confinamiento definido): Serie ONU E, Prueba E.2<\/h1>\n<p>Para la prueba se calienta un objeto de prueba en un recipiente a presi\u00f3n cerrado por placas de boquillas con aberturas de diferentes di\u00e1metros. El recipiente a presi\u00f3n posee, por lo dem\u00e1s, un disco de ruptura que reacciona a una presi\u00f3n de 6,2 \u00b1 0,60 bar. De este modo se determina si hay una autocomposici\u00f3n de la sustancia bajo una solicitaci\u00f3n t\u00e9rmica intensa.<\/p>\n<p>El aparato consiste en un recipiente de presi\u00f3n con una placa de boquillas y un disco de ruptura insertado en un dispositivo calentador y protector (fig. 1).<\/p>\n<table width=\"642\">\n<tbody>\n<tr>\n<td width=\"425\"><strong>Resultado<\/strong><\/td>\n<td width=\"217\"><strong>Clasificaci\u00f3n seg\u00fan la prueba ONU E.2<\/strong><\/td>\n<\/tr>\n<tr>\n<td width=\"425\">Rotura del disco a una abertura de 9,0 mm o mayor y una masa de muestra de 10,0 gramos.<\/td>\n<td width=\"217\">\u00abViolent\u00bb<\/td>\n<\/tr>\n<tr>\n<td width=\"425\">Ninguna rotura del disco a una abertura de 9,0 mm, pero rotura del disco a una abertura de 3,5 mm o 6 mm y una masa de muestra de 10,0 gramos.<\/td>\n<td width=\"217\">\u00abMedium\u00bb<\/td>\n<\/tr>\n<tr>\n<td width=\"425\">Ninguna rotura del disco a una abertura de 3,5 mm y una masa de muestra de 10,0 gramos, pero rotura del disco a una abertura de 1,0 mm o 2,0 mm y una masa de muestra de 10,0 graos o rotura del disco a una abertura de 1,0 mm y una masa de muestra de 50,0 gramos.<\/td>\n<td width=\"217\">\u00abLow\u00bb<\/td>\n<\/tr>\n<tr>\n<td width=\"425\">Ninguna rotura del disco a una abertura de 1,0 mm y una masa de muestra de 50,0 gramos.<\/td>\n<td width=\"217\">\u00abNo\u00bb<\/td>\n<\/tr>\n<\/tbody>\n<\/table>\n<div id=\"attachment_11410\" style=\"width: 710px\" class=\"wp-caption alignnone\"><a href=\"https:\/\/consilab.de\/wp-content\/uploads\/2021\/07\/Dutch-Pressure-Vessel-Test.jpg\"><img loading=\"lazy\" decoding=\"async\" aria-describedby=\"caption-attachment-11410\" class=\"wp-image-11410 size-full\" src=\"https:\/\/consilab.de\/wp-content\/uploads\/2021\/07\/Dutch-Pressure-Vessel-Test.jpg\" alt=\"\" width=\"700\" height=\"1233\" srcset=\"https:\/\/consilab.de\/wp-content\/uploads\/2021\/07\/Dutch-Pressure-Vessel-Test.jpg 700w, https:\/\/consilab.de\/wp-content\/uploads\/2021\/07\/Dutch-Pressure-Vessel-Test-199x350.jpg 199w, https:\/\/consilab.de\/wp-content\/uploads\/2021\/07\/Dutch-Pressure-Vessel-Test-581x1024.jpg 581w\" sizes=\"auto, (max-width: 700px) 100vw, 700px\" \/><\/a><p id=\"caption-attachment-11410\" class=\"wp-caption-text\">Fig. 1: Aparato para la comprobaci\u00f3n de la sensibilidad de sustancias frente a un efecto intensivo de calor bajo una inclusi\u00f3n definida (Manual de la ONU, p\u00e1gina 280)<\/p><\/div>\n<p>(A)\u00a0\u00a0\u00a0 Disco de rotura<br \/>\n(B)\u00a0\u00a0\u00a0 Placa de boquillas<br \/>\n(C)\u00a0\u00a0\u00a0 Masa de muestra (10 gramos o 50 gramos)<br \/>\n(D)\u00a0\u00a0\u00a0Quemador Teclu<br \/>\n(E)\u00a0\u00a0\u00a0Recipiente de presi\u00f3n con un di\u00e1metro interior de 50 mm y una altura interior de 94,5 mm[\/vc_column_text][vc_row_inner rt_row_style=\u00bbglobal-style\u00bb rt_bg_custom_alignment=\u00bbtop\u00bb][vc_column_inner width=\u00bb1\/2&#8243; rt_column_shadow=\u00bb\u00bb rt_bg_image_repeat=\u00bbrepeat\u00bb rt_bg_size=\u00bbauto auto\u00bb rt_bg_attachment=\u00bbscroll\u00bb][vc_btn title=\u00bbClasificaci\u00f3n de sustancias\u00bb style=\u00bbclassic\u00bb color=\u00bbpurple\u00bb i_icon_fontawesome=\u00bbfas fa-angle-left\u00bb css=\u00bb\u00bb add_icon=\u00bbtrue\u00bb link=\u00bburl:%2Fleistungen%2Fklassifizierung-von-stoffen%2F|title:Clasificaci%C3%B3n%20de%20sustancias\u00bb el_class=\u00bbbtn&#8211;red\u00bb][\/vc_column_inner][vc_column_inner width=\u00bb1\/2&#8243; rt_column_shadow=\u00bb\u00bb rt_bg_image_repeat=\u00bbrepeat\u00bb rt_bg_size=\u00bbauto auto\u00bb rt_bg_attachment=\u00bbscroll\u00bb][vc_btn title=\u00bbPrestaciones\u00bb style=\u00bbclassic\u00bb color=\u00bbpurple\u00bb i_icon_fontawesome=\u00bbfas fa-angle-left\u00bb css=\u00bb\u00bb add_icon=\u00bbtrue\u00bb link=\u00bburl:%2Fes%2Fleistungen%2F|title:Prestaciones%20&#8243; el_class=\u00bbbtn&#8211;red\u00bb][\/vc_column_inner][\/vc_row_inner][\/vc_column][\/vc_row]<\/p>\n","protected":false},"excerpt":{"rendered":"<p>[vc_row rt_row_background_width=\u00bbfullwidth\u00bb rt_row_content_width=\u00bbdefault\u00bb rt_row_style=\u00bbdefault-style\u00bb rt_row_borders=\u00bb\u00bb rt_row_shadows=\u00bb\u00bb rt_row_paddings=\u00bbtrue\u00bb rt_bg_effect=\u00bbclassic\u00bb rt_bg_image_repeat=\u00bbrepeat\u00bb rt_bg_size=\u00bbcover\u00bb rt_bg_position=\u00bbright top\u00bb rt_bg_attachment=\u00bbscroll\u00bb rt_bg_video_format=\u00bbself-hosted\u00bb][vc_column width=\u00bb1\/3&#8243; rt_column_shadow=\u00bb\u00bb rt_bg_image_repeat=\u00bbrepeat\u00bb rt_bg_size=\u00bbauto auto\u00bb rt_bg_attachment=\u00bbscroll\u00bb class=\u00bbdownload\u00bb rt_bg_color=\u00bb\u00bb rt_bg_overlay_color=\u00bb\u00bb offset=\u00bbvc_hidden-sm vc_hidden-xs\u00bb css=\u00bb.vc_custom_1529335398592{padding-bottom: 0px !important;}\u00bb rt_padding_bottom=\u00bb0&#8243;][vc_widget_sidebar sidebar_id=\u00bbrt-theme-20-common-sidebar\u00bb][\/vc_column][vc_column width=\u00bb2\/3&#8243; rt_column_shadow=\u00bb\u00bb rt_bg_image_repeat=\u00bbrepeat\u00bb rt_bg_size=\u00bbauto auto\u00bb rt_bg_attachment=\u00bbscroll\u00bb class=\u00bbmaincontent\u00bb rt_bg_color=\u00bb\u00bb rt_bg_overlay_color=\u00bb\u00bb css=\u00bb.vc_custom_1531993670525{padding-bottom: 2em !important;}\u00bb][vc_column_text css=\u00bb\u00bb el_class=\u00bbredborderleft\u00bb] Dutch-Pressure-Vessel-Test (efecto del calentamiento intenso vajo confinamiento definido): Serie ONU E,  &#8230;<br \/><a class=\"more-link\" href=\"https:\/\/consilab.de\/es\/leistungen\/klassifizierung-von-stoffen\/dutch-pressure-vessel-test\/\">more | mehr<\/a><\/p>\n","protected":false},"author":1,"featured_media":0,"parent":13715,"menu_order":1,"comment_status":"closed","ping_status":"closed","template":"","meta":{"footnotes":""},"class_list":["post-13919","page","type-page","status-publish","hentry"],"_links":{"self":[{"href":"https:\/\/consilab.de\/es\/wp-json\/wp\/v2\/pages\/13919","targetHints":{"allow":["GET"]}}],"collection":[{"href":"https:\/\/consilab.de\/es\/wp-json\/wp\/v2\/pages"}],"about":[{"href":"https:\/\/consilab.de\/es\/wp-json\/wp\/v2\/types\/page"}],"author":[{"embeddable":true,"href":"https:\/\/consilab.de\/es\/wp-json\/wp\/v2\/users\/1"}],"replies":[{"embeddable":true,"href":"https:\/\/consilab.de\/es\/wp-json\/wp\/v2\/comments?post=13919"}],"version-history":[{"count":2,"href":"https:\/\/consilab.de\/es\/wp-json\/wp\/v2\/pages\/13919\/revisions"}],"predecessor-version":[{"id":13922,"href":"https:\/\/consilab.de\/es\/wp-json\/wp\/v2\/pages\/13919\/revisions\/13922"}],"up":[{"embeddable":true,"href":"https:\/\/consilab.de\/es\/wp-json\/wp\/v2\/pages\/13715"}],"wp:attachment":[{"href":"https:\/\/consilab.de\/es\/wp-json\/wp\/v2\/media?parent=13919"}],"curies":[{"name":"wp","href":"https:\/\/api.w.org\/{rel}","templated":true}]}}