{"id":13937,"date":"2018-06-19T17:05:21","date_gmt":"2018-06-19T15:05:21","guid":{"rendered":"https:\/\/consilab.de\/leistungen\/klassifizierung-von-stoffen\/korrosive-eigenschaften\/"},"modified":"2025-05-14T15:11:33","modified_gmt":"2025-05-14T13:11:33","slug":"korrosive-eigenschaften","status":"publish","type":"page","link":"https:\/\/consilab.de\/es\/leistungen\/klassifizierung-von-stoffen\/korrosive-eigenschaften\/","title":{"rendered":"Corrosividad frente a metales"},"content":{"rendered":"<p>[vc_row rt_row_background_width=\u00bbfullwidth\u00bb rt_row_content_width=\u00bbdefault\u00bb rt_row_style=\u00bbdefault-style\u00bb rt_row_borders=\u00bb\u00bb rt_row_shadows=\u00bb\u00bb rt_row_paddings=\u00bbtrue\u00bb rt_bg_effect=\u00bbclassic\u00bb rt_bg_image_repeat=\u00bbrepeat\u00bb rt_bg_size=\u00bbcover\u00bb rt_bg_position=\u00bbright top\u00bb rt_bg_attachment=\u00bbscroll\u00bb rt_bg_video_format=\u00bbself-hosted\u00bb][vc_column width=\u00bb1\/3&#8243; rt_column_shadow=\u00bb\u00bb rt_bg_image_repeat=\u00bbrepeat\u00bb rt_bg_size=\u00bbauto auto\u00bb rt_bg_attachment=\u00bbscroll\u00bb class=\u00bbdownload\u00bb rt_bg_color=\u00bb\u00bb rt_bg_overlay_color=\u00bb\u00bb offset=\u00bbvc_hidden-sm vc_hidden-xs\u00bb css=\u00bb.vc_custom_1529335398592{padding-bottom: 0px !important;}\u00bb rt_padding_bottom=\u00bb0&#8243;][vc_widget_sidebar sidebar_id=\u00bbrt-theme-20-common-sidebar\u00bb][\/vc_column][vc_column width=\u00bb2\/3&#8243; rt_column_shadow=\u00bb\u00bb rt_bg_image_repeat=\u00bbrepeat\u00bb rt_bg_size=\u00bbauto auto\u00bb rt_bg_attachment=\u00bbscroll\u00bb class=\u00bbmaincontent\u00bb rt_bg_color=\u00bb\u00bb rt_bg_overlay_color=\u00bb\u00bb css=\u00bb.vc_custom_1531993670525{padding-bottom: 2em !important;}\u00bb][vc_column_text css=\u00bb\u00bb el_class=\u00bbredborderleft\u00bb]<\/p>\n<h1>Corrosividad frente a metales<\/h1>\n<h2 class=\"bodytext\">Para la clasificaci\u00f3n conforme al Derecho de transporte de la ONU (UN Recommendations on the Transport of Dangerous Goods) ofrecemos un procedimiento de comprobaci\u00f3n para la clasificaci\u00f3n frente a sustancias corrosivas para metales de la clase 8.<\/h2>\n<p>El ensayo de la prueba ONU C.1 conforme al apartado 37.4 [1] sirve para la determinaci\u00f3n de eventuales propiedades corrosivas para metales por parte de l\u00edquidos y s\u00f3lidos que podr\u00edan asumir una forma l\u00edquida durante el transporte. La clasificaci\u00f3n como material peligroso de la clase 8 (corrosive substances) siempre debe efectuarse conforme al derecho de transportes de la ONU en cuanto pueda comprobarse corrosividad frente a la piel o tambi\u00e9n se haya verificada la corrosividad aqu\u00ed ensayada frente a metales.<\/p>\n<p>En este procedimiento de prueba se almacenas piezas de prueba de aluminio y acero de un tipo y un tama\u00f1o definidos a una temperatura de por lo menos 55 \u00b0C durante un m\u00ednimo de 168 horas (7 d\u00edas) en un recipiente de ensayo con la sustancia a ensayar. Entonces, una muestra de metal debe estar sumergida completamente en el l\u00edquido de ensayo, otra hasta la mitad y la tercera muestra de metal permanece completamente en la c\u00e1mara de gas. El recipiente de ensayo debe haber sido llenado con por lo menos 1,5 litros de la sustancia a ensayar, por lo que se necesita una cantidad relativamente grande de la sustancia de prueba para este ensayo. Sin embargo, este procedimiento de ensayo no es capaz de sustituir una prueba convencional de material.<\/p>\n<p>Despu\u00e9s de finalizar la prueba, las muestras de metal son limpiadas, secadas y luego se vuelven a pesar y se estudian con el microscopio. De este modo se determina la tasa de corrosi\u00f3n teniendo en cuenta la masa espec\u00edfica de las muestras de metal. Esta se valora seg\u00fan los siguientes criterios:<\/p>\n<h5><span style=\"color: #e50000;\">Corrosi\u00f3n superficial<\/span><\/h5>\n<p>Si la reducci\u00f3n de la mesa de una de las tres muestras de metal ensayadas es mayor a la reducci\u00f3n de la masa calculada en teor\u00eda por la corrosi\u00f3n de 6,25 mm\/a\u00f1o, el resultado de la prueba debe valorarse como positivo. Esto corresponde a una reducci\u00f3n de masa del 13,5 % dentro de 7 d\u00edas a una temperatura de 55 \u00b0C. El objeto de la prueba se considera entonces como corrosivo para metales. Si el resultado de la prueba fuera negativo, el objeto de la prueba de valora como no corrosivo para metales.<\/p>\n<h5><span style=\"color: #e50000;\">Corrosi\u00f3n por picadura<\/span><\/h5>\n<p>Aqu\u00ed se recurre a la profundidad de la picadura m\u00e1s profunda y\/o la reducci\u00f3n m\u00e1s grande del espesor de las muestras de metal como criterio de valoraci\u00f3n. La profundidad de la picadura se determina con ayuda de un microscopio de luz con unidad para medici\u00f3n de la profundidad. Si se determina una profundidad de la picadura de &gt;120 \u00b5m con un tiempo de reacci\u00f3n de siete d\u00edas, nos enfrentamos con una corrosi\u00f3n por picadura.<br \/>\nLa corrosi\u00f3n superficial y la corrosi\u00f3n por picadura pueden aparecer en forma aislada o tambi\u00e9n complementaria. En cuanto uno de los dos ensayos tiene un resultado positivo, la sustancia debe clasificarse como corrosiva para metales.<\/p>\n<p><img loading=\"lazy\" decoding=\"async\" class=\"alignnone size-full wp-image-3827\" src=\"https:\/\/consilab.de\/wp-content\/uploads\/2018\/06\/korrosion-aluminium-1.jpg\" alt=\"\" width=\"600\" height=\"187\" srcset=\"https:\/\/consilab.de\/wp-content\/uploads\/2018\/06\/korrosion-aluminium-1.jpg 600w, https:\/\/consilab.de\/wp-content\/uploads\/2018\/06\/korrosion-aluminium-1-350x109.jpg 350w\" sizes=\"auto, (max-width: 600px) 100vw, 600px\" \/><\/p>\n<p><img loading=\"lazy\" decoding=\"async\" class=\"alignnone size-full wp-image-3828\" src=\"https:\/\/consilab.de\/wp-content\/uploads\/2018\/06\/korrosion-stahl-1.jpg\" alt=\"\" width=\"600\" height=\"186\" srcset=\"https:\/\/consilab.de\/wp-content\/uploads\/2018\/06\/korrosion-stahl-1.jpg 600w, https:\/\/consilab.de\/wp-content\/uploads\/2018\/06\/korrosion-stahl-1-350x109.jpg 350w\" sizes=\"auto, (max-width: 600px) 100vw, 600px\" \/>[\/vc_column_text][vc_row_inner rt_row_style=\u00bbglobal-style\u00bb rt_bg_custom_alignment=\u00bbtop\u00bb][vc_column_inner width=\u00bb1\/2&#8243; rt_column_shadow=\u00bb\u00bb rt_bg_image_repeat=\u00bbrepeat\u00bb rt_bg_size=\u00bbauto auto\u00bb rt_bg_attachment=\u00bbscroll\u00bb][vc_btn title=\u00bbClasificaci\u00f3n de sustancias\u00bb style=\u00bbclassic\u00bb color=\u00bbpurple\u00bb i_icon_fontawesome=\u00bbfas fa-angle-left\u00bb css=\u00bb\u00bb add_icon=\u00bbtrue\u00bb link=\u00bburl:%2Fes%2Fleistungen%2Fklassifizierung-von-stoffen%2F|title:Clasificaci%C3%B3n%20de%20sustancias\u00bb el_class=\u00bbbtn&#8211;red\u00bb][\/vc_column_inner][vc_column_inner width=\u00bb1\/2&#8243; rt_column_shadow=\u00bb\u00bb rt_bg_image_repeat=\u00bbrepeat\u00bb rt_bg_size=\u00bbauto auto\u00bb rt_bg_attachment=\u00bbscroll\u00bb][vc_btn title=\u00bbPrestaciones\u00bb style=\u00bbclassic\u00bb color=\u00bbpurple\u00bb i_icon_fontawesome=\u00bbfas fa-angle-left\u00bb css=\u00bb\u00bb add_icon=\u00bbtrue\u00bb link=\u00bburl:%2Fes%2Fleistungen%2F|title:Prestaciones\u00bb el_class=\u00bbbtn&#8211;red\u00bb][\/vc_column_inner][\/vc_row_inner][\/vc_column][\/vc_row]<\/p>\n","protected":false},"excerpt":{"rendered":"<p>[vc_row rt_row_background_width=\u00bbfullwidth\u00bb rt_row_content_width=\u00bbdefault\u00bb rt_row_style=\u00bbdefault-style\u00bb rt_row_borders=\u00bb\u00bb rt_row_shadows=\u00bb\u00bb rt_row_paddings=\u00bbtrue\u00bb rt_bg_effect=\u00bbclassic\u00bb rt_bg_image_repeat=\u00bbrepeat\u00bb rt_bg_size=\u00bbcover\u00bb rt_bg_position=\u00bbright top\u00bb rt_bg_attachment=\u00bbscroll\u00bb rt_bg_video_format=\u00bbself-hosted\u00bb][vc_column width=\u00bb1\/3&#8243; rt_column_shadow=\u00bb\u00bb rt_bg_image_repeat=\u00bbrepeat\u00bb rt_bg_size=\u00bbauto auto\u00bb rt_bg_attachment=\u00bbscroll\u00bb class=\u00bbdownload\u00bb rt_bg_color=\u00bb\u00bb rt_bg_overlay_color=\u00bb\u00bb offset=\u00bbvc_hidden-sm vc_hidden-xs\u00bb css=\u00bb.vc_custom_1529335398592{padding-bottom: 0px !important;}\u00bb rt_padding_bottom=\u00bb0&#8243;][vc_widget_sidebar sidebar_id=\u00bbrt-theme-20-common-sidebar\u00bb][\/vc_column][vc_column width=\u00bb2\/3&#8243; rt_column_shadow=\u00bb\u00bb rt_bg_image_repeat=\u00bbrepeat\u00bb rt_bg_size=\u00bbauto auto\u00bb rt_bg_attachment=\u00bbscroll\u00bb class=\u00bbmaincontent\u00bb rt_bg_color=\u00bb\u00bb rt_bg_overlay_color=\u00bb\u00bb css=\u00bb.vc_custom_1531993670525{padding-bottom: 2em !important;}\u00bb][vc_column_text css=\u00bb\u00bb el_class=\u00bbredborderleft\u00bb] Corrosividad frente a metales Para la clasificaci\u00f3n conforme al Derecho de  &#8230;<br \/><a class=\"more-link\" href=\"https:\/\/consilab.de\/es\/leistungen\/klassifizierung-von-stoffen\/korrosive-eigenschaften\/\">more | mehr<\/a><\/p>\n","protected":false},"author":1,"featured_media":0,"parent":13715,"menu_order":1,"comment_status":"closed","ping_status":"closed","template":"","meta":{"footnotes":""},"class_list":["post-13937","page","type-page","status-publish","hentry"],"_links":{"self":[{"href":"https:\/\/consilab.de\/es\/wp-json\/wp\/v2\/pages\/13937","targetHints":{"allow":["GET"]}}],"collection":[{"href":"https:\/\/consilab.de\/es\/wp-json\/wp\/v2\/pages"}],"about":[{"href":"https:\/\/consilab.de\/es\/wp-json\/wp\/v2\/types\/page"}],"author":[{"embeddable":true,"href":"https:\/\/consilab.de\/es\/wp-json\/wp\/v2\/users\/1"}],"replies":[{"embeddable":true,"href":"https:\/\/consilab.de\/es\/wp-json\/wp\/v2\/comments?post=13937"}],"version-history":[{"count":2,"href":"https:\/\/consilab.de\/es\/wp-json\/wp\/v2\/pages\/13937\/revisions"}],"predecessor-version":[{"id":13939,"href":"https:\/\/consilab.de\/es\/wp-json\/wp\/v2\/pages\/13937\/revisions\/13939"}],"up":[{"embeddable":true,"href":"https:\/\/consilab.de\/es\/wp-json\/wp\/v2\/pages\/13715"}],"wp:attachment":[{"href":"https:\/\/consilab.de\/es\/wp-json\/wp\/v2\/media?parent=13937"}],"curies":[{"name":"wp","href":"https:\/\/api.w.org\/{rel}","templated":true}]}}