{"id":13997,"date":"2021-06-21T13:25:15","date_gmt":"2021-06-21T11:25:15","guid":{"rendered":"https:\/\/consilab.de\/leistungen\/klassifizierung-von-stoffen\/spruehaerosol-flammenstrahl-und-fasspruefung-un-klasse-2\/"},"modified":"2025-05-15T14:22:53","modified_gmt":"2025-05-15T12:22:53","slug":"spruehaerosol-flammenstrahl-und-fasspruefung-un-klasse-2","status":"publish","type":"page","link":"https:\/\/consilab.de\/es\/leistungen\/klassifizierung-von-stoffen\/spruehaerosol-flammenstrahl-und-fasspruefung-un-klasse-2\/","title":{"rendered":"Aerosol de spray: prueba de chorro de llama y de recipiente (Clase ONU 2)"},"content":{"rendered":"<p>[vc_row rt_row_background_width=\u00bbfullwidth\u00bb rt_row_content_width=\u00bbdefault\u00bb rt_row_style=\u00bbdefault-style\u00bb rt_row_borders=\u00bb\u00bb rt_row_shadows=\u00bb\u00bb rt_row_paddings=\u00bbtrue\u00bb rt_bg_effect=\u00bbclassic\u00bb rt_bg_image_repeat=\u00bbrepeat\u00bb rt_bg_size=\u00bbcover\u00bb rt_bg_position=\u00bbright top\u00bb rt_bg_attachment=\u00bbscroll\u00bb rt_bg_video_format=\u00bbself-hosted\u00bb][vc_column width=\u00bb1\/3&#8243; rt_column_shadow=\u00bb\u00bb rt_bg_image_repeat=\u00bbrepeat\u00bb rt_bg_size=\u00bbauto auto\u00bb rt_bg_attachment=\u00bbscroll\u00bb class=\u00bbdownload\u00bb rt_bg_color=\u00bb\u00bb rt_bg_overlay_color=\u00bb\u00bb offset=\u00bbvc_hidden-sm vc_hidden-xs\u00bb css=\u00bb.vc_custom_1529335398592{padding-bottom: 0px !important;}\u00bb rt_padding_bottom=\u00bb0&#8243;][vc_widget_sidebar sidebar_id=\u00bbrt-theme-20-common-sidebar\u00bb][\/vc_column][vc_column width=\u00bb2\/3&#8243; rt_column_shadow=\u00bb\u00bb rt_bg_image_repeat=\u00bbrepeat\u00bb rt_bg_size=\u00bbauto auto\u00bb rt_bg_attachment=\u00bbscroll\u00bb class=\u00bbmaincontent\u00bb rt_bg_color=\u00bb\u00bb rt_bg_overlay_color=\u00bb\u00bb css=\u00bb.vc_custom_1531993670525{padding-bottom: 2em !important;}\u00bb][vc_column_text css=\u00bb\u00bb el_class=\u00bbredborderleft\u00bb]<\/p>\n<h1>Aerosol de spray: prueba de chorro de llama y de recipiente (Clase ONU 2)<\/h1>\n<h2>Esta prueba sirve para clasificar aerosoles de spray como <em>no inflamables<\/em>,<em> inflamables <\/em>o<em> muy inflamables. <\/em>La valoraci\u00f3n tiene lugar para aerosoles de spray a base de la longitud de llama en la prueba de chorro de llama as\u00ed como eventualmente el tiempo de equivalencia o la densidad de deflagraci\u00f3n en la prueba de recipiente.<\/h2>\n<p><strong>Prueba de chorro de llama para aerosoles de spray<\/strong><\/p>\n<p>Esta prueba se emplea en aerosoles con una distancia de pulverizaci\u00f3n de \u2265\u00a015\u00a0cm y m\u00e1s.<\/p>\n<p>El aerosol se pulveriza en direcci\u00f3n a una fuente de encendido que se halla a intervalos de distancias de 15 cm (fig. 2), observ\u00e1ndose si se enciende el aerosol y se produce una llama constante. Un encendido con llama constante se define como llama estable que se mantiene durante por lo menos 5 segundos. La fuente de encendido es un quemador de gas con una llama azul, no luminescente de 4-5 cm de altura.<\/p>\n<p>Si en esta prueba no se observa ning\u00fan encendido, debe realizarse adicionalmente la prueba de recipiente.<\/p>\n<p>La clasificaci\u00f3n se realiza como sigue:<\/p>\n<ul>\n<li>El aerosol debe clasificarse como <em>muy inflamable<\/em> en caso de un encendido a una distancia de \u226575\u00a0cm.<\/li>\n<li>El aerosol debe clasificarse como <em>inflamable<\/em>\u00a0 en caso de un encendido a una distancia de de15\u00a0cm\u00a0\u2264 y &lt;\u00a075\u00a0cm.<\/li>\n<li>Si en la prueba de chorro de llama no se produce ning\u00fan encendido ni tampoco un encendido a &lt;\u00a015\u00a0cm, el resultado de la prueba de recipiente es determinante.<\/li>\n<\/ul>\n<p><strong>Prueba de recipientes para aerosoles de spray<\/strong><\/p>\n<p>Esta prueba se emplea en aerosoles con una distancia de pulverizaci\u00f3n de \u2265\u00a015\u00a0cm si no se produjo encendido en la prueba de chorro de llama.<\/p>\n<p>El contenido de un envase con gas comprimido se roc\u00eda en un recipiente cil\u00edndrico de ensayo en el que se halla una vela encendida (fig. 5). Si se observa un encendido de registran el tiempo transcurrido y la masa aplicada del aerosol para valorar la combustibilidad del aerosol de spray.<\/p>\n<p>La clasificaci\u00f3n debe efectuarse como sigue:<\/p>\n<ul>\n<li>El aerosol debe clasificarse como <em>inflamable<\/em> si el tiempo de equivalencia en la prueba de recipiente es de \u2264\u00a0300\u00a0s\/m<sup>3<\/sup> o la densidad de deflagraci\u00f3n de \u2264\u00a0300\u00a0g\/m<sup>3<\/sup><\/li>\n<li>De lo contrario, el aerosol debe clasificarse como <em>no inflamable<\/em>. Para esta clasificaci\u00f3n debe haberse determinado adem\u00e1s una entalp\u00eda de combusti\u00f3n de &lt;\u00a020\u00a0kJ\/g. En caso de una entalp\u00eda de combusti\u00f3n de \u2265\u00a020\u00a0kJ\/g, el aerosol debe clasificarse independientemente del resultado de la prueba de recipiente como <em>inflamable<\/em>.<\/li>\n<\/ul>\n<p>El tiempo de equivalencia se calcula como sigue:<\/p>\n<p><img loading=\"lazy\" decoding=\"async\" class=\"aligncenter wp-image-11104 \" src=\"https:\/\/consilab.de\/wp-content\/uploads\/2021\/06\/Spru\u0308haerosol-A\u0308quivalentzeit-350x109.png\" alt=\"Spru\u0308haerosol A\u0308quivalentzeit\" width=\"176\" height=\"49\" \/><\/p>\n<p class=\"Text1\" style=\"text-align: justify;\">y la densidad de deflagraci\u00f3n conforme a:<\/p>\n<p><img loading=\"lazy\" decoding=\"async\" class=\"aligncenter size-medium wp-image-11107\" src=\"https:\/\/consilab.de\/wp-content\/uploads\/2021\/06\/Spru\u0308haerosol-Deflagrationsdichte-350x64.png\" alt=\"\" width=\"350\" height=\"64\" srcset=\"https:\/\/consilab.de\/wp-content\/uploads\/2021\/06\/Spru\u0308haerosol-Deflagrationsdichte-350x64.png 350w, https:\/\/consilab.de\/wp-content\/uploads\/2021\/06\/Spru\u0308haerosol-Deflagrationsdichte-1024x189.png 1024w, https:\/\/consilab.de\/wp-content\/uploads\/2021\/06\/Spru\u0308haerosol-Deflagrationsdichte-768x141.png 768w, https:\/\/consilab.de\/wp-content\/uploads\/2021\/06\/Spru\u0308haerosol-Deflagrationsdichte.png 1184w\" sizes=\"auto, (max-width: 350px) 100vw, 350px\" \/>[\/vc_column_text][vc_single_image image=\u00bb11111&#8243; img_size=\u00bbfull\u00bb add_caption=\u00bbyes\u00bb alignment=\u00bbcenter\u00bb el_class=\u00bbtest&#8211;illustration\u00bb][vc_single_image image=\u00bb11114&#8243; img_size=\u00bbfull\u00bb add_caption=\u00bbyes\u00bb alignment=\u00bbcenter\u00bb el_class=\u00bbtest&#8211;illustration\u00bb][vc_single_image image=\u00bb11117&#8243; img_size=\u00bbfull\u00bb add_caption=\u00bbyes\u00bb alignment=\u00bbcenter\u00bb el_class=\u00bbtest&#8211;illustration\u00bb][vc_single_image image=\u00bb11120&#8243; img_size=\u00bbfull\u00bb add_caption=\u00bbyes\u00bb alignment=\u00bbcenter\u00bb el_class=\u00bbtest&#8211;illustration\u00bb][vc_row_inner rt_row_style=\u00bbglobal-style\u00bb rt_bg_custom_alignment=\u00bbtop\u00bb][vc_column_inner width=\u00bb1\/2&#8243; rt_column_shadow=\u00bb\u00bb rt_bg_image_repeat=\u00bbrepeat\u00bb rt_bg_size=\u00bbauto auto\u00bb rt_bg_attachment=\u00bbscroll\u00bb][vc_btn title=\u00bbClasificaci\u00f3n de sustancias\u00bb style=\u00bbclassic\u00bb color=\u00bbpurple\u00bb i_icon_fontawesome=\u00bbfas fa-angle-left\u00bb css=\u00bb\u00bb add_icon=\u00bbtrue\u00bb link=\u00bburl:%2Fes%2Fleistungen%2Fklassifizierung-von-stoffen%2F|title:Clasificaci%C3%B3n%20de%20sustancias\u00bb el_class=\u00bbbtn&#8211;red\u00bb][\/vc_column_inner][vc_column_inner width=\u00bb1\/2&#8243; rt_column_shadow=\u00bb\u00bb rt_bg_image_repeat=\u00bbrepeat\u00bb rt_bg_size=\u00bbauto auto\u00bb rt_bg_attachment=\u00bbscroll\u00bb][vc_btn title=\u00bbPrestaciones\u00bb style=\u00bbclassic\u00bb color=\u00bbpurple\u00bb i_icon_fontawesome=\u00bbfas fa-angle-left\u00bb css=\u00bb\u00bb add_icon=\u00bbtrue\u00bb link=\u00bburl:%2Fes%2Fleistungen%2F|title:Prestaciones\u00bb el_class=\u00bbbtn&#8211;red\u00bb][\/vc_column_inner][\/vc_row_inner][\/vc_column][\/vc_row]<\/p>\n","protected":false},"excerpt":{"rendered":"<p>[vc_row rt_row_background_width=\u00bbfullwidth\u00bb rt_row_content_width=\u00bbdefault\u00bb rt_row_style=\u00bbdefault-style\u00bb rt_row_borders=\u00bb\u00bb rt_row_shadows=\u00bb\u00bb rt_row_paddings=\u00bbtrue\u00bb rt_bg_effect=\u00bbclassic\u00bb rt_bg_image_repeat=\u00bbrepeat\u00bb rt_bg_size=\u00bbcover\u00bb rt_bg_position=\u00bbright top\u00bb rt_bg_attachment=\u00bbscroll\u00bb rt_bg_video_format=\u00bbself-hosted\u00bb][vc_column width=\u00bb1\/3&#8243; rt_column_shadow=\u00bb\u00bb rt_bg_image_repeat=\u00bbrepeat\u00bb rt_bg_size=\u00bbauto auto\u00bb rt_bg_attachment=\u00bbscroll\u00bb class=\u00bbdownload\u00bb rt_bg_color=\u00bb\u00bb rt_bg_overlay_color=\u00bb\u00bb offset=\u00bbvc_hidden-sm vc_hidden-xs\u00bb css=\u00bb.vc_custom_1529335398592{padding-bottom: 0px !important;}\u00bb rt_padding_bottom=\u00bb0&#8243;][vc_widget_sidebar sidebar_id=\u00bbrt-theme-20-common-sidebar\u00bb][\/vc_column][vc_column width=\u00bb2\/3&#8243; rt_column_shadow=\u00bb\u00bb rt_bg_image_repeat=\u00bbrepeat\u00bb rt_bg_size=\u00bbauto auto\u00bb rt_bg_attachment=\u00bbscroll\u00bb class=\u00bbmaincontent\u00bb rt_bg_color=\u00bb\u00bb rt_bg_overlay_color=\u00bb\u00bb css=\u00bb.vc_custom_1531993670525{padding-bottom: 2em !important;}\u00bb][vc_column_text css=\u00bb\u00bb el_class=\u00bbredborderleft\u00bb] Aerosol de spray: prueba de chorro de llama y de recipiente  &#8230;<br \/><a class=\"more-link\" href=\"https:\/\/consilab.de\/es\/leistungen\/klassifizierung-von-stoffen\/spruehaerosol-flammenstrahl-und-fasspruefung-un-klasse-2\/\">more | mehr<\/a><\/p>\n","protected":false},"author":2,"featured_media":0,"parent":13715,"menu_order":10,"comment_status":"closed","ping_status":"closed","template":"","meta":{"footnotes":""},"class_list":["post-13997","page","type-page","status-publish","hentry"],"_links":{"self":[{"href":"https:\/\/consilab.de\/es\/wp-json\/wp\/v2\/pages\/13997","targetHints":{"allow":["GET"]}}],"collection":[{"href":"https:\/\/consilab.de\/es\/wp-json\/wp\/v2\/pages"}],"about":[{"href":"https:\/\/consilab.de\/es\/wp-json\/wp\/v2\/types\/page"}],"author":[{"embeddable":true,"href":"https:\/\/consilab.de\/es\/wp-json\/wp\/v2\/users\/2"}],"replies":[{"embeddable":true,"href":"https:\/\/consilab.de\/es\/wp-json\/wp\/v2\/comments?post=13997"}],"version-history":[{"count":3,"href":"https:\/\/consilab.de\/es\/wp-json\/wp\/v2\/pages\/13997\/revisions"}],"predecessor-version":[{"id":14012,"href":"https:\/\/consilab.de\/es\/wp-json\/wp\/v2\/pages\/13997\/revisions\/14012"}],"up":[{"embeddable":true,"href":"https:\/\/consilab.de\/es\/wp-json\/wp\/v2\/pages\/13715"}],"wp:attachment":[{"href":"https:\/\/consilab.de\/es\/wp-json\/wp\/v2\/media?parent=13997"}],"curies":[{"name":"wp","href":"https:\/\/api.w.org\/{rel}","templated":true}]}}