{"id":14027,"date":"2021-06-14T10:46:11","date_gmt":"2021-06-14T08:46:11","guid":{"rendered":"https:\/\/consilab.de\/leistungen\/klassifizierung-von-stoffen\/thermische-empfindlichkeit-un-serie-1-serie-2-test-1-b-test-2-b-koenen-test\/"},"modified":"2025-05-14T15:57:02","modified_gmt":"2025-05-14T13:57:02","slug":"thermische-empfindlichkeit-un-serie-1-serie-2-test-1-b-test-2-b-koenen-test","status":"publish","type":"page","link":"https:\/\/consilab.de\/es\/leistungen\/klassifizierung-von-stoffen\/thermische-empfindlichkeit-un-serie-1-serie-2-test-1-b-test-2-b-koenen-test\/","title":{"rendered":"Sensibilidad t\u00e9rmica: ONU Serie 1 \/ Serie 2, Prueba 1 (b) \/ Pest 2 (b): Prueba de Koenen"},"content":{"rendered":"<p>[vc_row rt_row_background_width=\u00bbfullwidth\u00bb rt_row_content_width=\u00bbdefault\u00bb rt_row_style=\u00bbdefault-style\u00bb rt_row_borders=\u00bb\u00bb rt_row_shadows=\u00bb\u00bb rt_row_paddings=\u00bbfalse\u00bb rt_bg_effect=\u00bbclassic\u00bb rt_bg_image_repeat=\u00bbrepeat\u00bb rt_bg_size=\u00bbcover\u00bb rt_bg_position=\u00bbright top\u00bb rt_bg_attachment=\u00bbscroll\u00bb rt_bg_video_format=\u00bbself-hosted\u00bb][vc_column width=\u00bb1\/3&#8243; rt_column_shadow=\u00bb\u00bb rt_bg_image_repeat=\u00bbrepeat\u00bb rt_bg_size=\u00bbauto auto\u00bb rt_bg_attachment=\u00bbscroll\u00bb class=\u00bbdownload\u00bb rt_bg_color=\u00bb\u00bb rt_bg_overlay_color=\u00bb\u00bb offset=\u00bbvc_hidden-sm vc_hidden-xs\u00bb css=\u00bb.vc_custom_1532421990135{padding-bottom: 0px !important;}\u00bb rt_padding_bottom=\u00bb0&#8243;][vc_widget_sidebar sidebar_id=\u00bbrt-theme-20-common-sidebar\u00bb][\/vc_column][vc_column width=\u00bb2\/3&#8243; rt_column_shadow=\u00bb\u00bb rt_bg_image_repeat=\u00bbrepeat\u00bb rt_bg_size=\u00bbauto auto\u00bb rt_bg_attachment=\u00bbscroll\u00bb class=\u00bbmaincontent\u00bb rt_bg_color=\u00bb\u00bb rt_bg_overlay_color=\u00bb\u00bb css=\u00bb.vc_custom_1532421960235{margin-bottom: 1em !important;padding-bottom: 0px !important;}\u00bb][vc_column_text css=\u00bb\u00bb el_class=\u00bbredborderleft\u00bb]<\/p>\n<h1>Sensibilidad t\u00e9rmica: ONU Serie 1 \/ Serie 2, Prueba 1 (b) \/ Pest 2 (b): Prueba de Koenen<\/h1>\n<h2>Para la prueba, la sustancia de ensayo se caliente en una funda de acero cerrada con placas de boquillas con aberturas de diferentes di\u00e1metros. De este modo se determina si la sustancia es capaz de explotar bajo una intensa solicitaci\u00f3n t\u00e9rmica con una inclusi\u00f3n definida.<\/h2>\n<p>El aparato consiste en una funda de acero no reutilizable que se inserta en un dispositivo calentador y protector.<\/p>\n<p>Cada funda se fabrica de chapa en un procedimiento de embutici\u00f3n profunda (v\u00e9ase el anexo) y posee un di\u00e1metro interior de 24 mm, una longitud de 75 mm y un espesor de pared de 0,5 mm. En el extremo abierto, las fundas poseen un collar\u00edn en el que pueden ser cerradas con la placa de boquillas. El cierre consiste en una placa de boquillas a prueba de presi\u00f3n con un taladro c\u00e9ntrico unido de manera firme con el casquillo con el atornillado integrada de anillo de rosca y tuerca. El anillo de rosca y la tuerca son de acero de cromo-manganeso resistente a la formaci\u00f3n de yesca hasta 800 \u00b0C. Las placas de boquillas tienen un espesor de 6 mm, son de acero resistente al calor y est\u00e1n disponibles con diferentes di\u00e1metros de abertura.<\/p>\n<p>El resultado de la prueba es clasificado como positivo, si se produce una explosi\u00f3n con el aparato descrito en por lo menos uno de los ensayos indicados (3 piezas).<\/p>\n<p style=\"text-align: center;\">Aparato para la comprobaci\u00f3n de la sensibilidad t\u00e9rmica<br \/>\n(todas las dimensiones en mm)<\/p>\n<p>[\/vc_column_text][vc_row_inner rt_row_style=\u00bbglobal-style\u00bb rt_bg_custom_alignment=\u00bbtop\u00bb class=\u00bbtest__illustration&#8211;desktop\u00bb][vc_column_inner width=\u00bb1\/2&#8243; rt_column_shadow=\u00bb\u00bb rt_bg_image_repeat=\u00bbrepeat\u00bb rt_bg_size=\u00bbauto auto\u00bb rt_bg_attachment=\u00bbscroll\u00bb][vc_single_image image=\u00bb10911&#8243; img_size=\u00bbfull\u00bb add_caption=\u00bbyes\u00bb][vc_column_text css=\u00bb\u00bb](1)\u00a0\u00a0\u00a0 Casquillo<\/p>\n<p>(1a)\u00a0 Brida exterior<\/p>\n<p>(2)\u00a0\u00a0 Anillo de rosca; rosca de fricci\u00f3n reducida<\/p>\n<p>(3)\u00a0\u00a0 Placa de boquillas a = 2.0 o 6.0 mm di\u00e1m.<\/p>\n<p>(4)\u00a0\u00a0 Tuerca b = 10 mm de di\u00e1metro<\/p>\n<p>(5)\u00a0\u00a0 Superficie biselada<\/p>\n<p>(6)\u00a0\u00a0 2 superficies para anchura de llave 41[\/vc_column_text][\/vc_column_inner][vc_column_inner width=\u00bb1\/2&#8243; rt_column_shadow=\u00bb\u00bb rt_bg_image_repeat=\u00bbrepeat\u00bb rt_bg_size=\u00bbauto auto\u00bb rt_bg_attachment=\u00bbscroll\u00bb][vc_single_image image=\u00bb10914&#8243; img_size=\u00bbfull\u00bb add_caption=\u00bbyes\u00bb][vc_column_text css=\u00bb\u00bb](7)\u00a0\u00a0\u00a0 2 superficies para anchura de llave 36<\/p>\n<p>(8)\u00a0\u00a0\u00a0 Caja irrompible<\/p>\n<p>(9) \u00a0\u00a0 2 barras de sujeci\u00f3n para casquillos<\/p>\n<p>(10)\u00a0 Casquillo, montado<\/p>\n<p>(11)\u00a0 Posici\u00f3n del quemador trasero, otros quemadores visibles<\/p>\n<p>(12)\u00a0 Llama permanente[\/vc_column_text][\/vc_column_inner][\/vc_row_inner][vc_row_inner rt_row_style=\u00bbglobal-style\u00bb rt_bg_custom_alignment=\u00bbtop\u00bb class=\u00bbtest__illustration&#8211;mobile\u00bb][vc_column_inner rt_column_shadow=\u00bb\u00bb rt_bg_image_repeat=\u00bbrepeat\u00bb rt_bg_size=\u00bbauto auto\u00bb rt_bg_attachment=\u00bbscroll\u00bb][vc_single_image image=\u00bb10911&#8243; img_size=\u00bbfull\u00bb add_caption=\u00bbyes\u00bb][vc_single_image image=\u00bb10914&#8243; img_size=\u00bbfull\u00bb add_caption=\u00bbyes\u00bb][vc_column_text css=\u00bb\u00bb](1)\u00a0\u00a0\u00a0 Casquillo<\/p>\n<p>(1a)\u00a0 Brida exterior<\/p>\n<p>(2)\u00a0\u00a0 Anillo de rosca; rosca de fricci\u00f3n reducida<\/p>\n<p>(3)\u00a0\u00a0 Placa de boquillas a = 2.0 o 6.0 mm di\u00e1m.<\/p>\n<p>(4)\u00a0\u00a0 Tuerca b = 10 mm de di\u00e1metro<\/p>\n<p>(5)\u00a0\u00a0 Superficie biselada<\/p>\n<p>(6)\u00a0\u00a0 2 superficies para anchura de llave 41<\/p>\n<p>&nbsp;<\/p>\n<p>&nbsp;<\/p>\n<p>(7)\u00a0\u00a0\u00a0 2 superficies para anchura de llave 36<\/p>\n<p>(8)\u00a0\u00a0\u00a0 Caja irrompible<\/p>\n<p>(9) \u00a0\u00a0 2 barras de sujeci\u00f3n para casquillos<\/p>\n<p>(10)\u00a0 Casquillo, montado<\/p>\n<p>(11)\u00a0 Posici\u00f3n del quemador trasero, otros quemadores visibles<\/p>\n<p>(12)\u00a0 Llama permanente<\/p>\n<p>[\/vc_column_text][\/vc_column_inner][\/vc_row_inner][vc_single_image image=\u00bb10831&#8243; img_size=\u00bbfull\u00bb add_caption=\u00bbyes\u00bb][vc_row_inner rt_row_style=\u00bbglobal-style\u00bb rt_bg_custom_alignment=\u00bbtop\u00bb][vc_column_inner width=\u00bb1\/2&#8243; rt_column_shadow=\u00bb\u00bb rt_bg_image_repeat=\u00bbrepeat\u00bb rt_bg_size=\u00bbauto auto\u00bb rt_bg_attachment=\u00bbscroll\u00bb][vc_btn title=\u00bbClasificaci\u00f3n de sustancias\u00bb style=\u00bbclassic\u00bb color=\u00bbpurple\u00bb i_icon_fontawesome=\u00bbfas fa-angle-left\u00bb css=\u00bb\u00bb add_icon=\u00bbtrue\u00bb link=\u00bburl:%2Fes%2Fleistungen%2Fklassifizierung-von-stoffen%2F|title:Clasificaci%C3%B3n%20de%20sustancias\u00bb el_class=\u00bbbtn&#8211;red\u00bb][\/vc_column_inner][vc_column_inner width=\u00bb1\/2&#8243; rt_column_shadow=\u00bb\u00bb rt_bg_image_repeat=\u00bbrepeat\u00bb rt_bg_size=\u00bbauto auto\u00bb rt_bg_attachment=\u00bbscroll\u00bb][vc_btn title=\u00bbPrestaciones\u00bb style=\u00bbclassic\u00bb color=\u00bbpurple\u00bb i_icon_fontawesome=\u00bbfas fa-angle-left\u00bb css=\u00bb\u00bb add_icon=\u00bbtrue\u00bb link=\u00bburl:%2Fes%2Fleistungen%2F|title:Prestaciones%20&#8243; el_class=\u00bbbtn&#8211;red\u00bb][\/vc_column_inner][\/vc_row_inner][\/vc_column][\/vc_row]<\/p>\n","protected":false},"excerpt":{"rendered":"<p>[vc_row rt_row_background_width=\u00bbfullwidth\u00bb rt_row_content_width=\u00bbdefault\u00bb rt_row_style=\u00bbdefault-style\u00bb rt_row_borders=\u00bb\u00bb rt_row_shadows=\u00bb\u00bb rt_row_paddings=\u00bbfalse\u00bb rt_bg_effect=\u00bbclassic\u00bb rt_bg_image_repeat=\u00bbrepeat\u00bb rt_bg_size=\u00bbcover\u00bb rt_bg_position=\u00bbright top\u00bb rt_bg_attachment=\u00bbscroll\u00bb rt_bg_video_format=\u00bbself-hosted\u00bb][vc_column width=\u00bb1\/3&#8243; rt_column_shadow=\u00bb\u00bb rt_bg_image_repeat=\u00bbrepeat\u00bb rt_bg_size=\u00bbauto auto\u00bb rt_bg_attachment=\u00bbscroll\u00bb class=\u00bbdownload\u00bb rt_bg_color=\u00bb\u00bb rt_bg_overlay_color=\u00bb\u00bb offset=\u00bbvc_hidden-sm vc_hidden-xs\u00bb css=\u00bb.vc_custom_1532421990135{padding-bottom: 0px !important;}\u00bb rt_padding_bottom=\u00bb0&#8243;][vc_widget_sidebar sidebar_id=\u00bbrt-theme-20-common-sidebar\u00bb][\/vc_column][vc_column width=\u00bb2\/3&#8243; rt_column_shadow=\u00bb\u00bb rt_bg_image_repeat=\u00bbrepeat\u00bb rt_bg_size=\u00bbauto auto\u00bb rt_bg_attachment=\u00bbscroll\u00bb class=\u00bbmaincontent\u00bb rt_bg_color=\u00bb\u00bb rt_bg_overlay_color=\u00bb\u00bb css=\u00bb.vc_custom_1532421960235{margin-bottom: 1em !important;padding-bottom: 0px !important;}\u00bb][vc_column_text css=\u00bb\u00bb el_class=\u00bbredborderleft\u00bb] Sensibilidad t\u00e9rmica: ONU Serie 1 \/ Serie 2, Prueba  &#8230;<br \/><a class=\"more-link\" href=\"https:\/\/consilab.de\/es\/leistungen\/klassifizierung-von-stoffen\/thermische-empfindlichkeit-un-serie-1-serie-2-test-1-b-test-2-b-koenen-test\/\">more | mehr<\/a><\/p>\n","protected":false},"author":2,"featured_media":0,"parent":13715,"menu_order":11,"comment_status":"closed","ping_status":"closed","template":"","meta":{"footnotes":""},"class_list":["post-14027","page","type-page","status-publish","hentry"],"_links":{"self":[{"href":"https:\/\/consilab.de\/es\/wp-json\/wp\/v2\/pages\/14027","targetHints":{"allow":["GET"]}}],"collection":[{"href":"https:\/\/consilab.de\/es\/wp-json\/wp\/v2\/pages"}],"about":[{"href":"https:\/\/consilab.de\/es\/wp-json\/wp\/v2\/types\/page"}],"author":[{"embeddable":true,"href":"https:\/\/consilab.de\/es\/wp-json\/wp\/v2\/users\/2"}],"replies":[{"embeddable":true,"href":"https:\/\/consilab.de\/es\/wp-json\/wp\/v2\/comments?post=14027"}],"version-history":[{"count":2,"href":"https:\/\/consilab.de\/es\/wp-json\/wp\/v2\/pages\/14027\/revisions"}],"predecessor-version":[{"id":14053,"href":"https:\/\/consilab.de\/es\/wp-json\/wp\/v2\/pages\/14027\/revisions\/14053"}],"up":[{"embeddable":true,"href":"https:\/\/consilab.de\/es\/wp-json\/wp\/v2\/pages\/13715"}],"wp:attachment":[{"href":"https:\/\/consilab.de\/es\/wp-json\/wp\/v2\/media?parent=14027"}],"curies":[{"name":"wp","href":"https:\/\/api.w.org\/{rel}","templated":true}]}}