{"id":14122,"date":"2020-05-18T15:22:46","date_gmt":"2020-05-18T13:22:46","guid":{"rendered":"https:\/\/consilab.de\/leistungen\/kenndaten-von-stoffen\/untere-bzw-obere-explosionsgrenze\/"},"modified":"2025-05-14T18:17:00","modified_gmt":"2025-05-14T16:17:00","slug":"untere-bzw-obere-explosionsgrenze","status":"publish","type":"page","link":"https:\/\/consilab.de\/es\/leistungen\/kenndaten-von-stoffen\/untere-bzw-obere-explosionsgrenze\/","title":{"rendered":"Determinaci\u00f3n del l\u00edmite superior e inferior de explosividad"},"content":{"rendered":"<p>[vc_row rt_row_background_width=\u00bbfullwidth\u00bb rt_row_content_width=\u00bbdefault\u00bb rt_row_style=\u00bbdefault-style\u00bb rt_row_borders=\u00bb\u00bb rt_row_shadows=\u00bb\u00bb rt_row_paddings=\u00bbfalse\u00bb rt_bg_effect=\u00bbclassic\u00bb rt_bg_image_repeat=\u00bbrepeat\u00bb rt_bg_size=\u00bbcover\u00bb rt_bg_position=\u00bbright top\u00bb rt_bg_attachment=\u00bbscroll\u00bb rt_bg_video_format=\u00bbself-hosted\u00bb][vc_column width=\u00bb1\/3&#8243; rt_column_shadow=\u00bb\u00bb rt_bg_image_repeat=\u00bbrepeat\u00bb rt_bg_size=\u00bbauto auto\u00bb rt_bg_attachment=\u00bbscroll\u00bb class=\u00bbdownload\u00bb rt_bg_color=\u00bb\u00bb rt_bg_overlay_color=\u00bb\u00bb offset=\u00bbvc_hidden-sm vc_hidden-xs\u00bb css=\u00bb.vc_custom_1532422018913{padding-bottom: 0px !important;}\u00bb rt_padding_bottom=\u00bb0&#8243;][vc_widget_sidebar sidebar_id=\u00bbrt-theme-20-common-sidebar\u00bb][\/vc_column][vc_column width=\u00bb2\/3&#8243; rt_column_shadow=\u00bb\u00bb rt_bg_image_repeat=\u00bbrepeat\u00bb rt_bg_size=\u00bbauto auto\u00bb rt_bg_attachment=\u00bbscroll\u00bb class=\u00bbmaincontent\u00bb rt_bg_color=\u00bb\u00bb rt_bg_overlay_color=\u00bb\u00bb css=\u00bb.vc_custom_1532422014773{padding-bottom: 2em !important;}\u00bb][vc_column_text css=\u00bb\u00bb el_class=\u00bbredborderleft\u00bb]<\/p>\n<h1>Determinaci\u00f3n del l\u00edmite superior e inferior de explosividad as\u00ed como de la concentraci\u00f3n l\u00edmite de ox\u00edgeno de gases y vapores<\/h1>\n<h2 class=\"bodytext\">En las empresas en las que se trabaja con l\u00edquidos o gases inflamables existe el riesgo de una atm\u00f3sfera explosiva. Esta puede provocar una explosi\u00f3n en caso de que exista una fuente de ignici\u00f3n.<\/h2>\n<p>Como posible concepto de protecci\u00f3n puede aplicarse la protecci\u00f3n primaria contra explosiones, es decir la prevenci\u00f3n de la formaci\u00f3n de una mezcla explosiva de gas\/aire o vapor\/aire.<\/p>\n<p>Son par\u00e1metros importantes para la valoraci\u00f3n de la existencia de una atm\u00f3sfera explosiva el l\u00edmite inferior y superior de explosividad (LIE \/ LSE) as\u00ed como la concentraci\u00f3n l\u00edmite de ox\u00edgeno (CLO). Estos datos caracter\u00edsticos definen la gama en la que una mezcla de gas\/aire o vapor\/aire puede inflamarse (v\u00e9ase la figura).<\/p>\n<p>&nbsp;<\/p>\n<p><img loading=\"lazy\" decoding=\"async\" class=\"size-full wp-image-8527 alignnone\" src=\"https:\/\/consilab.de\/wp-content\/uploads\/2020\/05\/explosion-range.jpg\" alt=\"\" width=\"515\" height=\"414\" srcset=\"https:\/\/consilab.de\/wp-content\/uploads\/2020\/05\/explosion-range.jpg 515w, https:\/\/consilab.de\/wp-content\/uploads\/2020\/05\/explosion-range-350x281.jpg 350w\" sizes=\"auto, (max-width: 515px) 100vw, 515px\" \/><\/p>\n<p>La determinaci\u00f3n de estos datos caracter\u00edsticos se describe en la norma DIN EN 1839, siendo realizada por consilab conforme al procedimiento de tubo (procedimiento T) de la<strong> determinaci\u00f3n del l\u00edmite superior e inferior de explosividad as\u00ed como de la concentraci\u00f3n l\u00edmite de ox\u00edgeno de gases y vapores <\/strong>(v\u00e9ase la figura a la izquierda). La mezcla de prueba utilizada es ajustada a trav\u00e9s de un regulador de caudal de masa, consistiendo en la sustancia de prueba\/combustible, aire y en la determinaci\u00f3n de la concentraci\u00f3n l\u00edmite de ox\u00edgeno tambi\u00e9n de gas inerte adicional [p. ej. N, vapor de agua].<\/p>\n<p>Para su homogeneizaci\u00f3n, la mezcla de prueba es conducida a una c\u00e1mara de mezcla. La mezcla de combustible luego es conducida a una c\u00e1mara de explosi\u00f3n, siendo encendida con una chispa. Se trata de una inflamaci\u00f3n si puede detectarse visualmente la separaci\u00f3n de una llama de la fuente de ignici\u00f3n. Para el an\u00e1lisis de la concentraci\u00f3n l\u00edmite de ox\u00edgeno se instala adicionalmente una sonda de ox\u00edgeno en la salida de la c\u00e1mara de explosi\u00f3n para permitir una determinaci\u00f3n continua del ox\u00edgeno.<\/p>\n<p>Los par\u00e1metros mencionados son dependientes de la temperatura, siendo por lo general m\u00e1s cr\u00edticos en la medida en que aumenta la temperatura. Para permitir una determinaci\u00f3n cercana a la pr\u00e1ctica, la instalaci\u00f3n de ensayo debe colocarse en su conjunto en un armario desecador con circulaci\u00f3n de aire que permite alcanzar una temperatura ambiental de hasta 200 \u00b0C. Un evaporador total preconectado permite ensayar sustancias dif\u00edcilmente inflamables como por ejemplo amon\u00edaco, aminas o sustancias con un elevado grado de halogenizaci\u00f3n.<\/p>\n<p>[\/vc_column_text][vc_row_inner rt_row_style=\u00bbglobal-style\u00bb rt_bg_custom_alignment=\u00bbtop\u00bb][vc_column_inner width=\u00bb1\/2&#8243; rt_column_shadow=\u00bb\u00bb rt_bg_image_repeat=\u00bbrepeat\u00bb rt_bg_size=\u00bbauto auto\u00bb rt_bg_attachment=\u00bbscroll\u00bb][vc_btn title=\u00bbCaracter\u00edsticas de sustancias\u00bb style=\u00bbclassic\u00bb color=\u00bbpurple\u00bb i_icon_fontawesome=\u00bbfas fa-angle-left\u00bb css=\u00bb\u00bb add_icon=\u00bbtrue\u00bb link=\u00bburl:%2Fes%2Fleistungen%2Fkenndaten-von-stoffen%2F|title:Caracter%C3%ADsticas%20de%20sustancias%20&#8243; el_class=\u00bbbtn&#8211;red\u00bb][\/vc_column_inner][vc_column_inner width=\u00bb1\/2&#8243; rt_column_shadow=\u00bb\u00bb rt_bg_image_repeat=\u00bbrepeat\u00bb rt_bg_size=\u00bbauto auto\u00bb rt_bg_attachment=\u00bbscroll\u00bb][vc_btn title=\u00bbPrestaciones\u00bb style=\u00bbclassic\u00bb color=\u00bbpurple\u00bb i_icon_fontawesome=\u00bbfas fa-angle-left\u00bb css=\u00bb\u00bb add_icon=\u00bbtrue\u00bb link=\u00bburl:%2Fes%2Fleistungen%2F|title:Prestaciones%20&#8243; el_class=\u00bbbtn&#8211;red\u00bb][\/vc_column_inner][\/vc_row_inner][\/vc_column][\/vc_row]<\/p>\n","protected":false},"excerpt":{"rendered":"<p>[vc_row rt_row_background_width=\u00bbfullwidth\u00bb rt_row_content_width=\u00bbdefault\u00bb rt_row_style=\u00bbdefault-style\u00bb rt_row_borders=\u00bb\u00bb rt_row_shadows=\u00bb\u00bb rt_row_paddings=\u00bbfalse\u00bb rt_bg_effect=\u00bbclassic\u00bb rt_bg_image_repeat=\u00bbrepeat\u00bb rt_bg_size=\u00bbcover\u00bb rt_bg_position=\u00bbright top\u00bb rt_bg_attachment=\u00bbscroll\u00bb rt_bg_video_format=\u00bbself-hosted\u00bb][vc_column width=\u00bb1\/3&#8243; rt_column_shadow=\u00bb\u00bb rt_bg_image_repeat=\u00bbrepeat\u00bb rt_bg_size=\u00bbauto auto\u00bb rt_bg_attachment=\u00bbscroll\u00bb class=\u00bbdownload\u00bb rt_bg_color=\u00bb\u00bb rt_bg_overlay_color=\u00bb\u00bb offset=\u00bbvc_hidden-sm vc_hidden-xs\u00bb css=\u00bb.vc_custom_1532422018913{padding-bottom: 0px !important;}\u00bb rt_padding_bottom=\u00bb0&#8243;][vc_widget_sidebar sidebar_id=\u00bbrt-theme-20-common-sidebar\u00bb][\/vc_column][vc_column width=\u00bb2\/3&#8243; rt_column_shadow=\u00bb\u00bb rt_bg_image_repeat=\u00bbrepeat\u00bb rt_bg_size=\u00bbauto auto\u00bb rt_bg_attachment=\u00bbscroll\u00bb class=\u00bbmaincontent\u00bb rt_bg_color=\u00bb\u00bb rt_bg_overlay_color=\u00bb\u00bb css=\u00bb.vc_custom_1532422014773{padding-bottom: 2em !important;}\u00bb][vc_column_text css=\u00bb\u00bb el_class=\u00bbredborderleft\u00bb] Determinaci\u00f3n del l\u00edmite superior e inferior de explosividad as\u00ed como de  &#8230;<br \/><a class=\"more-link\" href=\"https:\/\/consilab.de\/es\/leistungen\/kenndaten-von-stoffen\/untere-bzw-obere-explosionsgrenze\/\">more | mehr<\/a><\/p>\n","protected":false},"author":1,"featured_media":0,"parent":13695,"menu_order":4,"comment_status":"closed","ping_status":"closed","template":"","meta":{"footnotes":""},"class_list":["post-14122","page","type-page","status-publish","hentry"],"_links":{"self":[{"href":"https:\/\/consilab.de\/es\/wp-json\/wp\/v2\/pages\/14122","targetHints":{"allow":["GET"]}}],"collection":[{"href":"https:\/\/consilab.de\/es\/wp-json\/wp\/v2\/pages"}],"about":[{"href":"https:\/\/consilab.de\/es\/wp-json\/wp\/v2\/types\/page"}],"author":[{"embeddable":true,"href":"https:\/\/consilab.de\/es\/wp-json\/wp\/v2\/users\/1"}],"replies":[{"embeddable":true,"href":"https:\/\/consilab.de\/es\/wp-json\/wp\/v2\/comments?post=14122"}],"version-history":[{"count":2,"href":"https:\/\/consilab.de\/es\/wp-json\/wp\/v2\/pages\/14122\/revisions"}],"predecessor-version":[{"id":14125,"href":"https:\/\/consilab.de\/es\/wp-json\/wp\/v2\/pages\/14122\/revisions\/14125"}],"up":[{"embeddable":true,"href":"https:\/\/consilab.de\/es\/wp-json\/wp\/v2\/pages\/13695"}],"wp:attachment":[{"href":"https:\/\/consilab.de\/es\/wp-json\/wp\/v2\/media?parent=14122"}],"curies":[{"name":"wp","href":"https:\/\/api.w.org\/{rel}","templated":true}]}}