{"id":14143,"date":"2018-06-26T10:19:12","date_gmt":"2018-06-26T08:19:12","guid":{"rendered":"https:\/\/consilab.de\/leistungen\/kenndaten-von-stoffen\/staubexplosionsfaehigkeit-im-hartmannrohr\/"},"modified":"2025-05-14T20:18:29","modified_gmt":"2025-05-14T18:18:29","slug":"staubexplosionsfaehigkeit-im-hartmannrohr","status":"publish","type":"page","link":"https:\/\/consilab.de\/es\/leistungen\/kenndaten-von-stoffen\/staubexplosionsfaehigkeit-im-hartmannrohr\/","title":{"rendered":"Determinaci\u00f3n del potencial de explosi\u00f3n de polvo (Screening) con el tubo de Hartmann"},"content":{"rendered":"<p>[vc_row rt_row_background_width=\u00bbfullwidth\u00bb rt_row_content_width=\u00bbdefault\u00bb rt_row_style=\u00bbdefault-style\u00bb rt_row_borders=\u00bb\u00bb rt_row_shadows=\u00bb\u00bb rt_row_paddings=\u00bbtrue\u00bb rt_bg_effect=\u00bbclassic\u00bb rt_bg_image_repeat=\u00bbrepeat\u00bb rt_bg_size=\u00bbcover\u00bb rt_bg_position=\u00bbright top\u00bb rt_bg_attachment=\u00bbscroll\u00bb rt_bg_video_format=\u00bbself-hosted\u00bb][vc_column width=\u00bb1\/3&#8243; rt_column_shadow=\u00bb\u00bb rt_bg_image_repeat=\u00bbrepeat\u00bb rt_bg_size=\u00bbauto auto\u00bb rt_bg_attachment=\u00bbscroll\u00bb class=\u00bbdownload\u00bb rt_bg_color=\u00bb\u00bb rt_bg_overlay_color=\u00bb\u00bb offset=\u00bbvc_hidden-sm vc_hidden-xs\u00bb css=\u00bb.vc_custom_1529335398592{padding-bottom: 0px !important;}\u00bb rt_padding_bottom=\u00bb0&#8243;][vc_widget_sidebar sidebar_id=\u00bbrt-theme-20-common-sidebar\u00bb][\/vc_column][vc_column width=\u00bb2\/3&#8243; rt_column_shadow=\u00bb\u00bb rt_bg_image_repeat=\u00bbrepeat\u00bb rt_bg_size=\u00bbauto auto\u00bb rt_bg_attachment=\u00bbscroll\u00bb class=\u00bbmaincontent\u00bb rt_bg_color=\u00bb\u00bb rt_bg_overlay_color=\u00bb\u00bb css=\u00bb.vc_custom_1626263645139{padding-bottom: 0px !important;}\u00bb][vc_column_text css=\u00bb\u00bb]<\/p>\n<h1>Determinaci\u00f3n del potencial de explosi\u00f3n de polvo (Screening) con el tubo de Hartmann<\/h1>\n<h2>La capacidad de explosi\u00f3n de polvo de un producto puede estudiarse en un tubo de Hartmann. Esta investigaci\u00f3n se lleva a cabo seg\u00fan la norma DIN EN ISO 80079-20-2 o bien VDI 2263-1.<\/h2>\n<p>Para ello el objeto de la prueba se coloca a diferentes concentraciones en el tubo de Hartmann, provocan con aire comprimido el arremolinado del mismo. Se comprueba si el objeto de prueba arremolinado puede ser encendido con una chispa de una energ\u00eda de encendido de &gt; 1 J o con el encendido de un filamento con una energ\u00eda de encendido de &gt; 10 J. La separaci\u00f3n de la llama de la fuente de ignici\u00f3n se valora como ignici\u00f3n. La concentraci\u00f3n de la mezcla de polvo y aire en el tubo de Hartmann puede variarse por pasos entre 100 g\/m\u00b3 y 4000 g\/m\u00b3. La valoraci\u00f3n del resultado de la prueba se efect\u00faa visualmente.<\/p>\n<p>La determinaci\u00f3n del potencial de explosi\u00f3n de polvo en el tubo de Hartmann es un llamado procedimiento Screening. Un polvo puede ser clasificado como capaz de provocar una explosi\u00f3n de polvo mediante este Screening si se produce un encendido con uno de los dos tipos de ignici\u00f3n (encendido por chispa o por filamento). Sin embargo, el Screening en el tubo de Hartmann no permite excluir totalmente un potencial de explosi\u00f3n de polvo. Si el resultado del encendido por chispa y por filamento fuera negativo, debe estudiarse el potencial de explosi\u00f3n de polvo en el aparato de 20 litros conforme a la norma DIN EN ISO 80079-20-2 para obtener un resultado inequ\u00edvoco relativo al potencial de explosi\u00f3n de polvo.<\/p>\n<p>[\/vc_column_text][vc_single_image image=\u00bb11492&#8243; img_size=\u00bbfull\u00bb][vc_column_text css=\u00bb\u00bb]<\/p>\n<h3>Potencial de explosi\u00f3n de polvo en el tubo de Hartmann<\/h3>\n<p>[\/vc_column_text][vc_column_text]<\/p>\n<div style=\"width: 854px;\" class=\"wp-video\"><video class=\"wp-video-shortcode\" id=\"video-14143-1\" width=\"854\" height=\"480\" preload=\"metadata\" controls=\"controls\"><source type=\"video\/mp4\" src=\"https:\/\/consilab.de\/wp-content\/uploads\/2018\/06\/Staubexplosionsfa\u0308higkeit-im-Hartmannrohr.mp4?_=1\" \/><a href=\"https:\/\/consilab.de\/wp-content\/uploads\/2018\/06\/Staubexplosionsfa\u0308higkeit-im-Hartmannrohr.mp4\">https:\/\/consilab.de\/wp-content\/uploads\/2018\/06\/Staubexplosionsfa\u0308higkeit-im-Hartmannrohr.mp4<\/a><\/video><\/div>\n<p>[\/vc_column_text][vc_row_inner rt_row_style=\u00bbglobal-style\u00bb rt_bg_custom_alignment=\u00bbtop\u00bb][vc_column_inner width=\u00bb1\/2&#8243; rt_column_shadow=\u00bb\u00bb rt_bg_image_repeat=\u00bbrepeat\u00bb rt_bg_size=\u00bbauto auto\u00bb rt_bg_attachment=\u00bbscroll\u00bb][vc_btn title=\u00bbCaracter\u00edsticas de sustancias\u00bb style=\u00bbclassic\u00bb color=\u00bbpurple\u00bb i_icon_fontawesome=\u00bbfas fa-angle-left\u00bb css=\u00bb\u00bb add_icon=\u00bbtrue\u00bb link=\u00bburl:%2Fes%2Fleistungen%2Fkenndaten-von-stoffen%2F|title:Caracter%C3%ADsticas%20de%20sustancias%20&#8243; el_class=\u00bbbtn&#8211;red\u00bb][\/vc_column_inner][vc_column_inner width=\u00bb1\/2&#8243; rt_column_shadow=\u00bb\u00bb rt_bg_image_repeat=\u00bbrepeat\u00bb rt_bg_size=\u00bbauto auto\u00bb rt_bg_attachment=\u00bbscroll\u00bb][vc_btn title=\u00bbPrestaciones\u00bb style=\u00bbclassic\u00bb color=\u00bbpurple\u00bb i_icon_fontawesome=\u00bbfas fa-angle-left\u00bb css=\u00bb\u00bb add_icon=\u00bbtrue\u00bb link=\u00bburl:%2Fes%2Fleistungen%2F|title:Prestaciones%20&#8243; el_class=\u00bbbtn&#8211;red\u00bb][\/vc_column_inner][\/vc_row_inner][\/vc_column][\/vc_row][vc_row rt_row_background_width=\u00bbfullwidth\u00bb rt_row_content_width=\u00bbdefault\u00bb rt_row_style=\u00bbdefault-style\u00bb rt_row_borders=\u00bb\u00bb rt_row_shadows=\u00bb\u00bb rt_row_paddings=\u00bbtrue\u00bb rt_bg_effect=\u00bbclassic\u00bb rt_bg_image_repeat=\u00bbrepeat\u00bb rt_bg_size=\u00bbcover\u00bb rt_bg_position=\u00bbright top\u00bb rt_bg_attachment=\u00bbscroll\u00bb rt_bg_video_format=\u00bbself-hosted\u00bb][vc_column rt_column_shadow=\u00bb\u00bb rt_bg_image_repeat=\u00bbrepeat\u00bb rt_bg_size=\u00bbauto auto\u00bb rt_bg_attachment=\u00bbscroll\u00bb class=\u00bbdownload\u00bb rt_bg_color=\u00bb\u00bb rt_bg_overlay_color=\u00bb\u00bb offset=\u00bbvc_hidden-lg vc_hidden-md\u00bb css=\u00bb.vc_custom_1529335343713{margin-top: 0px !important;padding-top: 0px !important;}\u00bb][vc_column_text css=\u00bb\u00bb]<\/p>\n<h1>Determinaci\u00f3n del potencial de explosi\u00f3n de polvo (Screening) con el tubo de Hartmann<\/h1>\n<h2>La capacidad de explosi\u00f3n de polvo de un producto puede estudiarse en un tubo de Hartmann. Esta investigaci\u00f3n se lleva a cabo seg\u00fan la norma DIN EN ISO 80079-20-2 o bien VDI 2263-1.<\/h2>\n<p>Para ello el objeto de la prueba se coloca a diferentes concentraciones en el tubo de Hartmann, provocan con aire comprimido el arremolinado del mismo. Se comprueba si el objeto de prueba arremolinado puede ser encendido con una chispa de una energ\u00eda de encendido de &gt; 1 J o con el encendido de un filamento con una energ\u00eda de encendido de &gt; 10 J. La separaci\u00f3n de la llama de la fuente de ignici\u00f3n se valora como ignici\u00f3n. La concentraci\u00f3n de la mezcla de polvo y aire en el tubo de Hartmann puede variarse por pasos entre 100 g\/m\u00b3 y 4000 g\/m\u00b3. La valoraci\u00f3n del resultado de la prueba se efect\u00faa visualmente.<\/p>\n<p>La determinaci\u00f3n del potencial de explosi\u00f3n de polvo en el tubo de Hartmann es un llamado procedimiento Screening. Un polvo puede ser clasificado como capaz de provocar una explosi\u00f3n de polvo mediante este Screening si se produce un encendido con uno de los dos tipos de ignici\u00f3n (encendido por chispa o por filamento). Sin embargo, el Screening en el tubo de Hartmann no permite excluir totalmente un potencial de explosi\u00f3n de polvo. Si el resultado del encendido por chispa y por filamento fuera negativo, debe estudiarse el potencial de explosi\u00f3n de polvo en el aparato de 20 litros conforme a la norma DIN EN ISO 80079-20-2 para obtener un resultado inequ\u00edvoco relativo al potencial de explosi\u00f3n de polvo.<\/p>\n<p>[\/vc_column_text][vc_column_text]<\/p>\n<div style=\"width: 854px;\" class=\"wp-video\"><video class=\"wp-video-shortcode\" id=\"video-14143-2\" width=\"854\" height=\"480\" preload=\"metadata\" controls=\"controls\"><source type=\"video\/mp4\" src=\"https:\/\/consilab.de\/wp-content\/uploads\/2018\/06\/Staubexplosionsfa\u0308higkeit-im-Hartmannrohr.mp4?_=2\" \/><a href=\"https:\/\/consilab.de\/wp-content\/uploads\/2018\/06\/Staubexplosionsfa\u0308higkeit-im-Hartmannrohr.mp4\">https:\/\/consilab.de\/wp-content\/uploads\/2018\/06\/Staubexplosionsfa\u0308higkeit-im-Hartmannrohr.mp4<\/a><\/video><\/div>\n<p>[\/vc_column_text][vc_row_inner rt_row_style=\u00bbglobal-style\u00bb rt_bg_custom_alignment=\u00bbtop\u00bb][vc_column_inner width=\u00bb1\/2&#8243; rt_column_shadow=\u00bb\u00bb rt_bg_image_repeat=\u00bbrepeat\u00bb rt_bg_size=\u00bbauto auto\u00bb rt_bg_attachment=\u00bbscroll\u00bb][vc_btn title=\u00bbCaracter\u00edsticas de sustancias\u00bb style=\u00bbclassic\u00bb color=\u00bbpurple\u00bb i_icon_fontawesome=\u00bbfas fa-angle-left\u00bb css=\u00bb\u00bb add_icon=\u00bbtrue\u00bb link=\u00bburl:%2Fes%2Fleistungen%2Fkenndaten-von-stoffen%2F|title:Caracter%C3%ADsticas%20de%20sustancias\u00bb el_class=\u00bbbtn&#8211;red\u00bb][\/vc_column_inner][vc_column_inner width=\u00bb1\/2&#8243; rt_column_shadow=\u00bb\u00bb rt_bg_image_repeat=\u00bbrepeat\u00bb rt_bg_size=\u00bbauto auto\u00bb rt_bg_attachment=\u00bbscroll\u00bb][vc_btn title=\u00bbPrestaciones\u00bb style=\u00bbclassic\u00bb color=\u00bbpurple\u00bb i_icon_fontawesome=\u00bbfas fa-angle-left\u00bb css=\u00bb\u00bb add_icon=\u00bbtrue\u00bb link=\u00bburl:%2Fleistungen%2F|title:Prestaciones\u00bb el_class=\u00bbbtn&#8211;red\u00bb][\/vc_column_inner][\/vc_row_inner][\/vc_column][\/vc_row]<\/p>\n","protected":false},"excerpt":{"rendered":"<p>[vc_row rt_row_background_width=\u00bbfullwidth\u00bb rt_row_content_width=\u00bbdefault\u00bb rt_row_style=\u00bbdefault-style\u00bb rt_row_borders=\u00bb\u00bb rt_row_shadows=\u00bb\u00bb rt_row_paddings=\u00bbtrue\u00bb rt_bg_effect=\u00bbclassic\u00bb rt_bg_image_repeat=\u00bbrepeat\u00bb rt_bg_size=\u00bbcover\u00bb rt_bg_position=\u00bbright top\u00bb rt_bg_attachment=\u00bbscroll\u00bb rt_bg_video_format=\u00bbself-hosted\u00bb][vc_column width=\u00bb1\/3&#8243; rt_column_shadow=\u00bb\u00bb rt_bg_image_repeat=\u00bbrepeat\u00bb rt_bg_size=\u00bbauto auto\u00bb rt_bg_attachment=\u00bbscroll\u00bb class=\u00bbdownload\u00bb rt_bg_color=\u00bb\u00bb rt_bg_overlay_color=\u00bb\u00bb offset=\u00bbvc_hidden-sm vc_hidden-xs\u00bb css=\u00bb.vc_custom_1529335398592{padding-bottom: 0px !important;}\u00bb rt_padding_bottom=\u00bb0&#8243;][vc_widget_sidebar sidebar_id=\u00bbrt-theme-20-common-sidebar\u00bb][\/vc_column][vc_column width=\u00bb2\/3&#8243; rt_column_shadow=\u00bb\u00bb rt_bg_image_repeat=\u00bbrepeat\u00bb rt_bg_size=\u00bbauto auto\u00bb rt_bg_attachment=\u00bbscroll\u00bb class=\u00bbmaincontent\u00bb rt_bg_color=\u00bb\u00bb rt_bg_overlay_color=\u00bb\u00bb css=\u00bb.vc_custom_1626263645139{padding-bottom: 0px !important;}\u00bb][vc_column_text css=\u00bb\u00bb] Determinaci\u00f3n del potencial de explosi\u00f3n de polvo (Screening) con el tubo de  &#8230;<br \/><a class=\"more-link\" href=\"https:\/\/consilab.de\/es\/leistungen\/kenndaten-von-stoffen\/staubexplosionsfaehigkeit-im-hartmannrohr\/\">more | mehr<\/a><\/p>\n","protected":false},"author":1,"featured_media":0,"parent":13695,"menu_order":1,"comment_status":"closed","ping_status":"closed","template":"","meta":{"footnotes":""},"class_list":["post-14143","page","type-page","status-publish","hentry"],"_links":{"self":[{"href":"https:\/\/consilab.de\/es\/wp-json\/wp\/v2\/pages\/14143","targetHints":{"allow":["GET"]}}],"collection":[{"href":"https:\/\/consilab.de\/es\/wp-json\/wp\/v2\/pages"}],"about":[{"href":"https:\/\/consilab.de\/es\/wp-json\/wp\/v2\/types\/page"}],"author":[{"embeddable":true,"href":"https:\/\/consilab.de\/es\/wp-json\/wp\/v2\/users\/1"}],"replies":[{"embeddable":true,"href":"https:\/\/consilab.de\/es\/wp-json\/wp\/v2\/comments?post=14143"}],"version-history":[{"count":3,"href":"https:\/\/consilab.de\/es\/wp-json\/wp\/v2\/pages\/14143\/revisions"}],"predecessor-version":[{"id":14156,"href":"https:\/\/consilab.de\/es\/wp-json\/wp\/v2\/pages\/14143\/revisions\/14156"}],"up":[{"embeddable":true,"href":"https:\/\/consilab.de\/es\/wp-json\/wp\/v2\/pages\/13695"}],"wp:attachment":[{"href":"https:\/\/consilab.de\/es\/wp-json\/wp\/v2\/media?parent=14143"}],"curies":[{"name":"wp","href":"https:\/\/api.w.org\/{rel}","templated":true}]}}