{"id":14159,"date":"2020-11-04T15:52:44","date_gmt":"2020-11-04T14:52:44","guid":{"rendered":"https:\/\/consilab.de\/leistungen\/kenndaten-von-stoffen\/bestimmung-des-unteren-explosionspunktes-uep\/"},"modified":"2025-05-14T20:23:26","modified_gmt":"2025-05-14T18:23:26","slug":"bestimmung-des-unteren-explosionspunktes-uep","status":"publish","type":"page","link":"https:\/\/consilab.de\/es\/leistungen\/kenndaten-von-stoffen\/bestimmung-des-unteren-explosionspunktes-uep\/","title":{"rendered":"Determinaci\u00f3n del punto inferior de explosi\u00f3n (PIE)"},"content":{"rendered":"<p>[vc_row rt_row_background_width=\u00bbfullwidth\u00bb rt_row_content_width=\u00bbdefault\u00bb rt_row_style=\u00bbdefault-style\u00bb rt_row_borders=\u00bb\u00bb rt_row_shadows=\u00bb\u00bb rt_row_paddings=\u00bbfalse\u00bb rt_bg_effect=\u00bbclassic\u00bb rt_bg_image_repeat=\u00bbrepeat\u00bb rt_bg_size=\u00bbcover\u00bb rt_bg_position=\u00bbright top\u00bb rt_bg_attachment=\u00bbscroll\u00bb rt_bg_video_format=\u00bbself-hosted\u00bb][vc_column width=\u00bb1\/3&#8243; rt_column_shadow=\u00bb\u00bb rt_bg_image_repeat=\u00bbrepeat\u00bb rt_bg_size=\u00bbauto auto\u00bb rt_bg_attachment=\u00bbscroll\u00bb class=\u00bbdownload\u00bb rt_bg_color=\u00bb\u00bb rt_bg_overlay_color=\u00bb\u00bb offset=\u00bbvc_hidden-sm vc_hidden-xs\u00bb css=\u00bb.vc_custom_1532421990135{padding-bottom: 0px !important;}\u00bb rt_padding_bottom=\u00bb0&#8243;][vc_widget_sidebar sidebar_id=\u00bbrt-theme-20-common-sidebar\u00bb][\/vc_column][vc_column width=\u00bb2\/3&#8243; rt_column_shadow=\u00bb\u00bb rt_bg_image_repeat=\u00bbrepeat\u00bb rt_bg_size=\u00bbauto auto\u00bb rt_bg_attachment=\u00bbscroll\u00bb class=\u00bbmaincontent\u00bb rt_bg_color=\u00bb\u00bb rt_bg_overlay_color=\u00bb\u00bb css=\u00bb.vc_custom_1532421960235{margin-bottom: 1em !important;padding-bottom: 0px !important;}\u00bb][vc_column_text css=\u00bb\u00bb el_class=\u00bbredborderleft\u00bb]<\/p>\n<h1>Determinaci\u00f3n del punto inferior de explosi\u00f3n (PIE)<\/h1>\n<p>El punto inferior de explosi\u00f3n es la temperatura de un l\u00edquido inflamable a la que la concentraci\u00f3n del vapor saturado en el aire es id\u00e9ntico al l\u00edmite inferior de explosi\u00f3n.<\/p>\n<p>La determinaci\u00f3n del punto inferior de explosi\u00f3n se realiza an\u00e1logamente a la norma DIN\u00a0EN\u00a015794. El aparato de prueba utilizado se muestra en la <strong>figura\u00a01<\/strong>. Para la comprobaci\u00f3n se llenan aproximadamente 120\u00a0\u2013\u00a0140\u00a0gramos del producto en un cilindro de vidrio (\u00d8 = 88\u00a0mm; H\u00a0=\u00a0320\u00a0mm). La temperatura en el cilindro de vidrio es regulada a trav\u00e9s de una camisa doble mediante un term\u00f3stato del tipo Ministat\u00a0230 de la empresa Huber.<\/p>\n<p><img loading=\"lazy\" decoding=\"async\" class=\"alignnone wp-image-8873 size-full\" src=\"https:\/\/consilab.de\/wp-content\/uploads\/2020\/11\/Bestimmung-des-unteren-Explosionspunktes-hochgerechnet.png\" alt=\"\" width=\"1000\" height=\"540\" srcset=\"https:\/\/consilab.de\/wp-content\/uploads\/2020\/11\/Bestimmung-des-unteren-Explosionspunktes-hochgerechnet.png 1000w, https:\/\/consilab.de\/wp-content\/uploads\/2020\/11\/Bestimmung-des-unteren-Explosionspunktes-hochgerechnet-350x189.png 350w, https:\/\/consilab.de\/wp-content\/uploads\/2020\/11\/Bestimmung-des-unteren-Explosionspunktes-hochgerechnet-768x415.png 768w\" sizes=\"auto, (max-width: 1000px) 100vw, 1000px\" \/><\/p>\n<p>Se registran las temperaturas de la muestra y de la fase gaseosa encima. La muestra es almacenada durante por lo menos 0,5 horas para que haya suficiente tiempo para el ajuste del equilibrio. Despu\u00e9s del per\u00edodo de atemperado se comprueba mediante una chispa (energ\u00eda &gt;\u00a01\u00a0J) si la atm\u00f3sfera de gas encima de la muestra puede ser encendida.<\/p>\n<p>Durante la medici\u00f3n se registra la presi\u00f3n atmosf\u00e9rica.<\/p>\n<p>La temperatura m\u00e1xima a la que ya no hay ninguna ignici\u00f3n se toma como \u00abpunto inferior de explosi\u00f3n con la presi\u00f3n atmosf\u00e9rica actual\u00bb PIE<sub>0<\/sub> debiendo ser convertida con la presi\u00f3n atmosf\u00e9rica en el momento de la medici\u00f3n con arreglo a la siguiente f\u00f3rmula de correcci\u00f3n para obtener la presi\u00f3n est\u00e1ndar (1013\u00a0hPa):<\/p>\n<p>PIE = PIE<sub>0<\/sub> + 0,025 \u2022 (1013 \u2013 p);<br \/>\ncon PIE = punto inferior corregido de explosi\u00f3n en \u00b0C; PIE<sub>0 <\/sub>= punto inferior medido de explosi\u00f3n en \u00b0C y p = presi\u00f3n atmosf\u00e9rica en hPa<\/p>\n<p>[\/vc_column_text][vc_row_inner rt_row_style=\u00bbglobal-style\u00bb rt_bg_custom_alignment=\u00bbtop\u00bb][vc_column_inner width=\u00bb1\/2&#8243; rt_column_shadow=\u00bb\u00bb rt_bg_image_repeat=\u00bbrepeat\u00bb rt_bg_size=\u00bbauto auto\u00bb rt_bg_attachment=\u00bbscroll\u00bb][vc_btn title=\u00bbCaracter\u00edsticas de sustancias\u00bb style=\u00bbclassic\u00bb color=\u00bbpurple\u00bb i_icon_fontawesome=\u00bbfas fa-angle-left\u00bb css=\u00bb\u00bb add_icon=\u00bbtrue\u00bb link=\u00bburl:%2Fes%2Fleistungen%2Fkenndaten-von-stoffen%2F|title:Caracter%C3%ADsticas%20de%20sustancias%20&#8243; el_class=\u00bbbtn&#8211;red\u00bb][\/vc_column_inner][vc_column_inner width=\u00bb1\/2&#8243; rt_column_shadow=\u00bb\u00bb rt_bg_image_repeat=\u00bbrepeat\u00bb rt_bg_size=\u00bbauto auto\u00bb rt_bg_attachment=\u00bbscroll\u00bb][vc_btn title=\u00bbPrestaciones\u00bb style=\u00bbclassic\u00bb color=\u00bbpurple\u00bb i_icon_fontawesome=\u00bbfas fa-angle-left\u00bb css=\u00bb\u00bb add_icon=\u00bbtrue\u00bb link=\u00bburl:%2Fes%2Fleistungen%2F|title:Prestaciones%20&#8243; el_class=\u00bbbtn&#8211;red\u00bb][\/vc_column_inner][\/vc_row_inner][\/vc_column][\/vc_row]<\/p>\n","protected":false},"excerpt":{"rendered":"<p>[vc_row rt_row_background_width=\u00bbfullwidth\u00bb rt_row_content_width=\u00bbdefault\u00bb rt_row_style=\u00bbdefault-style\u00bb rt_row_borders=\u00bb\u00bb rt_row_shadows=\u00bb\u00bb rt_row_paddings=\u00bbfalse\u00bb rt_bg_effect=\u00bbclassic\u00bb rt_bg_image_repeat=\u00bbrepeat\u00bb rt_bg_size=\u00bbcover\u00bb rt_bg_position=\u00bbright top\u00bb rt_bg_attachment=\u00bbscroll\u00bb rt_bg_video_format=\u00bbself-hosted\u00bb][vc_column width=\u00bb1\/3&#8243; rt_column_shadow=\u00bb\u00bb rt_bg_image_repeat=\u00bbrepeat\u00bb rt_bg_size=\u00bbauto auto\u00bb rt_bg_attachment=\u00bbscroll\u00bb class=\u00bbdownload\u00bb rt_bg_color=\u00bb\u00bb rt_bg_overlay_color=\u00bb\u00bb offset=\u00bbvc_hidden-sm vc_hidden-xs\u00bb css=\u00bb.vc_custom_1532421990135{padding-bottom: 0px !important;}\u00bb rt_padding_bottom=\u00bb0&#8243;][vc_widget_sidebar sidebar_id=\u00bbrt-theme-20-common-sidebar\u00bb][\/vc_column][vc_column width=\u00bb2\/3&#8243; rt_column_shadow=\u00bb\u00bb rt_bg_image_repeat=\u00bbrepeat\u00bb rt_bg_size=\u00bbauto auto\u00bb rt_bg_attachment=\u00bbscroll\u00bb class=\u00bbmaincontent\u00bb rt_bg_color=\u00bb\u00bb rt_bg_overlay_color=\u00bb\u00bb css=\u00bb.vc_custom_1532421960235{margin-bottom: 1em !important;padding-bottom: 0px !important;}\u00bb][vc_column_text css=\u00bb\u00bb el_class=\u00bbredborderleft\u00bb] Determinaci\u00f3n del punto inferior de explosi\u00f3n (PIE) El punto  &#8230;<br \/><a class=\"more-link\" href=\"https:\/\/consilab.de\/es\/leistungen\/kenndaten-von-stoffen\/bestimmung-des-unteren-explosionspunktes-uep\/\">more | mehr<\/a><\/p>\n","protected":false},"author":1,"featured_media":0,"parent":13695,"menu_order":1,"comment_status":"closed","ping_status":"closed","template":"","meta":{"footnotes":""},"class_list":["post-14159","page","type-page","status-publish","hentry"],"_links":{"self":[{"href":"https:\/\/consilab.de\/es\/wp-json\/wp\/v2\/pages\/14159","targetHints":{"allow":["GET"]}}],"collection":[{"href":"https:\/\/consilab.de\/es\/wp-json\/wp\/v2\/pages"}],"about":[{"href":"https:\/\/consilab.de\/es\/wp-json\/wp\/v2\/types\/page"}],"author":[{"embeddable":true,"href":"https:\/\/consilab.de\/es\/wp-json\/wp\/v2\/users\/1"}],"replies":[{"embeddable":true,"href":"https:\/\/consilab.de\/es\/wp-json\/wp\/v2\/comments?post=14159"}],"version-history":[{"count":2,"href":"https:\/\/consilab.de\/es\/wp-json\/wp\/v2\/pages\/14159\/revisions"}],"predecessor-version":[{"id":14170,"href":"https:\/\/consilab.de\/es\/wp-json\/wp\/v2\/pages\/14159\/revisions\/14170"}],"up":[{"embeddable":true,"href":"https:\/\/consilab.de\/es\/wp-json\/wp\/v2\/pages\/13695"}],"wp:attachment":[{"href":"https:\/\/consilab.de\/es\/wp-json\/wp\/v2\/media?parent=14159"}],"curies":[{"name":"wp","href":"https:\/\/api.w.org\/{rel}","templated":true}]}}