{"id":14173,"date":"2018-07-03T15:41:15","date_gmt":"2018-07-03T13:41:15","guid":{"rendered":"https:\/\/consilab.de\/leistungen\/kenndaten-von-stoffen\/brennzahl-brennverhalten-abbrandgeschwindigkeit\/"},"modified":"2025-05-14T20:29:43","modified_gmt":"2025-05-14T18:29:43","slug":"brennzahl-brennverhalten-abbrandgeschwindigkeit","status":"publish","type":"page","link":"https:\/\/consilab.de\/es\/leistungen\/kenndaten-von-stoffen\/brennzahl-brennverhalten-abbrandgeschwindigkeit\/","title":{"rendered":"\u00cdndice de combustibilidad, velocidad de combusti\u00f3n"},"content":{"rendered":"<p>[vc_row rt_row_background_width=\u00bbfullwidth\u00bb rt_row_content_width=\u00bbdefault\u00bb rt_row_style=\u00bbdefault-style\u00bb rt_row_borders=\u00bb\u00bb rt_row_shadows=\u00bb\u00bb rt_row_paddings=\u00bbfalse\u00bb rt_bg_effect=\u00bbclassic\u00bb rt_bg_image_repeat=\u00bbrepeat\u00bb rt_bg_size=\u00bbcover\u00bb rt_bg_position=\u00bbright top\u00bb rt_bg_attachment=\u00bbscroll\u00bb rt_bg_video_format=\u00bbself-hosted\u00bb][vc_column width=\u00bb1\/3&#8243; rt_column_shadow=\u00bb\u00bb rt_bg_image_repeat=\u00bbrepeat\u00bb rt_bg_size=\u00bbauto auto\u00bb rt_bg_attachment=\u00bbscroll\u00bb class=\u00bbdownload\u00bb rt_bg_color=\u00bb\u00bb rt_bg_overlay_color=\u00bb\u00bb offset=\u00bbvc_hidden-sm vc_hidden-xs\u00bb css=\u00bb.vc_custom_1532422086290{padding-bottom: 0px !important;}\u00bb rt_padding_bottom=\u00bb0&#8243;][vc_widget_sidebar sidebar_id=\u00bbrt-theme-20-common-sidebar\u00bb][\/vc_column][vc_column width=\u00bb2\/3&#8243; rt_column_shadow=\u00bb\u00bb rt_bg_image_repeat=\u00bbrepeat\u00bb rt_bg_size=\u00bbauto auto\u00bb rt_bg_attachment=\u00bbscroll\u00bb class=\u00bbmaincontent\u00bb rt_bg_color=\u00bb\u00bb rt_bg_overlay_color=\u00bb\u00bb css=\u00bb.vc_custom_1532422082139{margin-bottom: 1em !important;padding-bottom: 0px !important;}\u00bb][vc_column_text css=\u00bb\u00bb el_class=\u00bbredborderleft\u00bb]<\/p>\n<h1>\u00cdndice de combustibilidad \/ inflamabilidad, velocidad de combusti\u00f3n<\/h1>\n<div id=\"c417\" class=\"csc-default\">\n<div class=\"csc-textpic csc-textpic-intext-right csc-textpic-equalheight\">\n<div class=\"csc-textpic-text\">\n<h2 class=\"bodytext\">Si en una planta de producci\u00f3n se trabaja con sustancias pulverulentas es imprescindible investigar dichas sustancias en cuanto a su inflamabilidad y su potencial de explosividad.<\/h2>\n<p>Un par\u00e1metro importante a este respecto es el \u00edndice de combustibilidad. Se trata de una medida que se\u00f1ala c\u00f3mo se enciende un polvo depositado y c\u00f3mo se comporta despu\u00e9s de un encendido.<\/p>\n<p>La inflamabilidad tambi\u00e9n es importante a menudo a elevadas temperaturas, por ejemplo en procesos de secado. Por ello es posible determinar el \u00edndice de combustibilidad tambi\u00e9n en caso de una temperatura elevada de 100\u00a0\u00b0C dado que entonces resultan a menudo diferencias considerables relativas a la inflamabilidad.<\/p>\n<p>Si el objeto de la prueba se funda y ya no es capaz de quemarse a ra\u00edz de dicha fundici\u00f3n, la prueba se realiza en mezclas con un 20% en peso de tierra de diatomeas. En este caso se analiza si las incrustaciones del producto se queman por s\u00ed solas en materiales porosos.<\/p>\n<\/div>\n<\/div>\n<\/div>\n<p>[\/vc_column_text][vc_single_image image=\u00bb5012&#8243; img_size=\u00bbfull\u00bb alignment=\u00bbcenter\u00bb][vc_column_text css=\u00bb\u00bb el_class=\u00bbredborderleft\u00bb]<\/p>\n<table>\n<tbody>\n<tr>\n<td><strong>\u00cdndice de combustibilidad<\/strong><\/td>\n<td width=\"364\"><strong>Descripci\u00f3n<\/strong><\/td>\n<td width=\"157\"><strong>Ejemplo<\/strong><\/td>\n<\/tr>\n<tr>\n<td>1<\/td>\n<td width=\"364\">No se quema<\/td>\n<td width=\"157\">Sal com\u00fan<\/td>\n<\/tr>\n<tr>\n<td>2<\/td>\n<td width=\"364\">Se quema brevemente y se extingue r\u00e1pidamente<\/td>\n<td width=\"157\">\u00c1cido tart\u00e1rico<\/td>\n<\/tr>\n<tr>\n<td>3<\/td>\n<td width=\"364\">Quemado o recocido local con reducida propagaci\u00f3n como m\u00e1ximo<\/td>\n<td width=\"157\">Lactosa<\/td>\n<\/tr>\n<tr>\n<td>4<\/td>\n<td width=\"364\">Recocido sin producci\u00f3n de chispas (fuego lento) o bien descomposici\u00f3n lenta sin llamas<\/td>\n<td width=\"157\">Tabaco<\/td>\n<\/tr>\n<tr>\n<td>5<\/td>\n<td width=\"364\">Propagaci\u00f3n de un incendio abierto o incendio con producci\u00f3n de chispas<\/td>\n<td width=\"157\">Azufre<\/td>\n<\/tr>\n<tr>\n<td>6<\/td>\n<td width=\"364\">Incendio del tipo de deflagraci\u00f3n o bien composici\u00f3n r\u00e1pida sin llamas<\/td>\n<td width=\"157\">P\u00f3lvora negra<\/td>\n<\/tr>\n<\/tbody>\n<\/table>\n<p>Sin embargo, la inflamabilidad no solo es importante para el concepto de protecci\u00f3n de la planta sino tambi\u00e9n para la clasificaci\u00f3n de productos s\u00f3lidos conforme al derecho de transporte, el reglamento GHS y CLP. La clasificaci\u00f3n para el transporte de productos s\u00f3lidos en relaci\u00f3n a su inflamabilidad se determina con ayuda de la velocidad de combusti\u00f3n (prueba ONU N.1).<\/p>\n<p>Tambi\u00e9n en este caso, el \u00edndice de combustibilidad ofrece informaci\u00f3n valiosa. Si se determin\u00f3 un \u00edndice de combustibilidad (BZ) de BZ 1 \u2013\u00a0BZ 3 no puede partirse de una propagaci\u00f3n aut\u00f3noma del incendio del objeto de prueba. Esto permite reducir la labor de comprobaci\u00f3n para determinar la velocidad de combusti\u00f3n (prueba ONU N.1).<br \/>\nSi le podemos apoyar en caso de un problema similar, no vacile en contactarnos. Nuestros expertos le ayudar\u00e1n gustosamente.<\/p>\n<p><strong>Fuentes<\/strong><br \/>\nDirectiva de transportes de la ONU:\u2028UN Recommendations on the Transport of Dangerous Goods: Manual of Tests and Criteria, Rev. 5 (2009) and UN-Model Regulations, Rev. 19 (2015)<\/p>\n<p>Reglamento CE 440\/2008 para la definici\u00f3n de m\u00e9todos de ensayo conforme al reglamento CE 1907\/2006 (REACH)<\/p>\n<p>VDI\u00a02263, Hoja 1: \u201eUntersuchungsmethoden zur Ermittlung von sicherheits-technischen Kenngr\u00f6\u00dfen von St\u00e4uben.\u201c [M\u00e9todos de an\u00e1lisis para determinar los par\u00e1metros de seguridad de polvos][\/vc_column_text][vc_row_inner rt_row_style=\u00bbglobal-style\u00bb rt_bg_custom_alignment=\u00bbtop\u00bb][vc_column_inner width=\u00bb1\/2&#8243; rt_column_shadow=\u00bb\u00bb rt_bg_image_repeat=\u00bbrepeat\u00bb rt_bg_size=\u00bbauto auto\u00bb rt_bg_attachment=\u00bbscroll\u00bb][vc_btn title=\u00bbCaracter\u00edsticas de sustancias\u00bb style=\u00bbclassic\u00bb color=\u00bbpurple\u00bb i_icon_fontawesome=\u00bbfas fa-angle-left\u00bb css=\u00bb\u00bb add_icon=\u00bbtrue\u00bb link=\u00bburl:%2Fes%2Fleistungen%2Fkenndaten-von-stoffen%2F|title:Caracter%C3%ADsticas%20de%20sustancias\u00bb el_class=\u00bbbtn&#8211;red\u00bb][\/vc_column_inner][vc_column_inner width=\u00bb1\/2&#8243; rt_column_shadow=\u00bb\u00bb rt_bg_image_repeat=\u00bbrepeat\u00bb rt_bg_size=\u00bbauto auto\u00bb rt_bg_attachment=\u00bbscroll\u00bb][vc_btn title=\u00bbPrestaciones\u00bb style=\u00bbclassic\u00bb color=\u00bbpurple\u00bb i_icon_fontawesome=\u00bbfas fa-angle-left\u00bb css=\u00bb\u00bb add_icon=\u00bbtrue\u00bb link=\u00bburl:%2Fes%2Fleistungen%2F|title:Prestaciones\u00bb el_class=\u00bbbtn&#8211;red\u00bb][\/vc_column_inner][\/vc_row_inner][\/vc_column][\/vc_row]<\/p>\n","protected":false},"excerpt":{"rendered":"<p>[vc_row rt_row_background_width=\u00bbfullwidth\u00bb rt_row_content_width=\u00bbdefault\u00bb rt_row_style=\u00bbdefault-style\u00bb rt_row_borders=\u00bb\u00bb rt_row_shadows=\u00bb\u00bb rt_row_paddings=\u00bbfalse\u00bb rt_bg_effect=\u00bbclassic\u00bb rt_bg_image_repeat=\u00bbrepeat\u00bb rt_bg_size=\u00bbcover\u00bb rt_bg_position=\u00bbright top\u00bb rt_bg_attachment=\u00bbscroll\u00bb rt_bg_video_format=\u00bbself-hosted\u00bb][vc_column width=\u00bb1\/3&#8243; rt_column_shadow=\u00bb\u00bb rt_bg_image_repeat=\u00bbrepeat\u00bb rt_bg_size=\u00bbauto auto\u00bb rt_bg_attachment=\u00bbscroll\u00bb class=\u00bbdownload\u00bb rt_bg_color=\u00bb\u00bb rt_bg_overlay_color=\u00bb\u00bb offset=\u00bbvc_hidden-sm vc_hidden-xs\u00bb css=\u00bb.vc_custom_1532422086290{padding-bottom: 0px !important;}\u00bb rt_padding_bottom=\u00bb0&#8243;][vc_widget_sidebar sidebar_id=\u00bbrt-theme-20-common-sidebar\u00bb][\/vc_column][vc_column width=\u00bb2\/3&#8243; rt_column_shadow=\u00bb\u00bb rt_bg_image_repeat=\u00bbrepeat\u00bb rt_bg_size=\u00bbauto auto\u00bb rt_bg_attachment=\u00bbscroll\u00bb class=\u00bbmaincontent\u00bb rt_bg_color=\u00bb\u00bb rt_bg_overlay_color=\u00bb\u00bb css=\u00bb.vc_custom_1532422082139{margin-bottom: 1em !important;padding-bottom: 0px !important;}\u00bb][vc_column_text css=\u00bb\u00bb el_class=\u00bbredborderleft\u00bb] \u00cdndice de combustibilidad \/ inflamabilidad, velocidad de combusti\u00f3n Si  &#8230;<br \/><a class=\"more-link\" href=\"https:\/\/consilab.de\/es\/leistungen\/kenndaten-von-stoffen\/brennzahl-brennverhalten-abbrandgeschwindigkeit\/\">more | mehr<\/a><\/p>\n","protected":false},"author":1,"featured_media":0,"parent":13695,"menu_order":3,"comment_status":"closed","ping_status":"closed","template":"","meta":{"footnotes":""},"class_list":["post-14173","page","type-page","status-publish","hentry"],"_links":{"self":[{"href":"https:\/\/consilab.de\/es\/wp-json\/wp\/v2\/pages\/14173","targetHints":{"allow":["GET"]}}],"collection":[{"href":"https:\/\/consilab.de\/es\/wp-json\/wp\/v2\/pages"}],"about":[{"href":"https:\/\/consilab.de\/es\/wp-json\/wp\/v2\/types\/page"}],"author":[{"embeddable":true,"href":"https:\/\/consilab.de\/es\/wp-json\/wp\/v2\/users\/1"}],"replies":[{"embeddable":true,"href":"https:\/\/consilab.de\/es\/wp-json\/wp\/v2\/comments?post=14173"}],"version-history":[{"count":2,"href":"https:\/\/consilab.de\/es\/wp-json\/wp\/v2\/pages\/14173\/revisions"}],"predecessor-version":[{"id":14180,"href":"https:\/\/consilab.de\/es\/wp-json\/wp\/v2\/pages\/14173\/revisions\/14180"}],"up":[{"embeddable":true,"href":"https:\/\/consilab.de\/es\/wp-json\/wp\/v2\/pages\/13695"}],"wp:attachment":[{"href":"https:\/\/consilab.de\/es\/wp-json\/wp\/v2\/media?parent=14173"}],"curies":[{"name":"wp","href":"https:\/\/api.w.org\/{rel}","templated":true}]}}