{"id":14199,"date":"2020-09-14T17:30:35","date_gmt":"2020-09-14T15:30:35","guid":{"rendered":"https:\/\/consilab.de\/leistungen\/kenndaten-von-stoffen\/elektrische-leitfaehigkeit-von-fluessigkeiten\/"},"modified":"2025-05-14T20:38:32","modified_gmt":"2025-05-14T18:38:32","slug":"elektrische-leitfaehigkeit-von-fluessigkeiten","status":"publish","type":"page","link":"https:\/\/consilab.de\/es\/leistungen\/kenndaten-von-stoffen\/elektrische-leitfaehigkeit-von-fluessigkeiten\/","title":{"rendered":"Conductancia el\u00e9ctrica de l\u00edquidos"},"content":{"rendered":"<p>[vc_row rt_row_background_width=\u00bbfullwidth\u00bb rt_row_content_width=\u00bbdefault\u00bb rt_row_style=\u00bbdefault-style\u00bb rt_row_borders=\u00bb\u00bb rt_row_shadows=\u00bb\u00bb rt_row_paddings=\u00bbfalse\u00bb rt_bg_effect=\u00bbclassic\u00bb rt_bg_image_repeat=\u00bbrepeat\u00bb rt_bg_size=\u00bbcover\u00bb rt_bg_position=\u00bbright top\u00bb rt_bg_attachment=\u00bbscroll\u00bb rt_bg_video_format=\u00bbself-hosted\u00bb][vc_column width=\u00bb1\/3&#8243; rt_column_shadow=\u00bb\u00bb rt_bg_image_repeat=\u00bbrepeat\u00bb rt_bg_size=\u00bbauto auto\u00bb rt_bg_attachment=\u00bbscroll\u00bb class=\u00bbdownload\u00bb rt_bg_color=\u00bb\u00bb rt_bg_overlay_color=\u00bb\u00bb offset=\u00bbvc_hidden-sm vc_hidden-xs\u00bb css=\u00bb.vc_custom_1532422018913{padding-bottom: 0px !important;}\u00bb rt_padding_bottom=\u00bb0&#8243;][vc_widget_sidebar sidebar_id=\u00bbrt-theme-20-common-sidebar\u00bb][\/vc_column][vc_column width=\u00bb2\/3&#8243; rt_column_shadow=\u00bb\u00bb rt_bg_image_repeat=\u00bbrepeat\u00bb rt_bg_size=\u00bbauto auto\u00bb rt_bg_attachment=\u00bbscroll\u00bb class=\u00bbmaincontent\u00bb rt_bg_color=\u00bb\u00bb rt_bg_overlay_color=\u00bb\u00bb css=\u00bb.vc_custom_1532422014773{padding-bottom: 2em !important;}\u00bb][vc_column_text css=\u00bb\u00bb el_class=\u00bbredborderleft\u00bb]<\/p>\n<h1>Conductancia el\u00e9ctrica de l\u00edquidos<\/h1>\n<h2>El llenado y vaciado de recipientes con l\u00edquidos, mediante el trasvase con bomba, la agitaci\u00f3n, la mezcla y el rociado de l\u00edquidos pero tambi\u00e9n la toma de muestras as\u00ed como los trabajos de limpieza pueden producir una carga electrost\u00e1tica peligrosa de l\u00edquidos o del interior de recipientes. (Norma t\u00e9cnica para sustancias peligrosas TRGS 727, cap\u00edtulo 4)<\/h2>\n<p>Los conocimientos relativos a la conductancia el\u00e9ctrica (valor rec\u00edproco de la resistencia espec\u00edfica) del l\u00edquido es de importancia decisiva para poder valorar correctamente el riesgo de una descarga electrost\u00e1tica de un l\u00edquido cargado.<\/p>\n<p>Conforme a la norma TRGS 727, una sustancia o un material son clasificados coo sigue con arreglo a la resistencia vertical espec\u00edfica \u03c1:<\/p>\n<p>conductivo: \u00a0\u00a0\u00a0\u00a0\u00a0\u00a0\u00a0\u00a0\u00a0\u00a0\u00a0\u00a0\u00a0\u00a0\u00a0\u00a0\u00a0\u00a0\u00a0\u00a0\u00a0\u00a0\u00a0\u00a0\u00a0\u00a0\u00a0 \u03c1 \u2264 10<sup>4<\/sup> \u03a9m<\/p>\n<p>capaz de desviar la carga:\u00a0\u00a0\u00a0\u00a0\u00a0 10<sup>4<\/sup> \u03a9m &lt; \u03c1 &lt;10<sup>9<\/sup> \u03a9m<\/p>\n<p>aislante: \u00a0\u00a0\u00a0\u00a0\u00a0\u00a0\u00a0\u00a0\u00a0\u00a0\u00a0\u00a0\u00a0\u00a0\u00a0\u00a0\u00a0\u00a0\u00a0\u00a0\u00a0\u00a0\u00a0\u00a0\u00a0\u00a0\u00a0\u00a0 \u00a0\u00a0\u00a0 10<sup>9<\/sup> \u03a9m \u2264 \u03c1<\/p>\n<p>Conforme a la norma TRGS\u00a0727, un l\u00edquido es clasificado como sigue seg\u00fan su conductancia k:<\/p>\n<p>de baja conductancia:\u00a0\u00a0\u00a0\u00a0\u00a0\u00a0\u00a0\u00a0 \u00a0\u00a0 \u03ba \u2264 50 pS\/m*<\/p>\n<p>de conductancia mediana:\u00a0\u00a0\u00a0\u00a0\u00a0\u00a050 pS\/m* &lt; \u03ba \u2264 10000 pS\/m<\/p>\n<p>de elevada conductancia:\u00a0\u00a0\u00a0\u00a0\u00a0\u00a0\u00a010000 pS\/m &lt; \u03ba<\/p>\n<p>Nota al pie*:50 pS\/m para hidrocarburos o bien 100 pS\/m para otros l\u00edquidos<\/p>\n<p>La determinaci\u00f3n de la resistencia espec\u00edfica de l\u00edquidos o de la conductancia el\u00e9ctrica de l\u00edquidos se realiza an\u00e1logamente a la norma DIN\u00a0EN\u00a060079\u00a0\u2013\u00a032\u00a0\u2013\u00a02\u00a0\u2013\u00a0Peligro electrost\u00e1tico \u2013Procedimiento de prueba seg\u00fan la norma DIN\u00a051412-1.<\/p>\n<p>La resistencia vertical es medida mediante el ohmi\u00f3metro TERA. Como electrodo para el l\u00edquido se emplea un electrodo conforme a DIN\u00a051412-1. Este electrodo consiste en un electrodo interior y un electrodo exterior. En el \u00e1rea de medici\u00f3n, ambos electrodos est\u00e1n separados por una rendija llenada con el l\u00edquido a medir. Un dibujo esquem\u00e1tico del electroco ha sido tomado de la norma DIN\u00a051412-1, mostr\u00e1ndose en la <strong>figura 1<\/strong>.<\/p>\n<p>&nbsp;<\/p>\n<div id=\"attachment_8708\" style=\"width: 230px\" class=\"wp-caption alignnone\"><img loading=\"lazy\" decoding=\"async\" aria-describedby=\"caption-attachment-8708\" class=\"wp-image-8708 size-full\" src=\"https:\/\/consilab.de\/wp-content\/uploads\/2020\/09\/Elektrische-Leitfa\u0308higkeit-von-Flu\u0308ssigkeiten-Abb-1.png\" alt=\"\" width=\"220\" height=\"293\" \/><p id=\"caption-attachment-8708\" class=\"wp-caption-text\">Fig. 1: Dise\u00f1o esquem\u00e1tico de la c\u00e9lula de medici\u00f3n de l\u00edquido (tomado de la norma DIN 51412-1)<\/p><\/div>\n<p>Sin embargo, la prueba tambi\u00e9n puede realizarse con el electrodo conforme a DIN EN 60247. Un dibujo esquem\u00e1tico del electrodo ha sido tomado de la norma DIN EN 60247 y se representa en la <strong>figura 2<\/strong>.<\/p>\n<div id=\"attachment_8710\" style=\"width: 524px\" class=\"wp-caption alignnone\"><img loading=\"lazy\" decoding=\"async\" aria-describedby=\"caption-attachment-8710\" class=\"wp-image-8710 size-full\" src=\"https:\/\/consilab.de\/wp-content\/uploads\/2020\/09\/Elektrische-Leitfa\u0308higkeit-von-Flu\u0308ssigkeiten-Abb-2.png\" alt=\"\" width=\"514\" height=\"527\" srcset=\"https:\/\/consilab.de\/wp-content\/uploads\/2020\/09\/Elektrische-Leitfa\u0308higkeit-von-Flu\u0308ssigkeiten-Abb-2.png 514w, https:\/\/consilab.de\/wp-content\/uploads\/2020\/09\/Elektrische-Leitfa\u0308higkeit-von-Flu\u0308ssigkeiten-Abb-2-341x350.png 341w\" sizes=\"auto, (max-width: 514px) 100vw, 514px\" \/><p id=\"caption-attachment-8710\" class=\"wp-caption-text\">Fig. 2: Dise\u00f1o esquem\u00e1tico de la c\u00e9lula de medici\u00f3n de l\u00edquido (tomado de la norma DIN EN 60247)<\/p><\/div>\n<p>La tensi\u00f3n de medici\u00f3n del ohmi\u00f3metro TERA TO3 suele ser de 100 V. La resistencia vertical (o bien resistencia espec\u00edfica de paso) del l\u00edquido es determinada, apunt\u00e1ndose la temperatura del l\u00edquido, la temperatura y la humedad del aire. Teniendo en cuenta la constante celular resulta una resistencia vertical espec\u00edfica de de \u03c1 a \u03c1 =<em> R<sub>D<\/sub> \u00b7 K<\/em><\/p>\n<p>Las mediciones tambi\u00e9n pueden llevarse a cabo a una temperatura m\u00e1s alta hasta 80 \u00b0C.[\/vc_column_text][vc_row_inner rt_row_style=\u00bbglobal-style\u00bb rt_bg_custom_alignment=\u00bbtop\u00bb][vc_column_inner width=\u00bb1\/2&#8243; rt_column_shadow=\u00bb\u00bb rt_bg_image_repeat=\u00bbrepeat\u00bb rt_bg_size=\u00bbauto auto\u00bb rt_bg_attachment=\u00bbscroll\u00bb][vc_btn title=\u00bbCaracter\u00edsticas de sustancias\u00bb style=\u00bbclassic\u00bb color=\u00bbpurple\u00bb i_icon_fontawesome=\u00bbfas fa-angle-left\u00bb css=\u00bb\u00bb add_icon=\u00bbtrue\u00bb link=\u00bburl:%2Fes%2Fleistungen%2Fkenndaten-von-stoffen%2F|title:Caracter%C3%ADsticas%20de%20sustancias%20&#8243; el_class=\u00bbbtn&#8211;red\u00bb][\/vc_column_inner][vc_column_inner width=\u00bb1\/2&#8243; rt_column_shadow=\u00bb\u00bb rt_bg_image_repeat=\u00bbrepeat\u00bb rt_bg_size=\u00bbauto auto\u00bb rt_bg_attachment=\u00bbscroll\u00bb][vc_btn title=\u00bbPrestaciones \u00bb style=\u00bbclassic\u00bb color=\u00bbpurple\u00bb i_icon_fontawesome=\u00bbfas fa-angle-left\u00bb css=\u00bb\u00bb add_icon=\u00bbtrue\u00bb link=\u00bburl:%2Fes%2Fleistungen%2F|title:Prestaciones%20&#8243; el_class=\u00bbbtn&#8211;red\u00bb][\/vc_column_inner][\/vc_row_inner][\/vc_column][\/vc_row]<\/p>\n","protected":false},"excerpt":{"rendered":"<p>[vc_row rt_row_background_width=\u00bbfullwidth\u00bb rt_row_content_width=\u00bbdefault\u00bb rt_row_style=\u00bbdefault-style\u00bb rt_row_borders=\u00bb\u00bb rt_row_shadows=\u00bb\u00bb rt_row_paddings=\u00bbfalse\u00bb rt_bg_effect=\u00bbclassic\u00bb rt_bg_image_repeat=\u00bbrepeat\u00bb rt_bg_size=\u00bbcover\u00bb rt_bg_position=\u00bbright top\u00bb rt_bg_attachment=\u00bbscroll\u00bb rt_bg_video_format=\u00bbself-hosted\u00bb][vc_column width=\u00bb1\/3&#8243; rt_column_shadow=\u00bb\u00bb rt_bg_image_repeat=\u00bbrepeat\u00bb rt_bg_size=\u00bbauto auto\u00bb rt_bg_attachment=\u00bbscroll\u00bb class=\u00bbdownload\u00bb rt_bg_color=\u00bb\u00bb rt_bg_overlay_color=\u00bb\u00bb offset=\u00bbvc_hidden-sm vc_hidden-xs\u00bb css=\u00bb.vc_custom_1532422018913{padding-bottom: 0px !important;}\u00bb rt_padding_bottom=\u00bb0&#8243;][vc_widget_sidebar sidebar_id=\u00bbrt-theme-20-common-sidebar\u00bb][\/vc_column][vc_column width=\u00bb2\/3&#8243; rt_column_shadow=\u00bb\u00bb rt_bg_image_repeat=\u00bbrepeat\u00bb rt_bg_size=\u00bbauto auto\u00bb rt_bg_attachment=\u00bbscroll\u00bb class=\u00bbmaincontent\u00bb rt_bg_color=\u00bb\u00bb rt_bg_overlay_color=\u00bb\u00bb css=\u00bb.vc_custom_1532422014773{padding-bottom: 2em !important;}\u00bb][vc_column_text css=\u00bb\u00bb el_class=\u00bbredborderleft\u00bb] Conductancia el\u00e9ctrica de l\u00edquidos El llenado y vaciado de recipientes con  &#8230;<br \/><a class=\"more-link\" href=\"https:\/\/consilab.de\/es\/leistungen\/kenndaten-von-stoffen\/elektrische-leitfaehigkeit-von-fluessigkeiten\/\">more | mehr<\/a><\/p>\n","protected":false},"author":1,"featured_media":0,"parent":13695,"menu_order":8,"comment_status":"closed","ping_status":"closed","template":"","meta":{"footnotes":""},"class_list":["post-14199","page","type-page","status-publish","hentry"],"_links":{"self":[{"href":"https:\/\/consilab.de\/es\/wp-json\/wp\/v2\/pages\/14199","targetHints":{"allow":["GET"]}}],"collection":[{"href":"https:\/\/consilab.de\/es\/wp-json\/wp\/v2\/pages"}],"about":[{"href":"https:\/\/consilab.de\/es\/wp-json\/wp\/v2\/types\/page"}],"author":[{"embeddable":true,"href":"https:\/\/consilab.de\/es\/wp-json\/wp\/v2\/users\/1"}],"replies":[{"embeddable":true,"href":"https:\/\/consilab.de\/es\/wp-json\/wp\/v2\/comments?post=14199"}],"version-history":[{"count":2,"href":"https:\/\/consilab.de\/es\/wp-json\/wp\/v2\/pages\/14199\/revisions"}],"predecessor-version":[{"id":14205,"href":"https:\/\/consilab.de\/es\/wp-json\/wp\/v2\/pages\/14199\/revisions\/14205"}],"up":[{"embeddable":true,"href":"https:\/\/consilab.de\/es\/wp-json\/wp\/v2\/pages\/13695"}],"wp:attachment":[{"href":"https:\/\/consilab.de\/es\/wp-json\/wp\/v2\/media?parent=14199"}],"curies":[{"name":"wp","href":"https:\/\/api.w.org\/{rel}","templated":true}]}}