{"id":14212,"date":"2021-06-14T16:45:26","date_gmt":"2021-06-14T14:45:26","guid":{"rendered":"https:\/\/consilab.de\/leistungen\/kenndaten-von-stoffen\/explosionsgefaehrliche-stoffe-nach-sprengg\/"},"modified":"2025-05-14T20:49:14","modified_gmt":"2025-05-14T18:49:14","slug":"explosionsgefaehrliche-stoffe-nach-sprengg","status":"publish","type":"page","link":"https:\/\/consilab.de\/es\/leistungen\/kenndaten-von-stoffen\/explosionsgefaehrliche-stoffe-nach-sprengg\/","title":{"rendered":"Sustancias explosivas seg\u00fan la ley alemana sobre explosivos (SprengG)"},"content":{"rendered":"<p>[vc_row rt_row_background_width=\u00bbfullwidth\u00bb rt_row_content_width=\u00bbdefault\u00bb rt_row_style=\u00bbdefault-style\u00bb rt_row_borders=\u00bb\u00bb rt_row_shadows=\u00bb\u00bb rt_row_paddings=\u00bbfalse\u00bb rt_bg_effect=\u00bbclassic\u00bb rt_bg_image_repeat=\u00bbrepeat\u00bb rt_bg_size=\u00bbcover\u00bb rt_bg_position=\u00bbright top\u00bb rt_bg_attachment=\u00bbscroll\u00bb rt_bg_video_format=\u00bbself-hosted\u00bb][vc_column width=\u00bb1\/3&#8243; rt_column_shadow=\u00bb\u00bb rt_bg_image_repeat=\u00bbrepeat\u00bb rt_bg_size=\u00bbauto auto\u00bb rt_bg_attachment=\u00bbscroll\u00bb class=\u00bbdownload\u00bb rt_bg_color=\u00bb\u00bb rt_bg_overlay_color=\u00bb\u00bb offset=\u00bbvc_hidden-sm vc_hidden-xs\u00bb css=\u00bb.vc_custom_1532421990135{padding-bottom: 0px !important;}\u00bb rt_padding_bottom=\u00bb0&#8243;][vc_widget_sidebar sidebar_id=\u00bbrt-theme-20-common-sidebar\u00bb][\/vc_column][vc_column width=\u00bb2\/3&#8243; rt_column_shadow=\u00bb\u00bb rt_bg_image_repeat=\u00bbrepeat\u00bb rt_bg_size=\u00bbauto auto\u00bb rt_bg_attachment=\u00bbscroll\u00bb class=\u00bbmaincontent\u00bb rt_bg_color=\u00bb\u00bb rt_bg_overlay_color=\u00bb\u00bb css=\u00bb.vc_custom_1532421960235{margin-bottom: 1em !important;padding-bottom: 0px !important;}\u00bb][vc_column_text css=\u00bb\u00bb el_class=\u00bbredborderleft\u00bb]<\/p>\n<h1>Sustancias explosivas seg\u00fan la ley alemana sobre explosivos (SprengG)<\/h1>\n<h2>Definici\u00f3n seg\u00fan el art\u00edculo 3 SprengG:<\/h2>\n<p>1. Sustancias explosivas:<\/p>\n<p>a) Se trata de sustancias s\u00f3lidas o l\u00edquidas y mezclas (sustancias)<\/p>\n<p>aa) cuya explosi\u00f3n puede ser provocada por una solicitaci\u00f3n habitual t\u00e9rmica, mec\u00e1nica o de otro tipo y<\/p>\n<p>bb) que han mostrado tener capacidad explosiva en la realizaci\u00f3n de los procedimientos de prueba seg\u00fan el Anexo de la Parte A.14. del Reglamento (CE) no. 440\/2008 de la Comisi\u00f3n del 30 de mayo de 2008 para establecer m\u00e9todos de ensayo de acuerdo con el Reglamento (CE) no. 1907\/2006 del Parlamento Europeo y del Consejo relativo al registro, la evaluaci\u00f3n, la autorizaci\u00f3n y la restricci\u00f3n de las sustancias y preparados qu\u00edmicos (REACH) (Diario oficial L 142 del 31\/05\/2008, p\u00e1g. 1), modificado \u00faltimamente por el Reglamento (UE) 2016\/266 (Diario oficial L 54 del 01\/03\/2016, p\u00e1g. 1) en la \u00faltima versi\u00f3n publicada en el Diario Oficial de la Uni\u00f3n Europea.<\/p>\n<h3>Prueba seg\u00fan CE A.14. (Reglamento (CE) no. 440\/2008 Anexo \u00abParte A: M\u00e9todos para la determinaci\u00f3n de las propiedades f\u00edsico-qu\u00edmicas, A.14. Propiedades explosivas)<\/h3>\n<p>El m\u00e9todo est\u00e1 integrado por tres partes:<\/p>\n<p>a) Comprobaci\u00f3n de la sensibilidad t\u00e9rmica <a href=\"https:\/\/consilab.de\/es\/leistungen\/klassifizierung-von-stoffen\/thermische-empfindlichkeit-un-serie-1-serie-2-test-1-b-test-2-b-koenen-test\/\">\u2192 m\u00e1s informaci\u00f3n,<\/a><\/p>\n<p>b) Comprobaci\u00f3n de la sensibilidad mec\u00e1nica en los impactos <a href=\"https:\/\/consilab.de\/es\/leistungen\/klassifizierung-von-stoffen\/mechanische-empfindlichkeit-schlag-un-serie-3-test-3-a-ii-bam-fallhammer\/\">\u2192 m\u00e1s informaci\u00f3n,<\/a><\/p>\n<p>c) Comprobaci\u00f3n de la sensibilidad mec\u00e1nica en el estr\u00e9s por fricci\u00f3n <a href=\"https:\/\/consilab.de\/es\/leistungen\/klassifizierung-von-stoffen\/mechanische-empfindlichkeit-reibung-un-serie-3-test-3-b-i-bam-reibapparatur\/\">\u2192 m\u00e1s informaci\u00f3n.<\/a><\/p>\n<p>El m\u00e9todo permite obtener resultados que permiten comprobar la posibilidad de iniciar una explosi\u00f3n en caso de determinadas solicitaciones no extraordinarias. No sirve para comprobar si una sustancia es explosiva bajo cualquier condici\u00f3n.[\/vc_column_text][vc_row_inner rt_row_style=\u00bbglobal-style\u00bb rt_bg_custom_alignment=\u00bbtop\u00bb][vc_column_inner width=\u00bb1\/2&#8243; rt_column_shadow=\u00bb\u00bb rt_bg_image_repeat=\u00bbrepeat\u00bb rt_bg_size=\u00bbauto auto\u00bb rt_bg_attachment=\u00bbscroll\u00bb][vc_btn title=\u00bbCaracter\u00edsticas de sustancias\u00bb style=\u00bbclassic\u00bb color=\u00bbpurple\u00bb i_icon_fontawesome=\u00bbfas fa-angle-left\u00bb css=\u00bb\u00bb add_icon=\u00bbtrue\u00bb link=\u00bburl:%2Fes%2Fleistungen%2Fkenndaten-von-stoffen%2F|title:Caracter%C3%ADsticas%20de%20sustancias\u00bb el_class=\u00bbbtn&#8211;red\u00bb][\/vc_column_inner][vc_column_inner width=\u00bb1\/2&#8243; rt_column_shadow=\u00bb\u00bb rt_bg_image_repeat=\u00bbrepeat\u00bb rt_bg_size=\u00bbauto auto\u00bb rt_bg_attachment=\u00bbscroll\u00bb][vc_btn title=\u00bbPrestaciones\u00bb style=\u00bbclassic\u00bb color=\u00bbpurple\u00bb i_icon_fontawesome=\u00bbfas fa-angle-left\u00bb css=\u00bb\u00bb add_icon=\u00bbtrue\u00bb link=\u00bburl:%2Fes%2Fleistungen%2F|title:Prestaciones\u00bb el_class=\u00bbbtn&#8211;red\u00bb][\/vc_column_inner][\/vc_row_inner][\/vc_column][\/vc_row]<\/p>\n","protected":false},"excerpt":{"rendered":"<p>[vc_row rt_row_background_width=\u00bbfullwidth\u00bb rt_row_content_width=\u00bbdefault\u00bb rt_row_style=\u00bbdefault-style\u00bb rt_row_borders=\u00bb\u00bb rt_row_shadows=\u00bb\u00bb rt_row_paddings=\u00bbfalse\u00bb rt_bg_effect=\u00bbclassic\u00bb rt_bg_image_repeat=\u00bbrepeat\u00bb rt_bg_size=\u00bbcover\u00bb rt_bg_position=\u00bbright top\u00bb rt_bg_attachment=\u00bbscroll\u00bb rt_bg_video_format=\u00bbself-hosted\u00bb][vc_column width=\u00bb1\/3&#8243; rt_column_shadow=\u00bb\u00bb rt_bg_image_repeat=\u00bbrepeat\u00bb rt_bg_size=\u00bbauto auto\u00bb rt_bg_attachment=\u00bbscroll\u00bb class=\u00bbdownload\u00bb rt_bg_color=\u00bb\u00bb rt_bg_overlay_color=\u00bb\u00bb offset=\u00bbvc_hidden-sm vc_hidden-xs\u00bb css=\u00bb.vc_custom_1532421990135{padding-bottom: 0px !important;}\u00bb rt_padding_bottom=\u00bb0&#8243;][vc_widget_sidebar sidebar_id=\u00bbrt-theme-20-common-sidebar\u00bb][\/vc_column][vc_column width=\u00bb2\/3&#8243; rt_column_shadow=\u00bb\u00bb rt_bg_image_repeat=\u00bbrepeat\u00bb rt_bg_size=\u00bbauto auto\u00bb rt_bg_attachment=\u00bbscroll\u00bb class=\u00bbmaincontent\u00bb rt_bg_color=\u00bb\u00bb rt_bg_overlay_color=\u00bb\u00bb css=\u00bb.vc_custom_1532421960235{margin-bottom: 1em !important;padding-bottom: 0px !important;}\u00bb][vc_column_text css=\u00bb\u00bb el_class=\u00bbredborderleft\u00bb] Sustancias explosivas seg\u00fan la ley alemana sobre explosivos (SprengG)  &#8230;<br \/><a class=\"more-link\" href=\"https:\/\/consilab.de\/es\/leistungen\/kenndaten-von-stoffen\/explosionsgefaehrliche-stoffe-nach-sprengg\/\">more | mehr<\/a><\/p>\n","protected":false},"author":2,"featured_media":0,"parent":13695,"menu_order":17,"comment_status":"closed","ping_status":"closed","template":"","meta":{"footnotes":""},"class_list":["post-14212","page","type-page","status-publish","hentry"],"_links":{"self":[{"href":"https:\/\/consilab.de\/es\/wp-json\/wp\/v2\/pages\/14212","targetHints":{"allow":["GET"]}}],"collection":[{"href":"https:\/\/consilab.de\/es\/wp-json\/wp\/v2\/pages"}],"about":[{"href":"https:\/\/consilab.de\/es\/wp-json\/wp\/v2\/types\/page"}],"author":[{"embeddable":true,"href":"https:\/\/consilab.de\/es\/wp-json\/wp\/v2\/users\/2"}],"replies":[{"embeddable":true,"href":"https:\/\/consilab.de\/es\/wp-json\/wp\/v2\/comments?post=14212"}],"version-history":[{"count":2,"href":"https:\/\/consilab.de\/es\/wp-json\/wp\/v2\/pages\/14212\/revisions"}],"predecessor-version":[{"id":14216,"href":"https:\/\/consilab.de\/es\/wp-json\/wp\/v2\/pages\/14212\/revisions\/14216"}],"up":[{"embeddable":true,"href":"https:\/\/consilab.de\/es\/wp-json\/wp\/v2\/pages\/13695"}],"wp:attachment":[{"href":"https:\/\/consilab.de\/es\/wp-json\/wp\/v2\/media?parent=14212"}],"curies":[{"name":"wp","href":"https:\/\/api.w.org\/{rel}","templated":true}]}}