{"id":14219,"date":"2018-07-03T15:19:43","date_gmt":"2018-07-03T13:19:43","guid":{"rendered":"https:\/\/consilab.de\/leistungen\/kenndaten-von-stoffen\/flammpunkt\/"},"modified":"2025-05-14T20:57:42","modified_gmt":"2025-05-14T18:57:42","slug":"flammpunkt","status":"publish","type":"page","link":"https:\/\/consilab.de\/es\/leistungen\/kenndaten-von-stoffen\/flammpunkt\/","title":{"rendered":"Punto de inflamaci\u00f3n"},"content":{"rendered":"<p>[vc_row rt_row_background_width=\u00bbfullwidth\u00bb rt_row_content_width=\u00bbdefault\u00bb rt_row_style=\u00bbdefault-style\u00bb rt_row_borders=\u00bb\u00bb rt_row_shadows=\u00bb\u00bb rt_row_paddings=\u00bbfalse\u00bb rt_bg_effect=\u00bbclassic\u00bb rt_bg_image_repeat=\u00bbrepeat\u00bb rt_bg_size=\u00bbcover\u00bb rt_bg_position=\u00bbright top\u00bb rt_bg_attachment=\u00bbscroll\u00bb rt_bg_video_format=\u00bbself-hosted\u00bb][vc_column width=\u00bb1\/3&#8243; rt_column_shadow=\u00bb\u00bb rt_bg_image_repeat=\u00bbrepeat\u00bb rt_bg_size=\u00bbauto auto\u00bb rt_bg_attachment=\u00bbscroll\u00bb class=\u00bbdownload\u00bb rt_bg_color=\u00bb\u00bb rt_bg_overlay_color=\u00bb\u00bb offset=\u00bbvc_hidden-sm vc_hidden-xs\u00bb css=\u00bb.vc_custom_1532421990135{padding-bottom: 0px !important;}\u00bb rt_padding_bottom=\u00bb0&#8243;][vc_widget_sidebar sidebar_id=\u00bbrt-theme-20-common-sidebar\u00bb][\/vc_column][vc_column width=\u00bb2\/3&#8243; rt_column_shadow=\u00bb\u00bb rt_bg_image_repeat=\u00bbrepeat\u00bb rt_bg_size=\u00bbauto auto\u00bb rt_bg_attachment=\u00bbscroll\u00bb class=\u00bbmaincontent\u00bb rt_bg_color=\u00bb\u00bb rt_bg_overlay_color=\u00bb\u00bb css=\u00bb.vc_custom_1532421960235{margin-bottom: 1em !important;padding-bottom: 0px !important;}\u00bb][vc_column_text css=\u00bb\u00bb el_class=\u00bbredborderleft\u00bb]<\/p>\n<h1>Punto de inflamaci\u00f3n<\/h1>\n<p>Con vista a consideraciones de seguridad, se recurre desde hace m\u00e1s de 130 a\u00f1os en Alemania al llamado punto de inflamaci\u00f3n (1882: Reglamento sobre la venta y la oferta comercial de petr\u00f3leo del 24 de febrero de 1882, Bolet\u00edn del imperio alem\u00e1n (RGBl.) no. 7, p\u00e1g. 40- 41).<\/p>\n<p>\u00abEl punto de inflamaci\u00f3n de un l\u00edquido inflamable es la temperatura m\u00e1s baja a la que en un crisol cerrado (\u2026) un l\u00edquido a comprobar emite bajo condiciones especificadas tal cantidad de vapores que en dicho crisol se va formando una mezcla de vapor\/aire inflamable por un encendido por chispa.\u00bb<\/p>\n<p>Hoy en d\u00eda, el punto de inflamaci\u00f3n es de importancia decisiva en la categorizaci\u00f3n y clasificaci\u00f3n como sustancia peligrosa o bien conforme al reglamento alem\u00e1n de seguridad laboral (BetrSichV).<\/p>\n<p>Los puntos de inflamaci\u00f3n no son constantes f\u00edsico-qu\u00edmicas de una sustancia a examinar. Dependen, por el contrario, de las dimensiones del dispositivo de prueba, las condiciones del dispositivo de prueba empleado y de la propia realizaci\u00f3n de la prueba. Por ello, el punto de inflamaci\u00f3n solo es v\u00e1lido con referencia a la norma respectiva y no pueden confirmarse correlaciones v\u00e1lidas entre los resultados de determinados procedimientos de determinaci\u00f3n del punto de inflamaci\u00f3n o bien con otros dispositivos de comprobaci\u00f3n especificados en la norma.<\/p>\n<h3>Para la determinaci\u00f3n se emplean diferentes aparatos y m\u00e9todos:<\/h3>\n<h5><span style=\"color: #e50000;\"><strong>Procedimiento de equilibrio r\u00e1pido con crisol cerrado (EN ISO 3679:2015)<\/strong><\/span><\/h5>\n<p>El objeto de prueba es calentado en un crisol cerrado (hueco en un bloque de aluminio) con ayuda de una calefacci\u00f3n el\u00e9ctrica dispuesta debajo del crisol. El crisol es calentado a una temperatura predefinida y se mantiene a \u00e9sta durante un per\u00edodo especificado (p. ej. durante 60 o 120 segundos). Luego se intenta encender la mezcla de aire\/vapor mediante una fuente de encendido (llama) que se introduce en la escotadura que se abre en la tapa. La temperatura a partir de la que se observa una inflamaci\u00f3n en la superficie del l\u00edquido es designada como punto de inflamaci\u00f3n. La determinaci\u00f3n del punto de inflamaci\u00f3n se realiza con el Rapid-Tester en una gama de temperatura entre -30\u00b0C\u00a0 y\u00a0 300\u00b0C.<\/p>\n<h5><span style=\"color: #e50000;\"><strong>Procedimiento conforme a Pensky-Martens en crisol cerrado (EN ISO 2719:2016)<\/strong><\/span><\/h5>\n<p>El objeto de prueba es calentado en un crisol cerrado con ayuda de un horno el\u00e9ctrico con ba\u00f1o de aire caliente (con espacio de aire entre el horno y el crisol) y removida continuamente. Mientras aumenta lentamente la temperatura se intenta encender la mezcla de vapor\/aire a intervalos fijos mediante una fuente de encendido (llama) que se introduce a trav\u00e9s de una escotadura que se abre en la tapa. La temperatura a partir de la que se observa una inflamaci\u00f3n en la superficie del l\u00edquido es designada como punto de inflamaci\u00f3n. La determinaci\u00f3n del punto de inflamaci\u00f3n seg\u00fan Pensky-Martens puede aplicarse en una gama de temperatura entre 40\u00b0C\u00a0 y\u00a0 370\u00b0C.<\/p>\n<h5><span style=\"color: #e50000;\"><strong>Procedimiento con crisol cerrado seg\u00fan Abel (EN ISO 13736:2013)<\/strong><\/span><\/h5>\n<p>El objeto de prueba es calentado en un crisol cerrado con ayuda de un horno el\u00e9ctrico con ba\u00f1o de aire caliente (con espacio de aire entre el horno y el crisol) y removida continuamente. Mientras aumenta lentamente la temperatura se intenta encender la mezcla de vapor\/aire a intervalos fijos mediante una fuente de encendido (llama) que se introduce a trav\u00e9s de una escotadura que se abre en la tapa. La temperatura a partir de la que se observa una inflamaci\u00f3n en la superficie del l\u00edquido es designada como punto de inflamaci\u00f3n. La determinaci\u00f3n del punto de inflamaci\u00f3n seg\u00fan Abel puede aplicarse en una gama de temperatura entre -30\u00b0C y +70\u00b0C.<\/p>\n<p>En todos los casos a\u00fan debe corregirse el punto de inflamaci\u00f3n medido a la presi\u00f3n est\u00e1ndar de 1013 hPa. Para ello se emplea la siguiente f\u00f3rmula:<\/p>\n<p>Flp. = C + 0,025 x (1013 \u2013 p)<\/p>\n<p>con<\/p>\n<p>Flp. =\u00a0\u00a0 punto de inflamaci\u00f3n corregido en \u00b0C<br \/>\nC\u00a0\u00a0 \u00a0=\u00a0\u00a0 \u00a0punto de inflamaci\u00f3n medido en \u00b0C<br \/>\np\u00a0\u00a0 \u00a0 =\u00a0\u00a0 presi\u00f3n atmosf\u00e9rica en mbar<\/p>\n<p>El punto de inflamaci\u00f3n corregido en cuanto a la presi\u00f3n atmosf\u00e9rica se redondea con una precisi\u00f3n de 0,5 \u00b0C. Este punto de inflamaci\u00f3n se emplea luego para la clasificaci\u00f3n de la sustancia seg\u00fan las directivas habituales [1], [2], [3]. Por lo dem\u00e1s puede estimarse la temperatura de manipulaci\u00f3n segura en una planta:<br \/>\n\u2013 en caso de l\u00edquidos puros no halogenizados 5 K por debajo del punto de inflamaci\u00f3n,<br \/>\n\u2013 en las mezclas de disolventes sin componente halogenizado 15 K por debajo del punto de inflamaci\u00f3n.<\/p>\n<p>Con mucho gusto la apoyamos en la determinaci\u00f3n de puntos de inflamaci\u00f3n y la valoraci\u00f3n de resultados en relaci\u00f3n con sus procedimientos. Cont\u00e1ctenos.<\/p>\n<p><strong>Fuentes bibliogr\u00e1ficas<br \/>\n<\/strong>[1] Globally Harmonized System of Classification and Labelling of Chemicals (GHS) \/ Regulation on Classification, Labelling and Packaging of Substances and Mixtures (CLP) \/ Verordnung EC 1272\/2008<br \/>\n[2] Directiva ONU relativa a transportes: UN Recommendations on the Transport of Dangerous Goods: Manual of Tests and Criteria, Rev. 7 (2019) und UN-Model Regulations, Rev. 21 (2019)<br \/>\n[3] Directiva 67\/548\/CEE \u00abDirectiva de sustancias\u00bb<\/p>\n<p>[\/vc_column_text][vc_row_inner rt_row_style=\u00bbglobal-style\u00bb rt_bg_custom_alignment=\u00bbtop\u00bb][vc_column_inner width=\u00bb1\/2&#8243; rt_column_shadow=\u00bb\u00bb rt_bg_image_repeat=\u00bbrepeat\u00bb rt_bg_size=\u00bbauto auto\u00bb rt_bg_attachment=\u00bbscroll\u00bb][vc_btn title=\u00bbCaracter\u00edsticas de sustancias\u00bb style=\u00bbclassic\u00bb color=\u00bbpurple\u00bb i_icon_fontawesome=\u00bbfas fa-angle-left\u00bb css=\u00bb\u00bb add_icon=\u00bbtrue\u00bb link=\u00bburl:%2Fes%2Fleistungen%2Fkenndaten-von-stoffen%2F|title:Caracter%C3%ADsticas%20de%20sustancias\u00bb el_class=\u00bbbtn&#8211;red\u00bb][\/vc_column_inner][vc_column_inner width=\u00bb1\/2&#8243; rt_column_shadow=\u00bb\u00bb rt_bg_image_repeat=\u00bbrepeat\u00bb rt_bg_size=\u00bbauto auto\u00bb rt_bg_attachment=\u00bbscroll\u00bb][vc_btn title=\u00bbPrestaciones\u00bb style=\u00bbclassic\u00bb color=\u00bbpurple\u00bb i_icon_fontawesome=\u00bbfas fa-angle-left\u00bb css=\u00bb\u00bb add_icon=\u00bbtrue\u00bb link=\u00bburl:%2Fes%2Fleistungen%2F|title:Prestaciones\u00bb el_class=\u00bbbtn&#8211;red\u00bb][\/vc_column_inner][\/vc_row_inner][\/vc_column][\/vc_row]<\/p>\n","protected":false},"excerpt":{"rendered":"<p>[vc_row rt_row_background_width=\u00bbfullwidth\u00bb rt_row_content_width=\u00bbdefault\u00bb rt_row_style=\u00bbdefault-style\u00bb rt_row_borders=\u00bb\u00bb rt_row_shadows=\u00bb\u00bb rt_row_paddings=\u00bbfalse\u00bb rt_bg_effect=\u00bbclassic\u00bb rt_bg_image_repeat=\u00bbrepeat\u00bb rt_bg_size=\u00bbcover\u00bb rt_bg_position=\u00bbright top\u00bb rt_bg_attachment=\u00bbscroll\u00bb rt_bg_video_format=\u00bbself-hosted\u00bb][vc_column width=\u00bb1\/3&#8243; rt_column_shadow=\u00bb\u00bb rt_bg_image_repeat=\u00bbrepeat\u00bb rt_bg_size=\u00bbauto auto\u00bb rt_bg_attachment=\u00bbscroll\u00bb class=\u00bbdownload\u00bb rt_bg_color=\u00bb\u00bb rt_bg_overlay_color=\u00bb\u00bb offset=\u00bbvc_hidden-sm vc_hidden-xs\u00bb css=\u00bb.vc_custom_1532421990135{padding-bottom: 0px !important;}\u00bb rt_padding_bottom=\u00bb0&#8243;][vc_widget_sidebar sidebar_id=\u00bbrt-theme-20-common-sidebar\u00bb][\/vc_column][vc_column width=\u00bb2\/3&#8243; rt_column_shadow=\u00bb\u00bb rt_bg_image_repeat=\u00bbrepeat\u00bb rt_bg_size=\u00bbauto auto\u00bb rt_bg_attachment=\u00bbscroll\u00bb class=\u00bbmaincontent\u00bb rt_bg_color=\u00bb\u00bb rt_bg_overlay_color=\u00bb\u00bb css=\u00bb.vc_custom_1532421960235{margin-bottom: 1em !important;padding-bottom: 0px !important;}\u00bb][vc_column_text css=\u00bb\u00bb el_class=\u00bbredborderleft\u00bb] Punto de inflamaci\u00f3n Con vista a consideraciones de seguridad,  &#8230;<br \/><a class=\"more-link\" href=\"https:\/\/consilab.de\/es\/leistungen\/kenndaten-von-stoffen\/flammpunkt\/\">more | mehr<\/a><\/p>\n","protected":false},"author":1,"featured_media":0,"parent":13695,"menu_order":1,"comment_status":"closed","ping_status":"closed","template":"","meta":{"footnotes":""},"class_list":["post-14219","page","type-page","status-publish","hentry"],"_links":{"self":[{"href":"https:\/\/consilab.de\/es\/wp-json\/wp\/v2\/pages\/14219","targetHints":{"allow":["GET"]}}],"collection":[{"href":"https:\/\/consilab.de\/es\/wp-json\/wp\/v2\/pages"}],"about":[{"href":"https:\/\/consilab.de\/es\/wp-json\/wp\/v2\/types\/page"}],"author":[{"embeddable":true,"href":"https:\/\/consilab.de\/es\/wp-json\/wp\/v2\/users\/1"}],"replies":[{"embeddable":true,"href":"https:\/\/consilab.de\/es\/wp-json\/wp\/v2\/comments?post=14219"}],"version-history":[{"count":2,"href":"https:\/\/consilab.de\/es\/wp-json\/wp\/v2\/pages\/14219\/revisions"}],"predecessor-version":[{"id":14223,"href":"https:\/\/consilab.de\/es\/wp-json\/wp\/v2\/pages\/14219\/revisions\/14223"}],"up":[{"embeddable":true,"href":"https:\/\/consilab.de\/es\/wp-json\/wp\/v2\/pages\/13695"}],"wp:attachment":[{"href":"https:\/\/consilab.de\/es\/wp-json\/wp\/v2\/media?parent=14219"}],"curies":[{"name":"wp","href":"https:\/\/api.w.org\/{rel}","templated":true}]}}