{"id":14225,"date":"2021-02-22T11:06:57","date_gmt":"2021-02-22T10:06:57","guid":{"rendered":"https:\/\/consilab.de\/leistungen\/kenndaten-von-stoffen\/hot-disc-methode-bestimmung-der-waermeleitfaehigkeit-und-kapazitaet\/"},"modified":"2025-05-14T21:02:56","modified_gmt":"2025-05-14T19:02:56","slug":"hot-disc-methode-bestimmung-der-waermeleitfaehigkeit-und-kapazitaet","status":"publish","type":"page","link":"https:\/\/consilab.de\/es\/leistungen\/kenndaten-von-stoffen\/hot-disc-methode-bestimmung-der-waermeleitfaehigkeit-und-kapazitaet\/","title":{"rendered":"M\u00e9todo de disco caliente (determinaci\u00f3n de la conductividad y capacidad t\u00e9rmica)"},"content":{"rendered":"<p>[vc_row rt_row_background_width=\u00bbfullwidth\u00bb rt_row_content_width=\u00bbdefault\u00bb rt_row_style=\u00bbdefault-style\u00bb rt_row_borders=\u00bb\u00bb rt_row_shadows=\u00bb\u00bb rt_row_paddings=\u00bbfalse\u00bb rt_bg_effect=\u00bbclassic\u00bb rt_bg_image_repeat=\u00bbrepeat\u00bb rt_bg_size=\u00bbcover\u00bb rt_bg_position=\u00bbright top\u00bb rt_bg_attachment=\u00bbscroll\u00bb rt_bg_video_format=\u00bbself-hosted\u00bb][vc_column width=\u00bb1\/3&#8243; rt_column_shadow=\u00bb\u00bb rt_bg_image_repeat=\u00bbrepeat\u00bb rt_bg_size=\u00bbauto auto\u00bb rt_bg_attachment=\u00bbscroll\u00bb class=\u00bbdownload\u00bb rt_bg_color=\u00bb\u00bb rt_bg_overlay_color=\u00bb\u00bb offset=\u00bbvc_hidden-sm vc_hidden-xs\u00bb css=\u00bb.vc_custom_1532422018913{padding-bottom: 0px !important;}\u00bb rt_padding_bottom=\u00bb0&#8243;][vc_widget_sidebar sidebar_id=\u00bbrt-theme-20-common-sidebar\u00bb][\/vc_column][vc_column width=\u00bb2\/3&#8243; rt_column_shadow=\u00bb\u00bb rt_bg_image_repeat=\u00bbrepeat\u00bb rt_bg_size=\u00bbauto auto\u00bb rt_bg_attachment=\u00bbscroll\u00bb class=\u00bbmaincontent\u00bb rt_bg_color=\u00bb\u00bb rt_bg_overlay_color=\u00bb\u00bb css=\u00bb.vc_custom_1532422014773{padding-bottom: 2em !important;}\u00bb][vc_column_text css=\u00bb\u00bb el_class=\u00bbredborderleft\u00bb]<\/p>\n<h1>M\u00e9todo de disco caliente (determinaci\u00f3n de la conductividad y capacidad t\u00e9rmica)<\/h1>\n<p>Los datos termo-f\u00edsicos de sustancias representan la base para c\u00e1lculos y modelos, siendo imprescindibles para determinar datos adicionales relativos a la seguridad como por ejemplo una producci\u00f3n de calor o una cantidad espec\u00edfica de calor partiendo de las temperaturas medidas. Un procedimiento para la determinaci\u00f3n de algunos de estos datos termo-f\u00edsicos es el m\u00e9todo <em>Transient Plane Source<\/em> (Hot Disc) seg\u00fan ISO 22007-2.<\/p>\n<p>Con ayuda de tal medici\u00f3n de disco caliente, puede obtenerse de una serie de mediciones la conductividad t\u00e9rmica <em>\u03bb<\/em>, la conductividad de temperatura <em>a<\/em> as\u00ed como la capacidad t\u00e9rmica espec\u00edfica por unidad de volumen <em>s<\/em>. La capacidad t\u00e9rmica espec\u00edfica por unidad de volumen es convertida por medio de la densidad a granel determinada previamente en la capacidad t\u00e9rmica espec\u00edfica <em>c<sub>p<\/sub><\/em>.<\/p>\n<p>Para una medici\u00f3n, el objeto a comprobar se vierte en un molde especial de volumen variable, determin\u00e1ndose la masa del cuerpo de la prueba para calcular con el volumen respectivo la densidad a granel de la muestra. Luego, el sensor de disco duro se introduce horizontal y centralmente en el cuerpo llenado de la muestra. El sensor sirve por un lado como fuente de calor y por el otro como sensor din\u00e1mico de temperatura. Con una energ\u00eda calor\u00edfica el\u00e9ctrica especificada (mW) as\u00ed como una duraci\u00f3n definida de la medici\u00f3n (s) se aporta una cantidad de energ\u00eda definida por medio del sensor en posici\u00f3n c\u00e9ntrico en el cuerpo de la muestra, midi\u00e9ndose a la vez la modificaci\u00f3n de temperatura del objeto de prueba.<\/p>\n<p>Los datos de medici\u00f3n determinados, como la capacidad t\u00e9rmica, pueden emplearse por ejemplo para la evaluaci\u00f3n de un experimento adiab\u00e1tico de cesta de alambre o bien para evaluar un experimento de acumulaci\u00f3n adiab\u00e1tica de temperatura de calor. Los conocimientos relativos a la capacidad t\u00e9rmica exacta de una muestra permiten determinarse asimismo caracter\u00edsticas de seguridad m\u00e1s exactas.<\/p>\n<p>Una aplicaci\u00f3n especial y m\u00e1s compleja la ofrece el par\u00e1metro de la conductividad de temperatura <em>a<\/em>, el cual junto con determinados par\u00e1metros cin\u00e9ticos (ecuaci\u00f3n de Arrhenius, cin\u00e9tica de 0 orden) puede emplearse de un experimento adiab\u00e1tico de acumulaci\u00f3n de calor y temperatura a fin de calcular mediante la teor\u00eda de la explosi\u00f3n t\u00e9rmica seg\u00fan Frank-Kamenetskii valores para la SADT (<em>self accelarating decomposition temperature<\/em>) en funci\u00f3n de diferentes tama\u00f1os de recipientes.<\/p>\n<p>[1]<sup> \u00a0\u00a0\u00a0\u00a0\u00a0<\/sup>ISO 22007-2 (2015-08-01): Plastics \u2013 Determination of thermal conductivity and thermal diffusivity, Part 2: Transient plane heat source (hot disc) method<br \/>\n[2] Kotoyori, Takashi: <em>Diffusion and Heat Transfer in Chemical Kinetics<\/em>. 1<sup>st<\/sup><br \/>\nEdition. Elsevier Science, <strong>2005<br \/>\n<\/strong>[3] Frank-Kamenetskii, David A. ; Appleton, John P. (Hrsg.): <em>Diffusion and<br \/>\nHeat Transfer in Chemical Kinetics<\/em>. 2nd Enlarged and Revised Edition. Plenum Press, <strong>1969<\/strong>[\/vc_column_text][vc_row_inner rt_row_style=\u00bbglobal-style\u00bb rt_bg_custom_alignment=\u00bbtop\u00bb][vc_column_inner width=\u00bb1\/2&#8243; rt_column_shadow=\u00bb\u00bb rt_bg_image_repeat=\u00bbrepeat\u00bb rt_bg_size=\u00bbauto auto\u00bb rt_bg_attachment=\u00bbscroll\u00bb][vc_btn title=\u00bbCaracter\u00edsticas de sustancias\u00bb style=\u00bbclassic\u00bb color=\u00bbpurple\u00bb i_icon_fontawesome=\u00bbfas fa-angle-left\u00bb css=\u00bb\u00bb add_icon=\u00bbtrue\u00bb link=\u00bburl:%2Fes%2Fleistungen%2Fkenndaten-von-stoffen%2F|title:Caracter%C3%ADsticas%20de%20sustancias\u00bb el_class=\u00bbbtn&#8211;red\u00bb][\/vc_column_inner][vc_column_inner width=\u00bb1\/2&#8243; rt_column_shadow=\u00bb\u00bb rt_bg_image_repeat=\u00bbrepeat\u00bb rt_bg_size=\u00bbauto auto\u00bb rt_bg_attachment=\u00bbscroll\u00bb][vc_btn title=\u00bbPrestaciones\u00bb style=\u00bbclassic\u00bb color=\u00bbpurple\u00bb i_icon_fontawesome=\u00bbfas fa-angle-left\u00bb css=\u00bb\u00bb add_icon=\u00bbtrue\u00bb link=\u00bburl:%2Fes%2Fleistungen%2F|title:Prestaciones\u00bb el_class=\u00bbbtn&#8211;red\u00bb][\/vc_column_inner][\/vc_row_inner][\/vc_column][\/vc_row]<\/p>\n","protected":false},"excerpt":{"rendered":"<p>[vc_row rt_row_background_width=\u00bbfullwidth\u00bb rt_row_content_width=\u00bbdefault\u00bb rt_row_style=\u00bbdefault-style\u00bb rt_row_borders=\u00bb\u00bb rt_row_shadows=\u00bb\u00bb rt_row_paddings=\u00bbfalse\u00bb rt_bg_effect=\u00bbclassic\u00bb rt_bg_image_repeat=\u00bbrepeat\u00bb rt_bg_size=\u00bbcover\u00bb rt_bg_position=\u00bbright top\u00bb rt_bg_attachment=\u00bbscroll\u00bb rt_bg_video_format=\u00bbself-hosted\u00bb][vc_column width=\u00bb1\/3&#8243; rt_column_shadow=\u00bb\u00bb rt_bg_image_repeat=\u00bbrepeat\u00bb rt_bg_size=\u00bbauto auto\u00bb rt_bg_attachment=\u00bbscroll\u00bb class=\u00bbdownload\u00bb rt_bg_color=\u00bb\u00bb rt_bg_overlay_color=\u00bb\u00bb offset=\u00bbvc_hidden-sm vc_hidden-xs\u00bb css=\u00bb.vc_custom_1532422018913{padding-bottom: 0px !important;}\u00bb rt_padding_bottom=\u00bb0&#8243;][vc_widget_sidebar sidebar_id=\u00bbrt-theme-20-common-sidebar\u00bb][\/vc_column][vc_column width=\u00bb2\/3&#8243; rt_column_shadow=\u00bb\u00bb rt_bg_image_repeat=\u00bbrepeat\u00bb rt_bg_size=\u00bbauto auto\u00bb rt_bg_attachment=\u00bbscroll\u00bb class=\u00bbmaincontent\u00bb rt_bg_color=\u00bb\u00bb rt_bg_overlay_color=\u00bb\u00bb css=\u00bb.vc_custom_1532422014773{padding-bottom: 2em !important;}\u00bb][vc_column_text css=\u00bb\u00bb el_class=\u00bbredborderleft\u00bb] M\u00e9todo de disco caliente (determinaci\u00f3n de la conductividad y capacidad t\u00e9rmica)  &#8230;<br \/><a class=\"more-link\" href=\"https:\/\/consilab.de\/es\/leistungen\/kenndaten-von-stoffen\/hot-disc-methode-bestimmung-der-waermeleitfaehigkeit-und-kapazitaet\/\">more | mehr<\/a><\/p>\n","protected":false},"author":2,"featured_media":0,"parent":13695,"menu_order":10,"comment_status":"closed","ping_status":"closed","template":"","meta":{"footnotes":""},"class_list":["post-14225","page","type-page","status-publish","hentry"],"_links":{"self":[{"href":"https:\/\/consilab.de\/es\/wp-json\/wp\/v2\/pages\/14225","targetHints":{"allow":["GET"]}}],"collection":[{"href":"https:\/\/consilab.de\/es\/wp-json\/wp\/v2\/pages"}],"about":[{"href":"https:\/\/consilab.de\/es\/wp-json\/wp\/v2\/types\/page"}],"author":[{"embeddable":true,"href":"https:\/\/consilab.de\/es\/wp-json\/wp\/v2\/users\/2"}],"replies":[{"embeddable":true,"href":"https:\/\/consilab.de\/es\/wp-json\/wp\/v2\/comments?post=14225"}],"version-history":[{"count":2,"href":"https:\/\/consilab.de\/es\/wp-json\/wp\/v2\/pages\/14225\/revisions"}],"predecessor-version":[{"id":14230,"href":"https:\/\/consilab.de\/es\/wp-json\/wp\/v2\/pages\/14225\/revisions\/14230"}],"up":[{"embeddable":true,"href":"https:\/\/consilab.de\/es\/wp-json\/wp\/v2\/pages\/13695"}],"wp:attachment":[{"href":"https:\/\/consilab.de\/es\/wp-json\/wp\/v2\/media?parent=14225"}],"curies":[{"name":"wp","href":"https:\/\/api.w.org\/{rel}","templated":true}]}}