{"id":14241,"date":"2020-09-15T09:57:29","date_gmt":"2020-09-15T07:57:29","guid":{"rendered":"https:\/\/consilab.de\/leistungen\/kenndaten-von-stoffen\/leitfaehigkeit-von-fussboeden\/"},"modified":"2025-05-14T21:16:33","modified_gmt":"2025-05-14T19:16:33","slug":"leitfaehigkeit-von-fussboeden","status":"publish","type":"page","link":"https:\/\/consilab.de\/es\/leistungen\/kenndaten-von-stoffen\/leitfaehigkeit-von-fussboeden\/","title":{"rendered":"Conductancia de suelos"},"content":{"rendered":"<p>[vc_row rt_row_background_width=\u00bbfullwidth\u00bb rt_row_content_width=\u00bbdefault\u00bb rt_row_style=\u00bbdefault-style\u00bb rt_row_borders=\u00bb\u00bb rt_row_shadows=\u00bb\u00bb rt_row_paddings=\u00bbfalse\u00bb rt_bg_effect=\u00bbclassic\u00bb rt_bg_image_repeat=\u00bbrepeat\u00bb rt_bg_size=\u00bbcover\u00bb rt_bg_position=\u00bbright top\u00bb rt_bg_attachment=\u00bbscroll\u00bb rt_bg_video_format=\u00bbself-hosted\u00bb][vc_column width=\u00bb1\/3&#8243; rt_column_shadow=\u00bb\u00bb rt_bg_image_repeat=\u00bbrepeat\u00bb rt_bg_size=\u00bbauto auto\u00bb rt_bg_attachment=\u00bbscroll\u00bb class=\u00bbdownload\u00bb rt_bg_color=\u00bb\u00bb rt_bg_overlay_color=\u00bb\u00bb offset=\u00bbvc_hidden-sm vc_hidden-xs\u00bb css=\u00bb.vc_custom_1532422018913{padding-bottom: 0px !important;}\u00bb rt_padding_bottom=\u00bb0&#8243;][vc_widget_sidebar sidebar_id=\u00bbrt-theme-20-common-sidebar\u00bb][\/vc_column][vc_column width=\u00bb2\/3&#8243; rt_column_shadow=\u00bb\u00bb rt_bg_image_repeat=\u00bbrepeat\u00bb rt_bg_size=\u00bbauto auto\u00bb rt_bg_attachment=\u00bbscroll\u00bb class=\u00bbmaincontent\u00bb rt_bg_color=\u00bb\u00bb rt_bg_overlay_color=\u00bb\u00bb css=\u00bb.vc_custom_1532422014773{padding-bottom: 2em !important;}\u00bb][vc_column_text css=\u00bb\u00bb el_class=\u00bbredborderleft\u00bb]<\/p>\n<h1>Conductancia de suelos<\/h1>\n<p>En \u00e1reas con riesgo de explosi\u00f3n de la zona 0, 1, 20 y 21 se requiere en presencia de polvos con una energ\u00eda m\u00ednima de encendido &lt; 10 mJ suelos conductivos. Un suelo se considera como conductivo seg\u00fan la norma TRGS 727 si posee una resistencia de puesta a tierra de &lt;10<sup>8 <\/sup>\u03a9.<\/p>\n<p>La determinaci\u00f3n de la resistencia de puesta a tierra de suelos puede efectuarse tanto en el laboratorio bajo condiciones definidas como tambi\u00e9n directamente in situ.<\/p>\n<p>La determinaci\u00f3n de la resistencia de puesta a tierra puede efectuarse seg\u00fan las siguientes normas y conforme al caso de aplicaci\u00f3n concreto:<\/p>\n<ul>\n<li>DIN EN 61340-4-1: Electrost\u00e1tica \u2013 Parte 4-1: Procedimiento est\u00e1ndar de prueba para aplicaciones especiales \u2013 Resistencia el\u00e9ctrica de revestimientos de suelos y pavimentos colocados<\/li>\n<li>DIN EN 1081: Revestimientos de suelos el\u00e1sticos laminados y modulares de varias capas \u2013 Determinaci\u00f3n de la resistencia el\u00e9ctrica<\/li>\n<\/ul>\n<p>&nbsp;<\/p>\n<p><img loading=\"lazy\" decoding=\"async\" class=\"alignnone wp-image-8746 size-full\" src=\"https:\/\/consilab.de\/wp-content\/uploads\/2020\/09\/2018-sept-05-consilab-e-messung-SWF-4148-scaled.jpg\" alt=\"Messung der Leitf\u00e4higkeit von Fu\u00dfb\u00f6den\" width=\"2560\" height=\"1709\" srcset=\"https:\/\/consilab.de\/wp-content\/uploads\/2020\/09\/2018-sept-05-consilab-e-messung-SWF-4148-scaled.jpg 2560w, https:\/\/consilab.de\/wp-content\/uploads\/2020\/09\/2018-sept-05-consilab-e-messung-SWF-4148-350x234.jpg 350w, https:\/\/consilab.de\/wp-content\/uploads\/2020\/09\/2018-sept-05-consilab-e-messung-SWF-4148-1024x684.jpg 1024w, https:\/\/consilab.de\/wp-content\/uploads\/2020\/09\/2018-sept-05-consilab-e-messung-SWF-4148-768x513.jpg 768w, https:\/\/consilab.de\/wp-content\/uploads\/2020\/09\/2018-sept-05-consilab-e-messung-SWF-4148-1536x1026.jpg 1536w, https:\/\/consilab.de\/wp-content\/uploads\/2020\/09\/2018-sept-05-consilab-e-messung-SWF-4148-2048x1367.jpg 2048w\" sizes=\"auto, (max-width: 2560px) 100vw, 2560px\" \/><\/p>\n<p>La comprobaci\u00f3n in sito puede ser necesaria dado que el explotador de una planta debe comprobar peri\u00f3dicamente conforme al reglamento de seguridad laboral (art. 15 y 16 BetrSichV en uni\u00f3n con el anexo 2, apartado 3 (5)) la capacidad de resistencia de su suelo si este se emplea en la zona 0, la zona 1, la zona 20 y la zona 21 en polvos con una energ\u00eda m\u00ednima de encendido de &lt; 10\u00a0mJ.[\/vc_column_text][vc_row_inner rt_row_style=\u00bbglobal-style\u00bb rt_bg_custom_alignment=\u00bbtop\u00bb][vc_column_inner width=\u00bb1\/2&#8243; rt_column_shadow=\u00bb\u00bb rt_bg_image_repeat=\u00bbrepeat\u00bb rt_bg_size=\u00bbauto auto\u00bb rt_bg_attachment=\u00bbscroll\u00bb][vc_btn title=\u00bbCaracter\u00edsticas de sustancias\u00bb style=\u00bbclassic\u00bb color=\u00bbpurple\u00bb i_icon_fontawesome=\u00bbfas fa-angle-left\u00bb css=\u00bb\u00bb add_icon=\u00bbtrue\u00bb link=\u00bburl:%2Fes%2Fleistungen%2Fkenndaten-von-stoffen%2F|title:Caracter%C3%ADsticas%20de%20sustancias\u00bb el_class=\u00bbbtn&#8211;red\u00bb][\/vc_column_inner][vc_column_inner width=\u00bb1\/2&#8243; rt_column_shadow=\u00bb\u00bb rt_bg_image_repeat=\u00bbrepeat\u00bb rt_bg_size=\u00bbauto auto\u00bb rt_bg_attachment=\u00bbscroll\u00bb][vc_btn title=\u00bbPrestaciones\u00bb style=\u00bbclassic\u00bb color=\u00bbpurple\u00bb i_icon_fontawesome=\u00bbfas fa-angle-left\u00bb css=\u00bb\u00bb add_icon=\u00bbtrue\u00bb link=\u00bburl:%2Fes%2Fleistungen%2F|title:Prestaciones%20&#8243; el_class=\u00bbbtn&#8211;red\u00bb][\/vc_column_inner][\/vc_row_inner][\/vc_column][\/vc_row]<\/p>\n","protected":false},"excerpt":{"rendered":"<p>[vc_row rt_row_background_width=\u00bbfullwidth\u00bb rt_row_content_width=\u00bbdefault\u00bb rt_row_style=\u00bbdefault-style\u00bb rt_row_borders=\u00bb\u00bb rt_row_shadows=\u00bb\u00bb rt_row_paddings=\u00bbfalse\u00bb rt_bg_effect=\u00bbclassic\u00bb rt_bg_image_repeat=\u00bbrepeat\u00bb rt_bg_size=\u00bbcover\u00bb rt_bg_position=\u00bbright top\u00bb rt_bg_attachment=\u00bbscroll\u00bb rt_bg_video_format=\u00bbself-hosted\u00bb][vc_column width=\u00bb1\/3&#8243; rt_column_shadow=\u00bb\u00bb rt_bg_image_repeat=\u00bbrepeat\u00bb rt_bg_size=\u00bbauto auto\u00bb rt_bg_attachment=\u00bbscroll\u00bb class=\u00bbdownload\u00bb rt_bg_color=\u00bb\u00bb rt_bg_overlay_color=\u00bb\u00bb offset=\u00bbvc_hidden-sm vc_hidden-xs\u00bb css=\u00bb.vc_custom_1532422018913{padding-bottom: 0px !important;}\u00bb rt_padding_bottom=\u00bb0&#8243;][vc_widget_sidebar sidebar_id=\u00bbrt-theme-20-common-sidebar\u00bb][\/vc_column][vc_column width=\u00bb2\/3&#8243; rt_column_shadow=\u00bb\u00bb rt_bg_image_repeat=\u00bbrepeat\u00bb rt_bg_size=\u00bbauto auto\u00bb rt_bg_attachment=\u00bbscroll\u00bb class=\u00bbmaincontent\u00bb rt_bg_color=\u00bb\u00bb rt_bg_overlay_color=\u00bb\u00bb css=\u00bb.vc_custom_1532422014773{padding-bottom: 2em !important;}\u00bb][vc_column_text css=\u00bb\u00bb el_class=\u00bbredborderleft\u00bb] Conductancia de suelos En \u00e1reas con riesgo de explosi\u00f3n de la  &#8230;<br \/><a class=\"more-link\" href=\"https:\/\/consilab.de\/es\/leistungen\/kenndaten-von-stoffen\/leitfaehigkeit-von-fussboeden\/\">more | mehr<\/a><\/p>\n","protected":false},"author":1,"featured_media":0,"parent":13695,"menu_order":9,"comment_status":"closed","ping_status":"closed","template":"","meta":{"footnotes":""},"class_list":["post-14241","page","type-page","status-publish","hentry"],"_links":{"self":[{"href":"https:\/\/consilab.de\/es\/wp-json\/wp\/v2\/pages\/14241","targetHints":{"allow":["GET"]}}],"collection":[{"href":"https:\/\/consilab.de\/es\/wp-json\/wp\/v2\/pages"}],"about":[{"href":"https:\/\/consilab.de\/es\/wp-json\/wp\/v2\/types\/page"}],"author":[{"embeddable":true,"href":"https:\/\/consilab.de\/es\/wp-json\/wp\/v2\/users\/1"}],"replies":[{"embeddable":true,"href":"https:\/\/consilab.de\/es\/wp-json\/wp\/v2\/comments?post=14241"}],"version-history":[{"count":2,"href":"https:\/\/consilab.de\/es\/wp-json\/wp\/v2\/pages\/14241\/revisions"}],"predecessor-version":[{"id":14246,"href":"https:\/\/consilab.de\/es\/wp-json\/wp\/v2\/pages\/14241\/revisions\/14246"}],"up":[{"embeddable":true,"href":"https:\/\/consilab.de\/es\/wp-json\/wp\/v2\/pages\/13695"}],"wp:attachment":[{"href":"https:\/\/consilab.de\/es\/wp-json\/wp\/v2\/media?parent=14241"}],"curies":[{"name":"wp","href":"https:\/\/api.w.org\/{rel}","templated":true}]}}