{"id":14255,"date":"2020-09-14T15:49:55","date_gmt":"2020-09-14T13:49:55","guid":{"rendered":"https:\/\/consilab.de\/leistungen\/kenndaten-von-stoffen\/spezifischer-pulverdurchgangswiderstand\/"},"modified":"2025-05-14T21:37:01","modified_gmt":"2025-05-14T19:37:01","slug":"spezifischer-pulverdurchgangswiderstand","status":"publish","type":"page","link":"https:\/\/consilab.de\/es\/leistungen\/kenndaten-von-stoffen\/spezifischer-pulverdurchgangswiderstand\/","title":{"rendered":"Resistencia \u00f3hmica espec\u00edfica de polvos"},"content":{"rendered":"<p>[vc_row rt_row_background_width=\u00bbfullwidth\u00bb rt_row_content_width=\u00bbdefault\u00bb rt_row_style=\u00bbdefault-style\u00bb rt_row_borders=\u00bb\u00bb rt_row_shadows=\u00bb\u00bb rt_row_paddings=\u00bbfalse\u00bb rt_bg_effect=\u00bbclassic\u00bb rt_bg_image_repeat=\u00bbrepeat\u00bb rt_bg_size=\u00bbcover\u00bb rt_bg_position=\u00bbright top\u00bb rt_bg_attachment=\u00bbscroll\u00bb rt_bg_video_format=\u00bbself-hosted\u00bb][vc_column width=\u00bb1\/3&#8243; rt_column_shadow=\u00bb\u00bb rt_bg_image_repeat=\u00bbrepeat\u00bb rt_bg_size=\u00bbauto auto\u00bb rt_bg_attachment=\u00bbscroll\u00bb class=\u00bbdownload\u00bb rt_bg_color=\u00bb\u00bb rt_bg_overlay_color=\u00bb\u00bb offset=\u00bbvc_hidden-sm vc_hidden-xs\u00bb css=\u00bb.vc_custom_1532422018913{padding-bottom: 0px !important;}\u00bb rt_padding_bottom=\u00bb0&#8243;][vc_widget_sidebar sidebar_id=\u00bbrt-theme-20-common-sidebar\u00bb][\/vc_column][vc_column width=\u00bb2\/3&#8243; rt_column_shadow=\u00bb\u00bb rt_bg_image_repeat=\u00bbrepeat\u00bb rt_bg_size=\u00bbauto auto\u00bb rt_bg_attachment=\u00bbscroll\u00bb class=\u00bbmaincontent\u00bb rt_bg_color=\u00bb\u00bb rt_bg_overlay_color=\u00bb\u00bb css=\u00bb.vc_custom_1532422014773{padding-bottom: 2em !important;}\u00bb][vc_column_text css=\u00bb\u00bb el_class=\u00bbredborderleft\u00bb]<\/p>\n<h1>Resistencia \u00f3hmica espec\u00edfica de polvos<\/h1>\n<h2>En la manipulaci\u00f3n de productos a granel, por ejemplo durante el transporte neum\u00e1tico o incluso en sencillos procesos de trasvasado puede haber una carga electrost\u00e1tica de polvos.<\/h2>\n<p>Esto puede provocar descargas peligrosas, p. ej. en forma de descargas en conos de apilado. Sin embargo, solo pueden aparecer tales descargas en conos de apilado si el polvo es aislante desde el punto de vista electrost\u00e1tico. Si, por el contrario, la resistencia \u00f3hmica espec\u00edfica del polvo fuera &lt;\u00a010<sup>10\u00a0<\/sup>\u03a9m puede excluirse el riesgo de descargas en conos de apilado.<\/p>\n<p>Con ayuda de la determinaci\u00f3n de la resistencia \u00f3hmica espec\u00edfica del polvo pueden analizarse las propiedades electrost\u00e1ticas del polvo, definiendo y adopt\u00e1ndose precauciones de seguridad adecuadas.<\/p>\n<p>La determinaci\u00f3n de la resistencia \u00f3hmica espec\u00edfica del polvo del producto a granel se realiza an\u00e1logamente a la norma DIN EN 60079-32-2 (diciembre de 2015) \u2013 Procedimiento de comprobaci\u00f3n del riesgo electrost\u00e1tico con un ohmi\u00f3metro TERA TO3 mediante un electrodo de polvo. Para la medici\u00f3n de la resistencia \u00f3hmica se coloca el objeto a comprobar en una c\u00e9lula de medici\u00f3n del polvo. Esta c\u00e9lula de medici\u00f3n est\u00e1 integrada por dos electrodos met\u00e1licos conductivos opuestos a una distancia entre s\u00ed de 10\u00a0mm, incorporados en un cuerpo de tefl\u00f3n. El objeto a comprobar se llena entre los electrones met\u00e1licos y se alisa con una esp\u00e1tula.<\/p>\n<p><img loading=\"lazy\" decoding=\"async\" class=\"alignnone wp-image-8689 size-full\" src=\"https:\/\/consilab.de\/wp-content\/uploads\/2020\/09\/leitfaehigkeit-von-pulvern-SWF0135.jpg\" alt=\"Messung der Leitf\u00e4higkeit von Pulvern\" width=\"705\" height=\"471\" srcset=\"https:\/\/consilab.de\/wp-content\/uploads\/2020\/09\/leitfaehigkeit-von-pulvern-SWF0135.jpg 705w, https:\/\/consilab.de\/wp-content\/uploads\/2020\/09\/leitfaehigkeit-von-pulvern-SWF0135-350x234.jpg 350w\" sizes=\"auto, (max-width: 705px) 100vw, 705px\" \/><\/p>\n<p>Luego se cierra con una tapa el electrodo de polvo y se realiza la medici\u00f3n. A base del volumen del espacio entre los electrodos y la masa del objeto a comprobar se determina la densidad a granel. La tensi\u00f3n de medici\u00f3n puede ser, en funci\u00f3n de la resistencia espec\u00edfica, por ejemplo de 100\u00a0V o 500\u00a0V. Se determina la resistencia \u00f3hmica del material a granel, apunt\u00e1ndose la temperatura y la humedad atmosf\u00e9rica.<\/p>\n<p>Teniendo en cuenta el volumen de la c\u00e9lula de medici\u00f3n (altura, largo, distancia de los electrones) resulta la la resistencia \u00f3hmica espec\u00edfica del polvo.<\/p>\n<p>Una sustancia o un material se clasifica seg\u00fan la resistencia \u00f3hmica espec\u00edfica del polvo \u03c1 conforme a la norma TRGS\u00a0727 como sigue:<\/p>\n<p style=\"padding-left: 40px;\">conductivo:\u00a0\u00a0\u00a0\u00a0\u00a0\u00a0\u00a0\u00a0\u00a0\u00a0\u00a0\u00a0\u00a0\u00a0\u00a0\u00a0 \u03c1 \u2264 10<sup>4<\/sup>\u00a0\u03a9m<\/p>\n<p style=\"padding-left: 40px;\">capaz de descargar:\u00a0\u00a0\u00a0 10<sup>4<\/sup> \u03a9m &lt; \u03c1 &lt;10<sup>9<\/sup>\u03a9m<\/p>\n<p style=\"padding-left: 40px;\">aislante:\u00a0\u00a0\u00a0\u00a0\u00a0\u00a0\u00a0\u00a0\u00a0\u00a0\u00a0\u00a0\u00a0\u00a0\u00a0\u00a0\u00a0\u00a0 \u00a0\u00a0 10<sup>9<\/sup> \u03a9m\u00a0\u2264 \u03c1<\/p>\n<p>Para los productos a granel rigen conforme a la norma TRGS\u00a0727 los siguientes valores l\u00edmite:<\/p>\n<p style=\"padding-left: 40px;\">Baja resistencia espec\u00edfica:\u00a0\u00a0\u00a0\u00a0\u00a0\u00a0\u00a0\u00a0\u00a0\u00a0\u00a0\u00a0\u00a0\u00a0\u00a0 \u03c1 \u2264 10<sup>6<\/sup>\u00a0\u03a9m<\/p>\n<p style=\"padding-left: 40px;\">Resistencia espec\u00edfica mediana:\u00a0\u00a0\u00a0\u00a0\u00a0\u00a0\u00a0 10<sup>6<\/sup> \u03a9m\u00a0&lt; \u03c1 \u226410<sup>10<\/sup>\u00a0\u03a9m<\/p>\n<p style=\"padding-left: 40px;\">Resistencia espec\u00edfica elevada:\u00a0\u00a0\u00a0\u00a0\u00a0 \u00a0\u00a0 10<sup>10<\/sup> \u03a9m\u00a0&lt; \u03c1<\/p>\n<p>[\/vc_column_text][vc_row_inner rt_row_style=\u00bbglobal-style\u00bb rt_bg_custom_alignment=\u00bbtop\u00bb][vc_column_inner width=\u00bb1\/2&#8243; rt_column_shadow=\u00bb\u00bb rt_bg_image_repeat=\u00bbrepeat\u00bb rt_bg_size=\u00bbauto auto\u00bb rt_bg_attachment=\u00bbscroll\u00bb][vc_btn title=\u00bbCaracter\u00edsticas de sustancias\u00bb style=\u00bbclassic\u00bb color=\u00bbpurple\u00bb i_icon_fontawesome=\u00bbfas fa-angle-left\u00bb css=\u00bb\u00bb add_icon=\u00bbtrue\u00bb link=\u00bburl:%2Fes%2Fleistungen%2Fkenndaten-von-stoffen%2F|title:Caracter%C3%ADsticas%20de%20sustancias%20&#8243; el_class=\u00bbbtn&#8211;red\u00bb][\/vc_column_inner][vc_column_inner width=\u00bb1\/2&#8243; rt_column_shadow=\u00bb\u00bb rt_bg_image_repeat=\u00bbrepeat\u00bb rt_bg_size=\u00bbauto auto\u00bb rt_bg_attachment=\u00bbscroll\u00bb][vc_btn title=\u00bbPrestaciones\u00bb style=\u00bbclassic\u00bb color=\u00bbpurple\u00bb i_icon_fontawesome=\u00bbfas fa-angle-left\u00bb css=\u00bb\u00bb add_icon=\u00bbtrue\u00bb link=\u00bburl:%2Fes%2Fleistungen%2F|title:Prestaciones\u00bb el_class=\u00bbbtn&#8211;red\u00bb][\/vc_column_inner][\/vc_row_inner][\/vc_column][\/vc_row]<\/p>\n","protected":false},"excerpt":{"rendered":"<p>[vc_row rt_row_background_width=\u00bbfullwidth\u00bb rt_row_content_width=\u00bbdefault\u00bb rt_row_style=\u00bbdefault-style\u00bb rt_row_borders=\u00bb\u00bb rt_row_shadows=\u00bb\u00bb rt_row_paddings=\u00bbfalse\u00bb rt_bg_effect=\u00bbclassic\u00bb rt_bg_image_repeat=\u00bbrepeat\u00bb rt_bg_size=\u00bbcover\u00bb rt_bg_position=\u00bbright top\u00bb rt_bg_attachment=\u00bbscroll\u00bb rt_bg_video_format=\u00bbself-hosted\u00bb][vc_column width=\u00bb1\/3&#8243; rt_column_shadow=\u00bb\u00bb rt_bg_image_repeat=\u00bbrepeat\u00bb rt_bg_size=\u00bbauto auto\u00bb rt_bg_attachment=\u00bbscroll\u00bb class=\u00bbdownload\u00bb rt_bg_color=\u00bb\u00bb rt_bg_overlay_color=\u00bb\u00bb offset=\u00bbvc_hidden-sm vc_hidden-xs\u00bb css=\u00bb.vc_custom_1532422018913{padding-bottom: 0px !important;}\u00bb rt_padding_bottom=\u00bb0&#8243;][vc_widget_sidebar sidebar_id=\u00bbrt-theme-20-common-sidebar\u00bb][\/vc_column][vc_column width=\u00bb2\/3&#8243; rt_column_shadow=\u00bb\u00bb rt_bg_image_repeat=\u00bbrepeat\u00bb rt_bg_size=\u00bbauto auto\u00bb rt_bg_attachment=\u00bbscroll\u00bb class=\u00bbmaincontent\u00bb rt_bg_color=\u00bb\u00bb rt_bg_overlay_color=\u00bb\u00bb css=\u00bb.vc_custom_1532422014773{padding-bottom: 2em !important;}\u00bb][vc_column_text css=\u00bb\u00bb el_class=\u00bbredborderleft\u00bb] Resistencia \u00f3hmica espec\u00edfica de polvos En la manipulaci\u00f3n de productos a  &#8230;<br \/><a class=\"more-link\" href=\"https:\/\/consilab.de\/es\/leistungen\/kenndaten-von-stoffen\/spezifischer-pulverdurchgangswiderstand\/\">more | mehr<\/a><\/p>\n","protected":false},"author":1,"featured_media":0,"parent":13695,"menu_order":7,"comment_status":"closed","ping_status":"closed","template":"","meta":{"footnotes":""},"class_list":["post-14255","page","type-page","status-publish","hentry"],"_links":{"self":[{"href":"https:\/\/consilab.de\/es\/wp-json\/wp\/v2\/pages\/14255","targetHints":{"allow":["GET"]}}],"collection":[{"href":"https:\/\/consilab.de\/es\/wp-json\/wp\/v2\/pages"}],"about":[{"href":"https:\/\/consilab.de\/es\/wp-json\/wp\/v2\/types\/page"}],"author":[{"embeddable":true,"href":"https:\/\/consilab.de\/es\/wp-json\/wp\/v2\/users\/1"}],"replies":[{"embeddable":true,"href":"https:\/\/consilab.de\/es\/wp-json\/wp\/v2\/comments?post=14255"}],"version-history":[{"count":3,"href":"https:\/\/consilab.de\/es\/wp-json\/wp\/v2\/pages\/14255\/revisions"}],"predecessor-version":[{"id":14261,"href":"https:\/\/consilab.de\/es\/wp-json\/wp\/v2\/pages\/14255\/revisions\/14261"}],"up":[{"embeddable":true,"href":"https:\/\/consilab.de\/es\/wp-json\/wp\/v2\/pages\/13695"}],"wp:attachment":[{"href":"https:\/\/consilab.de\/es\/wp-json\/wp\/v2\/media?parent=14255"}],"curies":[{"name":"wp","href":"https:\/\/api.w.org\/{rel}","templated":true}]}}