{"id":14333,"date":"2025-05-15T15:35:20","date_gmt":"2025-05-15T13:35:20","guid":{"rendered":"https:\/\/consilab.de\/?page_id=14333"},"modified":"2025-05-15T15:35:20","modified_gmt":"2025-05-15T13:35:20","slug":"analisis-de-escenarios-de-acumulacion-de-presion","status":"publish","type":"page","link":"https:\/\/consilab.de\/es\/leistungen\/sicherheitstechnische-berechnungen\/analisis-de-escenarios-de-acumulacion-de-presion\/","title":{"rendered":"An\u00e1lisis de escenarios de acumulaci\u00f3n de presi\u00f3n"},"content":{"rendered":"<p>[vc_row rt_row_background_width=\u00bbfullwidth\u00bb rt_row_content_width=\u00bbdefault\u00bb rt_row_style=\u00bbdefault-style\u00bb rt_row_borders=\u00bb\u00bb rt_row_shadows=\u00bb\u00bb rt_row_paddings=\u00bbfalse\u00bb rt_bg_effect=\u00bbclassic\u00bb rt_bg_image_repeat=\u00bbrepeat\u00bb rt_bg_size=\u00bbcover\u00bb rt_bg_position=\u00bbright top\u00bb rt_bg_attachment=\u00bbscroll\u00bb rt_bg_video_format=\u00bbself-hosted\u00bb][vc_column width=\u00bb1\/3&#8243; rt_column_shadow=\u00bb\u00bb rt_bg_image_repeat=\u00bbrepeat\u00bb rt_bg_size=\u00bbauto auto\u00bb rt_bg_attachment=\u00bbscroll\u00bb class=\u00bbdownload\u00bb rt_bg_color=\u00bb\u00bb rt_bg_overlay_color=\u00bb\u00bb offset=\u00bbvc_hidden-sm vc_hidden-xs\u00bb css=\u00bb.vc_custom_1532422368869{padding-bottom: 0px !important;}\u00bb rt_padding_bottom=\u00bb0&#8243;][vc_widget_sidebar sidebar_id=\u00bbrt-theme-20-common-sidebar\u00bb][\/vc_column][vc_column width=\u00bb2\/3&#8243; rt_column_shadow=\u00bb\u00bb rt_bg_image_repeat=\u00bbrepeat\u00bb rt_bg_size=\u00bbauto auto\u00bb rt_bg_attachment=\u00bbscroll\u00bb class=\u00bbmaincontent\u00bb rt_bg_color=\u00bb\u00bb rt_bg_overlay_color=\u00bb\u00bb css=\u00bb.vc_custom_1532422378613{margin-bottom: 1em !important;padding-bottom: 0px !important;}\u00bb][vc_column_text css=\u00bb\u00bb el_class=\u00bbredborderleft\u00bb]<\/p>\n<h1>An\u00e1lisis de escenarios de acumulaci\u00f3n de presi\u00f3n<\/h1>\n<h2 class=\"bodytext\">Debe impedirse en todo momento un aumento de la presi\u00f3n m\u00e1s all\u00e1 de la presi\u00f3n operativa m\u00e1xima admisible de un aparato.<\/h2>\n<p>Asimismo deben protegerse los aparatos no sujetos a la Directiva sobre equipos a presi\u00f3n porque su presi\u00f3n operativa admisible es menor de 0,5 bar a fin de impedir un exceso de este nivel y perjudicar la integridad del aparato.<\/p>\n<p>Idealmente, el an\u00e1lisis de escenarios de acumulaci\u00f3n de presi\u00f3n debe ser efectuado por un equipo integrado por un qu\u00edmico que conoce los medios y las reacciones respectivos, un empleado familiarizado con la instalaci\u00f3n as\u00ed como un especialista para la seguridad. Por medio de una descripci\u00f3n del procedimiento y un esquema de tuber\u00edas e instrumentos deben discutirse las posibles desviaciones de la operaci\u00f3n normal, consider\u00e1ndose sus posibles efectos sobre la presi\u00f3n, la temperatura y la modificaci\u00f3n de la reacci\u00f3n.<\/p>\n<p>Puede distinguirse entre causas mec\u00e1nicas, t\u00e9rmicas y qu\u00edmicas de un aumento de la presi\u00f3n.<\/p>\n<p>Pueden ser causas mec\u00e1nicas de un aumento inadmisible de la presi\u00f3n, por ejemplo, la falla de un regulador de flujo, una bomba mal ajustada o asimismo problemas de oleada final. A base de estas causas mec\u00e1nicas se derivan casos de dise\u00f1o como el aporte de gas o el aporte de l\u00edquido desde un nivel de presi\u00f3n mayor.<\/p>\n<p>Como causa t\u00e9rmica se considera, por ejemplo, el fallo de la regulaci\u00f3n del vapor de calefacci\u00f3n que induce al calentamiento m\u00e1ximo a trav\u00e9s de la camisa del recipiente, o bien la irradiaci\u00f3n solar que provoca, especialmente en los tanques de almacenamiento al aire libre un calentamiento del contenido del recipiente. Tambi\u00e9n un incendio (asimismo fuego seg\u00fan ISO 23251 o API 520\/ 521) representa una causa t\u00e9rmica de un aumento inadmisible de la presi\u00f3n. El aumento de la presi\u00f3n en aparatos aparece bien por un aumento de la presi\u00f3n de vapor o bien por una expansi\u00f3n t\u00e9rmica del medio encerrado.<\/p>\n<p>Las causas qu\u00edmicas de un aumento de la presi\u00f3n en el recipiente suelen ser las desviaciones de la operaci\u00f3n normal durante una reacci\u00f3n, como por ejemplo una dosificaci\u00f3n err\u00f3nea, v\u00edas bloqueada de gases de escape o una falla del sistema de refrigeraci\u00f3n que pueden provocar una reacci\u00f3n descontrolada del tipo runaway. En este caso se distingue entre reacciones que producen gas y reacciones exot\u00e9rmicas. En los sistemas que producen gas, se forma la presi\u00f3n en primer lugar por el desarrollo de gas, siendo en su mayor parte independiente de la temperatura. En las reacciones exot\u00e9rmicas, la presi\u00f3n se produce por lo general por un aumento de la presi\u00f3n de vapor a causa del aumento r\u00e1pido de temperatura en el sistema de reacci\u00f3n. En caso de sistemas h\u00edbridos el aumento de la presi\u00f3n resulta tanto de la producci\u00f3n de gas como tambi\u00e9n del aumento de la presi\u00f3n de vapor a causa de la exotermia.<\/p>\n<p>Con mucho gusto le ayudaremos a encontrar todos los posibles escenarios de dise\u00f1o e identificar los casos cr\u00edticos.<\/p>\n<p>&nbsp;[\/vc_column_text][vc_row_inner rt_row_style=\u00bbglobal-style\u00bb rt_bg_custom_alignment=\u00bbtop\u00bb][vc_column_inner width=\u00bb1\/2&#8243; rt_column_shadow=\u00bb\u00bb rt_bg_image_repeat=\u00bbrepeat\u00bb rt_bg_size=\u00bbauto auto\u00bb rt_bg_attachment=\u00bbscroll\u00bb css=\u00bb.vc_custom_1531834622813{margin-bottom: 2em !important;}\u00bb rt_bg_color=\u00bb\u00bb rt_bg_overlay_color=\u00bb\u00bb][vc_btn title=\u00bbC\u00e1lculos con vista a la seguridad\u00bb style=\u00bbclassic\u00bb color=\u00bbpurple\u00bb i_icon_fontawesome=\u00bbfas fa-angle-left\u00bb css=\u00bb\u00bb add_icon=\u00bbtrue\u00bb link=\u00bburl:%2Fes%2Fleistungen%2Fsicherheitstechnische-berechnungen%2F|title:C%C3%A1lculos%20con%20vista%20a%20la%20seguridad%20&#8243; el_class=\u00bbbtn&#8211;red\u00bb][\/vc_column_inner][vc_column_inner width=\u00bb1\/2&#8243; rt_column_shadow=\u00bb\u00bb rt_bg_image_repeat=\u00bbrepeat\u00bb rt_bg_size=\u00bbauto auto\u00bb rt_bg_attachment=\u00bbscroll\u00bb css=\u00bb.vc_custom_1531834618463{margin-bottom: 2em !important;}\u00bb rt_bg_color=\u00bb\u00bb rt_bg_overlay_color=\u00bb\u00bb][vc_btn title=\u00bbPrestaciones\u00bb style=\u00bbclassic\u00bb color=\u00bbpurple\u00bb i_icon_fontawesome=\u00bbfas fa-angle-left\u00bb css=\u00bb\u00bb add_icon=\u00bbtrue\u00bb link=\u00bburl:%2Fes%2Fleistungen%2F|title:Prestaciones%20&#8243; el_class=\u00bbbtn&#8211;red\u00bb][\/vc_column_inner][\/vc_row_inner][\/vc_column][\/vc_row]<\/p>\n","protected":false},"excerpt":{"rendered":"<p>[vc_row rt_row_background_width=\u00bbfullwidth\u00bb rt_row_content_width=\u00bbdefault\u00bb rt_row_style=\u00bbdefault-style\u00bb rt_row_borders=\u00bb\u00bb rt_row_shadows=\u00bb\u00bb rt_row_paddings=\u00bbfalse\u00bb rt_bg_effect=\u00bbclassic\u00bb rt_bg_image_repeat=\u00bbrepeat\u00bb rt_bg_size=\u00bbcover\u00bb rt_bg_position=\u00bbright top\u00bb rt_bg_attachment=\u00bbscroll\u00bb rt_bg_video_format=\u00bbself-hosted\u00bb][vc_column width=\u00bb1\/3&#8243; rt_column_shadow=\u00bb\u00bb rt_bg_image_repeat=\u00bbrepeat\u00bb rt_bg_size=\u00bbauto auto\u00bb rt_bg_attachment=\u00bbscroll\u00bb class=\u00bbdownload\u00bb rt_bg_color=\u00bb\u00bb rt_bg_overlay_color=\u00bb\u00bb offset=\u00bbvc_hidden-sm vc_hidden-xs\u00bb css=\u00bb.vc_custom_1532422368869{padding-bottom: 0px !important;}\u00bb rt_padding_bottom=\u00bb0&#8243;][vc_widget_sidebar sidebar_id=\u00bbrt-theme-20-common-sidebar\u00bb][\/vc_column][vc_column width=\u00bb2\/3&#8243; rt_column_shadow=\u00bb\u00bb rt_bg_image_repeat=\u00bbrepeat\u00bb rt_bg_size=\u00bbauto auto\u00bb rt_bg_attachment=\u00bbscroll\u00bb class=\u00bbmaincontent\u00bb rt_bg_color=\u00bb\u00bb rt_bg_overlay_color=\u00bb\u00bb css=\u00bb.vc_custom_1532422378613{margin-bottom: 1em !important;padding-bottom: 0px !important;}\u00bb][vc_column_text css=\u00bb\u00bb el_class=\u00bbredborderleft\u00bb] An\u00e1lisis de escenarios de acumulaci\u00f3n de presi\u00f3n Debe impedirse  &#8230;<br \/><a class=\"more-link\" href=\"https:\/\/consilab.de\/es\/leistungen\/sicherheitstechnische-berechnungen\/analisis-de-escenarios-de-acumulacion-de-presion\/\">more | mehr<\/a><\/p>\n","protected":false},"author":1,"featured_media":0,"parent":13742,"menu_order":1,"comment_status":"closed","ping_status":"closed","template":"","meta":{"footnotes":""},"class_list":["post-14333","page","type-page","status-publish","hentry"],"_links":{"self":[{"href":"https:\/\/consilab.de\/es\/wp-json\/wp\/v2\/pages\/14333","targetHints":{"allow":["GET"]}}],"collection":[{"href":"https:\/\/consilab.de\/es\/wp-json\/wp\/v2\/pages"}],"about":[{"href":"https:\/\/consilab.de\/es\/wp-json\/wp\/v2\/types\/page"}],"author":[{"embeddable":true,"href":"https:\/\/consilab.de\/es\/wp-json\/wp\/v2\/users\/1"}],"replies":[{"embeddable":true,"href":"https:\/\/consilab.de\/es\/wp-json\/wp\/v2\/comments?post=14333"}],"version-history":[{"count":1,"href":"https:\/\/consilab.de\/es\/wp-json\/wp\/v2\/pages\/14333\/revisions"}],"predecessor-version":[{"id":14334,"href":"https:\/\/consilab.de\/es\/wp-json\/wp\/v2\/pages\/14333\/revisions\/14334"}],"up":[{"embeddable":true,"href":"https:\/\/consilab.de\/es\/wp-json\/wp\/v2\/pages\/13742"}],"wp:attachment":[{"href":"https:\/\/consilab.de\/es\/wp-json\/wp\/v2\/media?parent=14333"}],"curies":[{"name":"wp","href":"https:\/\/api.w.org\/{rel}","templated":true}]}}