{"id":14348,"date":"2020-05-13T11:23:11","date_gmt":"2020-05-13T09:23:11","guid":{"rendered":"https:\/\/consilab.de\/leistungen\/glp-pruefeinrichtung\/statische-methode-zur-bestimmung-des-dampfdruckes\/"},"modified":"2025-05-15T16:13:14","modified_gmt":"2025-05-15T14:13:14","slug":"statische-methode-zur-bestimmung-des-dampfdruckes","status":"publish","type":"page","link":"https:\/\/consilab.de\/es\/leistungen\/glp-pruefeinrichtung\/statische-methode-zur-bestimmung-des-dampfdruckes\/","title":{"rendered":"Determinaci\u00f3n de la presi\u00f3n de vapor de sustancias de ensayo l\u00edquidas y s\u00f3lidas mediante un m\u00e9todo de medici\u00f3n est\u00e1tico"},"content":{"rendered":"<p>[vc_row rt_row_background_width=\u00bbfullwidth\u00bb rt_row_content_width=\u00bbdefault\u00bb rt_row_style=\u00bbdefault-style\u00bb rt_row_borders=\u00bb\u00bb rt_row_shadows=\u00bb\u00bb rt_row_paddings=\u00bbtrue\u00bb rt_bg_effect=\u00bbclassic\u00bb rt_bg_image_repeat=\u00bbrepeat\u00bb rt_bg_size=\u00bbcover\u00bb rt_bg_position=\u00bbright top\u00bb rt_bg_attachment=\u00bbscroll\u00bb rt_bg_video_format=\u00bbself-hosted\u00bb rt_padding_bottom=\u00bb0&#8243;][vc_column width=\u00bb1\/3&#8243; rt_column_shadow=\u00bb\u00bb rt_bg_image_repeat=\u00bbrepeat\u00bb rt_bg_size=\u00bbauto auto\u00bb rt_bg_attachment=\u00bbscroll\u00bb class=\u00bbdownload\u00bb rt_bg_color=\u00bb\u00bb rt_bg_overlay_color=\u00bb\u00bb offset=\u00bbvc_hidden-sm vc_hidden-xs\u00bb css=\u00bb.vc_custom_1529335398592{padding-bottom: 0px !important;}\u00bb rt_padding_bottom=\u00bb0&#8243;][vc_widget_sidebar sidebar_id=\u00bbrt-theme-20-common-sidebar\u00bb][\/vc_column][vc_column width=\u00bb2\/3&#8243; rt_column_shadow=\u00bb\u00bb rt_bg_image_repeat=\u00bbrepeat\u00bb rt_bg_size=\u00bbauto auto\u00bb rt_bg_attachment=\u00bbscroll\u00bb class=\u00bbmaincontent\u00bb rt_bg_color=\u00bb\u00bb rt_bg_overlay_color=\u00bb\u00bb css=\u00bb.vc_custom_1532424408545{margin-bottom: 1em !important;padding-bottom: 2em !important;}\u00bb][vc_column_text css=\u00bb\u00bb el_class=\u00bbredborderleft\u00bb]<\/p>\n<h1>Determinaci\u00f3n de la presi\u00f3n de vapor de sustancias de ensayo l\u00edquidas y s\u00f3lidas mediante un m\u00e9todo de medici\u00f3n est\u00e1tico (OCDE 104)<\/h1>\n<p>Conforme al Reglamento UE (CE) no. 1907\/2006 (el llamado Reglamento REACH), solo es posible la comercializaci\u00f3n de sustancias qu\u00edmicas en la Uni\u00f3n Europea si previamente han sido registradas. Para todas las sustancias que exceden una cantidad de producci\u00f3n de una tonelada debe confeccionarse dentro de este marco un dossier t\u00e9cnico que indica adem\u00e1s de otros datos de seguridad tambi\u00e9n la presi\u00f3n de vapor de la sustancia.<\/p>\n<p>Como presi\u00f3n de vapor de un l\u00edquido o s\u00f3lido se designa la presi\u00f3n que aparece cuando la fase gaseosa y la fase condensada respectiva acusan un equilibrio. Dicho equilibrio entre la fase l\u00edquida y la fase gaseosa (curva de presi\u00f3n de vapor) depende de la temperatura. Efectivamente, la presi\u00f3n de vapor aumenta con el incremento de la temperatura.<\/p>\n<div id=\"attachment_8491\" style=\"width: 424px\" class=\"wp-caption alignnone\"><img loading=\"lazy\" decoding=\"async\" aria-describedby=\"caption-attachment-8491\" class=\"size-full wp-image-8491\" src=\"https:\/\/consilab.de\/wp-content\/uploads\/2020\/05\/abb1-versuchsauffbau.png\" alt=\"\" width=\"414\" height=\"366\" srcset=\"https:\/\/consilab.de\/wp-content\/uploads\/2020\/05\/abb1-versuchsauffbau.png 414w, https:\/\/consilab.de\/wp-content\/uploads\/2020\/05\/abb1-versuchsauffbau-350x309.png 350w\" sizes=\"auto, (max-width: 414px) 100vw, 414px\" \/><p id=\"caption-attachment-8491\" class=\"wp-caption-text\">Configuraci\u00f3n del ensayo seg\u00fan OCDE 104<\/p><\/div>\n<p>La condici\u00f3n previa decisiva para la aplicaci\u00f3n del m\u00e9todo de medici\u00f3n est\u00e1tico para la determinaci\u00f3n de la presi\u00f3n de vapor es que debe haber un equilibrio antes de la medici\u00f3n respectiva en una temperatura dada. Esto significa que la presi\u00f3n, el vapor, el volumen, la temperatura y la concentraci\u00f3n de la sustancia deben ser constantes en el momento de la medici\u00f3n. La Organizaci\u00f3n de Cooperaci\u00f3n y Desarrollo Econ\u00f3micos (OCDE) requiere, adem\u00e1s, que para la validaci\u00f3n de un procedimiento de medici\u00f3n debe estar garantizada una desviaci\u00f3n m\u00e1xima del 10% as\u00ed como una estabilidad de temperatura de 0,2K. El laboratorio de consilab cuenta con un aparato desarrollado de tal manera que satisface plenamente los requisitos. Con dicho aparato pueden medirse presiones de vapor en la gama de 133 Pa \u2013 2,610<sup>5<\/sup> Pa en un rango de temperaturas de 40-200\u00b0C.<\/p>\n<p>Para la determinaci\u00f3n de la presi\u00f3n de vapor se llena la muestra en el aparato que se desgasifica \u00abin situ\u00bb mediante un bombeo c\u00edclico. Luego el aparato entero, incluyendo el transductor de presi\u00f3n, se calientan a la temperatura deseada. Despu\u00e9s de alcanzar la temperatura deseada y de haber conseguido el equilibrio vapor-l\u00edquido se mide la presi\u00f3n de vapor con la temperatura ajustada. Luego puede ajustarse una nueva temperatura requerida. Por medio de este procedimiento, se determina paso por paso la curva de presi\u00f3n de vapor de la sustancia a ensayar.<\/p>\n<div id=\"attachment_8493\" style=\"width: 514px\" class=\"wp-caption alignnone\"><img loading=\"lazy\" decoding=\"async\" aria-describedby=\"caption-attachment-8493\" class=\"size-full wp-image-8493\" src=\"https:\/\/consilab.de\/wp-content\/uploads\/2020\/05\/abb2-gemessene_kurve.png\" alt=\"\" width=\"504\" height=\"381\" srcset=\"https:\/\/consilab.de\/wp-content\/uploads\/2020\/05\/abb2-gemessene_kurve.png 504w, https:\/\/consilab.de\/wp-content\/uploads\/2020\/05\/abb2-gemessene_kurve-350x265.png 350w\" sizes=\"auto, (max-width: 504px) 100vw, 504px\" \/><p id=\"caption-attachment-8493\" class=\"wp-caption-text\">Curva de presi\u00f3n de vapor de cumol medida en consilab en comparaci\u00f3n con otros datos de la literatura<\/p><\/div>\n<p>Adem\u00e1s, del m\u00e9todo de medici\u00f3n aqu\u00ed descrito, el laboratorio consilab cuenta con otros dos aparatos para la determinaci\u00f3n de la presi\u00f3n de vapor que permiten realizar mediciones en otros rangos de temperatura y de presi\u00f3n.[\/vc_column_text][vc_row_inner rt_row_style=\u00bbglobal-style\u00bb rt_bg_custom_alignment=\u00bbtop\u00bb][vc_column_inner width=\u00bb1\/2&#8243; rt_column_shadow=\u00bb\u00bb rt_bg_image_repeat=\u00bbrepeat\u00bb rt_bg_size=\u00bbauto auto\u00bb rt_bg_attachment=\u00bbscroll\u00bb][vc_btn title=\u00bbEntidad de ensayos BPL\u00bb style=\u00bbclassic\u00bb color=\u00bbpurple\u00bb i_icon_fontawesome=\u00bbfas fa-angle-left\u00bb css=\u00bb\u00bb add_icon=\u00bbtrue\u00bb link=\u00bburl:%2Fes%2Fleistungen%2Fglp-pruefeinrichtung%2F|title:Entidad%20de%20ensayos%20BPL\u00bb el_class=\u00bbbtn&#8211;red\u00bb][\/vc_column_inner][vc_column_inner width=\u00bb1\/2&#8243; rt_column_shadow=\u00bb\u00bb rt_bg_image_repeat=\u00bbrepeat\u00bb rt_bg_size=\u00bbauto auto\u00bb rt_bg_attachment=\u00bbscroll\u00bb][vc_btn title=\u00bbPrestaciones\u00bb style=\u00bbclassic\u00bb color=\u00bbpurple\u00bb i_icon_fontawesome=\u00bbfas fa-angle-left\u00bb css=\u00bb\u00bb add_icon=\u00bbtrue\u00bb link=\u00bburl:%2Fes%2Fleistungen%2F|title:Prestaciones\u00bb el_class=\u00bbbtn&#8211;red\u00bb][\/vc_column_inner][\/vc_row_inner][\/vc_column][\/vc_row]<\/p>\n","protected":false},"excerpt":{"rendered":"<p>[vc_row rt_row_background_width=\u00bbfullwidth\u00bb rt_row_content_width=\u00bbdefault\u00bb rt_row_style=\u00bbdefault-style\u00bb rt_row_borders=\u00bb\u00bb rt_row_shadows=\u00bb\u00bb rt_row_paddings=\u00bbtrue\u00bb rt_bg_effect=\u00bbclassic\u00bb rt_bg_image_repeat=\u00bbrepeat\u00bb rt_bg_size=\u00bbcover\u00bb rt_bg_position=\u00bbright top\u00bb rt_bg_attachment=\u00bbscroll\u00bb rt_bg_video_format=\u00bbself-hosted\u00bb rt_padding_bottom=\u00bb0&#8243;][vc_column width=\u00bb1\/3&#8243; rt_column_shadow=\u00bb\u00bb rt_bg_image_repeat=\u00bbrepeat\u00bb rt_bg_size=\u00bbauto auto\u00bb rt_bg_attachment=\u00bbscroll\u00bb class=\u00bbdownload\u00bb rt_bg_color=\u00bb\u00bb rt_bg_overlay_color=\u00bb\u00bb offset=\u00bbvc_hidden-sm vc_hidden-xs\u00bb css=\u00bb.vc_custom_1529335398592{padding-bottom: 0px !important;}\u00bb rt_padding_bottom=\u00bb0&#8243;][vc_widget_sidebar sidebar_id=\u00bbrt-theme-20-common-sidebar\u00bb][\/vc_column][vc_column width=\u00bb2\/3&#8243; rt_column_shadow=\u00bb\u00bb rt_bg_image_repeat=\u00bbrepeat\u00bb rt_bg_size=\u00bbauto auto\u00bb rt_bg_attachment=\u00bbscroll\u00bb class=\u00bbmaincontent\u00bb rt_bg_color=\u00bb\u00bb rt_bg_overlay_color=\u00bb\u00bb css=\u00bb.vc_custom_1532424408545{margin-bottom: 1em !important;padding-bottom: 2em !important;}\u00bb][vc_column_text css=\u00bb\u00bb el_class=\u00bbredborderleft\u00bb] Determinaci\u00f3n de la presi\u00f3n de vapor de sustancias  &#8230;<br \/><a class=\"more-link\" href=\"https:\/\/consilab.de\/es\/leistungen\/glp-pruefeinrichtung\/statische-methode-zur-bestimmung-des-dampfdruckes\/\">more | mehr<\/a><\/p>\n","protected":false},"author":1,"featured_media":0,"parent":13423,"menu_order":3,"comment_status":"closed","ping_status":"closed","template":"","meta":{"footnotes":""},"class_list":["post-14348","page","type-page","status-publish","hentry"],"_links":{"self":[{"href":"https:\/\/consilab.de\/es\/wp-json\/wp\/v2\/pages\/14348","targetHints":{"allow":["GET"]}}],"collection":[{"href":"https:\/\/consilab.de\/es\/wp-json\/wp\/v2\/pages"}],"about":[{"href":"https:\/\/consilab.de\/es\/wp-json\/wp\/v2\/types\/page"}],"author":[{"embeddable":true,"href":"https:\/\/consilab.de\/es\/wp-json\/wp\/v2\/users\/1"}],"replies":[{"embeddable":true,"href":"https:\/\/consilab.de\/es\/wp-json\/wp\/v2\/comments?post=14348"}],"version-history":[{"count":2,"href":"https:\/\/consilab.de\/es\/wp-json\/wp\/v2\/pages\/14348\/revisions"}],"predecessor-version":[{"id":14360,"href":"https:\/\/consilab.de\/es\/wp-json\/wp\/v2\/pages\/14348\/revisions\/14360"}],"up":[{"embeddable":true,"href":"https:\/\/consilab.de\/es\/wp-json\/wp\/v2\/pages\/13423"}],"wp:attachment":[{"href":"https:\/\/consilab.de\/es\/wp-json\/wp\/v2\/media?parent=14348"}],"curies":[{"name":"wp","href":"https:\/\/api.w.org\/{rel}","templated":true}]}}