{"id":14363,"date":"2021-06-14T13:44:45","date_gmt":"2021-06-14T11:44:45","guid":{"rendered":"https:\/\/consilab.de\/leistungen\/glp-pruefeinrichtung\/a-14-explosionsgefahr-von-feststoffen-und-flussigkeiten\/"},"modified":"2025-05-15T16:48:22","modified_gmt":"2025-05-15T14:48:22","slug":"a-14-explosionsgefahr-von-feststoffen-und-flussigkeiten","status":"publish","type":"page","link":"https:\/\/consilab.de\/es\/leistungen\/glp-pruefeinrichtung\/a-14-explosionsgefahr-von-feststoffen-und-flussigkeiten\/","title":{"rendered":"A.14. Peligro de explosi\u00f3n"},"content":{"rendered":"<p>[vc_row rt_row_background_width=\u00bbfullwidth\u00bb rt_row_content_width=\u00bbdefault\u00bb rt_row_style=\u00bbdefault-style\u00bb rt_row_borders=\u00bb\u00bb rt_row_shadows=\u00bb\u00bb rt_row_paddings=\u00bbfalse\u00bb rt_bg_effect=\u00bbclassic\u00bb rt_bg_image_repeat=\u00bbrepeat\u00bb rt_bg_size=\u00bbcover\u00bb rt_bg_position=\u00bbright top\u00bb rt_bg_attachment=\u00bbscroll\u00bb rt_bg_video_format=\u00bbself-hosted\u00bb][vc_column width=\u00bb1\/3&#8243; rt_column_shadow=\u00bb\u00bb rt_bg_image_repeat=\u00bbrepeat\u00bb rt_bg_size=\u00bbauto auto\u00bb rt_bg_attachment=\u00bbscroll\u00bb class=\u00bbdownload\u00bb rt_bg_color=\u00bb\u00bb rt_bg_overlay_color=\u00bb\u00bb offset=\u00bbvc_hidden-sm vc_hidden-xs\u00bb css=\u00bb.vc_custom_1532421990135{padding-bottom: 0px !important;}\u00bb rt_padding_bottom=\u00bb0&#8243;][vc_widget_sidebar sidebar_id=\u00bbrt-theme-20-common-sidebar\u00bb][\/vc_column][vc_column width=\u00bb2\/3&#8243; rt_column_shadow=\u00bb\u00bb rt_bg_image_repeat=\u00bbrepeat\u00bb rt_bg_size=\u00bbauto auto\u00bb rt_bg_attachment=\u00bbscroll\u00bb class=\u00bbmaincontent\u00bb rt_bg_color=\u00bb\u00bb rt_bg_overlay_color=\u00bb\u00bb css=\u00bb.vc_custom_1532421960235{margin-bottom: 1em !important;padding-bottom: 0px !important;}\u00bb][vc_column_text css=\u00bb\u00bb el_class=\u00bbredborderleft\u00bb]<\/p>\n<h1>Ensayo seg\u00fan CE A.14. (Reglamento (CE) no. 440\/2008 Anexo \u00abParte A: M\u00e9todos para la determinaci\u00f3n de propiedades f\u00edsicoqu\u00edmicas, A.14. Peligro de explosi\u00f3n)<\/h1>\n<p>El m\u00e9todo abarca tres partes:<\/p>\n<ol>\n<li>a) <a href=\"https:\/\/consilab.de\/es\/leistungen\/glp-pruefeinrichtung\/a-14-explosionsgefahr-von-feststoffen-und-flussigkeiten\/#koenen-test\">Comprobaci\u00f3n de la sensibilidad t\u00e9rmica \u2193<\/a>,<\/li>\n<li>b) <a href=\"https:\/\/consilab.de\/es\/leistungen\/glp-pruefeinrichtung\/a-14-explosionsgefahr-von-feststoffen-und-flussigkeiten\/#schlag\">Comprobaci\u00f3n de la sensibilidad mec\u00e1nica en los impactos \u2193<\/a>,<\/li>\n<li>c) <a href=\"https:\/\/consilab.de\/es\/leistungen\/glp-pruefeinrichtung\/a-14-explosionsgefahr-von-feststoffen-und-flussigkeiten\/#reibung\">Comprobaci\u00f3n de la sensibilidad mec\u00e1nica en el estr\u00e9s por fricci\u00f3n \u2193<\/a>.<\/li>\n<\/ol>\n<p>El m\u00e9todo produce resultados que permiten comprobar la posibilidad de una explosi\u00f3n en caso de los efectos de determinadas cargas extraordinarias. No sirve para verificar si una sustancia es explosiva bajo determinadas condiciones.<\/p>\n<p><strong>Sensibilidad t\u00e9rmica: UN Serie 1 \/ Serie 2, Test 1 (b) \/ Test 2 (b): prueba de Koenen<\/strong><\/p>\n<p><strong>Para la prueba se caliente la sustancia a ensayar en una funda de acero cerrada mediante placas de boquillas con aberturas de diferentes par\u00e1metros. De este modo se determina si la sustancia puede explotar bajo una solicitaci\u00f3n t\u00e9rmica intensiva con una inclusi\u00f3n definida.<\/strong><\/p>\n<p>El aparato consiste en una funda de acero no reutilizable con su atornillado reutilizable insertada en un dispositivo calefactor y protector.<\/p>\n<p>Cada funda es fabricada de chapa en un proceso de embutici\u00f3n profunda (v\u00e9ase el anexo) y posee un di\u00e1metro interior de 24 mm, una longitud de 75 mm y un espesor de pared de 0,5 mm. En el extremo abierto, las fundas est\u00e1n dotadas con un collar que permite cerrarlas con la placa de boquillas. El cierre consiste en una placa de boquillas a prueba de presi\u00f3n con un taladro c\u00e9ntrico unido de manera firme del atornillado, integrado por un anillo de rosca y una tuerca, con una funda. El anillo de rosca y la tuerca son de acero de cromo-manganeso, resistente a las escamas hasta 800\u00b0C. Las placas de boquillas tienen un espesor de 6 mm, consisten en acero resistente al calor y est\u00e1n disponibles con diferentes di\u00e1metros de abertura.<\/p>\n<p>El resultado de la prueba se considera como positivo si se produce con el aparato descrito en por lo menos uno de los experimentos mencionados una explosi\u00f3n (3 piezas).<\/p>\n<p style=\"text-align: center;\">Aparato para la comprobaci\u00f3n de la sensibilidad t\u00e9rmica<br \/>\n(todas las dimensiones en mm)<\/p>\n<p>[\/vc_column_text][vc_row_inner rt_row_style=\u00bbglobal-style\u00bb rt_bg_custom_alignment=\u00bbtop\u00bb class=\u00bbtest__illustration&#8211;desktop\u00bb][vc_column_inner width=\u00bb1\/2&#8243; rt_column_shadow=\u00bb\u00bb rt_bg_image_repeat=\u00bbrepeat\u00bb rt_bg_size=\u00bbauto auto\u00bb rt_bg_attachment=\u00bbscroll\u00bb][vc_single_image image=\u00bb10911&#8243; img_size=\u00bbfull\u00bb add_caption=\u00bbyes\u00bb][vc_column_text css=\u00bb\u00bb](1)\u00a0\u00a0\u00a0 Funda<\/p>\n<p>(1a)\u00a0 Brida exterior<\/p>\n<p>(2)\u00a0\u00a0 Anillo de rosca; rosca de fricci\u00f3n reducida<\/p>\n<p>(3)\u00a0\u00a0 Placa de boquillas a = 2.0 o 6.0 mm de di\u00e1metro<\/p>\n<p>(4)\u00a0\u00a0 Tuerca b = 10 mm de di\u00e1metro<\/p>\n<p>(5)\u00a0\u00a0 Superficie biselada<\/p>\n<p>(6)\u00a0\u00a0 2 superficies para anchuras de llave de 41[\/vc_column_text][\/vc_column_inner][vc_column_inner width=\u00bb1\/2&#8243; rt_column_shadow=\u00bb\u00bb rt_bg_image_repeat=\u00bbrepeat\u00bb rt_bg_size=\u00bbauto auto\u00bb rt_bg_attachment=\u00bbscroll\u00bb][vc_single_image image=\u00bb10914&#8243; img_size=\u00bbfull\u00bb add_caption=\u00bbyes\u00bb][vc_column_text css=\u00bb\u00bb](7)\u00a0\u00a0\u00a0 2 superficies para anchura de llave de 36<\/p>\n<p>(8)\u00a0\u00a0\u00a0 Caja irrompible<\/p>\n<p>(9) \u00a0\u00a0 2 barras de sujeci\u00f3n para la funda<\/p>\n<p>(10)\u00a0 Funda, montada<\/p>\n<p>(11)\u00a0 Posici\u00f3n del quemador trasero, otros quemadores visibles<\/p>\n<p>(12)\u00a0 Llama de gas[\/vc_column_text][\/vc_column_inner][\/vc_row_inner][vc_row_inner rt_row_style=\u00bbglobal-style\u00bb rt_bg_custom_alignment=\u00bbtop\u00bb class=\u00bbtest__illustration&#8211;mobile\u00bb][vc_column_inner rt_column_shadow=\u00bb\u00bb rt_bg_image_repeat=\u00bbrepeat\u00bb rt_bg_size=\u00bbauto auto\u00bb rt_bg_attachment=\u00bbscroll\u00bb][vc_single_image image=\u00bb10911&#8243; img_size=\u00bbfull\u00bb add_caption=\u00bbyes\u00bb][vc_single_image image=\u00bb10914&#8243; img_size=\u00bbfull\u00bb add_caption=\u00bbyes\u00bb][vc_column_text css=\u00bb\u00bb](1)\u00a0\u00a0\u00a0 Funda<\/p>\n<p>(1a)\u00a0 Brida exterior<\/p>\n<p>(2)\u00a0\u00a0 Anillo de rosca; rosca de fricci\u00f3n reducida<\/p>\n<p>(3)\u00a0\u00a0 Placa de boquillas a = 2.0 o 6.0 mm de di\u00e1metro<\/p>\n<p>(4)\u00a0\u00a0 Tuerca b = 10 mm de di\u00e1metro<\/p>\n<p>(5)\u00a0\u00a0 Superficie biselada<\/p>\n<p>(6)\u00a0\u00a0 2 superficies para anchuras de llave de 41<\/p>\n<p>&nbsp;<\/p>\n<p>(7)\u00a0\u00a0\u00a0 2 superficies para anchura de llave de 36<\/p>\n<p>(8)\u00a0\u00a0\u00a0 Caja irrompible<\/p>\n<p>(9) \u00a0\u00a0 2 barras de sujeci\u00f3n para la funda<\/p>\n<p>(10)\u00a0 Funda, montada<\/p>\n<p>(11)\u00a0 Posici\u00f3n del quemador trasero, otros quemadores visibles<\/p>\n<p>(12)\u00a0 Llama de gas<\/p>\n<p>[\/vc_column_text][\/vc_column_inner][\/vc_row_inner][vc_single_image image=\u00bb10831&#8243; img_size=\u00bbfull\u00bb add_caption=\u00bbyes\u00bb][\/vc_column][\/vc_row][vc_row rt_row_background_width=\u00bbfullwidth\u00bb rt_row_content_width=\u00bbdefault\u00bb rt_row_style=\u00bbdefault-style\u00bb rt_row_borders=\u00bb\u00bb rt_row_shadows=\u00bb\u00bb rt_row_paddings=\u00bbfalse\u00bb id=\u00bbschlag\u00bb rt_bg_effect=\u00bbclassic\u00bb rt_bg_image_repeat=\u00bbrepeat\u00bb rt_bg_size=\u00bbcover\u00bb rt_bg_position=\u00bbright top\u00bb rt_bg_attachment=\u00bbscroll\u00bb rt_bg_video_format=\u00bbself-hosted\u00bb][vc_column width=\u00bb2\/3&#8243; rt_column_shadow=\u00bb\u00bb rt_bg_image_repeat=\u00bbrepeat\u00bb rt_bg_size=\u00bbauto auto\u00bb rt_bg_attachment=\u00bbscroll\u00bb class=\u00bbmaincontent\u00bb rt_bg_color=\u00bb\u00bb rt_bg_overlay_color=\u00bb\u00bb css=\u00bb.vc_custom_1624263279986{margin-bottom: 1em !important;padding-bottom: 0px !important;}\u00bb offset=\u00bbvc_col-lg-offset-4&#8243;][vc_column_text css=\u00bb\u00bb el_class=\u00bbredborderleft\u00bb]<\/p>\n<h3>Sensibilidad mec\u00e1nica (golpe): UN Serie 3, Test 3 (a) (ii): Martinete BAM<\/h3>\n<p><strong>La prueba consiste en exponer la sustancia de prueba al impacto de un peso definido desde una altura definida.<\/strong><\/p>\n<p>Las piezas esenciales de un martinete t\u00edpico son el bloqueo de acero fundido con pata, el yunque, la columna, los rieles gu\u00eda, los pesos, el dispositivo de disparo y un sujetador de muestras. \u00a0El yunque de acero (100 mm de di\u00e1metro \u00d7 70 mm de altura) se encuentra atornillado arriba en un bloque de acero (230 mm de longitud \u00d7 250 mm de anchura \u00d7 200 mm de altura) con una pata (450 mm de longitud \u00d7 450 mm de anchura \u00d7 60 mm de altura). Una columna de tubo de acero sin costuras se encuentra sujetada en un soporte atornillado en el dorso del bloque de acero. El martinete se encuentra anclado con 4 tornillos de anclaje en un z\u00f3calo masivo de hormig\u00f3n (60 cm \u00d7 60 cm) de modo que los rieles gu\u00eda se encuentran en una posici\u00f3n absolutamente vertical y el peso gu\u00eda es guiado f\u00e1cilmente. Est\u00e1n disponibles pesos descendentes de por ejemplo 5 kg y 10 kg de acero masivo. El elemento de impacto de cada peso consiste en acero endurecido, HRC 60 a 63, y posee un di\u00e1metro m\u00ednimo de 25 mm.<\/p>\n<p>El resultado del ensayo es calificado como positivo si con el aparato arriba descrito se produce en por lo menos un ensayo una explosi\u00f3n (un estallido y\/ una ignici\u00f3n son equivalentes a una explosi\u00f3n).<\/p>\n<p>[\/vc_column_text][vc_row_inner rt_row_style=\u00bbglobal-style\u00bb rt_bg_custom_alignment=\u00bbtop\u00bb class=\u00bbtest__illustration&#8211;desktop\u00bb][vc_column_inner width=\u00bb1\/2&#8243; rt_column_shadow=\u00bb\u00bb rt_bg_image_repeat=\u00bbrepeat\u00bb rt_bg_size=\u00bbauto auto\u00bb rt_bg_attachment=\u00bbscroll\u00bb][vc_single_image image=\u00bb10921&#8243; img_size=\u00bbfull\u00bb add_caption=\u00bbyes\u00bb][vc_column_text css=\u00bb\u00bb](1)\u00a0\u00a0\u00a0 Pata. 450 x 450 x 60<\/p>\n<p>(2) \u00a0\u00a0 Bloque de acero 230 x 250 x 200<\/p>\n<p>(3) \u00a0\u00a0 Yunque, 100 de di\u00e1metro x 70 de altura<\/p>\n<p>(4) \u00a0\u00a0 Columna<\/p>\n<p>(5) \u00a0\u00a0 Travesa\u00f1o c\u00e9ntrico<\/p>\n<p>(6) \u00a0\u00a0 2 rieles gu\u00eda<\/p>\n<p>(7) \u00a0\u00a0 Cremallera dentada[\/vc_column_text][\/vc_column_inner][vc_column_inner width=\u00bb1\/2&#8243; rt_column_shadow=\u00bb\u00bb rt_bg_image_repeat=\u00bbrepeat\u00bb rt_bg_size=\u00bbauto auto\u00bb rt_bg_attachment=\u00bbscroll\u00bb][vc_single_image image=\u00bb10924&#8243; img_size=\u00bbfull\u00bb add_caption=\u00bbyes\u00bb][vc_column_text css=\u00bb\u00bb](8) \u00a0\u00a0 Escala de medici\u00f3n<\/p>\n<p>(9) \u00a0\u00a0 Martinete (peso<\/p>\n<p>(10)\u00a0 Dispositivo de sujeci\u00f3n y disparo<\/p>\n<p>(11)\u00a0 Placa de sujeci\u00f3n<\/p>\n<p>(12)\u00a0 Yunque intermedio (recambiable), 26 di\u00e1metro x 26 altura<\/p>\n<p>(13)\u00a0 Centraje con aberturas<\/p>\n<p>(14)\u00a0 Dispositivos de punz\u00f3n[\/vc_column_text][\/vc_column_inner][\/vc_row_inner][vc_row_inner rt_row_style=\u00bbglobal-style\u00bb rt_bg_custom_alignment=\u00bbtop\u00bb class=\u00bbtest__illustration&#8211;desktop\u00bb][vc_column_inner width=\u00bb1\/2&#8243; rt_column_shadow=\u00bb\u00bb rt_bg_image_repeat=\u00bbrepeat\u00bb rt_bg_size=\u00bbauto auto\u00bb rt_bg_attachment=\u00bbscroll\u00bb][vc_single_image image=\u00bb10927&#8243; img_size=\u00bbfull\u00bb add_caption=\u00bbyes\u00bb][vc_column_text css=\u00bb\u00bb](1)\u00a0\u00a0\u00a0 Punz\u00f3n de acero<\/p>\n<p>(2) \u00a0\u00a0 Anillo gu\u00eda para punz\u00f3n de acero<\/p>\n<p>(3) \u00a0\u00a0 Anillo de centraje con aberturas<\/p>\n<p style=\"padding-left: 40px;\">(a) \u00a0\u00a0 Alzado<\/p>\n<p style=\"padding-left: 40px;\">(b) \u00a0\u00a0 Planta<\/p>\n<p>(4) \u00a0\u00a0 Anillo de caucho<\/p>\n<p>(5) \u00a0\u00a0 L\u00edquido (40 mm3)<\/p>\n<p>(6) \u00a0\u00a0 Recinto exento de l\u00edquido[\/vc_column_text][\/vc_column_inner][vc_column_inner width=\u00bb1\/2&#8243; rt_column_shadow=\u00bb\u00bb rt_bg_image_repeat=\u00bbrepeat\u00bb rt_bg_size=\u00bbauto auto\u00bb rt_bg_attachment=\u00bbscroll\u00bb][vc_single_image image=\u00bb10936&#8243; img_size=\u00bbfull\u00bb add_caption=\u00bbyes\u00bb][\/vc_column_inner][\/vc_row_inner][vc_row_inner rt_row_style=\u00bbglobal-style\u00bb rt_bg_custom_alignment=\u00bbtop\u00bb class=\u00bbtest__illustration&#8211;desktop\u00bb][vc_column_inner width=\u00bb1\/2&#8243; rt_column_shadow=\u00bb\u00bb rt_bg_image_repeat=\u00bbrepeat\u00bb rt_bg_size=\u00bbauto auto\u00bb rt_bg_attachment=\u00bbscroll\u00bb][vc_single_image image=\u00bb10933&#8243; img_size=\u00bbfull\u00bb add_caption=\u00bbyes\u00bb][\/vc_column_inner][vc_column_inner width=\u00bb1\/2&#8243; rt_column_shadow=\u00bb\u00bb rt_bg_image_repeat=\u00bbrepeat\u00bb rt_bg_size=\u00bbauto auto\u00bb rt_bg_attachment=\u00bbscroll\u00bb][vc_column_text css=\u00bb\u00bb](1)\u00a0\u00a0\u00a0 Perno<\/p>\n<p>(2) \u00a0\u00a0 Marca de altura<\/p>\n<p>(3) \u00a0\u00a0 Ranura gu\u00eda<\/p>\n<p>(4) \u00a0\u00a0 Inserto cil\u00edndrico de impacto<\/p>\n<p>(5) \u00a0\u00a0 Bloqueo de rebote[\/vc_column_text][\/vc_column_inner][\/vc_row_inner][vc_row_inner rt_row_style=\u00bbglobal-style\u00bb rt_bg_custom_alignment=\u00bbtop\u00bb class=\u00bbtest__illustration&#8211;mobile\u00bb][vc_column_inner rt_column_shadow=\u00bb\u00bb rt_bg_image_repeat=\u00bbrepeat\u00bb rt_bg_size=\u00bbauto auto\u00bb rt_bg_attachment=\u00bbscroll\u00bb][vc_single_image image=\u00bb10921&#8243; img_size=\u00bbfull\u00bb add_caption=\u00bbyes\u00bb][vc_column_text css=\u00bb\u00bb](1)\u00a0\u00a0\u00a0 Pata. 450 x 450 x 60<\/p>\n<p>(2) \u00a0\u00a0 Bloque de acero 230 x 250 x 200<\/p>\n<p>(3) \u00a0\u00a0 Yunque, 100 de di\u00e1metro x 70 de altura<\/p>\n<p>(4) \u00a0\u00a0 Columna<\/p>\n<p>(5) \u00a0\u00a0 Travesa\u00f1o c\u00e9ntrico<\/p>\n<p>(6) \u00a0\u00a0 2 rieles gu\u00eda<\/p>\n<p>(7) \u00a0\u00a0 Cremallera dentada[\/vc_column_text][vc_single_image image=\u00bb10924&#8243; img_size=\u00bbfull\u00bb add_caption=\u00bbyes\u00bb][vc_column_text css=\u00bb\u00bb](8) \u00a0\u00a0 Escala de medici\u00f3n<\/p>\n<p>(9) \u00a0\u00a0 Martinete (peso<\/p>\n<p>(10)\u00a0 Dispositivo de sujeci\u00f3n y disparo<\/p>\n<p>(11)\u00a0 Placa de sujeci\u00f3n<\/p>\n<p>(12)\u00a0 Yunque intermedio (recambiable), 26 di\u00e1metro x 26 altura<\/p>\n<p>(13)\u00a0 Centraje con aberturas<\/p>\n<p>(14)\u00a0 Dispositivos de punz\u00f3n[\/vc_column_text][vc_single_image image=\u00bb10927&#8243; img_size=\u00bbfull\u00bb add_caption=\u00bbyes\u00bb][vc_column_text css=\u00bb\u00bb](1)\u00a0\u00a0\u00a0 Punz\u00f3n de acero<\/p>\n<p>(2) \u00a0\u00a0 Anillo gu\u00eda para punz\u00f3n de acero<\/p>\n<p>(3) \u00a0\u00a0 Anillo de centraje con aberturas<\/p>\n<p style=\"padding-left: 40px;\">(a) \u00a0\u00a0 Alzado<\/p>\n<p style=\"padding-left: 40px;\">(b) \u00a0\u00a0 Planta<\/p>\n<p>(4) \u00a0\u00a0 Anillo de caucho<\/p>\n<p>(5) \u00a0\u00a0 L\u00edquido (40 mm3)<\/p>\n<p>(6) \u00a0\u00a0 Recinto exento de l\u00edquido[\/vc_column_text][vc_single_image image=\u00bb10936&#8243; img_size=\u00bbfull\u00bb add_caption=\u00bbyes\u00bb][vc_single_image image=\u00bb10933&#8243; img_size=\u00bbfull\u00bb add_caption=\u00bbyes\u00bb][vc_column_text css=\u00bb\u00bb](1)\u00a0\u00a0\u00a0 Perno<\/p>\n<p>(2) \u00a0\u00a0 Marca de altura<\/p>\n<p>(3) \u00a0\u00a0 Ranura gu\u00eda<\/p>\n<p>(4) \u00a0\u00a0 Inserto cil\u00edndrico de impacto<\/p>\n<p>(5) \u00a0\u00a0 Bloqueo de rebote[\/vc_column_text][\/vc_column_inner][\/vc_row_inner][\/vc_column][\/vc_row][vc_row rt_row_background_width=\u00bbfullwidth\u00bb rt_row_content_width=\u00bbdefault\u00bb rt_row_style=\u00bbdefault-style\u00bb rt_row_borders=\u00bb\u00bb rt_row_shadows=\u00bb\u00bb rt_row_paddings=\u00bbfalse\u00bb id=\u00bbreibung\u00bb rt_bg_effect=\u00bbclassic\u00bb rt_bg_image_repeat=\u00bbrepeat\u00bb rt_bg_size=\u00bbcover\u00bb rt_bg_position=\u00bbright top\u00bb rt_bg_attachment=\u00bbscroll\u00bb rt_bg_video_format=\u00bbself-hosted\u00bb][vc_column width=\u00bb2\/3&#8243; rt_column_shadow=\u00bb\u00bb rt_bg_image_repeat=\u00bbrepeat\u00bb rt_bg_size=\u00bbauto auto\u00bb rt_bg_attachment=\u00bbscroll\u00bb class=\u00bbmaincontent\u00bb rt_bg_color=\u00bb\u00bb rt_bg_overlay_color=\u00bb\u00bb css=\u00bb.vc_custom_1624263393569{margin-bottom: 1em !important;padding-bottom: 0px !important;}\u00bb offset=\u00bbvc_col-lg-offset-4&#8243;][vc_column_text css=\u00bb\u00bb el_class=\u00bbredborderleft\u00bb]<\/p>\n<h3>Sensibilidad mec\u00e1nica (fricci\u00f3n): UN Serie 3, Test 3 (b) (i): aparato de fricci\u00f3n BAM<\/h3>\n<p><strong>En esta prueba se exponen sustancias s\u00f3lidas o pastosas a la fricci\u00f3n entre superficies estandarizadas bajo condiciones especificadas de carga y del movimiento relativo.<\/strong><\/p>\n<p>El aparato de fricci\u00f3n consiste en una placa base (acero fundido) en la que se encuentra montada el dispositivo de fricci\u00f3n, integrado por un l\u00e1piz firme de porcelana y una laminilla m\u00f3vil de porcelana. La laminilla de porcelana se encuentra montada en un carro guiado entre dos rieles deslizantes. El carro es accionado con un motor el\u00e9ctrico a trav\u00e9s de una barra de empuje y un engranaje adecuado de modo que la laminilla de porcelana realice un movimiento en vaiv\u00e9n de 10 mm de largo. El l\u00e1piz de porcelana puede someterse por ejemplo a una carga de 120 o 360 N.<\/p>\n<p>Las laminillas planas de porcelana han sido fabricadas de porcelana t\u00e9cnica blanca pura (profundidad de rugosidad de 9 \u03bcm a 32 \u03bcm) y poseen dimensiones de 25 mm (longitud) \u00d7 25 mm (anchura) \u00d7 5 mm (altura). El l\u00e1piz cil\u00edndrico de porcelana est\u00e1 fabricado asimismo de porcelana t\u00e9cnica blanca pura. Tiene un largo de 15 mm, un di\u00e1metro de 10 mm y una superficie terminal esf\u00e9rica rugosa con un radio de curvatura de 10 mm.<\/p>\n<p>El resultado de comprobaci\u00f3n es calificado como positivo si con el aparato de fricci\u00f3n descrito se provoca una explosi\u00f3n en por lo menos un ensayo. Un chisporroteo y\/o un estallido o una ignici\u00f3n son equivalentes a una explosi\u00f3n. Una decoloraci\u00f3n no se considera como explosi\u00f3n.<\/p>\n<p>[\/vc_column_text][vc_row_inner rt_row_style=\u00bbglobal-style\u00bb rt_bg_custom_alignment=\u00bbtop\u00bb class=\u00bbtest__illustration&#8211;desktop\u00bb][vc_column_inner width=\u00bb1\/2&#8243; rt_column_shadow=\u00bb\u00bb rt_bg_image_repeat=\u00bbrepeat\u00bb rt_bg_size=\u00bbauto auto\u00bb rt_bg_attachment=\u00bbscroll\u00bb][vc_single_image image=\u00bb10941&#8243; img_size=\u00bbfull\u00bb add_caption=\u00bbyes\u00bb][vc_single_image image=\u00bb10944&#8243; img_size=\u00bbfull\u00bb add_caption=\u00bbyes\u00bb][vc_column_text css=\u00bb\u00bb](1)\u00a0\u00a0 Pata de acero<\/p>\n<p>(2)\u00a0\u00a0 Carro<\/p>\n<p>(3)\u00a0\u00a0 Laminilla de porcelana, 25mm x 25mm x 5mm, sujetada en un carro<\/p>\n<p>(4)\u00a0\u00a0 L\u00e1piz fijo de porcelana, 10 di\u00e1metro x 15 mm<\/p>\n<p>(5)\u00a0\u00a0 Sustancia a ensayar, aproximadamente 10 mm[\/vc_column_text][\/vc_column_inner][vc_column_inner width=\u00bb1\/2&#8243; rt_column_shadow=\u00bb\u00bb rt_bg_image_repeat=\u00bbrepeat\u00bb rt_bg_size=\u00bbauto auto\u00bb rt_bg_attachment=\u00bbscroll\u00bb][vc_single_image image=\u00bb10947&#8243; img_size=\u00bbfull\u00bb add_caption=\u00bbyes\u00bb][vc_column_text css=\u00bb\u00bb](6)\u00a0\u00a0\u00a0 Sujetal\u00e1piz<\/p>\n<p>(7)\u00a0\u00a0\u00a0 Brazo de carga<\/p>\n<p>(8)\u00a0\u00a0\u00a0 Contrapeso<\/p>\n<p>(9) \u00a0\u00a0 Conmutador<\/p>\n<p>(10)\u00a0 Rueda para desplazar el carro a la posici\u00f3n de partida<\/p>\n<p>(11)\u00a0 al motor el\u00e9ctrico[\/vc_column_text][\/vc_column_inner][\/vc_row_inner][vc_row_inner rt_row_style=\u00bbglobal-style\u00bb rt_bg_custom_alignment=\u00bbtop\u00bb class=\u00bbtest__illustration&#8211;mobile\u00bb][vc_column_inner rt_column_shadow=\u00bb\u00bb rt_bg_image_repeat=\u00bbrepeat\u00bb rt_bg_size=\u00bbauto auto\u00bb rt_bg_attachment=\u00bbscroll\u00bb][vc_single_image image=\u00bb10941&#8243; img_size=\u00bbfull\u00bb add_caption=\u00bbyes\u00bb][vc_single_image image=\u00bb10944&#8243; img_size=\u00bbfull\u00bb add_caption=\u00bbyes\u00bb][vc_column_text css=\u00bb\u00bb](1)\u00a0\u00a0 Pata de acero<\/p>\n<p>(2)\u00a0\u00a0 Carro<\/p>\n<p>(3)\u00a0\u00a0 Laminilla de porcelana, 25mm x 25mm x 5mm, sujetada en un carro<\/p>\n<p>(4)\u00a0\u00a0 L\u00e1piz fijo de porcelana, 10 di\u00e1metro x 15 mm<\/p>\n<p>(5)\u00a0\u00a0 Sustancia a ensayar, aproximadamente 10 mm[\/vc_column_text][vc_single_image image=\u00bb10947&#8243; img_size=\u00bbfull\u00bb add_caption=\u00bbyes\u00bb][vc_column_text css=\u00bb\u00bb](6)\u00a0\u00a0\u00a0 Sujetal\u00e1piz<\/p>\n<p>(7)\u00a0\u00a0\u00a0 Brazo de carga<\/p>\n<p>(8)\u00a0\u00a0\u00a0 Contrapeso<\/p>\n<p>(9) \u00a0\u00a0 Conmutador<\/p>\n<p>(10)\u00a0 Rueda para desplazar el carro a la posici\u00f3n de partida<\/p>\n<p>(11)\u00a0 al motor el\u00e9ctrico[\/vc_column_text][\/vc_column_inner][\/vc_row_inner][vc_row_inner rt_row_style=\u00bbglobal-style\u00bb rt_bg_custom_alignment=\u00bbtop\u00bb][vc_column_inner width=\u00bb1\/2&#8243; rt_column_shadow=\u00bb\u00bb rt_bg_image_repeat=\u00bbrepeat\u00bb rt_bg_size=\u00bbauto auto\u00bb rt_bg_attachment=\u00bbscroll\u00bb][vc_btn title=\u00bbEntidad de ensayos BPL \u00bb style=\u00bbclassic\u00bb color=\u00bbpurple\u00bb i_icon_fontawesome=\u00bbfas fa-angle-left\u00bb css=\u00bb\u00bb add_icon=\u00bbtrue\u00bb link=\u00bburl:%2Fes%2Fleistungen%2Fglp-pruefeinrichtung%2F|title:Entidad%20de%20ensayos%20BPL%20&#8243; el_class=\u00bbbtn&#8211;red\u00bb][\/vc_column_inner][vc_column_inner width=\u00bb1\/2&#8243; rt_column_shadow=\u00bb\u00bb rt_bg_image_repeat=\u00bbrepeat\u00bb rt_bg_size=\u00bbauto auto\u00bb rt_bg_attachment=\u00bbscroll\u00bb][vc_btn title=\u00bbPrestaciones\u00bb style=\u00bbclassic\u00bb color=\u00bbpurple\u00bb i_icon_fontawesome=\u00bbfas fa-angle-left\u00bb css=\u00bb\u00bb add_icon=\u00bbtrue\u00bb link=\u00bburl:%2Fes%2Fleistungen%2F|title:Prestaciones\u00bb el_class=\u00bbbtn&#8211;red\u00bb][\/vc_column_inner][\/vc_row_inner][\/vc_column][\/vc_row]<\/p>\n","protected":false},"excerpt":{"rendered":"<p>[vc_row rt_row_background_width=\u00bbfullwidth\u00bb rt_row_content_width=\u00bbdefault\u00bb rt_row_style=\u00bbdefault-style\u00bb rt_row_borders=\u00bb\u00bb rt_row_shadows=\u00bb\u00bb rt_row_paddings=\u00bbfalse\u00bb rt_bg_effect=\u00bbclassic\u00bb rt_bg_image_repeat=\u00bbrepeat\u00bb rt_bg_size=\u00bbcover\u00bb rt_bg_position=\u00bbright top\u00bb rt_bg_attachment=\u00bbscroll\u00bb rt_bg_video_format=\u00bbself-hosted\u00bb][vc_column width=\u00bb1\/3&#8243; rt_column_shadow=\u00bb\u00bb rt_bg_image_repeat=\u00bbrepeat\u00bb rt_bg_size=\u00bbauto auto\u00bb rt_bg_attachment=\u00bbscroll\u00bb class=\u00bbdownload\u00bb rt_bg_color=\u00bb\u00bb rt_bg_overlay_color=\u00bb\u00bb offset=\u00bbvc_hidden-sm vc_hidden-xs\u00bb css=\u00bb.vc_custom_1532421990135{padding-bottom: 0px !important;}\u00bb rt_padding_bottom=\u00bb0&#8243;][vc_widget_sidebar sidebar_id=\u00bbrt-theme-20-common-sidebar\u00bb][\/vc_column][vc_column width=\u00bb2\/3&#8243; rt_column_shadow=\u00bb\u00bb rt_bg_image_repeat=\u00bbrepeat\u00bb rt_bg_size=\u00bbauto auto\u00bb rt_bg_attachment=\u00bbscroll\u00bb class=\u00bbmaincontent\u00bb rt_bg_color=\u00bb\u00bb rt_bg_overlay_color=\u00bb\u00bb css=\u00bb.vc_custom_1532421960235{margin-bottom: 1em !important;padding-bottom: 0px !important;}\u00bb][vc_column_text css=\u00bb\u00bb el_class=\u00bbredborderleft\u00bb] Ensayo seg\u00fan CE A.14. (Reglamento (CE) no. 440\/2008 Anexo  &#8230;<br \/><a class=\"more-link\" href=\"https:\/\/consilab.de\/es\/leistungen\/glp-pruefeinrichtung\/a-14-explosionsgefahr-von-feststoffen-und-flussigkeiten\/\">more | mehr<\/a><\/p>\n","protected":false},"author":2,"featured_media":0,"parent":13423,"menu_order":7,"comment_status":"closed","ping_status":"closed","template":"","meta":{"footnotes":""},"class_list":["post-14363","page","type-page","status-publish","hentry"],"_links":{"self":[{"href":"https:\/\/consilab.de\/es\/wp-json\/wp\/v2\/pages\/14363","targetHints":{"allow":["GET"]}}],"collection":[{"href":"https:\/\/consilab.de\/es\/wp-json\/wp\/v2\/pages"}],"about":[{"href":"https:\/\/consilab.de\/es\/wp-json\/wp\/v2\/types\/page"}],"author":[{"embeddable":true,"href":"https:\/\/consilab.de\/es\/wp-json\/wp\/v2\/users\/2"}],"replies":[{"embeddable":true,"href":"https:\/\/consilab.de\/es\/wp-json\/wp\/v2\/comments?post=14363"}],"version-history":[{"count":2,"href":"https:\/\/consilab.de\/es\/wp-json\/wp\/v2\/pages\/14363\/revisions"}],"predecessor-version":[{"id":14375,"href":"https:\/\/consilab.de\/es\/wp-json\/wp\/v2\/pages\/14363\/revisions\/14375"}],"up":[{"embeddable":true,"href":"https:\/\/consilab.de\/es\/wp-json\/wp\/v2\/pages\/13423"}],"wp:attachment":[{"href":"https:\/\/consilab.de\/es\/wp-json\/wp\/v2\/media?parent=14363"}],"curies":[{"name":"wp","href":"https:\/\/api.w.org\/{rel}","templated":true}]}}