{"id":14403,"date":"2021-05-31T12:23:51","date_gmt":"2021-05-31T10:23:51","guid":{"rendered":"https:\/\/consilab.de\/leistungen\/glp-pruefeinrichtung\/methoden-zur-bestimmung-der-physikalisch-chemischen-eigenschaften-a-21-brandfoerdernde-eigenschaften-fluessige-stoffe\/"},"modified":"2025-05-15T17:33:55","modified_gmt":"2025-05-15T15:33:55","slug":"methoden-zur-bestimmung-der-physikalisch-chemischen-eigenschaften-a-21-brandfoerdernde-eigenschaften-fluessige-stoffe","status":"publish","type":"page","link":"https:\/\/consilab.de\/es\/leistungen\/glp-pruefeinrichtung\/methoden-zur-bestimmung-der-physikalisch-chemischen-eigenschaften-a-21-brandfoerdernde-eigenschaften-fluessige-stoffe\/","title":{"rendered":"M\u00e9todos para la determinaci\u00f3n de propiedades f\u00edsicoqu\u00edmicas, A.21. Propiedades comburentes (sustancias l\u00edquidas)"},"content":{"rendered":"<p>[vc_row rt_row_background_width=\u00bbfullwidth\u00bb rt_row_content_width=\u00bbdefault\u00bb rt_row_style=\u00bbdefault-style\u00bb rt_row_borders=\u00bb\u00bb rt_row_shadows=\u00bb\u00bb rt_row_paddings=\u00bbfalse\u00bb rt_bg_effect=\u00bbclassic\u00bb rt_bg_image_repeat=\u00bbrepeat\u00bb rt_bg_size=\u00bbcover\u00bb rt_bg_position=\u00bbright top\u00bb rt_bg_attachment=\u00bbscroll\u00bb rt_bg_video_format=\u00bbself-hosted\u00bb][vc_column width=\u00bb1\/3&#8243; rt_column_shadow=\u00bb\u00bb rt_bg_image_repeat=\u00bbrepeat\u00bb rt_bg_size=\u00bbauto auto\u00bb rt_bg_attachment=\u00bbscroll\u00bb class=\u00bbdownload\u00bb rt_bg_color=\u00bb\u00bb rt_bg_overlay_color=\u00bb\u00bb offset=\u00bbvc_hidden-sm vc_hidden-xs\u00bb css=\u00bb.vc_custom_1532424200870{padding-bottom: 0px !important;}\u00bb rt_padding_bottom=\u00bb0&#8243;][vc_widget_sidebar sidebar_id=\u00bbrt-theme-20-common-sidebar\u00bb][\/vc_column][vc_column width=\u00bb2\/3&#8243; rt_column_shadow=\u00bb\u00bb rt_bg_image_repeat=\u00bbrepeat\u00bb rt_bg_size=\u00bbauto auto\u00bb rt_bg_attachment=\u00bbscroll\u00bb class=\u00bbmaincontent\u00bb rt_bg_color=\u00bb\u00bb rt_bg_overlay_color=\u00bb\u00bb css=\u00bb.vc_custom_1532424195693{margin-bottom: 1em !important;padding-bottom: 2em !important;}\u00bb][vc_column_text css=\u00bb\u00bb el_class=\u00bbredborderleft\u00bb]<\/p>\n<h1>Ensayo seg\u00fan CE A.21. [Reglamento (CE) no. 440\/2008 Anexo \u00abParte A: M\u00e9todos para la determinaci\u00f3n de propiedades f\u00edsicoqu\u00edmicas, A.21. Propiedades comburentes (sustancias l\u00edquidas)]<\/h1>\n<h2 class=\"bodytext\">L\u00edquidos oxidantes son sustancias l\u00edquidas o mezclas que a pesar de no ser necesariamente inflamables pueden provocar o fomentar por lo general por medio de ox\u00edgeno un incendio de otros materiales.<\/h2>\n<p>Este ensayo sirve para determinar las propiedades comburentes de sustancias l\u00edquidas o preparados como criterio para la valoraci\u00f3n seg\u00fan aspectos de seguridad o la clasificaci\u00f3n en clases de peligro y grupos de embalaje dentro del marco de reglamentos pertinentes, especialmente seg\u00fan el Reglamento (CE) no. 440\/2008 Anexo \u00abParte A: M\u00e9todos par la determinaci\u00f3n de propiedades f\u00edsicoqu\u00edmicas, A.21. Propiedades comburentes (sustancias l\u00edquidas)\u00bb<\/p>\n<p>El objeto de prueba y referencia se mezcla en una relaci\u00f3n de peso 1:1 con una sustancia inflamable definida (celulosa). La mezcla se llena en un recipiente de presi\u00f3n en cuyo extremo inferior se encuentra un serpent\u00edn calentador. El recipiente de presi\u00f3n luego se cierra en el extremo superior con un disco de ruptura. Despu\u00e9s se activa el serpent\u00edn y se registra midiendo el perfil de tiempo y presi\u00f3n. Se mide cu\u00e1nto tiempo transcurre hasta que la presi\u00f3n aumenta de 690\u00a0kPa a 2.070\u00a0kPa de presi\u00f3n atmosf\u00e9rica.<\/p>\n<p>Se calculan los tiempos promedios de aumento de presi\u00f3n tanto para al objeto de prueba como tambi\u00e9n para el objeto de referencia.<\/p>\n<p>En la valoraci\u00f3n de los resultados de la prueba se tiene en cuenta lo que sigue:<\/p>\n<ul>\n<li>Si hay una combusti\u00f3n espont\u00e1nea de la mezcla del objeto de prueba y de la celulosa.<\/li>\n<li>La comparaci\u00f3n del tiempo promedio hasta que la presi\u00f3n aumente de 690 kPa a 2.070 kPa con el tiempo de aumento de presi\u00f3n de los objetos de referencia.<\/li>\n<\/ul>\n<p>Un objeto de prueba es calificado como comburente si<\/p>\n<ul>\n<li>una mezcla de la sustancia y de la celulosa con una relaci\u00f3n de masa de 1:1 prende fuego espont\u00e1neamente o si<\/li>\n<li>una mezcla de la sustancia y de celulosa con una relaci\u00f3n de masa de 1:1 acusa un tiempo promedio de aumento de presi\u00f3n como m\u00e1ximo del tiempo de aumento de presi\u00f3n promedio que una mezcla de \u00e1cido n\u00edtrico al 65% (p\/p) en soluci\u00f3n acuosa y celulosa en una relaci\u00f3n de masa de 1:1.<\/li>\n<\/ul>\n<p>&nbsp;<\/p>\n<div id=\"attachment_10639\" style=\"width: 1012px\" class=\"wp-caption aligncenter\"><img loading=\"lazy\" decoding=\"async\" aria-describedby=\"caption-attachment-10639\" class=\"wp-image-10639 size-full\" src=\"https:\/\/consilab.de\/wp-content\/uploads\/2021\/05\/Versuchsaufbau-fu\u0308r-den-Test-gema\u0308ss-EG-A-21..png\" alt=\"Methoden zur Bestimmung der physikalisch-chemischen Eigenschaften A.21. Brandf\u00f6rdernde Eigenschaften (Fl\u00fcssige Stoffe)\" width=\"1002\" height=\"545\" srcset=\"https:\/\/consilab.de\/wp-content\/uploads\/2021\/05\/Versuchsaufbau-fu\u0308r-den-Test-gema\u0308ss-EG-A-21..png 1002w, https:\/\/consilab.de\/wp-content\/uploads\/2021\/05\/Versuchsaufbau-fu\u0308r-den-Test-gema\u0308ss-EG-A-21.-350x190.png 350w, https:\/\/consilab.de\/wp-content\/uploads\/2021\/05\/Versuchsaufbau-fu\u0308r-den-Test-gema\u0308ss-EG-A-21.-768x418.png 768w\" sizes=\"auto, (max-width: 1002px) 100vw, 1002px\" \/><p id=\"caption-attachment-10639\" class=\"wp-caption-text\">Fig.: Configuraci\u00f3n del ensayo para la prueba conforme a CE A.21.<\/p><\/div>\n<p>[\/vc_column_text][vc_row_inner rt_row_style=\u00bbglobal-style\u00bb rt_bg_custom_alignment=\u00bbtop\u00bb][vc_column_inner width=\u00bb1\/2&#8243; rt_column_shadow=\u00bb\u00bb rt_bg_image_repeat=\u00bbrepeat\u00bb rt_bg_size=\u00bbauto auto\u00bb rt_bg_attachment=\u00bbscroll\u00bb][vc_btn title=\u00bbEntidad de ensayos BPL\u00bb style=\u00bbclassic\u00bb color=\u00bbpurple\u00bb i_icon_fontawesome=\u00bbfas fa-angle-left\u00bb css=\u00bb\u00bb add_icon=\u00bbtrue\u00bb link=\u00bburl:%2Fes%2Fleistungen%2Fglp-pruefeinrichtung%2F|title:Entidad%20de%20ensayos%20BPL\u00bb el_class=\u00bbbtn&#8211;red\u00bb][\/vc_column_inner][vc_column_inner width=\u00bb1\/2&#8243; rt_column_shadow=\u00bb\u00bb rt_bg_image_repeat=\u00bbrepeat\u00bb rt_bg_size=\u00bbauto auto\u00bb rt_bg_attachment=\u00bbscroll\u00bb][vc_btn title=\u00bbPrestaciones \u00bb style=\u00bbclassic\u00bb color=\u00bbpurple\u00bb i_icon_fontawesome=\u00bbfas fa-angle-left\u00bb css=\u00bb\u00bb add_icon=\u00bbtrue\u00bb link=\u00bburl:%2Fes%2Fleistungen%2F|title:Prestaciones%20&#8243; el_class=\u00bbbtn&#8211;red\u00bb][\/vc_column_inner][\/vc_row_inner][\/vc_column][\/vc_row]<\/p>\n","protected":false},"excerpt":{"rendered":"<p>[vc_row rt_row_background_width=\u00bbfullwidth\u00bb rt_row_content_width=\u00bbdefault\u00bb rt_row_style=\u00bbdefault-style\u00bb rt_row_borders=\u00bb\u00bb rt_row_shadows=\u00bb\u00bb rt_row_paddings=\u00bbfalse\u00bb rt_bg_effect=\u00bbclassic\u00bb rt_bg_image_repeat=\u00bbrepeat\u00bb rt_bg_size=\u00bbcover\u00bb rt_bg_position=\u00bbright top\u00bb rt_bg_attachment=\u00bbscroll\u00bb rt_bg_video_format=\u00bbself-hosted\u00bb][vc_column width=\u00bb1\/3&#8243; rt_column_shadow=\u00bb\u00bb rt_bg_image_repeat=\u00bbrepeat\u00bb rt_bg_size=\u00bbauto auto\u00bb rt_bg_attachment=\u00bbscroll\u00bb class=\u00bbdownload\u00bb rt_bg_color=\u00bb\u00bb rt_bg_overlay_color=\u00bb\u00bb offset=\u00bbvc_hidden-sm vc_hidden-xs\u00bb css=\u00bb.vc_custom_1532424200870{padding-bottom: 0px !important;}\u00bb rt_padding_bottom=\u00bb0&#8243;][vc_widget_sidebar sidebar_id=\u00bbrt-theme-20-common-sidebar\u00bb][\/vc_column][vc_column width=\u00bb2\/3&#8243; rt_column_shadow=\u00bb\u00bb rt_bg_image_repeat=\u00bbrepeat\u00bb rt_bg_size=\u00bbauto auto\u00bb rt_bg_attachment=\u00bbscroll\u00bb class=\u00bbmaincontent\u00bb rt_bg_color=\u00bb\u00bb rt_bg_overlay_color=\u00bb\u00bb css=\u00bb.vc_custom_1532424195693{margin-bottom: 1em !important;padding-bottom: 2em !important;}\u00bb][vc_column_text css=\u00bb\u00bb el_class=\u00bbredborderleft\u00bb] Ensayo seg\u00fan CE A.21. [Reglamento (CE) no. 440\/2008 Anexo  &#8230;<br \/><a class=\"more-link\" href=\"https:\/\/consilab.de\/es\/leistungen\/glp-pruefeinrichtung\/methoden-zur-bestimmung-der-physikalisch-chemischen-eigenschaften-a-21-brandfoerdernde-eigenschaften-fluessige-stoffe\/\">more | mehr<\/a><\/p>\n","protected":false},"author":2,"featured_media":0,"parent":13423,"menu_order":3,"comment_status":"closed","ping_status":"closed","template":"","meta":{"footnotes":""},"class_list":["post-14403","page","type-page","status-publish","hentry"],"_links":{"self":[{"href":"https:\/\/consilab.de\/es\/wp-json\/wp\/v2\/pages\/14403","targetHints":{"allow":["GET"]}}],"collection":[{"href":"https:\/\/consilab.de\/es\/wp-json\/wp\/v2\/pages"}],"about":[{"href":"https:\/\/consilab.de\/es\/wp-json\/wp\/v2\/types\/page"}],"author":[{"embeddable":true,"href":"https:\/\/consilab.de\/es\/wp-json\/wp\/v2\/users\/2"}],"replies":[{"embeddable":true,"href":"https:\/\/consilab.de\/es\/wp-json\/wp\/v2\/comments?post=14403"}],"version-history":[{"count":4,"href":"https:\/\/consilab.de\/es\/wp-json\/wp\/v2\/pages\/14403\/revisions"}],"predecessor-version":[{"id":14414,"href":"https:\/\/consilab.de\/es\/wp-json\/wp\/v2\/pages\/14403\/revisions\/14414"}],"up":[{"embeddable":true,"href":"https:\/\/consilab.de\/es\/wp-json\/wp\/v2\/pages\/13423"}],"wp:attachment":[{"href":"https:\/\/consilab.de\/es\/wp-json\/wp\/v2\/media?parent=14403"}],"curies":[{"name":"wp","href":"https:\/\/api.w.org\/{rel}","templated":true}]}}