{"id":10597,"date":"2021-06-07T13:36:10","date_gmt":"2021-06-07T11:36:10","guid":{"rendered":"https:\/\/consilab.de\/?page_id=10597"},"modified":"2022-07-11T17:16:27","modified_gmt":"2022-07-11T15:16:27","slug":"proprietes-comburantes-des-liquides-test-onu-o-2","status":"publish","type":"page","link":"https:\/\/consilab.de\/fr\/prestations\/classification-des-substances\/proprietes-comburantes-des-liquides-test-onu-o-2\/","title":{"rendered":"Propri\u00e9t\u00e9s comburantes des liquides : Test ONU O.2"},"content":{"rendered":"<p>[vc_row rt_row_background_width=\u00a0\u00bbfullwidth\u00a0\u00bb rt_row_content_width=\u00a0\u00bbdefault\u00a0\u00bb rt_row_style=\u00a0\u00bbdefault-style\u00a0\u00bb rt_row_borders=\u00a0\u00bb\u00a0\u00bb rt_row_shadows=\u00a0\u00bb\u00a0\u00bb rt_row_paddings=\u00a0\u00bbtrue\u00a0\u00bb rt_bg_effect=\u00a0\u00bbclassic\u00a0\u00bb rt_bg_image_repeat=\u00a0\u00bbrepeat\u00a0\u00bb rt_bg_size=\u00a0\u00bbcover\u00a0\u00bb rt_bg_position=\u00a0\u00bbright top\u00a0\u00bb rt_bg_attachment=\u00a0\u00bbscroll\u00a0\u00bb rt_bg_video_format=\u00a0\u00bbself-hosted\u00a0\u00bb][vc_column width=\u00a0\u00bb1\/3&Prime; rt_column_shadow=\u00a0\u00bb\u00a0\u00bb rt_bg_image_repeat=\u00a0\u00bbrepeat\u00a0\u00bb rt_bg_size=\u00a0\u00bbauto auto\u00a0\u00bb rt_bg_attachment=\u00a0\u00bbscroll\u00a0\u00bb class=\u00a0\u00bbdownload\u00a0\u00bb rt_bg_color=\u00a0\u00bb\u00a0\u00bb rt_bg_overlay_color=\u00a0\u00bb\u00a0\u00bb offset=\u00a0\u00bbvc_hidden-sm vc_hidden-xs\u00a0\u00bb css=\u00a0\u00bb.vc_custom_1529335398592{padding-bottom: 0px !important;}\u00a0\u00bb rt_padding_bottom=\u00a0\u00bb0&Prime;][vc_widget_sidebar sidebar_id=\u00a0\u00bbrt-theme-20-common-sidebar\u00a0\u00bb][\/vc_column][vc_column width=\u00a0\u00bb2\/3&Prime; rt_column_shadow=\u00a0\u00bb\u00a0\u00bb rt_bg_image_repeat=\u00a0\u00bbrepeat\u00a0\u00bb rt_bg_size=\u00a0\u00bbauto auto\u00a0\u00bb rt_bg_attachment=\u00a0\u00bbscroll\u00a0\u00bb class=\u00a0\u00bbmaincontent\u00a0\u00bb rt_bg_color=\u00a0\u00bb\u00a0\u00bb rt_bg_overlay_color=\u00a0\u00bb\u00a0\u00bb css=\u00a0\u00bb.vc_custom_1531993670525{padding-bottom: 2em !important;}\u00a0\u00bb][vc_column_text el_class=\u00a0\u00bbredborderleft\u00a0\u00bb]<\/p>\n<h1>Propri\u00e9t\u00e9s comburantes des liquides : Test ONU O.2<\/h1>\n<h2>Les liquides oxydants sont des mati\u00e8res ou des m\u00e9langes liquides, qui sans \u00eatre n\u00e9cessairement combustibles en soi, sont toutefois g\u00e9n\u00e9ralement susceptibles de provoquer ou de favoriser l\u2019incendie d\u2019autres mati\u00e8res en lib\u00e9rant de l\u2019oxyg\u00e8ne.<\/h2>\n<p>Le pr\u00e9sent test est destin\u00e9 \u00e0 d\u00e9terminer les propri\u00e9t\u00e9s comburantes des mati\u00e8res et m\u00e9langes liquides, comme crit\u00e8re permettant de les \u00e9valuer du point de vue de la s\u00e9curit\u00e9, voire de les r\u00e9partir en classes de danger et en groupes d\u2019emballage dans le cadre des r\u00e8glements pertinents, notamment en vertu du notamment en vertu du Manuel d\u2019\u00e9preuves et de crit\u00e8res, partie III, chapitre 34 : Substances oxydantes de classe 5, division 5.1, test O.2<\/p>\n<p>Les substances \u00e0 tester et les substances de r\u00e9f\u00e9rence sont m\u00e9lang\u00e9es dans un rapport massique de 1:1 avec une substance combustible d\u00e9finie (cellulose). Le m\u00e9lange est plac\u00e9 dans un r\u00e9cipient sous pression (bombe) dont l\u2019extr\u00e9mit\u00e9 inf\u00e9rieure est \u00e9quip\u00e9e d\u2019un filament de chauffage. La bombe est ensuite obtur\u00e9e en son extr\u00e9mit\u00e9 sup\u00e9rieure par un disque de rupture. Puis le filament de chauffage est activ\u00e9 et on enregistre le profil dur\u00e9e\/pression par un syst\u00e8me de mesure. On note la dur\u00e9e n\u00e9cessaire pour que la pression monte de 690 kPa \u00e0 2.070 kPa au-dessus de la pression atmosph\u00e9rique.<\/p>\n<p>On calcule les dur\u00e9es moyennes de mont\u00e9e en pression \u00e0 la fois pour la substance \u00e0 tester et pour la substance de r\u00e9f\u00e9rence.<\/p>\n<p>Pour l\u2019\u00e9valuation des r\u00e9sultats de l\u2019essai, on se fonde sur ce qui suit\u00a0:<\/p>\n<ul>\n<li>sur le fait que le m\u00e9lange de la substance \u00e0 tester et de cellulose s\u2019enflamme spontan\u00e9ment ou non.<\/li>\n<li>sur la comparaison de la dur\u00e9e moyenne de mont\u00e9e en pression de 690\u00a0kPa \u00e0 2.070\u00a0kPa avec la dur\u00e9e moyenne obtenue pour les substances de r\u00e9f\u00e9rence.<\/li>\n<\/ul>\n<p>Classement de la substance \u00e0 tester dans les groupes d\u2019emballage conform\u00e9ment au droit des transports ONU et dans les cat\u00e9gories selon le GHS.<\/p>\n<p><u>Groupe d\u2018emballage I \/ Cat\u00e9gorie 1<\/u>\u00a0:<\/p>\n<ul>\n<li>Le m\u00e9lange de la substance \u00e0 tester et de cellulose en rapport massique de 1:1 s\u2019enflamme spontan\u00e9ment, ou<\/li>\n<li>La dur\u00e9e moyenne de mont\u00e9e en pression du m\u00e9lange de la substance \u00e0 tester et de cellulose est inf\u00e9rieure ou \u00e9gale \u00e0 celle d\u2019un m\u00e9lange acide perchlorique \u00e0 50% et de cellulose dans un rapport massique de 1:1<\/li>\n<\/ul>\n<p><u>Groupe d\u2018emballage II \/ Cat\u00e9gorie 2:<\/u><\/p>\n<ul>\n<li>Le m\u00e9lange de la substance \u00e0 tester et de cellulose en rapport massique de 1:1 pr\u00e9sente une dur\u00e9e moyenne de mont\u00e9e en pression inf\u00e9rieure ou \u00e9gale \u00e0 celle d\u2019un m\u00e9lange de r\u00e9f\u00e9rence de chlorate de sodium en solution aqueuse \u00e0 40% et de cellulose dans un rapport massique de 1:1;<\/li>\n<li>et ne remplit pas les crit\u00e8res de classement dans le groupe d\u2018emballage I.<\/li>\n<\/ul>\n<p><u>Groupe d\u2018emballage III \/ Cat\u00e9gorie 3:<\/u><\/p>\n<ul>\n<li>Le m\u00e9lange de la substance \u00e0 tester et de cellulose en rapport massique de 1:1 pr\u00e9sente une dur\u00e9e moyenne de mont\u00e9e en pression inf\u00e9rieure ou \u00e9gale \u00e0 celle d\u2019un m\u00e9lange de r\u00e9f\u00e9rence d\u2019acide nitrique en solution aqueuse \u00e0 65% et de cellulose dans un rapport massique de 1:1;<\/li>\n<li>et ne remplit pas les crit\u00e8res de classement dans les groupes d\u2018emballage I et II.<\/li>\n<\/ul>\n<p><u>Non classifi\u00e9 selon la division 5.1 \/ non comburant : <\/u><\/p>\n<ul>\n<li>Le m\u00e9lange de la substance \u00e0 tester et de cellulose en rapport massique de 1:1 pr\u00e9sente une dur\u00e9e moyenne de mont\u00e9e en pression inf\u00e9rieure \u00e0 2070 kPa;<\/li>\n<li>ou pr\u00e9sente une dur\u00e9e moyenne de mont\u00e9e en pression qui est sup\u00e9rieure \u00e0 celle d\u2019un m\u00e9lange de r\u00e9f\u00e9rence d\u2019acide nitrique en solution aqueuse et de cellulose dans un rapport massique de 1:1.\n<div id=\"attachment_10742\" style=\"width: 492px\" class=\"wp-caption aligncenter\"><img loading=\"lazy\" decoding=\"async\" aria-describedby=\"caption-attachment-10742\" class=\"size-full wp-image-10742\" src=\"https:\/\/consilab.de\/wp-content\/uploads\/2021\/06\/Sche\u0301ma-de-la-configuration-de-le\u0301preuve-ONU-O.2-.jpg\" alt=\"Sch\u00e9ma de la configuration de l\u2019\u00e9preuve ONU O.2 \" width=\"482\" height=\"262\" srcset=\"https:\/\/consilab.de\/wp-content\/uploads\/2021\/06\/Sche\u0301ma-de-la-configuration-de-le\u0301preuve-ONU-O.2-.jpg 482w, https:\/\/consilab.de\/wp-content\/uploads\/2021\/06\/Sche\u0301ma-de-la-configuration-de-le\u0301preuve-ONU-O.2--350x190.jpg 350w\" sizes=\"auto, (max-width: 482px) 100vw, 482px\" \/><p id=\"caption-attachment-10742\" class=\"wp-caption-text\">Figure: Sch\u00e9ma de la configuration de l\u2019\u00e9preuve ONU O.2<\/p><\/div><\/li>\n<\/ul>\n<p>[\/vc_column_text][vc_row_inner rt_row_style=\u00a0\u00bbglobal-style\u00a0\u00bb rt_bg_custom_alignment=\u00a0\u00bbtop\u00a0\u00bb][vc_column_inner width=\u00a0\u00bb1\/2&Prime; rt_column_shadow=\u00a0\u00bb\u00a0\u00bb rt_bg_image_repeat=\u00a0\u00bbrepeat\u00a0\u00bb rt_bg_size=\u00a0\u00bbauto auto\u00a0\u00bb rt_bg_attachment=\u00a0\u00bbscroll\u00a0\u00bb][vc_btn title=\u00a0\u00bbClassification des substances\u00a0\u00bb style=\u00a0\u00bbclassic\u00a0\u00bb color=\u00a0\u00bbpurple\u00a0\u00bb i_icon_fontawesome=\u00a0\u00bbfas fa-angle-left\u00a0\u00bb add_icon=\u00a0\u00bbtrue\u00a0\u00bb link=\u00a0\u00bburl:%2Ffr%2Fprestations%2Fclassification-des-substances%2F|title:Classification%20des%20substances\u00a0\u00bb el_class=\u00a0\u00bbbtn&#8211;red\u00a0\u00bb][\/vc_column_inner][vc_column_inner width=\u00a0\u00bb1\/2&Prime; rt_column_shadow=\u00a0\u00bb\u00a0\u00bb rt_bg_image_repeat=\u00a0\u00bbrepeat\u00a0\u00bb rt_bg_size=\u00a0\u00bbauto auto\u00a0\u00bb rt_bg_attachment=\u00a0\u00bbscroll\u00a0\u00bb][vc_btn title=\u00a0\u00bbPrestations\u00a0\u00bb style=\u00a0\u00bbclassic\u00a0\u00bb color=\u00a0\u00bbpurple\u00a0\u00bb i_icon_fontawesome=\u00a0\u00bbfas fa-angle-left\u00a0\u00bb add_icon=\u00a0\u00bbtrue\u00a0\u00bb link=\u00a0\u00bburl:%2Ffr%2Fprestations%2F|title:Prestations\u00a0\u00bb el_class=\u00a0\u00bbbtn&#8211;red\u00a0\u00bb][\/vc_column_inner][\/vc_row_inner][\/vc_column][\/vc_row]<\/p>\n","protected":false},"excerpt":{"rendered":"<p>[vc_row rt_row_background_width=\u00a0\u00bbfullwidth\u00a0\u00bb rt_row_content_width=\u00a0\u00bbdefault\u00a0\u00bb rt_row_style=\u00a0\u00bbdefault-style\u00a0\u00bb rt_row_borders=\u00a0\u00bb\u00a0\u00bb rt_row_shadows=\u00a0\u00bb\u00a0\u00bb rt_row_paddings=\u00a0\u00bbtrue\u00a0\u00bb rt_bg_effect=\u00a0\u00bbclassic\u00a0\u00bb rt_bg_image_repeat=\u00a0\u00bbrepeat\u00a0\u00bb rt_bg_size=\u00a0\u00bbcover\u00a0\u00bb rt_bg_position=\u00a0\u00bbright top\u00a0\u00bb rt_bg_attachment=\u00a0\u00bbscroll\u00a0\u00bb rt_bg_video_format=\u00a0\u00bbself-hosted\u00a0\u00bb][vc_column width=\u00a0\u00bb1\/3&Prime; rt_column_shadow=\u00a0\u00bb\u00a0\u00bb rt_bg_image_repeat=\u00a0\u00bbrepeat\u00a0\u00bb rt_bg_size=\u00a0\u00bbauto auto\u00a0\u00bb rt_bg_attachment=\u00a0\u00bbscroll\u00a0\u00bb class=\u00a0\u00bbdownload\u00a0\u00bb rt_bg_color=\u00a0\u00bb\u00a0\u00bb rt_bg_overlay_color=\u00a0\u00bb\u00a0\u00bb offset=\u00a0\u00bbvc_hidden-sm vc_hidden-xs\u00a0\u00bb css=\u00a0\u00bb.vc_custom_1529335398592{padding-bottom: 0px !important;}\u00a0\u00bb rt_padding_bottom=\u00a0\u00bb0&Prime;][vc_widget_sidebar sidebar_id=\u00a0\u00bbrt-theme-20-common-sidebar\u00a0\u00bb][\/vc_column][vc_column width=\u00a0\u00bb2\/3&Prime; rt_column_shadow=\u00a0\u00bb\u00a0\u00bb rt_bg_image_repeat=\u00a0\u00bbrepeat\u00a0\u00bb rt_bg_size=\u00a0\u00bbauto auto\u00a0\u00bb rt_bg_attachment=\u00a0\u00bbscroll\u00a0\u00bb class=\u00a0\u00bbmaincontent\u00a0\u00bb rt_bg_color=\u00a0\u00bb\u00a0\u00bb rt_bg_overlay_color=\u00a0\u00bb\u00a0\u00bb css=\u00a0\u00bb.vc_custom_1531993670525{padding-bottom: 2em !important;}\u00a0\u00bb][vc_column_text el_class=\u00a0\u00bbredborderleft\u00a0\u00bb] Propri\u00e9t\u00e9s comburantes des liquides : Test ONU O.2 Les liquides oxydants sont  &#8230;<br \/><a class=\"more-link\" href=\"https:\/\/consilab.de\/fr\/prestations\/classification-des-substances\/proprietes-comburantes-des-liquides-test-onu-o-2\/\">more | mehr<\/a><\/p>\n","protected":false},"author":2,"featured_media":0,"parent":9325,"menu_order":4,"comment_status":"closed","ping_status":"closed","template":"","meta":{"footnotes":""},"class_list":["post-10597","page","type-page","status-publish","hentry"],"_links":{"self":[{"href":"https:\/\/consilab.de\/fr\/wp-json\/wp\/v2\/pages\/10597","targetHints":{"allow":["GET"]}}],"collection":[{"href":"https:\/\/consilab.de\/fr\/wp-json\/wp\/v2\/pages"}],"about":[{"href":"https:\/\/consilab.de\/fr\/wp-json\/wp\/v2\/types\/page"}],"author":[{"embeddable":true,"href":"https:\/\/consilab.de\/fr\/wp-json\/wp\/v2\/users\/2"}],"replies":[{"embeddable":true,"href":"https:\/\/consilab.de\/fr\/wp-json\/wp\/v2\/comments?post=10597"}],"version-history":[{"count":1,"href":"https:\/\/consilab.de\/fr\/wp-json\/wp\/v2\/pages\/10597\/revisions"}],"predecessor-version":[{"id":12160,"href":"https:\/\/consilab.de\/fr\/wp-json\/wp\/v2\/pages\/10597\/revisions\/12160"}],"up":[{"embeddable":true,"href":"https:\/\/consilab.de\/fr\/wp-json\/wp\/v2\/pages\/9325"}],"wp:attachment":[{"href":"https:\/\/consilab.de\/fr\/wp-json\/wp\/v2\/media?parent=10597"}],"curies":[{"name":"wp","href":"https:\/\/api.w.org\/{rel}","templated":true}]}}