{"id":10822,"date":"2021-06-21T13:59:22","date_gmt":"2021-06-21T11:59:22","guid":{"rendered":"https:\/\/consilab.de\/?page_id=10822"},"modified":"2022-07-11T16:30:07","modified_gmt":"2022-07-11T14:30:07","slug":"classification-de-transport-des-substances-dangereuses-substances-explosives-conformement-au-reglement-clp-et-au-droit-des-transports-onu-matieres-explosives","status":"publish","type":"page","link":"https:\/\/consilab.de\/fr\/prestations\/classification-des-substances\/classification-de-transport-des-substances-dangereuses-substances-explosives-conformement-au-reglement-clp-et-au-droit-des-transports-onu-matieres-explosives\/","title":{"rendered":"Classification de transport des substances dangereuses : substances explosives conform\u00e9ment au r\u00e8glement CLP et au Droit des transports ONU (mati\u00e8res explosives)"},"content":{"rendered":"<p>[vc_row rt_row_background_width=\u00a0\u00bbfullwidth\u00a0\u00bb rt_row_content_width=\u00a0\u00bbdefault\u00a0\u00bb rt_row_style=\u00a0\u00bbdefault-style\u00a0\u00bb rt_row_borders=\u00a0\u00bb\u00a0\u00bb rt_row_shadows=\u00a0\u00bb\u00a0\u00bb rt_row_paddings=\u00a0\u00bbtrue\u00a0\u00bb rt_bg_effect=\u00a0\u00bbclassic\u00a0\u00bb rt_bg_image_repeat=\u00a0\u00bbrepeat\u00a0\u00bb rt_bg_size=\u00a0\u00bbcover\u00a0\u00bb rt_bg_position=\u00a0\u00bbright top\u00a0\u00bb rt_bg_attachment=\u00a0\u00bbscroll\u00a0\u00bb rt_bg_video_format=\u00a0\u00bbself-hosted\u00a0\u00bb][vc_column width=\u00a0\u00bb1\/3&Prime; rt_column_shadow=\u00a0\u00bb\u00a0\u00bb rt_bg_image_repeat=\u00a0\u00bbrepeat\u00a0\u00bb rt_bg_size=\u00a0\u00bbauto auto\u00a0\u00bb rt_bg_attachment=\u00a0\u00bbscroll\u00a0\u00bb class=\u00a0\u00bbdownload\u00a0\u00bb rt_bg_color=\u00a0\u00bb\u00a0\u00bb rt_bg_overlay_color=\u00a0\u00bb\u00a0\u00bb offset=\u00a0\u00bbvc_hidden-sm vc_hidden-xs\u00a0\u00bb css=\u00a0\u00bb.vc_custom_1529335398592{padding-bottom: 0px !important;}\u00a0\u00bb rt_padding_bottom=\u00a0\u00bb0&Prime;][vc_widget_sidebar sidebar_id=\u00a0\u00bbrt-theme-20-common-sidebar\u00a0\u00bb][\/vc_column][vc_column width=\u00a0\u00bb2\/3&Prime; rt_column_shadow=\u00a0\u00bb\u00a0\u00bb rt_bg_image_repeat=\u00a0\u00bbrepeat\u00a0\u00bb rt_bg_size=\u00a0\u00bbauto auto\u00a0\u00bb rt_bg_attachment=\u00a0\u00bbscroll\u00a0\u00bb class=\u00a0\u00bbmaincontent\u00a0\u00bb rt_bg_color=\u00a0\u00bb\u00a0\u00bb rt_bg_overlay_color=\u00a0\u00bb\u00a0\u00bb css=\u00a0\u00bb.vc_custom_1531993670525{padding-bottom: 2em !important;}\u00a0\u00bb][vc_column_text el_class=\u00a0\u00bbredborderleft\u00a0\u00bb]<\/p>\n<h1>Classification de transport des substances dangereuses : substances explosives conform\u00e9ment au r\u00e8glement CLP et au Droit des transports ONU (mati\u00e8res explosives)<\/h1>\n<h2>Les substances, les m\u00e9langes ou les produits qui sont pr\u00e9vus pour le transport doivent \u00eatre imp\u00e9rativement classifi\u00e9s en fonction de leurs caract\u00e9ristiques de dangerosit\u00e9. Une classe de substances pour laquelle il convient d\u2019apporter une attention toute particuli\u00e8re est celle des substances explosives.<\/h2>\n<p>Afin de traiter cette probl\u00e9matique de mani\u00e8re coordonn\u00e9e sur le plan international, des lignes directrices communes se rapportant aux crit\u00e8res \u00e0 examiner pour le transport des mati\u00e8res dangereuses ont \u00e9t\u00e9 d\u00e9finies dans le cadre des Nations Unies, notamment dans le r\u00e8glement \u201eManuel d\u2019\u00e9preuves et de crit\u00e8res ONU\u201c. Conform\u00e9ment \u00e0 ce r\u00e8glement, il est imp\u00e9ratif, pour toutes les substances, tous les m\u00e9langes ou tous les produits, d\u2019apporter la preuve de l\u2019existence av\u00e9r\u00e9e de propri\u00e9t\u00e9s explosives. Dans le cas des substances potentiellement explosives<em>, <\/em>il convient de v\u00e9rifier si celles-ci demeurent toutefois transportables et selon quelles quantit\u00e9s elles restent encore manipulables en toute s\u00e9curit\u00e9 en situation de transport.<\/p>\n<p>Dans les s\u00e9ries d\u2019\u00e9preuves ONU 1 et 2, on d\u00e9termine si la substance \u00e0 tester poss\u00e8de des propri\u00e9t\u00e9s explosibles et si, en cons\u00e9quence, il convient de la r\u00e9pertorier dans la classe 1 en tant que substance explosive (s\u00e9rie 1) ou si son potentiel explosif est trop faible pour une classification dans la classe 1 (s\u00e9rie 2).[\/vc_column_text][vc_row_inner rt_row_style=\u00a0\u00bbglobal-style\u00a0\u00bb rt_bg_custom_alignment=\u00a0\u00bbtop\u00a0\u00bb][vc_column_inner width=\u00a0\u00bb1\/2&Prime; rt_column_shadow=\u00a0\u00bb\u00a0\u00bb rt_bg_image_repeat=\u00a0\u00bbrepeat\u00a0\u00bb rt_bg_size=\u00a0\u00bbauto auto\u00a0\u00bb rt_bg_attachment=\u00a0\u00bbscroll\u00a0\u00bb][vc_btn title=\u00a0\u00bbClassification des substances\u00a0\u00bb style=\u00a0\u00bbclassic\u00a0\u00bb color=\u00a0\u00bbpurple\u00a0\u00bb i_icon_fontawesome=\u00a0\u00bbfas fa-angle-left\u00a0\u00bb add_icon=\u00a0\u00bbtrue\u00a0\u00bb link=\u00a0\u00bburl:%2Ffr%2Fprestations%2Fclassification-des-substances%2F|title:Classification%20des%20substances\u00a0\u00bb el_class=\u00a0\u00bbbtn&#8211;red\u00a0\u00bb][\/vc_column_inner][vc_column_inner width=\u00a0\u00bb1\/2&Prime; rt_column_shadow=\u00a0\u00bb\u00a0\u00bb rt_bg_image_repeat=\u00a0\u00bbrepeat\u00a0\u00bb rt_bg_size=\u00a0\u00bbauto auto\u00a0\u00bb rt_bg_attachment=\u00a0\u00bbscroll\u00a0\u00bb][vc_btn title=\u00a0\u00bbPrestations\u00a0\u00bb style=\u00a0\u00bbclassic\u00a0\u00bb color=\u00a0\u00bbpurple\u00a0\u00bb i_icon_fontawesome=\u00a0\u00bbfas fa-angle-left\u00a0\u00bb add_icon=\u00a0\u00bbtrue\u00a0\u00bb link=\u00a0\u00bburl:%2Ffr%2Fprestations%2F|title:Prestations\u00a0\u00bb el_class=\u00a0\u00bbbtn&#8211;red\u00a0\u00bb][\/vc_column_inner][\/vc_row_inner][\/vc_column][\/vc_row]<\/p>\n","protected":false},"excerpt":{"rendered":"<p>[vc_row rt_row_background_width=\u00a0\u00bbfullwidth\u00a0\u00bb rt_row_content_width=\u00a0\u00bbdefault\u00a0\u00bb rt_row_style=\u00a0\u00bbdefault-style\u00a0\u00bb rt_row_borders=\u00a0\u00bb\u00a0\u00bb rt_row_shadows=\u00a0\u00bb\u00a0\u00bb rt_row_paddings=\u00a0\u00bbtrue\u00a0\u00bb rt_bg_effect=\u00a0\u00bbclassic\u00a0\u00bb rt_bg_image_repeat=\u00a0\u00bbrepeat\u00a0\u00bb rt_bg_size=\u00a0\u00bbcover\u00a0\u00bb rt_bg_position=\u00a0\u00bbright top\u00a0\u00bb rt_bg_attachment=\u00a0\u00bbscroll\u00a0\u00bb rt_bg_video_format=\u00a0\u00bbself-hosted\u00a0\u00bb][vc_column width=\u00a0\u00bb1\/3&Prime; rt_column_shadow=\u00a0\u00bb\u00a0\u00bb rt_bg_image_repeat=\u00a0\u00bbrepeat\u00a0\u00bb rt_bg_size=\u00a0\u00bbauto auto\u00a0\u00bb rt_bg_attachment=\u00a0\u00bbscroll\u00a0\u00bb class=\u00a0\u00bbdownload\u00a0\u00bb rt_bg_color=\u00a0\u00bb\u00a0\u00bb rt_bg_overlay_color=\u00a0\u00bb\u00a0\u00bb offset=\u00a0\u00bbvc_hidden-sm vc_hidden-xs\u00a0\u00bb css=\u00a0\u00bb.vc_custom_1529335398592{padding-bottom: 0px !important;}\u00a0\u00bb rt_padding_bottom=\u00a0\u00bb0&Prime;][vc_widget_sidebar sidebar_id=\u00a0\u00bbrt-theme-20-common-sidebar\u00a0\u00bb][\/vc_column][vc_column width=\u00a0\u00bb2\/3&Prime; rt_column_shadow=\u00a0\u00bb\u00a0\u00bb rt_bg_image_repeat=\u00a0\u00bbrepeat\u00a0\u00bb rt_bg_size=\u00a0\u00bbauto auto\u00a0\u00bb rt_bg_attachment=\u00a0\u00bbscroll\u00a0\u00bb class=\u00a0\u00bbmaincontent\u00a0\u00bb rt_bg_color=\u00a0\u00bb\u00a0\u00bb rt_bg_overlay_color=\u00a0\u00bb\u00a0\u00bb css=\u00a0\u00bb.vc_custom_1531993670525{padding-bottom: 2em !important;}\u00a0\u00bb][vc_column_text el_class=\u00a0\u00bbredborderleft\u00a0\u00bb] Classification de transport des substances dangereuses : substances explosives conform\u00e9ment au r\u00e8glement  &#8230;<br \/><a class=\"more-link\" href=\"https:\/\/consilab.de\/fr\/prestations\/classification-des-substances\/classification-de-transport-des-substances-dangereuses-substances-explosives-conformement-au-reglement-clp-et-au-droit-des-transports-onu-matieres-explosives\/\">more | mehr<\/a><\/p>\n","protected":false},"author":2,"featured_media":0,"parent":9325,"menu_order":9,"comment_status":"closed","ping_status":"closed","template":"","meta":{"footnotes":""},"class_list":["post-10822","page","type-page","status-publish","hentry"],"_links":{"self":[{"href":"https:\/\/consilab.de\/fr\/wp-json\/wp\/v2\/pages\/10822","targetHints":{"allow":["GET"]}}],"collection":[{"href":"https:\/\/consilab.de\/fr\/wp-json\/wp\/v2\/pages"}],"about":[{"href":"https:\/\/consilab.de\/fr\/wp-json\/wp\/v2\/types\/page"}],"author":[{"embeddable":true,"href":"https:\/\/consilab.de\/fr\/wp-json\/wp\/v2\/users\/2"}],"replies":[{"embeddable":true,"href":"https:\/\/consilab.de\/fr\/wp-json\/wp\/v2\/comments?post=10822"}],"version-history":[{"count":1,"href":"https:\/\/consilab.de\/fr\/wp-json\/wp\/v2\/pages\/10822\/revisions"}],"predecessor-version":[{"id":12128,"href":"https:\/\/consilab.de\/fr\/wp-json\/wp\/v2\/pages\/10822\/revisions\/12128"}],"up":[{"embeddable":true,"href":"https:\/\/consilab.de\/fr\/wp-json\/wp\/v2\/pages\/9325"}],"wp:attachment":[{"href":"https:\/\/consilab.de\/fr\/wp-json\/wp\/v2\/media?parent=10822"}],"curies":[{"name":"wp","href":"https:\/\/api.w.org\/{rel}","templated":true}]}}