{"id":11408,"date":"2021-07-13T11:28:17","date_gmt":"2021-07-13T09:28:17","guid":{"rendered":"https:\/\/consilab.de\/?page_id=11408"},"modified":"2022-07-11T17:10:30","modified_gmt":"2022-07-11T15:10:30","slug":"epreuve-de-la-bombe-des-pays-bas-onu-serie-e-epreuve-e-2","status":"publish","type":"page","link":"https:\/\/consilab.de\/fr\/prestations\/classification-des-substances\/epreuve-de-la-bombe-des-pays-bas-onu-serie-e-epreuve-e-2\/","title":{"rendered":"\u00c9preuve de la bombe des Pays-Bas : ONU S\u00e9rie E, \u00c9preuve E.2"},"content":{"rendered":"<p>[vc_row rt_row_background_width=\u00a0\u00bbfullwidth\u00a0\u00bb rt_row_content_width=\u00a0\u00bbdefault\u00a0\u00bb rt_row_style=\u00a0\u00bbdefault-style\u00a0\u00bb rt_row_borders=\u00a0\u00bb\u00a0\u00bb rt_row_shadows=\u00a0\u00bb\u00a0\u00bb rt_row_paddings=\u00a0\u00bbtrue\u00a0\u00bb rt_bg_effect=\u00a0\u00bbclassic\u00a0\u00bb rt_bg_image_repeat=\u00a0\u00bbrepeat\u00a0\u00bb rt_bg_size=\u00a0\u00bbcover\u00a0\u00bb rt_bg_position=\u00a0\u00bbright top\u00a0\u00bb rt_bg_attachment=\u00a0\u00bbscroll\u00a0\u00bb rt_bg_video_format=\u00a0\u00bbself-hosted\u00a0\u00bb][vc_column width=\u00a0\u00bb1\/3&Prime; rt_column_shadow=\u00a0\u00bb\u00a0\u00bb rt_bg_image_repeat=\u00a0\u00bbrepeat\u00a0\u00bb rt_bg_size=\u00a0\u00bbauto auto\u00a0\u00bb rt_bg_attachment=\u00a0\u00bbscroll\u00a0\u00bb class=\u00a0\u00bbdownload\u00a0\u00bb rt_bg_color=\u00a0\u00bb\u00a0\u00bb rt_bg_overlay_color=\u00a0\u00bb\u00a0\u00bb offset=\u00a0\u00bbvc_hidden-sm vc_hidden-xs\u00a0\u00bb css=\u00a0\u00bb.vc_custom_1529335398592{padding-bottom: 0px !important;}\u00a0\u00bb rt_padding_bottom=\u00a0\u00bb0&Prime;][vc_widget_sidebar sidebar_id=\u00a0\u00bbrt-theme-20-common-sidebar\u00a0\u00bb][\/vc_column][vc_column width=\u00a0\u00bb2\/3&Prime; rt_column_shadow=\u00a0\u00bb\u00a0\u00bb rt_bg_image_repeat=\u00a0\u00bbrepeat\u00a0\u00bb rt_bg_size=\u00a0\u00bbauto auto\u00a0\u00bb rt_bg_attachment=\u00a0\u00bbscroll\u00a0\u00bb class=\u00a0\u00bbmaincontent\u00a0\u00bb rt_bg_color=\u00a0\u00bb\u00a0\u00bb rt_bg_overlay_color=\u00a0\u00bb\u00a0\u00bb css=\u00a0\u00bb.vc_custom_1531993670525{padding-bottom: 2em !important;}\u00a0\u00bb][vc_column_text el_class=\u00a0\u00bbredborderleft\u00a0\u00bb]<\/p>\n<h1>\u00c9preuve de la bombe des Pays-Bas : ONU S\u00e9rie E, \u00c9preuve E.2<\/h1>\n<h2>Pour cette \u00e9preuve on chauffe la mati\u00e8re \u00e0 tester dans une bombe qui est obtur\u00e9e par des disques \u00e0 lumi\u00e8re de diff\u00e9rents diam\u00e8tres.<\/h2>\n<p>La bombe est \u00e9galement \u00e9quip\u00e9e d\u2019un disque de rupture qui r\u00e9agit \u00e0 une pression de 6,2 \u00b1 0,60 bar. On d\u00e9termine de cette mani\u00e8re si une mati\u00e8re est susceptible de se d\u00e9composer spontan\u00e9ment sous l\u2019effet d\u2019une sollicitation thermique intensive.<\/p>\n<p>L\u2019appareillage se compose d\u2019une bombe dot\u00e9e d\u2019une plaque \u00e0 lumi\u00e8re et d\u2019un disque de rupture et que l\u2019on place dans un dispositif de chauffage et de protection (Figure 1).<\/p>\n<table width=\"642\">\n<tbody>\n<tr>\n<td width=\"425\"><strong>R\u00e9sultat<\/strong><\/td>\n<td width=\"217\"><strong>Classement selon l\u2019\u00e9preuve ONU E.2<\/strong><\/td>\n<\/tr>\n<tr>\n<td width=\"425\">Rupture du disque pour un orifice de 9,0 mm ou plus et un \u00e9chantillon de 10,0 g.<\/td>\n<td width=\"217\">\u201eViolent\u201c<\/td>\n<\/tr>\n<tr>\n<td width=\"425\">Pas de rupture du disque pour un orifice de 9,0 mm, mais rupture du disque pour un orifice de 3,5 mm ou 6 mm et un \u00e9chantillon de 10,0 g.<\/td>\n<td width=\"217\">\u201eMod\u00e9r\u00e9\u00a0\u00bb<\/td>\n<\/tr>\n<tr>\n<td width=\"425\">Pas de rupture du disque pour un orifice de 3,5 mm et un \u00e9chantillon de 10,0 g, mais rupture du disque pour un orifice de 1,0 mm ou 2,0 mm et un \u00e9chantillon de 10,0 g ou rupture du disque pour un orifice de 1,0 mm et un \u00e9chantillon de 50,0 g.<\/td>\n<td width=\"217\">\u201eFaible\u00a0\u00bb<\/td>\n<\/tr>\n<tr>\n<td width=\"425\">Pas de rupture du disque pour un orifice de 1,0 mm et un \u00e9chantillon de 50,0 g.<\/td>\n<td width=\"217\">\u201eNulle\u201c<\/td>\n<\/tr>\n<\/tbody>\n<\/table>\n<div id=\"attachment_11410\" style=\"width: 710px\" class=\"wp-caption alignnone\"><a href=\"https:\/\/consilab.de\/wp-content\/uploads\/2021\/07\/Dutch-Pressure-Vessel-Test.jpg\"><img loading=\"lazy\" decoding=\"async\" aria-describedby=\"caption-attachment-11410\" class=\"wp-image-11410 size-full\" src=\"https:\/\/consilab.de\/wp-content\/uploads\/2021\/07\/Dutch-Pressure-Vessel-Test.jpg\" alt=\"Appareillage pour d\u00e9terminer le degr\u00e9 de sensibilit\u00e9 de mati\u00e8res \u00e0 l\u2019\u00e9chauffement intensif sous confinement d\u00e9fini \u00c9preuve de la bombe des Pays-Bas\" width=\"700\" height=\"1233\" srcset=\"https:\/\/consilab.de\/wp-content\/uploads\/2021\/07\/Dutch-Pressure-Vessel-Test.jpg 700w, https:\/\/consilab.de\/wp-content\/uploads\/2021\/07\/Dutch-Pressure-Vessel-Test-199x350.jpg 199w, https:\/\/consilab.de\/wp-content\/uploads\/2021\/07\/Dutch-Pressure-Vessel-Test-581x1024.jpg 581w\" sizes=\"auto, (max-width: 700px) 100vw, 700px\" \/><\/a><p id=\"caption-attachment-11410\" class=\"wp-caption-text\">Figure 1 : Appareillage pour d\u00e9terminer le degr\u00e9 de sensibilit\u00e9 de mati\u00e8res \u00e0 l\u2019\u00e9chauffement intensif sous confinement d\u00e9fini (Manuel ONU, page 280)<\/p><\/div>\n<p>(A)\u00a0\u00a0 Disque de rupture<br \/>\n(B)\u00a0\u00a0 Disque \u00e0 lumi\u00e8re<br \/>\n(C)\u00a0\u00a0 Mati\u00e8re \u00e9prouv\u00e9e (10 g ou 50 g)<br \/>\n(D)\u00a0\u00a0 Bec T\u00e9clu<br \/>\n(E)\u00a0\u00a0 Bombe, diam\u00e8tre int\u00e9rieur de 50 mm et une hauteur int\u00e9rieure de 94,5 mm[\/vc_column_text][vc_row_inner rt_row_style=\u00a0\u00bbglobal-style\u00a0\u00bb rt_bg_custom_alignment=\u00a0\u00bbtop\u00a0\u00bb][vc_column_inner width=\u00a0\u00bb1\/2&Prime; rt_column_shadow=\u00a0\u00bb\u00a0\u00bb rt_bg_image_repeat=\u00a0\u00bbrepeat\u00a0\u00bb rt_bg_size=\u00a0\u00bbauto auto\u00a0\u00bb rt_bg_attachment=\u00a0\u00bbscroll\u00a0\u00bb][vc_btn title=\u00a0\u00bbClassification des substances\u00a0\u00bb style=\u00a0\u00bbclassic\u00a0\u00bb color=\u00a0\u00bbpurple\u00a0\u00bb i_icon_fontawesome=\u00a0\u00bbfas fa-angle-left\u00a0\u00bb add_icon=\u00a0\u00bbtrue\u00a0\u00bb link=\u00a0\u00bburl:%2Ffr%2Fprestations%2Fclassification-des-substances%2F|title:Classification%20des%20substances\u00a0\u00bb el_class=\u00a0\u00bbbtn&#8211;red\u00a0\u00bb][\/vc_column_inner][vc_column_inner width=\u00a0\u00bb1\/2&Prime; rt_column_shadow=\u00a0\u00bb\u00a0\u00bb rt_bg_image_repeat=\u00a0\u00bbrepeat\u00a0\u00bb rt_bg_size=\u00a0\u00bbauto auto\u00a0\u00bb rt_bg_attachment=\u00a0\u00bbscroll\u00a0\u00bb][vc_btn title=\u00a0\u00bbPrestations\u00a0\u00bb style=\u00a0\u00bbclassic\u00a0\u00bb color=\u00a0\u00bbpurple\u00a0\u00bb i_icon_fontawesome=\u00a0\u00bbfas fa-angle-left\u00a0\u00bb add_icon=\u00a0\u00bbtrue\u00a0\u00bb link=\u00a0\u00bburl:%2Ffr%2Fprestations%2F|title:Prestations\u00a0\u00bb el_class=\u00a0\u00bbbtn&#8211;red\u00a0\u00bb][\/vc_column_inner][\/vc_row_inner][\/vc_column][\/vc_row]<\/p>\n","protected":false},"excerpt":{"rendered":"<p>[vc_row rt_row_background_width=\u00a0\u00bbfullwidth\u00a0\u00bb rt_row_content_width=\u00a0\u00bbdefault\u00a0\u00bb rt_row_style=\u00a0\u00bbdefault-style\u00a0\u00bb rt_row_borders=\u00a0\u00bb\u00a0\u00bb rt_row_shadows=\u00a0\u00bb\u00a0\u00bb rt_row_paddings=\u00a0\u00bbtrue\u00a0\u00bb rt_bg_effect=\u00a0\u00bbclassic\u00a0\u00bb rt_bg_image_repeat=\u00a0\u00bbrepeat\u00a0\u00bb rt_bg_size=\u00a0\u00bbcover\u00a0\u00bb rt_bg_position=\u00a0\u00bbright top\u00a0\u00bb rt_bg_attachment=\u00a0\u00bbscroll\u00a0\u00bb rt_bg_video_format=\u00a0\u00bbself-hosted\u00a0\u00bb][vc_column width=\u00a0\u00bb1\/3&Prime; rt_column_shadow=\u00a0\u00bb\u00a0\u00bb rt_bg_image_repeat=\u00a0\u00bbrepeat\u00a0\u00bb rt_bg_size=\u00a0\u00bbauto auto\u00a0\u00bb rt_bg_attachment=\u00a0\u00bbscroll\u00a0\u00bb class=\u00a0\u00bbdownload\u00a0\u00bb rt_bg_color=\u00a0\u00bb\u00a0\u00bb rt_bg_overlay_color=\u00a0\u00bb\u00a0\u00bb offset=\u00a0\u00bbvc_hidden-sm vc_hidden-xs\u00a0\u00bb css=\u00a0\u00bb.vc_custom_1529335398592{padding-bottom: 0px !important;}\u00a0\u00bb rt_padding_bottom=\u00a0\u00bb0&Prime;][vc_widget_sidebar sidebar_id=\u00a0\u00bbrt-theme-20-common-sidebar\u00a0\u00bb][\/vc_column][vc_column width=\u00a0\u00bb2\/3&Prime; rt_column_shadow=\u00a0\u00bb\u00a0\u00bb rt_bg_image_repeat=\u00a0\u00bbrepeat\u00a0\u00bb rt_bg_size=\u00a0\u00bbauto auto\u00a0\u00bb rt_bg_attachment=\u00a0\u00bbscroll\u00a0\u00bb class=\u00a0\u00bbmaincontent\u00a0\u00bb rt_bg_color=\u00a0\u00bb\u00a0\u00bb rt_bg_overlay_color=\u00a0\u00bb\u00a0\u00bb css=\u00a0\u00bb.vc_custom_1531993670525{padding-bottom: 2em !important;}\u00a0\u00bb][vc_column_text el_class=\u00a0\u00bbredborderleft\u00a0\u00bb] \u00c9preuve de la bombe des Pays-Bas : ONU S\u00e9rie E, \u00c9preuve E.2  &#8230;<br \/><a class=\"more-link\" href=\"https:\/\/consilab.de\/fr\/prestations\/classification-des-substances\/epreuve-de-la-bombe-des-pays-bas-onu-serie-e-epreuve-e-2\/\">more | mehr<\/a><\/p>\n","protected":false},"author":1,"featured_media":0,"parent":9325,"menu_order":1,"comment_status":"closed","ping_status":"closed","template":"","meta":{"footnotes":""},"class_list":["post-11408","page","type-page","status-publish","hentry"],"_links":{"self":[{"href":"https:\/\/consilab.de\/fr\/wp-json\/wp\/v2\/pages\/11408","targetHints":{"allow":["GET"]}}],"collection":[{"href":"https:\/\/consilab.de\/fr\/wp-json\/wp\/v2\/pages"}],"about":[{"href":"https:\/\/consilab.de\/fr\/wp-json\/wp\/v2\/types\/page"}],"author":[{"embeddable":true,"href":"https:\/\/consilab.de\/fr\/wp-json\/wp\/v2\/users\/1"}],"replies":[{"embeddable":true,"href":"https:\/\/consilab.de\/fr\/wp-json\/wp\/v2\/comments?post=11408"}],"version-history":[{"count":1,"href":"https:\/\/consilab.de\/fr\/wp-json\/wp\/v2\/pages\/11408\/revisions"}],"predecessor-version":[{"id":12151,"href":"https:\/\/consilab.de\/fr\/wp-json\/wp\/v2\/pages\/11408\/revisions\/12151"}],"up":[{"embeddable":true,"href":"https:\/\/consilab.de\/fr\/wp-json\/wp\/v2\/pages\/9325"}],"wp:attachment":[{"href":"https:\/\/consilab.de\/fr\/wp-json\/wp\/v2\/media?parent=11408"}],"curies":[{"name":"wp","href":"https:\/\/api.w.org\/{rel}","templated":true}]}}