{"id":11489,"date":"2021-07-21T10:43:26","date_gmt":"2021-07-21T08:43:26","guid":{"rendered":"https:\/\/consilab.de\/?page_id=11489"},"modified":"2022-07-11T16:04:46","modified_gmt":"2022-07-11T14:04:46","slug":"determination-de-lenergie-minimale-dinflammation-dans-lappareil-mike-3","status":"publish","type":"page","link":"https:\/\/consilab.de\/fr\/prestations\/caracteristiques-des-substances-relevant-de-la-securite\/determination-de-lenergie-minimale-dinflammation-dans-lappareil-mike-3\/","title":{"rendered":"D\u00e9termination de l\u2018\u00e9nergie minimale d\u2019inflammation dans l\u2019appareil MIKE 3"},"content":{"rendered":"<p>[vc_row rt_row_background_width=\u00a0\u00bbfullwidth\u00a0\u00bb rt_row_content_width=\u00a0\u00bbdefault\u00a0\u00bb rt_row_style=\u00a0\u00bbdefault-style\u00a0\u00bb rt_row_borders=\u00a0\u00bb\u00a0\u00bb rt_row_shadows=\u00a0\u00bb\u00a0\u00bb rt_row_paddings=\u00a0\u00bbtrue\u00a0\u00bb rt_bg_effect=\u00a0\u00bbclassic\u00a0\u00bb rt_bg_image_repeat=\u00a0\u00bbrepeat\u00a0\u00bb rt_bg_size=\u00a0\u00bbcover\u00a0\u00bb rt_bg_position=\u00a0\u00bbright top\u00a0\u00bb rt_bg_attachment=\u00a0\u00bbscroll\u00a0\u00bb rt_bg_video_format=\u00a0\u00bbself-hosted\u00a0\u00bb][vc_column width=\u00a0\u00bb1\/3&Prime; rt_column_shadow=\u00a0\u00bb\u00a0\u00bb rt_bg_image_repeat=\u00a0\u00bbrepeat\u00a0\u00bb rt_bg_size=\u00a0\u00bbauto auto\u00a0\u00bb rt_bg_attachment=\u00a0\u00bbscroll\u00a0\u00bb class=\u00a0\u00bbdownload\u00a0\u00bb rt_bg_color=\u00a0\u00bb\u00a0\u00bb rt_bg_overlay_color=\u00a0\u00bb\u00a0\u00bb offset=\u00a0\u00bbvc_hidden-sm vc_hidden-xs\u00a0\u00bb css=\u00a0\u00bb.vc_custom_1529335398592{padding-bottom: 0px !important;}\u00a0\u00bb rt_padding_bottom=\u00a0\u00bb0&Prime;][vc_widget_sidebar sidebar_id=\u00a0\u00bbrt-theme-20-common-sidebar\u00a0\u00bb][\/vc_column][vc_column width=\u00a0\u00bb2\/3&Prime; rt_column_shadow=\u00a0\u00bb\u00a0\u00bb rt_bg_image_repeat=\u00a0\u00bbrepeat\u00a0\u00bb rt_bg_size=\u00a0\u00bbauto auto\u00a0\u00bb rt_bg_attachment=\u00a0\u00bbscroll\u00a0\u00bb class=\u00a0\u00bbmaincontent\u00a0\u00bb rt_bg_color=\u00a0\u00bb\u00a0\u00bb rt_bg_overlay_color=\u00a0\u00bb\u00a0\u00bb css=\u00a0\u00bb.vc_custom_1626263450502{padding-bottom: 0px !important;}\u00a0\u00bb][vc_column_text]<\/p>\n<h1>D\u00e9termination de l\u2018\u00e9nergie minimale d\u2019inflammation dans l\u2019appareil MIKE 3<\/h1>\n<h2>La d\u00e9termination de l\u2019\u00e9nergie minimale d\u2019inflammation d\u2019un produit pulv\u00e9rulent s\u2019effectue conform\u00e9ment \u00e0 la norme DIN EN ISO 80079-20-2 (ant\u00e9rieurement DIN EN 13821) dans l\u2019appareil MIKE 3.<\/h2>\n<p>L\u2019\u00e9nergie minimale d\u2019inflammation est la plus basse \u00e9nergie \u00e9lectrique capacitive accumul\u00e9e dans un condensateur, d\u00e9termin\u00e9e dans les conditions d\u2019essai prescrites, et qui suffit tout juste par d\u00e9charge \u00e0 enflammer le m\u00e9lange air\/poussi\u00e8re d\u2019une poussi\u00e8re d\u00e9termin\u00e9e qui s\u2019enflamme le plus facilement. L\u2019\u00e9nergie minimale d\u2019inflammation d\u00e9cro\u00eet avec le diam\u00e8tre des particules et lorsque la temp\u00e9rature augmente.<\/p>\n<p>L\u2019appareillage se compose d\u2019un tube de Hartmann modifi\u00e9 en verre. Au milieu du tube se trouvent deux orifices permettant d\u2019introduire les \u00e9lectrodes qui vont g\u00e9n\u00e9rer une \u00e9nergie comprise entre 1 mJ et 1.000 mJ. Ce tube est pos\u00e9 sur un r\u00e9ceptacle comportant un syst\u00e8me qui va disperser la poussi\u00e8re par un jet d\u2019air comprim\u00e9 de 7 bar et produire ainsi un m\u00e9lange poussi\u00e8re\/air de concentrations diff\u00e9rentes. L\u2019inflammation du m\u00e9lange est due \u00e0 une d\u00e9charge capacitive entre deux \u00e9lectrodes. Les essais sont r\u00e9alis\u00e9s pour diff\u00e9rents d\u00e9lais d\u2019inflammation et diff\u00e9rentes \u00e9nergies d\u2019inflammation. L\u2019estimation des r\u00e9sultats des essais s\u2019effectue visuellement. La d\u00e9termination de l\u2019\u00e9nergie minimale d\u2019inflammation peut s\u2019effectuer aussi bien \u00e0 temp\u00e9rature ambiante qu\u2019\u00e0 une temp\u00e9rature sur\u00e9lev\u00e9e. L\u2019essai peut \u00eatre r\u00e9alis\u00e9 avec ou sans r\u00e9sistance inductive dans le circuit d\u2019inflammation.<\/p>\n<p>[\/vc_column_text][vc_single_image image=\u00a0\u00bb11604&Prime; img_size=\u00a0\u00bbfull\u00a0\u00bb css=\u00a0\u00bb.vc_custom_1626856949103{margin-top: 2em !important;margin-bottom: 2em !important;}\u00a0\u00bb][vc_row_inner rt_row_style=\u00a0\u00bbglobal-style\u00a0\u00bb rt_bg_custom_alignment=\u00a0\u00bbtop\u00a0\u00bb][vc_column_inner width=\u00a0\u00bb1\/2&Prime; rt_column_shadow=\u00a0\u00bb\u00a0\u00bb rt_bg_image_repeat=\u00a0\u00bbrepeat\u00a0\u00bb rt_bg_size=\u00a0\u00bbauto auto\u00a0\u00bb rt_bg_attachment=\u00a0\u00bbscroll\u00a0\u00bb][vc_btn title=\u00a0\u00bbCaract\u00e9ristiques des substances\u00a0\u00bb style=\u00a0\u00bbclassic\u00a0\u00bb color=\u00a0\u00bbpurple\u00a0\u00bb i_icon_fontawesome=\u00a0\u00bbfas fa-angle-left\u00a0\u00bb add_icon=\u00a0\u00bbtrue\u00a0\u00bb link=\u00a0\u00bburl:%2Ffr%2Fprestations%2Fcaracteristiques-des-substances-relevant-de-la-securite%2F|title:Caract%C3%A9ristiques%20des%20substances\u00a0\u00bb el_class=\u00a0\u00bbbtn&#8211;red\u00a0\u00bb][\/vc_column_inner][vc_column_inner width=\u00a0\u00bb1\/2&Prime; rt_column_shadow=\u00a0\u00bb\u00a0\u00bb rt_bg_image_repeat=\u00a0\u00bbrepeat\u00a0\u00bb rt_bg_size=\u00a0\u00bbauto auto\u00a0\u00bb rt_bg_attachment=\u00a0\u00bbscroll\u00a0\u00bb][vc_btn title=\u00a0\u00bbPrestations\u00a0\u00bb style=\u00a0\u00bbclassic\u00a0\u00bb color=\u00a0\u00bbpurple\u00a0\u00bb i_icon_fontawesome=\u00a0\u00bbfas fa-angle-left\u00a0\u00bb add_icon=\u00a0\u00bbtrue\u00a0\u00bb link=\u00a0\u00bburl:%2Ffr%2Fprestations%2F|title:Prestations\u00a0\u00bb el_class=\u00a0\u00bbbtn&#8211;red\u00a0\u00bb][\/vc_column_inner][\/vc_row_inner][\/vc_column][\/vc_row]<\/p>\n","protected":false},"excerpt":{"rendered":"<p>[vc_row rt_row_background_width=\u00a0\u00bbfullwidth\u00a0\u00bb rt_row_content_width=\u00a0\u00bbdefault\u00a0\u00bb rt_row_style=\u00a0\u00bbdefault-style\u00a0\u00bb rt_row_borders=\u00a0\u00bb\u00a0\u00bb rt_row_shadows=\u00a0\u00bb\u00a0\u00bb rt_row_paddings=\u00a0\u00bbtrue\u00a0\u00bb rt_bg_effect=\u00a0\u00bbclassic\u00a0\u00bb rt_bg_image_repeat=\u00a0\u00bbrepeat\u00a0\u00bb rt_bg_size=\u00a0\u00bbcover\u00a0\u00bb rt_bg_position=\u00a0\u00bbright top\u00a0\u00bb rt_bg_attachment=\u00a0\u00bbscroll\u00a0\u00bb rt_bg_video_format=\u00a0\u00bbself-hosted\u00a0\u00bb][vc_column width=\u00a0\u00bb1\/3&Prime; rt_column_shadow=\u00a0\u00bb\u00a0\u00bb rt_bg_image_repeat=\u00a0\u00bbrepeat\u00a0\u00bb rt_bg_size=\u00a0\u00bbauto auto\u00a0\u00bb rt_bg_attachment=\u00a0\u00bbscroll\u00a0\u00bb class=\u00a0\u00bbdownload\u00a0\u00bb rt_bg_color=\u00a0\u00bb\u00a0\u00bb rt_bg_overlay_color=\u00a0\u00bb\u00a0\u00bb offset=\u00a0\u00bbvc_hidden-sm vc_hidden-xs\u00a0\u00bb css=\u00a0\u00bb.vc_custom_1529335398592{padding-bottom: 0px !important;}\u00a0\u00bb rt_padding_bottom=\u00a0\u00bb0&Prime;][vc_widget_sidebar sidebar_id=\u00a0\u00bbrt-theme-20-common-sidebar\u00a0\u00bb][\/vc_column][vc_column width=\u00a0\u00bb2\/3&Prime; rt_column_shadow=\u00a0\u00bb\u00a0\u00bb rt_bg_image_repeat=\u00a0\u00bbrepeat\u00a0\u00bb rt_bg_size=\u00a0\u00bbauto auto\u00a0\u00bb rt_bg_attachment=\u00a0\u00bbscroll\u00a0\u00bb class=\u00a0\u00bbmaincontent\u00a0\u00bb rt_bg_color=\u00a0\u00bb\u00a0\u00bb rt_bg_overlay_color=\u00a0\u00bb\u00a0\u00bb css=\u00a0\u00bb.vc_custom_1626263450502{padding-bottom: 0px !important;}\u00a0\u00bb][vc_column_text] D\u00e9termination de l\u2018\u00e9nergie minimale d\u2019inflammation dans l\u2019appareil MIKE 3 La d\u00e9termination de l\u2019\u00e9nergie  &#8230;<br \/><a class=\"more-link\" href=\"https:\/\/consilab.de\/fr\/prestations\/caracteristiques-des-substances-relevant-de-la-securite\/determination-de-lenergie-minimale-dinflammation-dans-lappareil-mike-3\/\">more | mehr<\/a><\/p>\n","protected":false},"author":2,"featured_media":0,"parent":9313,"menu_order":18,"comment_status":"closed","ping_status":"closed","template":"","meta":{"footnotes":""},"class_list":["post-11489","page","type-page","status-publish","hentry"],"_links":{"self":[{"href":"https:\/\/consilab.de\/fr\/wp-json\/wp\/v2\/pages\/11489","targetHints":{"allow":["GET"]}}],"collection":[{"href":"https:\/\/consilab.de\/fr\/wp-json\/wp\/v2\/pages"}],"about":[{"href":"https:\/\/consilab.de\/fr\/wp-json\/wp\/v2\/types\/page"}],"author":[{"embeddable":true,"href":"https:\/\/consilab.de\/fr\/wp-json\/wp\/v2\/users\/2"}],"replies":[{"embeddable":true,"href":"https:\/\/consilab.de\/fr\/wp-json\/wp\/v2\/comments?post=11489"}],"version-history":[{"count":1,"href":"https:\/\/consilab.de\/fr\/wp-json\/wp\/v2\/pages\/11489\/revisions"}],"predecessor-version":[{"id":12090,"href":"https:\/\/consilab.de\/fr\/wp-json\/wp\/v2\/pages\/11489\/revisions\/12090"}],"up":[{"embeddable":true,"href":"https:\/\/consilab.de\/fr\/wp-json\/wp\/v2\/pages\/9313"}],"wp:attachment":[{"href":"https:\/\/consilab.de\/fr\/wp-json\/wp\/v2\/media?parent=11489"}],"curies":[{"name":"wp","href":"https:\/\/api.w.org\/{rel}","templated":true}]}}