{"id":9278,"date":"2016-01-22T03:46:42","date_gmt":"2016-01-22T03:46:42","guid":{"rendered":"https:\/\/consilab.de\/start-2\/"},"modified":"2023-02-21T11:40:30","modified_gmt":"2023-02-21T10:40:30","slug":"start-2","status":"publish","type":"page","link":"https:\/\/consilab.de\/fr\/","title":{"rendered":"Start"},"content":{"rendered":"<p>[vc_row rt_row_background_width=\u00a0\u00bbfullwidth\u00a0\u00bb rt_row_content_width=\u00a0\u00bbfullwidth\u00a0\u00bb rt_row_style=\u00a0\u00bbdefault-style\u00a0\u00bb rt_row_borders=\u00a0\u00bb\u00a0\u00bb rt_row_shadows=\u00a0\u00bb\u00a0\u00bb rt_row_paddings=\u00a0\u00bbfalse\u00a0\u00bb rt_bg_effect=\u00a0\u00bbclassic\u00a0\u00bb rt_bg_image_repeat=\u00a0\u00bbno-repeat\u00a0\u00bb rt_bg_size=\u00a0\u00bbcover\u00a0\u00bb rt_bg_position=\u00a0\u00bbcenter center\u00a0\u00bb rt_bg_attachment=\u00a0\u00bbscroll\u00a0\u00bb rt_bg_video_format=\u00a0\u00bbself-hosted\u00a0\u00bb rt_bg_image=\u00a0\u00bb2828&Prime; class=\u00a0\u00bbhome__box\u00a0\u00bb][vc_column id=\u00a0\u00bbrisikenerkennen\u00a0\u00bb rt_column_shadow=\u00a0\u00bb\u00a0\u00bb rt_bg_image_repeat=\u00a0\u00bbrepeat\u00a0\u00bb rt_bg_size=\u00a0\u00bbauto auto\u00a0\u00bb rt_bg_attachment=\u00a0\u00bbscroll\u00a0\u00bb rt_bg_color=\u00a0\u00bb\u00a0\u00bb rt_bg_overlay_color=\u00a0\u00bb\u00a0\u00bb css=\u00a0\u00bb.vc_custom_1604433641516{background-position: center !important;background-repeat: no-repeat !important;background-size: cover !important;}\u00a0\u00bb][vc_row_inner rt_row_style=\u00a0\u00bbglobal-style\u00a0\u00bb rt_bg_custom_alignment=\u00a0\u00bbtop\u00a0\u00bb class=\u00a0\u00bbhome__header_row\u00a0\u00bb][vc_column_inner rt_column_shadow=\u00a0\u00bb\u00a0\u00bb rt_bg_image_repeat=\u00a0\u00bbrepeat\u00a0\u00bb rt_bg_size=\u00a0\u00bbauto auto\u00a0\u00bb rt_bg_attachment=\u00a0\u00bbscroll\u00a0\u00bb rt_bg_color=\u00a0\u00bb\u00a0\u00bb rt_bg_overlay_color=\u00a0\u00bb\u00a0\u00bb class=\u00a0\u00bbhome__header\u00a0\u00bb][vc_column_text el_class=\u00a0\u00bbhome__header__text\u00a0\u00bb]<\/p>\n<h1>IDENTIFIER ET TRAITER LES RISQUES<\/h1>\n<h2>Vous pouvez proscrire les temps d\u2019immobilisation co\u00fbteux\u00a0: lorsqu\u2019il est question de la s\u00e9curit\u00e9 des installations et des process, nos clients ont toute confiance au savoir-faire et \u00e0 la fiabilit\u00e9 de notre \u00e9quipe d\u2019experts \u2013 bien entendu dans un total respect des r\u00e8gles et des normes en vigueur<\/h2>\n<p>[\/vc_column_text][\/vc_column_inner][\/vc_row_inner][\/vc_column][\/vc_row][vc_row rt_row_background_width=\u00a0\u00bbfullwidth\u00a0\u00bb rt_row_content_width=\u00a0\u00bbdefault\u00a0\u00bb rt_row_style=\u00a0\u00bbdefault-style\u00a0\u00bb rt_row_borders=\u00a0\u00bb\u00a0\u00bb rt_row_shadows=\u00a0\u00bb\u00a0\u00bb rt_column_view=\u00a0\u00bbgrid\u00a0\u00bb rt_row_paddings=\u00a0\u00bbtrue\u00a0\u00bb id=\u00a0\u00bbhome_contentrow\u00a0\u00bb rt_bg_effect=\u00a0\u00bbparallax\u00a0\u00bb rt_bg_parallax_effect=\u00a0\u00bb1&Prime; rt_bg_image_repeat=\u00a0\u00bbrepeat\u00a0\u00bb rt_bg_size=\u00a0\u00bbauto auto\u00a0\u00bb rt_bg_position=\u00a0\u00bbright top\u00a0\u00bb rt_bg_video_format=\u00a0\u00bbself-hosted\u00a0\u00bb rt_row_width=\u00a0\u00bbdefault\u00a0\u00bb rt_row_placement=\u00a0\u00bbtrue\u00a0\u00bb rt_grid=\u00a0\u00bb\u00a0\u00bb rt_padding_top=\u00a0\u00bb15px\u00a0\u00bb rt_padding_bottom=\u00a0\u00bb6%\u00a0\u00bb rt_bg_color=\u00a0\u00bb#ffffff\u00a0\u00bb class=\u00a0\u00bbtablet\u00a0\u00bb][vc_column width=\u00a0\u00bb1\/3&Prime; rt_column_shadow=\u00a0\u00bbtrue\u00a0\u00bb rt_bg_image_repeat=\u00a0\u00bbrepeat\u00a0\u00bb rt_bg_size=\u00a0\u00bbauto auto\u00a0\u00bb rt_bg_attachment=\u00a0\u00bbscroll\u00a0\u00bb css=\u00a0\u00bb.vc_custom_1531924701250{margin-top: -10em !important;padding-top: 12px !important;padding-bottom: 12px !important;background-color: #ffffff !important;}\u00a0\u00bb rt_bg_color=\u00a0\u00bb\u00a0\u00bb rt_bg_overlay_color=\u00a0\u00bb\u00a0\u00bb class=\u00a0\u00bbstart_row_1&Prime; rt_padding_top=\u00a0\u00bb0&Prime;][vc_single_image image=\u00a0\u00bb11790&Prime; img_size=\u00a0\u00bbfull\u00a0\u00bb alignment=\u00a0\u00bbcenter\u00a0\u00bb onclick=\u00a0\u00bbcustom_link\u00a0\u00bb link=\u00a0\u00bb\/fr\/securite-pour-vos-installations\/\u00a0\u00bb]<div class=\"rt_heading_wrapper style-1\">\n\t\t\t\t\t\t<h4 class=\"rt_heading  style-1\" >S\u00c9CURIT\u00c9 POUR VOS INSTALLATIONS<\/h4>\n\t\t\t\t\t<\/div>[vc_column_text css=\u00a0\u00bb.vc_custom_1616498727915{padding-left: 14px !important;}\u00a0\u00bb]Chez consilab, nous savons que la s\u00e9curit\u00e9 d\u2019une installation d\u00e9pend de nombreux facteurs. Nous analysons cette th\u00e9matique sous tous ses aspects, afin que vous puissiez \u00e0 tout moment \u00eatre assur\u00e9 de la s\u00fbret\u00e9 de vos installations <a href=\"\/fr\/securite-pour-vos-installations\/\">| plus |<\/a>[\/vc_column_text][vc_empty_space height=\u00a0\u00bb5px\u00a0\u00bb][\/vc_column][vc_column width=\u00a0\u00bb1\/3&Prime; rt_column_shadow=\u00a0\u00bbtrue\u00a0\u00bb rt_bg_image_repeat=\u00a0\u00bbrepeat\u00a0\u00bb rt_bg_size=\u00a0\u00bbauto auto\u00a0\u00bb rt_bg_attachment=\u00a0\u00bbscroll\u00a0\u00bb css=\u00a0\u00bb.vc_custom_1531926684723{margin-top: -10em !important;margin-right: 12px !important;margin-left: 15px !important;padding-top: 12px !important;padding-bottom: 15px !important;background-color: #ffffff !important;}\u00a0\u00bb rt_bg_color=\u00a0\u00bb\u00a0\u00bb rt_bg_overlay_color=\u00a0\u00bb\u00a0\u00bb class=\u00a0\u00bbstart_row_2&Prime;][vc_single_image image=\u00a0\u00bb2793&Prime; img_size=\u00a0\u00bbfull\u00a0\u00bb alignment=\u00a0\u00bbcenter\u00a0\u00bb onclick=\u00a0\u00bbcustom_link\u00a0\u00bb link=\u00a0\u00bb\/fr\/prestations\/\u00a0\u00bb]<div class=\"rt_heading_wrapper style-1\">\n\t\t\t\t\t\t<h4 class=\"rt_heading  style-1\" >NOS PRESTATIONS<\/h4>\n\t\t\t\t\t<\/div>[vc_column_text css=\u00a0\u00bb.vc_custom_1616498777339{padding-left: 14px !important;}\u00a0\u00bb]Les ing\u00e9nieurs et chimistes de consilab agissent \u00e9troitement en \u00e9quipe. Gr\u00e2ce \u00e0 ce travail interdisciplinaire, vous b\u00e9n\u00e9ficiez de toutes les prestations essentielles en mati\u00e8re de s\u00e9curit\u00e9, et cela avec un seul et m\u00eame partenaire<br \/>\n<a href=\"\/fr\/prestations\/\">| plus |<\/a>[\/vc_column_text][\/vc_column][vc_column width=\u00a0\u00bb1\/3&Prime; rt_column_shadow=\u00a0\u00bbtrue\u00a0\u00bb rt_bg_image_repeat=\u00a0\u00bbrepeat\u00a0\u00bb rt_bg_size=\u00a0\u00bbauto auto\u00a0\u00bb rt_bg_attachment=\u00a0\u00bbscroll\u00a0\u00bb css=\u00a0\u00bb.vc_custom_1531924712026{margin-top: -10em !important;padding-top: 12px !important;padding-bottom: 15px !important;background-color: #ffffff !important;}\u00a0\u00bb rt_bg_color=\u00a0\u00bb\u00a0\u00bb rt_bg_overlay_color=\u00a0\u00bb\u00a0\u00bb class=\u00a0\u00bbstart_row_3&Prime;][vc_single_image image=\u00a0\u00bb12397&Prime; img_size=\u00a0\u00bbfull\u00a0\u00bb alignment=\u00a0\u00bbcenter\u00a0\u00bb onclick=\u00a0\u00bbcustom_link\u00a0\u00bb link=\u00a0\u00bb\/fr\/consilab\/\u00a0\u00bb]<div class=\"rt_heading_wrapper style-1\">\n\t\t\t\t\t\t<h4 class=\"rt_heading  style-1\" >CONSILAB<\/h4>\n\t\t\t\t\t<\/div>[vc_column_text css=\u00a0\u00bb.vc_custom_1616498843063{padding-left: 14px !important;}\u00a0\u00bb]Cette activit\u00e9 d\u00e9velopp\u00e9e en 2009, n\u00e9e \u00e0 partir d\u2019une simple id\u00e9e au sein d\u2019une petite \u00e9quipe \u00e0 Francfort aupr\u00e8s de la soci\u00e9t\u00e9 H\u00f6chst, compte d\u00e9sormais 46 collaborateurs dans un deuxi\u00e8me site implant\u00e9 \u00e0 Leverkusen.<br \/>\n<a href=\"\/fr\/consilab\/\">| plus |<\/a>[\/vc_column_text][vc_empty_space height=\u00a0\u00bb5px\u00a0\u00bb][\/vc_column][\/vc_row][vc_row rt_row_background_width=\u00a0\u00bbfullwidth\u00a0\u00bb rt_row_content_width=\u00a0\u00bbdefault\u00a0\u00bb rt_row_style=\u00a0\u00bbdefault-style\u00a0\u00bb rt_row_borders=\u00a0\u00bb\u00a0\u00bb rt_row_shadows=\u00a0\u00bb\u00a0\u00bb rt_row_paddings=\u00a0\u00bbtrue\u00a0\u00bb rt_bg_effect=\u00a0\u00bbclassic\u00a0\u00bb rt_bg_image_repeat=\u00a0\u00bbrepeat\u00a0\u00bb rt_bg_size=\u00a0\u00bbcover\u00a0\u00bb rt_bg_position=\u00a0\u00bbright top\u00a0\u00bb rt_bg_attachment=\u00a0\u00bbscroll\u00a0\u00bb rt_bg_video_format=\u00a0\u00bbself-hosted\u00a0\u00bb class=\u00a0\u00bbfullwidthrow\u00a0\u00bb][vc_column width=\u00a0\u00bb2\/3&Prime; rt_column_shadow=\u00a0\u00bb\u00a0\u00bb rt_bg_image_repeat=\u00a0\u00bbrepeat\u00a0\u00bb rt_bg_size=\u00a0\u00bbauto auto\u00a0\u00bb rt_bg_attachment=\u00a0\u00bbscroll\u00a0\u00bb]<div class=\"rt_heading_wrapper style-1\">\n\t\t\t\t\t\t<h4 class=\"rt_heading  style-1\" >LA QUALIT\u00c9, UNE GARANTIE DE S\u00c9CURIT\u00c9 <\/h4>\n\t\t\t\t\t<\/div>[vc_column_text]<\/p>\n<div class=\"page\" title=\"Page 1\">\n<div class=\"section\">\n<div class=\"layoutArea\">\n<div class=\"column\">\n<p>Notre syst\u00e8me de mangement de la qualit\u00e9 est certifi\u00e9 ISO 9001 par le T\u00dcV Rheinland (Rh\u00e9nanie)<\/p>\n<\/div>\n<\/div>\n<\/div>\n<\/div>\n<p>[\/vc_column_text][\/vc_column][vc_column width=\u00a0\u00bb1\/3&Prime; rt_column_shadow=\u00a0\u00bb\u00a0\u00bb rt_bg_image_repeat=\u00a0\u00bbrepeat\u00a0\u00bb rt_bg_size=\u00a0\u00bbauto auto\u00a0\u00bb rt_bg_attachment=\u00a0\u00bbscroll\u00a0\u00bb][vc_single_image image=\u00a0\u00bb11309&Prime; img_size=\u00a0\u00bbfull\u00a0\u00bb alignment=\u00a0\u00bbright\u00a0\u00bb onclick=\u00a0\u00bbcustom_link\u00a0\u00bb img_link_target=\u00a0\u00bb_blank\u00a0\u00bb link=\u00a0\u00bbhttps:\/\/www.tuv.com\/germany\/de\/\u00a0\u00bb][\/vc_column][\/vc_row][vc_row rt_row_background_width=\u00a0\u00bbfullwidth\u00a0\u00bb rt_row_content_width=\u00a0\u00bbdefault\u00a0\u00bb rt_row_style=\u00a0\u00bbdefault-style\u00a0\u00bb rt_row_borders=\u00a0\u00bb\u00a0\u00bb rt_row_shadows=\u00a0\u00bb\u00a0\u00bb rt_row_paddings=\u00a0\u00bbtrue\u00a0\u00bb rt_bg_effect=\u00a0\u00bbclassic\u00a0\u00bb rt_bg_image_repeat=\u00a0\u00bbrepeat\u00a0\u00bb rt_bg_size=\u00a0\u00bbauto auto\u00a0\u00bb rt_bg_position=\u00a0\u00bbright top\u00a0\u00bb rt_bg_attachment=\u00a0\u00bbscroll\u00a0\u00bb rt_bg_video_format=\u00a0\u00bbself-hosted\u00a0\u00bb rt_row_width=\u00a0\u00bbdefault\u00a0\u00bb rt_padding_bottom=\u00a0\u00bb2%\u00a0\u00bb rt_grid=\u00a0\u00bb\u00a0\u00bb rt_bg_color=\u00a0\u00bb#eeeeee\u00a0\u00bb rt_padding_top=\u00a0\u00bb2%\u00a0\u00bb][vc_column width=\u00a0\u00bb1\/6&Prime; rt_column_shadow=\u00a0\u00bb\u00a0\u00bb rt_bg_image_repeat=\u00a0\u00bbrepeat\u00a0\u00bb rt_bg_size=\u00a0\u00bbauto auto\u00a0\u00bb rt_bg_attachment=\u00a0\u00bbscroll\u00a0\u00bb][\/vc_column][vc_column width=\u00a0\u00bb2\/3&Prime; rt_column_shadow=\u00a0\u00bb\u00a0\u00bb rt_bg_image_repeat=\u00a0\u00bbrepeat\u00a0\u00bb rt_bg_size=\u00a0\u00bbauto auto\u00a0\u00bb rt_bg_attachment=\u00a0\u00bbscroll\u00a0\u00bb]<div class=\"rt_heading_wrapper style-1\">\n\t\t\t\t\t\t<h4 class=\"rt_heading  style-1\" >CONTACT<\/h4>\n\t\t\t\t\t<\/div>[vc_column_text]Besoin de toute urgence d\u2019une mise \u00e0 jour de s\u00e9curit\u00e9 ? Alors n\u2019h\u00e9sitez pas \u00e0 nous appeler : <a href=\"tel:+496930530012\">+49 (0) 69 30530012<\/a> ou laissez-nous un message :<\/p>\n<div class=\"wpforms-container wpforms-container-full\" id=\"wpforms-11294\"><form id=\"wpforms-form-11294\" class=\"wpforms-validate wpforms-form\" data-formid=\"11294\" method=\"post\" enctype=\"multipart\/form-data\" action=\"\/fr\/wp-json\/wp\/v2\/pages\/9278\" data-token=\"d7d2d5ca453bc5818450f089d358be14\" data-token-time=\"1776035230\"><noscript class=\"wpforms-error-noscript\">Veuillez activer JavaScript dans votre navigateur pour remplir ce formulaire.<\/noscript><div class=\"wpforms-field-container\"><div id=\"wpforms-11294-field_5-container\" class=\"wpforms-field wpforms-field-text\" data-field-id=\"5\"><label class=\"wpforms-field-label wpforms-label-hide\" for=\"wpforms-11294-field_5\">Pr\u00e9nom et nom<\/label><input type=\"text\" id=\"wpforms-11294-field_5\" class=\"wpforms-field-large\" name=\"wpforms[fields][5]\" placeholder=\"Pr\u00e9nom et nom\" ><\/div><div id=\"wpforms-11294-field_1-container\" class=\"wpforms-field wpforms-field-email\" data-field-id=\"1\"><label class=\"wpforms-field-label wpforms-label-hide\" for=\"wpforms-11294-field_1\">Adresse e-mail <span class=\"wpforms-required-label\">*<\/span><\/label><input type=\"email\" id=\"wpforms-11294-field_1\" class=\"wpforms-field-large wpforms-field-required\" name=\"wpforms[fields][1]\" placeholder=\"*Adresse e-mail\" spellcheck=\"false\" required><\/div><div id=\"wpforms-11294-field_4-container\" class=\"wpforms-field wpforms-field-text\" data-field-id=\"4\"><label class=\"wpforms-field-label wpforms-label-hide\" for=\"wpforms-11294-field_4\">Entreprise<\/label><input type=\"text\" id=\"wpforms-11294-field_4\" class=\"wpforms-field-large\" name=\"wpforms[fields][4]\" placeholder=\"Entreprise\" ><\/div><div id=\"wpforms-11294-field_11-container\" class=\"wpforms-field wpforms-field-phone\" data-field-id=\"11\"><label class=\"wpforms-field-label wpforms-label-hide\" for=\"wpforms-11294-field_11\">T\u00e9l\u00e9phone<\/label><input type=\"tel\" id=\"wpforms-11294-field_11\" class=\"wpforms-field-large wpforms-smart-phone-field\" data-rule-smart-phone-field=\"true\" name=\"wpforms[fields][11]\" placeholder=\"T\u00e9l\u00e9phone\" aria-label=\"T\u00e9l\u00e9phone\" ><\/div><div id=\"wpforms-11294-field_2-container\" class=\"wpforms-field wpforms-field-textarea\" data-field-id=\"2\"><label class=\"wpforms-field-label wpforms-label-hide\" for=\"wpforms-11294-field_2\">Message <span class=\"wpforms-required-label\">*<\/span><\/label><textarea id=\"wpforms-11294-field_2\" class=\"wpforms-field-medium wpforms-field-required\" name=\"wpforms[fields][2]\" placeholder=\"*Message\" required><\/textarea><\/div><div id=\"wpforms-11294-field_13-container\" class=\"wpforms-field wpforms-field-html\" data-field-id=\"13\"><div id=\"wpforms-11294-field_13\"><p>Le pr\u00e9sent formulaire recueille et traite votre adresse e-mail et, si vous les indiquez de plein gr\u00e9, \u00e9galement votre nom et votre entreprise. En utilisant ce formulaire, vous donnez votre accord pour la conservation et le traitement de vos donn\u00e9es par ce site Internet. Vous confirmez avoir lu la d\u00e9claration sur la <a href=\"\/fr\/declaration-sur-la-protection-des-donnees\/\" alt=\"protection des donn\u00e9es\" target=\"_blank\">protection des donn\u00e9es<\/a> et en acceptez les termes.<\/p><\/div><\/div><div id=\"wpforms-11294-field_12-container\" class=\"wpforms-field wpforms-field-html recaptcha-notice\" data-field-id=\"12\"><div id=\"wpforms-11294-field_12\">Pour vous prot\u00e9ger contre le spam, ce formulaire utilise des questions anti-spam simples.<\/div><\/div><div id=\"wpforms-11294-field_14-container\" class=\"wpforms-field wpforms-field-captcha\" data-field-id=\"14\"><label class=\"wpforms-field-label\" for=\"wpforms-11294-field_14\">Protection contre les spams <span class=\"wpforms-required-label\">*<\/span><\/label><p id=\"wpforms-11294-field_14-question\" class=\"wpforms-captcha-question\">7 + 4 ?<\/p>\n\t\t<input type=\"text\" id=\"wpforms-11294-field_14\" class=\"wpforms-field-medium wpforms-field-required a\" data-rule-wpf-captcha=\"qa\" data-is-wrapped-field=\"1\" data-a=\"11\" name=\"wpforms[fields][14][a]\" aria-describedby=\"wpforms-11294-field_14-question\" required>\n\t\t<input type=\"hidden\" name=\"wpforms[fields][14][q]\" value=\"1\">\n\n\t\t<\/div><\/div><!-- .wpforms-field-container --><div class=\"wpforms-submit-container\" ><input type=\"hidden\" name=\"wpforms[id]\" value=\"11294\"><input type=\"hidden\" name=\"page_title\" value=\"\"><input type=\"hidden\" name=\"page_url\" value=\"https:\/\/consilab.de\/fr\/wp-json\/wp\/v2\/pages\/9278\"><input type=\"hidden\" name=\"url_referer\" value=\"\"><button type=\"submit\" name=\"wpforms[submit]\" id=\"wpforms-submit-11294\" class=\"wpforms-submit submit\" data-alt-text=\"Envoyant \u2026 \" data-submit-text=\"Envoyer\" aria-live=\"assertive\" value=\"wpforms-submit\">Envoyer<\/button><\/div><\/form><\/div>  <!-- .wpforms-container -->[\/vc_column_text][\/vc_column][vc_column width=\u00a0\u00bb1\/6&Prime; rt_column_shadow=\u00a0\u00bb\u00a0\u00bb rt_bg_image_repeat=\u00a0\u00bbrepeat\u00a0\u00bb rt_bg_size=\u00a0\u00bbauto auto\u00a0\u00bb rt_bg_attachment=\u00a0\u00bbscroll\u00a0\u00bb][\/vc_column][\/vc_row]<\/p>\n","protected":false},"excerpt":{"rendered":"<p>[vc_row rt_row_background_width=\u00a0\u00bbfullwidth\u00a0\u00bb rt_row_content_width=\u00a0\u00bbfullwidth\u00a0\u00bb rt_row_style=\u00a0\u00bbdefault-style\u00a0\u00bb rt_row_borders=\u00a0\u00bb\u00a0\u00bb rt_row_shadows=\u00a0\u00bb\u00a0\u00bb rt_row_paddings=\u00a0\u00bbfalse\u00a0\u00bb rt_bg_effect=\u00a0\u00bbclassic\u00a0\u00bb rt_bg_image_repeat=\u00a0\u00bbno-repeat\u00a0\u00bb rt_bg_size=\u00a0\u00bbcover\u00a0\u00bb rt_bg_position=\u00a0\u00bbcenter center\u00a0\u00bb rt_bg_attachment=\u00a0\u00bbscroll\u00a0\u00bb rt_bg_video_format=\u00a0\u00bbself-hosted\u00a0\u00bb rt_bg_image=\u00a0\u00bb2828&Prime; class=\u00a0\u00bbhome__box\u00a0\u00bb][vc_column id=\u00a0\u00bbrisikenerkennen\u00a0\u00bb rt_column_shadow=\u00a0\u00bb\u00a0\u00bb rt_bg_image_repeat=\u00a0\u00bbrepeat\u00a0\u00bb rt_bg_size=\u00a0\u00bbauto auto\u00a0\u00bb rt_bg_attachment=\u00a0\u00bbscroll\u00a0\u00bb rt_bg_color=\u00a0\u00bb\u00a0\u00bb rt_bg_overlay_color=\u00a0\u00bb\u00a0\u00bb css=\u00a0\u00bb.vc_custom_1604433641516{background-position: center !important;background-repeat: no-repeat !important;background-size: cover !important;}\u00a0\u00bb][vc_row_inner rt_row_style=\u00a0\u00bbglobal-style\u00a0\u00bb rt_bg_custom_alignment=\u00a0\u00bbtop\u00a0\u00bb class=\u00a0\u00bbhome__header_row\u00a0\u00bb][vc_column_inner rt_column_shadow=\u00a0\u00bb\u00a0\u00bb rt_bg_image_repeat=\u00a0\u00bbrepeat\u00a0\u00bb rt_bg_size=\u00a0\u00bbauto auto\u00a0\u00bb rt_bg_attachment=\u00a0\u00bbscroll\u00a0\u00bb rt_bg_color=\u00a0\u00bb\u00a0\u00bb rt_bg_overlay_color=\u00a0\u00bb\u00a0\u00bb class=\u00a0\u00bbhome__header\u00a0\u00bb][vc_column_text el_class=\u00a0\u00bbhome__header__text\u00a0\u00bb] IDENTIFIER ET TRAITER LES RISQUES Vous pouvez proscrire les temps d\u2019immobilisation co\u00fbteux\u00a0:  &#8230;<br \/><a class=\"more-link\" href=\"https:\/\/consilab.de\/fr\/\">more | mehr<\/a><\/p>\n","protected":false},"author":1,"featured_media":0,"parent":0,"menu_order":0,"comment_status":"closed","ping_status":"closed","template":"","meta":{"footnotes":""},"class_list":["post-9278","page","type-page","status-publish","hentry"],"_links":{"self":[{"href":"https:\/\/consilab.de\/fr\/wp-json\/wp\/v2\/pages\/9278","targetHints":{"allow":["GET"]}}],"collection":[{"href":"https:\/\/consilab.de\/fr\/wp-json\/wp\/v2\/pages"}],"about":[{"href":"https:\/\/consilab.de\/fr\/wp-json\/wp\/v2\/types\/page"}],"author":[{"embeddable":true,"href":"https:\/\/consilab.de\/fr\/wp-json\/wp\/v2\/users\/1"}],"replies":[{"embeddable":true,"href":"https:\/\/consilab.de\/fr\/wp-json\/wp\/v2\/comments?post=9278"}],"version-history":[{"count":1,"href":"https:\/\/consilab.de\/fr\/wp-json\/wp\/v2\/pages\/9278\/revisions"}],"predecessor-version":[{"id":12401,"href":"https:\/\/consilab.de\/fr\/wp-json\/wp\/v2\/pages\/9278\/revisions\/12401"}],"wp:attachment":[{"href":"https:\/\/consilab.de\/fr\/wp-json\/wp\/v2\/media?parent=9278"}],"curies":[{"name":"wp","href":"https:\/\/api.w.org\/{rel}","templated":true}]}}