{"id":9296,"date":"2016-01-17T04:12:30","date_gmt":"2016-01-17T03:12:30","guid":{"rendered":"https:\/\/consilab.de\/sicherheit-fuer-ihre-anlagen\/"},"modified":"2021-06-25T15:04:58","modified_gmt":"2021-06-25T13:04:58","slug":"securite-pour-vos-installations","status":"publish","type":"page","link":"https:\/\/consilab.de\/fr\/securite-pour-vos-installations\/","title":{"rendered":"S\u00e9curit\u00e9 pour vos installations"},"content":{"rendered":"<p>[vc_row rt_row_background_width=\u00a0\u00bbfullwidth\u00a0\u00bb rt_row_content_width=\u00a0\u00bbdefault\u00a0\u00bb rt_row_style=\u00a0\u00bbdefault-style\u00a0\u00bb rt_row_borders=\u00a0\u00bb\u00a0\u00bb rt_row_shadows=\u00a0\u00bb\u00a0\u00bb rt_row_paddings=\u00a0\u00bbtrue\u00a0\u00bb rt_bg_effect=\u00a0\u00bbclassic\u00a0\u00bb rt_bg_image_repeat=\u00a0\u00bbrepeat\u00a0\u00bb rt_bg_size=\u00a0\u00bbcover\u00a0\u00bb rt_bg_position=\u00a0\u00bbright top\u00a0\u00bb rt_bg_attachment=\u00a0\u00bbscroll\u00a0\u00bb rt_bg_video_format=\u00a0\u00bbself-hosted\u00a0\u00bb rt_padding_bottom=\u00a0\u00bb2%\u00a0\u00bb rt_padding_top=\u00a0\u00bb0&Prime;][vc_column width=\u00a0\u00bb1\/3&Prime; rt_column_shadow=\u00a0\u00bb\u00a0\u00bb rt_bg_image_repeat=\u00a0\u00bbrepeat\u00a0\u00bb rt_bg_size=\u00a0\u00bbauto auto\u00a0\u00bb rt_bg_attachment=\u00a0\u00bbscroll\u00a0\u00bb class=\u00a0\u00bbdownload\u00a0\u00bb rt_bg_color=\u00a0\u00bb\u00a0\u00bb rt_bg_overlay_color=\u00a0\u00bb\u00a0\u00bb offset=\u00a0\u00bbvc_hidden-sm vc_hidden-xs\u00a0\u00bb css=\u00a0\u00bb.vc_custom_1531839290531{padding-top: 1em !important;}\u00a0\u00bb][vc_column_text el_class=\u00a0\u00bbredborderleft_lv\u00a0\u00bb css=\u00a0\u00bb.vc_custom_1624626296387{margin-bottom: 21.5px !important;}\u00a0\u00bb]<\/p>\n<h3>Informations<\/h3>\n<p><a href=\"\/wp-content\/uploads\/2021\/02\/consilab_leistungsverzeichnis_2021_FR.pdf\" target=\"_blank\" rel=\"noopener noreferrer\">T\u00e9l\u00e9charger le cahier des charges (PDF)<\/a>[\/vc_column_text][\/vc_column][vc_column width=\u00a0\u00bb2\/3&Prime; rt_column_shadow=\u00a0\u00bb\u00a0\u00bb rt_bg_image_repeat=\u00a0\u00bbrepeat\u00a0\u00bb rt_bg_size=\u00a0\u00bbauto auto\u00a0\u00bb rt_bg_attachment=\u00a0\u00bbscroll\u00a0\u00bb class=\u00a0\u00bbmaincontent\u00a0\u00bb rt_bg_color=\u00a0\u00bb\u00a0\u00bb rt_bg_overlay_color=\u00a0\u00bb\u00a0\u00bb css=\u00a0\u00bb.vc_custom_1531839398611{margin-bottom: 2em !important;padding-top: 1em !important;}\u00a0\u00bb][vc_column_text el_class=\u00a0\u00bbredborderleft\u00a0\u00bb css=\u00a0\u00bb.vc_custom_1613396227483{margin-bottom: 2em !important;}\u00a0\u00bb]<\/p>\n<h1>S\u00e9curit\u00e9 pour vos installations<\/h1>\n<h2>Il est imp\u00e9ratif que les installations de proc\u00e9d\u00e9s industriels soient \u00e9difi\u00e9es et exploit\u00e9es de mani\u00e8re \u00e0 ne pr\u00e9senter aucun danger, tant pour le personnel directement li\u00e9 \u00e0 l\u2019installation que pour les personnes qui \u00e9voluent dans le voisinage, et qu\u2019elles ne pr\u00e9sentent aucune source de risque pour l\u2019environnement.<\/h2>\n<p>La seule quantification du niveau de s\u00fbret\u00e9 d\u2018une installation elle-m\u00eame n\u2019est pas suffisante\u00a0; pour cela, il importe de prendre \u00e9galement en compte de nombreux autres facteurs d\u00e9terminants, notamment les substances \u00e0 traiter, les r\u00e9actions chimiques, les process, les processus de travail, l\u2019\u00e9quipement technique et bien s\u00fbr les personnes qui travaillent sur celle-ci.<\/p>\n<h3>CHEZ CONSILAB, NOUS PR\u00c9CONISONS DE CE FAIT UNE APPROCHE GLOBALE<\/h3>\n<p>Nous analysons la th\u00e9matique de la s\u00e9curit\u00e9 sous tous ses aspects et prenons en compte dans nos r\u00e9flexions tous les facteurs intervenants.<\/p>\n<p>Nous optimisons ainsi pour nos clients la s\u00e9curit\u00e9 et la s\u00fbret\u00e9, nous minimisons les risques de d\u00e9faillances, nous veillons \u00e0 optimiser les processus et instaurons ainsi un climat de confiance aux yeux de tous.<\/p>\n<h3>POUR VOUS, NOUS GARDONS PR\u00c9SENTS \u00c0 L\u2019ESPRIT TOUS LES ASPECTS ESSENTIELS<\/h3>\n<p>Pour plus d\u2019informations, veuillez cliquer \u00e0 droite sur un\u00a0 <span style=\"color: #e50000;\"><span class=\"rt-icon icon-plus \"><\/span>\u00a0<\/span>[\/vc_column_text]<div  class=\"rt-toggle \"><ol><li  class=\"\"><div class=\"toggle-head\"><div class=\"toggle-number\"><span class=\"icon-beaker\"><\/span><\/div><div class=\"toggle-title clean_heading\">SUBSTANCES<\/div><\/div><div class=\"toggle-content\"><p><strong>Les risques sous-jacents aux installations sont caract\u00e9ris\u00e9s de mani\u00e8re d\u00e9terminante par les substances utilis\u00e9es.<\/strong><\/p>\n<p>Ces substances peuvent \u00eatre combustibles, toxiques, voire repr\u00e9senter une menace pour l\u2019environnement. Un aspect primordial de la s\u00e9curit\u00e9 des installations est par cons\u00e9quent la pr\u00e9vention des accidents tels que les incendies, les explosions, les r\u00e9actions de d\u00e9composition voire la diss\u00e9mination de substances toxiques.<\/p>\n<p>Pour ce faire, nous nous pr\u00e9occupons des propri\u00e9t\u00e9s physico-chimiques des substances seules et en m\u00e9lange, de leurs caract\u00e9ristiques de s\u00e9curit\u00e9 et de leurs r\u00e9actions chimiques.<\/p>\n<p>Les propri\u00e9t\u00e9s des substances seront \u00e9galement d\u00e9terminantes dans le choix des solutions techniques et de l\u2019exploitation des installations.<\/p>\n<p>Les concepts de s\u00e9curit\u00e9 que nous \u00e9laborons prennent fortement en compte cet aspect des choses.<\/p>\n<\/div><\/li><li  class=\"\"><div class=\"toggle-head\"><div class=\"toggle-number\"><span class=\"flam icon-fire-station\"><\/span><\/div><div class=\"toggle-title clean_heading\">PROC\u00c9D\u00c9S<\/div><\/div><div class=\"toggle-content\"><p>Par le traitement, voire la transformation de ces substances au moyen de proc\u00e9d\u00e9s m\u00e9caniques, thermiques et chimiques, les installations de proc\u00e9d\u00e9s industriels produisent des biens commercialisables.<\/p>\n<p>Ce sont principalement les proc\u00e9d\u00e9s mis en \u0153uvre qui d\u00e9terminent le niveau d\u2019impact des propri\u00e9t\u00e9s dangereuses de ces substances sur la s\u00e9curit\u00e9 des installations.<\/p>\n<p>Il est par cons\u00e9quent essentiel d\u2019\u00e9valuer l\u2019ensemble des situations et des sc\u00e9narios de dysfonctionnements possibles. Des mesures d\u2019optimisation sont alors concevables, telles que la r\u00e9duction de la quantit\u00e9 des substances dangereuses mises en \u0153uvre, voire leur substitution, la r\u00e9duction de la potentielle r\u00e9activit\u00e9 des substances concern\u00e9es, la simplification des proc\u00e9d\u00e9s et bien s\u00fbr la pr\u00e9vention de certains processus chimiques ou physiques, notamment par la restriction des conditions op\u00e9ratoires (pression, temp\u00e9rature).<\/p>\n<p>Nous disposons de connaissances approfondies des contraintes physiques, chimiques et techniques inh\u00e9rentes aux installations de proc\u00e9d\u00e9s industriels et sommes ainsi en mesure de conseiller nos clients de mani\u00e8re optimale.<\/p>\n<\/div><\/li><li  class=\"\"><div class=\"toggle-head\"><div class=\"toggle-number\"><span class=\"flam icon-wind icon-fire-station\"><\/span><\/div><div class=\"toggle-title clean_heading\">S\u00c9CURIT\u00c9 DES INSTALLATIONS<\/div><\/div><div class=\"toggle-content\"><p>La conception technique d\u2019une installation, qui englobe les appareils, les machines, les canalisations et la technique de contr\u00f4le des processus industriels, joue un r\u00f4le primordial pour sa s\u00e9curit\u00e9.<\/p>\n<p>C\u2019est ainsi que lors de la construction de l\u2019installation, il est imp\u00e9ratif de garantir que tous les composants soient correctement assembl\u00e9s. Une installation gagne par ailleurs en s\u00e9curit\u00e9 lorsque les processus d\u2019\u00e9change peuvent \u00eatre acc\u00e9l\u00e9r\u00e9s et r\u00e9alis\u00e9s dans un espace restreint. De surcro\u00eet, la mise en place de circuits ferm\u00e9s, permettant le confinement des substances dangereuses, contribue fortement \u00e0 la s\u00e9curit\u00e9.<\/p>\n<p>En r\u00e9alisant des op\u00e9rations de s\u00e9curit\u00e9 complexes pour les installations de proc\u00e9d\u00e9s industriels, le contr\u00f4le de processus industriel joue aujourd\u2019hui un r\u00f4le majeur dans la s\u00e9curit\u00e9 d&rsquo;une installation.<\/p>\n<p>Nous savons l\u2019importance de la conception technique des installations sur la s\u00e9curit\u00e9 dans l\u2019entreprise et partageons volontiers ce savoir-faire avec nos clients.<\/p>\n<\/div><\/li><li  class=\"\"><div class=\"toggle-head\"><div class=\"toggle-number\"><span class=\"icon-user\"><\/span><\/div><div class=\"toggle-title clean_heading\">L\u2019HUMAIN<\/div><\/div><div class=\"toggle-content\"><p>Quels que soient les efforts visant une optimisation des proc\u00e9d\u00e9s et de l\u2019\u00e9quipement technique des installations, la personne qui intervient sur ces installations aura toujours un impact capital sur la s\u00e9curit\u00e9.<\/p>\n<p>Il est imp\u00e9ratif que ces personnes poss\u00e8dent des qualifications de tout premier ordre, il faut qu\u2019elles puissent avoir acc\u00e8s \u00e0 des formations th\u00e9oriques et pratiques, ainsi qu\u2019\u00e0 des proc\u00e9dures de travail et des instructions clairement structur\u00e9es. Leur mission est d\u2019assurer le fonctionnement de ces installations, d\u2019en assurer la maintenance et la surveillance et de r\u00e9agir en cas de d\u00e9faillance.<\/p>\n<p>Pour qu\u2019elles puissent s\u2019acquitter de mani\u00e8re optimale de leurs t\u00e2ches, le soutien de professionnels peut \u00eatre utile, et nous nous ferons un plaisir de vous apporter notre soutien.<\/p>\n<\/div><\/li><\/ol><\/div>[\/vc_column][\/vc_row]<\/p>\n","protected":false},"excerpt":{"rendered":"<p>[vc_row rt_row_background_width=\u00a0\u00bbfullwidth\u00a0\u00bb rt_row_content_width=\u00a0\u00bbdefault\u00a0\u00bb rt_row_style=\u00a0\u00bbdefault-style\u00a0\u00bb rt_row_borders=\u00a0\u00bb\u00a0\u00bb rt_row_shadows=\u00a0\u00bb\u00a0\u00bb rt_row_paddings=\u00a0\u00bbtrue\u00a0\u00bb rt_bg_effect=\u00a0\u00bbclassic\u00a0\u00bb rt_bg_image_repeat=\u00a0\u00bbrepeat\u00a0\u00bb rt_bg_size=\u00a0\u00bbcover\u00a0\u00bb rt_bg_position=\u00a0\u00bbright top\u00a0\u00bb rt_bg_attachment=\u00a0\u00bbscroll\u00a0\u00bb rt_bg_video_format=\u00a0\u00bbself-hosted\u00a0\u00bb rt_padding_bottom=\u00a0\u00bb2%\u00a0\u00bb rt_padding_top=\u00a0\u00bb0&Prime;][vc_column width=\u00a0\u00bb1\/3&Prime; rt_column_shadow=\u00a0\u00bb\u00a0\u00bb rt_bg_image_repeat=\u00a0\u00bbrepeat\u00a0\u00bb rt_bg_size=\u00a0\u00bbauto auto\u00a0\u00bb rt_bg_attachment=\u00a0\u00bbscroll\u00a0\u00bb class=\u00a0\u00bbdownload\u00a0\u00bb rt_bg_color=\u00a0\u00bb\u00a0\u00bb rt_bg_overlay_color=\u00a0\u00bb\u00a0\u00bb offset=\u00a0\u00bbvc_hidden-sm vc_hidden-xs\u00a0\u00bb css=\u00a0\u00bb.vc_custom_1531839290531{padding-top: 1em !important;}\u00a0\u00bb][vc_column_text el_class=\u00a0\u00bbredborderleft_lv\u00a0\u00bb css=\u00a0\u00bb.vc_custom_1624626296387{margin-bottom: 21.5px !important;}\u00a0\u00bb] Informations T\u00e9l\u00e9charger le cahier des charges (PDF)[\/vc_column_text][\/vc_column][vc_column width=\u00a0\u00bb2\/3&Prime; rt_column_shadow=\u00a0\u00bb\u00a0\u00bb rt_bg_image_repeat=\u00a0\u00bbrepeat\u00a0\u00bb rt_bg_size=\u00a0\u00bbauto auto\u00a0\u00bb rt_bg_attachment=\u00a0\u00bbscroll\u00a0\u00bb class=\u00a0\u00bbmaincontent\u00a0\u00bb rt_bg_color=\u00a0\u00bb\u00a0\u00bb rt_bg_overlay_color=\u00a0\u00bb\u00a0\u00bb css=\u00a0\u00bb.vc_custom_1531839398611{margin-bottom: 2em !important;padding-top: 1em !important;}\u00a0\u00bb][vc_column_text  &#8230;<br \/><a class=\"more-link\" href=\"https:\/\/consilab.de\/fr\/securite-pour-vos-installations\/\">more | mehr<\/a><\/p>\n","protected":false},"author":1,"featured_media":0,"parent":0,"menu_order":3,"comment_status":"closed","ping_status":"closed","template":"","meta":{"footnotes":""},"class_list":["post-9296","page","type-page","status-publish","hentry"],"_links":{"self":[{"href":"https:\/\/consilab.de\/fr\/wp-json\/wp\/v2\/pages\/9296","targetHints":{"allow":["GET"]}}],"collection":[{"href":"https:\/\/consilab.de\/fr\/wp-json\/wp\/v2\/pages"}],"about":[{"href":"https:\/\/consilab.de\/fr\/wp-json\/wp\/v2\/types\/page"}],"author":[{"embeddable":true,"href":"https:\/\/consilab.de\/fr\/wp-json\/wp\/v2\/users\/1"}],"replies":[{"embeddable":true,"href":"https:\/\/consilab.de\/fr\/wp-json\/wp\/v2\/comments?post=9296"}],"version-history":[{"count":0,"href":"https:\/\/consilab.de\/fr\/wp-json\/wp\/v2\/pages\/9296\/revisions"}],"wp:attachment":[{"href":"https:\/\/consilab.de\/fr\/wp-json\/wp\/v2\/media?parent=9296"}],"curies":[{"name":"wp","href":"https:\/\/api.w.org\/{rel}","templated":true}]}}