{"id":9299,"date":"2018-06-18T11:20:01","date_gmt":"2018-06-18T09:20:01","guid":{"rendered":"https:\/\/consilab.de\/leistungen\/"},"modified":"2024-07-02T12:24:47","modified_gmt":"2024-07-02T10:24:47","slug":"prestations","status":"publish","type":"page","link":"https:\/\/consilab.de\/fr\/prestations\/","title":{"rendered":"Prestations"},"content":{"rendered":"<p>[vc_row rt_row_background_width=\u00a0\u00bbfullwidth\u00a0\u00bb rt_row_content_width=\u00a0\u00bbdefault\u00a0\u00bb rt_row_style=\u00a0\u00bbdefault-style\u00a0\u00bb rt_row_borders=\u00a0\u00bb\u00a0\u00bb rt_row_shadows=\u00a0\u00bb\u00a0\u00bb rt_row_paddings=\u00a0\u00bbfalse\u00a0\u00bb id=\u00a0\u00bbleistungenboxenausblenden\u00a0\u00bb rt_bg_effect=\u00a0\u00bbclassic\u00a0\u00bb rt_bg_image_repeat=\u00a0\u00bbrepeat\u00a0\u00bb rt_bg_size=\u00a0\u00bbcover\u00a0\u00bb rt_bg_position=\u00a0\u00bbright top\u00a0\u00bb rt_bg_attachment=\u00a0\u00bbscroll\u00a0\u00bb rt_bg_video_format=\u00a0\u00bbself-hosted\u00a0\u00bb][vc_column width=\u00a0\u00bb1\/3&Prime; rt_column_shadow=\u00a0\u00bb\u00a0\u00bb rt_bg_image_repeat=\u00a0\u00bbrepeat\u00a0\u00bb rt_bg_size=\u00a0\u00bbauto auto\u00a0\u00bb rt_bg_attachment=\u00a0\u00bbscroll\u00a0\u00bb class=\u00a0\u00bbdownload\u00a0\u00bb rt_bg_color=\u00a0\u00bb\u00a0\u00bb rt_bg_overlay_color=\u00a0\u00bb\u00a0\u00bb offset=\u00a0\u00bbvc_hidden-sm vc_hidden-xs\u00a0\u00bb css=\u00a0\u00bb.vc_custom_1532424500123{padding-bottom: 0px !important;}\u00a0\u00bb rt_padding_bottom=\u00a0\u00bb0&Prime;][vc_column_text el_class=\u00a0\u00bbredborderleft_lv\u00a0\u00bb css=\u00a0\u00bb.vc_custom_1624626218467{margin-bottom: 1.5em !important;}\u00a0\u00bb]<\/p>\n<h3>UN BREF APER\u00c7U<\/h3>\n<ul>\n<li>Caract\u00e9ristiques des substances<\/li>\n<li>Calculs relevant de la s\u00e9curit\u00e9<\/li>\n<li>Concepts de s\u00e9curit\u00e9<\/li>\n<li>Rapports d\u2019expertise<\/li>\n<li>Classification des substances<\/li>\n<li>Suivi des r\u00e8glements<\/li>\n<li>Dispositif de contr\u00f4le des bonnes pratiques de laboratoire<\/li>\n<li>Commissions sp\u00e9cialis\u00e9es<\/li>\n<\/ul>\n<p><a href=\"\/wp-content\/uploads\/2021\/02\/consilab_leistungsverzeichnis_2021_FR.pdf\" target=\"_blank\" rel=\"noopener noreferrer\">T\u00e9l\u00e9charger le cahier des charges (PDF)<\/a>[\/vc_column_text][\/vc_column][vc_column width=\u00a0\u00bb2\/3&Prime; rt_column_shadow=\u00a0\u00bb\u00a0\u00bb rt_bg_image_repeat=\u00a0\u00bbrepeat\u00a0\u00bb rt_bg_size=\u00a0\u00bbauto auto\u00a0\u00bb rt_bg_attachment=\u00a0\u00bbscroll\u00a0\u00bb class=\u00a0\u00bbmaincontent\u00a0\u00bb rt_bg_color=\u00a0\u00bb\u00a0\u00bb rt_bg_overlay_color=\u00a0\u00bb\u00a0\u00bb css=\u00a0\u00bb.vc_custom_1532424494045{margin-bottom: 1em !important;padding-bottom: 30px !important;}\u00a0\u00bb rt_padding_top=\u00a0\u00bb0&Prime; rt_padding_bottom=\u00a0\u00bb0&Prime; offset=\u00a0\u00bbvc_hidden-xs\u00a0\u00bb][vc_column_text el_class=\u00a0\u00bbredborderleft\u00a0\u00bb]<\/p>\n<h1>Prestations<\/h1>\n<h2>Chez consilab, les ing\u00e9nieurs et les chimistes travaillent en \u00e9troite collaboration. Gr\u00e2ce \u00e0 ce travail d\u2019\u00e9quipe interdisciplinaire, vous obtenez d\u2019un seul et m\u00eame partenaire toutes les prestations importantes li\u00e9es \u00e0 la s\u00e9curit\u00e9 de votre installation.<\/h2>\n<p>Nous analysons vos installations et vos processus, mettons en lumi\u00e8re le potentiel de risques et \u00e9laborons des concepts de s\u00e9curit\u00e9. Gr\u00e2ce \u00e0 notre propre laboratoire de contr\u00f4le, nous sommes en mesure de d\u00e9terminer nous-m\u00eame les param\u00e8tres caract\u00e9ristiques n\u00e9cessaires \u00e0 ces concepts de s\u00e9curit\u00e9.<\/p>\n<p>Un atout suppl\u00e9mentaire : nous sommes une soci\u00e9t\u00e9 de conseil flexible, de petite envergure, qui \u0153uvre ind\u00e9pendamment des entreprises de production, des autorit\u00e9s publiques et des assurances. Cela nous permet de vous conseiller rapidement et \u00e0 moindre co\u00fbt &#8211; et sans aucun conflit d\u2019int\u00e9r\u00eats &#8211; sur toutes les questions li\u00e9es \u00e0 la s\u00e9curit\u00e9.<\/p>\n<h3>CELA FAIT DE NOUS UN PARTENAIRE PERFORMANT POUR VOTRE S\u00c9CURIT\u00c9.<\/h3>\n<p>[\/vc_column_text][vc_row_inner rt_row_style=\u00a0\u00bbglobal-style\u00a0\u00bb rt_bg_custom_alignment=\u00a0\u00bbtop\u00a0\u00bb class=\u00a0\u00bbleistungen_grid\u00a0\u00bb][vc_column_inner width=\u00a0\u00bb1\/3&Prime; rt_column_shadow=\u00a0\u00bbtrue\u00a0\u00bb rt_bg_image_repeat=\u00a0\u00bbno-repeat\u00a0\u00bb rt_bg_size=\u00a0\u00bbcover\u00a0\u00bb rt_bg_attachment=\u00a0\u00bbscroll\u00a0\u00bb class=\u00a0\u00bbleistungen_singlebox\u00a0\u00bb rt_bg_color=\u00a0\u00bb\u00a0\u00bb rt_bg_overlay_color=\u00a0\u00bb\u00a0\u00bb css=\u00a0\u00bb.vc_custom_1537266437553{padding-bottom: 54px !important;}\u00a0\u00bb][vc_single_image image=\u00a0\u00bb7629&Prime; img_size=\u00a0\u00bb196&#215;196&Prime; onclick=\u00a0\u00bbcustom_link\u00a0\u00bb link=\u00a0\u00bb\/fr\/prestations\/caracteristiques-des-substances-relevant-de-la-securite\/\u00a0\u00bb][vc_column_text]<\/p>\n<h3><a href=\"\/fr\/prestations\/caracteristiques-des-substances-relevant-de-la-securite\/\">Caract\u00e9ristiques<br \/>\ndes substances<\/a><\/h3>\n<p>[\/vc_column_text][\/vc_column_inner][vc_column_inner width=\u00a0\u00bb1\/3&Prime; rt_column_shadow=\u00a0\u00bbtrue\u00a0\u00bb rt_bg_image_repeat=\u00a0\u00bbrepeat\u00a0\u00bb rt_bg_size=\u00a0\u00bbauto auto\u00a0\u00bb rt_bg_attachment=\u00a0\u00bbscroll\u00a0\u00bb class=\u00a0\u00bbleistungen_singlebox\u00a0\u00bb rt_bg_color=\u00a0\u00bb\u00a0\u00bb rt_bg_overlay_color=\u00a0\u00bb\u00a0\u00bb][vc_single_image image=\u00a0\u00bb3658&Prime; img_size=\u00a0\u00bb196&#215;196&Prime; onclick=\u00a0\u00bbcustom_link\u00a0\u00bb link=\u00a0\u00bb\/fr\/prestations\/calculs-relevant-de-la-securite\/\u00a0\u00bb][vc_column_text]<\/p>\n<h3><a href=\"\/fr\/prestations\/calculs-relevant-de-la-securite\/\">Calculs relevant<br \/>\nde la s\u00e9curit\u00e9<\/a><\/h3>\n<p>[\/vc_column_text][\/vc_column_inner][vc_column_inner width=\u00a0\u00bb1\/3&Prime; rt_column_shadow=\u00a0\u00bbtrue\u00a0\u00bb rt_bg_image_repeat=\u00a0\u00bbrepeat\u00a0\u00bb rt_bg_size=\u00a0\u00bbauto auto\u00a0\u00bb rt_bg_attachment=\u00a0\u00bbscroll\u00a0\u00bb class=\u00a0\u00bbleistungen_singlebox\u00a0\u00bb rt_bg_color=\u00a0\u00bb\u00a0\u00bb rt_bg_overlay_color=\u00a0\u00bb\u00a0\u00bb][vc_single_image image=\u00a0\u00bb3639&Prime; img_size=\u00a0\u00bb196&#215;196&Prime; onclick=\u00a0\u00bbcustom_link\u00a0\u00bb link=\u00a0\u00bb\/fr\/prestations\/concepts-de-securite\/\u00a0\u00bb][vc_column_text css=\u00a0\u00bb.vc_custom_1613489896301{padding-bottom: 19px !important;}\u00a0\u00bb]<\/p>\n<h3><a href=\"\/fr\/prestations\/concepts-de-securite\/\">Concepts<br \/>\nde s\u00e9curit\u00e9<\/a><\/h3>\n<p>[\/vc_column_text][\/vc_column_inner][\/vc_row_inner][vc_row_inner rt_row_style=\u00a0\u00bbglobal-style\u00a0\u00bb rt_bg_custom_alignment=\u00a0\u00bbtop\u00a0\u00bb class=\u00a0\u00bbleistungen_grid\u00a0\u00bb][vc_column_inner width=\u00a0\u00bb1\/3&Prime; rt_column_shadow=\u00a0\u00bbtrue\u00a0\u00bb rt_bg_image_repeat=\u00a0\u00bbrepeat\u00a0\u00bb rt_bg_size=\u00a0\u00bbauto auto\u00a0\u00bb rt_bg_attachment=\u00a0\u00bbscroll\u00a0\u00bb class=\u00a0\u00bbleistungen_singlebox\u00a0\u00bb rt_bg_color=\u00a0\u00bb\u00a0\u00bb rt_bg_overlay_color=\u00a0\u00bb\u00a0\u00bb css=\u00a0\u00bb.vc_custom_1531840213590{padding-bottom: 34px !important;}\u00a0\u00bb][vc_single_image image=\u00a0\u00bb3660&Prime; img_size=\u00a0\u00bb196&#215;196&Prime; onclick=\u00a0\u00bbcustom_link\u00a0\u00bb link=\u00a0\u00bb\/fr\/prestations\/rapports-dexpertise\/\u00a0\u00bb][vc_column_text css=\u00a0\u00bb.vc_custom_1613490036008{padding-bottom: 19px !important;}\u00a0\u00bb]<\/p>\n<h3><a href=\"\/fr\/prestations\/rapports-dexpertise\/\">Rapports<br \/>\nd\u2019expertise<\/a><\/h3>\n<p>[\/vc_column_text][\/vc_column_inner][vc_column_inner width=\u00a0\u00bb1\/3&Prime; rt_column_shadow=\u00a0\u00bbtrue\u00a0\u00bb rt_bg_image_repeat=\u00a0\u00bbrepeat\u00a0\u00bb rt_bg_size=\u00a0\u00bbauto auto\u00a0\u00bb rt_bg_attachment=\u00a0\u00bbscroll\u00a0\u00bb class=\u00a0\u00bbleistungen_singlebox\u00a0\u00bb rt_bg_color=\u00a0\u00bb\u00a0\u00bb rt_bg_overlay_color=\u00a0\u00bb\u00a0\u00bb][vc_single_image image=\u00a0\u00bb3659&Prime; img_size=\u00a0\u00bb196&#215;196&Prime; onclick=\u00a0\u00bbcustom_link\u00a0\u00bb link=\u00a0\u00bb\/fr\/prestations\/classification-des-substances\/\u00a0\u00bb][vc_column_text css=\u00a0\u00bb.vc_custom_1613490070581{padding-bottom: 19px !important;}\u00a0\u00bb]<\/p>\n<h3><a href=\"\/fr\/prestations\/classification-des-substances\/\">Classification<br \/>\ndes substances<\/a><\/h3>\n<p>[\/vc_column_text][\/vc_column_inner][vc_column_inner width=\u00a0\u00bb1\/3&Prime; rt_column_shadow=\u00a0\u00bbtrue\u00a0\u00bb rt_bg_image_repeat=\u00a0\u00bbrepeat\u00a0\u00bb rt_bg_size=\u00a0\u00bbauto auto\u00a0\u00bb rt_bg_attachment=\u00a0\u00bbscroll\u00a0\u00bb class=\u00a0\u00bbleistungen_singlebox\u00a0\u00bb rt_bg_color=\u00a0\u00bb\u00a0\u00bb rt_bg_overlay_color=\u00a0\u00bb\u00a0\u00bb css=\u00a0\u00bb.vc_custom_1531840224131{padding-bottom: 34px !important;}\u00a0\u00bb][vc_single_image image=\u00a0\u00bb7663&Prime; img_size=\u00a0\u00bb196&#215;196&Prime; onclick=\u00a0\u00bbcustom_link\u00a0\u00bb link=\u00a0\u00bb\/fr\/prestations\/suivi-des-reglements\/\u00a0\u00bb][vc_column_text css=\u00a0\u00bb.vc_custom_1613490307289{padding-bottom: 19px !important;}\u00a0\u00bb]<\/p>\n<h3><a href=\"\/fr\/prestations\/suivi-des-reglements\/\">Suivi des<br \/>\nr\u00e8glements<\/a><\/h3>\n<p>[\/vc_column_text][\/vc_column_inner][\/vc_row_inner][vc_row_inner rt_row_style=\u00a0\u00bbglobal-style\u00a0\u00bb rt_bg_custom_alignment=\u00a0\u00bbtop\u00a0\u00bb class=\u00a0\u00bbleistungen_grid\u00a0\u00bb][vc_column_inner width=\u00a0\u00bb1\/3&Prime; rt_column_shadow=\u00a0\u00bbtrue\u00a0\u00bb rt_bg_image_repeat=\u00a0\u00bbrepeat\u00a0\u00bb rt_bg_size=\u00a0\u00bbauto auto\u00a0\u00bb rt_bg_attachment=\u00a0\u00bbscroll\u00a0\u00bb class=\u00a0\u00bbleistungen_singlebox\u00a0\u00bb rt_bg_color=\u00a0\u00bb\u00a0\u00bb rt_bg_overlay_color=\u00a0\u00bb\u00a0\u00bb css=\u00a0\u00bb.vc_custom_1537260827362{padding-bottom: 34px !important;}\u00a0\u00bb][vc_single_image image=\u00a0\u00bb12810&Prime; img_size=\u00a0\u00bb196&#215;196&Prime; onclick=\u00a0\u00bbcustom_link\u00a0\u00bb link=\u00a0\u00bb\/fr\/prestations\/dispositif-de-controle-des-bonnes-pratiques-de-laboratoire\/\u00a0\u00bb][vc_column_text css=\u00a0\u00bb.vc_custom_1613490172801{padding-bottom: 19px !important;}\u00a0\u00bb]<\/p>\n<h3><a href=\"\/fr\/prestations\/dispositif-de-controle-des-bonnes-pratiques-de-laboratoire\/\">Dispositif de contr\u00f4le des bonnes pratiques de laboratoire<\/a><\/h3>\n<p>[\/vc_column_text][\/vc_column_inner][vc_column_inner width=\u00a0\u00bb1\/3&Prime; rt_column_shadow=\u00a0\u00bbtrue\u00a0\u00bb rt_bg_image_repeat=\u00a0\u00bbrepeat\u00a0\u00bb rt_bg_size=\u00a0\u00bbauto auto\u00a0\u00bb rt_bg_attachment=\u00a0\u00bbscroll\u00a0\u00bb class=\u00a0\u00bbleistungen_singlebox\u00a0\u00bb rt_bg_color=\u00a0\u00bb\u00a0\u00bb rt_bg_overlay_color=\u00a0\u00bb\u00a0\u00bb][vc_single_image image=\u00a0\u00bb12799&Prime; img_size=\u00a0\u00bb196&#215;196&Prime; onclick=\u00a0\u00bbcustom_link\u00a0\u00bb link=\u00a0\u00bb\/fr\/prestations\/commissions-specialisees\/\u00a0\u00bb][vc_column_text css=\u00a0\u00bb.vc_custom_1613490202153{padding-bottom: 19px !important;}\u00a0\u00bb]<\/p>\n<h3><a href=\"\/fr\/prestations\/commissions-specialisees\/\">Commissions sp\u00e9cialis\u00e9es<\/a><\/h3>\n<p>[\/vc_column_text][\/vc_column_inner][\/vc_row_inner][\/vc_column][\/vc_row][vc_row rt_row_background_width=\u00a0\u00bbfullwidth\u00a0\u00bb rt_row_content_width=\u00a0\u00bbdefault\u00a0\u00bb rt_row_style=\u00a0\u00bbdefault-style\u00a0\u00bb rt_row_borders=\u00a0\u00bb\u00a0\u00bb rt_row_shadows=\u00a0\u00bb\u00a0\u00bb rt_row_paddings=\u00a0\u00bbfalse\u00a0\u00bb rt_bg_effect=\u00a0\u00bbclassic\u00a0\u00bb rt_bg_image_repeat=\u00a0\u00bbrepeat\u00a0\u00bb rt_bg_size=\u00a0\u00bbcover\u00a0\u00bb rt_bg_position=\u00a0\u00bbright top\u00a0\u00bb rt_bg_attachment=\u00a0\u00bbscroll\u00a0\u00bb rt_bg_video_format=\u00a0\u00bbself-hosted\u00a0\u00bb][vc_column rt_column_shadow=\u00a0\u00bb\u00a0\u00bb rt_bg_image_repeat=\u00a0\u00bbrepeat\u00a0\u00bb rt_bg_size=\u00a0\u00bbauto auto\u00a0\u00bb rt_bg_attachment=\u00a0\u00bbscroll\u00a0\u00bb class=\u00a0\u00bbmaincontent\u00a0\u00bb rt_bg_color=\u00a0\u00bb\u00a0\u00bb rt_bg_overlay_color=\u00a0\u00bb\u00a0\u00bb offset=\u00a0\u00bbvc_hidden-lg vc_hidden-md vc_hidden-sm\u00a0\u00bb css=\u00a0\u00bb.vc_custom_1531984332597{margin-top: 0px !important;margin-bottom: 0px !important;padding-bottom: 10px !important;}\u00a0\u00bb][vc_column_text el_class=\u00a0\u00bbredborderleft\u00a0\u00bb css=\u00a0\u00bb.vc_custom_1613384040808{padding-top: 0px !important;}\u00a0\u00bb]<\/p>\n<h1>PRESTATIONS<\/h1>\n<h2>Chez consilab, les ing\u00e9nieurs et les chimistes travaillent en \u00e9troite collaboration. Gr\u00e2ce \u00e0 ce travail d\u2019\u00e9quipe interdisciplinaire, vous obtenez d\u2019un seul et m\u00eame partenaire toutes les prestations importantes li\u00e9es \u00e0 la s\u00e9curit\u00e9 de votre installation.<\/h2>\n<p>Nous analysons vos installations et vos processus, mettons en lumi\u00e8re le potentiel de risques et \u00e9laborons des concepts de s\u00e9curit\u00e9. Gr\u00e2ce \u00e0 notre propre laboratoire de contr\u00f4le, nous sommes en mesure de d\u00e9terminer nous-m\u00eame les param\u00e8tres caract\u00e9ristiques n\u00e9cessaires \u00e0 ces concepts de s\u00e9curit\u00e9.<\/p>\n<p>Un atout suppl\u00e9mentaire : nous sommes une soci\u00e9t\u00e9 de conseil flexible, de petite envergure, qui \u0153uvre ind\u00e9pendamment des entreprises de production, des autorit\u00e9s publiques et des assurances. Cela nous permet de vous conseiller rapidement et \u00e0 moindre co\u00fbt &#8211; et sans aucun conflit d\u2019int\u00e9r\u00eats &#8211; sur toutes les questions li\u00e9es \u00e0 la s\u00e9curit\u00e9.<\/p>\n<h3>CELA FAIT DE NOUS UN PARTENAIRE PERFORMANT POUR VOTRE S\u00c9CURIT\u00c9.<\/h3>\n<p>[\/vc_column_text][\/vc_column][\/vc_row][vc_row rt_row_background_width=\u00a0\u00bbfullwidth\u00a0\u00bb rt_row_content_width=\u00a0\u00bbdefault\u00a0\u00bb rt_row_style=\u00a0\u00bbdefault-style\u00a0\u00bb rt_row_borders=\u00a0\u00bb\u00a0\u00bb rt_row_shadows=\u00a0\u00bb\u00a0\u00bb rt_row_paddings=\u00a0\u00bbtrue\u00a0\u00bb rt_bg_effect=\u00a0\u00bbclassic\u00a0\u00bb rt_bg_image_repeat=\u00a0\u00bbrepeat\u00a0\u00bb rt_bg_size=\u00a0\u00bbcover\u00a0\u00bb rt_bg_position=\u00a0\u00bbright top\u00a0\u00bb rt_bg_attachment=\u00a0\u00bbscroll\u00a0\u00bb rt_bg_video_format=\u00a0\u00bbself-hosted\u00a0\u00bb][vc_column rt_column_shadow=\u00a0\u00bb\u00a0\u00bb rt_bg_image_repeat=\u00a0\u00bbrepeat\u00a0\u00bb rt_bg_size=\u00a0\u00bbauto auto\u00a0\u00bb rt_bg_attachment=\u00a0\u00bbscroll\u00a0\u00bb offset=\u00a0\u00bbvc_hidden-lg vc_hidden-md vc_hidden-sm\u00a0\u00bb rt_bg_color=\u00a0\u00bb\u00a0\u00bb rt_bg_overlay_color=\u00a0\u00bb\u00a0\u00bb][vc_row_inner rt_row_style=\u00a0\u00bbglobal-style\u00a0\u00bb rt_bg_custom_alignment=\u00a0\u00bbtop\u00a0\u00bb class=\u00a0\u00bbleistungen_grid\u00a0\u00bb][vc_column_inner width=\u00a0\u00bb1\/2&Prime; rt_column_shadow=\u00a0\u00bbtrue\u00a0\u00bb rt_bg_image_repeat=\u00a0\u00bbrepeat\u00a0\u00bb rt_bg_size=\u00a0\u00bbauto auto\u00a0\u00bb rt_bg_attachment=\u00a0\u00bbscroll\u00a0\u00bb class=\u00a0\u00bbleistungen_grid\u00a0\u00bb rt_bg_color=\u00a0\u00bb\u00a0\u00bb rt_bg_overlay_color=\u00a0\u00bb\u00a0\u00bb][vc_single_image image=\u00a0\u00bb7629&Prime; img_size=\u00a0\u00bb196&#215;196&Prime; onclick=\u00a0\u00bbcustom_link\u00a0\u00bb link=\u00a0\u00bb\/fr\/prestations\/caracteristiques-des-substances-relevant-de-la-securite\/\u00a0\u00bb][vc_column_text]<\/p>\n<h3><a href=\"\/fr\/prestations\/caracteristiques-des-substances-relevant-de-la-securite\/\">Caract\u00e9ristiques<br \/>\ndes substances<\/a><\/h3>\n<p>[\/vc_column_text][\/vc_column_inner][vc_column_inner width=\u00a0\u00bb1\/2&Prime; rt_column_shadow=\u00a0\u00bbtrue\u00a0\u00bb rt_bg_image_repeat=\u00a0\u00bbrepeat\u00a0\u00bb rt_bg_size=\u00a0\u00bbauto auto\u00a0\u00bb rt_bg_attachment=\u00a0\u00bbscroll\u00a0\u00bb class=\u00a0\u00bbleistungen_grid\u00a0\u00bb rt_bg_color=\u00a0\u00bb\u00a0\u00bb rt_bg_overlay_color=\u00a0\u00bb\u00a0\u00bb css=\u00a0\u00bb.vc_custom_1530610003871{padding-bottom: 34px !important;}\u00a0\u00bb][vc_single_image image=\u00a0\u00bb3658&Prime; img_size=\u00a0\u00bb196&#215;196&Prime; onclick=\u00a0\u00bbcustom_link\u00a0\u00bb link=\u00a0\u00bb\/fr\/prestations\/calculs-relevant-de-la-securite\/\u00a0\u00bb][vc_column_text]<\/p>\n<h3><a href=\"\/fr\/prestations\/calculs-relevant-de-la-securite\/\">Calculs relevant<br \/>\nde la s\u00e9curit\u00e9<\/a><\/h3>\n<p>[\/vc_column_text][\/vc_column_inner][\/vc_row_inner][vc_row_inner rt_row_style=\u00a0\u00bbglobal-style\u00a0\u00bb rt_bg_custom_alignment=\u00a0\u00bbtop\u00a0\u00bb class=\u00a0\u00bbleistungen_grid\u00a0\u00bb][vc_column_inner width=\u00a0\u00bb1\/2&Prime; rt_column_shadow=\u00a0\u00bbtrue\u00a0\u00bb rt_bg_image_repeat=\u00a0\u00bbrepeat\u00a0\u00bb rt_bg_size=\u00a0\u00bbauto auto\u00a0\u00bb rt_bg_attachment=\u00a0\u00bbscroll\u00a0\u00bb class=\u00a0\u00bbleistungen_grid\u00a0\u00bb rt_bg_color=\u00a0\u00bb\u00a0\u00bb rt_bg_overlay_color=\u00a0\u00bb\u00a0\u00bb][vc_single_image image=\u00a0\u00bb3639&Prime; img_size=\u00a0\u00bb196&#215;196&Prime; onclick=\u00a0\u00bbcustom_link\u00a0\u00bb link=\u00a0\u00bb\/fr\/prestations\/concepts-de-securite\/\u00a0\u00bb][vc_column_text css=\u00a0\u00bb.vc_custom_1613489896301{padding-bottom: 19px !important;}\u00a0\u00bb]<\/p>\n<h3><a href=\"\/fr\/prestations\/concepts-de-securite\/\">Concepts<br \/>\nde s\u00e9curit\u00e9<\/a><\/h3>\n<p>[\/vc_column_text][\/vc_column_inner][vc_column_inner width=\u00a0\u00bb1\/2&Prime; rt_column_shadow=\u00a0\u00bbtrue\u00a0\u00bb rt_bg_image_repeat=\u00a0\u00bbrepeat\u00a0\u00bb rt_bg_size=\u00a0\u00bbauto auto\u00a0\u00bb rt_bg_attachment=\u00a0\u00bbscroll\u00a0\u00bb class=\u00a0\u00bbleistungen_grid\u00a0\u00bb rt_bg_color=\u00a0\u00bb\u00a0\u00bb rt_bg_overlay_color=\u00a0\u00bb\u00a0\u00bb css=\u00a0\u00bb.vc_custom_1530610003871{padding-bottom: 34px !important;}\u00a0\u00bb][vc_single_image image=\u00a0\u00bb3660&Prime; img_size=\u00a0\u00bb196&#215;196&Prime; onclick=\u00a0\u00bbcustom_link\u00a0\u00bb link=\u00a0\u00bb\/fr\/prestations\/rapports-dexpertise\/\u00a0\u00bb][vc_column_text css=\u00a0\u00bb.vc_custom_1613490036008{padding-bottom: 19px !important;}\u00a0\u00bb]<\/p>\n<h3><a href=\"\/fr\/prestations\/rapports-dexpertise\/\">Rapports<br \/>\nd\u2019expertise<\/a><\/h3>\n<p>[\/vc_column_text][\/vc_column_inner][\/vc_row_inner][vc_row_inner rt_row_style=\u00a0\u00bbglobal-style\u00a0\u00bb rt_bg_custom_alignment=\u00a0\u00bbtop\u00a0\u00bb class=\u00a0\u00bbleistungen_grid\u00a0\u00bb][vc_column_inner width=\u00a0\u00bb1\/2&Prime; rt_column_shadow=\u00a0\u00bbtrue\u00a0\u00bb rt_bg_image_repeat=\u00a0\u00bbrepeat\u00a0\u00bb rt_bg_size=\u00a0\u00bbauto auto\u00a0\u00bb rt_bg_attachment=\u00a0\u00bbscroll\u00a0\u00bb class=\u00a0\u00bbleistungen_grid\u00a0\u00bb rt_bg_color=\u00a0\u00bb\u00a0\u00bb rt_bg_overlay_color=\u00a0\u00bb\u00a0\u00bb][vc_single_image image=\u00a0\u00bb3659&Prime; img_size=\u00a0\u00bb196&#215;196&Prime; onclick=\u00a0\u00bbcustom_link\u00a0\u00bb link=\u00a0\u00bb\/fr\/prestations\/classification-des-substances\/\u00a0\u00bb][vc_column_text css=\u00a0\u00bb.vc_custom_1613490070581{padding-bottom: 19px !important;}\u00a0\u00bb]<\/p>\n<h3><a href=\"\/fr\/prestations\/classification-des-substances\/\">Classification<br \/>\ndes substances<\/a><\/h3>\n<p>[\/vc_column_text][\/vc_column_inner][vc_column_inner width=\u00a0\u00bb1\/2&Prime; rt_column_shadow=\u00a0\u00bbtrue\u00a0\u00bb rt_bg_image_repeat=\u00a0\u00bbrepeat\u00a0\u00bb rt_bg_size=\u00a0\u00bbauto auto\u00a0\u00bb rt_bg_attachment=\u00a0\u00bbscroll\u00a0\u00bb class=\u00a0\u00bbleistungen_grid\u00a0\u00bb rt_bg_color=\u00a0\u00bb\u00a0\u00bb rt_bg_overlay_color=\u00a0\u00bb\u00a0\u00bb css=\u00a0\u00bb.vc_custom_1530609252332{padding-bottom: 34px !important;}\u00a0\u00bb][vc_single_image image=\u00a0\u00bb7663&Prime; img_size=\u00a0\u00bb196&#215;196&Prime; onclick=\u00a0\u00bbcustom_link\u00a0\u00bb link=\u00a0\u00bb\/fr\/prestations\/suivi-des-reglements\/\u00a0\u00bb][vc_column_text css=\u00a0\u00bb.vc_custom_1613490307289{padding-bottom: 19px !important;}\u00a0\u00bb]<\/p>\n<h3><a href=\"\/fr\/prestations\/suivi-des-reglements\/\">Suivi des<br \/>\nr\u00e8glements<\/a><\/h3>\n<p>[\/vc_column_text][\/vc_column_inner][\/vc_row_inner][vc_row_inner rt_row_style=\u00a0\u00bbglobal-style\u00a0\u00bb rt_bg_custom_alignment=\u00a0\u00bbtop\u00a0\u00bb class=\u00a0\u00bbleistungen_grid\u00a0\u00bb][vc_column_inner width=\u00a0\u00bb1\/2&Prime; rt_column_shadow=\u00a0\u00bbtrue\u00a0\u00bb rt_bg_image_repeat=\u00a0\u00bbrepeat\u00a0\u00bb rt_bg_size=\u00a0\u00bbauto auto\u00a0\u00bb rt_bg_attachment=\u00a0\u00bbscroll\u00a0\u00bb class=\u00a0\u00bbleistungen_grid\u00a0\u00bb rt_bg_color=\u00a0\u00bb\u00a0\u00bb rt_bg_overlay_color=\u00a0\u00bb\u00a0\u00bb css=\u00a0\u00bb.vc_custom_1530609279849{padding-bottom: 34px !important;}\u00a0\u00bb][vc_single_image image=\u00a0\u00bb12810&Prime; img_size=\u00a0\u00bb196&#215;196&Prime; onclick=\u00a0\u00bbcustom_link\u00a0\u00bb link=\u00a0\u00bb\/fr\/prestations\/dispositif-de-controle-des-bonnes-pratiques-de-laboratoire\/\u00a0\u00bb][vc_column_text css=\u00a0\u00bb.vc_custom_1613490172801{padding-bottom: 19px !important;}\u00a0\u00bb]<\/p>\n<h3><a href=\"\/fr\/prestations\/dispositif-de-controle-des-bonnes-pratiques-de-laboratoire\/\">Dispositif de contr\u00f4le des bonnes pratiques de laboratoire<\/a><\/h3>\n<p>[\/vc_column_text][\/vc_column_inner][vc_column_inner width=\u00a0\u00bb1\/2&Prime; rt_column_shadow=\u00a0\u00bbtrue\u00a0\u00bb rt_bg_image_repeat=\u00a0\u00bbrepeat\u00a0\u00bb rt_bg_size=\u00a0\u00bbauto auto\u00a0\u00bb rt_bg_attachment=\u00a0\u00bbscroll\u00a0\u00bb class=\u00a0\u00bbleistungen_grid\u00a0\u00bb rt_bg_color=\u00a0\u00bb\u00a0\u00bb rt_bg_overlay_color=\u00a0\u00bb\u00a0\u00bb][vc_single_image image=\u00a0\u00bb12799&Prime; img_size=\u00a0\u00bb196&#215;196&Prime; onclick=\u00a0\u00bbcustom_link\u00a0\u00bb link=\u00a0\u00bb\/fr\/prestations\/commissions-specialisees\/\u00a0\u00bb][vc_column_text css=\u00a0\u00bb.vc_custom_1613490202153{padding-bottom: 19px !important;}\u00a0\u00bb]<\/p>\n<h3><a href=\"\/fr\/prestations\/commissions-specialisees\/\">Commissions sp\u00e9cialis\u00e9es<\/a><\/h3>\n<p>[\/vc_column_text][\/vc_column_inner][\/vc_row_inner][\/vc_column][\/vc_row]<\/p>\n","protected":false},"excerpt":{"rendered":"<p>[vc_row rt_row_background_width=\u00a0\u00bbfullwidth\u00a0\u00bb rt_row_content_width=\u00a0\u00bbdefault\u00a0\u00bb rt_row_style=\u00a0\u00bbdefault-style\u00a0\u00bb rt_row_borders=\u00a0\u00bb\u00a0\u00bb rt_row_shadows=\u00a0\u00bb\u00a0\u00bb rt_row_paddings=\u00a0\u00bbfalse\u00a0\u00bb id=\u00a0\u00bbleistungenboxenausblenden\u00a0\u00bb rt_bg_effect=\u00a0\u00bbclassic\u00a0\u00bb rt_bg_image_repeat=\u00a0\u00bbrepeat\u00a0\u00bb rt_bg_size=\u00a0\u00bbcover\u00a0\u00bb rt_bg_position=\u00a0\u00bbright top\u00a0\u00bb rt_bg_attachment=\u00a0\u00bbscroll\u00a0\u00bb rt_bg_video_format=\u00a0\u00bbself-hosted\u00a0\u00bb][vc_column width=\u00a0\u00bb1\/3&Prime; rt_column_shadow=\u00a0\u00bb\u00a0\u00bb rt_bg_image_repeat=\u00a0\u00bbrepeat\u00a0\u00bb rt_bg_size=\u00a0\u00bbauto auto\u00a0\u00bb rt_bg_attachment=\u00a0\u00bbscroll\u00a0\u00bb class=\u00a0\u00bbdownload\u00a0\u00bb rt_bg_color=\u00a0\u00bb\u00a0\u00bb rt_bg_overlay_color=\u00a0\u00bb\u00a0\u00bb offset=\u00a0\u00bbvc_hidden-sm vc_hidden-xs\u00a0\u00bb css=\u00a0\u00bb.vc_custom_1532424500123{padding-bottom: 0px !important;}\u00a0\u00bb rt_padding_bottom=\u00a0\u00bb0&Prime;][vc_column_text el_class=\u00a0\u00bbredborderleft_lv\u00a0\u00bb css=\u00a0\u00bb.vc_custom_1624626218467{margin-bottom: 1.5em !important;}\u00a0\u00bb] UN BREF APER\u00c7U Caract\u00e9ristiques des substances Calculs relevant de la s\u00e9curit\u00e9 Concepts de s\u00e9curit\u00e9 Rapports d\u2019expertise Classification des substances Suivi des  &#8230;<br \/><a class=\"more-link\" href=\"https:\/\/consilab.de\/fr\/prestations\/\">more | mehr<\/a><\/p>\n","protected":false},"author":1,"featured_media":0,"parent":0,"menu_order":3,"comment_status":"closed","ping_status":"closed","template":"","meta":{"footnotes":""},"class_list":["post-9299","page","type-page","status-publish","hentry"],"_links":{"self":[{"href":"https:\/\/consilab.de\/fr\/wp-json\/wp\/v2\/pages\/9299","targetHints":{"allow":["GET"]}}],"collection":[{"href":"https:\/\/consilab.de\/fr\/wp-json\/wp\/v2\/pages"}],"about":[{"href":"https:\/\/consilab.de\/fr\/wp-json\/wp\/v2\/types\/page"}],"author":[{"embeddable":true,"href":"https:\/\/consilab.de\/fr\/wp-json\/wp\/v2\/users\/1"}],"replies":[{"embeddable":true,"href":"https:\/\/consilab.de\/fr\/wp-json\/wp\/v2\/comments?post=9299"}],"version-history":[{"count":3,"href":"https:\/\/consilab.de\/fr\/wp-json\/wp\/v2\/pages\/9299\/revisions"}],"predecessor-version":[{"id":12814,"href":"https:\/\/consilab.de\/fr\/wp-json\/wp\/v2\/pages\/9299\/revisions\/12814"}],"wp:attachment":[{"href":"https:\/\/consilab.de\/fr\/wp-json\/wp\/v2\/media?parent=9299"}],"curies":[{"name":"wp","href":"https:\/\/api.w.org\/{rel}","templated":true}]}}