{"id":9313,"date":"2018-06-19T09:11:33","date_gmt":"2018-06-19T07:11:33","guid":{"rendered":"https:\/\/consilab.de\/leistungen\/kenndaten-von-stoffen\/"},"modified":"2022-07-11T15:39:57","modified_gmt":"2022-07-11T13:39:57","slug":"caracteristiques-des-substances-relevant-de-la-securite","status":"publish","type":"page","link":"https:\/\/consilab.de\/fr\/prestations\/caracteristiques-des-substances-relevant-de-la-securite\/","title":{"rendered":"Caract\u00e9ristiques des substances relevant de la s\u00e9curit\u00e9"},"content":{"rendered":"<p>[vc_row rt_row_background_width=\u00a0\u00bbfullwidth\u00a0\u00bb rt_row_content_width=\u00a0\u00bbdefault\u00a0\u00bb rt_row_style=\u00a0\u00bbdefault-style\u00a0\u00bb rt_row_borders=\u00a0\u00bb\u00a0\u00bb rt_row_shadows=\u00a0\u00bb\u00a0\u00bb rt_row_paddings=\u00a0\u00bbfalse\u00a0\u00bb rt_bg_effect=\u00a0\u00bbclassic\u00a0\u00bb rt_bg_image_repeat=\u00a0\u00bbrepeat\u00a0\u00bb rt_bg_size=\u00a0\u00bbcover\u00a0\u00bb rt_bg_position=\u00a0\u00bbright top\u00a0\u00bb rt_bg_attachment=\u00a0\u00bbscroll\u00a0\u00bb rt_bg_video_format=\u00a0\u00bbself-hosted\u00a0\u00bb][vc_column width=\u00a0\u00bb1\/3&Prime; rt_column_shadow=\u00a0\u00bb\u00a0\u00bb rt_bg_image_repeat=\u00a0\u00bbrepeat\u00a0\u00bb rt_bg_size=\u00a0\u00bbauto auto\u00a0\u00bb rt_bg_attachment=\u00a0\u00bbscroll\u00a0\u00bb class=\u00a0\u00bbdownload\u00a0\u00bb rt_bg_color=\u00a0\u00bb\u00a0\u00bb rt_bg_overlay_color=\u00a0\u00bb\u00a0\u00bb offset=\u00a0\u00bbvc_hidden-sm vc_hidden-xs\u00a0\u00bb css=\u00a0\u00bb.vc_custom_1530014764361{padding-top: 1em !important;padding-bottom: 0px !important;}\u00a0\u00bb rt_padding_bottom=\u00a0\u00bb0&Prime;][vc_widget_sidebar sidebar_id=\u00a0\u00bbrt-theme-20-common-sidebar\u00a0\u00bb][\/vc_column][vc_column width=\u00a0\u00bb2\/3&Prime; rt_column_shadow=\u00a0\u00bb\u00a0\u00bb rt_bg_image_repeat=\u00a0\u00bbrepeat\u00a0\u00bb rt_bg_size=\u00a0\u00bbauto auto\u00a0\u00bb rt_bg_attachment=\u00a0\u00bbscroll\u00a0\u00bb class=\u00a0\u00bbmaincontent\u00a0\u00bb rt_bg_color=\u00a0\u00bb\u00a0\u00bb rt_bg_overlay_color=\u00a0\u00bb\u00a0\u00bb css=\u00a0\u00bb.vc_custom_1533617291210{padding-top: 1em !important;padding-bottom: 1em !important;}\u00a0\u00bb][vc_column_text el_class=\u00a0\u00bbredborderleft\u00a0\u00bb]<\/p>\n<h1>Caract\u00e9ristiques des substances relevant de la s\u00e9curit\u00e9<\/h1>\n<p>Sur la base de m\u00e9thodologies et de technologies g\u00e9n\u00e9ralement reconnues, nous d\u00e9terminons dans notre laboratoire de contr\u00f4le les caract\u00e9ristiques relevant de la s\u00e9curit\u00e9 qui seront prises en compte dans nos concepts de s\u00e9curit\u00e9 :<\/p>\n<ul>\n<li>Stabilit\u00e9 thermique des substances ou des m\u00e9langes de substances, et de m\u00e9langes r\u00e9actionnels<\/li>\n<li>Comportement au feu et explosivit\u00e9 des gaz, vapeurs et liquides<\/li>\n<li>Comportement de poussi\u00e8res en suspension<\/li>\n<li>Comportement de poussi\u00e8res d\u00e9pos\u00e9es<\/li>\n<li>Electrostatique<\/li>\n<li>S\u00e9curit\u00e9 des r\u00e9actions chimiques<\/li>\n<li>R\u00e9actions d\u2019emballement thermique<\/li>\n<\/ul>\n<p>Pour plus d\u2019informations, veuillez cliquer \u00e0 droite sur un \u00a0<span style=\"color: #e50000;\"><span class=\"rt-icon icon-plus \"><\/span>\u00a0<\/span>[\/vc_column_text]<div  class=\"rt-toggle kenndatenvonstoffen\"><ol><li  class=\"\"><div class=\"toggle-head\"><div class=\"toggle-number\"><span class=\"icon-beaker\"><\/span><\/div><div class=\"toggle-title clean_heading\">STABILIT\u00c9 THERMIQUE DES SUBSTANCES, DES M\u00c9LANGES DE SUBSTANCES ET DES M\u00c9LANGES R\u00c9ACTIONNELS<\/div><\/div><div class=\"toggle-content\"><ul>\n<li>D\u00e9composition thermique \u00e0 l\u2019aide :<br \/>\n&gt; de l\u2018analyse thermique diff\u00e9rentielle (-80 \u00e0 + 500\u00b0C), <a href=\"\/fr\/consiletter-nr-19-temperature-de-decomposition\/\">\u2192 voir plus<\/a><br \/>\n&gt; de l\u2019\u00e9change thermique par compression adiabatique (TA jusqu\u2018\u00e0 300\u00b0C ; jusqu\u2018\u00e0 500 bar), <a href=\"https:\/\/consilab.de\/fr\/prestations\/caracteristiques-des-substances-relevant-de-la-securite\/essai-daccumulation-chaleur-pression-adiabatique\/\">\u2192 voir plus<\/a><br \/>\n&gt; du microcalorim\u00e8tre TAM IV (4 \u00e0 150 \u00b0C) <a href=\"\/fr\/prestations\/caracteristiques-des-substances-relevant-de-la-securite\/microcalorimetre-tam-iv\/\">\u2192 voir plus<\/a><\/li>\n<li>Aptitude \u00e0 la d\u00e9flagration dans des syst\u00e8mes ouverts ou isol\u00e9s (\u00e0 des temp\u00e9ratures jusqu\u2018\u00e0 250\u00b0C, des pressions jusqu\u2018\u00e0 50 bar, inertage)<\/li>\n<li>Explosivit\u00e9 et danger d\u2019explosion \u00e0 l\u2019aide du test de Koenen (thermique), de l\u2019\u00e9preuve au mouton de choc et du test de sensibilit\u00e9 au frottement (m\u00e9canique) <a href=\"https:\/\/consilab.de\/fr\/prestations\/caracteristiques-des-substances-relevant-de-la-securite\/substances-explosives-selon-la-loi-sprengg\/\">\u2192 voir plus<\/a><\/li>\n<\/ul>\n<\/div><\/li><li  class=\"\"><div class=\"toggle-head\"><div class=\"toggle-number\"><span class=\"icon-fire-station\"><\/span><\/div><div class=\"toggle-title clean_heading\">COMPORTEMENT AU FEU ET \u00c0 L\u2019EXPLOSION DES GAZ, DES VAPEURS ET DES LIQUIDES<\/div><\/div><div class=\"toggle-content\"><ul>\n<li>Point d\u2019\u00e9clair (-30 \u00e0 +370 \u00b0C) <a href=\"\/fr\/prestations\/caracteristiques-des-substances-relevant-de-la-securite\/point-d-eclair\/\">\u2192 voir plus<\/a><\/li>\n<li>Temp\u00e9rature limite \u00e0 la LIE (T<sub>LIE<\/sub>) (-20 \u00e0 +200 \u00b0C) <a href=\"\/fr\/prestations\/caracteristiques-des-substances-relevant-de-la-securite\/determination-de-la-temperature-limite-a-la-lie\/\">\u2192 voir plus<\/a><\/li>\n<li>Temp\u00e9rature d\u2019inflammation (TA jusqu\u2019\u00e0 650\u00b0C) <a href=\"\/fr\/prestations\/caracteristiques-des-substances-relevant-de-la-securite\/temperature-dinflammation\/\">\u2192 voir plus<\/a><\/li>\n<li>Comportement au feu \/ Combustion entretenue <a href=\"\/fr\/prestations\/caracteristiques-des-substances-relevant-de-la-securite\/combustion-entretenue\/\">\u2192 voir plus<\/a><\/li>\n<li>Limite inf\u00e9rieure ou sup\u00e9rieure d\u2018explosivit\u00e9 <a href=\"\/fr\/prestations\/caracteristiques-des-substances-relevant-de-la-securite\/limite-inferieure-ou-superieure-dexplosivite\/\">\u2192 voir plus<\/a><\/li>\n<li>Concentration limite en oxyg\u00e8ne <a href=\"\/fr\/prestations\/caracteristiques-des-substances-relevant-de-la-securite\/limite-inferieure-ou-superieure-dexplosivite\/\">\u2192 voir plus<\/a><\/li>\n<\/ul>\n<\/div><\/li><li  class=\"\"><div class=\"toggle-head\"><div class=\"toggle-number\"><span class=\"icon-air\"><\/span><\/div><div class=\"toggle-title clean_heading\">COMPORTEMENT DES POUSSI\u00c8RES EN SUSPENSION<\/div><\/div><div class=\"toggle-content\"><p><img loading=\"lazy\" decoding=\"async\" class=\"alignnone wp-image-3020\" src=\"https:\/\/consilab.de\/wp-content\/uploads\/2015\/02\/consiletter-beispiel-1830-1024x256.jpg\" alt=\"\" width=\"600\" height=\"150\" srcset=\"https:\/\/consilab.de\/wp-content\/uploads\/2015\/02\/consiletter-beispiel-1830-1024x256.jpg 1024w, https:\/\/consilab.de\/wp-content\/uploads\/2015\/02\/consiletter-beispiel-1830-350x88.jpg 350w, https:\/\/consilab.de\/wp-content\/uploads\/2015\/02\/consiletter-beispiel-1830-768x192.jpg 768w, https:\/\/consilab.de\/wp-content\/uploads\/2015\/02\/consiletter-beispiel-1830.jpg 1200w\" sizes=\"auto, (max-width: 600px) 100vw, 600px\" \/><\/p>\n<ul>\n<li>Explosivit\u00e9 des poussi\u00e8res<br \/>\n&gt; Tube Hartmann <a href=\"https:\/\/consilab.de\/fr\/prestations\/caracteristiques-des-substances-relevant-de-la-securite\/explosivite-des-poussieres-dans-le-tube-de-hartmann\/\">\u2192 voir plus (vid\u00e9o)<\/a><br \/>\n&gt; sph\u00e8re de 20 \u2113<\/li>\n<li>\u00c9nergie minimale d\u2019inflammation (inflammateur MIKE 3) <a href=\"\/fr\/prestations\/caracteristiques-des-substances-relevant-de-la-securite\/determination-de-lenergie-minimale-dinflammation-dans-lappareil-mike-3\/\">\u2192 voir plus<\/a><\/li>\n<li>Limite inf\u00e9rieure d\u2019explosivit\u00e9 dans la sph\u00e8re de 20 \u2113<\/li>\n<li>Concentration limite en oxyg\u00e8ne dans la sph\u00e8re de 20 \u2113<\/li>\n<li>Valeurs caract\u00e9ristiques d\u2019explosion des poussi\u00e8res K<sub>St<\/sub>\u2013 et valeurs p<sub>max<\/sub>, classe d\u2019explosion des poussi\u00e8res<\/li>\n<li>Temp\u00e9rature minimale d\u2019inflammation du nuage de poussi\u00e8re dans le four Godbert-Greenwald<\/li>\n<li>R\u00e9partition granulom\u00e9trique <a href=\"\/fr\/prestations\/caracteristiques-des-substances-relevant-de-la-securite\/determination-de-la-repartition-granulometrique\/\">\u2192 voir plus<\/a><\/li>\n<\/ul>\n<\/div><\/li><li  class=\"\"><div class=\"toggle-head\"><div class=\"toggle-number\"><span class=\"icon-menu\"><\/span><\/div><div class=\"toggle-title clean_heading\">COMPORTEMENT DES POUSSI\u00c8RES D\u00c9POS\u00c9ES<\/div><\/div><div class=\"toggle-content\"><ul>\n<li>Indice de combustibilit\u00e9 \/ comportement au feu \u00a0 <a href=\"\/fr\/prestations\/caracteristiques-des-substances-relevant-de-la-securite\/indice-de-combustibilite-comportement-au-feu-vitesse-de-combustion\/\">\u2192 voir plus<\/a><\/li>\n<li>Vitesse de combustion<\/li>\n<li>Comportement d\u2019inflammation spontan\u00e9e<br \/>\n&gt; Analyse thermique diff\u00e9rentielle \u00e0 moins de 20 bar d\u2019air (\u00e0 + 400 \u00b0C)<br \/>\n&gt; Four Grewer<br \/>\n&gt; Stockage \u00e0 chaud adiabatique ou isotherme dans un panier m\u00e9tallique 400 ml ou 1 \u2113<\/li>\n<li>Temp\u00e9rature d\u2018incandescence<\/li>\n<li>Conductivit\u00e9 thermique et de la capacit\u00e9 thermique<br \/>\n<a href=\"\/fr\/prestations\/caracteristiques-des-substances-relevant-de-la-securite\/methode-disque-chaud-hot-disk-determination-de-la-conductivite-thermique-et-de-la-capacite-thermique\/\">\u2192 voir plus<\/a><\/li>\n<\/ul>\n<\/div><\/li><li  class=\"\"><div class=\"toggle-head\"><div class=\"toggle-number\"><span class=\"icon-flash\"><\/span><\/div><div class=\"toggle-title clean_heading\">\u00c9LECTROSTATIQUE<\/div><\/div><div class=\"toggle-content\"><ul>\n<li>R\u00e9sistance interne de la poudre <a href=\"\/fr\/prestations\/caracteristiques-des-substances-relevant-de-la-securite\/resistance-interne-specifique-de-la-poudre\/\">\u2192 voir plus<\/a><\/li>\n<li>Conductibilit\u00e9 des liquides et des suspensions <a href=\"\/fr\/prestations\/caracteristiques-des-substances-relevant-de-la-securite\/conductibilite-electrique-des-liquides\/\">\u2192 voir plus<\/a><\/li>\n<li>R\u00e9sistance de surface des films<\/li>\n<li>R\u00e9sistance interne sp\u00e9cifique et r\u00e9sistance de surface des textiles<\/li>\n<li>R\u00e9sistance interne sp\u00e9cifique<\/li>\n<li>Mesure de transfert de charges <a href=\"\/fr\/prestations\/caracteristiques-des-substances-relevant-de-la-securite\/mesure-de-transfert-de-charge\/\">\u2192 voir plus<\/a><\/li>\n<li>Conductivit\u00e9 des sols <a href=\"\/fr\/prestations\/caracteristiques-des-substances-relevant-de-la-securite\/conductivite-des-sols\/\">\u2192 voir plus<\/a><\/li>\n<li>Tension disruptive<\/li>\n<li><span class=\"item-title\">Permittivit\u00e9 relative<\/span> <a href=\"https:\/\/consilab.de\/fr\/prestations\/caracteristiques-des-substances-relevant-de-la-securite\/permittivite-relative\/\">\u2192 voir plus<\/a><\/li>\n<\/ul>\n<\/div><\/li><li  class=\"\"><div class=\"toggle-head\"><div class=\"toggle-number\"><span class=\"icon-water\"><\/span><\/div><div class=\"toggle-title clean_heading\">S\u00c9CURIT\u00c9 DES R\u00c9ACTIONS CHIMIQUES<\/div><\/div><div class=\"toggle-content\"><ul>\n<li>Test de screening par analyse thermique diff\u00e9rentielle (-80 \u00e0 + 700 \u00b0C)<\/li>\n<li>D\u00e9termination de l\u2019enthalpie de r\u00e9action\/de l\u2019augmentation de temp\u00e9rature adiabatique, de l\u2019accumulation de r\u00e9actifs, des taux de production de chaleur, des capacit\u00e9s thermiques et de d\u00e9gagement de gaz \u00e0 l\u2019aide d\u2019un calorim\u00e8tre r\u00e9actif RC\u00a01 (\u00e0 des pressions de 0 \u00e0 350 bar, des temp\u00e9ratures de -50 \u00e0 +250 \u00b0C)<\/li>\n<\/ul>\n<\/div><\/li><li  class=\"\"><div class=\"toggle-head\"><div class=\"toggle-number\"><span class=\"icon-flow-cascade\"><\/span><\/div><div class=\"toggle-title clean_heading\">R\u00c9ACTIONS D\u2019EMBALLEMENT THERMIQUE<\/div><\/div><div class=\"toggle-content\"><ul>\n<li>ARSST (Advanced Reactive System Screening Tool)<\/li>\n<li>Simulation directe d\u2019un dysfonctionnement au moyen de VSP2 (Vent Sizing Package 2) :<br \/>\nD\u00e9termination des taux de production de chaleur, des taux de production de gaz. de la tendance \u00e0 la formation de mousse et essais de d\u00e9compression pour le dimensionnement des soupapes de s\u00fbret\u00e9. <a href=\"\/fr\/prestations\/caracteristiques-des-substances-relevant-de-la-securite\/simulation-directe-dun-dysfonctionnement-au-moyen-du-vsp2-vent-sizing-package-2\/\">\u2192 voir plus<\/a><\/li>\n<\/ul>\n<\/div><\/li><\/ol><\/div>[vc_btn title=\u00a0\u00bbPrestations\u00a0\u00bb style=\u00a0\u00bbclassic\u00a0\u00bb color=\u00a0\u00bbpurple\u00a0\u00bb i_icon_fontawesome=\u00a0\u00bbfas fa-angle-left\u00a0\u00bb add_icon=\u00a0\u00bbtrue\u00a0\u00bb link=\u00a0\u00bburl:%2Ffr%2Fprestations%2F|title:Prestations\u00a0\u00bb el_class=\u00a0\u00bbbtn&#8211;red\u00a0\u00bb][\/vc_column][\/vc_row]<\/p>\n","protected":false},"excerpt":{"rendered":"<p>[vc_row rt_row_background_width=\u00a0\u00bbfullwidth\u00a0\u00bb rt_row_content_width=\u00a0\u00bbdefault\u00a0\u00bb rt_row_style=\u00a0\u00bbdefault-style\u00a0\u00bb rt_row_borders=\u00a0\u00bb\u00a0\u00bb rt_row_shadows=\u00a0\u00bb\u00a0\u00bb rt_row_paddings=\u00a0\u00bbfalse\u00a0\u00bb rt_bg_effect=\u00a0\u00bbclassic\u00a0\u00bb rt_bg_image_repeat=\u00a0\u00bbrepeat\u00a0\u00bb rt_bg_size=\u00a0\u00bbcover\u00a0\u00bb rt_bg_position=\u00a0\u00bbright top\u00a0\u00bb rt_bg_attachment=\u00a0\u00bbscroll\u00a0\u00bb rt_bg_video_format=\u00a0\u00bbself-hosted\u00a0\u00bb][vc_column width=\u00a0\u00bb1\/3&Prime; rt_column_shadow=\u00a0\u00bb\u00a0\u00bb rt_bg_image_repeat=\u00a0\u00bbrepeat\u00a0\u00bb rt_bg_size=\u00a0\u00bbauto auto\u00a0\u00bb rt_bg_attachment=\u00a0\u00bbscroll\u00a0\u00bb class=\u00a0\u00bbdownload\u00a0\u00bb rt_bg_color=\u00a0\u00bb\u00a0\u00bb rt_bg_overlay_color=\u00a0\u00bb\u00a0\u00bb offset=\u00a0\u00bbvc_hidden-sm vc_hidden-xs\u00a0\u00bb css=\u00a0\u00bb.vc_custom_1530014764361{padding-top: 1em !important;padding-bottom: 0px !important;}\u00a0\u00bb rt_padding_bottom=\u00a0\u00bb0&Prime;][vc_widget_sidebar sidebar_id=\u00a0\u00bbrt-theme-20-common-sidebar\u00a0\u00bb][\/vc_column][vc_column width=\u00a0\u00bb2\/3&Prime; rt_column_shadow=\u00a0\u00bb\u00a0\u00bb rt_bg_image_repeat=\u00a0\u00bbrepeat\u00a0\u00bb rt_bg_size=\u00a0\u00bbauto auto\u00a0\u00bb rt_bg_attachment=\u00a0\u00bbscroll\u00a0\u00bb class=\u00a0\u00bbmaincontent\u00a0\u00bb rt_bg_color=\u00a0\u00bb\u00a0\u00bb rt_bg_overlay_color=\u00a0\u00bb\u00a0\u00bb css=\u00a0\u00bb.vc_custom_1533617291210{padding-top: 1em !important;padding-bottom: 1em !important;}\u00a0\u00bb][vc_column_text el_class=\u00a0\u00bbredborderleft\u00a0\u00bb] Caract\u00e9ristiques des substances relevant de la s\u00e9curit\u00e9 Sur  &#8230;<br \/><a class=\"more-link\" href=\"https:\/\/consilab.de\/fr\/prestations\/caracteristiques-des-substances-relevant-de-la-securite\/\">more | mehr<\/a><\/p>\n","protected":false},"author":1,"featured_media":0,"parent":9299,"menu_order":1,"comment_status":"closed","ping_status":"closed","template":"","meta":{"footnotes":""},"class_list":["post-9313","page","type-page","status-publish","hentry"],"_links":{"self":[{"href":"https:\/\/consilab.de\/fr\/wp-json\/wp\/v2\/pages\/9313","targetHints":{"allow":["GET"]}}],"collection":[{"href":"https:\/\/consilab.de\/fr\/wp-json\/wp\/v2\/pages"}],"about":[{"href":"https:\/\/consilab.de\/fr\/wp-json\/wp\/v2\/types\/page"}],"author":[{"embeddable":true,"href":"https:\/\/consilab.de\/fr\/wp-json\/wp\/v2\/users\/1"}],"replies":[{"embeddable":true,"href":"https:\/\/consilab.de\/fr\/wp-json\/wp\/v2\/comments?post=9313"}],"version-history":[{"count":2,"href":"https:\/\/consilab.de\/fr\/wp-json\/wp\/v2\/pages\/9313\/revisions"}],"predecessor-version":[{"id":12043,"href":"https:\/\/consilab.de\/fr\/wp-json\/wp\/v2\/pages\/9313\/revisions\/12043"}],"up":[{"embeddable":true,"href":"https:\/\/consilab.de\/fr\/wp-json\/wp\/v2\/pages\/9299"}],"wp:attachment":[{"href":"https:\/\/consilab.de\/fr\/wp-json\/wp\/v2\/media?parent=9313"}],"curies":[{"name":"wp","href":"https:\/\/api.w.org\/{rel}","templated":true}]}}