{"id":9316,"date":"2018-06-19T09:34:15","date_gmt":"2018-06-19T07:34:15","guid":{"rendered":"https:\/\/consilab.de\/leistungen\/sicherheitstechnische-berechnungen\/"},"modified":"2022-07-11T16:15:34","modified_gmt":"2022-07-11T14:15:34","slug":"calculs-relevant-de-la-securite","status":"publish","type":"page","link":"https:\/\/consilab.de\/fr\/prestations\/calculs-relevant-de-la-securite\/","title":{"rendered":"Calculs relevant de la s\u00e9curit\u00e9"},"content":{"rendered":"<p>[vc_row rt_row_background_width=\u00a0\u00bbfullwidth\u00a0\u00bb rt_row_content_width=\u00a0\u00bbdefault\u00a0\u00bb rt_row_style=\u00a0\u00bbdefault-style\u00a0\u00bb rt_row_borders=\u00a0\u00bb\u00a0\u00bb rt_row_shadows=\u00a0\u00bb\u00a0\u00bb rt_row_paddings=\u00a0\u00bbtrue\u00a0\u00bb rt_bg_effect=\u00a0\u00bbclassic\u00a0\u00bb rt_bg_image_repeat=\u00a0\u00bbrepeat\u00a0\u00bb rt_bg_size=\u00a0\u00bbcover\u00a0\u00bb rt_bg_position=\u00a0\u00bbright top\u00a0\u00bb rt_bg_attachment=\u00a0\u00bbscroll\u00a0\u00bb rt_bg_video_format=\u00a0\u00bbself-hosted\u00a0\u00bb][vc_column width=\u00a0\u00bb1\/3&Prime; rt_column_shadow=\u00a0\u00bb\u00a0\u00bb rt_bg_image_repeat=\u00a0\u00bbrepeat\u00a0\u00bb rt_bg_size=\u00a0\u00bbauto auto\u00a0\u00bb rt_bg_attachment=\u00a0\u00bbscroll\u00a0\u00bb class=\u00a0\u00bbdownload\u00a0\u00bb rt_bg_color=\u00a0\u00bb\u00a0\u00bb rt_bg_overlay_color=\u00a0\u00bb\u00a0\u00bb offset=\u00a0\u00bbvc_hidden-sm vc_hidden-xs\u00a0\u00bb css=\u00a0\u00bb.vc_custom_1529335398592{padding-bottom: 0px !important;}\u00a0\u00bb rt_padding_bottom=\u00a0\u00bb0&Prime;][vc_widget_sidebar sidebar_id=\u00a0\u00bbrt-theme-20-common-sidebar\u00a0\u00bb][\/vc_column][vc_column width=\u00a0\u00bb2\/3&Prime; rt_column_shadow=\u00a0\u00bb\u00a0\u00bb rt_bg_image_repeat=\u00a0\u00bbrepeat\u00a0\u00bb rt_bg_size=\u00a0\u00bbauto auto\u00a0\u00bb rt_bg_attachment=\u00a0\u00bbscroll\u00a0\u00bb class=\u00a0\u00bbmaincontent\u00a0\u00bb rt_bg_color=\u00a0\u00bb\u00a0\u00bb rt_bg_overlay_color=\u00a0\u00bb\u00a0\u00bb css=\u00a0\u00bb.vc_custom_1531839196086{margin-bottom: 2em !important;padding-bottom: 0px !important;}\u00a0\u00bb][vc_column_text el_class=\u00a0\u00bbredborderleft\u00a0\u00bb]<\/p>\n<h1>Calculs relevant de la s\u00e9curit\u00e9<\/h1>\n<h2>Nous r\u00e9alisons des calculs pour la conception des composants de l\u2019installation relevant de la s\u00e9curit\u00e9, si n\u00e9cessaire \u00e9galement sur la base des caract\u00e9ristiques li\u00e9es \u00e0 la s\u00e9curit\u00e9 que nous aurons le cas \u00e9ch\u00e9ant d\u00e9termin\u00e9es dans notre propre laboratoire.<\/h2>\n<p>Par ailleurs, nous r\u00e9alisons aussi des calculs de dispersion qui permettent d\u2018\u00e9valuer les cons\u00e9quences d\u2019une fuite de substances. Ces calculs font partie int\u00e9grante des documents d\u2019autorisation que les exploitants d\u2019installation sont tenus de soumettre aux autorit\u00e9s comp\u00e9tentes.<\/p>\n<p>Pour traiter les questions relevant de la s\u00e9curit\u00e9, consilab met \u00e0 disposition une \u00e9quipe d\u2019experts av\u00e9r\u00e9s, dot\u00e9s de nombreuses ann\u00e9es d\u2019exp\u00e9rience, ainsi qu\u2019une gamme de programmes de simulation de haute qualit\u00e9, tels que Flowmaster\u00ae et ChemCAD\u00ae.<\/p>\n<h3>PROTECTION DES \u00c9QUIPEMENTS SOUS PRESSION<\/h3>\n<p>Pour ce qui est de la protection des r\u00e9servoirs sous pression, les sp\u00e9cialistes de consilab apportent leur assistance par le biais d\u2019une analyse minutieuse des causes potentielles d\u2019une mont\u00e9e en pression. Le d\u00e9bit massique qu\u2019il faut \u00e9vacuer du composant de l\u2019installation en cas de dysfonctionnement, d\u00e9pend alors essentiellement des sc\u00e9narios qui ont pu \u00eatre identifi\u00e9s. Pour le calcul du d\u00e9bit massique susceptible d\u2019\u00eatre \u00e9vacu\u00e9, il faut le cas \u00e9ch\u00e9ant prendre en compte des \u00e9coulements diphasiques. Dans des cas plus complexes, comme la protection de r\u00e9acteurs, il peut s\u2019av\u00e9rer n\u00e9cessaire de r\u00e9aliser le dimensionnement sur la base de calculs par simulation dynamique. Dans le d\u00e9tail, les \u00e9l\u00e9ments ci-apr\u00e8s sont trait\u00e9s au sein de consilab\u00a0:<\/p>\n<ul>\n<li>Analyse des sc\u00e9narios de mont\u00e9e en pression\u00a0 <a href=\"\/fr\/prestations\/calculs-relevant-de-la-securite\/analyse-des-scenarios-de-montee-en-pression\/\">\u2192 voir plus<\/a><\/li>\n<li>Dimensionnement des dispositifs de limitation de pression (soupapes de s\u00fbret\u00e9 \u2009\/\u2009 disques de rupture \/ purges &#8211; (\u00e9galement pour le d\u00e9bit diphasique)<\/li>\n<li>V\u00e9rification par calcul des conduites d\u2019alimentation et des tuyauteries d\u2019\u00e9coulement (\u00e9galement pour les \u00e9coulements diphasiques) <a href=\"\/fr\/prestations\/calculs-relevant-de-la-securite\/verification-par-calcul-des-conduites-dalimentation-et-des-tuyauteries-decoulement-des-soupapes-de-surete\/\">\u2192 voir plus<\/a><\/li>\n<li>Dimensionnement des syst\u00e8mes de retenue <a href=\"\/fr\/prestations\/calculs-relevant-de-la-securite\/dimensionnement-des-systemes-de-retenue\/\">\u2192 voir plus<\/a><\/li>\n<li>Enregistrement \/ saisie des dispositifs de limitation de pression et de retenue dans l\u2018entreprise<\/li>\n<\/ul>\n<h3>S\u00c9CURISATION DES R\u00c9ACTEURS CHIMIQUES<\/h3>\n<p>En r\u00e8gle g\u00e9n\u00e9rale, la r\u00e9action de consigne en fonctionnement normal est parfaitement identifi\u00e9e. En cas de dysfonctionnement d\u00e9viant du fonctionnement normal, la situation dans un r\u00e9acteur peut cependant se modifier si rapidement qu\u2019il se produit des r\u00e9actions ind\u00e9sirables et souvent inconnues, qui selon le cas sont susceptibles de provoquer une mont\u00e9e en pression impr\u00e9vue et rapide d\u00e9passant la pression de service maximale admissible du r\u00e9acteur.<\/p>\n<p>Tout d\u00e9faut potentiel, dont l\u2019\u00e9radication ne peut pas \u00eatre exclue en fonctionnement normal par le biais de mesures organisationnelles suffisantes ou par l\u2019application des mesures de s\u00e9curit\u00e9 du contr\u00f4le du processus industriel, devrait faire l\u2019objet d\u2019un examen approfondi dans le cadre d\u2019un essai adiabatique en laboratoire quant \u00e0 la possible vitesse d\u2019\u00e9l\u00e9vation de la temp\u00e9rature et de la mont\u00e9e en pression. Il convient de ne pas non seulement explorer une voie d\u2019\u00e9vacuation obstru\u00e9e, une \u00e9ventuelle d\u00e9faillance du refroidissement ou un d\u00e9faut de r\u00e9gulation du chauffage, mais aussi le cas \u00e9ch\u00e9ant de pousser l\u2019analyse \u00e0 un dosage erron\u00e9, une accumulation, une possible interversion des substances utilis\u00e9es, etc. En r\u00e8gle g\u00e9n\u00e9rale, on proc\u00e8de pour ce faire \u00e0 des essais dans un calorim\u00e8tre r\u00e9actionnel adiabatique, par ex. le VSP2. Quant aux essais \u00e0 effectuer et de la m\u00e9thode \u00e0 mettre en \u0153uvre dans le but d\u2019obtenir une base de donn\u00e9es optimale pour la s\u00e9curisation de l\u2019installation, vous les identifierez en coop\u00e9ration avec nos sp\u00e9cialistes exp\u00e9riment\u00e9s.<\/p>\n<p>Sur la base de l\u2019\u00e9volution de la pression pendant la r\u00e9action et sur la base de la courbe de refroidissement, il est possible de d\u00e9duire dans le contexte de la r\u00e9action examin\u00e9e s\u2019il s\u2019agit d\u2019un syst\u00e8me r\u00e9actionnel de production de gaz (syst\u00e8me gassy), d\u2019un syst\u00e8me de pression de vapeur (vapored system, ou d\u2019un syst\u00e8me refroidi par \u00e9vaporation) voire un m\u00e9lange des deux, \u00e0 savoir d\u2019un syst\u00e8me hybride.<\/p>\n<p>Les r\u00e9sultats des essais permettent en outre de d\u00e9terminer les temp\u00e9ratures et les pressions maximales, ainsi que les gradients thermiques (vitesse d\u2019\u00e9l\u00e9vation de la temp\u00e9rature) et les gradients de pression (vitesse de mont\u00e9e en pression) qui sont n\u00e9cessaires au bon dimensionnement d\u2019une soupape de s\u00fbret\u00e9 ou d\u2019un disque de rupture.<\/p>\n<p>Sur la base des charges en exploitation, des donn\u00e9es relatives aux r\u00e9servoirs et des examens adiabatiques en laboratoire, il n\u2019est pas seulement possible de calculer les sections de d\u00e9charge n\u00e9cessaires mais aussi de d\u00e9terminer la probabilit\u00e9 d\u2019un \u00e9coulement diphasique.<\/p>\n<p>Le dimensionnement proprement dit s\u2019effectue normalement au moyen de la m\u00e9thode DIERS selon Leung, voire de l\u2019ISO 4126-partie 10. Le comportement d\u2019emballement (homog\u00e8ne, churn-turbulent, bubbly) du m\u00e9lange r\u00e9actionnel dans le r\u00e9servoir est fonction de la viscosit\u00e9, du niveau de remplissage et du caract\u00e8re moussant de ce m\u00e9lange. La densit\u00e9 du d\u00e9bit massique dans la soupape de s\u00fbret\u00e9 ou le disque de rupture d\u00e9pend fortement de la forme du flux. On ne fait pas uniquement la diff\u00e9rence entre le seul \u00e9coulement gazeux, le seul \u00e9coulement de liquide et l\u2019\u00e9coulement diphasique. Le calcul sur la base de l\u2019\u00e9coulement diphasique peut s\u2019effectuer selon HEM (mod\u00e8le de m\u00e9lange homog\u00e8ne \u00e9quilibr\u00e9) ou HNE-DS (mod\u00e8le de m\u00e9lange homog\u00e8ne d\u00e9s\u00e9quilibr\u00e9 selon Diener et Schmidt).<\/p>\n<h3>\u00c9VALUATION DES EFFETS DES DYSFONCTIONNEMENTS<\/h3>\n<p>Les incidences des dysfonctionnements doivent \u00eatre d\u00e9crites sous forme de rapports de s\u00e9curit\u00e9 pour les installations qui rel\u00e8vent des obligations \u00e9largies du r\u00e8glement sur les accidents majeurs. De m\u00eame, dans le cadre du Land-Use-Planning, il convient d\u2019effectuer des \u00e9tudes sur les r\u00e9percussions, qui seront utilis\u00e9es dans leur rapport d\u2019expertise par nos experts, qui sont nomm\u00e9s en vertu du \u00a7 29 de la loi f\u00e9d\u00e9rale sur la protection contre les \u00e9missions \u00ab\u00a0BlmSchG\u00a0\u00bb. consilab propose :<\/p>\n<ul>\n<li>Calcul du terme source (flux massique de rejets venant de fuites, flaques, etc.)<\/li>\n<li>Calcul de dispersion pour gaz neutres et gaz lourds (VDI 3783, AUSTAL2000)<\/li>\n<li>Calcul du jet libre (nuage explosible, rayonnement thermique, pressions dues \u00e0 l\u2019explosion)<\/li>\n<li>\u00c9valuation des r\u00e9percussions des incendies et des explosions<\/li>\n<\/ul>\n<h3>CALCULS RELATIFS AUX \u00c9COULEMENTS<\/h3>\n<p>Nos experts r\u00e9alisent des calculs stationnaires et dynamiques relatifs aux \u00e9coulements dans les tuyauteries. En plus des recherches d\u2019optimisation, ce sont ici les probl\u00e8mes de s\u00e9curit\u00e9 technique qui sont plus sp\u00e9cialement vis\u00e9s. Les ph\u00e9nom\u00e8nes de coups de b\u00e9lier lors de la fermeture des vannes d\u2019arr\u00eat, voire les r\u00e9actions de d\u00e9tente rapides, exigent une analyse minutieuse \u00e0 l\u2019aide de programmes de simulation dynamique.<\/p>\n<p>consilab propose notamment les prestations suivantes\u00a0:<\/p>\n<ul>\n<li>Dimensionnement des obturateurs et des tron\u00e7ons d\u2018\u00e9tranglement <a href=\"\/fr\/prestations\/calculs-relevant-de-la-securite\/dimensionnement-des-obturateurs-et-des-troncons-detranglement\/\">\u2192 voir plus<\/a><\/li>\n<li>Calculs de perte de pression (\u00e9galement pour l\u2018\u00e9coulement diphasique)<\/li>\n<li>Analyse des risques de coups de b\u00e9lier (par ex. lors de la fermeture rapide de soupapes)<\/li>\n<li>Optimisation des r\u00e9seaux de canalisation<\/li>\n<li>S\u00e9curisation des cuves de stockage<\/li>\n<li>Calcul des contraintes des canalisations qui sont induites par les \u00e9coulements (forces de r\u00e9action)<\/li>\n<li>Dimensionnement des \u00e9vacuations de gaz et des dispositifs de d\u00e9tente<\/li>\n<\/ul>\n<p>[\/vc_column_text][vc_row_inner rt_row_style=\u00a0\u00bbglobal-style\u00a0\u00bb rt_bg_custom_alignment=\u00a0\u00bbtop\u00a0\u00bb][vc_column_inner rt_column_shadow=\u00a0\u00bb\u00a0\u00bb rt_bg_image_repeat=\u00a0\u00bbrepeat\u00a0\u00bb rt_bg_size=\u00a0\u00bbauto auto\u00a0\u00bb rt_bg_attachment=\u00a0\u00bbscroll\u00a0\u00bb css=\u00a0\u00bb.vc_custom_1531836711617{margin-bottom: 2em !important;}\u00a0\u00bb rt_bg_color=\u00a0\u00bb\u00a0\u00bb rt_bg_overlay_color=\u00a0\u00bb\u00a0\u00bb][vc_btn title=\u00a0\u00bbPrestations\u00a0\u00bb style=\u00a0\u00bbclassic\u00a0\u00bb color=\u00a0\u00bbpurple\u00a0\u00bb i_icon_fontawesome=\u00a0\u00bbfas fa-angle-left\u00a0\u00bb add_icon=\u00a0\u00bbtrue\u00a0\u00bb link=\u00a0\u00bburl:%2Ffr%2Fprestations%2F|title:Prestations\u00a0\u00bb el_class=\u00a0\u00bbbtn&#8211;red\u00a0\u00bb][\/vc_column_inner][\/vc_row_inner][\/vc_column][\/vc_row]<\/p>\n","protected":false},"excerpt":{"rendered":"<p>[vc_row rt_row_background_width=\u00a0\u00bbfullwidth\u00a0\u00bb rt_row_content_width=\u00a0\u00bbdefault\u00a0\u00bb rt_row_style=\u00a0\u00bbdefault-style\u00a0\u00bb rt_row_borders=\u00a0\u00bb\u00a0\u00bb rt_row_shadows=\u00a0\u00bb\u00a0\u00bb rt_row_paddings=\u00a0\u00bbtrue\u00a0\u00bb rt_bg_effect=\u00a0\u00bbclassic\u00a0\u00bb rt_bg_image_repeat=\u00a0\u00bbrepeat\u00a0\u00bb rt_bg_size=\u00a0\u00bbcover\u00a0\u00bb rt_bg_position=\u00a0\u00bbright top\u00a0\u00bb rt_bg_attachment=\u00a0\u00bbscroll\u00a0\u00bb rt_bg_video_format=\u00a0\u00bbself-hosted\u00a0\u00bb][vc_column width=\u00a0\u00bb1\/3&Prime; rt_column_shadow=\u00a0\u00bb\u00a0\u00bb rt_bg_image_repeat=\u00a0\u00bbrepeat\u00a0\u00bb rt_bg_size=\u00a0\u00bbauto auto\u00a0\u00bb rt_bg_attachment=\u00a0\u00bbscroll\u00a0\u00bb class=\u00a0\u00bbdownload\u00a0\u00bb rt_bg_color=\u00a0\u00bb\u00a0\u00bb rt_bg_overlay_color=\u00a0\u00bb\u00a0\u00bb offset=\u00a0\u00bbvc_hidden-sm vc_hidden-xs\u00a0\u00bb css=\u00a0\u00bb.vc_custom_1529335398592{padding-bottom: 0px !important;}\u00a0\u00bb rt_padding_bottom=\u00a0\u00bb0&Prime;][vc_widget_sidebar sidebar_id=\u00a0\u00bbrt-theme-20-common-sidebar\u00a0\u00bb][\/vc_column][vc_column width=\u00a0\u00bb2\/3&Prime; rt_column_shadow=\u00a0\u00bb\u00a0\u00bb rt_bg_image_repeat=\u00a0\u00bbrepeat\u00a0\u00bb rt_bg_size=\u00a0\u00bbauto auto\u00a0\u00bb rt_bg_attachment=\u00a0\u00bbscroll\u00a0\u00bb class=\u00a0\u00bbmaincontent\u00a0\u00bb rt_bg_color=\u00a0\u00bb\u00a0\u00bb rt_bg_overlay_color=\u00a0\u00bb\u00a0\u00bb css=\u00a0\u00bb.vc_custom_1531839196086{margin-bottom: 2em !important;padding-bottom: 0px !important;}\u00a0\u00bb][vc_column_text el_class=\u00a0\u00bbredborderleft\u00a0\u00bb] Calculs relevant de la s\u00e9curit\u00e9 Nous r\u00e9alisons des calculs pour  &#8230;<br \/><a class=\"more-link\" href=\"https:\/\/consilab.de\/fr\/prestations\/calculs-relevant-de-la-securite\/\">more | mehr<\/a><\/p>\n","protected":false},"author":1,"featured_media":0,"parent":9299,"menu_order":2,"comment_status":"closed","ping_status":"closed","template":"","meta":{"footnotes":""},"class_list":["post-9316","page","type-page","status-publish","hentry"],"_links":{"self":[{"href":"https:\/\/consilab.de\/fr\/wp-json\/wp\/v2\/pages\/9316","targetHints":{"allow":["GET"]}}],"collection":[{"href":"https:\/\/consilab.de\/fr\/wp-json\/wp\/v2\/pages"}],"about":[{"href":"https:\/\/consilab.de\/fr\/wp-json\/wp\/v2\/types\/page"}],"author":[{"embeddable":true,"href":"https:\/\/consilab.de\/fr\/wp-json\/wp\/v2\/users\/1"}],"replies":[{"embeddable":true,"href":"https:\/\/consilab.de\/fr\/wp-json\/wp\/v2\/comments?post=9316"}],"version-history":[{"count":1,"href":"https:\/\/consilab.de\/fr\/wp-json\/wp\/v2\/pages\/9316\/revisions"}],"predecessor-version":[{"id":12101,"href":"https:\/\/consilab.de\/fr\/wp-json\/wp\/v2\/pages\/9316\/revisions\/12101"}],"up":[{"embeddable":true,"href":"https:\/\/consilab.de\/fr\/wp-json\/wp\/v2\/pages\/9299"}],"wp:attachment":[{"href":"https:\/\/consilab.de\/fr\/wp-json\/wp\/v2\/media?parent=9316"}],"curies":[{"name":"wp","href":"https:\/\/api.w.org\/{rel}","templated":true}]}}