{"id":9319,"date":"2018-06-19T09:39:31","date_gmt":"2018-06-19T07:39:31","guid":{"rendered":"https:\/\/consilab.de\/leistungen\/sicherheitskonzepte\/"},"modified":"2022-07-11T16:27:03","modified_gmt":"2022-07-11T14:27:03","slug":"concepts-de-securite","status":"publish","type":"page","link":"https:\/\/consilab.de\/fr\/prestations\/concepts-de-securite\/","title":{"rendered":"Concepts de s\u00e9curit\u00e9"},"content":{"rendered":"<p>[vc_row rt_row_background_width=\u00a0\u00bbfullwidth\u00a0\u00bb rt_row_content_width=\u00a0\u00bbdefault\u00a0\u00bb rt_row_style=\u00a0\u00bbdefault-style\u00a0\u00bb rt_row_borders=\u00a0\u00bb\u00a0\u00bb rt_row_shadows=\u00a0\u00bb\u00a0\u00bb rt_row_paddings=\u00a0\u00bbfalse\u00a0\u00bb rt_bg_effect=\u00a0\u00bbclassic\u00a0\u00bb rt_bg_image_repeat=\u00a0\u00bbrepeat\u00a0\u00bb rt_bg_size=\u00a0\u00bbcover\u00a0\u00bb rt_bg_position=\u00a0\u00bbright top\u00a0\u00bb rt_bg_attachment=\u00a0\u00bbscroll\u00a0\u00bb rt_bg_video_format=\u00a0\u00bbself-hosted\u00a0\u00bb][vc_column width=\u00a0\u00bb1\/3&Prime; rt_column_shadow=\u00a0\u00bb\u00a0\u00bb rt_bg_image_repeat=\u00a0\u00bbrepeat\u00a0\u00bb rt_bg_size=\u00a0\u00bbauto auto\u00a0\u00bb rt_bg_attachment=\u00a0\u00bbscroll\u00a0\u00bb class=\u00a0\u00bbdownload\u00a0\u00bb rt_bg_color=\u00a0\u00bb\u00a0\u00bb rt_bg_overlay_color=\u00a0\u00bb\u00a0\u00bb offset=\u00a0\u00bbvc_hidden-sm vc_hidden-xs\u00a0\u00bb css=\u00a0\u00bb.vc_custom_1532423047342{padding-bottom: 0px !important;}\u00a0\u00bb rt_padding_bottom=\u00a0\u00bb0&Prime;][vc_widget_sidebar sidebar_id=\u00a0\u00bbrt-theme-20-common-sidebar\u00a0\u00bb][\/vc_column][vc_column width=\u00a0\u00bb2\/3&Prime; rt_column_shadow=\u00a0\u00bb\u00a0\u00bb rt_bg_image_repeat=\u00a0\u00bbrepeat\u00a0\u00bb rt_bg_size=\u00a0\u00bbauto auto\u00a0\u00bb rt_bg_attachment=\u00a0\u00bbscroll\u00a0\u00bb class=\u00a0\u00bbmaincontent\u00a0\u00bb rt_bg_color=\u00a0\u00bb\u00a0\u00bb rt_bg_overlay_color=\u00a0\u00bb\u00a0\u00bb css=\u00a0\u00bb.vc_custom_1532423042030{margin-bottom: 1em !important;padding-bottom: 2em !important;}\u00a0\u00bb][vc_column_text el_class=\u00a0\u00bbredborderleft\u00a0\u00bb]<\/p>\n<h1>Concepts de s\u00e9curit\u00e9 \/ Consulting<\/h1>\n<ul>\n<li>Conduite et accompagnement des entretiens relatif \u00e0 la s\u00e9curit\u00e9<\/li>\n<li>Analyse syst\u00e9matique de la s\u00e9curit\u00e9 (par ex. m\u00e9thode H\u00f6chster, HAZOP, Fault Tree Analysis)<\/li>\n<li>Rapports de s\u00e9curit\u00e9 en vue de l\u2019autorisation des installations<\/li>\n<li>Concepts de pr\u00e9vention des explosions et documents relatif \u00e0 la protection contre les explosions<\/li>\n<\/ul>\n<p>Nos concepts de s\u00e9curit\u00e9 portent soit sur une \u00e9tape individuelle du proc\u00e9d\u00e9, soit sur la globalit\u00e9 des proc\u00e9d\u00e9s d\u2019une installation de production. Nous \u00e9tudions les diff\u00e9rents aspects de la s\u00e9curit\u00e9 des proc\u00e9d\u00e9s, comme par exemple la pr\u00e9vention des explosions, ou nous proc\u00e9dons \u00e0 une \u00e9tude globale en mati\u00e8re de la s\u00e9curit\u00e9 de l\u2019installation.<\/p>\n<h3>NOUS PRENONS EN CONSID\u00c9RATION LES BESOINS SP\u00c9CIFIQUES DE NOS CLIENTS ET LES IMP\u00c9RATIFS RECOMMAND\u00c9S.<\/h3>\n<p>Nous nous appuyons sur les donn\u00e9es des substances caract\u00e9ris\u00e9es en laboratoire et sur les calculs relevant de la s\u00e9curit\u00e9 afin de d\u00e9finir des concepts de s\u00e9curit\u00e9 sur mesure pour les installations de proc\u00e9d\u00e9s industriels.<\/p>\n<p>Nos sp\u00e9cialistes exp\u00e9riment\u00e9s analysent vos installations et vos processus, d\u00e9c\u00e8lent les risques potentiels et trouvent des solutions sur mesure pour la s\u00e9curisation des installations. A cet effet, nous \u0153uvrons ind\u00e9pendamment des entreprises de production, des autorit\u00e9s publiques, des associations de contr\u00f4le technique ainsi que des assurances. Nous pouvons d\u00e8s lors vous conseiller rapidement et \u00e0 moindre co\u00fbt, et sans aucun conflit d\u2019int\u00e9r\u00eats sur toutes les questions li\u00e9es \u00e0 la s\u00e9curit\u00e9.<\/p>\n<h3>Prestations propos\u00e9es\u00a0:<\/h3>\n<ul>\n<li>Conduite et mod\u00e9ration des discussions portant sur la s\u00e9curit\u00e9 par ex. HAZOP\/PAAG, Fault Tree Analysis<\/li>\n<li>Proc\u00e8s-verbal des discussions portant sur la s\u00e9curit\u00e9 \u2013 Assistance pour l\u2019\u00e9laboration d\u2019analyses des risques<\/li>\n<li>Rapports d\u2018expertise (\u00a729a BImSchG) \u2013 rapports d\u2019expertise relatifs au Land-Use-Planning<\/li>\n<li>Documents de synth\u00e8se sur les accidents<\/li>\n<li>Rapports sur la s\u00e9curit\u00e9 pour les proc\u00e9dures d\u2018autorisation<\/li>\n<li>Conseil relatif \u00e0 la pr\u00e9vention des explosions, \u00e9laboration de documents sur la pr\u00e9vention des explosions<\/li>\n<li>Concepts de s\u00e9curit\u00e9 pour les diff\u00e9rentes \u00e9tapes de proc\u00e9d\u00e9s, par ex. les processus pr\u00e9sentant des risques d\u2019explosion en raison de la pr\u00e9sence de poussi\u00e8res, tels que les s\u00e9cheurs par pulv\u00e9risation, les silos<\/li>\n<li>Ma\u00eetrise des r\u00e9actions chimiques exothermiques<\/li>\n<li>Manipulation des substances spontan\u00e9ment inflammables en production<\/li>\n<li>S\u00e9curisation des r\u00e9servoirs sous pression<\/li>\n<li>S\u00e9curit\u00e9 d\u2019exploitation des cuves de stockage<\/li>\n<li>\u00c9valuation des caract\u00e9ristiques relevant de la s\u00e9curit\u00e9<\/li>\n<li>Enregistrement de nouvelles substances\u2009\/\u2009\u00c9tablissement de dossiers IUCLID5<\/li>\n<li>S\u00e9minaires<\/li>\n<\/ul>\n<p>&nbsp;<\/p>\n<p>[\/vc_column_text][vc_btn title=\u00a0\u00bbPrestations\u00a0\u00bb style=\u00a0\u00bbclassic\u00a0\u00bb color=\u00a0\u00bbpurple\u00a0\u00bb i_icon_fontawesome=\u00a0\u00bbfas fa-angle-left\u00a0\u00bb add_icon=\u00a0\u00bbtrue\u00a0\u00bb link=\u00a0\u00bburl:%2Ffr%2Fprestations%2F|title:Prestations\u00a0\u00bb el_class=\u00a0\u00bbbtn&#8211;red\u00a0\u00bb][\/vc_column][\/vc_row]<\/p>\n","protected":false},"excerpt":{"rendered":"<p>[vc_row rt_row_background_width=\u00a0\u00bbfullwidth\u00a0\u00bb rt_row_content_width=\u00a0\u00bbdefault\u00a0\u00bb rt_row_style=\u00a0\u00bbdefault-style\u00a0\u00bb rt_row_borders=\u00a0\u00bb\u00a0\u00bb rt_row_shadows=\u00a0\u00bb\u00a0\u00bb rt_row_paddings=\u00a0\u00bbfalse\u00a0\u00bb rt_bg_effect=\u00a0\u00bbclassic\u00a0\u00bb rt_bg_image_repeat=\u00a0\u00bbrepeat\u00a0\u00bb rt_bg_size=\u00a0\u00bbcover\u00a0\u00bb rt_bg_position=\u00a0\u00bbright top\u00a0\u00bb rt_bg_attachment=\u00a0\u00bbscroll\u00a0\u00bb rt_bg_video_format=\u00a0\u00bbself-hosted\u00a0\u00bb][vc_column width=\u00a0\u00bb1\/3&Prime; rt_column_shadow=\u00a0\u00bb\u00a0\u00bb rt_bg_image_repeat=\u00a0\u00bbrepeat\u00a0\u00bb rt_bg_size=\u00a0\u00bbauto auto\u00a0\u00bb rt_bg_attachment=\u00a0\u00bbscroll\u00a0\u00bb class=\u00a0\u00bbdownload\u00a0\u00bb rt_bg_color=\u00a0\u00bb\u00a0\u00bb rt_bg_overlay_color=\u00a0\u00bb\u00a0\u00bb offset=\u00a0\u00bbvc_hidden-sm vc_hidden-xs\u00a0\u00bb css=\u00a0\u00bb.vc_custom_1532423047342{padding-bottom: 0px !important;}\u00a0\u00bb rt_padding_bottom=\u00a0\u00bb0&Prime;][vc_widget_sidebar sidebar_id=\u00a0\u00bbrt-theme-20-common-sidebar\u00a0\u00bb][\/vc_column][vc_column width=\u00a0\u00bb2\/3&Prime; rt_column_shadow=\u00a0\u00bb\u00a0\u00bb rt_bg_image_repeat=\u00a0\u00bbrepeat\u00a0\u00bb rt_bg_size=\u00a0\u00bbauto auto\u00a0\u00bb rt_bg_attachment=\u00a0\u00bbscroll\u00a0\u00bb class=\u00a0\u00bbmaincontent\u00a0\u00bb rt_bg_color=\u00a0\u00bb\u00a0\u00bb rt_bg_overlay_color=\u00a0\u00bb\u00a0\u00bb css=\u00a0\u00bb.vc_custom_1532423042030{margin-bottom: 1em !important;padding-bottom: 2em !important;}\u00a0\u00bb][vc_column_text el_class=\u00a0\u00bbredborderleft\u00a0\u00bb] Concepts de s\u00e9curit\u00e9 \/ Consulting Conduite et accompagnement des entretiens  &#8230;<br \/><a class=\"more-link\" href=\"https:\/\/consilab.de\/fr\/prestations\/concepts-de-securite\/\">more | mehr<\/a><\/p>\n","protected":false},"author":1,"featured_media":0,"parent":9299,"menu_order":3,"comment_status":"closed","ping_status":"closed","template":"","meta":{"footnotes":""},"class_list":["post-9319","page","type-page","status-publish","hentry"],"_links":{"self":[{"href":"https:\/\/consilab.de\/fr\/wp-json\/wp\/v2\/pages\/9319","targetHints":{"allow":["GET"]}}],"collection":[{"href":"https:\/\/consilab.de\/fr\/wp-json\/wp\/v2\/pages"}],"about":[{"href":"https:\/\/consilab.de\/fr\/wp-json\/wp\/v2\/types\/page"}],"author":[{"embeddable":true,"href":"https:\/\/consilab.de\/fr\/wp-json\/wp\/v2\/users\/1"}],"replies":[{"embeddable":true,"href":"https:\/\/consilab.de\/fr\/wp-json\/wp\/v2\/comments?post=9319"}],"version-history":[{"count":1,"href":"https:\/\/consilab.de\/fr\/wp-json\/wp\/v2\/pages\/9319\/revisions"}],"predecessor-version":[{"id":12122,"href":"https:\/\/consilab.de\/fr\/wp-json\/wp\/v2\/pages\/9319\/revisions\/12122"}],"up":[{"embeddable":true,"href":"https:\/\/consilab.de\/fr\/wp-json\/wp\/v2\/pages\/9299"}],"wp:attachment":[{"href":"https:\/\/consilab.de\/fr\/wp-json\/wp\/v2\/media?parent=9319"}],"curies":[{"name":"wp","href":"https:\/\/api.w.org\/{rel}","templated":true}]}}