{"id":9325,"date":"2018-06-19T10:59:12","date_gmt":"2018-06-19T08:59:12","guid":{"rendered":"https:\/\/consilab.de\/leistungen\/klassifizierung-von-stoffen\/"},"modified":"2022-07-11T17:22:06","modified_gmt":"2022-07-11T15:22:06","slug":"classification-des-substances","status":"publish","type":"page","link":"https:\/\/consilab.de\/fr\/prestations\/classification-des-substances\/","title":{"rendered":"Classification des substances"},"content":{"rendered":"<p>[vc_row rt_row_background_width=\u00a0\u00bbfullwidth\u00a0\u00bb rt_row_content_width=\u00a0\u00bbdefault\u00a0\u00bb rt_row_style=\u00a0\u00bbdefault-style\u00a0\u00bb rt_row_borders=\u00a0\u00bb\u00a0\u00bb rt_row_shadows=\u00a0\u00bb\u00a0\u00bb rt_row_paddings=\u00a0\u00bbfalse\u00a0\u00bb rt_bg_effect=\u00a0\u00bbclassic\u00a0\u00bb rt_bg_image_repeat=\u00a0\u00bbrepeat\u00a0\u00bb rt_bg_size=\u00a0\u00bbcover\u00a0\u00bb rt_bg_position=\u00a0\u00bbright top\u00a0\u00bb rt_bg_attachment=\u00a0\u00bbscroll\u00a0\u00bb rt_bg_video_format=\u00a0\u00bbself-hosted\u00a0\u00bb][vc_column width=\u00a0\u00bb1\/3&Prime; rt_column_shadow=\u00a0\u00bb\u00a0\u00bb rt_bg_image_repeat=\u00a0\u00bbrepeat\u00a0\u00bb rt_bg_size=\u00a0\u00bbauto auto\u00a0\u00bb rt_bg_attachment=\u00a0\u00bbscroll\u00a0\u00bb class=\u00a0\u00bbdownload\u00a0\u00bb rt_bg_color=\u00a0\u00bb\u00a0\u00bb rt_bg_overlay_color=\u00a0\u00bb\u00a0\u00bb offset=\u00a0\u00bbvc_hidden-sm vc_hidden-xs\u00a0\u00bb css=\u00a0\u00bb.vc_custom_1532423139029{margin-bottom: 1em !important;padding-bottom: 0px !important;}\u00a0\u00bb rt_padding_bottom=\u00a0\u00bb0&Prime;][vc_widget_sidebar sidebar_id=\u00a0\u00bbrt-theme-20-common-sidebar\u00a0\u00bb][\/vc_column][vc_column width=\u00a0\u00bb2\/3&Prime; rt_column_shadow=\u00a0\u00bb\u00a0\u00bb rt_bg_image_repeat=\u00a0\u00bbrepeat\u00a0\u00bb rt_bg_size=\u00a0\u00bbauto auto\u00a0\u00bb rt_bg_attachment=\u00a0\u00bbscroll\u00a0\u00bb class=\u00a0\u00bbmaincontent\u00a0\u00bb rt_bg_color=\u00a0\u00bb\u00a0\u00bb rt_bg_overlay_color=\u00a0\u00bb\u00a0\u00bb css=\u00a0\u00bb.vc_custom_1532423132752{margin-bottom: 1em !important;padding-bottom: 2em !important;}\u00a0\u00bb][vc_column_text el_class=\u00a0\u00bbredborderleft\u00a0\u00bb]<\/p>\n<h1>Classification des substances<\/h1>\n<h2>Conform\u00e9ment aux r\u00e8glements en vigueur, tels que la l\u00e9gislation sur les substances et marchandises dangereuses, le r\u00e8glement REACH ou le GHS, il est imp\u00e9ratif que les substances soient class\u00e9es, identifi\u00e9es et enregistr\u00e9es. Dans notre laboratoire, nous d\u00e9terminons les valeurs caract\u00e9ristiques physico-chimiques n\u00e9cessaires la classification.<\/h2>\n<p>Nous apportons ainsi notre soutien \u00e0 nos clients dans le cadre de l\u2019enregistrement et de la classification de nouvelles substances, ou pour les reclassifications.<\/p>\n<p>Afin d\u2019assurer la s\u00e9curisation de la manipulation des substances lors de leur manutention, de leur stockage et de leur transport, il convient de mettre en \u0153uvre des proc\u00e9dures sp\u00e9cifiques, tenant compte du type de danger et du potentiel de danger, qui permettront de d\u00e9terminer les caract\u00e9ristiques concern\u00e9es. Ces proc\u00e9dures sont par ailleurs prescrites par les r\u00e8glements applicables. Dans cette d\u00e9marche, nous sommes toujours pr\u00eats \u00e0 intervenir pour proc\u00e9der \u00e0 des examens dans le cadre des r\u00e8glements ci-apr\u00e8s\u00a0:<\/p>\n<p><span style=\"color: #e50000;\">|<\/span> Droit des transport ONU (UN-Recommendations on the Transport of Dangerous Goods)<br \/>\n<span style=\"color: #e50000;\">|<\/span> GHS (Globally Harmonised System of Classification and Labelling of Chemicals),<br \/>\n<span style=\"color: #e50000;\">|<\/span> CLP (Regulation on Classification, Labelling and Packaging of Substances and Mixtures)<\/p>\n<p>\n<table id=\"tablepress-8\" class=\"tablepress tablepress-id-8\">\n<tbody>\n<tr class=\"row-1\">\n\t<td class=\"column-1\">ONU classe 1<\/td><td class=\"column-2\">Explosivit\u00e9<\/td><td class=\"column-3\">Classification de transport des substances dangereuses<br \/>\n<a href=\"\/fr\/prestations\/classification-des-substances\/classification-de-transport-des-substances-dangereuses-substances-explosives-conformement-au-reglement-clp-et-au-droit-des-transports-onu-matieres-explosives\/\" alt=\"Classification de transport des substances dangereuses\" >\u2192 voir plus<\/a><\/td>\n<\/tr>\n<tr class=\"row-2\">\n\t<td class=\"column-1\"><\/td><td class=\"column-2\">ONU - \u00c9preuve 1(b), 2(b)<\/td><td class=\"column-3\">Sensibilit\u00e9 thermique (test de Koenen) <a href=\"\/fr\/prestations\/classification-des-substances\/sensibilite-thermique-onu-serie-1-serie-2-epreuve-1-b-epreuve-2-b-epreuve-de-koenen\/\" alt=\"Sensibilit\u00e9 thermique (test de Koenen)\" >\u2192 voir plus<\/a><\/td>\n<\/tr>\n<tr class=\"row-3\">\n\t<td class=\"column-1\"><\/td><td class=\"column-2\">ONU - \u00c9preuve 1(c), 2(c)<\/td><td class=\"column-3\">\u00c9preuve pression\/temps <a href=\"\/fr\/prestations\/classification-des-substances\/epreuve-pression-temps-time-pressure-test-onu-serie-1-serie-2-epreuve-1-c-i-und-2-c-i\/\" alt=\"\u00c9preuve pression\/temps\" >\u2192 voir plus<\/a><\/td>\n<\/tr>\n<tr class=\"row-4\">\n\t<td class=\"column-1\"><\/td><td class=\"column-2\">ONU - \u00c9preuve 3(a)<\/td><td class=\"column-3\">\u00c9preuve au mouton de choc <a href=\"\/fr\/prestations\/classification-des-substances\/sensibilite-mecanique-choc-onu-serie-3-epreuve-a-ii-mouton-de-choc\/\" alt=\"\u00c9preuve au mouton de choc\" >\u2192 voir plus<\/a><\/td>\n<\/tr>\n<tr class=\"row-5\">\n\t<td class=\"column-1\"><\/td><td class=\"column-2\">ONU - \u00c9preuve 3(b)<\/td><td class=\"column-3\">Sensibilit\u00e9 au frottement (Appareillage Institut f\u00e9d\u00e9ral de recherche et d\u2019essai des mat\u00e9riaux \u00ab BAM \u00bb) <a href=\"\/fr\/prestations\/classification-des-substances\/sensibilite-mecanique-friction-onu-serie-3-epreuve-3-b-i-epreuve-de-frottement-bam\/\" alt=\"Sensibilit\u00e9 au frottement\" >\u2192 voir plus<\/a><\/td>\n<\/tr>\n<tr class=\"row-6\">\n\t<td class=\"column-1\"><\/td><td class=\"column-2\">ONU - \u00c9preuve F.3<\/td><td class=\"column-3\">Test de Trauzl (BAM) <a href=\"\/fr\/prestations\/classification-des-substances\/test-de-trauzl-bam-onu-serie-f-epreuve-f-3\/\" alt=\"Test de Trauzl (BAM)\" >\u2192 voir plus<\/a><\/td>\n<\/tr>\n<tr class=\"row-7\">\n\t<td class=\"column-1\"><\/td><td class=\"column-2\"><\/td><td class=\"column-3\"><\/td>\n<\/tr>\n<tr class=\"row-8\">\n\t<td class=\"column-1\">ONU classe  2<\/td><td class=\"column-2\">A\u00e9rosols inflammables<\/td><td class=\"column-3\"><\/td>\n<\/tr>\n<tr class=\"row-9\">\n\t<td class=\"column-1\"><\/td><td class=\"column-2\">ONU - \u00c9preuve<\/td><td class=\"column-3\">Mousse d\u2019a\u00e9rosol : \u00e9preuve d\u2019inflammabilit\u00e9 <br \/>\n<a href=\"\/fr\/prestations\/classification-des-substances\/mousses-daerosol-epreuve-dinflammation-onu-classe-2\/\" alt=\"Mousse d\u2019a\u00e9rosol : \u00e9preuve d\u2019inflammabilit\u00e9\" >\u2192 voir plus<\/a><\/td>\n<\/tr>\n<tr class=\"row-10\">\n\t<td class=\"column-1\"><\/td><td class=\"column-2\">ONU - \u00c9preuve<\/td><td class=\"column-3\">A\u00e9rosols vaporis\u00e9s : \u00c9preuve d\u2019inflammation \u00e0 distance et \u00e9preuve par f\u00fbt <br \/>\n<a href=\"\/fr\/prestations\/classification-des-substances\/aerosols-vaporises-epreuve-dinflammation-a-distance-et-epreuve-par-fut-onu-classe-2\/\" alt=\"A\u00e9rosols vaporis\u00e9s : \u00c9preuve d\u2019inflammation \u00e0 distance et \u00e9preuve par f\u00fbt \" >\u2192 voir plus<\/a><\/td>\n<\/tr>\n<tr class=\"row-11\">\n\t<td class=\"column-1\"><\/td><td class=\"column-2\"><\/td><td class=\"column-3\"><\/td>\n<\/tr>\n<tr class=\"row-12\">\n\t<td class=\"column-1\">ONU classe 3<\/td><td class=\"column-2\">Liquides inflammables<\/td><td class=\"column-3\"><\/td>\n<\/tr>\n<tr class=\"row-13\">\n\t<td class=\"column-1\"><\/td><td class=\"column-2\">ONU - \u00c9preuve<\/td><td class=\"column-3\">Point d\u2019\u00e9clair <a href=\"\/fr\/prestations\/caracteristiques-des-substances-relevant-de-la-securite\/point-d-eclair\/\" alt=\"Combustion entretenue\">\u2192 voir plus<\/a><\/td>\n<\/tr>\n<tr class=\"row-14\">\n\t<td class=\"column-1\"><\/td><td class=\"column-2\">ONU - \u00c9preuve L.2<\/td><td class=\"column-3\">Combustion entretenue <a href=\"\/fr\/prestations\/caracteristiques-des-substances-relevant-de-la-securite\/combustion-entretenue\/\" alt=\"Combustion entretenue\">\u2192 voir plus<\/a><\/td>\n<\/tr>\n<tr class=\"row-15\">\n\t<td class=\"column-1\"><\/td><td class=\"column-2\">ISO 2137<\/td><td class=\"column-3\">\u00c9preuve par p\u00e9n\u00e9trom\u00e8tre <a href=\"\/fr\/prestations\/classification-des-substances\/epreuve-du-penetrometre\/\" alt=\"\u00c9preuve par p\u00e9n\u00e9trom\u00e8tre\" >\u2192 voir plus<\/a><\/td>\n<\/tr>\n<tr class=\"row-16\">\n\t<td class=\"column-1\"><\/td><td class=\"column-2\"><\/td><td class=\"column-3\"><\/td>\n<\/tr>\n<tr class=\"row-17\">\n\t<td class=\"column-1\">ONU classe 4.1<\/td><td class=\"column-2\">Solides inflammables<\/td><td class=\"column-3\"><\/td>\n<\/tr>\n<tr class=\"row-18\">\n\t<td class=\"column-1\"><\/td><td class=\"column-2\">ONU - \u00c9preuve N.1<\/td><td class=\"column-3\">Vitesse de combustion<\/td>\n<\/tr>\n<tr class=\"row-19\">\n\t<td class=\"column-1\"><\/td><td class=\"column-2\"><\/td><td class=\"column-3\"><\/td>\n<\/tr>\n<tr class=\"row-20\">\n\t<td class=\"column-1\">ONU classe 4.1<\/td><td class=\"column-2\">Mati\u00e8res autor\u00e9actives<\/td><td class=\"column-3\"><\/td>\n<\/tr>\n<tr class=\"row-21\">\n\t<td class=\"column-1\"><\/td><td class=\"column-2\">ONU - \u00c9preuve C.1<\/td><td class=\"column-3\">Test temps\/pression <a href=\"\/fr\/prestations\/classification-des-substances\/epreuve-pression-temps-time-pressure-test-onu-serie-1-serie-2-epreuve-1-c-i-und-2-c-i\/\" alt=\"Test temps\/pression\">\u2192 voir plus<\/a><\/td>\n<\/tr>\n<tr class=\"row-22\">\n\t<td class=\"column-1\"><\/td><td class=\"column-2\">ONU - \u00c9preuve C.2<\/td><td class=\"column-3\">\u00c9preuve de d\u00e9flagration en syst\u00e8me ouverts <a href=\"\/fr\/prestations\/classification-des-substances\/aptitude-a-la-deflagration-dans-des-systemes-ouverts\/\" alt=\"Aptitude \u00e0 la d\u00e9flagration dans des syst\u00e8mes ouverts\">\u2192 voir plus<\/a><\/td>\n<\/tr>\n<tr class=\"row-23\">\n\t<td class=\"column-1\"><\/td><td class=\"column-2\">ONU - \u00c9preuve E.1<\/td><td class=\"column-3\">Sensibilit\u00e9 thermique (\u00e9preuve de Koenen) <a href=\"\/fr\/prestations\/classification-des-substances\/sensibilite-thermique-onu-serie-1-serie-2-epreuve-1-b-epreuve-2-b-epreuve-de-koenen\/\" alt=\"Sensibilit\u00e9 thermique\">\u2192 voir plus<\/a><\/td>\n<\/tr>\n<tr class=\"row-24\">\n\t<td class=\"column-1\"><\/td><td class=\"column-2\">ONU - \u00c9preuve E.2<\/td><td class=\"column-3\">\u00c9preuve de la bombe des Pays-Bas <a href=\"\/fr\/prestations\/classification-des-substances\/epreuve-de-la-bombe-des-pays-bas-onu-serie-e-epreuve-e-2\/\" alt=\"\u00c9preuve de la bombe des Pays-Bas\">\u2192 voir plus<\/a><\/td>\n<\/tr>\n<tr class=\"row-25\">\n\t<td class=\"column-1\"><\/td><td class=\"column-2\">ONU - \u00c9preuve F.3<\/td><td class=\"column-3\">Test de Trauzl (BAM) <a href=\"\/fr\/prestations\/classification-des-substances\/test-de-trauzl-bam-onu-serie-f-epreuve-f-3\/\" alt=\"Test de Trauzl (BAM)\">\u2192 voir plus<\/a><\/td>\n<\/tr>\n<tr class=\"row-26\">\n\t<td class=\"column-1\"><\/td><td class=\"column-2\">ONU - \u00c9preuve H.2<\/td><td class=\"column-3\">D\u00e9termination de la SADT \u00e0 partir de l\u2019accumulation de chaleur de pression adiabatique <a href=\"\/fr\/prestations\/caracteristiques-des-substances-relevant-de-la-securite\/essai-daccumulation-chaleur-pression-adiabatique\/\" alt=\"D\u00e9termination de la SADT\">\u2192 voir plus<\/a><\/td>\n<\/tr>\n<tr class=\"row-27\">\n\t<td class=\"column-1\"><\/td><td class=\"column-2\">ONU - \u00c9preuve<\/td><td class=\"column-3\">Examen par DSC <a href=\"\/fr\/prestations\/classification-des-substances\/calorimetrie-differentielle-a-balayage-dsc-manuel-depreuves-et-de-criteres-onu\/\" alt=\"Examen par DSC\">\u2192 voir plus<\/a><\/td>\n<\/tr>\n<tr class=\"row-28\">\n\t<td class=\"column-1\"><\/td><td class=\"column-2\"><\/td><td class=\"column-3\"><\/td>\n<\/tr>\n<tr class=\"row-29\">\n\t<td class=\"column-1\">ONU classe 4.2<\/td><td class=\"column-2\">Mati\u00e8res spontan\u00e9ment inflammables<\/td><td class=\"column-3\"><\/td>\n<\/tr>\n<tr class=\"row-30\">\n\t<td class=\"column-1\"><\/td><td class=\"column-2\">ONU - \u00c9preuve N.2<\/td><td class=\"column-3\">Propri\u00e9t\u00e9s pyrophores des solides<\/td>\n<\/tr>\n<tr class=\"row-31\">\n\t<td class=\"column-1\"><\/td><td class=\"column-2\">ONU - \u00c9preuve N.3<\/td><td class=\"column-3\">Propri\u00e9t\u00e9s pyrophores des liquides<\/td>\n<\/tr>\n<tr class=\"row-32\">\n\t<td class=\"column-1\"><\/td><td class=\"column-2\">ONU - \u00c9preuve N.4<\/td><td class=\"column-3\">Mesure isop\u00e9ribole dans 1\u2009L ou en panier m\u00e9tallique 15,625 mL (Test Bowes-Cameron-Cage)<\/td>\n<\/tr>\n<tr class=\"row-33\">\n\t<td class=\"column-1\"><\/td><td class=\"column-2\">ONU - \u00c9preuve<\/td><td class=\"column-3\">Screening dans l\u2019\u00e9tuve de Grewer<\/td>\n<\/tr>\n<tr class=\"row-34\">\n\t<td class=\"column-1\"><\/td><td class=\"column-2\">ONU - \u00c9preuve<\/td><td class=\"column-3\">Mesures adiabatiques en panier m\u00e9tallique<\/td>\n<\/tr>\n<tr class=\"row-35\">\n\t<td class=\"column-1\"><\/td><td class=\"column-2\"><\/td><td class=\"column-3\"><\/td>\n<\/tr>\n<tr class=\"row-36\">\n\t<td class=\"column-1\"><\/td><td class=\"column-2\">ONU - \u00c9preuve N.5<\/td><td class=\"column-3\">Formation de gaz inflammables au contact de l\u2018eau<\/td>\n<\/tr>\n<tr class=\"row-37\">\n\t<td class=\"column-1\"><\/td><td class=\"column-2\"><\/td><td class=\"column-3\"><\/td>\n<\/tr>\n<tr class=\"row-38\">\n\t<td class=\"column-1\">ONU classe 5.1<\/td><td class=\"column-2\">Mati\u00e8res comburantes (oxydantes) <\/td><td class=\"column-3\"><\/td>\n<\/tr>\n<tr class=\"row-39\">\n\t<td class=\"column-1\"><\/td><td class=\"column-2\">ONU - \u00c9preuve O.1<\/td><td class=\"column-3\">Mati\u00e8res oxydantes solides <a href=\"\/fr\/prestations\/classification-des-substances\/proprietes-comburantes-des-solides-test-onu-o-1\/\" alt=\"Propri\u00e9t\u00e9s comburantes des solides : Test ONU O.1\">\u2192 voir plus<\/a><\/td>\n<\/tr>\n<tr class=\"row-40\">\n\t<td class=\"column-1\"><\/td><td class=\"column-2\">ONU - \u00c9preuve O.2<\/td><td class=\"column-3\">Mati\u00e8res oxydantes liquides <a href=\"\/fr\/prestations\/classification-des-substances\/proprietes-comburantes-des-liquides-test-onu-o-2\/\" alt=\"Propri\u00e9t\u00e9s comburantes des liquides : Test ONU O.2\">\u2192 voir plus<\/a><\/td>\n<\/tr>\n<tr class=\"row-41\">\n\t<td class=\"column-1\"><\/td><td class=\"column-2\">ONU - \u00c9preuve O.3<\/td><td class=\"column-3\">Mati\u00e8res oxydantes solides <a href=\"\/fr\/prestations\/classification-des-substances\/proprietes-comburantes-des-solides-test-onu-o-3\/\" alt=\"Propri\u00e9t\u00e9s comburantes des solides : Test ONU O.3\">\u2192 voir plus<\/a><\/td>\n<\/tr>\n<tr class=\"row-42\">\n\t<td class=\"column-1\"><\/td><td class=\"column-2\"><\/td><td class=\"column-3\"><\/td>\n<\/tr>\n<tr class=\"row-43\">\n\t<td class=\"column-1\">ONU classe 8<\/td><td class=\"column-2\">Corrosivit\u00e9 par rapport aux m\u00e9taux<\/td><td class=\"column-3\"><\/td>\n<\/tr>\n<tr class=\"row-44\">\n\t<td class=\"column-1\"><\/td><td class=\"column-2\">ONU - \u00c9preuve C.1<\/td><td class=\"column-3\">Propri\u00e9t\u00e9s corrosives <a href=\"\/fr\/prestations\/classification-des-substances\/corrosivite-par-rapport-aux-metaux\/\" alt=\"Propri\u00e9t\u00e9s corrosives\" title=\"\">\u2192 voir plus<\/a><\/td>\n<\/tr>\n<\/tbody>\n<\/table>\n<!-- #tablepress-8 from cache -->[\/vc_column_text][vc_btn title=\u00a0\u00bbPrestations\u00a0\u00bb style=\u00a0\u00bbclassic\u00a0\u00bb color=\u00a0\u00bbpurple\u00a0\u00bb i_icon_fontawesome=\u00a0\u00bbfas fa-angle-left\u00a0\u00bb add_icon=\u00a0\u00bbtrue\u00a0\u00bb link=\u00a0\u00bburl:%2Ffr%2Fprestations%2F|title:Prestations\u00a0\u00bb el_class=\u00a0\u00bbbtn&#8211;red\u00a0\u00bb][\/vc_column][\/vc_row]<\/p>\n","protected":false},"excerpt":{"rendered":"<p>[vc_row rt_row_background_width=\u00a0\u00bbfullwidth\u00a0\u00bb rt_row_content_width=\u00a0\u00bbdefault\u00a0\u00bb rt_row_style=\u00a0\u00bbdefault-style\u00a0\u00bb rt_row_borders=\u00a0\u00bb\u00a0\u00bb rt_row_shadows=\u00a0\u00bb\u00a0\u00bb rt_row_paddings=\u00a0\u00bbfalse\u00a0\u00bb rt_bg_effect=\u00a0\u00bbclassic\u00a0\u00bb rt_bg_image_repeat=\u00a0\u00bbrepeat\u00a0\u00bb rt_bg_size=\u00a0\u00bbcover\u00a0\u00bb rt_bg_position=\u00a0\u00bbright top\u00a0\u00bb rt_bg_attachment=\u00a0\u00bbscroll\u00a0\u00bb rt_bg_video_format=\u00a0\u00bbself-hosted\u00a0\u00bb][vc_column width=\u00a0\u00bb1\/3&Prime; rt_column_shadow=\u00a0\u00bb\u00a0\u00bb rt_bg_image_repeat=\u00a0\u00bbrepeat\u00a0\u00bb rt_bg_size=\u00a0\u00bbauto auto\u00a0\u00bb rt_bg_attachment=\u00a0\u00bbscroll\u00a0\u00bb class=\u00a0\u00bbdownload\u00a0\u00bb rt_bg_color=\u00a0\u00bb\u00a0\u00bb rt_bg_overlay_color=\u00a0\u00bb\u00a0\u00bb offset=\u00a0\u00bbvc_hidden-sm vc_hidden-xs\u00a0\u00bb css=\u00a0\u00bb.vc_custom_1532423139029{margin-bottom: 1em !important;padding-bottom: 0px !important;}\u00a0\u00bb rt_padding_bottom=\u00a0\u00bb0&Prime;][vc_widget_sidebar sidebar_id=\u00a0\u00bbrt-theme-20-common-sidebar\u00a0\u00bb][\/vc_column][vc_column width=\u00a0\u00bb2\/3&Prime; rt_column_shadow=\u00a0\u00bb\u00a0\u00bb rt_bg_image_repeat=\u00a0\u00bbrepeat\u00a0\u00bb rt_bg_size=\u00a0\u00bbauto auto\u00a0\u00bb rt_bg_attachment=\u00a0\u00bbscroll\u00a0\u00bb class=\u00a0\u00bbmaincontent\u00a0\u00bb rt_bg_color=\u00a0\u00bb\u00a0\u00bb rt_bg_overlay_color=\u00a0\u00bb\u00a0\u00bb css=\u00a0\u00bb.vc_custom_1532423132752{margin-bottom: 1em !important;padding-bottom: 2em !important;}\u00a0\u00bb][vc_column_text el_class=\u00a0\u00bbredborderleft\u00a0\u00bb] Classification des substances Conform\u00e9ment aux r\u00e8glements en vigueur,  &#8230;<br \/><a class=\"more-link\" href=\"https:\/\/consilab.de\/fr\/prestations\/classification-des-substances\/\">more | mehr<\/a><\/p>\n","protected":false},"author":1,"featured_media":0,"parent":9299,"menu_order":5,"comment_status":"closed","ping_status":"closed","template":"","meta":{"footnotes":""},"class_list":["post-9325","page","type-page","status-publish","hentry"],"_links":{"self":[{"href":"https:\/\/consilab.de\/fr\/wp-json\/wp\/v2\/pages\/9325","targetHints":{"allow":["GET"]}}],"collection":[{"href":"https:\/\/consilab.de\/fr\/wp-json\/wp\/v2\/pages"}],"about":[{"href":"https:\/\/consilab.de\/fr\/wp-json\/wp\/v2\/types\/page"}],"author":[{"embeddable":true,"href":"https:\/\/consilab.de\/fr\/wp-json\/wp\/v2\/users\/1"}],"replies":[{"embeddable":true,"href":"https:\/\/consilab.de\/fr\/wp-json\/wp\/v2\/comments?post=9325"}],"version-history":[{"count":1,"href":"https:\/\/consilab.de\/fr\/wp-json\/wp\/v2\/pages\/9325\/revisions"}],"predecessor-version":[{"id":12169,"href":"https:\/\/consilab.de\/fr\/wp-json\/wp\/v2\/pages\/9325\/revisions\/12169"}],"up":[{"embeddable":true,"href":"https:\/\/consilab.de\/fr\/wp-json\/wp\/v2\/pages\/9299"}],"wp:attachment":[{"href":"https:\/\/consilab.de\/fr\/wp-json\/wp\/v2\/media?parent=9325"}],"curies":[{"name":"wp","href":"https:\/\/api.w.org\/{rel}","templated":true}]}}