{"id":9331,"date":"2018-06-25T16:38:31","date_gmt":"2018-06-25T14:38:31","guid":{"rendered":"https:\/\/consilab.de\/leistungen\/glp-pruefeinrichtung\/"},"modified":"2026-03-19T16:26:52","modified_gmt":"2026-03-19T15:26:52","slug":"dispositif-de-controle-des-bonnes-pratiques-de-laboratoire","status":"publish","type":"page","link":"https:\/\/consilab.de\/fr\/prestations\/dispositif-de-controle-des-bonnes-pratiques-de-laboratoire\/","title":{"rendered":"Dispositif de contr\u00f4le des bonnes pratiques de laboratoire"},"content":{"rendered":"<p>[vc_row rt_row_background_width=\u00a0\u00bbfullwidth\u00a0\u00bb rt_row_content_width=\u00a0\u00bbdefault\u00a0\u00bb rt_row_style=\u00a0\u00bbdefault-style\u00a0\u00bb rt_row_borders=\u00a0\u00bb\u00a0\u00bb rt_row_shadows=\u00a0\u00bb\u00a0\u00bb rt_row_paddings=\u00a0\u00bbtrue\u00a0\u00bb rt_bg_effect=\u00a0\u00bbclassic\u00a0\u00bb rt_bg_image_repeat=\u00a0\u00bbrepeat\u00a0\u00bb rt_bg_size=\u00a0\u00bbcover\u00a0\u00bb rt_bg_position=\u00a0\u00bbright top\u00a0\u00bb rt_bg_attachment=\u00a0\u00bbscroll\u00a0\u00bb rt_bg_video_format=\u00a0\u00bbself-hosted\u00a0\u00bb rt_padding_bottom=\u00a0\u00bb0&Prime;][vc_column width=\u00a0\u00bb1\/3&Prime; rt_column_shadow=\u00a0\u00bb\u00a0\u00bb rt_bg_image_repeat=\u00a0\u00bbrepeat\u00a0\u00bb rt_bg_size=\u00a0\u00bbauto auto\u00a0\u00bb rt_bg_attachment=\u00a0\u00bbscroll\u00a0\u00bb class=\u00a0\u00bbdownload\u00a0\u00bb rt_bg_color=\u00a0\u00bb\u00a0\u00bb rt_bg_overlay_color=\u00a0\u00bb\u00a0\u00bb offset=\u00a0\u00bbvc_hidden-sm vc_hidden-xs\u00a0\u00bb css=\u00a0\u00bb.vc_custom_1529335398592{padding-bottom: 0px !important;}\u00a0\u00bb rt_padding_bottom=\u00a0\u00bb0&Prime;][vc_widget_sidebar sidebar_id=\u00a0\u00bbrt-theme-20-common-sidebar\u00a0\u00bb][\/vc_column][vc_column width=\u00a0\u00bb2\/3&Prime; rt_column_shadow=\u00a0\u00bb\u00a0\u00bb rt_bg_image_repeat=\u00a0\u00bbrepeat\u00a0\u00bb rt_bg_size=\u00a0\u00bbauto auto\u00a0\u00bb rt_bg_attachment=\u00a0\u00bbscroll\u00a0\u00bb class=\u00a0\u00bbmaincontent\u00a0\u00bb rt_bg_color=\u00a0\u00bb\u00a0\u00bb rt_bg_overlay_color=\u00a0\u00bb\u00a0\u00bb css=\u00a0\u00bb.vc_custom_1532424408545{margin-bottom: 1em !important;padding-bottom: 2em !important;}\u00a0\u00bb][vc_column_text css=\u00a0\u00bb\u00a0\u00bb el_class=\u00a0\u00bbredborderleft\u00a0\u00bb]<\/p>\n<h1>Dispositif de contr\u00f4le des bonnes pratiques de laboratoire<\/h1>\n<h2>Avant de pouvoir proposer sur le march\u00e9 des produits chimiques, tels que notamment les produits phytosanitaires, les produits cosm\u00e9tiques, les produits biocides et les produits chimiques industriels, ceux-ci doivent pr\u00e9alablement faire l\u2019objet de nombreux contr\u00f4les de s\u00e9curit\u00e9 afin d\u2019\u00e9carter tout danger pour la sant\u00e9 humaine, la sant\u00e9 animale et l\u2019environnement.<\/h2>\n<p>De tels contr\u00f4les doivent \u00eatre r\u00e9alis\u00e9s en conformit\u00e9 avec les r\u00e8glements en vigueur (par ex. la directive phytosanitaire) selon les principes des bonnes pratiques de laboratoire (BPL). Les bonnes pratiques de laboratoire (BPL) constituent un syst\u00e8me de garantie de la qualit\u00e9, qui porte sur le processus d\u2019organisation et le cadre r\u00e9glementaire des contr\u00f4les qui sont r\u00e9alis\u00e9s sur les produits chimiques.<\/p>\n<p>Apr\u00e8s l\u2019homologation effectu\u00e9e avec succ\u00e8s en 2010, notre laboratoire de contr\u00f4le s\u2019est soumis avec succ\u00e8s \u00e0 de nouvelles inspections qui ont \u00e9t\u00e9 r\u00e9alis\u00e9es en 2013, 2016, 2018 et 2022 par le Service de la s\u00e9curit\u00e9 des produits chimiques et de la BPL du Regierungspr\u00e4sidium de Darmstadt. Notre homologation en tant qu\u2019organisme BPL a \u00e9t\u00e9 prolong\u00e9e et m\u00eame \u00e9tendue de la cat\u00e9gorie 1 aux cat\u00e9gories 1 et 5.<\/p>\n<p>En qualit\u00e9 d\u2018organisme de contr\u00f4le BPL, nous pr\u00e9conisons les contr\u00f4les mentionn\u00e9s ci-apr\u00e8s, soit conform\u00e9ment aux exigences de la BPL, soit sans les exigences de la BPL, sachant que nos contr\u00f4les BPL ainsi que nos contr\u00f4les REACH englobent l\u2019\u00e9laboration d\u2019un rapport conforme \u00e0 l\u2019IUCLID. Notre BPL inclue \u00e9galement l\u2019assurance qualit\u00e9 et l\u2019archivage des \u00e9chantillons ainsi que de tous les documents aff\u00e9rents.<\/p>\n<p>Nous r\u00e9alisons les contr\u00f4les conform\u00e9ment \u00e0 diff\u00e9rents r\u00e8glements reconnus, notamment entre autres au r\u00e8glement CE 440\/2008, aux directives de l\u2019OECD et de l\u2019OCSPP, au droit des transports de l\u2019ONU et par cons\u00e9quent \u00e9galement au r\u00e8glement CLP 1272\/2008 (SGH), aux r\u00e8glements du CIPAC.<\/p>\n<p>Sauf rares exceptions, notre gamme de prestations couvre la totalit\u00e9 des analyses physico-chimiques qui sont exig\u00e9es en vue de l\u2019enregistrement des produits chimiques.<\/p>\n<h3>CONTR\u00d4LES CONFORM\u00c9MENT AU R\u00c8GLEMENT CE 440\/2008<\/h3>\n<p>A.1.\u00a0\u00a0\u00a0 | Temp\u00e9rature de fusion\/de cong\u00e9lation (-75 \u00b0C \u00e0 700\u2006\u00b0C) (DSC, m\u00e9thode en tube capillaire)<br \/>\nA.2.\u00a0\u00a0\u00a0 | Temp\u00e9rature d\u2019\u00e9bullition (temp\u00e9rature ambiante max. 700 \u00b0C) (DSC, m\u00e9thode en tube capillaire)<br \/>\nA.3.\u00a0\u00a0\u00a0 | Densit\u00e9 relative des solides et des liquides<br \/>\nA.4.\u00a0\u00a0\u00a0 | Pression de vapeur des solides (balance de pression de vapeur) <a href=\"https:\/\/consilab.de\/fr\/prestations\/dispositif-de-controle-des-bonnes-pratiques-de-laboratoire\/determination-de-la-pression-de-vapeur-par-ex-de-solides\/\">\u2192 voir plus<\/a><br \/>\nA.4. \u00a0\u00a0 | Liquides (m\u00e9thode dynamique)<br \/>\nA.4. \u00a0\u00a0 | M\u00e9thode statique en vue de la d\u00e9termination de la pression de vapeur <a href=\"https:\/\/consilab.de\/fr\/prestations\/dispositif-de-controle-des-bonnes-pratiques-de-laboratoire\/determination-de-la-pression-de-vapeur-de-substances-liquides-et-solides\/\">\u2192 voir plus<\/a><br \/>\nA.5.\u00a0\u00a0\u00a0 | Tension superficielle<br \/>\nA.6.\u00a0\u00a0\u00a0 | Hydrosolubilit\u00e9 (m\u00e9thode par \u00e9lution sur colonne \u2013 m\u00e9thode par agitation en flacon\u00a0)<br \/>\nA.8.\u00a0\u00a0\u00a0 | Coefficient de partage (m\u00e9thode de HPLC, m\u00e9thode par agitation en flacon et m\u00e9thode Slow-Stirring)<br \/>\nA.9.\u00a0\u00a0\u00a0 | Point d\u2018\u00e9clair <a href=\"https:\/\/consilab.de\/fr\/prestations\/caracteristiques-des-substances-relevant-de-la-securite\/point-d-eclair\/\">\u2192 voir plus<\/a><br \/>\nA.10.\u00a0 | Inflammabilit\u00e9 des solides<br \/>\nA.11.\u00a0 | Inflammabilit\u00e9 des gaz <a href=\"https:\/\/consilab.de\/fr\/prestations\/caracteristiques-des-substances-relevant-de-la-securite\/limite-inferieure-ou-superieure-dexplosivite\/\">\u2192 voir plus<\/a><br \/>\nA.12.\u00a0 | Inflammabilit\u00e9 (formation de gaz inflammables au contact de l\u2019eau)<br \/>\nA.13.\u00a0 | Propri\u00e9t\u00e9s pyrophoriques des solides et des liquides<br \/>\nA.14.\u00a0 | Danger d\u2019explosion des solides et des liquides <a href=\"https:\/\/consilab.de\/fr\/prestations\/dispositif-de-controle-des-bonnes-pratiques-de-laboratoire\/a-14-danger-dexplosion\/\">\u2192 voir plus<\/a><br \/>\nA.15.\u00a0 | Temp\u00e9rature d\u2019inflammation (liquides et gaz) <a href=\"https:\/\/consilab.de\/fr\/prestations\/caracteristiques-des-substances-relevant-de-la-securite\/temperature-dinflammation\/\">\u2192 voir plus<\/a><br \/>\nA.16.\u00a0 | Temp\u00e9rature relative d\u2019inflammation spontan\u00e9e<br \/>\nA.17.\u00a0 | Propri\u00e9t\u00e9s comburantes des solides <a href=\"https:\/\/consilab.de\/fr\/prestations\/dispositif-de-controle-des-bonnes-pratiques-de-laboratoire\/methodes-permettant-de-determiner-les-proprietes-physico-chimiques-a-17-proprietes-comburantes-substances-solides\/\">\u2192 voir plus<\/a><br \/>\nA.21.\u00a0 | Propri\u00e9t\u00e9s comburantes des liquides <a href=\"https:\/\/consilab.de\/fr\/prestations\/dispositif-de-controle-des-bonnes-pratiques-de-laboratoire\/methodes-permettant-de-determiner-les-proprietes-physico-chimiques-a-21-proprietes-comburantes-substances-liquides\/\">\u2192 voir plus<\/a><br \/>\nC.7.\u00a0\u00a0\u00a0 | D\u00e9gradation abiotique \u2013 Hydrolyse en fonction du PH<br \/>\nC.19.\u00a0 | Coefficient d\u2019adsorption<\/p>\n<h3>CONTR\u00d4LES CONFORM\u00c9MENT AUX DIRECTIVES OECD<\/h3>\n<p>OECD 101\u00a0\u00a0\u00a0 | Spectroscopie d\u2019absorption UV\/Vis<br \/>\nOECD 102\u00a0\u00a0\u00a0 | Point de fusion (-75 \u00b0C \u00e0 700\u2006\u00b0C) (DSC, m\u00e9thode en tube capillaire)<br \/>\nOECD 103\u00a0\u00a0\u00a0 | Point d\u2019\u00e9bullition (temp\u00e9rature ambiante max. 700 \u00b0C) (DSC, m\u00e9thode en tube capillaire)<br \/>\nOECD 104\u00a0\u00a0\u00a0 | Pression de vapeur de solides (balance de pression de vapeur ) <a href=\"https:\/\/consilab.de\/fr\/prestations\/dispositif-de-controle-des-bonnes-pratiques-de-laboratoire\/determination-de-la-pression-de-vapeur-par-ex-de-solides\/\">\u2192 voir plus<\/a><br \/>\nOECD 104\u00a0\u00a0\u00a0 | Liquides (m\u00e9thode dynamique)<br \/>\nOECD 104 \u00a0 | M\u00e9thode statique en vue de la d\u00e9termination de la pression de vapeur<br \/>\n<a href=\"https:\/\/consilab.de\/fr\/prestations\/dispositif-de-controle-des-bonnes-pratiques-de-laboratoire\/determination-de-la-pression-de-vapeur-de-substances-liquides-et-solides\/\">\u2192 voir plus<\/a><br \/>\nOECD 105\u00a0\u00a0\u00a0 | Hydrosolubilit\u00e9 (m\u00e9thode par \u00e9lution sur colonne \u2013 m\u00e9thode par agitation en flacon)<br \/>\nOECD 107 \u00a0\u00a0 | Coefficient de partage n-octanol\/eau (m\u00e9thode Shake Flask)<br \/>\nOECD 109\u00a0\u00a0\u00a0 | Densit\u00e9 des solides et des liquides<br \/>\nOECD 110\u00a0\u00a0\u00a0 | Distribution granulom\u00e9trique<br \/>\nOECD 111\u00a0\u00a0\u00a0 | D\u00e9gradation abiotique \u2013 Hydrolyse en fonction du PH<br \/>\nOECD 112\u00a0\u00a0\u00a0 | Constantes de dissociations des solutions aqueuses<br \/>\nOECD 113\u00a0\u00a0\u00a0 | Stabilit\u00e9 thermique<br \/>\nOECD 114\u00a0\u00a0\u00a0 | Viscosit\u00e9 des liquides<br \/>\nOECD 115\u00a0\u00a0\u00a0 | Tensions superficielle<br \/>\nOECD 116\u00a0\u00a0\u00a0 | Liposolubilit\u00e9<br \/>\nOECD 117\u00a0\u00a0\u00a0 | Coefficient de partage n-octanol\/eau (m\u00e9thode HPLC)<br \/>\nOECD 121\u00a0\u00a0\u00a0 | Coefficient d\u2019adsorption<br \/>\nOECD 123\u00a0\u00a0\u00a0 | Coefficient de partage n-octanol\/eau (m\u00e9thode Slow-Stirring)<\/p>\n<h3>CONTR\u00d4LES CONFORM\u00c9MENT AUX US EPA OCSPP-TEST GUIDELINES<\/h3>\n<p>OPPTS 830.6315\u00a0\u00a0\u00a0 | Inflammabilit\u00e9<br \/>\nOPPTS 830.6316\u00a0\u00a0\u00a0 | Danger d\u2019explosion <a href=\"https:\/\/consilab.de\/fr\/prestations\/dispositif-de-controle-des-bonnes-pratiques-de-laboratoire\/a-14-danger-dexplosion\/\">\u2192 voir plus<\/a><br \/>\nOPPTS 830.7000\u00a0\u00a0\u00a0 | Valeur du pH<br \/>\nOPPTS 830.7050\u00a0\u00a0\u00a0 | Spectres UV\/Vis<br \/>\nOPPTS 830.7100\u00a0\u00a0\u00a0 | Viscosit\u00e9<br \/>\nOPPTS 830.7200\u00a0\u00a0\u00a0 | Point de fusion<br \/>\nOPPTS 830.7220\u00a0\u00a0\u00a0 | Point d\u2019\u00e9bullition<br \/>\nOPPTS 830.7550\u00a0\u00a0\u00a0 | Coefficient de partage n-octanol\/eau (m\u00e9thode Shake-Flask)<br \/>\nOPPTS 830.7570\u00a0\u00a0\u00a0 | Coefficient de partage n-octanol\/eau (m\u00e9thode HPLC)<br \/>\nOPPTS 830.7950\u00a0\u00a0\u00a0 | Pression de vapeur <a href=\"https:\/\/consilab.de\/fr\/prestations\/dispositif-de-controle-des-bonnes-pratiques-de-laboratoire\/determination-de-la-pression-de-vapeur-par-ex-de-solides\/\">\u2192 voir plus<\/a><br \/>\nOPPTS 830.7300\u00a0\u00a0\u00a0 | Densit\u00e9 relative<br \/>\nOPPTS 830.7370\u00a0\u00a0\u00a0 | Constantes de dissociations des solutions aqueuses<br \/>\nOPPTS 830.7520\u00a0\u00a0\u00a0 | Distribution granulom\u00e9trique<br \/>\nOPPTS 830.7840\u00a0\u00a0\u00a0 | Hydrosolubilit\u00e9<\/p>\n<h3>M\u00c9THODES D\u2019ANALYSE CIPAC<\/h3>\n<p><strong>\u00a0<\/strong>Nous proposons par ailleurs de nombreuses m\u00e9thodes d\u2018analyse CIPAC et autres m\u00e9thodes telles que la r\u00e9serve acide ou alcaline.<\/p>\n<h3>CERTIFICATION BPL<\/h3>\n<a href=\"https:\/\/consilab.de\/wp-content\/uploads\/2026\/03\/GLP-Bescheinigung_20260217.pdf\" class=\"pdfemb-viewer\" style=\"\" data-width=\"max\" data-height=\"max\" data-toolbar=\"bottom\" data-toolbar-fixed=\"on\">GLP-Bescheinigung_20260217<\/a>\n<p><a href=\"https:\/\/consilab.de\/wp-content\/uploads\/2026\/03\/GLP-Bescheinigung_20260217.pdf\" target=\"_blank\" rel=\"noopener noreferrer\">Download<\/a>[\/vc_column_text][vc_btn title=\u00a0\u00bbPrestations\u00a0\u00bb style=\u00a0\u00bbclassic\u00a0\u00bb color=\u00a0\u00bbpurple\u00a0\u00bb i_icon_fontawesome=\u00a0\u00bbfas fa-angle-left\u00a0\u00bb add_icon=\u00a0\u00bbtrue\u00a0\u00bb link=\u00a0\u00bburl:%2Ffr%2Fprestations%2F|title:Prestations\u00a0\u00bb el_class=\u00a0\u00bbbtn&#8211;red\u00a0\u00bb][\/vc_column][\/vc_row]<\/p>\n","protected":false},"excerpt":{"rendered":"<p>[vc_row rt_row_background_width=\u00a0\u00bbfullwidth\u00a0\u00bb rt_row_content_width=\u00a0\u00bbdefault\u00a0\u00bb rt_row_style=\u00a0\u00bbdefault-style\u00a0\u00bb rt_row_borders=\u00a0\u00bb\u00a0\u00bb rt_row_shadows=\u00a0\u00bb\u00a0\u00bb rt_row_paddings=\u00a0\u00bbtrue\u00a0\u00bb rt_bg_effect=\u00a0\u00bbclassic\u00a0\u00bb rt_bg_image_repeat=\u00a0\u00bbrepeat\u00a0\u00bb rt_bg_size=\u00a0\u00bbcover\u00a0\u00bb rt_bg_position=\u00a0\u00bbright top\u00a0\u00bb rt_bg_attachment=\u00a0\u00bbscroll\u00a0\u00bb rt_bg_video_format=\u00a0\u00bbself-hosted\u00a0\u00bb rt_padding_bottom=\u00a0\u00bb0&Prime;][vc_column width=\u00a0\u00bb1\/3&Prime; rt_column_shadow=\u00a0\u00bb\u00a0\u00bb rt_bg_image_repeat=\u00a0\u00bbrepeat\u00a0\u00bb rt_bg_size=\u00a0\u00bbauto auto\u00a0\u00bb rt_bg_attachment=\u00a0\u00bbscroll\u00a0\u00bb class=\u00a0\u00bbdownload\u00a0\u00bb rt_bg_color=\u00a0\u00bb\u00a0\u00bb rt_bg_overlay_color=\u00a0\u00bb\u00a0\u00bb offset=\u00a0\u00bbvc_hidden-sm vc_hidden-xs\u00a0\u00bb css=\u00a0\u00bb.vc_custom_1529335398592{padding-bottom: 0px !important;}\u00a0\u00bb rt_padding_bottom=\u00a0\u00bb0&Prime;][vc_widget_sidebar sidebar_id=\u00a0\u00bbrt-theme-20-common-sidebar\u00a0\u00bb][\/vc_column][vc_column width=\u00a0\u00bb2\/3&Prime; rt_column_shadow=\u00a0\u00bb\u00a0\u00bb rt_bg_image_repeat=\u00a0\u00bbrepeat\u00a0\u00bb rt_bg_size=\u00a0\u00bbauto auto\u00a0\u00bb rt_bg_attachment=\u00a0\u00bbscroll\u00a0\u00bb class=\u00a0\u00bbmaincontent\u00a0\u00bb rt_bg_color=\u00a0\u00bb\u00a0\u00bb rt_bg_overlay_color=\u00a0\u00bb\u00a0\u00bb css=\u00a0\u00bb.vc_custom_1532424408545{margin-bottom: 1em !important;padding-bottom: 2em !important;}\u00a0\u00bb][vc_column_text css=\u00a0\u00bb\u00a0\u00bb el_class=\u00a0\u00bbredborderleft\u00a0\u00bb] Dispositif de contr\u00f4le des bonnes pratiques de laboratoire  &#8230;<br \/><a class=\"more-link\" href=\"https:\/\/consilab.de\/fr\/prestations\/dispositif-de-controle-des-bonnes-pratiques-de-laboratoire\/\">more | mehr<\/a><\/p>\n","protected":false},"author":1,"featured_media":0,"parent":9299,"menu_order":6,"comment_status":"closed","ping_status":"closed","template":"","meta":{"footnotes":""},"class_list":["post-9331","page","type-page","status-publish","hentry"],"_links":{"self":[{"href":"https:\/\/consilab.de\/fr\/wp-json\/wp\/v2\/pages\/9331","targetHints":{"allow":["GET"]}}],"collection":[{"href":"https:\/\/consilab.de\/fr\/wp-json\/wp\/v2\/pages"}],"about":[{"href":"https:\/\/consilab.de\/fr\/wp-json\/wp\/v2\/types\/page"}],"author":[{"embeddable":true,"href":"https:\/\/consilab.de\/fr\/wp-json\/wp\/v2\/users\/1"}],"replies":[{"embeddable":true,"href":"https:\/\/consilab.de\/fr\/wp-json\/wp\/v2\/comments?post=9331"}],"version-history":[{"count":6,"href":"https:\/\/consilab.de\/fr\/wp-json\/wp\/v2\/pages\/9331\/revisions"}],"predecessor-version":[{"id":15608,"href":"https:\/\/consilab.de\/fr\/wp-json\/wp\/v2\/pages\/9331\/revisions\/15608"}],"up":[{"embeddable":true,"href":"https:\/\/consilab.de\/fr\/wp-json\/wp\/v2\/pages\/9299"}],"wp:attachment":[{"href":"https:\/\/consilab.de\/fr\/wp-json\/wp\/v2\/media?parent=9331"}],"curies":[{"name":"wp","href":"https:\/\/api.w.org\/{rel}","templated":true}]}}