{"id":9339,"date":"2018-06-26T15:34:21","date_gmt":"2018-06-26T13:34:21","guid":{"rendered":"https:\/\/consilab.de\/koepfe\/"},"modified":"2025-04-28T15:42:35","modified_gmt":"2025-04-28T13:42:35","slug":"consilab","status":"publish","type":"page","link":"https:\/\/consilab.de\/fr\/consilab\/","title":{"rendered":"consilab"},"content":{"rendered":"<p>[vc_row rt_row_background_width=\u00a0\u00bbfullwidth\u00a0\u00bb rt_row_content_width=\u00a0\u00bbdefault\u00a0\u00bb rt_row_style=\u00a0\u00bbdefault-style\u00a0\u00bb rt_row_borders=\u00a0\u00bb\u00a0\u00bb rt_row_shadows=\u00a0\u00bb\u00a0\u00bb rt_row_paddings=\u00a0\u00bbtrue\u00a0\u00bb rt_bg_effect=\u00a0\u00bbclassic\u00a0\u00bb rt_bg_image_repeat=\u00a0\u00bbrepeat\u00a0\u00bb rt_bg_size=\u00a0\u00bbcover\u00a0\u00bb rt_bg_position=\u00a0\u00bbright top\u00a0\u00bb rt_bg_attachment=\u00a0\u00bbscroll\u00a0\u00bb rt_bg_video_format=\u00a0\u00bbself-hosted\u00a0\u00bb rt_padding_bottom=\u00a0\u00bb0&Prime;][vc_column width=\u00a0\u00bb1\/4&Prime; rt_column_shadow=\u00a0\u00bb\u00a0\u00bb rt_bg_image_repeat=\u00a0\u00bbrepeat\u00a0\u00bb rt_bg_size=\u00a0\u00bbauto auto\u00a0\u00bb rt_bg_attachment=\u00a0\u00bbscroll\u00a0\u00bb rt_bg_color=\u00a0\u00bb\u00a0\u00bb rt_bg_overlay_color=\u00a0\u00bb\u00a0\u00bb offset=\u00a0\u00bbvc_hidden-sm vc_hidden-xs\u00a0\u00bb class=\u00a0\u00bbdownload\u00a0\u00bb css=\u00a0\u00bb.vc_custom_1626951558921{padding-left: 2em !important;}\u00a0\u00bb][vc_column_text css=\u00a0\u00bb.vc_custom_1624548224837{margin-bottom: 1.5em !important;}\u00a0\u00bb el_class=\u00a0\u00bbredborderleft_lv\u00a0\u00bb]<\/p>\n<h3>LISTES DES INTERLOCUTEURS<\/h3>\n<p><a href=\"https:\/\/consilab.de\/wp-content\/uploads\/2021\/03\/Ansprechpartner_consilab_FFM_FRA.pdf\" target=\"_blank\" rel=\"noopener noreferrer\">Francfort sur le Main<\/a><\/p>\n<p><a href=\"https:\/\/consilab.de\/wp-content\/uploads\/2021\/03\/Ansprechpartner_consilab_LEV_FR.pdf\" target=\"_blank\" rel=\"noopener noreferrer\">Leverkusen ChemPark<\/a>[\/vc_column_text][\/vc_column][vc_column width=\u00a0\u00bb3\/4&Prime; rt_column_shadow=\u00a0\u00bb\u00a0\u00bb rt_bg_image_repeat=\u00a0\u00bbrepeat\u00a0\u00bb rt_bg_size=\u00a0\u00bbauto auto\u00a0\u00bb rt_bg_attachment=\u00a0\u00bbscroll\u00a0\u00bb class=\u00a0\u00bbmaincontent\u00a0\u00bb rt_bg_color=\u00a0\u00bb\u00a0\u00bb rt_bg_overlay_color=\u00a0\u00bb\u00a0\u00bb][vc_column_text css=\u00a0\u00bb.vc_custom_1613480120416{margin-bottom: 2em !important;}\u00a0\u00bb el_class=\u00a0\u00bbredborderleft\u00a0\u00bb]<\/p>\n<h1>L\u2019\u00c9QUIPE CONSILAB<\/h1>\n<h2>Lorsqu\u2019il s\u2019agit de la s\u00e9curit\u00e9 de vos installations et de vos process, vous \u00eates chez nous au bon endroit.<\/h2>\n<p>[\/vc_column_text][vc_single_image image=\u00a0\u00bb12393&Prime; img_size=\u00a0\u00bbfull\u00a0\u00bb el_id=\u00a0\u00bbteam-gesamt\u00a0\u00bb][vc_column_text css=\u00a0\u00bb.vc_custom_1615207337799{margin-bottom: 2em !important;}\u00a0\u00bb el_class=\u00a0\u00bbredborderleft\u00a0\u00bb]Cette activit\u00e9 d\u00e9velopp\u00e9e en 2009, n\u00e9e \u00e0 partir d\u2019une simple id\u00e9e au sein d\u2019une petite \u00e9quipe \u00e0 Francfort sur le Main aupr\u00e8s de la soci\u00e9t\u00e9 H\u00f6chst, compte d\u00e9sormais 46 collaborateurs dans un deuxi\u00e8me site implant\u00e9 \u00e0 Leverkusen. Lorsque nous nous r\u00e9unissons tous ensemble pour r\u00e9fl\u00e9chir et discuter \u00e0 la s\u00e9curit\u00e9 des process et des installations, nous cumulons alors de tr\u00e8s nombreuses ann\u00e9es d\u2019exp\u00e9rience. Cette riche exp\u00e9rience est mise \u00e0 profit avec s\u00e9rieux et rigueur dans nos cinq laboratoires et trois salles d\u2019autoclaves. Elle donne ainsi naissance \u00e0 des solutions fiables et \u00e9prouv\u00e9es sur lesquelles vous pouvez vous appuyer en toute confiance.<\/p>\n<p>Nous nous targeons de savoir de quoi nous parlons et connaissons dans les moindres d\u00e9tails les pr\u00e9occupations, les besoins et les probl\u00e8mes de nos clients[\/vc_column_text][\/vc_column][\/vc_row][vc_row rt_row_background_width=\u00a0\u00bbfullwidth\u00a0\u00bb rt_row_content_width=\u00a0\u00bbdefault\u00a0\u00bb rt_row_style=\u00a0\u00bbdefault-style\u00a0\u00bb rt_row_borders=\u00a0\u00bb\u00a0\u00bb rt_row_shadows=\u00a0\u00bb\u00a0\u00bb rt_row_paddings=\u00a0\u00bbtrue\u00a0\u00bb rt_bg_effect=\u00a0\u00bbclassic\u00a0\u00bb rt_bg_image_repeat=\u00a0\u00bbrepeat\u00a0\u00bb rt_bg_size=\u00a0\u00bbcover\u00a0\u00bb rt_bg_position=\u00a0\u00bbright top\u00a0\u00bb rt_bg_attachment=\u00a0\u00bbscroll\u00a0\u00bb rt_bg_video_format=\u00a0\u00bbself-hosted\u00a0\u00bb class=\u00a0\u00bbteammembers_inner_ceo\u00a0\u00bb rt_padding_top=\u00a0\u00bb0&Prime; rt_padding_bottom=\u00a0\u00bb30&Prime;][vc_column rt_column_shadow=\u00a0\u00bb\u00a0\u00bb rt_bg_image_repeat=\u00a0\u00bbrepeat\u00a0\u00bb rt_bg_size=\u00a0\u00bbauto auto\u00a0\u00bb rt_bg_attachment=\u00a0\u00bbscroll\u00a0\u00bb class=\u00a0\u00bbteammembers_inner_row1&Prime; rt_bg_color=\u00a0\u00bb\u00a0\u00bb rt_bg_overlay_color=\u00a0\u00bb\u00a0\u00bb][vc_row_inner rt_row_style=\u00a0\u00bbglobal-style\u00a0\u00bb rt_bg_custom_alignment=\u00a0\u00bbtop\u00a0\u00bb class=\u00a0\u00bbbranch_divider\u00a0\u00bb][vc_column_inner rt_column_shadow=\u00a0\u00bb\u00a0\u00bb rt_bg_image_repeat=\u00a0\u00bbrepeat\u00a0\u00bb rt_bg_size=\u00a0\u00bbauto auto\u00a0\u00bb rt_bg_attachment=\u00a0\u00bbscroll\u00a0\u00bb css=\u00a0\u00bb.vc_custom_1626878928075{margin-bottom: 15px !important;padding-left: 15px !important;}\u00a0\u00bb rt_bg_color=\u00a0\u00bb\u00a0\u00bb rt_bg_overlay_color=\u00a0\u00bb\u00a0\u00bb][vc_text_separator title=\u00a0\u00bbL\u2019\u00c9QUIPE CONSILAB\u00a0\u00bb title_align=\u00a0\u00bbseparator_align_left\u00a0\u00bb color=\u00a0\u00bbjuicy_pink\u00a0\u00bb css=\u00a0\u00bb.vc_custom_1626878839647{padding-left: 15px !important;}\u00a0\u00bb][\/vc_column_inner][\/vc_row_inner][vc_raw_html css=\u00a0\u00bb\u00a0\u00bb el_class=\u00a0\u00bbpods-koepfe\u00a0\u00bb]JTVCcG9kcyUyMG5hbWUlM0QlMjJrb3BmJTIyJTIwdGVtcGxhdGUlM0QlMjJLb3BmJTIwRGV0YWlscyUyMC0lMjBGcmFuem9lc2lzY2glMjIlMjBsaW1pdCUzRC0xJTIwb3JkZXJieSUzRCUyMm5hY2huYW1lJTIyJTVE[\/vc_raw_html][\/vc_column][\/vc_row]<\/p>\n","protected":false},"excerpt":{"rendered":"<p>[vc_row rt_row_background_width=\u00a0\u00bbfullwidth\u00a0\u00bb rt_row_content_width=\u00a0\u00bbdefault\u00a0\u00bb rt_row_style=\u00a0\u00bbdefault-style\u00a0\u00bb rt_row_borders=\u00a0\u00bb\u00a0\u00bb rt_row_shadows=\u00a0\u00bb\u00a0\u00bb rt_row_paddings=\u00a0\u00bbtrue\u00a0\u00bb rt_bg_effect=\u00a0\u00bbclassic\u00a0\u00bb rt_bg_image_repeat=\u00a0\u00bbrepeat\u00a0\u00bb rt_bg_size=\u00a0\u00bbcover\u00a0\u00bb rt_bg_position=\u00a0\u00bbright top\u00a0\u00bb rt_bg_attachment=\u00a0\u00bbscroll\u00a0\u00bb rt_bg_video_format=\u00a0\u00bbself-hosted\u00a0\u00bb rt_padding_bottom=\u00a0\u00bb0&Prime;][vc_column width=\u00a0\u00bb1\/4&Prime; rt_column_shadow=\u00a0\u00bb\u00a0\u00bb rt_bg_image_repeat=\u00a0\u00bbrepeat\u00a0\u00bb rt_bg_size=\u00a0\u00bbauto auto\u00a0\u00bb rt_bg_attachment=\u00a0\u00bbscroll\u00a0\u00bb rt_bg_color=\u00a0\u00bb\u00a0\u00bb rt_bg_overlay_color=\u00a0\u00bb\u00a0\u00bb offset=\u00a0\u00bbvc_hidden-sm vc_hidden-xs\u00a0\u00bb class=\u00a0\u00bbdownload\u00a0\u00bb css=\u00a0\u00bb.vc_custom_1626951558921{padding-left: 2em !important;}\u00a0\u00bb][vc_column_text css=\u00a0\u00bb.vc_custom_1624548224837{margin-bottom: 1.5em !important;}\u00a0\u00bb el_class=\u00a0\u00bbredborderleft_lv\u00a0\u00bb] LISTES DES INTERLOCUTEURS Francfort sur le Main Leverkusen ChemPark[\/vc_column_text][\/vc_column][vc_column width=\u00a0\u00bb3\/4&Prime; rt_column_shadow=\u00a0\u00bb\u00a0\u00bb rt_bg_image_repeat=\u00a0\u00bbrepeat\u00a0\u00bb rt_bg_size=\u00a0\u00bbauto auto\u00a0\u00bb rt_bg_attachment=\u00a0\u00bbscroll\u00a0\u00bb class=\u00a0\u00bbmaincontent\u00a0\u00bb rt_bg_color=\u00a0\u00bb\u00a0\u00bb rt_bg_overlay_color=\u00a0\u00bb\u00a0\u00bb][vc_column_text css=\u00a0\u00bb.vc_custom_1613480120416{margin-bottom: 2em !important;}\u00a0\u00bb el_class=\u00a0\u00bbredborderleft\u00a0\u00bb]  &#8230;<br \/><a class=\"more-link\" href=\"https:\/\/consilab.de\/fr\/consilab\/\">more | mehr<\/a><\/p>\n","protected":false},"author":1,"featured_media":0,"parent":0,"menu_order":5,"comment_status":"closed","ping_status":"closed","template":"","meta":{"footnotes":""},"class_list":["post-9339","page","type-page","status-publish","hentry"],"_links":{"self":[{"href":"https:\/\/consilab.de\/fr\/wp-json\/wp\/v2\/pages\/9339","targetHints":{"allow":["GET"]}}],"collection":[{"href":"https:\/\/consilab.de\/fr\/wp-json\/wp\/v2\/pages"}],"about":[{"href":"https:\/\/consilab.de\/fr\/wp-json\/wp\/v2\/types\/page"}],"author":[{"embeddable":true,"href":"https:\/\/consilab.de\/fr\/wp-json\/wp\/v2\/users\/1"}],"replies":[{"embeddable":true,"href":"https:\/\/consilab.de\/fr\/wp-json\/wp\/v2\/comments?post=9339"}],"version-history":[{"count":11,"href":"https:\/\/consilab.de\/fr\/wp-json\/wp\/v2\/pages\/9339\/revisions"}],"predecessor-version":[{"id":13688,"href":"https:\/\/consilab.de\/fr\/wp-json\/wp\/v2\/pages\/9339\/revisions\/13688"}],"wp:attachment":[{"href":"https:\/\/consilab.de\/fr\/wp-json\/wp\/v2\/media?parent=9339"}],"curies":[{"name":"wp","href":"https:\/\/api.w.org\/{rel}","templated":true}]}}