{"id":9400,"date":"2018-07-12T12:46:31","date_gmt":"2018-07-12T10:46:31","guid":{"rendered":"https:\/\/consilab.de\/downloads\/"},"modified":"2026-03-19T16:44:50","modified_gmt":"2026-03-19T15:44:50","slug":"telechargement","status":"publish","type":"page","link":"https:\/\/consilab.de\/fr\/telechargement\/","title":{"rendered":"T\u00e9l\u00e9chargement"},"content":{"rendered":"<p>[vc_row rt_row_background_width=\u00a0\u00bbfullwidth\u00a0\u00bb rt_row_content_width=\u00a0\u00bbdefault\u00a0\u00bb rt_row_style=\u00a0\u00bbdefault-style\u00a0\u00bb rt_row_borders=\u00a0\u00bb\u00a0\u00bb rt_row_shadows=\u00a0\u00bb\u00a0\u00bb rt_row_paddings=\u00a0\u00bbtrue\u00a0\u00bb rt_bg_effect=\u00a0\u00bbclassic\u00a0\u00bb rt_bg_image_repeat=\u00a0\u00bbrepeat\u00a0\u00bb rt_bg_size=\u00a0\u00bbcover\u00a0\u00bb rt_bg_position=\u00a0\u00bbright top\u00a0\u00bb rt_bg_attachment=\u00a0\u00bbscroll\u00a0\u00bb rt_bg_video_format=\u00a0\u00bbself-hosted\u00a0\u00bb][vc_column rt_column_shadow=\u00a0\u00bb\u00a0\u00bb rt_bg_image_repeat=\u00a0\u00bbrepeat\u00a0\u00bb rt_bg_size=\u00a0\u00bbauto auto\u00a0\u00bb rt_bg_attachment=\u00a0\u00bbscroll\u00a0\u00bb][vc_column_text el_class=\u00a0\u00bbredborderleft\u00a0\u00bb]<\/p>\n<h1>T\u00e9l\u00e9chargement<\/h1>\n<p>[\/vc_column_text][\/vc_column][\/vc_row][vc_row rt_row_background_width=\u00a0\u00bbfullwidth\u00a0\u00bb rt_row_content_width=\u00a0\u00bbdefault\u00a0\u00bb rt_row_style=\u00a0\u00bbdefault-style\u00a0\u00bb rt_row_borders=\u00a0\u00bb\u00a0\u00bb rt_row_shadows=\u00a0\u00bb\u00a0\u00bb rt_row_paddings=\u00a0\u00bbtrue\u00a0\u00bb rt_bg_effect=\u00a0\u00bbclassic\u00a0\u00bb rt_bg_image_repeat=\u00a0\u00bbrepeat\u00a0\u00bb rt_bg_size=\u00a0\u00bbcover\u00a0\u00bb rt_bg_position=\u00a0\u00bbright top\u00a0\u00bb rt_bg_attachment=\u00a0\u00bbscroll\u00a0\u00bb rt_bg_video_format=\u00a0\u00bbself-hosted\u00a0\u00bb][vc_column width=\u00a0\u00bb1\/2&Prime; rt_column_shadow=\u00a0\u00bb\u00a0\u00bb rt_bg_image_repeat=\u00a0\u00bbrepeat\u00a0\u00bb rt_bg_size=\u00a0\u00bbauto auto\u00a0\u00bb rt_bg_attachment=\u00a0\u00bbscroll\u00a0\u00bb class=\u00a0\u00bbcolumn-left\u00a0\u00bb rt_bg_color=\u00a0\u00bb\u00a0\u00bb rt_bg_overlay_color=\u00a0\u00bb\u00a0\u00bb][vc_column_text css=\u00a0\u00bb\u00a0\u00bb el_class=\u00a0\u00bbredborderleft\u00a0\u00bb]<\/p>\n<div id=\"downloads-all\">\n<h2>G\u00e9n\u00e9ral<\/h2>\n<p><a href=\"https:\/\/consilab.de\/wp-content\/uploads\/2025\/09\/consilab-Imagebroschure-2021-DE-FR.pdf\" target=\"_blank\" rel=\"noopener noreferrer\">consilab brochure d&rsquo;image<\/a><\/p>\n<p><a href=\"https:\/\/consilab.de\/wp-content\/uploads\/2025\/09\/consilab_leistungsverzeichnis_2021_FR.pdf\" target=\"_blank\" rel=\"noopener noreferrer\">consilab cahier des charges<\/a><\/p>\n<p><a href=\"https:\/\/consilab.de\/wp-content\/uploads\/2021\/03\/Methods-CIPAC.pdf\" target=\"_blank\" rel=\"noopener noreferrer\">consilab methods CIPAC<\/a><\/p>\n<div  class=\"rt_divider style-4 download-divider\" ><\/div>\n<h2>Qualit\u00e9 et Identit\u00e9 d\u2019entreprise<\/h2>\n<p><a href=\"https:\/\/consilab.de\/wp-content\/uploads\/2025\/09\/A-QM-001-Qualitaetspolitik-9001_02_fr-2.pdf\" target=\"_blank\" rel=\"noopener noreferrer\">Politique qualit\u00e9<\/a><\/p>\n<p><a href=\"https:\/\/consilab.de\/wp-content\/uploads\/2026\/03\/GLP-Bescheinigung_20260217.pdf\" target=\"_blank\" rel=\"noopener noreferrer\">Certification GLP<\/a> (EN \/ DE)<\/p>\n<p><a href=\"\/wp-content\/uploads\/2021\/06\/2000799-100-HZ-Anlage-FR.pdf\" target=\"_blank\" rel=\"noopener\">Certificat ISO 9001:2015<\/a><\/p>\n<p><a href=\"https:\/\/consilab.de\/wp-content\/uploads\/2022\/09\/Code-of-conduct-mit-Signaturen-FR.pdf\" target=\"_blank\" rel=\"nofollow noopener sponsored\">Code de conduite<\/a><\/p>\n<p><a href=\"https:\/\/consilab.de\/wp-content\/uploads\/2021\/03\/PB-7.9-01_01-franc\u0327ais.pdf\" target=\"_blank\" rel=\"noopener noreferrer\">R\u00e9clamations \u2013 description de la proc\u00e9dure<\/a><\/p>\n<p><a href=\"\/wp-content\/uploads\/2021\/09\/F-QM-007_02_Kundenzufriedenheitsfragebogen_englisch.pdf\">Satisfaction client<\/a> (EN)<\/p>\n<div  class=\"rt_divider style-4 download-divider\" ><\/div>\n<h2>Itin\u00e9raire d\u2018acc\u00e8s<\/h2>\n<p><a href=\"https:\/\/consilab.de\/wp-content\/uploads\/2021\/02\/Wegbeschreibung_FFM_FR.pdf\" target=\"_blank\" rel=\"noopener noreferrer\">Frankfurt H\u00f6chst<\/a><\/p>\n<p><a href=\"https:\/\/consilab.de\/wp-content\/uploads\/2025\/07\/Wegbeschreibung_LEV_FR.pdf\" target=\"_blank\" rel=\"noopener noreferrer\">Leverkusen Chempark<\/a><\/p>\n<div  class=\"rt_divider style-4 download-divider\" ><\/div>\n<h2>Commandes de laboratoire<\/h2>\n<p><a href=\"https:\/\/consilab.de\/wp-content\/uploads\/2021\/03\/8396f-Commande-de-laboratoire-de-mesure-des-proprie\u0301te\u0301s-physico-chimiques-LE_SL_Hor.docx\">Commande laboratoire mesure des propri\u00e9t\u00e9s physico-chimiques (Microsoft Word)<\/a><\/p>\n<p><a href=\"https:\/\/consilab.de\/wp-content\/uploads\/2021\/03\/8396f-Commande-laboratoire-de\u0301termination-des-caracte\u0301ristiques-relevant-de-la-se\u0301curite\u0301_2018_SL_Hor_FR-1.docx\">Commande laboratoire d\u00e9termination des caract\u00e9ristiques relevant de la s\u00e9curit\u00e9 (Microsoft Word)<\/a><\/p>\n<p><a href=\"https:\/\/consilab.de\/wp-content\/uploads\/2021\/03\/8396f-Commande-laboratoire-classification-conforme\u0301ment-au-droit-des-transport-ONU-et-au-SGH_2018_LE_SL_Hor_FR.docx\">Commande laboratoire classification conform\u00e9ment au droit des transport ONU et au\u00a0 SGH (Microsoft Word)<\/a><strong><br \/>\n<\/strong><\/p>\n<div  class=\"rt_divider style-4 download-divider\" ><\/div>\n<h2>Personnes de contact<\/h2>\n<p><a href=\"https:\/\/consilab.de\/wp-content\/uploads\/2023\/02\/Ansprechpartner_consilab_FFM_FRA.pdf\" target=\"_blank\" rel=\"noopener noreferrer\">Frankfurt H\u00f6chst<\/a><\/p>\n<p><a href=\"https:\/\/consilab.de\/wp-content\/uploads\/2025\/07\/Wegbeschreibung_LEV_FR.pdf\" target=\"_blank\" rel=\"noopener noreferrer\">Leverkusen ChemPark<\/a><\/p>\n<div  class=\"rt_divider style-4 download-divider\" ><\/div>\n<\/div>\n<p>[\/vc_column_text][\/vc_column][vc_column width=\u00a0\u00bb1\/2&Prime; rt_column_shadow=\u00a0\u00bb\u00a0\u00bb rt_bg_image_repeat=\u00a0\u00bbrepeat\u00a0\u00bb rt_bg_size=\u00a0\u00bbauto auto\u00a0\u00bb rt_bg_attachment=\u00a0\u00bbscroll\u00a0\u00bb class=\u00a0\u00bbcolumn-right\u00a0\u00bb rt_bg_color=\u00a0\u00bb\u00a0\u00bb rt_bg_overlay_color=\u00a0\u00bb\u00a0\u00bb css=\u00a0\u00bb.vc_custom_1537257580032{margin-bottom: 2em !important;padding-left: 2em !important;}\u00a0\u00bb][vc_column_text css=\u00a0\u00bb.vc_custom_1763650402756{margin-bottom: 1em !important;}\u00a0\u00bb el_class=\u00a0\u00bbredborderleft\u00a0\u00bb]<\/p>\n<h2>consiLetter<\/h2>\n<p><a href=\"https:\/\/consilab.de\/wp-content\/uploads\/2025\/11\/consiLetter_Nr19-FR.pdf\" target=\"_blank\" rel=\"noopener noreferrer\">consiletter n\u00b0 19 : Temp\u00e9rature de d\u00e9composition<\/a><\/p>\n<p><a href=\"https:\/\/consilab.de\/wp-content\/uploads\/2025\/11\/consiLetter_Nr18-FR.pdf\" target=\"_blank\" rel=\"noopener noreferrer\">consiletter n\u00b0 18 : D\u00e9termination de la pression de vapeur de substances liquides et solides \u00e0 tester \u00e0 l\u2019aide de la m\u00e9thode de mesure statique (OECD 104)<\/a><\/p>\n<p><a href=\"https:\/\/consilab.de\/wp-content\/uploads\/2025\/11\/consiLetter_Nr17-FR.pdf\" target=\"_blank\" rel=\"noopener noreferrer\">consiLetter n\u00b0 17 : Classification des substances dangereuses en vue de leur transport : m\u00e9thodes de test pour substances potentiellement explosives. <\/a><\/p>\n<p><a href=\"https:\/\/consilab.de\/wp-content\/uploads\/2025\/11\/consiLetter_Nr16-FR.pdf\" target=\"_blank\" rel=\"noopener noreferrer\">consiLetter n\u00b0 16 : Classification de transport des substances dangereuses : substances explosives conform\u00e9ment au r\u00e8glement CLP et au Droit des transports ONU (mati\u00e8res explosives) <\/a><\/p>\n<p><a href=\"https:\/\/consilab.de\/wp-content\/uploads\/2025\/11\/consiLetter_Nr15-FR.pdf\" target=\"_blank\" rel=\"noopener noreferrer\">consiLetter n\u00b0 15 : D\u00e9termination de l\u2019\u00e9nergie d\u2018inflammation des gaz et des vapeurs<\/a><\/p>\n<div  class=\"rt_divider style-4 download-divider\" ><\/div>[\/vc_column_text]<div  class=\"rt-toggle \"><ol><li  class=\"\"><div class=\"toggle-head\"><div class=\"toggle-number\"><span class=\"icon-doc-text\"><\/span><\/div><div class=\"toggle-title clean_heading\">older consiLetter<\/div><\/div><div class=\"toggle-content\"><div id=\"downloads-all\">\n<p><a href=\"https:\/\/consilab.de\/wp-content\/uploads\/2017\/08\/consiletter_Nr_14_flash_point_and_the_lower_explosion_point.pdf\" target=\"_blank\" rel=\"noopener noreferrer\">consiLetter No. 14: Flash point and lower explosion point<\/a> (EN)<br \/>\n<a href=\"https:\/\/consilab.de\/wp-content\/uploads\/2015\/02\/consiletter_Nr_14_Unterer_Explosionspunkt_-_Flammpunkt.pdf\" target=\"_blank\" rel=\"noopener noreferrer\">consiLetter Nr. 14: Flammpunkt und unterer Explosionspunkt<\/a> (DE)<\/p>\n<p><a href=\"https:\/\/consilab.de\/wp-content\/uploads\/2017\/02\/consiletter_Nr_13_Upper_and_lower_explosion_limit.pdf\" target=\"_blank\" rel=\"noopener noreferrer\">consiLetter No. 13: Upper and lower explosion limit<\/a> (EN)<br \/>\n<a href=\"https:\/\/consilab.de\/wp-content\/uploads\/2018\/06\/consiletter_Nr_13.pdf\" target=\"_blank\" rel=\"noopener noreferrer\">consiLetter Nr. 13: Obere und untere Explosionsgrenze<\/a> (DE)<\/p>\n<p><a href=\"https:\/\/consilab.de\/wp-content\/uploads\/2018\/07\/consiletter_Nr_12_flash_point_en.pdf\" target=\"_blank\" rel=\"noopener noreferrer\">consiLetter No. 12: Flash point<\/a> (EN)<br \/>\n<a href=\"https:\/\/consilab.de\/wp-content\/uploads\/2015\/02\/consiletter_Nr_12.pdf\" target=\"_blank\" rel=\"noopener noreferrer\">consiletter Nr. 12: Flammpunkt<\/a> (DE)<\/p>\n<p><a href=\"https:\/\/consilab.de\/wp-content\/uploads\/2018\/07\/consiletter_Nr_11_CLP_GHS\u2013flammability_flash_point_en.pdf\" target=\"_blank\" rel=\"noopener noreferrer\">consiLetter No. 11: Classification according to REACH ans CLP\/ GHS \u2013 flammability (flash point)<\/a> (EN)<br \/>\n<a href=\"https:\/\/consilab.de\/wp-content\/uploads\/2018\/06\/consiletter_Nr_11.pdf\" target=\"_blank\" rel=\"noopener noreferrer\">consiLetter Nr. 11: Entz\u00fcndlichkeit (Flammpunkt) \u2013 Einstufung und Klassifizierung nach REACH und CLP\/GHS<\/a> (DE)<\/p>\n<p><a href=\"https:\/\/consilab.de\/wp-content\/uploads\/2018\/07\/consiletter_Nr_10_Determining_combustion_factor_en.pdf\" target=\"_blank\" rel=\"noopener noreferrer\">consiLetter No. 10: Determining the combustion factor: Why is it important?<\/a> (EN)<br \/>\n<a href=\"https:\/\/consilab.de\/wp-content\/uploads\/2018\/07\/consiletter_Nr_10.pdf\" target=\"_blank\" rel=\"noopener noreferrer\">consiLetter Nr. 10: Bestimmung der Brennzahl<\/a> (DE)<\/p>\n<p><a href=\"https:\/\/consilab.de\/wp-content\/uploads\/2018\/07\/consiletter_Nr_9_en.pdf\" target=\"_blank\" rel=\"noopener noreferrer\">consiLetter No. 9: Christmas tree safety hazard \u2013 supply line pressure loss before safety valves<\/a> (EN)<br \/>\n<a href=\"https:\/\/consilab.de\/wp-content\/uploads\/2018\/07\/consiletter_Nr_10.pdf\" target=\"_blank\" rel=\"noopener noreferrer\">consiLetter Nr. 9: Sicherheitsrisiko Geweih<\/a> (DE)<\/p>\n<p><a href=\"https:\/\/consilab.de\/wp-content\/uploads\/2018\/07\/consiletter_Nr_8-_Two-phase_flow_en.pdf\" target=\"_blank\" rel=\"noopener noreferrer\">consiLetter No. 8: Two-phase flow through safety valves \u2013 What needs to be done?<\/a> (EN)<br \/>\n<a href=\"https:\/\/consilab.de\/wp-content\/uploads\/2018\/07\/consiletter_Nr_8.pdf\" target=\"_blank\" rel=\"noopener noreferrer\">consiLetter Nr. 8: Zweiphasenstr\u00f6mung durch Sicherheitsventile<\/a> (DE)<\/p>\n<p><a href=\"https:\/\/consilab.de\/wp-content\/uploads\/2025\/11\/consiletter_Nr7-FR.pdf\" target=\"_blank\" rel=\"noopener noreferrer\">consiLetter No. 7: Risques thermiques : D\u00e9tecter, \u00e9valuer, ma\u00eetriser \u2013 Partie III<\/a><\/p>\n<p><a href=\"https:\/\/consilab.de\/wp-content\/uploads\/2025\/11\/consiletter_Nr6-FR.pdf\" target=\"_blank\" rel=\"noopener\">consiLetter No. 6: Risques thermiques : D\u00e9tecter, \u00e9valuer, ma\u00eetriser \u2013 Partie II<\/a><\/p>\n<p><a href=\"https:\/\/consilab.de\/wp-content\/uploads\/2025\/11\/consiletter_Nr5-FR.pdf\" target=\"_blank\" rel=\"noopener\">consiLetter No. 5: Risques thermiques : D\u00e9tecter, \u00e9valuer, ma\u00eetriser \u2013 Partie I<\/a><\/p>\n<p><a href=\"https:\/\/consilab.de\/wp-content\/uploads\/2018\/07\/consiletter_Nr_4_en.pdf\" target=\"_blank\" rel=\"noopener noreferrer\">consiLetter No. 4: Identifying very low vapor pressure (e. g. of solids)<\/a> (EN)<br \/>\n<a href=\"https:\/\/consilab.de\/wp-content\/uploads\/2018\/07\/consiletter_Nr_4.pdf\" target=\"_blank\" rel=\"noopener noreferrer\">consiLetter Nr. 4: Bestimmung sehr niedriger Dampfdr\u00fccke (z.B. von Feststoffen)<\/a> (DE)<\/p>\n<p><a href=\"https:\/\/consilab.de\/wp-content\/uploads\/2018\/07\/consiletter_Nr_3_Designing_Safety_Valves_en.pdf\" target=\"_blank\" rel=\"noopener noreferrer\">consiLetter No. 3: Designing Safety Valves for the fire case<\/a> (EN)<br \/>\n<a href=\"https:\/\/consilab.de\/wp-content\/uploads\/2018\/07\/consiletter_Nr_3.pdf\" target=\"_blank\" rel=\"noopener noreferrer\">consiLetter Nr. 3: Auslegung von Sicherheitsventilen f\u00fcr den Feuerfall?<\/a> (DE)<\/p>\n<p><a href=\"https:\/\/consilab.de\/wp-content\/uploads\/2018\/07\/consiletter_Nr_2_01.pdf\" target=\"_blank\" rel=\"noopener noreferrer\">consiLetter No. 2: Determining the self-ignition temperature of dust deposits<\/a> (EN)<br \/>\n<a href=\"https:\/\/consilab.de\/wp-content\/uploads\/2018\/07\/consiletter_Nr_2_01.pdf\" target=\"_blank\" rel=\"noopener noreferrer\">consiLetter Nr. 2: Ermittlung von Selbstentz\u00fcndungstemperaturen<\/a> (DE)<\/p>\n<p><a href=\"https:\/\/consilab.de\/wp-content\/uploads\/2018\/07\/consiletter_Nr_1_englisch.pdf\" target=\"_blank\" rel=\"noopener noreferrer\">consiLetter No. 1: Safeguarding of a supply line for pressurized air<\/a> (EN)<br \/>\n<a href=\"https:\/\/consilab.de\/wp-content\/uploads\/2018\/07\/consiletter_Nr_1.pdf\" target=\"_blank\" rel=\"noopener noreferrer\">consiLetter Nr. 1: Absicherung von Druckluft-Versorgungsleitungen f\u00fcr Laborger\u00e4te<\/a> (DE)<\/p>\n<\/div>\n<\/div><\/li><\/ol><\/div>[\/vc_column][\/vc_row]<\/p>\n","protected":false},"excerpt":{"rendered":"<p>[vc_row rt_row_background_width=\u00a0\u00bbfullwidth\u00a0\u00bb rt_row_content_width=\u00a0\u00bbdefault\u00a0\u00bb rt_row_style=\u00a0\u00bbdefault-style\u00a0\u00bb rt_row_borders=\u00a0\u00bb\u00a0\u00bb rt_row_shadows=\u00a0\u00bb\u00a0\u00bb rt_row_paddings=\u00a0\u00bbtrue\u00a0\u00bb rt_bg_effect=\u00a0\u00bbclassic\u00a0\u00bb rt_bg_image_repeat=\u00a0\u00bbrepeat\u00a0\u00bb rt_bg_size=\u00a0\u00bbcover\u00a0\u00bb rt_bg_position=\u00a0\u00bbright top\u00a0\u00bb rt_bg_attachment=\u00a0\u00bbscroll\u00a0\u00bb rt_bg_video_format=\u00a0\u00bbself-hosted\u00a0\u00bb][vc_column rt_column_shadow=\u00a0\u00bb\u00a0\u00bb rt_bg_image_repeat=\u00a0\u00bbrepeat\u00a0\u00bb rt_bg_size=\u00a0\u00bbauto auto\u00a0\u00bb rt_bg_attachment=\u00a0\u00bbscroll\u00a0\u00bb][vc_column_text el_class=\u00a0\u00bbredborderleft\u00a0\u00bb] T\u00e9l\u00e9chargement [\/vc_column_text][\/vc_column][\/vc_row][vc_row rt_row_background_width=\u00a0\u00bbfullwidth\u00a0\u00bb rt_row_content_width=\u00a0\u00bbdefault\u00a0\u00bb rt_row_style=\u00a0\u00bbdefault-style\u00a0\u00bb rt_row_borders=\u00a0\u00bb\u00a0\u00bb rt_row_shadows=\u00a0\u00bb\u00a0\u00bb rt_row_paddings=\u00a0\u00bbtrue\u00a0\u00bb rt_bg_effect=\u00a0\u00bbclassic\u00a0\u00bb rt_bg_image_repeat=\u00a0\u00bbrepeat\u00a0\u00bb rt_bg_size=\u00a0\u00bbcover\u00a0\u00bb rt_bg_position=\u00a0\u00bbright top\u00a0\u00bb rt_bg_attachment=\u00a0\u00bbscroll\u00a0\u00bb rt_bg_video_format=\u00a0\u00bbself-hosted\u00a0\u00bb][vc_column width=\u00a0\u00bb1\/2&Prime; rt_column_shadow=\u00a0\u00bb\u00a0\u00bb rt_bg_image_repeat=\u00a0\u00bbrepeat\u00a0\u00bb rt_bg_size=\u00a0\u00bbauto auto\u00a0\u00bb rt_bg_attachment=\u00a0\u00bbscroll\u00a0\u00bb class=\u00a0\u00bbcolumn-left\u00a0\u00bb rt_bg_color=\u00a0\u00bb\u00a0\u00bb rt_bg_overlay_color=\u00a0\u00bb\u00a0\u00bb][vc_column_text css=\u00a0\u00bb\u00a0\u00bb el_class=\u00a0\u00bbredborderleft\u00a0\u00bb] G\u00e9n\u00e9ral consilab brochure d&rsquo;image consilab cahier des charges consilab  &#8230;<br \/><a class=\"more-link\" href=\"https:\/\/consilab.de\/fr\/telechargement\/\">more | mehr<\/a><\/p>\n","protected":false},"author":1,"featured_media":0,"parent":0,"menu_order":10,"comment_status":"closed","ping_status":"closed","template":"","meta":{"footnotes":""},"class_list":["post-9400","page","type-page","status-publish","hentry"],"_links":{"self":[{"href":"https:\/\/consilab.de\/fr\/wp-json\/wp\/v2\/pages\/9400","targetHints":{"allow":["GET"]}}],"collection":[{"href":"https:\/\/consilab.de\/fr\/wp-json\/wp\/v2\/pages"}],"about":[{"href":"https:\/\/consilab.de\/fr\/wp-json\/wp\/v2\/types\/page"}],"author":[{"embeddable":true,"href":"https:\/\/consilab.de\/fr\/wp-json\/wp\/v2\/users\/1"}],"replies":[{"embeddable":true,"href":"https:\/\/consilab.de\/fr\/wp-json\/wp\/v2\/comments?post=9400"}],"version-history":[{"count":12,"href":"https:\/\/consilab.de\/fr\/wp-json\/wp\/v2\/pages\/9400\/revisions"}],"predecessor-version":[{"id":15612,"href":"https:\/\/consilab.de\/fr\/wp-json\/wp\/v2\/pages\/9400\/revisions\/15612"}],"wp:attachment":[{"href":"https:\/\/consilab.de\/fr\/wp-json\/wp\/v2\/media?parent=9400"}],"curies":[{"name":"wp","href":"https:\/\/api.w.org\/{rel}","templated":true}]}}