{"id":9405,"date":"2016-02-08T15:13:44","date_gmt":"2016-02-08T14:13:44","guid":{"rendered":"https:\/\/consilab.de\/kontakt\/"},"modified":"2025-07-09T11:39:25","modified_gmt":"2025-07-09T09:39:25","slug":"contact","status":"publish","type":"page","link":"https:\/\/consilab.de\/fr\/contact\/","title":{"rendered":"Contact"},"content":{"rendered":"<p>[vc_row rt_row_background_width=\u00a0\u00bbfullwidth\u00a0\u00bb rt_row_content_width=\u00a0\u00bbdefault\u00a0\u00bb rt_row_style=\u00a0\u00bbdefault-style\u00a0\u00bb rt_row_borders=\u00a0\u00bb\u00a0\u00bb rt_row_shadows=\u00a0\u00bb\u00a0\u00bb rt_column_view=\u00a0\u00bbboxed_columns\u00a0\u00bb rt_row_paddings=\u00a0\u00bbtrue\u00a0\u00bb rt_bg_effect=\u00a0\u00bbclassic\u00a0\u00bb rt_bg_image_repeat=\u00a0\u00bbrepeat\u00a0\u00bb rt_bg_size=\u00a0\u00bbcover\u00a0\u00bb rt_bg_position=\u00a0\u00bbright top\u00a0\u00bb rt_bg_attachment=\u00a0\u00bbscroll\u00a0\u00bb rt_bg_video_format=\u00a0\u00bbself-hosted\u00a0\u00bb rt_padding_top=\u00a0\u00bb0&Prime;][vc_column width=\u00a0\u00bb1\/2&Prime; rt_column_shadow=\u00a0\u00bb\u00a0\u00bb rt_bg_image_repeat=\u00a0\u00bbrepeat\u00a0\u00bb rt_bg_size=\u00a0\u00bbauto auto\u00a0\u00bb rt_bg_attachment=\u00a0\u00bbscroll\u00a0\u00bb rt_padding_top=\u00a0\u00bb20&Prime; rt_padding_bottom=\u00a0\u00bb20&Prime; rt_padding_left=\u00a0\u00bb20&Prime; rt_padding_right=\u00a0\u00bb20&Prime; rt_bg_color=\u00a0\u00bb\u00a0\u00bb rt_bg_overlay_color=\u00a0\u00bb\u00a0\u00bb]<div class=\"rt_heading_wrapper no-style\">\n\t\t\t\t\t\t<h3 class=\"rt_heading  no-style\" ><span class=\"icon-globe-2 heading_icon\"><\/span>SITE DE FRANCFORT H\u00d6CHST<\/h3>\n\t\t\t\t\t<\/div>[vc_separator style=\u00a0\u00bbstyle-4&Prime; margin_top=\u00a0\u00bb20&Prime; margin_bottom=\u00a0\u00bb30&Prime;]\t \n\t\t<div  class=\"with_icons style-3 \">\n\t\t\t \n\t\t<div  >\n\t\t<span class=\"icon-address icon\"><\/span><div class=\"list-content\"><p><strong>consilab<\/strong><br \/>\nGesellschaft f\u00fcr Anlagensicherheit mbH<br \/>\nIndustriepark H\u00f6chst<br \/>\nB\u00e2timent G830<br \/>\nBr\u00fcningstra\u00dfe 50<br \/>\n65926 Francfort sur le Main &#8211; Allemagne<\/p>\n<\/div>\n\t\t<\/div>\n\t\t \n\t\t<div  >\n\t\t<span class=\"icon-phone icon\"><\/span><div class=\"list-content\"><p>+49(0)69-305-30012<\/p>\n<\/div>\n\t\t<\/div>\n\t\t \n\t\t<div  >\n\t\t<span class=\"icon-doc-alt icon\"><\/span><div class=\"list-content\"><p>+49(0)69-305-30014<\/p>\n<\/div>\n\t\t<\/div>\n\t\t \n\t\t<div  >\n\t\t<span class=\"icon-mail-1 icon\"><\/span><div class=\"list-content\"><p><a href=\"mailto:kontakt@consilab.de\"> kontakt@consilab.de<\/a><\/p>\n<\/div>\n\t\t<\/div>\n\t\t \n\t\t<div  >\n\t\t<span class=\"icon-comment-empty icon\"><\/span><div class=\"list-content\"><p><a href=\"mailto:Beschwerde@consilab.de\">Beschwerde@consilab.de<\/a><\/p>\n<\/div>\n\t\t<\/div>\n\t\t \n\t\t<div  >\n\t\t<span class=\"icon-lock-1 icon\"><\/span><div class=\"list-content\"><p><a href=\"mailto:Datenschutzbeauftragter@consilab.de\">Datenschutzbeauftragter@consilab.de<\/a><\/p>\n<\/div>\n\t\t<\/div>\n\t\t \n\t\t<div  >\n\t\t<span class=\"icon-map icon\"><\/span><div class=\"list-content\"><p><a href=\"\/wp-content\/uploads\/2021\/02\/Wegbeschreibung_FFM_FR.pdf\" target=\"_blank\" rel=\"noopener noreferrer\">Itin\u00e9raire d\u2018acc\u00e8s<\/a><\/p>\n<\/div>\n\t\t<\/div>\n\t\n\t\t<\/div>\n\t[\/vc_column][vc_column width=\u00a0\u00bb1\/2&Prime; rt_column_shadow=\u00a0\u00bb\u00a0\u00bb rt_bg_image_repeat=\u00a0\u00bbrepeat\u00a0\u00bb rt_bg_size=\u00a0\u00bbauto auto\u00a0\u00bb rt_bg_attachment=\u00a0\u00bbscroll\u00a0\u00bb rt_padding_top=\u00a0\u00bb20&Prime; rt_padding_bottom=\u00a0\u00bb20&Prime; rt_padding_left=\u00a0\u00bb20&Prime; rt_padding_right=\u00a0\u00bb20&Prime; rt_bg_color=\u00a0\u00bb\u00a0\u00bb rt_bg_overlay_color=\u00a0\u00bb\u00a0\u00bb]<div class=\"rt_heading_wrapper no-style\">\n\t\t\t\t\t\t<h3 class=\"rt_heading  no-style\" ><span class=\"icon-globe-2 heading_icon\"><\/span>SITE DE LEVERKUSEN CHEMPARK<\/h3>\n\t\t\t\t\t<\/div>[vc_separator style=\u00a0\u00bbstyle-4&Prime; margin_top=\u00a0\u00bb20&Prime; margin_bottom=\u00a0\u00bb30&Prime;]\t \n\t\t<div  class=\"with_icons style-3 \">\n\t\t\t \n\t\t<div  >\n\t\t<span class=\"icon-address icon\"><\/span><div class=\"list-content\"><p><strong>consilab<\/strong><br \/>\nGesellschaft f\u00fcr Anlagensicherheit mbH<br \/>\nB\u00e2timent Q18L, Bureau 252 (2\u00e8me \u00e9tage)<br \/>\nKaiser-Wilhelm-Allee 1<br \/>\n51368 Leverkusen &#8211; Allemagne<\/p>\n<\/div>\n\t\t<\/div>\n\t\t \n\t\t<div  >\n\t\t<span class=\"icon-phone icon\"><\/span><div class=\"list-content\"><p>+49(0)214-2605-56458<\/p>\n<\/div>\n\t\t<\/div>\n\t\t \n\t\t<div  >\n\t\t<span class=\"icon-mail-1 icon\"><\/span><div class=\"list-content\"><p><a href=\"mailto:leverkusen@consilab.de\">leverkusen@consilab.de<\/a><\/p>\n<\/div>\n\t\t<\/div>\n\t\t \n\t\t<div  >\n\t\t<span class=\"icon-comment-empty icon\"><\/span><div class=\"list-content\"><p><a href=\"mailto:Beschwerde@consilab.de\">Beschwerde@consilab.de<\/a><\/p>\n<\/div>\n\t\t<\/div>\n\t\t \n\t\t<div  >\n\t\t<span class=\"icon-lock-1 icon\"><\/span><div class=\"list-content\"><p><a href=\"mailto:Datenschutzbeauftragter@consilab.de\">Datenschutzbeauftragter@consilab.de<\/a><\/p>\n<\/div>\n\t\t<\/div>\n\t\t \n\t\t<div  >\n\t\t<span class=\"icon-map icon\"><\/span><div class=\"list-content\"><p><a href=\"https:\/\/consilab.de\/wp-content\/uploads\/2025\/07\/Wegbeschreibung_LEV_FR.pdf\" target=\"_blank\" rel=\"noopener noreferrer\">Itin\u00e9raire d\u2018acc\u00e8s<\/a><\/p>\n<\/div>\n\t\t<\/div>\n\t\n\t\t<\/div>\n\t[\/vc_column][\/vc_row][vc_row rt_row_background_width=\u00a0\u00bbfullwidth\u00a0\u00bb rt_row_content_width=\u00a0\u00bbdefault\u00a0\u00bb rt_row_style=\u00a0\u00bbdefault-style\u00a0\u00bb rt_row_borders=\u00a0\u00bb\u00a0\u00bb rt_row_shadows=\u00a0\u00bb\u00a0\u00bb rt_row_paddings=\u00a0\u00bbtrue\u00a0\u00bb rt_bg_effect=\u00a0\u00bbclassic\u00a0\u00bb rt_bg_image_repeat=\u00a0\u00bbrepeat\u00a0\u00bb rt_bg_size=\u00a0\u00bbcover\u00a0\u00bb rt_bg_position=\u00a0\u00bbright top\u00a0\u00bb rt_bg_attachment=\u00a0\u00bbscroll\u00a0\u00bb rt_bg_video_format=\u00a0\u00bbself-hosted\u00a0\u00bb][vc_column rt_column_shadow=\u00a0\u00bb\u00a0\u00bb rt_bg_image_repeat=\u00a0\u00bbrepeat\u00a0\u00bb rt_bg_size=\u00a0\u00bbauto auto\u00a0\u00bb rt_bg_attachment=\u00a0\u00bbscroll\u00a0\u00bb]<div class=\"rt_heading_wrapper no-style\">\n\t\t\t\t\t\t<h5 class=\"rt_heading  no-style\" ><span class=\"icon-line-mail heading_icon\"><\/span>FORMULAIRE DE CONTACT<\/h5>\n\t\t\t\t\t<\/div><div class=\"wpforms-container wpforms-container-full\" id=\"wpforms-11294\"><form id=\"wpforms-form-11294\" class=\"wpforms-validate wpforms-form\" data-formid=\"11294\" method=\"post\" enctype=\"multipart\/form-data\" action=\"\/fr\/wp-json\/wp\/v2\/pages\/9405\" data-token=\"1c66c8e7a1c9f85066ecb232de0542ee\" data-token-time=\"1776040840\"><noscript class=\"wpforms-error-noscript\">Veuillez activer JavaScript dans votre navigateur pour remplir ce formulaire.<\/noscript><div class=\"wpforms-field-container\"><div id=\"wpforms-11294-field_5-container\" class=\"wpforms-field wpforms-field-text\" data-field-id=\"5\"><label class=\"wpforms-field-label wpforms-label-hide\" for=\"wpforms-11294-field_5\">Pr\u00e9nom et nom<\/label><input type=\"text\" id=\"wpforms-11294-field_5\" class=\"wpforms-field-large\" name=\"wpforms[fields][5]\" placeholder=\"Pr\u00e9nom et nom\" ><\/div><div id=\"wpforms-11294-field_1-container\" class=\"wpforms-field wpforms-field-email\" data-field-id=\"1\"><label class=\"wpforms-field-label wpforms-label-hide\" for=\"wpforms-11294-field_1\">Adresse e-mail <span class=\"wpforms-required-label\">*<\/span><\/label><input type=\"email\" id=\"wpforms-11294-field_1\" class=\"wpforms-field-large wpforms-field-required\" name=\"wpforms[fields][1]\" placeholder=\"*Adresse e-mail\" spellcheck=\"false\" required><\/div><div id=\"wpforms-11294-field_4-container\" class=\"wpforms-field wpforms-field-text\" data-field-id=\"4\"><label class=\"wpforms-field-label wpforms-label-hide\" for=\"wpforms-11294-field_4\">Entreprise<\/label><input type=\"text\" id=\"wpforms-11294-field_4\" class=\"wpforms-field-large\" name=\"wpforms[fields][4]\" placeholder=\"Entreprise\" ><\/div><div id=\"wpforms-11294-field_11-container\" class=\"wpforms-field wpforms-field-phone\" data-field-id=\"11\"><label class=\"wpforms-field-label wpforms-label-hide\" for=\"wpforms-11294-field_11\">T\u00e9l\u00e9phone<\/label><input type=\"tel\" id=\"wpforms-11294-field_11\" class=\"wpforms-field-large wpforms-smart-phone-field\" data-rule-smart-phone-field=\"true\" name=\"wpforms[fields][11]\" placeholder=\"T\u00e9l\u00e9phone\" aria-label=\"T\u00e9l\u00e9phone\" ><\/div><div id=\"wpforms-11294-field_2-container\" class=\"wpforms-field wpforms-field-textarea\" data-field-id=\"2\"><label class=\"wpforms-field-label wpforms-label-hide\" for=\"wpforms-11294-field_2\">Message <span class=\"wpforms-required-label\">*<\/span><\/label><textarea id=\"wpforms-11294-field_2\" class=\"wpforms-field-medium wpforms-field-required\" name=\"wpforms[fields][2]\" placeholder=\"*Message\" required><\/textarea><\/div><div id=\"wpforms-11294-field_13-container\" class=\"wpforms-field wpforms-field-html\" data-field-id=\"13\"><div id=\"wpforms-11294-field_13\"><p>Le pr\u00e9sent formulaire recueille et traite votre adresse e-mail et, si vous les indiquez de plein gr\u00e9, \u00e9galement votre nom et votre entreprise. En utilisant ce formulaire, vous donnez votre accord pour la conservation et le traitement de vos donn\u00e9es par ce site Internet. Vous confirmez avoir lu la d\u00e9claration sur la <a href=\"\/fr\/declaration-sur-la-protection-des-donnees\/\" alt=\"protection des donn\u00e9es\" target=\"_blank\">protection des donn\u00e9es<\/a> et en acceptez les termes.<\/p><\/div><\/div><div id=\"wpforms-11294-field_12-container\" class=\"wpforms-field wpforms-field-html recaptcha-notice\" data-field-id=\"12\"><div id=\"wpforms-11294-field_12\">Pour vous prot\u00e9ger contre le spam, ce formulaire utilise des questions anti-spam simples.<\/div><\/div><div id=\"wpforms-11294-field_14-container\" class=\"wpforms-field wpforms-field-captcha\" data-field-id=\"14\"><label class=\"wpforms-field-label\" for=\"wpforms-11294-field_14\">Protection contre les spams <span class=\"wpforms-required-label\">*<\/span><\/label><p id=\"wpforms-11294-field_14-question\" class=\"wpforms-captcha-question\">7 + 4 ?<\/p>\n\t\t<input type=\"text\" id=\"wpforms-11294-field_14\" class=\"wpforms-field-medium wpforms-field-required a\" data-rule-wpf-captcha=\"qa\" data-is-wrapped-field=\"1\" data-a=\"11\" name=\"wpforms[fields][14][a]\" aria-describedby=\"wpforms-11294-field_14-question\" required>\n\t\t<input type=\"hidden\" name=\"wpforms[fields][14][q]\" value=\"1\">\n\n\t\t<\/div><\/div><!-- .wpforms-field-container --><div class=\"wpforms-submit-container\" ><input type=\"hidden\" name=\"wpforms[id]\" value=\"11294\"><input type=\"hidden\" name=\"page_title\" value=\"\"><input type=\"hidden\" name=\"page_url\" value=\"https:\/\/consilab.de\/fr\/wp-json\/wp\/v2\/pages\/9405\"><input type=\"hidden\" name=\"url_referer\" value=\"\"><button type=\"submit\" name=\"wpforms[submit]\" id=\"wpforms-submit-11294\" class=\"wpforms-submit submit\" data-alt-text=\"Envoyant \u2026 \" data-submit-text=\"Envoyer\" aria-live=\"assertive\" value=\"wpforms-submit\">Envoyer<\/button><\/div><\/form><\/div>  <!-- .wpforms-container -->[\/vc_column][\/vc_row]<\/p>\n","protected":false},"excerpt":{"rendered":"<p>[vc_row rt_row_background_width=\u00a0\u00bbfullwidth\u00a0\u00bb rt_row_content_width=\u00a0\u00bbdefault\u00a0\u00bb rt_row_style=\u00a0\u00bbdefault-style\u00a0\u00bb rt_row_borders=\u00a0\u00bb\u00a0\u00bb rt_row_shadows=\u00a0\u00bb\u00a0\u00bb rt_column_view=\u00a0\u00bbboxed_columns\u00a0\u00bb rt_row_paddings=\u00a0\u00bbtrue\u00a0\u00bb rt_bg_effect=\u00a0\u00bbclassic\u00a0\u00bb rt_bg_image_repeat=\u00a0\u00bbrepeat\u00a0\u00bb rt_bg_size=\u00a0\u00bbcover\u00a0\u00bb rt_bg_position=\u00a0\u00bbright top\u00a0\u00bb rt_bg_attachment=\u00a0\u00bbscroll\u00a0\u00bb rt_bg_video_format=\u00a0\u00bbself-hosted\u00a0\u00bb rt_padding_top=\u00a0\u00bb0&Prime;][vc_column width=\u00a0\u00bb1\/2&Prime; rt_column_shadow=\u00a0\u00bb\u00a0\u00bb rt_bg_image_repeat=\u00a0\u00bbrepeat\u00a0\u00bb rt_bg_size=\u00a0\u00bbauto auto\u00a0\u00bb rt_bg_attachment=\u00a0\u00bbscroll\u00a0\u00bb rt_padding_top=\u00a0\u00bb20&Prime; rt_padding_bottom=\u00a0\u00bb20&Prime; rt_padding_left=\u00a0\u00bb20&Prime; rt_padding_right=\u00a0\u00bb20&Prime; rt_bg_color=\u00a0\u00bb\u00a0\u00bb rt_bg_overlay_color=\u00a0\u00bb\u00a0\u00bb][vc_separator style=\u00a0\u00bbstyle-4&Prime; margin_top=\u00a0\u00bb20&Prime; margin_bottom=\u00a0\u00bb30&Prime;][\/vc_column][vc_column width=\u00a0\u00bb1\/2&Prime; rt_column_shadow=\u00a0\u00bb\u00a0\u00bb rt_bg_image_repeat=\u00a0\u00bbrepeat\u00a0\u00bb rt_bg_size=\u00a0\u00bbauto auto\u00a0\u00bb rt_bg_attachment=\u00a0\u00bbscroll\u00a0\u00bb rt_padding_top=\u00a0\u00bb20&Prime; rt_padding_bottom=\u00a0\u00bb20&Prime; rt_padding_left=\u00a0\u00bb20&Prime; rt_padding_right=\u00a0\u00bb20&Prime; rt_bg_color=\u00a0\u00bb\u00a0\u00bb rt_bg_overlay_color=\u00a0\u00bb\u00a0\u00bb][vc_separator style=\u00a0\u00bbstyle-4&Prime; margin_top=\u00a0\u00bb20&Prime; margin_bottom=\u00a0\u00bb30&Prime;][\/vc_column][\/vc_row][vc_row rt_row_background_width=\u00a0\u00bbfullwidth\u00a0\u00bb rt_row_content_width=\u00a0\u00bbdefault\u00a0\u00bb rt_row_style=\u00a0\u00bbdefault-style\u00a0\u00bb rt_row_borders=\u00a0\u00bb\u00a0\u00bb rt_row_shadows=\u00a0\u00bb\u00a0\u00bb rt_row_paddings=\u00a0\u00bbtrue\u00a0\u00bb rt_bg_effect=\u00a0\u00bbclassic\u00a0\u00bb rt_bg_image_repeat=\u00a0\u00bbrepeat\u00a0\u00bb rt_bg_size=\u00a0\u00bbcover\u00a0\u00bb  &#8230;<br \/><a class=\"more-link\" href=\"https:\/\/consilab.de\/fr\/contact\/\">more | mehr<\/a><\/p>\n","protected":false},"author":1,"featured_media":0,"parent":0,"menu_order":6,"comment_status":"closed","ping_status":"closed","template":"","meta":{"footnotes":""},"class_list":["post-9405","page","type-page","status-publish","hentry"],"_links":{"self":[{"href":"https:\/\/consilab.de\/fr\/wp-json\/wp\/v2\/pages\/9405","targetHints":{"allow":["GET"]}}],"collection":[{"href":"https:\/\/consilab.de\/fr\/wp-json\/wp\/v2\/pages"}],"about":[{"href":"https:\/\/consilab.de\/fr\/wp-json\/wp\/v2\/types\/page"}],"author":[{"embeddable":true,"href":"https:\/\/consilab.de\/fr\/wp-json\/wp\/v2\/users\/1"}],"replies":[{"embeddable":true,"href":"https:\/\/consilab.de\/fr\/wp-json\/wp\/v2\/comments?post=9405"}],"version-history":[{"count":1,"href":"https:\/\/consilab.de\/fr\/wp-json\/wp\/v2\/pages\/9405\/revisions"}],"predecessor-version":[{"id":14755,"href":"https:\/\/consilab.de\/fr\/wp-json\/wp\/v2\/pages\/9405\/revisions\/14755"}],"wp:attachment":[{"href":"https:\/\/consilab.de\/fr\/wp-json\/wp\/v2\/media?parent=9405"}],"curies":[{"name":"wp","href":"https:\/\/api.w.org\/{rel}","templated":true}]}}