{"id":9828,"date":"2020-09-15T09:59:55","date_gmt":"2020-09-15T07:59:55","guid":{"rendered":"https:\/\/consilab.de\/prestations\/caracteristiques-des-substances-relevant-de-la-securite\/elektrische-leitfaehigkeit-von-fluessigkeiten\/"},"modified":"2022-07-11T16:07:43","modified_gmt":"2022-07-11T14:07:43","slug":"conductibilite-electrique-des-liquides","status":"publish","type":"page","link":"https:\/\/consilab.de\/fr\/prestations\/caracteristiques-des-substances-relevant-de-la-securite\/conductibilite-electrique-des-liquides\/","title":{"rendered":"Conductibilit\u00e9 \u00e9lectrique des liquides"},"content":{"rendered":"<p>[vc_row rt_row_background_width=\u00a0\u00bbfullwidth\u00a0\u00bb rt_row_content_width=\u00a0\u00bbdefault\u00a0\u00bb rt_row_style=\u00a0\u00bbdefault-style\u00a0\u00bb rt_row_borders=\u00a0\u00bb\u00a0\u00bb rt_row_shadows=\u00a0\u00bb\u00a0\u00bb rt_row_paddings=\u00a0\u00bbfalse\u00a0\u00bb rt_bg_effect=\u00a0\u00bbclassic\u00a0\u00bb rt_bg_image_repeat=\u00a0\u00bbrepeat\u00a0\u00bb rt_bg_size=\u00a0\u00bbcover\u00a0\u00bb rt_bg_position=\u00a0\u00bbright top\u00a0\u00bb rt_bg_attachment=\u00a0\u00bbscroll\u00a0\u00bb rt_bg_video_format=\u00a0\u00bbself-hosted\u00a0\u00bb][vc_column width=\u00a0\u00bb1\/3&Prime; rt_column_shadow=\u00a0\u00bb\u00a0\u00bb rt_bg_image_repeat=\u00a0\u00bbrepeat\u00a0\u00bb rt_bg_size=\u00a0\u00bbauto auto\u00a0\u00bb rt_bg_attachment=\u00a0\u00bbscroll\u00a0\u00bb class=\u00a0\u00bbdownload\u00a0\u00bb rt_bg_color=\u00a0\u00bb\u00a0\u00bb rt_bg_overlay_color=\u00a0\u00bb\u00a0\u00bb offset=\u00a0\u00bbvc_hidden-sm vc_hidden-xs\u00a0\u00bb css=\u00a0\u00bb.vc_custom_1532422018913{padding-bottom: 0px !important;}\u00a0\u00bb rt_padding_bottom=\u00a0\u00bb0&Prime;][vc_widget_sidebar sidebar_id=\u00a0\u00bbrt-theme-20-common-sidebar\u00a0\u00bb][\/vc_column][vc_column width=\u00a0\u00bb2\/3&Prime; rt_column_shadow=\u00a0\u00bb\u00a0\u00bb rt_bg_image_repeat=\u00a0\u00bbrepeat\u00a0\u00bb rt_bg_size=\u00a0\u00bbauto auto\u00a0\u00bb rt_bg_attachment=\u00a0\u00bbscroll\u00a0\u00bb class=\u00a0\u00bbmaincontent\u00a0\u00bb rt_bg_color=\u00a0\u00bb\u00a0\u00bb rt_bg_overlay_color=\u00a0\u00bb\u00a0\u00bb css=\u00a0\u00bb.vc_custom_1532422014773{padding-bottom: 2em !important;}\u00a0\u00bb][vc_column_text el_class=\u00a0\u00bbredborderleft\u00a0\u00bb]<\/p>\n<h1>Conductibilit\u00e9 \u00e9lectrique des liquides<\/h1>\n<h2>Lorsque l\u2019on remplit ou vide des r\u00e9servoirs avec des liquides, ou que l\u2019on transvase, agite, m\u00e9lange ou vaporise des liquides, mais \u00e9galement lors du pr\u00e9l\u00e8vement d\u2019\u00e9chantillons ou lors des travaux de nettoyage, il est possible que de dangereuses charges \u00e9lectrostatiques se forment dans les liquides en mouvement ou \u00e0 l\u2019int\u00e9rieur des r\u00e9cipients. (TRGS 727, chapitre 4)<\/h2>\n<p>Avoir connaissance de la conductibilit\u00e9 \u00e9lectrique (valeur inverse de la r\u00e9sistance sp\u00e9cifique) du liquide est d\u2019une importance primordiale pour \u00eatre en mesure d\u2019\u00e9valuer correctement le danger d\u2019une possible d\u00e9charge \u00e9lectrostatique dans un liquide.<\/p>\n<p>Conform\u00e9ment \u00e0 la r\u00e8glementation TRGS 727, on classifie une substance ou un mat\u00e9riau en fonction de sa r\u00e9sistance interne sp\u00e9cifique comme suit :<\/p>\n<p>Conductible : \u00a0\u00a0\u00a0\u00a0\u00a0\u00a0\u00a0\u00a0\u00a0\u00a0\u00a0\u00a0\u00a0\u00a0\u00a0\u00a0\u00a0\u00a0\u00a0\u00a0\u00a0\u00a0\u00a0\u00a0\u00a0\u00a0\u00a0\u00a0\u00a0 \u03c1 \u2264 10<sup>4<\/sup> \u03a9m<\/p>\n<p>Antistatique : \u00a0\u00a0\u00a0\u00a0\u00a0\u00a0\u00a0\u00a0\u00a0\u00a0\u00a0\u00a0\u00a0\u00a0\u00a0\u00a0\u00a0\u00a0\u00a0\u00a0\u00a0\u00a0\u00a0\u00a0\u00a0\u00a0 10<sup>4<\/sup> \u03a9m &lt; \u03c1 &lt;10<sup>9<\/sup> \u03a9m<\/p>\n<p>Isolant : \u00a0\u00a0\u00a0\u00a0\u00a0\u00a0\u00a0\u00a0\u00a0\u00a0\u00a0\u00a0\u00a0\u00a0\u00a0\u00a0\u00a0\u00a0\u00a0\u00a0\u00a0\u00a0\u00a0\u00a0\u00a0\u00a0\u00a0\u00a0 10<sup>9<\/sup> \u03a9m \u2264 \u03c1<\/p>\n<p>Conform\u00e9ment \u00e0 la r\u00e8glementation TRGS\u00a0727, on classifie un liquide en fonction de sa conductibilit\u00e9 comme suit :<\/p>\n<p>Conductibilit\u00e9 faible :\u00a0\u00a0\u00a0\u00a0\u00a0\u00a0\u00a0\u00a0 \u03ba \u2264 50 pS\/m*<\/p>\n<p>Conductibilit\u00e9 moyenne :\u00a0\u00a0\u00a0\u00a0\u00a0\u00a0\u00a0\u00a0\u00a0 50 pS\/m* &lt; \u03ba \u2264 10000 pS\/m<\/p>\n<p>Conductibilit\u00e9 \u00e9lev\u00e9e :\u00a0\u00a0\u00a0\u00a0\u00a0\u00a0\u00a0\u00a0\u00a0\u00a0\u00a0\u00a0\u00a0\u00a0 10000 pS\/m &lt; \u03ba<\/p>\n<p>Note de bas de page*:50 pS\/m pour les hydrocarbures ou 100 pS\/m pour les autres liquides.<\/p>\n<p>La d\u00e9termination de la r\u00e9sistance sp\u00e9cifique du liquide ou de la conductibilit\u00e9 \u00e9lectrique du liquide s\u2019effectue en conformit\u00e9 avec la norme DIN EN 60079-32-2 &#8211; Danger \u00e9lectrostatique \u2013 Essais ou avec la norme DIN\u00a051412-1.<\/p>\n<p>La r\u00e9sistance interne est mesur\u00e9e \u00e0 l\u2019aide d\u2019un Tera-Ohmm\u00e8tre. Comme \u00e9lectrode pour liquides, on utilise une \u00e9lectrode conform\u00e9ment \u00e0 la norme DIN\u00a051412-1. Cette cellule de mesure se compose d\u2019une \u00e9lectrode interne et d\u2019une \u00e9lectrode externe. Dans la zone de mesure, les deux \u00e9lectrodes sont s\u00e9par\u00e9es par une fente remplie du liquide \u00e0 mesurer. Un sch\u00e9ma de l\u2019\u00e9lectrode se r\u00e9f\u00e9rant \u00e0 la norme DIN 51412-1 est repr\u00e9sent\u00e9 en <strong>Figure 1<\/strong>.<\/p>\n<div id=\"attachment_9831\" style=\"width: 310px\" class=\"wp-caption aligncenter\"><img loading=\"lazy\" decoding=\"async\" aria-describedby=\"caption-attachment-9831\" class=\"wp-image-9831\" src=\"https:\/\/consilab.de\/wp-content\/uploads\/2021\/03\/CONDUCTIBILITE\u0301-E\u0301LECTRIQUE-DES-LIQUIDES.jpg\" alt=\"\" width=\"300\" height=\"400\" srcset=\"https:\/\/consilab.de\/wp-content\/uploads\/2021\/03\/CONDUCTIBILITE\u0301-E\u0301LECTRIQUE-DES-LIQUIDES.jpg 675w, https:\/\/consilab.de\/wp-content\/uploads\/2021\/03\/CONDUCTIBILITE\u0301-E\u0301LECTRIQUE-DES-LIQUIDES-263x350.jpg 263w\" sizes=\"auto, (max-width: 300px) 100vw, 300px\" \/><p id=\"caption-attachment-9831\" class=\"wp-caption-text\">Figure 1 : Structure sch\u00e9matique de la cellule de mesure pour liquide (extraite de la norme DIN 51412-1)<\/p><\/div>\n<p>L\u2019essai peut \u00e9galement \u00eatre r\u00e9alis\u00e9 avec l\u2019\u00e9lectrode conform\u00e9ment \u00e0 la norme DIN EN 60247. La <strong>Figure 2<\/strong> est une repr\u00e9sentation sch\u00e9matis\u00e9e de l\u2019\u00e9lectrode, extraite de la norme DIN EN 60247.<\/p>\n<div id=\"attachment_9834\" style=\"width: 595px\" class=\"wp-caption aligncenter\"><img loading=\"lazy\" decoding=\"async\" aria-describedby=\"caption-attachment-9834\" class=\"wp-image-9834\" src=\"https:\/\/consilab.de\/wp-content\/uploads\/2021\/03\/CONDUCTIBILITE\u0301-E\u0301LECTRIQUE-DES-LIQUIDES-Figure-2.jpg\" alt=\"\" width=\"585\" height=\"600\" srcset=\"https:\/\/consilab.de\/wp-content\/uploads\/2021\/03\/CONDUCTIBILITE\u0301-E\u0301LECTRIQUE-DES-LIQUIDES-Figure-2.jpg 945w, https:\/\/consilab.de\/wp-content\/uploads\/2021\/03\/CONDUCTIBILITE\u0301-E\u0301LECTRIQUE-DES-LIQUIDES-Figure-2-341x350.jpg 341w, https:\/\/consilab.de\/wp-content\/uploads\/2021\/03\/CONDUCTIBILITE\u0301-E\u0301LECTRIQUE-DES-LIQUIDES-Figure-2-768x788.jpg 768w\" sizes=\"auto, (max-width: 585px) 100vw, 585px\" \/><p id=\"caption-attachment-9834\" class=\"wp-caption-text\">Figure 2 : Structure sch\u00e9matis\u00e9e de la cellule de mesure pour liquide (extraite de la norme DIN EN 60247)<\/p><\/div>\n<p>La tension de mesure du Tera-Ohmm\u00e8tre TO3 est en principe de 100 V. On d\u00e9termine la r\u00e9sistance interne (ou la r\u00e9sistance interne sp\u00e9cifique) du liquide tout en relevant en parall\u00e8le la temp\u00e9rature du liquide, la temp\u00e9rature de l\u2019air et l\u2019hygrom\u00e9trie. En tenant compte de la constante de cellule, on obtient la r\u00e9sistance interne sp\u00e9cifique \u03c1 par rapport \u00e0 \u03c1 =<em> R<sub>D<\/sub> \u00b7 K.<\/em><\/p>\n<p>Les mesures peuvent \u00e9galement \u00eatre r\u00e9alis\u00e9es \u00e0 une temp\u00e9rature plus \u00e9lev\u00e9e au max. de 80\u00b0C.<\/p>\n<p>[\/vc_column_text][vc_row_inner rt_row_style=\u00a0\u00bbglobal-style\u00a0\u00bb rt_bg_custom_alignment=\u00a0\u00bbtop\u00a0\u00bb][vc_column_inner width=\u00a0\u00bb1\/2&Prime; rt_column_shadow=\u00a0\u00bb\u00a0\u00bb rt_bg_image_repeat=\u00a0\u00bbrepeat\u00a0\u00bb rt_bg_size=\u00a0\u00bbauto auto\u00a0\u00bb rt_bg_attachment=\u00a0\u00bbscroll\u00a0\u00bb][vc_btn title=\u00a0\u00bbCaract\u00e9ristiques des substances\u00a0\u00bb style=\u00a0\u00bbclassic\u00a0\u00bb color=\u00a0\u00bbpurple\u00a0\u00bb i_icon_fontawesome=\u00a0\u00bbfas fa-angle-left\u00a0\u00bb add_icon=\u00a0\u00bbtrue\u00a0\u00bb link=\u00a0\u00bburl:%2Ffr%2Fprestations%2Fcaracteristiques-des-substances-relevant-de-la-securite%2F|title:Caract%C3%A9ristiques%20des%20substances\u00a0\u00bb el_class=\u00a0\u00bbbtn&#8211;red\u00a0\u00bb][\/vc_column_inner][vc_column_inner width=\u00a0\u00bb1\/2&Prime; rt_column_shadow=\u00a0\u00bb\u00a0\u00bb rt_bg_image_repeat=\u00a0\u00bbrepeat\u00a0\u00bb rt_bg_size=\u00a0\u00bbauto auto\u00a0\u00bb rt_bg_attachment=\u00a0\u00bbscroll\u00a0\u00bb][vc_btn title=\u00a0\u00bbPrestations\u00a0\u00bb style=\u00a0\u00bbclassic\u00a0\u00bb color=\u00a0\u00bbpurple\u00a0\u00bb i_icon_fontawesome=\u00a0\u00bbfas fa-angle-left\u00a0\u00bb add_icon=\u00a0\u00bbtrue\u00a0\u00bb link=\u00a0\u00bburl:%2Ffr%2Fprestations%2F|title:Prestations\u00a0\u00bb el_class=\u00a0\u00bbbtn&#8211;red\u00a0\u00bb][\/vc_column_inner][\/vc_row_inner][\/vc_column][\/vc_row]<\/p>\n","protected":false},"excerpt":{"rendered":"<p>[vc_row rt_row_background_width=\u00a0\u00bbfullwidth\u00a0\u00bb rt_row_content_width=\u00a0\u00bbdefault\u00a0\u00bb rt_row_style=\u00a0\u00bbdefault-style\u00a0\u00bb rt_row_borders=\u00a0\u00bb\u00a0\u00bb rt_row_shadows=\u00a0\u00bb\u00a0\u00bb rt_row_paddings=\u00a0\u00bbfalse\u00a0\u00bb rt_bg_effect=\u00a0\u00bbclassic\u00a0\u00bb rt_bg_image_repeat=\u00a0\u00bbrepeat\u00a0\u00bb rt_bg_size=\u00a0\u00bbcover\u00a0\u00bb rt_bg_position=\u00a0\u00bbright top\u00a0\u00bb rt_bg_attachment=\u00a0\u00bbscroll\u00a0\u00bb rt_bg_video_format=\u00a0\u00bbself-hosted\u00a0\u00bb][vc_column width=\u00a0\u00bb1\/3&Prime; rt_column_shadow=\u00a0\u00bb\u00a0\u00bb rt_bg_image_repeat=\u00a0\u00bbrepeat\u00a0\u00bb rt_bg_size=\u00a0\u00bbauto auto\u00a0\u00bb rt_bg_attachment=\u00a0\u00bbscroll\u00a0\u00bb class=\u00a0\u00bbdownload\u00a0\u00bb rt_bg_color=\u00a0\u00bb\u00a0\u00bb rt_bg_overlay_color=\u00a0\u00bb\u00a0\u00bb offset=\u00a0\u00bbvc_hidden-sm vc_hidden-xs\u00a0\u00bb css=\u00a0\u00bb.vc_custom_1532422018913{padding-bottom: 0px !important;}\u00a0\u00bb rt_padding_bottom=\u00a0\u00bb0&Prime;][vc_widget_sidebar sidebar_id=\u00a0\u00bbrt-theme-20-common-sidebar\u00a0\u00bb][\/vc_column][vc_column width=\u00a0\u00bb2\/3&Prime; rt_column_shadow=\u00a0\u00bb\u00a0\u00bb rt_bg_image_repeat=\u00a0\u00bbrepeat\u00a0\u00bb rt_bg_size=\u00a0\u00bbauto auto\u00a0\u00bb rt_bg_attachment=\u00a0\u00bbscroll\u00a0\u00bb class=\u00a0\u00bbmaincontent\u00a0\u00bb rt_bg_color=\u00a0\u00bb\u00a0\u00bb rt_bg_overlay_color=\u00a0\u00bb\u00a0\u00bb css=\u00a0\u00bb.vc_custom_1532422014773{padding-bottom: 2em !important;}\u00a0\u00bb][vc_column_text el_class=\u00a0\u00bbredborderleft\u00a0\u00bb] Conductibilit\u00e9 \u00e9lectrique des liquides Lorsque l\u2019on remplit ou vide des r\u00e9servoirs avec  &#8230;<br \/><a class=\"more-link\" href=\"https:\/\/consilab.de\/fr\/prestations\/caracteristiques-des-substances-relevant-de-la-securite\/conductibilite-electrique-des-liquides\/\">more | mehr<\/a><\/p>\n","protected":false},"author":1,"featured_media":0,"parent":9313,"menu_order":8,"comment_status":"closed","ping_status":"closed","template":"","meta":{"footnotes":""},"class_list":["post-9828","page","type-page","status-publish","hentry"],"_links":{"self":[{"href":"https:\/\/consilab.de\/fr\/wp-json\/wp\/v2\/pages\/9828","targetHints":{"allow":["GET"]}}],"collection":[{"href":"https:\/\/consilab.de\/fr\/wp-json\/wp\/v2\/pages"}],"about":[{"href":"https:\/\/consilab.de\/fr\/wp-json\/wp\/v2\/types\/page"}],"author":[{"embeddable":true,"href":"https:\/\/consilab.de\/fr\/wp-json\/wp\/v2\/users\/1"}],"replies":[{"embeddable":true,"href":"https:\/\/consilab.de\/fr\/wp-json\/wp\/v2\/comments?post=9828"}],"version-history":[{"count":1,"href":"https:\/\/consilab.de\/fr\/wp-json\/wp\/v2\/pages\/9828\/revisions"}],"predecessor-version":[{"id":12095,"href":"https:\/\/consilab.de\/fr\/wp-json\/wp\/v2\/pages\/9828\/revisions\/12095"}],"up":[{"embeddable":true,"href":"https:\/\/consilab.de\/fr\/wp-json\/wp\/v2\/pages\/9313"}],"wp:attachment":[{"href":"https:\/\/consilab.de\/fr\/wp-json\/wp\/v2\/media?parent=9828"}],"curies":[{"name":"wp","href":"https:\/\/api.w.org\/{rel}","templated":true}]}}