{"id":9857,"date":"2018-07-03T15:59:17","date_gmt":"2018-07-03T13:59:17","guid":{"rendered":"https:\/\/consilab.de\/prestations\/calculs-relevant-de-la-securite\/analyse-von-druckaufbauszenarien\/"},"modified":"2022-07-11T16:20:02","modified_gmt":"2022-07-11T14:20:02","slug":"analyse-des-scenarios-de-montee-en-pression","status":"publish","type":"page","link":"https:\/\/consilab.de\/fr\/prestations\/calculs-relevant-de-la-securite\/analyse-des-scenarios-de-montee-en-pression\/","title":{"rendered":"Analyse des sc\u00e9narios de mont\u00e9e en pression"},"content":{"rendered":"<p>[vc_row rt_row_background_width=\u00a0\u00bbfullwidth\u00a0\u00bb rt_row_content_width=\u00a0\u00bbdefault\u00a0\u00bb rt_row_style=\u00a0\u00bbdefault-style\u00a0\u00bb rt_row_borders=\u00a0\u00bb\u00a0\u00bb rt_row_shadows=\u00a0\u00bb\u00a0\u00bb rt_row_paddings=\u00a0\u00bbfalse\u00a0\u00bb rt_bg_effect=\u00a0\u00bbclassic\u00a0\u00bb rt_bg_image_repeat=\u00a0\u00bbrepeat\u00a0\u00bb rt_bg_size=\u00a0\u00bbcover\u00a0\u00bb rt_bg_position=\u00a0\u00bbright top\u00a0\u00bb rt_bg_attachment=\u00a0\u00bbscroll\u00a0\u00bb rt_bg_video_format=\u00a0\u00bbself-hosted\u00a0\u00bb][vc_column width=\u00a0\u00bb1\/3&Prime; rt_column_shadow=\u00a0\u00bb\u00a0\u00bb rt_bg_image_repeat=\u00a0\u00bbrepeat\u00a0\u00bb rt_bg_size=\u00a0\u00bbauto auto\u00a0\u00bb rt_bg_attachment=\u00a0\u00bbscroll\u00a0\u00bb class=\u00a0\u00bbdownload\u00a0\u00bb rt_bg_color=\u00a0\u00bb\u00a0\u00bb rt_bg_overlay_color=\u00a0\u00bb\u00a0\u00bb offset=\u00a0\u00bbvc_hidden-sm vc_hidden-xs\u00a0\u00bb css=\u00a0\u00bb.vc_custom_1532422368869{padding-bottom: 0px !important;}\u00a0\u00bb rt_padding_bottom=\u00a0\u00bb0&Prime;][vc_widget_sidebar sidebar_id=\u00a0\u00bbrt-theme-20-common-sidebar\u00a0\u00bb][\/vc_column][vc_column width=\u00a0\u00bb2\/3&Prime; rt_column_shadow=\u00a0\u00bb\u00a0\u00bb rt_bg_image_repeat=\u00a0\u00bbrepeat\u00a0\u00bb rt_bg_size=\u00a0\u00bbauto auto\u00a0\u00bb rt_bg_attachment=\u00a0\u00bbscroll\u00a0\u00bb class=\u00a0\u00bbmaincontent\u00a0\u00bb rt_bg_color=\u00a0\u00bb\u00a0\u00bb rt_bg_overlay_color=\u00a0\u00bb\u00a0\u00bb css=\u00a0\u00bb.vc_custom_1532422378613{margin-bottom: 1em !important;padding-bottom: 0px !important;}\u00a0\u00bb][vc_column_text el_class=\u00a0\u00bbredborderleft\u00a0\u00bb]<\/p>\n<h1>ANALYSE DES SC\u00c9NARIOS DE MONT\u00c9E EN PRESSION<\/h1>\n<h2>Il faut \u00e0 tout moment pouvoir \u00e9viter \u00e0 coup s\u00fbr une augmentation de la pression au-del\u00e0 de la pression de service maximale admissible d\u2019un appareil.<\/h2>\n<p>De m\u00eame, il convient de s\u00e9curiser les appareils qui ne rel\u00e8vent pas de la directive europ\u00e9enne \u00e9quipements sous pression (DESP) du fait que la pression de service admissible se situe \u00e0 moins de 0,5 bar, afin d\u2018\u00e9viter que celle-ci puisse \u00eatre d\u00e9pass\u00e9e, ce qui pourrait porter atteinte \u00e0 l\u2019int\u00e9grit\u00e9 de l\u2019appareil.<\/p>\n<p>Dans l\u2019id\u00e9al, l\u2019analyse des sc\u00e9narios de mont\u00e9e en pression devrait \u00eatre r\u00e9alis\u00e9e par une \u00e9quipe, compos\u00e9e d\u2019un chimiste ayant connaissance des milieux et des r\u00e9actions correspondantes, d\u2019un collaborateur sp\u00e9cialis\u00e9 pour l\u2019installation concern\u00e9e et d\u2019un expert sp\u00e9cialis\u00e9 en s\u00e9curit\u00e9. En s\u2019appuyant sur une description de la m\u00e9thode et d\u2019un diagramme tuyauterie et instrumentation, il convient de discuter de toutes les possibles divergences par rapport au fonctionnement nominal et de prendre en consid\u00e9ration leurs cons\u00e9quences possibles sur la pression, la temp\u00e9rature ou sur une modification de la r\u00e9action.<\/p>\n<p>On peut distinguer entre les causes m\u00e9caniques, thermiques et chimiques d\u2019une augmentation de la pression.<\/p>\n<p>Les causes m\u00e9caniques pour une augmentation de pression inadmissible sont par exemple la d\u00e9faillance d\u2019un r\u00e9gulateur de d\u00e9bit, un mauvais r\u00e9glage de la pompe ou encore un afflux lors de la purge d\u2019air comprim\u00e9. A partir de ces causes m\u00e9caniques, on peut en induire des solutions telles que l\u2019introduction de gaz ou l\u2019introduction de liquide avec un niveau de pression plus \u00e9lev\u00e9.<\/p>\n<p>Des causes thermiques sont par exemple la d\u00e9faillance du r\u00e9glage de vapeur de chauffage pouvant provoquer un \u00e9chauffement maximal par le biais de la gaine du r\u00e9servoir, ou encore le rayonnement solaire, tout particuli\u00e8rement pour les r\u00e9servoirs de stockage install\u00e9s en plein air, qui engendre l\u2019\u00e9chauffement du contenu du r\u00e9servoir. De m\u00eame, un incendie (incendie selon ISO 23251 ou API 520\/ 521) est une cause thermique pour une augmentation de pression non admissible. L\u2019augmentation de pression dans les appareils est g\u00e9n\u00e9r\u00e9e soit suite \u00e0 une augmentation de pression de vapeur, soit suite \u00e0 une dilatation thermique du milieu confin\u00e9.<\/p>\n<p>Les causes thermiques d\u2019une augmentation de pression dans un r\u00e9servoir sont le plus souvent des divergences par rapport au fonctionnement nominal, telles qu\u2019une erreur de dosage, le blocage des voies d\u2019\u00e9vacuation de gaz ou une d\u00e9faillance du refroidissement, ceci \u00e9tant susceptible de provoquer l\u2019emballement d\u2019une r\u00e9action (runaway). Il convient ici de faire la diff\u00e9rence entre les r\u00e9actions produisant du gaz et les r\u00e9actions exothermiques. Dans le cas des syst\u00e8mes produisant du gaz, la pression s\u2019instaure principalement par le d\u00e9gagement de gaz et elle est en grande partie ind\u00e9pendante de la temp\u00e9rature.<\/p>\n<p>Dans le cas des r\u00e9actions exothermiques, la pression s\u2019\u00e9tablit en r\u00e8gle g\u00e9n\u00e9rale du fait d\u2019une augmentation de la pression de vapeur cons\u00e9cutive \u00e0 une augmentation rapide de la temp\u00e9rature dans le syst\u00e8me r\u00e9actionnel. Dans le cas des syst\u00e8mes hybrides, l\u2019augmentation de pression r\u00e9sulte aussi bien de la production de gaz que de l\u2019augmentation de la pression de vapeur en raison de l\u2019exothermie.<\/p>\n<p>Nous vous apporterons volontiers notre soutien pour identifier tous les sc\u00e9narios d\u2019interpr\u00e9tation possibles et pour d\u00e9celer les cas critiques.[\/vc_column_text][vc_row_inner rt_row_style=\u00a0\u00bbglobal-style\u00a0\u00bb rt_bg_custom_alignment=\u00a0\u00bbtop\u00a0\u00bb][vc_column_inner width=\u00a0\u00bb1\/2&Prime; rt_column_shadow=\u00a0\u00bb\u00a0\u00bb rt_bg_image_repeat=\u00a0\u00bbrepeat\u00a0\u00bb rt_bg_size=\u00a0\u00bbauto auto\u00a0\u00bb rt_bg_attachment=\u00a0\u00bbscroll\u00a0\u00bb css=\u00a0\u00bb.vc_custom_1531834622813{margin-bottom: 2em !important;}\u00a0\u00bb rt_bg_color=\u00a0\u00bb\u00a0\u00bb rt_bg_overlay_color=\u00a0\u00bb\u00a0\u00bb][vc_btn title=\u00a0\u00bbCalculs relevant de la s\u00e9curit\u00e9\u00a0\u00bb style=\u00a0\u00bbclassic\u00a0\u00bb color=\u00a0\u00bbpurple\u00a0\u00bb i_icon_fontawesome=\u00a0\u00bbfas fa-angle-left\u00a0\u00bb add_icon=\u00a0\u00bbtrue\u00a0\u00bb link=\u00a0\u00bburl:%2Ffr%2Fprestations%2Fcalculs-relevant-de-la-securite%2F|title:Calculs%20relevant%20de%20la%20s%C3%A9curit%C3%A9&Prime; el_class=\u00a0\u00bbbtn&#8211;red\u00a0\u00bb][\/vc_column_inner][vc_column_inner width=\u00a0\u00bb1\/2&Prime; rt_column_shadow=\u00a0\u00bb\u00a0\u00bb rt_bg_image_repeat=\u00a0\u00bbrepeat\u00a0\u00bb rt_bg_size=\u00a0\u00bbauto auto\u00a0\u00bb rt_bg_attachment=\u00a0\u00bbscroll\u00a0\u00bb css=\u00a0\u00bb.vc_custom_1531834618463{margin-bottom: 2em !important;}\u00a0\u00bb rt_bg_color=\u00a0\u00bb\u00a0\u00bb rt_bg_overlay_color=\u00a0\u00bb\u00a0\u00bb][vc_btn title=\u00a0\u00bbPrestations\u00a0\u00bb style=\u00a0\u00bbclassic\u00a0\u00bb color=\u00a0\u00bbpurple\u00a0\u00bb i_icon_fontawesome=\u00a0\u00bbfas fa-angle-left\u00a0\u00bb add_icon=\u00a0\u00bbtrue\u00a0\u00bb link=\u00a0\u00bburl:%2Ffr%2Fprestations%2F|title:Prestations\u00a0\u00bb el_class=\u00a0\u00bbbtn&#8211;red\u00a0\u00bb][\/vc_column_inner][\/vc_row_inner][\/vc_column][\/vc_row]<\/p>\n","protected":false},"excerpt":{"rendered":"<p>[vc_row rt_row_background_width=\u00a0\u00bbfullwidth\u00a0\u00bb rt_row_content_width=\u00a0\u00bbdefault\u00a0\u00bb rt_row_style=\u00a0\u00bbdefault-style\u00a0\u00bb rt_row_borders=\u00a0\u00bb\u00a0\u00bb rt_row_shadows=\u00a0\u00bb\u00a0\u00bb rt_row_paddings=\u00a0\u00bbfalse\u00a0\u00bb rt_bg_effect=\u00a0\u00bbclassic\u00a0\u00bb rt_bg_image_repeat=\u00a0\u00bbrepeat\u00a0\u00bb rt_bg_size=\u00a0\u00bbcover\u00a0\u00bb rt_bg_position=\u00a0\u00bbright top\u00a0\u00bb rt_bg_attachment=\u00a0\u00bbscroll\u00a0\u00bb rt_bg_video_format=\u00a0\u00bbself-hosted\u00a0\u00bb][vc_column width=\u00a0\u00bb1\/3&Prime; rt_column_shadow=\u00a0\u00bb\u00a0\u00bb rt_bg_image_repeat=\u00a0\u00bbrepeat\u00a0\u00bb rt_bg_size=\u00a0\u00bbauto auto\u00a0\u00bb rt_bg_attachment=\u00a0\u00bbscroll\u00a0\u00bb class=\u00a0\u00bbdownload\u00a0\u00bb rt_bg_color=\u00a0\u00bb\u00a0\u00bb rt_bg_overlay_color=\u00a0\u00bb\u00a0\u00bb offset=\u00a0\u00bbvc_hidden-sm vc_hidden-xs\u00a0\u00bb css=\u00a0\u00bb.vc_custom_1532422368869{padding-bottom: 0px !important;}\u00a0\u00bb rt_padding_bottom=\u00a0\u00bb0&Prime;][vc_widget_sidebar sidebar_id=\u00a0\u00bbrt-theme-20-common-sidebar\u00a0\u00bb][\/vc_column][vc_column width=\u00a0\u00bb2\/3&Prime; rt_column_shadow=\u00a0\u00bb\u00a0\u00bb rt_bg_image_repeat=\u00a0\u00bbrepeat\u00a0\u00bb rt_bg_size=\u00a0\u00bbauto auto\u00a0\u00bb rt_bg_attachment=\u00a0\u00bbscroll\u00a0\u00bb class=\u00a0\u00bbmaincontent\u00a0\u00bb rt_bg_color=\u00a0\u00bb\u00a0\u00bb rt_bg_overlay_color=\u00a0\u00bb\u00a0\u00bb css=\u00a0\u00bb.vc_custom_1532422378613{margin-bottom: 1em !important;padding-bottom: 0px !important;}\u00a0\u00bb][vc_column_text el_class=\u00a0\u00bbredborderleft\u00a0\u00bb] ANALYSE DES SC\u00c9NARIOS DE MONT\u00c9E EN PRESSION Il faut \u00e0  &#8230;<br \/><a class=\"more-link\" href=\"https:\/\/consilab.de\/fr\/prestations\/calculs-relevant-de-la-securite\/analyse-des-scenarios-de-montee-en-pression\/\">more | mehr<\/a><\/p>\n","protected":false},"author":1,"featured_media":0,"parent":9316,"menu_order":1,"comment_status":"closed","ping_status":"closed","template":"","meta":{"footnotes":""},"class_list":["post-9857","page","type-page","status-publish","hentry"],"_links":{"self":[{"href":"https:\/\/consilab.de\/fr\/wp-json\/wp\/v2\/pages\/9857","targetHints":{"allow":["GET"]}}],"collection":[{"href":"https:\/\/consilab.de\/fr\/wp-json\/wp\/v2\/pages"}],"about":[{"href":"https:\/\/consilab.de\/fr\/wp-json\/wp\/v2\/types\/page"}],"author":[{"embeddable":true,"href":"https:\/\/consilab.de\/fr\/wp-json\/wp\/v2\/users\/1"}],"replies":[{"embeddable":true,"href":"https:\/\/consilab.de\/fr\/wp-json\/wp\/v2\/comments?post=9857"}],"version-history":[{"count":1,"href":"https:\/\/consilab.de\/fr\/wp-json\/wp\/v2\/pages\/9857\/revisions"}],"predecessor-version":[{"id":12110,"href":"https:\/\/consilab.de\/fr\/wp-json\/wp\/v2\/pages\/9857\/revisions\/12110"}],"up":[{"embeddable":true,"href":"https:\/\/consilab.de\/fr\/wp-json\/wp\/v2\/pages\/9316"}],"wp:attachment":[{"href":"https:\/\/consilab.de\/fr\/wp-json\/wp\/v2\/media?parent=9857"}],"curies":[{"name":"wp","href":"https:\/\/api.w.org\/{rel}","templated":true}]}}