{"id":9863,"date":"2018-07-03T16:01:32","date_gmt":"2018-07-03T14:01:32","guid":{"rendered":"https:\/\/consilab.de\/prestations\/calculs-relevant-de-la-securite\/zuleitungen-und-abblaseleitungen\/"},"modified":"2022-07-11T16:22:07","modified_gmt":"2022-07-11T14:22:07","slug":"verification-par-calcul-des-conduites-dalimentation-et-des-tuyauteries-decoulement-des-soupapes-de-surete","status":"publish","type":"page","link":"https:\/\/consilab.de\/fr\/prestations\/calculs-relevant-de-la-securite\/verification-par-calcul-des-conduites-dalimentation-et-des-tuyauteries-decoulement-des-soupapes-de-surete\/","title":{"rendered":"V\u00e9rification par calcul des conduites d\u2019alimentation et des tuyauteries d\u2019\u00e9coulement des soupapes de s\u00fbret\u00e9"},"content":{"rendered":"<p>[vc_row rt_row_background_width=\u00a0\u00bbfullwidth\u00a0\u00bb rt_row_content_width=\u00a0\u00bbdefault\u00a0\u00bb rt_row_style=\u00a0\u00bbdefault-style\u00a0\u00bb rt_row_borders=\u00a0\u00bb\u00a0\u00bb rt_row_shadows=\u00a0\u00bb\u00a0\u00bb rt_row_paddings=\u00a0\u00bbfalse\u00a0\u00bb rt_bg_effect=\u00a0\u00bbclassic\u00a0\u00bb rt_bg_image_repeat=\u00a0\u00bbrepeat\u00a0\u00bb rt_bg_size=\u00a0\u00bbcover\u00a0\u00bb rt_bg_position=\u00a0\u00bbright top\u00a0\u00bb rt_bg_attachment=\u00a0\u00bbscroll\u00a0\u00bb rt_bg_video_format=\u00a0\u00bbself-hosted\u00a0\u00bb][vc_column width=\u00a0\u00bb1\/3&Prime; rt_column_shadow=\u00a0\u00bb\u00a0\u00bb rt_bg_image_repeat=\u00a0\u00bbrepeat\u00a0\u00bb rt_bg_size=\u00a0\u00bbauto auto\u00a0\u00bb rt_bg_attachment=\u00a0\u00bbscroll\u00a0\u00bb class=\u00a0\u00bbdownload\u00a0\u00bb rt_bg_color=\u00a0\u00bb\u00a0\u00bb rt_bg_overlay_color=\u00a0\u00bb\u00a0\u00bb offset=\u00a0\u00bbvc_hidden-sm vc_hidden-xs\u00a0\u00bb css=\u00a0\u00bb.vc_custom_1532422522738{padding-bottom: 0px !important;}\u00a0\u00bb rt_padding_bottom=\u00a0\u00bb0&Prime;][vc_widget_sidebar sidebar_id=\u00a0\u00bbrt-theme-20-common-sidebar\u00a0\u00bb][\/vc_column][vc_column width=\u00a0\u00bb2\/3&Prime; rt_column_shadow=\u00a0\u00bb\u00a0\u00bb rt_bg_image_repeat=\u00a0\u00bbrepeat\u00a0\u00bb rt_bg_size=\u00a0\u00bbauto auto\u00a0\u00bb rt_bg_attachment=\u00a0\u00bbscroll\u00a0\u00bb class=\u00a0\u00bbmaincontent\u00a0\u00bb rt_bg_color=\u00a0\u00bb\u00a0\u00bb rt_bg_overlay_color=\u00a0\u00bb\u00a0\u00bb css=\u00a0\u00bb.vc_custom_1532422530871{margin-bottom: 1em !important;padding-bottom: 0px !important;}\u00a0\u00bb][vc_column_text el_class=\u00a0\u00bbredborderleft\u00a0\u00bb css=\u00a0\u00bb.vc_custom_1652108178059{padding-top: 0px !important;padding-bottom: 2em !important;padding-left: 0px !important;}\u00a0\u00bb]<\/p>\n<h1>V\u00c9RIFICATION PAR CALCUL DES CONDUITES D\u2019ALIMENTATION ET DES TUYAUTERIES D\u2019\u00c9COULEMENT DES SOUPAPES DE S\u00dbRET\u00c9<\/h1>\n<h2>Selon la fiche A2 et en vertu de la norme ISO 4126, partie 9, les pertes de pression dans la conduite d\u2019alimentation en amont d\u2019une soupape de s\u00fbret\u00e9 ne doivent pas exc\u00e9der plus de 3% de la surpression de r\u00e9glage \u00e0 raison d\u2019un d\u00e9bit massique maximal.<\/h2>\n<p>La contre-pression admissible dans la conduite de d\u00e9charge d\u2019une soupape de s\u00fbret\u00e9 est indiqu\u00e9e par le fabricant et, en r\u00e8gle g\u00e9n\u00e9rale, elle doit \u00eatre au maximum\u00a0de 10%. Selon le fabricant, jusqu\u2019\u00e0 cette pression en sortie de la soupape de s\u00fbret\u00e9, le fonctionnement correct et donc le d\u00e9bit massique \u00e9vacuable indiqu\u00e9 sont garantis.<\/p>\n<p>Des pertes de pression trop \u00e9lev\u00e9es dans la conduite d\u2019alimentation ou une contre-pression trop importante dans la conduite de d\u00e9charge peuvent avoir pour cons\u00e9quence un fonctionnement instable de la soupape de s\u00fbret\u00e9. Il peut alors se produire des vibrations et des battements, ce qui d\u2019une part peut provoquer une forte r\u00e9duction du d\u00e9bit massique \u00e9vacuable, et d\u2019autre part que la soupape de s\u00fbret\u00e9 elle-m\u00eame ainsi que les \u00e9l\u00e9ments de l\u2019installation qui lui sont raccord\u00e9s soient endommag\u00e9s par les vibrations.<\/p>\n<p>\u00c0 l\u2019aide de programmes de stimulation d\u2019\u00e9coulements de fluide, tels que FLOMASTER\u00ae et SuperChems for DIERS\u00ae, il est possible de calculer avec fiabilit\u00e9 les pertes de pression des conduites d\u2019alimentation et la contre-pression dans les conduites d\u2019\u00e9coulement, tant pour les fluides compressibles que pour les fluides incompressibles. Au cas o\u00f9 l\u2019une des deux valeurs venait \u00e0 \u00eatre d\u00e9pass\u00e9e, diverses mesures peuvent \u00eatre appliqu\u00e9es en vue de rendre le syst\u00e8me de d\u00e9charge plus performant.<\/p>\n<p>Dans le cas id\u00e9al, les conduites en aval et en amont des soupapes de s\u00fbret\u00e9 devraient toujours \u00eatre r\u00e9alis\u00e9es de la mani\u00e8re la plus courte et la plus rectiligne possible. Si par exemple pour des raisons de construction ou du fait de la configuration d\u2019un syst\u00e8me collecteur, les conduites doivent \u00eatre plus longues, il peut s\u2019av\u00e9rer utile de les r\u00e9aliser avec un plus grand diam\u00e8tre nominal. Il est \u00e9galement possible de mettre en place des \u00e9quipements suppl\u00e9mentaires, tels que des amortisseurs de vibrations \u00e0 joint torique ou des soufflets m\u00e9talliques d\u2019\u00e9quilibrage de contre-pression permettant de stabiliser le comportement d\u2019ouverture. Ensemble, nous d\u00e9terminerons la solution la plus judicieuse, la plus avantageuse et surtout la plus s\u00fbre.<\/p>\n<p>La contre-pression se compose de la contre-pression engendr\u00e9e et de la contre-pression initiale. La limitation de la contre-pression en amont d\u2019une soupape de s\u00fbret\u00e9 ne se rapporte normalement qu\u2019\u00e0 la contre-pression engendr\u00e9e, compte tenu du fait qu\u2019une contre-pression initiale permanente d\u00e9placerait la pression de d\u00e9but d\u2019ouverture vers le haut, mais n\u2019aurait toutefois pas d\u2019influence sur la stabilit\u00e9 de fonctionnement d\u2019une soupape de s\u00fbret\u00e9. En cas d\u2019utilisation d\u2019un soufflet m\u00e9tallique d\u2019\u00e9quilibrage de contre-pression, cela ne serait toutefois plus le cas, \u00e9tant donn\u00e9 que ce dernier compenserait \u00e9galement largement la contre-pression initiale et qu\u2019il n\u2019y aurait donc pas, jusqu\u2019\u00e0 un certain point, d\u2019impact sur la pression de d\u00e9but d\u2019ouverture. Dans ce domaine, nos experts mettent \u00e9galement volontiers leur comp\u00e9tence et leur exp\u00e9rience \u00e0 votre disposition.<\/p>\n<p>Pour l\u2019\u00e9coulement diphasique, nous sommes en mesure de r\u00e9aliser des calculs de perte de pression \u00e0 l\u2019aide des programmes de simulation de processus ChemCad\u00ae et SuperChems\u00ae.<\/p>\n<p>Une condition pr\u00e9alable importante pour la d\u00e9termination des pertes de pression par frottement est de disposer de donn\u00e9es fiables sur les substances, en fonction de la temp\u00e9rature. Nous avons pour cela volontiers recours \u00e0 notre importante base de donn\u00e9es sur les substances, \u00e9tablie sur la base de donn\u00e9es DIPPR. Pour les m\u00e9langes multi-composants, nous utilisons fr\u00e9quemment les param\u00e8tres binaires enregistr\u00e9s dans le ChemCad pour obtenir des donn\u00e9es de substance plus repr\u00e9sentatives. Il nous est aussi toujours possible d\u2019introduire dans nos programmes des donn\u00e9es de substances qui auraient \u00e9t\u00e9 mises \u00e0 notre disposition par vos soins, ou que nous aurons mesur\u00e9es pour vous dans nos laboratoires.[\/vc_column_text][vc_row_inner rt_row_style=\u00a0\u00bbglobal-style\u00a0\u00bb rt_bg_custom_alignment=\u00a0\u00bbtop\u00a0\u00bb][vc_column_inner width=\u00a0\u00bb1\/2&Prime; rt_column_shadow=\u00a0\u00bb\u00a0\u00bb rt_bg_image_repeat=\u00a0\u00bbrepeat\u00a0\u00bb rt_bg_size=\u00a0\u00bbauto auto\u00a0\u00bb rt_bg_attachment=\u00a0\u00bbscroll\u00a0\u00bb css=\u00a0\u00bb.vc_custom_1531836446014{margin-bottom: 2em !important;}\u00a0\u00bb rt_bg_color=\u00a0\u00bb\u00a0\u00bb rt_bg_overlay_color=\u00a0\u00bb\u00a0\u00bb][vc_btn title=\u00a0\u00bbCalculs relevant de la s\u00e9curit\u00e9\u00a0\u00bb style=\u00a0\u00bbclassic\u00a0\u00bb color=\u00a0\u00bbpurple\u00a0\u00bb i_icon_fontawesome=\u00a0\u00bbfas fa-angle-left\u00a0\u00bb add_icon=\u00a0\u00bbtrue\u00a0\u00bb link=\u00a0\u00bburl:%2Ffr%2Fprestations%2Fcalculs-relevant-de-la-securite%2F|title:Calculs%20relevant%20de%20la%20s%C3%A9curit%C3%A9&Prime; el_class=\u00a0\u00bbbtn&#8211;red\u00a0\u00bb][\/vc_column_inner][vc_column_inner width=\u00a0\u00bb1\/2&Prime; rt_column_shadow=\u00a0\u00bb\u00a0\u00bb rt_bg_image_repeat=\u00a0\u00bbrepeat\u00a0\u00bb rt_bg_size=\u00a0\u00bbauto auto\u00a0\u00bb rt_bg_attachment=\u00a0\u00bbscroll\u00a0\u00bb css=\u00a0\u00bb.vc_custom_1531836449782{margin-bottom: 2em !important;}\u00a0\u00bb rt_bg_color=\u00a0\u00bb\u00a0\u00bb rt_bg_overlay_color=\u00a0\u00bb\u00a0\u00bb][vc_btn title=\u00a0\u00bbPrestations\u00a0\u00bb style=\u00a0\u00bbclassic\u00a0\u00bb color=\u00a0\u00bbpurple\u00a0\u00bb i_icon_fontawesome=\u00a0\u00bbfas fa-angle-left\u00a0\u00bb add_icon=\u00a0\u00bbtrue\u00a0\u00bb link=\u00a0\u00bburl:%2Ffr%2Fprestations%2F|title:Prestations\u00a0\u00bb el_class=\u00a0\u00bbbtn&#8211;red\u00a0\u00bb][\/vc_column_inner][\/vc_row_inner][\/vc_column][\/vc_row]<\/p>\n","protected":false},"excerpt":{"rendered":"<p>[vc_row rt_row_background_width=\u00a0\u00bbfullwidth\u00a0\u00bb rt_row_content_width=\u00a0\u00bbdefault\u00a0\u00bb rt_row_style=\u00a0\u00bbdefault-style\u00a0\u00bb rt_row_borders=\u00a0\u00bb\u00a0\u00bb rt_row_shadows=\u00a0\u00bb\u00a0\u00bb rt_row_paddings=\u00a0\u00bbfalse\u00a0\u00bb rt_bg_effect=\u00a0\u00bbclassic\u00a0\u00bb rt_bg_image_repeat=\u00a0\u00bbrepeat\u00a0\u00bb rt_bg_size=\u00a0\u00bbcover\u00a0\u00bb rt_bg_position=\u00a0\u00bbright top\u00a0\u00bb rt_bg_attachment=\u00a0\u00bbscroll\u00a0\u00bb rt_bg_video_format=\u00a0\u00bbself-hosted\u00a0\u00bb][vc_column width=\u00a0\u00bb1\/3&Prime; rt_column_shadow=\u00a0\u00bb\u00a0\u00bb rt_bg_image_repeat=\u00a0\u00bbrepeat\u00a0\u00bb rt_bg_size=\u00a0\u00bbauto auto\u00a0\u00bb rt_bg_attachment=\u00a0\u00bbscroll\u00a0\u00bb class=\u00a0\u00bbdownload\u00a0\u00bb rt_bg_color=\u00a0\u00bb\u00a0\u00bb rt_bg_overlay_color=\u00a0\u00bb\u00a0\u00bb offset=\u00a0\u00bbvc_hidden-sm vc_hidden-xs\u00a0\u00bb css=\u00a0\u00bb.vc_custom_1532422522738{padding-bottom: 0px !important;}\u00a0\u00bb rt_padding_bottom=\u00a0\u00bb0&Prime;][vc_widget_sidebar sidebar_id=\u00a0\u00bbrt-theme-20-common-sidebar\u00a0\u00bb][\/vc_column][vc_column width=\u00a0\u00bb2\/3&Prime; rt_column_shadow=\u00a0\u00bb\u00a0\u00bb rt_bg_image_repeat=\u00a0\u00bbrepeat\u00a0\u00bb rt_bg_size=\u00a0\u00bbauto auto\u00a0\u00bb rt_bg_attachment=\u00a0\u00bbscroll\u00a0\u00bb class=\u00a0\u00bbmaincontent\u00a0\u00bb rt_bg_color=\u00a0\u00bb\u00a0\u00bb rt_bg_overlay_color=\u00a0\u00bb\u00a0\u00bb css=\u00a0\u00bb.vc_custom_1532422530871{margin-bottom: 1em !important;padding-bottom: 0px !important;}\u00a0\u00bb][vc_column_text el_class=\u00a0\u00bbredborderleft\u00a0\u00bb css=\u00a0\u00bb.vc_custom_1652108178059{padding-top: 0px !important;padding-bottom: 2em !important;padding-left: 0px !important;}\u00a0\u00bb] V\u00c9RIFICATION PAR CALCUL  &#8230;<br \/><a class=\"more-link\" href=\"https:\/\/consilab.de\/fr\/prestations\/calculs-relevant-de-la-securite\/verification-par-calcul-des-conduites-dalimentation-et-des-tuyauteries-decoulement-des-soupapes-de-surete\/\">more | mehr<\/a><\/p>\n","protected":false},"author":1,"featured_media":0,"parent":9316,"menu_order":2,"comment_status":"closed","ping_status":"closed","template":"","meta":{"footnotes":""},"class_list":["post-9863","page","type-page","status-publish","hentry"],"_links":{"self":[{"href":"https:\/\/consilab.de\/fr\/wp-json\/wp\/v2\/pages\/9863","targetHints":{"allow":["GET"]}}],"collection":[{"href":"https:\/\/consilab.de\/fr\/wp-json\/wp\/v2\/pages"}],"about":[{"href":"https:\/\/consilab.de\/fr\/wp-json\/wp\/v2\/types\/page"}],"author":[{"embeddable":true,"href":"https:\/\/consilab.de\/fr\/wp-json\/wp\/v2\/users\/1"}],"replies":[{"embeddable":true,"href":"https:\/\/consilab.de\/fr\/wp-json\/wp\/v2\/comments?post=9863"}],"version-history":[{"count":1,"href":"https:\/\/consilab.de\/fr\/wp-json\/wp\/v2\/pages\/9863\/revisions"}],"predecessor-version":[{"id":12113,"href":"https:\/\/consilab.de\/fr\/wp-json\/wp\/v2\/pages\/9863\/revisions\/12113"}],"up":[{"embeddable":true,"href":"https:\/\/consilab.de\/fr\/wp-json\/wp\/v2\/pages\/9316"}],"wp:attachment":[{"href":"https:\/\/consilab.de\/fr\/wp-json\/wp\/v2\/media?parent=9863"}],"curies":[{"name":"wp","href":"https:\/\/api.w.org\/{rel}","templated":true}]}}