{"id":9868,"date":"2018-07-03T16:04:00","date_gmt":"2018-07-03T14:04:00","guid":{"rendered":"https:\/\/consilab.de\/prestations\/calculs-relevant-de-la-securite\/auslegung-von-rueckhaltesystemen\/"},"modified":"2022-07-11T16:23:40","modified_gmt":"2022-07-11T14:23:40","slug":"dimensionnement-des-systemes-de-retenue","status":"publish","type":"page","link":"https:\/\/consilab.de\/fr\/prestations\/calculs-relevant-de-la-securite\/dimensionnement-des-systemes-de-retenue\/","title":{"rendered":"Dimensionnement des syst\u00e8mes de retenue"},"content":{"rendered":"<p>[vc_row rt_row_background_width=\u00a0\u00bbfullwidth\u00a0\u00bb rt_row_content_width=\u00a0\u00bbdefault\u00a0\u00bb rt_row_style=\u00a0\u00bbdefault-style\u00a0\u00bb rt_row_borders=\u00a0\u00bb\u00a0\u00bb rt_row_shadows=\u00a0\u00bb\u00a0\u00bb rt_row_paddings=\u00a0\u00bbfalse\u00a0\u00bb rt_bg_effect=\u00a0\u00bbclassic\u00a0\u00bb rt_bg_image_repeat=\u00a0\u00bbrepeat\u00a0\u00bb rt_bg_size=\u00a0\u00bbcover\u00a0\u00bb rt_bg_position=\u00a0\u00bbright top\u00a0\u00bb rt_bg_attachment=\u00a0\u00bbscroll\u00a0\u00bb rt_bg_video_format=\u00a0\u00bbself-hosted\u00a0\u00bb][vc_column width=\u00a0\u00bb1\/3&Prime; rt_column_shadow=\u00a0\u00bb\u00a0\u00bb rt_bg_image_repeat=\u00a0\u00bbrepeat\u00a0\u00bb rt_bg_size=\u00a0\u00bbauto auto\u00a0\u00bb rt_bg_attachment=\u00a0\u00bbscroll\u00a0\u00bb class=\u00a0\u00bbdownload\u00a0\u00bb rt_bg_color=\u00a0\u00bb\u00a0\u00bb rt_bg_overlay_color=\u00a0\u00bb\u00a0\u00bb offset=\u00a0\u00bbvc_hidden-sm vc_hidden-xs\u00a0\u00bb css=\u00a0\u00bb.vc_custom_1532422938316{padding-bottom: 0px !important;}\u00a0\u00bb rt_padding_bottom=\u00a0\u00bb0&Prime;][vc_widget_sidebar sidebar_id=\u00a0\u00bbrt-theme-20-common-sidebar\u00a0\u00bb][\/vc_column][vc_column width=\u00a0\u00bb2\/3&Prime; rt_column_shadow=\u00a0\u00bb\u00a0\u00bb rt_bg_image_repeat=\u00a0\u00bbrepeat\u00a0\u00bb rt_bg_size=\u00a0\u00bbauto auto\u00a0\u00bb rt_bg_attachment=\u00a0\u00bbscroll\u00a0\u00bb class=\u00a0\u00bbmaincontent\u00a0\u00bb rt_bg_color=\u00a0\u00bb\u00a0\u00bb rt_bg_overlay_color=\u00a0\u00bb\u00a0\u00bb css=\u00a0\u00bb.vc_custom_1532422945269{margin-bottom: 1em !important;padding-bottom: 0px !important;}\u00a0\u00bb][vc_column_text el_class=\u00a0\u00bbredborderleft\u00a0\u00bb]<\/p>\n<h1>Dimensionnement des syst\u00e8mes de retenue<\/h1>\n<h2>Dans la plupart des cas, il ne faut pas que les flux de substances qui s\u2018\u00e9coulent lors de la r\u00e9action d\u2019une soupape de s\u00fbret\u00e9 ou d\u2019un disque de rupture, soient simplement \u00e9vacu\u00e9s dans l\u2019environnement, en particulier lorsqu\u2019ils contiennent des substances explosives, toxiques ou potentiellement polluantes pour l\u2019environnement.<\/h2>\n<p>Il est donc n\u00e9cessaire de pr\u00e9voir un dispositif de retenue et\/ou de traiter les flux de substances en cons\u00e9quence afin de les restreindre autant que possible et de les \u00e9purer, de mani\u00e8re \u00e0 r\u00e9duire leur potentiel de dangerosit\u00e9 et ainsi permettre leur rejet sans cons\u00e9quences n\u00e9fastes pour l\u2019environnement.<\/p>\n<p>Il existe dans de nombreuses installations un syst\u00e8me de r\u00e9cup\u00e9ration dot\u00e9 d\u2019un r\u00e9servoir collecteur ventil\u00e9 ou s\u00e9curis\u00e9 \u00e0 basse pression, dans lequel la phase liquide peut \u00eatre recueillie. Il est toutefois important que ce r\u00e9servoir collecteur soit install\u00e9 au point le plus bas par rapport \u00e0 l\u2019ensemble des appareils d\u2019o\u00f9 sont issues les canalisations de purge.<\/p>\n<p>Si une canalisation transportant des liquides est positionn\u00e9e vers le haut, celle-ci est alors susceptible de s\u2019obstruer et, suite \u00e0 la diff\u00e9rence de hauteur g\u00e9od\u00e9sique, il se cr\u00e9era une pression hydrostatique qui, dans le cas des canalisations de d\u00e9charge avec disque de rupture, agira comme pression suppl\u00e9mentaire sur l\u2019appareil ainsi s\u00e9curis\u00e9. Dans le cas des canalisations de d\u00e9charge avec soupape de s\u00fbret\u00e9, cette pression hydrostatique pourra m\u00eame, dans certaines circonstances, provoquer la fermeture pr\u00e9matur\u00e9e de la soupape de s\u00fbret\u00e9, et donc engendrer une pression de d\u00e9but d\u2019ouverture plus \u00e9lev\u00e9e lors de la prochaine ouverture. Dans tous les cas, cette pression hydrostatique emp\u00eachera le bon fonctionnement de la soupape de s\u00fbret\u00e9.<\/p>\n<p>S\u2019il venait \u00e0 se produire un \u00e9coulement diphasique au niveau d\u2019un disque de rupture ou d\u2019une soupape de s\u00fbret\u00e9, il serait alors n\u00e9cessaire d\u2019installer un s\u00e9parateur qui puisse isoler les phases. La forme la plus \u00e9l\u00e9mentaire d\u2019un s\u00e9parateur est un d\u00e9canteur gravitaire, mais cette m\u00e9thode n\u00e9cessite le traitement de grands volumes pour obtenir une s\u00e9paration efficace. Lorsque les flux massiques sont tr\u00e8s importants, il est possible d\u2019utiliser un s\u00e9parateur \u00e0 cyclone \u00e0 entr\u00e9e tangentielle. Ce dernier s\u00e9pare les phases par gravit\u00e9 et force centrifuge. Les diff\u00e9rentes phases peuvent alors \u00eatre soumises \u00e0 un traitement ult\u00e9rieur, et donc par exemple \u00eatre dirig\u00e9es dans un syst\u00e8me \u00e0 \u00e9purateur, au br\u00fblage \u00e0 la torche, \u00e0 un bac collecteur ou dans des sacs SAFEBAG\u00ae.<\/p>\n<p>La phase gazeuse peut pr\u00e9alablement \u00eatre condens\u00e9e, adsorb\u00e9e ou neutralis\u00e9e dans un fluide appropri\u00e9, par exemple dans un condenseur \u00e0 contact direct \u00e0 dispositif de gazage perfor\u00e9. Lors du dimensionnement, il faut prendre non seulement en compte le volume, le nombre et la taille des trous, le chevauchement minimal, mais \u00e9galement la contre-pression ainsi g\u00e9n\u00e9r\u00e9e. En cas d\u2019utilisation de buses de pulv\u00e9risation pour la condensation directe, de plus petits volumes et des quantit\u00e9s de liquide moins importantes sont le cas \u00e9ch\u00e9ant suffisants.<\/p>\n<p>Nos experts vous assistent volontiers dans le cadre de la conception, du dimensionnement et de l\u2019optimisation d\u2019un syst\u00e8me de retenue adapt\u00e9 aux besoins sp\u00e9cifiques de votre entreprise. Nous calculons le volume de r\u00e9tention n\u00e9cessaire ainsi que le dimensionnement optimal d\u2019un s\u00e9parateur cyclone ou d\u2019un dispositif de gazage perfor\u00e9 en fonction de votre cas sp\u00e9cifique.[\/vc_column_text][vc_row_inner rt_row_style=\u00a0\u00bbglobal-style\u00a0\u00bb rt_bg_custom_alignment=\u00a0\u00bbtop\u00a0\u00bb][vc_column_inner width=\u00a0\u00bb1\/2&Prime; rt_column_shadow=\u00a0\u00bb\u00a0\u00bb rt_bg_image_repeat=\u00a0\u00bbrepeat\u00a0\u00bb rt_bg_size=\u00a0\u00bbauto auto\u00a0\u00bb rt_bg_attachment=\u00a0\u00bbscroll\u00a0\u00bb css=\u00a0\u00bb.vc_custom_1531836503299{margin-bottom: 2em !important;}\u00a0\u00bb rt_bg_color=\u00a0\u00bb\u00a0\u00bb rt_bg_overlay_color=\u00a0\u00bb\u00a0\u00bb][vc_btn title=\u00a0\u00bbCalculs relevant de la s\u00e9curit\u00e9\u00a0\u00bb style=\u00a0\u00bbclassic\u00a0\u00bb color=\u00a0\u00bbpurple\u00a0\u00bb i_icon_fontawesome=\u00a0\u00bbfas fa-angle-left\u00a0\u00bb add_icon=\u00a0\u00bbtrue\u00a0\u00bb link=\u00a0\u00bburl:%2Ffr%2Fprestations%2Fcalculs-relevant-de-la-securite%2F|title:Calculs%20relevant%20de%20la%20s%C3%A9curit%C3%A9&Prime; el_class=\u00a0\u00bbbtn&#8211;red\u00a0\u00bb][\/vc_column_inner][vc_column_inner width=\u00a0\u00bb1\/2&Prime; rt_column_shadow=\u00a0\u00bb\u00a0\u00bb rt_bg_image_repeat=\u00a0\u00bbrepeat\u00a0\u00bb rt_bg_size=\u00a0\u00bbauto auto\u00a0\u00bb rt_bg_attachment=\u00a0\u00bbscroll\u00a0\u00bb css=\u00a0\u00bb.vc_custom_1531836507450{margin-bottom: 2em !important;}\u00a0\u00bb rt_bg_color=\u00a0\u00bb\u00a0\u00bb rt_bg_overlay_color=\u00a0\u00bb\u00a0\u00bb][vc_btn title=\u00a0\u00bbPrestations\u00a0\u00bb style=\u00a0\u00bbclassic\u00a0\u00bb color=\u00a0\u00bbpurple\u00a0\u00bb i_icon_fontawesome=\u00a0\u00bbfas fa-angle-left\u00a0\u00bb add_icon=\u00a0\u00bbtrue\u00a0\u00bb link=\u00a0\u00bburl:%2Ffr%2Fprestations%2F|title:Prestations\u00a0\u00bb el_class=\u00a0\u00bbbtn&#8211;red\u00a0\u00bb][\/vc_column_inner][\/vc_row_inner][\/vc_column][\/vc_row]<\/p>\n","protected":false},"excerpt":{"rendered":"<p>[vc_row rt_row_background_width=\u00a0\u00bbfullwidth\u00a0\u00bb rt_row_content_width=\u00a0\u00bbdefault\u00a0\u00bb rt_row_style=\u00a0\u00bbdefault-style\u00a0\u00bb rt_row_borders=\u00a0\u00bb\u00a0\u00bb rt_row_shadows=\u00a0\u00bb\u00a0\u00bb rt_row_paddings=\u00a0\u00bbfalse\u00a0\u00bb rt_bg_effect=\u00a0\u00bbclassic\u00a0\u00bb rt_bg_image_repeat=\u00a0\u00bbrepeat\u00a0\u00bb rt_bg_size=\u00a0\u00bbcover\u00a0\u00bb rt_bg_position=\u00a0\u00bbright top\u00a0\u00bb rt_bg_attachment=\u00a0\u00bbscroll\u00a0\u00bb rt_bg_video_format=\u00a0\u00bbself-hosted\u00a0\u00bb][vc_column width=\u00a0\u00bb1\/3&Prime; rt_column_shadow=\u00a0\u00bb\u00a0\u00bb rt_bg_image_repeat=\u00a0\u00bbrepeat\u00a0\u00bb rt_bg_size=\u00a0\u00bbauto auto\u00a0\u00bb rt_bg_attachment=\u00a0\u00bbscroll\u00a0\u00bb class=\u00a0\u00bbdownload\u00a0\u00bb rt_bg_color=\u00a0\u00bb\u00a0\u00bb rt_bg_overlay_color=\u00a0\u00bb\u00a0\u00bb offset=\u00a0\u00bbvc_hidden-sm vc_hidden-xs\u00a0\u00bb css=\u00a0\u00bb.vc_custom_1532422938316{padding-bottom: 0px !important;}\u00a0\u00bb rt_padding_bottom=\u00a0\u00bb0&Prime;][vc_widget_sidebar sidebar_id=\u00a0\u00bbrt-theme-20-common-sidebar\u00a0\u00bb][\/vc_column][vc_column width=\u00a0\u00bb2\/3&Prime; rt_column_shadow=\u00a0\u00bb\u00a0\u00bb rt_bg_image_repeat=\u00a0\u00bbrepeat\u00a0\u00bb rt_bg_size=\u00a0\u00bbauto auto\u00a0\u00bb rt_bg_attachment=\u00a0\u00bbscroll\u00a0\u00bb class=\u00a0\u00bbmaincontent\u00a0\u00bb rt_bg_color=\u00a0\u00bb\u00a0\u00bb rt_bg_overlay_color=\u00a0\u00bb\u00a0\u00bb css=\u00a0\u00bb.vc_custom_1532422945269{margin-bottom: 1em !important;padding-bottom: 0px !important;}\u00a0\u00bb][vc_column_text el_class=\u00a0\u00bbredborderleft\u00a0\u00bb] Dimensionnement des syst\u00e8mes de retenue Dans la plupart des cas,  &#8230;<br \/><a class=\"more-link\" href=\"https:\/\/consilab.de\/fr\/prestations\/calculs-relevant-de-la-securite\/dimensionnement-des-systemes-de-retenue\/\">more | mehr<\/a><\/p>\n","protected":false},"author":1,"featured_media":0,"parent":9316,"menu_order":3,"comment_status":"closed","ping_status":"closed","template":"","meta":{"footnotes":""},"class_list":["post-9868","page","type-page","status-publish","hentry"],"_links":{"self":[{"href":"https:\/\/consilab.de\/fr\/wp-json\/wp\/v2\/pages\/9868","targetHints":{"allow":["GET"]}}],"collection":[{"href":"https:\/\/consilab.de\/fr\/wp-json\/wp\/v2\/pages"}],"about":[{"href":"https:\/\/consilab.de\/fr\/wp-json\/wp\/v2\/types\/page"}],"author":[{"embeddable":true,"href":"https:\/\/consilab.de\/fr\/wp-json\/wp\/v2\/users\/1"}],"replies":[{"embeddable":true,"href":"https:\/\/consilab.de\/fr\/wp-json\/wp\/v2\/comments?post=9868"}],"version-history":[{"count":1,"href":"https:\/\/consilab.de\/fr\/wp-json\/wp\/v2\/pages\/9868\/revisions"}],"predecessor-version":[{"id":12116,"href":"https:\/\/consilab.de\/fr\/wp-json\/wp\/v2\/pages\/9868\/revisions\/12116"}],"up":[{"embeddable":true,"href":"https:\/\/consilab.de\/fr\/wp-json\/wp\/v2\/pages\/9316"}],"wp:attachment":[{"href":"https:\/\/consilab.de\/fr\/wp-json\/wp\/v2\/media?parent=9868"}],"curies":[{"name":"wp","href":"https:\/\/api.w.org\/{rel}","templated":true}]}}