{"id":9873,"date":"2018-07-17T16:13:41","date_gmt":"2018-07-17T14:13:41","guid":{"rendered":"https:\/\/consilab.de\/prestations\/calculs-relevant-de-la-securite\/auslegung-von-blenden-und-drosselstrecken\/"},"modified":"2022-07-11T16:25:20","modified_gmt":"2022-07-11T14:25:20","slug":"dimensionnement-des-obturateurs-et-des-troncons-detranglement","status":"publish","type":"page","link":"https:\/\/consilab.de\/fr\/prestations\/calculs-relevant-de-la-securite\/dimensionnement-des-obturateurs-et-des-troncons-detranglement\/","title":{"rendered":"Dimensionnement des obturateurs et des tron\u00e7ons d\u2018\u00e9tranglement"},"content":{"rendered":"<p>[vc_row rt_row_background_width=\u00a0\u00bbfullwidth\u00a0\u00bb rt_row_content_width=\u00a0\u00bbdefault\u00a0\u00bb rt_row_style=\u00a0\u00bbdefault-style\u00a0\u00bb rt_row_borders=\u00a0\u00bb\u00a0\u00bb rt_row_shadows=\u00a0\u00bb\u00a0\u00bb rt_row_paddings=\u00a0\u00bbfalse\u00a0\u00bb rt_bg_effect=\u00a0\u00bbclassic\u00a0\u00bb rt_bg_image_repeat=\u00a0\u00bbrepeat\u00a0\u00bb rt_bg_size=\u00a0\u00bbcover\u00a0\u00bb rt_bg_position=\u00a0\u00bbright top\u00a0\u00bb rt_bg_attachment=\u00a0\u00bbscroll\u00a0\u00bb rt_bg_video_format=\u00a0\u00bbself-hosted\u00a0\u00bb][vc_column width=\u00a0\u00bb1\/3&Prime; rt_column_shadow=\u00a0\u00bb\u00a0\u00bb rt_bg_image_repeat=\u00a0\u00bbrepeat\u00a0\u00bb rt_bg_size=\u00a0\u00bbauto auto\u00a0\u00bb rt_bg_attachment=\u00a0\u00bbscroll\u00a0\u00bb class=\u00a0\u00bbdownload\u00a0\u00bb rt_bg_color=\u00a0\u00bb\u00a0\u00bb rt_bg_overlay_color=\u00a0\u00bb\u00a0\u00bb offset=\u00a0\u00bbvc_hidden-sm vc_hidden-xs\u00a0\u00bb css=\u00a0\u00bb.vc_custom_1532423003094{padding-bottom: 0px !important;}\u00a0\u00bb rt_padding_bottom=\u00a0\u00bb0&Prime;][vc_widget_sidebar sidebar_id=\u00a0\u00bbrt-theme-20-common-sidebar\u00a0\u00bb][\/vc_column][vc_column width=\u00a0\u00bb2\/3&Prime; rt_column_shadow=\u00a0\u00bb\u00a0\u00bb rt_bg_image_repeat=\u00a0\u00bbrepeat\u00a0\u00bb rt_bg_size=\u00a0\u00bbauto auto\u00a0\u00bb rt_bg_attachment=\u00a0\u00bbscroll\u00a0\u00bb class=\u00a0\u00bbmaincontent\u00a0\u00bb rt_bg_color=\u00a0\u00bb\u00a0\u00bb rt_bg_overlay_color=\u00a0\u00bb\u00a0\u00bb css=\u00a0\u00bb.vc_custom_1532422997055{margin-bottom: 1em !important;padding-bottom: 0px !important;}\u00a0\u00bb][vc_column_text el_class=\u00a0\u00bbredborderleft\u00a0\u00bb]<\/p>\n<h1>Dimensionnement des obturateurs et des tron\u00e7ons d\u2018\u00e9tranglement<\/h1>\n<h2>Les obturateurs (\u00e9galement : disques perfor\u00e9s \/ vannes d\u2018\u00e9tranglement) de m\u00eame que les tron\u00e7ons d\u2019\u00e9tranglement sont tout particuli\u00e8rement utilis\u00e9s pour la limitation des flux massiques.<\/h2>\n<p>Dans les canalisations d\u2019alimentation destin\u00e9es \u00e0 transporter des liquides ou des gaz \u00e0 partir des r\u00e9seaux d\u2019alimentation jusqu\u2019aux diff\u00e9rents \u00e9l\u00e9ments de l\u2019installation, on a souvent recours \u00e0 des obturateurs qui, en cas de d\u00e9faillance d\u2019une vanne de r\u00e9gulation, limitent le flux massique pouvant \u00eatre aliment\u00e9 en fonction du flux massique \u00e9vacuable par le biais de la soupape de s\u00fbret\u00e9 qui y est install\u00e9e. Dans ce genre de situation, l\u2019obturateur devient un \u00e9l\u00e9ment relevant de la s\u00e9curit\u00e9\u00a0; il convient donc de le rep\u00e9rer comme tel et de l\u2019int\u00e9grer dans un cycle d\u2019essai.<\/p>\n<p>On installe fr\u00e9quemment des obturateurs dans des canalisations d\u2019alimentation de vapeur pour le chauffage des gaines de r\u00e9servoirs. En limitant le flux massique maximal de vapeur de chauffage dans la gaine, le but est de limiter \u00e9galement en cons\u00e9quence la puissance de chauffage maximale \u00e0 l\u2019int\u00e9rieur du r\u00e9servoir.<\/p>\n<p>Lorsqu\u2019il devient n\u00e9cessaire de limiter la puissance de chauffage de mani\u00e8re \u00e0 ce que la soupape de s\u00fbret\u00e9 situ\u00e9e \u00e0 l\u2019int\u00e9rieur du r\u00e9servoir soit suffisamment dimensionn\u00e9e pour r\u00e9pondre \u00e0 une \u00ab\u00a0augmentation de la pression de vapeurs de solvants\u00a0\u00bb, l\u2019obturateur doit alors \u00e9galement \u00eatre consid\u00e9r\u00e9 comme un composant relevant de la s\u00e9curit\u00e9.<\/p>\n<p>Dans le cas particulier deses milieux compressibles, la d\u00e9termination du flux massique transitant par un obturateur n\u2019est pas une chose facile \u00e0 r\u00e9aliser. Le flux massique circulant au niveau d\u2019un obturateur ne d\u00e9pend pas seulement des pressions et du diam\u00e8tre de l\u2019obturateur, mais il est \u00e9galement fonction de la forme dudit obturateur, du rapport de son diam\u00e8tre au diam\u00e8tre interne de la canalisation ainsi que de la g\u00e9om\u00e9trie de la canalisation. Pour la limitation du flux massique, il convient d\u2019utiliser de pr\u00e9f\u00e9rence des obturateurs \u00e0 bord vif, sachant qu\u2019en cas d\u2019\u00e9coulement critique, la formation d\u2019une prise de pression vena contracta est la plus \u00e9vidente et que le flux massique est nettement plus limit\u00e9, surtout \u00e0 la vitesse du son, que par une buse id\u00e9ale. Il ne s\u2019agit donc pas seulement de calculer un obturateur par la simple entremise de l\u2019\u00e9quation pour \u00e9coulement par jet de buse et coefficient d\u2019\u00e9coulement constant.<\/p>\n<p>L\u2019avantage des obturateurs par rapports aux tron\u00e7ons d\u2019\u00e9tranglement est principalement qu\u2019ils permettent apr\u00e8s coup une installation simple \u00e0 un prix avantageux, qu\u2019ils ont un faible encombrement et qu\u2019ils se laissent facilement et rapidement remplacer. Leur principal inconv\u00e9nient est que le diam\u00e8tre d\u2019un obturateur peut se modifier suite \u00e0 la corrosion ou l\u2019\u00e9rosion, et que contrairement \u00e0 un tron\u00e7on d\u2019\u00e9tranglement, un obturateur n\u2019est pas observable de l\u2019ext\u00e9rieur. Le flux traversant un tron\u00e7on d\u2019\u00e9tranglement est par ailleurs nettement plus silencieux que dans le cas d\u2019un obturateur.<\/p>\n<p>Il est souvent n\u00e9cessaire de d\u00e9terminer de mani\u00e8re interactive le diam\u00e8tre de l\u2019obturateur car en raison du process, avec une pression d\u2019alimentation plus faible, on a besoin d\u2019un flux massique sp\u00e9cifique en fonctionnement normal qui doit a minima s\u2019\u00e9couler au-del\u00e0 de l\u2019obturateur. Toutefois, avec une pression d\u2019alimentation plus \u00e9lev\u00e9e, le flux massique maximal ne doit pas \u00eatre sup\u00e9rieur \u00e0 celui qui est \u00e9vacuable par la soupape de s\u00fbret\u00e9.<\/p>\n<p>Avec notre logiciel de simulation d\u2018\u00e9coulement des fluides FLOMASTER\u00ae, nous d\u00e9terminons le diam\u00e8tre optimal des obturateurs pour vos process et nous documentons les r\u00e9sultats sous forme de tableaux r\u00e9capitulatifs. Nous pouvons extraire de notre tr\u00e8s importante base de donn\u00e9es toutes les donn\u00e9es caract\u00e9ristiques se rapportant aux gaz les plus courants, n\u00e9cessaires \u00e0 la r\u00e9alisation de ce calcul.<\/p>\n<p>[\/vc_column_text][vc_row_inner rt_row_style=\u00a0\u00bbglobal-style\u00a0\u00bb rt_bg_custom_alignment=\u00a0\u00bbtop\u00a0\u00bb][vc_column_inner width=\u00a0\u00bb1\/2&Prime; rt_column_shadow=\u00a0\u00bb\u00a0\u00bb rt_bg_image_repeat=\u00a0\u00bbrepeat\u00a0\u00bb rt_bg_size=\u00a0\u00bbauto auto\u00a0\u00bb rt_bg_attachment=\u00a0\u00bbscroll\u00a0\u00bb css=\u00a0\u00bb.vc_custom_1531836503299{margin-bottom: 2em !important;}\u00a0\u00bb rt_bg_color=\u00a0\u00bb\u00a0\u00bb rt_bg_overlay_color=\u00a0\u00bb\u00a0\u00bb][vc_btn title=\u00a0\u00bbCalculs relevant de la s\u00e9curit\u00e9\u00a0\u00bb style=\u00a0\u00bbclassic\u00a0\u00bb color=\u00a0\u00bbpurple\u00a0\u00bb i_icon_fontawesome=\u00a0\u00bbfas fa-angle-left\u00a0\u00bb add_icon=\u00a0\u00bbtrue\u00a0\u00bb link=\u00a0\u00bburl:%2Ffr%2Fprestations%2Fcalculs-relevant-de-la-securite%2F|title:Calculs%20relevant%20de%20la%20s%C3%A9curit%C3%A9&Prime; el_class=\u00a0\u00bbbtn&#8211;red\u00a0\u00bb][\/vc_column_inner][vc_column_inner width=\u00a0\u00bb1\/2&Prime; rt_column_shadow=\u00a0\u00bb\u00a0\u00bb rt_bg_image_repeat=\u00a0\u00bbrepeat\u00a0\u00bb rt_bg_size=\u00a0\u00bbauto auto\u00a0\u00bb rt_bg_attachment=\u00a0\u00bbscroll\u00a0\u00bb css=\u00a0\u00bb.vc_custom_1531836507450{margin-bottom: 2em !important;}\u00a0\u00bb rt_bg_color=\u00a0\u00bb\u00a0\u00bb rt_bg_overlay_color=\u00a0\u00bb\u00a0\u00bb][vc_btn title=\u00a0\u00bbPrestations\u00a0\u00bb style=\u00a0\u00bbclassic\u00a0\u00bb color=\u00a0\u00bbpurple\u00a0\u00bb i_icon_fontawesome=\u00a0\u00bbfas fa-angle-left\u00a0\u00bb add_icon=\u00a0\u00bbtrue\u00a0\u00bb link=\u00a0\u00bburl:%2Ffr%2Fprestations%2F|title:Prestations\u00a0\u00bb el_class=\u00a0\u00bbbtn&#8211;red\u00a0\u00bb][\/vc_column_inner][\/vc_row_inner][\/vc_column][\/vc_row]<\/p>\n","protected":false},"excerpt":{"rendered":"<p>[vc_row rt_row_background_width=\u00a0\u00bbfullwidth\u00a0\u00bb rt_row_content_width=\u00a0\u00bbdefault\u00a0\u00bb rt_row_style=\u00a0\u00bbdefault-style\u00a0\u00bb rt_row_borders=\u00a0\u00bb\u00a0\u00bb rt_row_shadows=\u00a0\u00bb\u00a0\u00bb rt_row_paddings=\u00a0\u00bbfalse\u00a0\u00bb rt_bg_effect=\u00a0\u00bbclassic\u00a0\u00bb rt_bg_image_repeat=\u00a0\u00bbrepeat\u00a0\u00bb rt_bg_size=\u00a0\u00bbcover\u00a0\u00bb rt_bg_position=\u00a0\u00bbright top\u00a0\u00bb rt_bg_attachment=\u00a0\u00bbscroll\u00a0\u00bb rt_bg_video_format=\u00a0\u00bbself-hosted\u00a0\u00bb][vc_column width=\u00a0\u00bb1\/3&Prime; rt_column_shadow=\u00a0\u00bb\u00a0\u00bb rt_bg_image_repeat=\u00a0\u00bbrepeat\u00a0\u00bb rt_bg_size=\u00a0\u00bbauto auto\u00a0\u00bb rt_bg_attachment=\u00a0\u00bbscroll\u00a0\u00bb class=\u00a0\u00bbdownload\u00a0\u00bb rt_bg_color=\u00a0\u00bb\u00a0\u00bb rt_bg_overlay_color=\u00a0\u00bb\u00a0\u00bb offset=\u00a0\u00bbvc_hidden-sm vc_hidden-xs\u00a0\u00bb css=\u00a0\u00bb.vc_custom_1532423003094{padding-bottom: 0px !important;}\u00a0\u00bb rt_padding_bottom=\u00a0\u00bb0&Prime;][vc_widget_sidebar sidebar_id=\u00a0\u00bbrt-theme-20-common-sidebar\u00a0\u00bb][\/vc_column][vc_column width=\u00a0\u00bb2\/3&Prime; rt_column_shadow=\u00a0\u00bb\u00a0\u00bb rt_bg_image_repeat=\u00a0\u00bbrepeat\u00a0\u00bb rt_bg_size=\u00a0\u00bbauto auto\u00a0\u00bb rt_bg_attachment=\u00a0\u00bbscroll\u00a0\u00bb class=\u00a0\u00bbmaincontent\u00a0\u00bb rt_bg_color=\u00a0\u00bb\u00a0\u00bb rt_bg_overlay_color=\u00a0\u00bb\u00a0\u00bb css=\u00a0\u00bb.vc_custom_1532422997055{margin-bottom: 1em !important;padding-bottom: 0px !important;}\u00a0\u00bb][vc_column_text el_class=\u00a0\u00bbredborderleft\u00a0\u00bb] Dimensionnement des obturateurs et des tron\u00e7ons d\u2018\u00e9tranglement Les obturateurs (\u00e9galement  &#8230;<br \/><a class=\"more-link\" href=\"https:\/\/consilab.de\/fr\/prestations\/calculs-relevant-de-la-securite\/dimensionnement-des-obturateurs-et-des-troncons-detranglement\/\">more | mehr<\/a><\/p>\n","protected":false},"author":1,"featured_media":0,"parent":9316,"menu_order":4,"comment_status":"closed","ping_status":"closed","template":"","meta":{"footnotes":""},"class_list":["post-9873","page","type-page","status-publish","hentry"],"_links":{"self":[{"href":"https:\/\/consilab.de\/fr\/wp-json\/wp\/v2\/pages\/9873","targetHints":{"allow":["GET"]}}],"collection":[{"href":"https:\/\/consilab.de\/fr\/wp-json\/wp\/v2\/pages"}],"about":[{"href":"https:\/\/consilab.de\/fr\/wp-json\/wp\/v2\/types\/page"}],"author":[{"embeddable":true,"href":"https:\/\/consilab.de\/fr\/wp-json\/wp\/v2\/users\/1"}],"replies":[{"embeddable":true,"href":"https:\/\/consilab.de\/fr\/wp-json\/wp\/v2\/comments?post=9873"}],"version-history":[{"count":1,"href":"https:\/\/consilab.de\/fr\/wp-json\/wp\/v2\/pages\/9873\/revisions"}],"predecessor-version":[{"id":12119,"href":"https:\/\/consilab.de\/fr\/wp-json\/wp\/v2\/pages\/9873\/revisions\/12119"}],"up":[{"embeddable":true,"href":"https:\/\/consilab.de\/fr\/wp-json\/wp\/v2\/pages\/9316"}],"wp:attachment":[{"href":"https:\/\/consilab.de\/fr\/wp-json\/wp\/v2\/media?parent=9873"}],"curies":[{"name":"wp","href":"https:\/\/api.w.org\/{rel}","templated":true}]}}